{"id":3126,"date":"2022-10-15T18:40:09","date_gmt":"2022-10-15T18:40:09","guid":{"rendered":"https:\/\/roadtoromania.com\/aeroport-de-cluj-napoca\/"},"modified":"2022-10-22T12:21:20","modified_gmt":"2022-10-22T12:21:20","slug":"aeroport-de-cluj-napoca","status":"publish","type":"page","link":"https:\/\/roadtoromania.com\/fr\/aeroport-de-cluj-napoca\/","title":{"rendered":"A\u00e9roport de Cluj Napoca"},"content":{"rendered":"<p><strong>L&#8217;a\u00e9roport de Cluj Napoca<\/strong> a connu une forte croissance du nombre de vols et de passagers gr\u00e2ce aux <strong>vols low cost<\/strong> en provenance de Roumanie et de nombreuses villes europ\u00e9ennes, dont plusieurs en Espagne, et il est le principal a\u00e9roport pour les vols vers la r\u00e9gion de Transylvanie.<\/p>\n<p><img decoding=\"async\" src=\"https:\/\/roadtoromania.com\/wp-content\/uploads\/2022\/10\/vuelos_aeropuerto_cluj_napo.jpg\" \/><\/p>\n<p>A\u00e9roport de Cluj Napoca Correspondances a\u00e9riennes<\/p>\n<p>Il est actuellement le quatri\u00e8me a\u00e9roport en termes de volume de passagers, derri\u00e8re les deux a\u00e9roports de Bucarest et de Timisoara. Inaugur\u00e9 en 1932, ce n&#8217;est qu&#8217;en 1970, apr\u00e8s la r\u00e9novation de l&#8217;a\u00e9rogare, qu&#8217;il a commenc\u00e9 \u00e0 g\u00e9rer un trafic a\u00e9rien plus important, mais son v\u00e9ritable d\u00e9collage a eu lieu en 1996 avec l&#8217;ouverture de liaisons internationales. En 2001, une extension a \u00e9t\u00e9 r\u00e9alis\u00e9e et en 2009, le nouveau terminal des arriv\u00e9es a \u00e9t\u00e9 achev\u00e9.<\/p>\n<p>L&#8217;a\u00e9roport assure des vols vers le reste de la Roumanie, Bucarest et Timisoara, ainsi que vers Vienne, Charleroi, Billund, B\u00e2le, G\u00eanes, Beauvais, Berlin Dormund, Munich, Dublin, Bergame, Bologne, Rome, Liverpudlian, Varsovie, et m\u00eame vers des destinations plus lointaines comme Duba\u00ef et Tel Aviv.<\/p>\n<p>Les options de vol vers Cluj depuis l&#8217;Espagne sont Barcelone, Alicante, Madrid, Valence, Saragosse (toutes avec Wizzair) et Palma de Majorque (vols charter) avec Air Europa.<\/p>\n<p>Barcelone &#8211; Cluj (Vueling)<\/p>\n<p>Barcelone &#8211; Cluj (Wizzair)<\/p>\n<p>Valence &#8211; Cluj (Wizzair)<\/p>\n<p>Saragosse &#8211; Cluj (Wizzair)<\/p>\n<p>Alicante &#8211; Cluj (Wizzair)<\/p>\n<p>Madrid &#8211; Cluj (Wizzair)<\/p>\n<p>Avec notre moteur de recherche, vous pouvez trouver les vols les moins chers pour l&#8217;a\u00e9roport de Cluj Napoca :<\/p>\n<h2>Comment se rendre \u00e0 l&#8217;a\u00e9roport de Cluj Napoca :<\/h2>\n<p>L&#8217;a\u00e9rogare se trouve \u00e0 seulement 8 km de la ville de Cluj, dans la zone connue sous le nom de Some\u015feni, et il existe des services de taxi, de location de voitures et de bus pour rejoindre le centre-ville.<\/p>\n<p>Des bus relient l&#8217;a\u00e9roport au centre de Cluj, Piata Mihai Viteazu (et vice versa), avec des horaires du lundi au vendredi entre 5h00 et 22h40, avec des d\u00e9parts toutes les 10 minutes, et le week-end et les jours f\u00e9ri\u00e9s toutes les 30 minutes de 5h30 \u00e0 22h35. La compagnie a\u00e9rienne Wizzair propose \u00e9galement des navettes comme alternative<\/p>\n<p>Carte de l&#8217;a\u00e9roport de Cluj Napoca<\/p>\n","protected":false},"excerpt":{"rendered":"<p>L&#8217;a\u00e9roport de Cluj Napoca a connu une forte croissance du nombre de vols et de passagers gr\u00e2ce aux vols low cost en provenance de Roumanie et de nombreuses villes europ\u00e9ennes, dont plusieurs en Espagne, et il est le principal a\u00e9roport pour les vols vers la r\u00e9gion de Transylvanie. A\u00e9roport de Cluj Napoca Correspondances a\u00e9riennes Il &hellip;<\/p>\n<p class=\"read-more\"> <a class=\"\" href=\"https:\/\/roadtoromania.com\/fr\/aeroport-de-cluj-napoca\/\"> <span class=\"screen-reader-text\">A\u00e9roport de Cluj Napoca<\/span> Lire la suite \u00bb<\/a><\/p>\n","protected":false},"author":1,"featured_media":957,"parent":0,"menu_order":0,"comment_status":"open","ping_status":"open","template":"","meta":{"site-sidebar-layout":"default","site-content-layout":"default","ast-global-header-display":"","ast-main-header-display":"","ast-hfb-above-header-display":"","ast-hfb-below-header-display":"","ast-hfb-mobile-header-display":"","site-post-title":"","ast-breadcrumbs-content":"","ast-featured-img":"","footer-sml-layout":"","theme-transparent-header-meta":"default","adv-header-id-meta":"","stick-header-meta":"default","header-above-stick-meta":"","header-main-stick-meta":"","header-below-stick-meta":"","footnotes":""},"class_list":["post-3126","page","type-page","status-publish","has-post-thumbnail","hentry"],"yoast_head":"<!-- This site is optimized with the Yoast SEO plugin v19.10 - https:\/\/yoast.com\/wordpress\/plugins\/seo\/ -->\n<title>A\u00e9roport de Cluj Napoca - Road to Romania<\/title>\n<meta name=\"robots\" content=\"index, follow, max-snippet:-1, max-image-preview:large, max-video-preview:-1\" \/>\n<link rel=\"canonical\" href=\"https:\/\/roadtoromania.com\/fr\/aeroport-de-cluj-napoca\/\" \/>\n<meta property=\"og:locale\" content=\"fr_FR\" \/>\n<meta property=\"og:type\" content=\"article\" \/>\n<meta property=\"og:title\" content=\"A\u00e9roport de Cluj Napoca - Road to Romania\" \/>\n<meta property=\"og:description\" content=\"L&#8217;a\u00e9roport de Cluj Napoca a connu une forte croissance du nombre de vols et de passagers gr\u00e2ce aux vols low cost en provenance de Roumanie et de nombreuses villes europ\u00e9ennes, dont plusieurs en Espagne, et il est le principal a\u00e9roport pour les vols vers la r\u00e9gion de Transylvanie. A\u00e9roport de Cluj Napoca Correspondances a\u00e9riennes Il &hellip; A\u00e9roport de Cluj Napoca Lire la suite \u00bb\" \/>\n<meta property=\"og:url\" content=\"https:\/\/roadtoromania.com\/fr\/aeroport-de-cluj-napoca\/\" \/>\n<meta property=\"og:site_name\" content=\"Road to Romania\" \/>\n<meta property=\"article:modified_time\" content=\"2022-10-22T12:21:20+00:00\" \/>\n<meta property=\"og:image\" content=\"https:\/\/roadtoromania.com\/wp-content\/uploads\/2022\/10\/vuelos_aeropuerto_cluj_napo-1.jpg\" \/>\n\t<meta property=\"og:image:width\" content=\"768\" \/>\n\t<meta property=\"og:image:height\" content=\"379\" \/>\n\t<meta property=\"og:image:type\" content=\"image\/jpeg\" \/>\n<meta name=\"twitter:card\" content=\"summary_large_image\" \/>\n<meta name=\"twitter:label1\" content=\"Dur\u00e9e de lecture estim\u00e9e\" \/>\n\t<meta name=\"twitter:data1\" content=\"3 minutes\" \/>\n<script type=\"application\/ld+json\" class=\"yoast-schema-graph\">{\"@context\":\"https:\/\/schema.org\",\"@graph\":[{\"@type\":\"WebPage\",\"@id\":\"https:\/\/roadtoromania.com\/fr\/aeroport-de-cluj-napoca\/\",\"url\":\"https:\/\/roadtoromania.com\/fr\/aeroport-de-cluj-napoca\/\",\"name\":\"A\u00e9roport de Cluj Napoca - Road to Romania\",\"isPartOf\":{\"@id\":\"https:\/\/roadtoromania.com\/fr\/#website\"},\"datePublished\":\"2022-10-15T18:40:09+00:00\",\"dateModified\":\"2022-10-22T12:21:20+00:00\",\"breadcrumb\":{\"@id\":\"https:\/\/roadtoromania.com\/fr\/aeroport-de-cluj-napoca\/#breadcrumb\"},\"inLanguage\":\"fr-FR\",\"potentialAction\":[{\"@type\":\"ReadAction\",\"target\":[\"https:\/\/roadtoromania.com\/fr\/aeroport-de-cluj-napoca\/\"]}]},{\"@type\":\"BreadcrumbList\",\"@id\":\"https:\/\/roadtoromania.com\/fr\/aeroport-de-cluj-napoca\/#breadcrumb\",\"itemListElement\":[{\"@type\":\"ListItem\",\"position\":1,\"name\":\"Home\",\"item\":\"https:\/\/roadtoromania.com\/fr\/\"},{\"@type\":\"ListItem\",\"position\":2,\"name\":\"A\u00e9roport de Cluj Napoca\"}]},{\"@type\":\"WebSite\",\"@id\":\"https:\/\/roadtoromania.com\/fr\/#website\",\"url\":\"https:\/\/roadtoromania.com\/fr\/\",\"name\":\"Road to Romania\",\"description\":\"Le blog o\u00f9 vous trouverez toutes les informations dont vous avez besoin pour profiter de la Roumanie.\",\"potentialAction\":[{\"@type\":\"SearchAction\",\"target\":{\"@type\":\"EntryPoint\",\"urlTemplate\":\"https:\/\/roadtoromania.com\/fr\/?s={search_term_string}\"},\"query-input\":\"required name=search_term_string\"}],\"inLanguage\":\"fr-FR\"}]}<\/script>\n<!-- \/ Yoast SEO plugin. -->","yoast_head_json":{"title":"A\u00e9roport de Cluj Napoca - Road to Romania","robots":{"index":"index","follow":"follow","max-snippet":"max-snippet:-1","max-image-preview":"max-image-preview:large","max-video-preview":"max-video-preview:-1"},"canonical":"https:\/\/roadtoromania.com\/fr\/aeroport-de-cluj-napoca\/","og_locale":"fr_FR","og_type":"article","og_title":"A\u00e9roport de Cluj Napoca - Road to Romania","og_description":"L&#8217;a\u00e9roport de Cluj Napoca a connu une forte croissance du nombre de vols et de passagers gr\u00e2ce aux vols low cost en provenance de Roumanie et de nombreuses villes europ\u00e9ennes, dont plusieurs en Espagne, et il est le principal a\u00e9roport pour les vols vers la r\u00e9gion de Transylvanie. A\u00e9roport de Cluj Napoca Correspondances a\u00e9riennes Il &hellip; A\u00e9roport de Cluj Napoca Lire la suite \u00bb","og_url":"https:\/\/roadtoromania.com\/fr\/aeroport-de-cluj-napoca\/","og_site_name":"Road to Romania","article_modified_time":"2022-10-22T12:21:20+00:00","og_image":[{"width":768,"height":379,"url":"https:\/\/roadtoromania.com\/wp-content\/uploads\/2022\/10\/vuelos_aeropuerto_cluj_napo-1.jpg","type":"image\/jpeg"}],"twitter_card":"summary_large_image","twitter_misc":{"Dur\u00e9e de lecture estim\u00e9e":"3 minutes"},"schema":{"@context":"https:\/\/schema.org","@graph":[{"@type":"WebPage","@id":"https:\/\/roadtoromania.com\/fr\/aeroport-de-cluj-napoca\/","url":"https:\/\/roadtoromania.com\/fr\/aeroport-de-cluj-napoca\/","name":"A\u00e9roport de Cluj Napoca - Road to Romania","isPartOf":{"@id":"https:\/\/roadtoromania.com\/fr\/#website"},"datePublished":"2022-10-15T18:40:09+00:00","dateModified":"2022-10-22T12:21:20+00:00","breadcrumb":{"@id":"https:\/\/roadtoromania.com\/fr\/aeroport-de-cluj-napoca\/#breadcrumb"},"inLanguage":"fr-FR","potentialAction":[{"@type":"ReadAction","target":["https:\/\/roadtoromania.com\/fr\/aeroport-de-cluj-napoca\/"]}]},{"@type":"BreadcrumbList","@id":"https:\/\/roadtoromania.com\/fr\/aeroport-de-cluj-napoca\/#breadcrumb","itemListElement":[{"@type":"ListItem","position":1,"name":"Home","item":"https:\/\/roadtoromania.com\/fr\/"},{"@type":"ListItem","position":2,"name":"A\u00e9roport de Cluj Napoca"}]},{"@type":"WebSite","@id":"https:\/\/roadtoromania.com\/fr\/#website","url":"https:\/\/roadtoromania.com\/fr\/","name":"Road to Romania","description":"Le blog o\u00f9 vous trouverez toutes les informations dont vous avez besoin pour profiter de la Roumanie.","potentialAction":[{"@type":"SearchAction","target":{"@type":"EntryPoint","urlTemplate":"https:\/\/roadtoromania.com\/fr\/?s={search_term_string}"},"query-input":"required name=search_term_string"}],"inLanguage":"fr-FR"}]}},"_links":{"self":[{"href":"https:\/\/roadtoromania.com\/fr\/wp-json\/wp\/v2\/pages\/3126","targetHints":{"allow":["GET"]}}],"collection":[{"href":"https:\/\/roadtoromania.com\/fr\/wp-json\/wp\/v2\/pages"}],"about":[{"href":"https:\/\/roadtoromania.com\/fr\/wp-json\/wp\/v2\/types\/page"}],"author":[{"embeddable":true,"href":"https:\/\/roadtoromania.com\/fr\/wp-json\/wp\/v2\/users\/1"}],"replies":[{"embeddable":true,"href":"https:\/\/roadtoromania.com\/fr\/wp-json\/wp\/v2\/comments?post=3126"}],"version-history":[{"count":1,"href":"https:\/\/roadtoromania.com\/fr\/wp-json\/wp\/v2\/pages\/3126\/revisions"}],"predecessor-version":[{"id":4258,"href":"https:\/\/roadtoromania.com\/fr\/wp-json\/wp\/v2\/pages\/3126\/revisions\/4258"}],"wp:featuredmedia":[{"embeddable":true,"href":"https:\/\/roadtoromania.com\/fr\/wp-json\/wp\/v2\/media\/957"}],"wp:attachment":[{"href":"https:\/\/roadtoromania.com\/fr\/wp-json\/wp\/v2\/media?parent=3126"}],"curies":[{"name":"wp","href":"https:\/\/api.w.org\/{rel}","templated":true}]}}