{"id":3127,"date":"2022-10-15T18:40:09","date_gmt":"2022-10-15T18:40:09","guid":{"rendered":"https:\/\/roadtoromania.com\/aeroports-de-roumanie\/"},"modified":"2022-10-22T12:18:50","modified_gmt":"2022-10-22T12:18:50","slug":"aeroports-de-roumanie","status":"publish","type":"page","link":"https:\/\/roadtoromania.com\/fr\/aeroports-de-roumanie\/","title":{"rendered":"A\u00e9roports de Roumanie"},"content":{"rendered":"<p>Ces derni\u00e8res ann\u00e9es, la Roumanie <strong>a b\u00e9n\u00e9fici\u00e9 de l&#8217;\u00e9mergence de compagnies a\u00e9riennes \u00e0 bas prix proposant des vols bon march\u00e9 <strong>vers les principales villes roumaines. Alors qu&#8217;auparavant il n&#8217;\u00e9tait possible que de prendre un vol direct pour Bucarest, aujourd&#8217;hui Vueling, Ryanair, Wizzar, BlueAir ont des vols hebdomadaires pour la Roumanie.<\/strong><\/strong><\/p>\n<p><strong>Otopeni<\/strong> et <strong>B\u0103neasa<\/strong> sont les deux a\u00e9roports de Bucarest. <strong>Otopeni<\/strong> est l&#8217;a\u00e9roport principal, avec des connexions internationales vers toute l&#8217;Europe, \u00e9tant l&#8217;un des principaux a\u00e9roports d&#8217;Europe de l&#8217;Est. Elle relie \u00e9galement la capitale \u00e0 d&#8217;autres villes comme Cluj au nord, Timisoara ou Arad \u00e0 l&#8217;ouest, ou Constanta \u00e0 l&#8217;est.<img decoding=\"async\" src=\"https:\/\/roadtoromania.com\/wp-content\/uploads\/2022\/10\/aeropuertos_rumania.gif\" \/><\/p>\n<p>Carte des a\u00e9roports en Roumanie<\/p>\n<h2>liste de tous les a\u00e9roports de Roumanie<\/h2>\n<p><strong>Arad<\/strong> &#8211; A\u00e9roport international d&#8217;Arad<br \/>\n<strong>Bac\u0103u<\/strong> &#8211; A\u00e9roport international de Bac\u0103u<br \/>\n<strong>Baia Mare<\/strong> &#8211; A\u00e9roport de Baia Mare (T\u0103u\u0163ii-M\u0103gher\u0103u\u015f Airport)<br \/>\n<strong>Bucarest<\/strong> \/ B\u0103neasa A\u00e9roport international &#8220;Aurel Vlaicu&#8221; de Bucarest<br \/>\n<a href=\"https:\/\/roadtoromania.com\/fr\/vols-a-destination-de-bucarest-aeroport-dotopeni\/\"> <strong>Bucarest<\/strong> \/ Otopeni Bucarest<\/a> t A\u00e9roport international &#8220;Henri Coand\u01ce&#8221;<br \/>\n<strong>Caransebe\u015f \/ Re\u015fi\u0163a<\/strong> -Caransebe\u0219 Airport<br \/>\n<a href=\"https:\/\/roadtoromania.com\/fr\/aeroport-de-cluj-napoca\/\"> <strong>Cluj-Napoca<\/strong><\/a> &#8211; A\u00e9roport international de Cluj-Napoca<br \/>\n<strong>Constanta<\/strong> &#8211; A\u00e9roport international &#8220;Mihail Kog\u0103lniceanu&#8221; de Constanta\u0163a<br \/>\n<strong>Craiova<\/strong> &#8211; A\u00e9roport de Craiova<br \/>\n<strong>Ia\u0219i<\/strong> &#8211; A\u00e9roport international de Ia\u0219i<br \/>\n<strong>Oradea<\/strong> &#8211; A\u00e9roport international d&#8217;Oradea<br \/>\n<a href=\"https:\/\/roadtoromania.com\/fr\/villes-et-regions-de-roumanie\/satu-mare\/\"> <strong>Satu Mare<\/strong><\/a> &#8211; A\u00e9roport international de Satu Mare<br \/>\n<strong>Sibiu<\/strong> &#8211; A\u00e9roport international de Sibiu<br \/>\n<strong>Suceava<\/strong> &#8211; A\u00e9roport de Suceava<br \/>\n<strong>T\u00e2rgu Mure\u015f<\/strong> &#8211; A\u00e9roport international de T\u00e2rgu Mure\u015f<br \/>\n<strong>Timi\u015foara<\/strong> &#8211; A\u00e9roport international &#8220;Traian Vuia&#8221; de Timi\u015foara<br \/>\n<strong>Tulcea<\/strong> &#8211; A\u00e9roport &#8220;Delta Dunarii&#8221; de Tulcea (A\u00e9roport Cataloi)<\/p>\n","protected":false},"excerpt":{"rendered":"<p>Ces derni\u00e8res ann\u00e9es, la Roumanie a b\u00e9n\u00e9fici\u00e9 de l&#8217;\u00e9mergence de compagnies a\u00e9riennes \u00e0 bas prix proposant des vols bon march\u00e9 vers les principales villes roumaines. Alors qu&#8217;auparavant il n&#8217;\u00e9tait possible que de prendre un vol direct pour Bucarest, aujourd&#8217;hui Vueling, Ryanair, Wizzar, BlueAir ont des vols hebdomadaires pour la Roumanie. Otopeni et B\u0103neasa sont les &hellip;<\/p>\n<p class=\"read-more\"> <a class=\"\" href=\"https:\/\/roadtoromania.com\/fr\/aeroports-de-roumanie\/\"> <span class=\"screen-reader-text\">A\u00e9roports de Roumanie<\/span> Lire la suite \u00bb<\/a><\/p>\n","protected":false},"author":1,"featured_media":965,"parent":0,"menu_order":0,"comment_status":"open","ping_status":"open","template":"","meta":{"site-sidebar-layout":"default","site-content-layout":"default","ast-global-header-display":"","ast-main-header-display":"","ast-hfb-above-header-display":"","ast-hfb-below-header-display":"","ast-hfb-mobile-header-display":"","site-post-title":"","ast-breadcrumbs-content":"","ast-featured-img":"","footer-sml-layout":"","theme-transparent-header-meta":"default","adv-header-id-meta":"","stick-header-meta":"default","header-above-stick-meta":"","header-main-stick-meta":"","header-below-stick-meta":"","footnotes":""},"class_list":["post-3127","page","type-page","status-publish","has-post-thumbnail","hentry"],"yoast_head":"<!-- This site is optimized with the Yoast SEO plugin v19.10 - https:\/\/yoast.com\/wordpress\/plugins\/seo\/ -->\n<title>A\u00e9roports de Roumanie - Road to Romania<\/title>\n<meta name=\"robots\" content=\"index, follow, max-snippet:-1, max-image-preview:large, max-video-preview:-1\" \/>\n<link rel=\"canonical\" href=\"https:\/\/roadtoromania.com\/fr\/aeroports-de-roumanie\/\" \/>\n<meta property=\"og:locale\" content=\"fr_FR\" \/>\n<meta property=\"og:type\" content=\"article\" \/>\n<meta property=\"og:title\" content=\"A\u00e9roports de Roumanie - Road to Romania\" \/>\n<meta property=\"og:description\" content=\"Ces derni\u00e8res ann\u00e9es, la Roumanie a b\u00e9n\u00e9fici\u00e9 de l&#8217;\u00e9mergence de compagnies a\u00e9riennes \u00e0 bas prix proposant des vols bon march\u00e9 vers les principales villes roumaines. Alors qu&#8217;auparavant il n&#8217;\u00e9tait possible que de prendre un vol direct pour Bucarest, aujourd&#8217;hui Vueling, Ryanair, Wizzar, BlueAir ont des vols hebdomadaires pour la Roumanie. Otopeni et B\u0103neasa sont les &hellip; A\u00e9roports de Roumanie Lire la suite \u00bb\" \/>\n<meta property=\"og:url\" content=\"https:\/\/roadtoromania.com\/fr\/aeroports-de-roumanie\/\" \/>\n<meta property=\"og:site_name\" content=\"Road to Romania\" \/>\n<meta property=\"article:modified_time\" content=\"2022-10-22T12:18:50+00:00\" \/>\n<meta property=\"og:image\" content=\"https:\/\/roadtoromania.com\/wp-content\/uploads\/2022\/10\/aeropuertos_rumania-1.gif\" \/>\n\t<meta property=\"og:image:width\" content=\"667\" \/>\n\t<meta property=\"og:image:height\" content=\"490\" \/>\n\t<meta property=\"og:image:type\" content=\"image\/gif\" \/>\n<meta name=\"twitter:card\" content=\"summary_large_image\" \/>\n<meta name=\"twitter:label1\" content=\"Dur\u00e9e de lecture estim\u00e9e\" \/>\n\t<meta name=\"twitter:data1\" content=\"2 minutes\" \/>\n<script type=\"application\/ld+json\" class=\"yoast-schema-graph\">{\"@context\":\"https:\/\/schema.org\",\"@graph\":[{\"@type\":\"WebPage\",\"@id\":\"https:\/\/roadtoromania.com\/fr\/aeroports-de-roumanie\/\",\"url\":\"https:\/\/roadtoromania.com\/fr\/aeroports-de-roumanie\/\",\"name\":\"A\u00e9roports de Roumanie - Road to Romania\",\"isPartOf\":{\"@id\":\"https:\/\/roadtoromania.com\/fr\/#website\"},\"datePublished\":\"2022-10-15T18:40:09+00:00\",\"dateModified\":\"2022-10-22T12:18:50+00:00\",\"breadcrumb\":{\"@id\":\"https:\/\/roadtoromania.com\/fr\/aeroports-de-roumanie\/#breadcrumb\"},\"inLanguage\":\"fr-FR\",\"potentialAction\":[{\"@type\":\"ReadAction\",\"target\":[\"https:\/\/roadtoromania.com\/fr\/aeroports-de-roumanie\/\"]}]},{\"@type\":\"BreadcrumbList\",\"@id\":\"https:\/\/roadtoromania.com\/fr\/aeroports-de-roumanie\/#breadcrumb\",\"itemListElement\":[{\"@type\":\"ListItem\",\"position\":1,\"name\":\"Home\",\"item\":\"https:\/\/roadtoromania.com\/fr\/\"},{\"@type\":\"ListItem\",\"position\":2,\"name\":\"A\u00e9roports de Roumanie\"}]},{\"@type\":\"WebSite\",\"@id\":\"https:\/\/roadtoromania.com\/fr\/#website\",\"url\":\"https:\/\/roadtoromania.com\/fr\/\",\"name\":\"Road to Romania\",\"description\":\"Le blog o\u00f9 vous trouverez toutes les informations dont vous avez besoin pour profiter de la Roumanie.\",\"potentialAction\":[{\"@type\":\"SearchAction\",\"target\":{\"@type\":\"EntryPoint\",\"urlTemplate\":\"https:\/\/roadtoromania.com\/fr\/?s={search_term_string}\"},\"query-input\":\"required name=search_term_string\"}],\"inLanguage\":\"fr-FR\"}]}<\/script>\n<!-- \/ Yoast SEO plugin. -->","yoast_head_json":{"title":"A\u00e9roports de Roumanie - Road to Romania","robots":{"index":"index","follow":"follow","max-snippet":"max-snippet:-1","max-image-preview":"max-image-preview:large","max-video-preview":"max-video-preview:-1"},"canonical":"https:\/\/roadtoromania.com\/fr\/aeroports-de-roumanie\/","og_locale":"fr_FR","og_type":"article","og_title":"A\u00e9roports de Roumanie - Road to Romania","og_description":"Ces derni\u00e8res ann\u00e9es, la Roumanie a b\u00e9n\u00e9fici\u00e9 de l&#8217;\u00e9mergence de compagnies a\u00e9riennes \u00e0 bas prix proposant des vols bon march\u00e9 vers les principales villes roumaines. Alors qu&#8217;auparavant il n&#8217;\u00e9tait possible que de prendre un vol direct pour Bucarest, aujourd&#8217;hui Vueling, Ryanair, Wizzar, BlueAir ont des vols hebdomadaires pour la Roumanie. Otopeni et B\u0103neasa sont les &hellip; A\u00e9roports de Roumanie Lire la suite \u00bb","og_url":"https:\/\/roadtoromania.com\/fr\/aeroports-de-roumanie\/","og_site_name":"Road to Romania","article_modified_time":"2022-10-22T12:18:50+00:00","og_image":[{"width":667,"height":490,"url":"https:\/\/roadtoromania.com\/wp-content\/uploads\/2022\/10\/aeropuertos_rumania-1.gif","type":"image\/gif"}],"twitter_card":"summary_large_image","twitter_misc":{"Dur\u00e9e de lecture estim\u00e9e":"2 minutes"},"schema":{"@context":"https:\/\/schema.org","@graph":[{"@type":"WebPage","@id":"https:\/\/roadtoromania.com\/fr\/aeroports-de-roumanie\/","url":"https:\/\/roadtoromania.com\/fr\/aeroports-de-roumanie\/","name":"A\u00e9roports de Roumanie - Road to Romania","isPartOf":{"@id":"https:\/\/roadtoromania.com\/fr\/#website"},"datePublished":"2022-10-15T18:40:09+00:00","dateModified":"2022-10-22T12:18:50+00:00","breadcrumb":{"@id":"https:\/\/roadtoromania.com\/fr\/aeroports-de-roumanie\/#breadcrumb"},"inLanguage":"fr-FR","potentialAction":[{"@type":"ReadAction","target":["https:\/\/roadtoromania.com\/fr\/aeroports-de-roumanie\/"]}]},{"@type":"BreadcrumbList","@id":"https:\/\/roadtoromania.com\/fr\/aeroports-de-roumanie\/#breadcrumb","itemListElement":[{"@type":"ListItem","position":1,"name":"Home","item":"https:\/\/roadtoromania.com\/fr\/"},{"@type":"ListItem","position":2,"name":"A\u00e9roports de Roumanie"}]},{"@type":"WebSite","@id":"https:\/\/roadtoromania.com\/fr\/#website","url":"https:\/\/roadtoromania.com\/fr\/","name":"Road to Romania","description":"Le blog o\u00f9 vous trouverez toutes les informations dont vous avez besoin pour profiter de la Roumanie.","potentialAction":[{"@type":"SearchAction","target":{"@type":"EntryPoint","urlTemplate":"https:\/\/roadtoromania.com\/fr\/?s={search_term_string}"},"query-input":"required name=search_term_string"}],"inLanguage":"fr-FR"}]}},"_links":{"self":[{"href":"https:\/\/roadtoromania.com\/fr\/wp-json\/wp\/v2\/pages\/3127","targetHints":{"allow":["GET"]}}],"collection":[{"href":"https:\/\/roadtoromania.com\/fr\/wp-json\/wp\/v2\/pages"}],"about":[{"href":"https:\/\/roadtoromania.com\/fr\/wp-json\/wp\/v2\/types\/page"}],"author":[{"embeddable":true,"href":"https:\/\/roadtoromania.com\/fr\/wp-json\/wp\/v2\/users\/1"}],"replies":[{"embeddable":true,"href":"https:\/\/roadtoromania.com\/fr\/wp-json\/wp\/v2\/comments?post=3127"}],"version-history":[{"count":2,"href":"https:\/\/roadtoromania.com\/fr\/wp-json\/wp\/v2\/pages\/3127\/revisions"}],"predecessor-version":[{"id":4252,"href":"https:\/\/roadtoromania.com\/fr\/wp-json\/wp\/v2\/pages\/3127\/revisions\/4252"}],"wp:featuredmedia":[{"embeddable":true,"href":"https:\/\/roadtoromania.com\/fr\/wp-json\/wp\/v2\/media\/965"}],"wp:attachment":[{"href":"https:\/\/roadtoromania.com\/fr\/wp-json\/wp\/v2\/media?parent=3127"}],"curies":[{"name":"wp","href":"https:\/\/api.w.org\/{rel}","templated":true}]}}