{"id":3128,"date":"2022-10-15T18:40:09","date_gmt":"2022-10-15T18:40:09","guid":{"rendered":"https:\/\/roadtoromania.com\/hebergement-en-roumanie\/"},"modified":"2022-10-21T16:50:40","modified_gmt":"2022-10-21T16:50:40","slug":"hebergement-en-roumanie","status":"publish","type":"page","link":"https:\/\/roadtoromania.com\/fr\/hebergement-en-roumanie\/","title":{"rendered":"H\u00e9bergement en Roumanie"},"content":{"rendered":"<p>La situation concernant l&#8217;infrastructure h\u00f4teli\u00e8re en Roumanie a consid\u00e9rablement chang\u00e9 au cours des derni\u00e8res ann\u00e9es. Apr\u00e8s la fin du temps des h\u00f4tels d&#8217;\u00c9tat, spartiates sinon d\u00e9labr\u00e9s aux yeux des touristes europ\u00e9ens ou nord-am\u00e9ricains, en 1989, la privatisation des entreprises h\u00f4teli\u00e8res a commenc\u00e9 en 1990, entra\u00eenant la cr\u00e9ation de nouveaux complexes modernes et la r\u00e9novation de ceux datant de l&#8217;\u00e8re socialiste. Dans certains cas, les travaux d&#8217;am\u00e9lioration n&#8217;ont \u00e9t\u00e9 effectu\u00e9s que sur certains \u00e9tages, de sorte qu&#8217;un m\u00eame h\u00f4tel peut avoir deux cat\u00e9gories diff\u00e9rentes, avec la diff\u00e9rence de prix qui en d\u00e9coule (dans ce cas, il est conseill\u00e9 de se renseigner sur la cat\u00e9gorie \u00e0 laquelle appartient la chambre que vous occupez). Dans tous les cas, il faut garder \u00e0 l&#8217;esprit que, quelle que soit la cat\u00e9gorie, les h\u00f4tels roumains sont tr\u00e8s chers par rapport au niveau de vie g\u00e9n\u00e9ral et que, m\u00eame si vous choisissez des h\u00f4tels sans grand luxe, c&#8217;est le co\u00fbt de l&#8217;h\u00e9bergement qui d\u00e9s\u00e9quilibrera votre budget lors d&#8217;un voyage en Roumanie, puisque, pour le reste, le pays est tr\u00e8s comp\u00e9titif en termes de prix.<\/p>\n<p>En <strong>Roumanie<\/strong> , comme dans le reste de l&#8217;Europe, les <strong><a href=\"https:\/\/roadtoromania.com\/fr\/hebergement-en-roumanie\/hotels-en-roumanie\/\">h\u00f4tels<\/a> <\/strong> sont class\u00e9s selon cinq cat\u00e9gories correspondant au nombre d&#8217;\u00e9toiles par ordre d\u00e9croissant (5 est la cat\u00e9gorie luxe). Il est rare que la classification officielle ne corresponde pas \u00e0 la qualit\u00e9 r\u00e9elle du service, mais il est de bon ton de jeter un coup d&#8217;\u0153il \u00e0 la chambre avant d&#8217;y s\u00e9journer. Le prix de la chambre comprend g\u00e9n\u00e9ralement (mais pas toujours) l&#8217;h\u00e9bergement et le petit-d\u00e9jeuner. Une chambre simple co\u00fbte environ un tiers de moins qu&#8217;une chambre double. Dans les cat\u00e9gories inf\u00e9rieures se trouvent les motels, situ\u00e9s sur les autoroutes, les routes touristiques et \u00e0 c\u00f4t\u00e9 des petites et grandes villes.<\/p>\n<p><a href=\"https:\/\/roadtoromania.com\/wp-content\/uploads\/2022\/10\/rumania-hoteles-lujo.jpg\"><img decoding=\"async\" src=\"https:\/\/roadtoromania.com\/wp-content\/uploads\/2022\/10\/rumania-hoteles-lujo.jpg\" \/><\/a> La Roumanie offre un large \u00e9ventail d&#8217;h\u00f4tels pour tous les go\u00fbts.<\/p>\n<h4>Recherche d&#8217;h\u00f4tels et de logements en Roumanie<\/h4>\n<p>Pour ceux qui, au lieu d&#8217;un h\u00f4tel, pr\u00e9f\u00e8rent d&#8217;autres types de propositions qui varient en fonction de la r\u00e9gion visit\u00e9e et de l&#8217;int\u00e9r\u00eat du voyageur. Une exp\u00e9rience int\u00e9ressante peut \u00eatre de passer une nuit dans une pension de famille d&#8217;un monast\u00e8re , alors que dans les principales villes le long de la c\u00f4te de la mer Noire (Mamaia, Eforie, Venus) , <strong>Vall\u00e9e de Prahova (Sinaia, Predeal,<\/strong> <a href=\"https:\/\/roadtoromania.com\/fr\/nature-de-la-roumanie\/station-de-ski-de-poiana-brasov\/\">Poiana Brasov<\/a> <strong>)<\/strong> et dans les villes c\u00f4ti\u00e8res, des appartements ou des villas priv\u00e9s sont lou\u00e9s, garantissant au voyageur une plus grande ind\u00e9pendance.<\/p>\n<p>En <strong>Roumanie<\/strong> , il existe une centaine de <strong>campings<\/strong> , r\u00e9partis dans tout le pays et situ\u00e9s dans des zones pr\u00e9sentant un int\u00e9r\u00eat sc\u00e9nique particulier et le long des routes touristiques. Ils disposent g\u00e9n\u00e9ralement d&#8217;un certain nombre de bungalows (c\u00e2sute) en bois ou en briques, de douches chaudes, d&#8217;une cuisine et d&#8217;un restaurant. Des \u00e9quipements sportifs peuvent \u00eatre lou\u00e9s dans les villages c\u00f4tiers, le long des lacs et dans le delta du Danube. En ce qui concerne le tourisme des jeunes, des auberges de jeunesse ont \u00e9t\u00e9 cr\u00e9\u00e9es ces derni\u00e8res ann\u00e9es, et pas seulement pour les jeunes. En r\u00e9alit\u00e9, il s&#8217;agit surtout d&#8217;h\u00f4tels, parfois de bon standing, qui mettent \u00e0 la disposition des jeunes des chambres bon march\u00e9.<\/p>\n<p>Pour les amoureux de la montagne, il existe un type d&#8217;h\u00e9bergement caract\u00e9ristique de la Roumanie, appel\u00e9 <strong>cabane<\/strong> . Ces cabanes sont des abris qui m\u00e8nent \u00e0 un r\u00e9seau de sentiers num\u00e9rot\u00e9s et bien balis\u00e9s. Leur niveau varie : certains ressemblent \u00e0 d&#8217;\u00e9l\u00e9gantes maisons de campagne, confortables et accueillantes, avec de nombreuses chambres et un service de restauration ; d&#8217;autres ressemblent \u00e0 des cabanes de haute montagne, avec des lits superpos\u00e9s et de l&#8217;eau froide. En g\u00e9n\u00e9ral, il s&#8217;agit de chalets confortables et pratiques o\u00f9 vous pouvez passer la nuit et o\u00f9 vous pouvez obtenir des informations sur la m\u00e9t\u00e9o et les pistes. Beaucoup sont situ\u00e9s dans des endroits isol\u00e9s et ne sont ouverts que pendant l&#8217;\u00e9t\u00e9. Ils louent parfois des lits et parfois des chambres priv\u00e9es, les prix varient donc naturellement en cons\u00e9quence. Les voyageurs qui pr\u00e9f\u00e8rent avoir plus de contacts avec la population locale peuvent d\u00e9cider de louer une chambre chez l&#8217;un des agriculteurs locaux. Les maisons sont g\u00e9n\u00e9ralement assez confortables, les gens sont tr\u00e8s accueillants et vous pouvez s\u00e9journer en pension compl\u00e8te. Les zones o\u00f9 l&#8217;agritourisme est le plus r\u00e9pandu sont : autour du ch\u00e2teau de Barn, dans les montagnes et le long de la c\u00f4te de la mer Noire.<\/p>\n","protected":false},"excerpt":{"rendered":"<p>La situation concernant l&#8217;infrastructure h\u00f4teli\u00e8re en Roumanie a consid\u00e9rablement chang\u00e9 au cours des derni\u00e8res ann\u00e9es. Apr\u00e8s la fin du temps des h\u00f4tels d&#8217;\u00c9tat, spartiates sinon d\u00e9labr\u00e9s aux yeux des touristes europ\u00e9ens ou nord-am\u00e9ricains, en 1989, la privatisation des entreprises h\u00f4teli\u00e8res a commenc\u00e9 en 1990, entra\u00eenant la cr\u00e9ation de nouveaux complexes modernes et la r\u00e9novation de &hellip;<\/p>\n<p class=\"read-more\"> <a class=\"\" href=\"https:\/\/roadtoromania.com\/fr\/hebergement-en-roumanie\/\"> <span class=\"screen-reader-text\">H\u00e9bergement en Roumanie<\/span> Lire la suite \u00bb<\/a><\/p>\n","protected":false},"author":1,"featured_media":973,"parent":0,"menu_order":0,"comment_status":"open","ping_status":"open","template":"","meta":{"site-sidebar-layout":"default","site-content-layout":"default","ast-global-header-display":"","ast-main-header-display":"","ast-hfb-above-header-display":"","ast-hfb-below-header-display":"","ast-hfb-mobile-header-display":"","site-post-title":"","ast-breadcrumbs-content":"","ast-featured-img":"","footer-sml-layout":"","theme-transparent-header-meta":"default","adv-header-id-meta":"","stick-header-meta":"","header-above-stick-meta":"","header-main-stick-meta":"","header-below-stick-meta":"","footnotes":""},"class_list":["post-3128","page","type-page","status-publish","has-post-thumbnail","hentry"],"yoast_head":"<!-- This site is optimized with the Yoast SEO plugin v19.10 - https:\/\/yoast.com\/wordpress\/plugins\/seo\/ -->\n<title>H\u00e9bergement en Roumanie - Road to Romania<\/title>\n<meta name=\"robots\" content=\"index, follow, max-snippet:-1, max-image-preview:large, max-video-preview:-1\" \/>\n<link rel=\"canonical\" href=\"https:\/\/roadtoromania.com\/fr\/hebergement-en-roumanie\/\" \/>\n<meta property=\"og:locale\" content=\"fr_FR\" \/>\n<meta property=\"og:type\" content=\"article\" \/>\n<meta property=\"og:title\" content=\"H\u00e9bergement en Roumanie - Road to Romania\" \/>\n<meta property=\"og:description\" content=\"La situation concernant l&#8217;infrastructure h\u00f4teli\u00e8re en Roumanie a consid\u00e9rablement chang\u00e9 au cours des derni\u00e8res ann\u00e9es. Apr\u00e8s la fin du temps des h\u00f4tels d&#8217;\u00c9tat, spartiates sinon d\u00e9labr\u00e9s aux yeux des touristes europ\u00e9ens ou nord-am\u00e9ricains, en 1989, la privatisation des entreprises h\u00f4teli\u00e8res a commenc\u00e9 en 1990, entra\u00eenant la cr\u00e9ation de nouveaux complexes modernes et la r\u00e9novation de &hellip; H\u00e9bergement en Roumanie Lire la suite \u00bb\" \/>\n<meta property=\"og:url\" content=\"https:\/\/roadtoromania.com\/fr\/hebergement-en-roumanie\/\" \/>\n<meta property=\"og:site_name\" content=\"Road to Romania\" \/>\n<meta property=\"article:modified_time\" content=\"2022-10-21T16:50:40+00:00\" \/>\n<meta property=\"og:image\" content=\"https:\/\/roadtoromania.com\/wp-content\/uploads\/2022\/10\/rumania-hoteles-lujo-1.jpg\" \/>\n\t<meta property=\"og:image:width\" content=\"450\" \/>\n\t<meta property=\"og:image:height\" content=\"338\" \/>\n\t<meta property=\"og:image:type\" content=\"image\/jpeg\" \/>\n<meta name=\"twitter:card\" content=\"summary_large_image\" \/>\n<meta name=\"twitter:label1\" content=\"Dur\u00e9e de lecture estim\u00e9e\" \/>\n\t<meta name=\"twitter:data1\" content=\"4 minutes\" \/>\n<script type=\"application\/ld+json\" class=\"yoast-schema-graph\">{\"@context\":\"https:\/\/schema.org\",\"@graph\":[{\"@type\":\"WebPage\",\"@id\":\"https:\/\/roadtoromania.com\/fr\/hebergement-en-roumanie\/\",\"url\":\"https:\/\/roadtoromania.com\/fr\/hebergement-en-roumanie\/\",\"name\":\"H\u00e9bergement en Roumanie - Road to Romania\",\"isPartOf\":{\"@id\":\"https:\/\/roadtoromania.com\/fr\/#website\"},\"datePublished\":\"2022-10-15T18:40:09+00:00\",\"dateModified\":\"2022-10-21T16:50:40+00:00\",\"breadcrumb\":{\"@id\":\"https:\/\/roadtoromania.com\/fr\/hebergement-en-roumanie\/#breadcrumb\"},\"inLanguage\":\"fr-FR\",\"potentialAction\":[{\"@type\":\"ReadAction\",\"target\":[\"https:\/\/roadtoromania.com\/fr\/hebergement-en-roumanie\/\"]}]},{\"@type\":\"BreadcrumbList\",\"@id\":\"https:\/\/roadtoromania.com\/fr\/hebergement-en-roumanie\/#breadcrumb\",\"itemListElement\":[{\"@type\":\"ListItem\",\"position\":1,\"name\":\"Home\",\"item\":\"https:\/\/roadtoromania.com\/fr\/\"},{\"@type\":\"ListItem\",\"position\":2,\"name\":\"H\u00e9bergement en Roumanie\"}]},{\"@type\":\"WebSite\",\"@id\":\"https:\/\/roadtoromania.com\/fr\/#website\",\"url\":\"https:\/\/roadtoromania.com\/fr\/\",\"name\":\"Road to Romania\",\"description\":\"Le blog o\u00f9 vous trouverez toutes les informations dont vous avez besoin pour profiter de la Roumanie.\",\"potentialAction\":[{\"@type\":\"SearchAction\",\"target\":{\"@type\":\"EntryPoint\",\"urlTemplate\":\"https:\/\/roadtoromania.com\/fr\/?s={search_term_string}\"},\"query-input\":\"required name=search_term_string\"}],\"inLanguage\":\"fr-FR\"}]}<\/script>\n<!-- \/ Yoast SEO plugin. -->","yoast_head_json":{"title":"H\u00e9bergement en Roumanie - Road to Romania","robots":{"index":"index","follow":"follow","max-snippet":"max-snippet:-1","max-image-preview":"max-image-preview:large","max-video-preview":"max-video-preview:-1"},"canonical":"https:\/\/roadtoromania.com\/fr\/hebergement-en-roumanie\/","og_locale":"fr_FR","og_type":"article","og_title":"H\u00e9bergement en Roumanie - Road to Romania","og_description":"La situation concernant l&#8217;infrastructure h\u00f4teli\u00e8re en Roumanie a consid\u00e9rablement chang\u00e9 au cours des derni\u00e8res ann\u00e9es. Apr\u00e8s la fin du temps des h\u00f4tels d&#8217;\u00c9tat, spartiates sinon d\u00e9labr\u00e9s aux yeux des touristes europ\u00e9ens ou nord-am\u00e9ricains, en 1989, la privatisation des entreprises h\u00f4teli\u00e8res a commenc\u00e9 en 1990, entra\u00eenant la cr\u00e9ation de nouveaux complexes modernes et la r\u00e9novation de &hellip; H\u00e9bergement en Roumanie Lire la suite \u00bb","og_url":"https:\/\/roadtoromania.com\/fr\/hebergement-en-roumanie\/","og_site_name":"Road to Romania","article_modified_time":"2022-10-21T16:50:40+00:00","og_image":[{"width":450,"height":338,"url":"https:\/\/roadtoromania.com\/wp-content\/uploads\/2022\/10\/rumania-hoteles-lujo-1.jpg","type":"image\/jpeg"}],"twitter_card":"summary_large_image","twitter_misc":{"Dur\u00e9e de lecture estim\u00e9e":"4 minutes"},"schema":{"@context":"https:\/\/schema.org","@graph":[{"@type":"WebPage","@id":"https:\/\/roadtoromania.com\/fr\/hebergement-en-roumanie\/","url":"https:\/\/roadtoromania.com\/fr\/hebergement-en-roumanie\/","name":"H\u00e9bergement en Roumanie - Road to Romania","isPartOf":{"@id":"https:\/\/roadtoromania.com\/fr\/#website"},"datePublished":"2022-10-15T18:40:09+00:00","dateModified":"2022-10-21T16:50:40+00:00","breadcrumb":{"@id":"https:\/\/roadtoromania.com\/fr\/hebergement-en-roumanie\/#breadcrumb"},"inLanguage":"fr-FR","potentialAction":[{"@type":"ReadAction","target":["https:\/\/roadtoromania.com\/fr\/hebergement-en-roumanie\/"]}]},{"@type":"BreadcrumbList","@id":"https:\/\/roadtoromania.com\/fr\/hebergement-en-roumanie\/#breadcrumb","itemListElement":[{"@type":"ListItem","position":1,"name":"Home","item":"https:\/\/roadtoromania.com\/fr\/"},{"@type":"ListItem","position":2,"name":"H\u00e9bergement en Roumanie"}]},{"@type":"WebSite","@id":"https:\/\/roadtoromania.com\/fr\/#website","url":"https:\/\/roadtoromania.com\/fr\/","name":"Road to Romania","description":"Le blog o\u00f9 vous trouverez toutes les informations dont vous avez besoin pour profiter de la Roumanie.","potentialAction":[{"@type":"SearchAction","target":{"@type":"EntryPoint","urlTemplate":"https:\/\/roadtoromania.com\/fr\/?s={search_term_string}"},"query-input":"required name=search_term_string"}],"inLanguage":"fr-FR"}]}},"_links":{"self":[{"href":"https:\/\/roadtoromania.com\/fr\/wp-json\/wp\/v2\/pages\/3128","targetHints":{"allow":["GET"]}}],"collection":[{"href":"https:\/\/roadtoromania.com\/fr\/wp-json\/wp\/v2\/pages"}],"about":[{"href":"https:\/\/roadtoromania.com\/fr\/wp-json\/wp\/v2\/types\/page"}],"author":[{"embeddable":true,"href":"https:\/\/roadtoromania.com\/fr\/wp-json\/wp\/v2\/users\/1"}],"replies":[{"embeddable":true,"href":"https:\/\/roadtoromania.com\/fr\/wp-json\/wp\/v2\/comments?post=3128"}],"version-history":[{"count":1,"href":"https:\/\/roadtoromania.com\/fr\/wp-json\/wp\/v2\/pages\/3128\/revisions"}],"predecessor-version":[{"id":3252,"href":"https:\/\/roadtoromania.com\/fr\/wp-json\/wp\/v2\/pages\/3128\/revisions\/3252"}],"wp:featuredmedia":[{"embeddable":true,"href":"https:\/\/roadtoromania.com\/fr\/wp-json\/wp\/v2\/media\/973"}],"wp:attachment":[{"href":"https:\/\/roadtoromania.com\/fr\/wp-json\/wp\/v2\/media?parent=3128"}],"curies":[{"name":"wp","href":"https:\/\/api.w.org\/{rel}","templated":true}]}}