{"id":3129,"date":"2022-10-15T18:40:09","date_gmt":"2022-10-15T18:40:09","guid":{"rendered":"https:\/\/roadtoromania.com\/carnavals-en-roumanie\/"},"modified":"2022-10-18T14:51:58","modified_gmt":"2022-10-18T14:51:58","slug":"carnavals-en-roumanie","status":"publish","type":"page","link":"https:\/\/roadtoromania.com\/fr\/carnavals-en-roumanie\/","title":{"rendered":"Carnavals en Roumanie"},"content":{"rendered":"<p>Contrairement \u00e0 d&#8217;autres parties de l&#8217;Europe, le carnaval est traditionnellement moins important que d&#8217;autres festivals, tels que <strong>M\u0103r\u021bi\u0219or<\/strong> , qui c\u00e9l\u00e8bre l&#8217;arriv\u00e9e du printemps le 1er mars.<\/p>\n<p>\nL&#8217;un des plus c\u00e9l\u00e8bres festivals de costumes de carnaval est le <strong>Lole<\/strong> , dans le village de <strong><a href=\"https:\/\/roadtoromania.com\/fr\/villes-et-regions-de-roumanie\/agnita\/\"> Agnita<\/a> <\/strong> en <a href=\"https:\/\/roadtoromania.com\/fr\/villes-et-regions-de-roumanie\/transylvanie\/\"> <strong>Transylvanie<\/strong><\/a> (\u00e0 une heure de route de <a href=\"https:\/\/roadtoromania.com\/fr\/villes-et-regions-de-roumanie\/sibiu\/\"> <strong>Sibiu<\/strong><\/a> ), dont le d\u00e9fil\u00e9 masqu\u00e9 est une tradition germanique du 18e si\u00e8cle qui se perp\u00e9tue encore aujourd&#8217;hui.<\/p>\n<p><img decoding=\"async\" src=\"https:\/\/roadtoromania.com\/wp-content\/uploads\/2022\/10\/lole_agnita_rumania.jpg\" \/>Agnita Carnaval<\/p>\n<p>\nSelon la l\u00e9gende, la tradition du Carnaval d&#8217;Agnita et de la Fugue de la Lole remonte au Moyen \u00c2ge, lorsque les Turcs occupaient la r\u00e9gion. Une jeune fille nomm\u00e9e Ursula (fille d&#8217;un fourreur) s&#8217;est d\u00e9guis\u00e9e et, avec le scandale des cloches attach\u00e9es \u00e0 son corps et un fouet \u00e0 la main, elle a fait fuir les Turcs.<\/p>\n<p>\nLes guildes ou confr\u00e9ries de m\u00e9tiers choisissent chaque ann\u00e9e depuis le d\u00e9but de la tradition leurs repr\u00e9sentants pour jouer le r\u00f4le de Lole, ou protecteur, portant des cloches et des fouets qu&#8217;ils agitent en l&#8217;air pendant le d\u00e9fil\u00e9. Ces personnages sont habill\u00e9s en noir (avec des pi\u00e8ces sombres cousues sur un toppa blanc) et le visage recouvert d&#8217;un masque amusant.<\/p>\n<p>\nLe nom lole vient du verbe allemand &#8220;lallen&#8221; &#8211; b\u00e9gayer, en r\u00e9f\u00e9rence \u00e0 la difficult\u00e9 de parler \u00e0 travers le masque.<\/p>\n<p>\nLors de cette f\u00eate d&#8217;origine saxonne, il est courant de voir des personnes d\u00e9guis\u00e9es en ours, portant la peau d&#8217;ours autrefois chass\u00e9s dans les for\u00eats de Transylvanie.<\/p>\n","protected":false},"excerpt":{"rendered":"<p>Contrairement \u00e0 d&#8217;autres parties de l&#8217;Europe, le carnaval est traditionnellement moins important que d&#8217;autres festivals, tels que M\u0103r\u021bi\u0219or , qui c\u00e9l\u00e8bre l&#8217;arriv\u00e9e du printemps le 1er mars. L&#8217;un des plus c\u00e9l\u00e8bres festivals de costumes de carnaval est le Lole , dans le village de Agnita en Transylvanie (\u00e0 une heure de route de Sibiu ), &hellip;<\/p>\n<p class=\"read-more\"> <a class=\"\" href=\"https:\/\/roadtoromania.com\/fr\/carnavals-en-roumanie\/\"> <span class=\"screen-reader-text\">Carnavals en Roumanie<\/span> Lire la suite \u00bb<\/a><\/p>\n","protected":false},"author":1,"featured_media":981,"parent":0,"menu_order":0,"comment_status":"open","ping_status":"open","template":"","meta":{"site-sidebar-layout":"default","site-content-layout":"default","ast-global-header-display":"","ast-main-header-display":"","ast-hfb-above-header-display":"","ast-hfb-below-header-display":"","ast-hfb-mobile-header-display":"","site-post-title":"","ast-breadcrumbs-content":"","ast-featured-img":"","footer-sml-layout":"","theme-transparent-header-meta":"","adv-header-id-meta":"","stick-header-meta":"","header-above-stick-meta":"","header-main-stick-meta":"","header-below-stick-meta":"","footnotes":""},"class_list":["post-3129","page","type-page","status-publish","has-post-thumbnail","hentry"],"yoast_head":"<!-- This site is optimized with the Yoast SEO plugin v19.10 - https:\/\/yoast.com\/wordpress\/plugins\/seo\/ -->\n<title>Carnavals en Roumanie - Road to Romania<\/title>\n<meta name=\"robots\" content=\"index, follow, max-snippet:-1, max-image-preview:large, max-video-preview:-1\" \/>\n<link rel=\"canonical\" href=\"https:\/\/roadtoromania.com\/fr\/carnavals-en-roumanie\/\" \/>\n<meta property=\"og:locale\" content=\"fr_FR\" \/>\n<meta property=\"og:type\" content=\"article\" \/>\n<meta property=\"og:title\" content=\"Carnavals en Roumanie - Road to Romania\" \/>\n<meta property=\"og:description\" content=\"Contrairement \u00e0 d&#8217;autres parties de l&#8217;Europe, le carnaval est traditionnellement moins important que d&#8217;autres festivals, tels que M\u0103r\u021bi\u0219or , qui c\u00e9l\u00e8bre l&#8217;arriv\u00e9e du printemps le 1er mars. L&#8217;un des plus c\u00e9l\u00e8bres festivals de costumes de carnaval est le Lole , dans le village de Agnita en Transylvanie (\u00e0 une heure de route de Sibiu ), &hellip; Carnavals en Roumanie Lire la suite \u00bb\" \/>\n<meta property=\"og:url\" content=\"https:\/\/roadtoromania.com\/fr\/carnavals-en-roumanie\/\" \/>\n<meta property=\"og:site_name\" content=\"Road to Romania\" \/>\n<meta property=\"article:modified_time\" content=\"2022-10-18T14:51:58+00:00\" \/>\n<meta property=\"og:image\" content=\"https:\/\/roadtoromania.com\/wp-content\/uploads\/2022\/10\/lole_agnita_rumania-1.jpg\" \/>\n\t<meta property=\"og:image:width\" content=\"700\" \/>\n\t<meta property=\"og:image:height\" content=\"467\" \/>\n\t<meta property=\"og:image:type\" content=\"image\/jpeg\" \/>\n<meta name=\"twitter:card\" content=\"summary_large_image\" \/>\n<meta name=\"twitter:label1\" content=\"Dur\u00e9e de lecture estim\u00e9e\" \/>\n\t<meta name=\"twitter:data1\" content=\"1 minute\" \/>\n<script type=\"application\/ld+json\" class=\"yoast-schema-graph\">{\"@context\":\"https:\/\/schema.org\",\"@graph\":[{\"@type\":\"WebPage\",\"@id\":\"https:\/\/roadtoromania.com\/fr\/carnavals-en-roumanie\/\",\"url\":\"https:\/\/roadtoromania.com\/fr\/carnavals-en-roumanie\/\",\"name\":\"Carnavals en Roumanie - Road to Romania\",\"isPartOf\":{\"@id\":\"https:\/\/roadtoromania.com\/fr\/#website\"},\"datePublished\":\"2022-10-15T18:40:09+00:00\",\"dateModified\":\"2022-10-18T14:51:58+00:00\",\"breadcrumb\":{\"@id\":\"https:\/\/roadtoromania.com\/fr\/carnavals-en-roumanie\/#breadcrumb\"},\"inLanguage\":\"fr-FR\",\"potentialAction\":[{\"@type\":\"ReadAction\",\"target\":[\"https:\/\/roadtoromania.com\/fr\/carnavals-en-roumanie\/\"]}]},{\"@type\":\"BreadcrumbList\",\"@id\":\"https:\/\/roadtoromania.com\/fr\/carnavals-en-roumanie\/#breadcrumb\",\"itemListElement\":[{\"@type\":\"ListItem\",\"position\":1,\"name\":\"Home\",\"item\":\"https:\/\/roadtoromania.com\/fr\/\"},{\"@type\":\"ListItem\",\"position\":2,\"name\":\"Carnavals en Roumanie\"}]},{\"@type\":\"WebSite\",\"@id\":\"https:\/\/roadtoromania.com\/fr\/#website\",\"url\":\"https:\/\/roadtoromania.com\/fr\/\",\"name\":\"Road to Romania\",\"description\":\"Le blog o\u00f9 vous trouverez toutes les informations dont vous avez besoin pour profiter de la Roumanie.\",\"potentialAction\":[{\"@type\":\"SearchAction\",\"target\":{\"@type\":\"EntryPoint\",\"urlTemplate\":\"https:\/\/roadtoromania.com\/fr\/?s={search_term_string}\"},\"query-input\":\"required name=search_term_string\"}],\"inLanguage\":\"fr-FR\"}]}<\/script>\n<!-- \/ Yoast SEO plugin. -->","yoast_head_json":{"title":"Carnavals en Roumanie - Road to Romania","robots":{"index":"index","follow":"follow","max-snippet":"max-snippet:-1","max-image-preview":"max-image-preview:large","max-video-preview":"max-video-preview:-1"},"canonical":"https:\/\/roadtoromania.com\/fr\/carnavals-en-roumanie\/","og_locale":"fr_FR","og_type":"article","og_title":"Carnavals en Roumanie - Road to Romania","og_description":"Contrairement \u00e0 d&#8217;autres parties de l&#8217;Europe, le carnaval est traditionnellement moins important que d&#8217;autres festivals, tels que M\u0103r\u021bi\u0219or , qui c\u00e9l\u00e8bre l&#8217;arriv\u00e9e du printemps le 1er mars. L&#8217;un des plus c\u00e9l\u00e8bres festivals de costumes de carnaval est le Lole , dans le village de Agnita en Transylvanie (\u00e0 une heure de route de Sibiu ), &hellip; Carnavals en Roumanie Lire la suite \u00bb","og_url":"https:\/\/roadtoromania.com\/fr\/carnavals-en-roumanie\/","og_site_name":"Road to Romania","article_modified_time":"2022-10-18T14:51:58+00:00","og_image":[{"width":700,"height":467,"url":"https:\/\/roadtoromania.com\/wp-content\/uploads\/2022\/10\/lole_agnita_rumania-1.jpg","type":"image\/jpeg"}],"twitter_card":"summary_large_image","twitter_misc":{"Dur\u00e9e de lecture estim\u00e9e":"1 minute"},"schema":{"@context":"https:\/\/schema.org","@graph":[{"@type":"WebPage","@id":"https:\/\/roadtoromania.com\/fr\/carnavals-en-roumanie\/","url":"https:\/\/roadtoromania.com\/fr\/carnavals-en-roumanie\/","name":"Carnavals en Roumanie - Road to Romania","isPartOf":{"@id":"https:\/\/roadtoromania.com\/fr\/#website"},"datePublished":"2022-10-15T18:40:09+00:00","dateModified":"2022-10-18T14:51:58+00:00","breadcrumb":{"@id":"https:\/\/roadtoromania.com\/fr\/carnavals-en-roumanie\/#breadcrumb"},"inLanguage":"fr-FR","potentialAction":[{"@type":"ReadAction","target":["https:\/\/roadtoromania.com\/fr\/carnavals-en-roumanie\/"]}]},{"@type":"BreadcrumbList","@id":"https:\/\/roadtoromania.com\/fr\/carnavals-en-roumanie\/#breadcrumb","itemListElement":[{"@type":"ListItem","position":1,"name":"Home","item":"https:\/\/roadtoromania.com\/fr\/"},{"@type":"ListItem","position":2,"name":"Carnavals en Roumanie"}]},{"@type":"WebSite","@id":"https:\/\/roadtoromania.com\/fr\/#website","url":"https:\/\/roadtoromania.com\/fr\/","name":"Road to Romania","description":"Le blog o\u00f9 vous trouverez toutes les informations dont vous avez besoin pour profiter de la Roumanie.","potentialAction":[{"@type":"SearchAction","target":{"@type":"EntryPoint","urlTemplate":"https:\/\/roadtoromania.com\/fr\/?s={search_term_string}"},"query-input":"required name=search_term_string"}],"inLanguage":"fr-FR"}]}},"_links":{"self":[{"href":"https:\/\/roadtoromania.com\/fr\/wp-json\/wp\/v2\/pages\/3129","targetHints":{"allow":["GET"]}}],"collection":[{"href":"https:\/\/roadtoromania.com\/fr\/wp-json\/wp\/v2\/pages"}],"about":[{"href":"https:\/\/roadtoromania.com\/fr\/wp-json\/wp\/v2\/types\/page"}],"author":[{"embeddable":true,"href":"https:\/\/roadtoromania.com\/fr\/wp-json\/wp\/v2\/users\/1"}],"replies":[{"embeddable":true,"href":"https:\/\/roadtoromania.com\/fr\/wp-json\/wp\/v2\/comments?post=3129"}],"version-history":[{"count":0,"href":"https:\/\/roadtoromania.com\/fr\/wp-json\/wp\/v2\/pages\/3129\/revisions"}],"wp:featuredmedia":[{"embeddable":true,"href":"https:\/\/roadtoromania.com\/fr\/wp-json\/wp\/v2\/media\/981"}],"wp:attachment":[{"href":"https:\/\/roadtoromania.com\/fr\/wp-json\/wp\/v2\/media?parent=3129"}],"curies":[{"name":"wp","href":"https:\/\/api.w.org\/{rel}","templated":true}]}}