{"id":3130,"date":"2022-10-15T18:40:09","date_gmt":"2022-10-15T18:40:09","guid":{"rendered":"https:\/\/roadtoromania.com\/la-bucovine-et-ses-monasteres\/"},"modified":"2022-10-21T16:47:44","modified_gmt":"2022-10-21T16:47:44","slug":"la-bucovine-et-ses-monasteres","status":"publish","type":"page","link":"https:\/\/roadtoromania.com\/fr\/la-bucovine-et-ses-monasteres\/","title":{"rendered":"La Bucovine et ses monast\u00e8res"},"content":{"rendered":"<p>La <strong>r\u00e9gion de Bukovina<\/strong> est la r\u00e9gion la plus septentrionale de la Roumanie, bordant le <a href=\"https:\/\/roadtoromania.com\/fr\/villes-et-regions-de-roumanie\/region-du-maramures\/\"> <strong>Maramures<\/strong><\/a> \u00e0 l&#8217;ouest, la rivi\u00e8re Prut et l&#8217;Ukraine au nord, les <a href=\"https:\/\/roadtoromania.com\/fr\/nature-de-la-roumanie\/les-carpates\/\"> <strong>Carpathian Mountains<\/strong><\/a> , <a href=\"https:\/\/roadtoromania.com\/fr\/villes-et-regions-de-roumanie\/transylvanie\/\">La Transylvanie<\/a> et la r\u00e9gion roumaine de Moldavie (\u00e0 ne pas confondre avec le pays du m\u00eame nom) au sud, et <a href=\"https:\/\/roadtoromania.com\/fr\/monuments-de-la-roumanie-que-voir-en-roumanie\/moldavie-roumain\/\">la Moldavie<\/a> \u00e0 l&#8217;est.<\/p>\n<p>Les villes les plus importantes sont Bacau, Botosani, Galati, Iasi, Piatra Neamt, Radauti, <a href=\"https:\/\/roadtoromania.com\/fr\/villes-et-regions-de-roumanie\/suceava\/\"> <strong>Suceava<\/strong><\/a> , mais ce qui attire vraiment les touristes en Bucovine, c&#8217;est la route \u00e0 travers les monast\u00e8res m\u00e9di\u00e9vaux peints, des bijoux d&#8217;art en raison de leurs fresques qui d\u00e9corent \u00e0 la fois l&#8217;int\u00e9rieur et l&#8217;ext\u00e9rieur des temples. Reconnus comme patrimoine mondial de l&#8217;Unesco <strong>, ils constituent l&#8217;une des plus grandes attractions de la Roumanie.<\/strong><\/p>\n<p><strong><a href=\"https:\/\/roadtoromania.com\/wp-content\/uploads\/2022\/10\/mapa_monasterios_bucovina.jpg\"><img decoding=\"async\" src=\"https:\/\/roadtoromania.com\/wp-content\/uploads\/2022\/10\/mapa_monasterios_bucovina.jpg\" \/><\/a> Monast\u00e8res de Bucovine<\/strong><\/p>\n<p>En voyant autant d&#8217;art concentr\u00e9 dans un si petit espace, il peut sembler \u00e9trange que les fresques peintes aux 15e et 16e si\u00e8cles aient \u00e9t\u00e9 pr\u00e9serv\u00e9es.<\/p>\n<p>Le plus remarquable des monast\u00e8res &#8211; son surnom de &#8221; <em>chapelle Sixtine de l&#8217;Orient&#8221;<\/em> en est peut-\u00eatre plus que repr\u00e9sentatif &#8211; est le monast\u00e8re <strong>de Voronet<\/strong> , datant de 1428 et attribu\u00e9 au r\u00e8gne de Stefan le Grand. La sc\u00e8ne qui r\u00e9sume la beaut\u00e9 de Voronet est le &#8220;Jugement dernier&#8221;, qui est commun \u00e0 tous les monast\u00e8res peints, mais qui atteint ici le titre de chef-d&#8217;\u0153uvre. Le bleu obtenu dans le tableau est si particulier qu&#8217;il est m\u00eame connu dans le monde de l&#8217;art sous le nom de &#8220;bleu de Voronet&#8221;, dont la r\u00e9alisation reste un myst\u00e8re.<\/p>\n<p>D&#8217;autres monast\u00e8res importants sont Humor, o\u00f9 les tons rouges pr\u00e9dominent, et les monast\u00e8res voisins de <strong><a href=\"https:\/\/roadtoromania.com\/fr\/villes-et-regions-de-roumanie\/suceava\/eglise-darbore\/\"> Arbore<\/a> , Dragomirna, <a href=\"https:\/\/roadtoromania.com\/fr\/monuments-de-la-roumanie-que-voir-en-roumanie\/monasteres-de-moldavie\/\"> <strong>Moldovita<\/strong><\/a> et Putna<\/strong> .<\/p>\n<p>Nature de la Bucovine<\/p>\n<p>La Bucovine pr\u00e9sente un relief montagneux tr\u00e8s contrast\u00e9 et des zones naturelles qui m\u00e9ritent d&#8217;\u00eatre visit\u00e9es. L&#8217;une d&#8217;entre elles est les <strong>gorges de <a href=\"https:\/\/roadtoromania.com\/fr\/nature-de-la-roumanie\/gorges-de-la-bicaz\/\">Bicaz<\/a> <\/strong> , l&#8217;une des plus magnifiques gorges d&#8217;Europe, qui permet un parcours le long de la route qui passe comme un couteau entre les r\u00e9gions de Bucovine et de Transylvanie. Si nous nous dirigeons vers le sud, nous monterons jusqu&#8217;\u00e0 un endroit non moins remarquable, le <strong>Lacu Rosso (Lac rouge)<\/strong> . Ce lac, qui est aujourd&#8217;hui une zone de loisirs avec des aires de repos et des bateaux \u00e0 louer, est connu pour ses troncs morts qui sortent de l&#8217;eau.<\/p>\n<p>Le climat de la r\u00e9gion de Bucovine oscille entre des \u00e9t\u00e9s chauds et des hivers froids o\u00f9 les champs sont couverts de neige.<\/p>\n<p>Comment se rendre en Bucovine<\/p>\n<p>Il y a trois <strong>grands a\u00e9roports<\/strong> dans la r\u00e9gion, Suceava, Iasi et Bacau. Cette derni\u00e8re propose des vols internationaux <strong>avec l&#8217;Italie, la France, le Royaume-Uni, la Belgique, &#8230;et des vols int\u00e9rieurs avec Bucarest, Iasi, Arad, Constanta, Craiova, Sibiu, Timisoara.<\/strong><\/p>\n<p>Par le train <strong>, on peut arriver de Bucarest, avec des lignes qui vont aux gares les plus importantes de Iasi, Suceava, et Gura Humorului. Il est conseill\u00e9 de v\u00e9rifier les correspondances sur le site officiel des chemins de fer roumains : www.cfrcalatori.ro (d\u00e9parts de Bucarest Nord)<\/strong><\/p>\n<p>Routes &#8211; En voiture \u00e0 travers la Bucovine<\/p>\n<p>Si nous louons une voiture, nous pouvons nous d\u00e9placer dans la r\u00e9gion sans probl\u00e8mes, ce qui est tr\u00e8s utile si nous voulons voir de mani\u00e8re agile les monast\u00e8res qui sont plus \u00e9loign\u00e9s des transports publics<\/p>\n<p>.<\/p>\n","protected":false},"excerpt":{"rendered":"<p>La r\u00e9gion de Bukovina est la r\u00e9gion la plus septentrionale de la Roumanie, bordant le Maramures \u00e0 l&#8217;ouest, la rivi\u00e8re Prut et l&#8217;Ukraine au nord, les Carpathian Mountains , La Transylvanie et la r\u00e9gion roumaine de Moldavie (\u00e0 ne pas confondre avec le pays du m\u00eame nom) au sud, et la Moldavie \u00e0 l&#8217;est. Les &hellip;<\/p>\n<p class=\"read-more\"> <a class=\"\" href=\"https:\/\/roadtoromania.com\/fr\/la-bucovine-et-ses-monasteres\/\"> <span class=\"screen-reader-text\">La Bucovine et ses monast\u00e8res<\/span> Lire la suite \u00bb<\/a><\/p>\n","protected":false},"author":1,"featured_media":989,"parent":0,"menu_order":0,"comment_status":"open","ping_status":"open","template":"","meta":{"site-sidebar-layout":"default","site-content-layout":"default","ast-global-header-display":"","ast-main-header-display":"","ast-hfb-above-header-display":"","ast-hfb-below-header-display":"","ast-hfb-mobile-header-display":"","site-post-title":"","ast-breadcrumbs-content":"","ast-featured-img":"","footer-sml-layout":"","theme-transparent-header-meta":"","adv-header-id-meta":"","stick-header-meta":"","header-above-stick-meta":"","header-main-stick-meta":"","header-below-stick-meta":"","footnotes":""},"class_list":["post-3130","page","type-page","status-publish","has-post-thumbnail","hentry"],"yoast_head":"<!-- This site is optimized with the Yoast SEO plugin v19.10 - https:\/\/yoast.com\/wordpress\/plugins\/seo\/ -->\n<title>La Bucovine et ses monast\u00e8res - Road to Romania<\/title>\n<meta name=\"robots\" content=\"index, follow, max-snippet:-1, max-image-preview:large, max-video-preview:-1\" \/>\n<link rel=\"canonical\" href=\"https:\/\/roadtoromania.com\/fr\/la-bucovine-et-ses-monasteres\/\" \/>\n<meta property=\"og:locale\" content=\"fr_FR\" \/>\n<meta property=\"og:type\" content=\"article\" \/>\n<meta property=\"og:title\" content=\"La Bucovine et ses monast\u00e8res - Road to Romania\" \/>\n<meta property=\"og:description\" content=\"La r\u00e9gion de Bukovina est la r\u00e9gion la plus septentrionale de la Roumanie, bordant le Maramures \u00e0 l&#8217;ouest, la rivi\u00e8re Prut et l&#8217;Ukraine au nord, les Carpathian Mountains , La Transylvanie et la r\u00e9gion roumaine de Moldavie (\u00e0 ne pas confondre avec le pays du m\u00eame nom) au sud, et la Moldavie \u00e0 l&#8217;est. Les &hellip; La Bucovine et ses monast\u00e8res Lire la suite \u00bb\" \/>\n<meta property=\"og:url\" content=\"https:\/\/roadtoromania.com\/fr\/la-bucovine-et-ses-monasteres\/\" \/>\n<meta property=\"og:site_name\" content=\"Road to Romania\" \/>\n<meta property=\"article:modified_time\" content=\"2022-10-21T16:47:44+00:00\" \/>\n<meta property=\"og:image\" content=\"https:\/\/roadtoromania.com\/wp-content\/uploads\/2022\/10\/mapa_monasterios_bucovina-1.jpg\" \/>\n\t<meta property=\"og:image:width\" content=\"690\" \/>\n\t<meta property=\"og:image:height\" content=\"466\" \/>\n\t<meta property=\"og:image:type\" content=\"image\/jpeg\" \/>\n<meta name=\"twitter:card\" content=\"summary_large_image\" \/>\n<meta name=\"twitter:label1\" content=\"Dur\u00e9e de lecture estim\u00e9e\" \/>\n\t<meta name=\"twitter:data1\" content=\"3 minutes\" \/>\n<script type=\"application\/ld+json\" class=\"yoast-schema-graph\">{\"@context\":\"https:\/\/schema.org\",\"@graph\":[{\"@type\":\"WebPage\",\"@id\":\"https:\/\/roadtoromania.com\/fr\/la-bucovine-et-ses-monasteres\/\",\"url\":\"https:\/\/roadtoromania.com\/fr\/la-bucovine-et-ses-monasteres\/\",\"name\":\"La Bucovine et ses monast\u00e8res - Road to Romania\",\"isPartOf\":{\"@id\":\"https:\/\/roadtoromania.com\/fr\/#website\"},\"datePublished\":\"2022-10-15T18:40:09+00:00\",\"dateModified\":\"2022-10-21T16:47:44+00:00\",\"breadcrumb\":{\"@id\":\"https:\/\/roadtoromania.com\/fr\/la-bucovine-et-ses-monasteres\/#breadcrumb\"},\"inLanguage\":\"fr-FR\",\"potentialAction\":[{\"@type\":\"ReadAction\",\"target\":[\"https:\/\/roadtoromania.com\/fr\/la-bucovine-et-ses-monasteres\/\"]}]},{\"@type\":\"BreadcrumbList\",\"@id\":\"https:\/\/roadtoromania.com\/fr\/la-bucovine-et-ses-monasteres\/#breadcrumb\",\"itemListElement\":[{\"@type\":\"ListItem\",\"position\":1,\"name\":\"Home\",\"item\":\"https:\/\/roadtoromania.com\/fr\/\"},{\"@type\":\"ListItem\",\"position\":2,\"name\":\"La Bucovine et ses monast\u00e8res\"}]},{\"@type\":\"WebSite\",\"@id\":\"https:\/\/roadtoromania.com\/fr\/#website\",\"url\":\"https:\/\/roadtoromania.com\/fr\/\",\"name\":\"Road to Romania\",\"description\":\"Le blog o\u00f9 vous trouverez toutes les informations dont vous avez besoin pour profiter de la Roumanie.\",\"potentialAction\":[{\"@type\":\"SearchAction\",\"target\":{\"@type\":\"EntryPoint\",\"urlTemplate\":\"https:\/\/roadtoromania.com\/fr\/?s={search_term_string}\"},\"query-input\":\"required name=search_term_string\"}],\"inLanguage\":\"fr-FR\"}]}<\/script>\n<!-- \/ Yoast SEO plugin. -->","yoast_head_json":{"title":"La Bucovine et ses monast\u00e8res - Road to Romania","robots":{"index":"index","follow":"follow","max-snippet":"max-snippet:-1","max-image-preview":"max-image-preview:large","max-video-preview":"max-video-preview:-1"},"canonical":"https:\/\/roadtoromania.com\/fr\/la-bucovine-et-ses-monasteres\/","og_locale":"fr_FR","og_type":"article","og_title":"La Bucovine et ses monast\u00e8res - Road to Romania","og_description":"La r\u00e9gion de Bukovina est la r\u00e9gion la plus septentrionale de la Roumanie, bordant le Maramures \u00e0 l&#8217;ouest, la rivi\u00e8re Prut et l&#8217;Ukraine au nord, les Carpathian Mountains , La Transylvanie et la r\u00e9gion roumaine de Moldavie (\u00e0 ne pas confondre avec le pays du m\u00eame nom) au sud, et la Moldavie \u00e0 l&#8217;est. Les &hellip; La Bucovine et ses monast\u00e8res Lire la suite \u00bb","og_url":"https:\/\/roadtoromania.com\/fr\/la-bucovine-et-ses-monasteres\/","og_site_name":"Road to Romania","article_modified_time":"2022-10-21T16:47:44+00:00","og_image":[{"width":690,"height":466,"url":"https:\/\/roadtoromania.com\/wp-content\/uploads\/2022\/10\/mapa_monasterios_bucovina-1.jpg","type":"image\/jpeg"}],"twitter_card":"summary_large_image","twitter_misc":{"Dur\u00e9e de lecture estim\u00e9e":"3 minutes"},"schema":{"@context":"https:\/\/schema.org","@graph":[{"@type":"WebPage","@id":"https:\/\/roadtoromania.com\/fr\/la-bucovine-et-ses-monasteres\/","url":"https:\/\/roadtoromania.com\/fr\/la-bucovine-et-ses-monasteres\/","name":"La Bucovine et ses monast\u00e8res - Road to Romania","isPartOf":{"@id":"https:\/\/roadtoromania.com\/fr\/#website"},"datePublished":"2022-10-15T18:40:09+00:00","dateModified":"2022-10-21T16:47:44+00:00","breadcrumb":{"@id":"https:\/\/roadtoromania.com\/fr\/la-bucovine-et-ses-monasteres\/#breadcrumb"},"inLanguage":"fr-FR","potentialAction":[{"@type":"ReadAction","target":["https:\/\/roadtoromania.com\/fr\/la-bucovine-et-ses-monasteres\/"]}]},{"@type":"BreadcrumbList","@id":"https:\/\/roadtoromania.com\/fr\/la-bucovine-et-ses-monasteres\/#breadcrumb","itemListElement":[{"@type":"ListItem","position":1,"name":"Home","item":"https:\/\/roadtoromania.com\/fr\/"},{"@type":"ListItem","position":2,"name":"La Bucovine et ses monast\u00e8res"}]},{"@type":"WebSite","@id":"https:\/\/roadtoromania.com\/fr\/#website","url":"https:\/\/roadtoromania.com\/fr\/","name":"Road to Romania","description":"Le blog o\u00f9 vous trouverez toutes les informations dont vous avez besoin pour profiter de la Roumanie.","potentialAction":[{"@type":"SearchAction","target":{"@type":"EntryPoint","urlTemplate":"https:\/\/roadtoromania.com\/fr\/?s={search_term_string}"},"query-input":"required name=search_term_string"}],"inLanguage":"fr-FR"}]}},"_links":{"self":[{"href":"https:\/\/roadtoromania.com\/fr\/wp-json\/wp\/v2\/pages\/3130","targetHints":{"allow":["GET"]}}],"collection":[{"href":"https:\/\/roadtoromania.com\/fr\/wp-json\/wp\/v2\/pages"}],"about":[{"href":"https:\/\/roadtoromania.com\/fr\/wp-json\/wp\/v2\/types\/page"}],"author":[{"embeddable":true,"href":"https:\/\/roadtoromania.com\/fr\/wp-json\/wp\/v2\/users\/1"}],"replies":[{"embeddable":true,"href":"https:\/\/roadtoromania.com\/fr\/wp-json\/wp\/v2\/comments?post=3130"}],"version-history":[{"count":1,"href":"https:\/\/roadtoromania.com\/fr\/wp-json\/wp\/v2\/pages\/3130\/revisions"}],"predecessor-version":[{"id":3249,"href":"https:\/\/roadtoromania.com\/fr\/wp-json\/wp\/v2\/pages\/3130\/revisions\/3249"}],"wp:featuredmedia":[{"embeddable":true,"href":"https:\/\/roadtoromania.com\/fr\/wp-json\/wp\/v2\/media\/989"}],"wp:attachment":[{"href":"https:\/\/roadtoromania.com\/fr\/wp-json\/wp\/v2\/media?parent=3130"}],"curies":[{"name":"wp","href":"https:\/\/api.w.org\/{rel}","templated":true}]}}