{"id":3131,"date":"2022-10-15T18:40:09","date_gmt":"2022-10-15T18:40:09","guid":{"rendered":"https:\/\/roadtoromania.com\/location-de-voitures-en-roumanie\/"},"modified":"2022-10-18T14:51:58","modified_gmt":"2022-10-18T14:51:58","slug":"location-de-voitures-en-roumanie","status":"publish","type":"page","link":"https:\/\/roadtoromania.com\/fr\/location-de-voitures-en-roumanie\/","title":{"rendered":"Location de voitures en Roumanie"},"content":{"rendered":"<p> <strong>Romania<\/strong> et <strong>RentalCars<\/strong> se sont associ\u00e9s pour vous offrir les meilleures offres de location de voitures dans le monde entier. Avec 4000 points de ramassage dans le monde, nous sommes s\u00fbrs que vous trouverez ce dont vous avez besoin. Utilisez le moteur de recherche pour louer une voiture en Roumanie.<\/p>\n<p>\nVeuillez noter que nous ne facturons pas de frais pour effectuer ou modifier votre r\u00e9servation de location de voiture, ni de frais suppl\u00e9mentaires pour l&#8217;utilisation de la carte de cr\u00e9dit ou pour la r\u00e9cup\u00e9ration de votre voiture \u00e0 l&#8217;a\u00e9roport. Vous b\u00e9n\u00e9ficierez d&#8217;un excellent service client\u00e8le, ainsi que de la meilleure voiture au prix le plus bas possible. De cette fa\u00e7on, la location de votre voiture sera le moyen le plus \u00e9conomique et le moins cher de louer une voiture en Roumanie.<\/p>\n<p>\nIl est habituel de louer une voiture dans les a\u00e9roports ou les villes les plus importantes, comme Bucarest, Constanta, Sibiu, Oradea, Suceava, Cluj Nappca, Iasi, Craiova, Timisoara, T\u00e2rgu Mure\u015f, Bac\u0103u, Suceava ou Satu Mare.\u00a0Pour toute information sur <a href=\"https:\/\/roadtoromania.com\/fr\/louer-une-voiture-a-bucarest\/\"> <strong>la location de voitures \u00e0 Bucarest<\/strong><\/a> t et \u00e0 son a\u00e9roport.<\/p>\n<p>\nUne autre option consiste \u00e0 <a href=\"https:\/\/roadtoromania.com\/fr\/louer-un-camping-car-ou-une-caravane-en-roumanie\/\"> <strong>louer un camping-car ou une caravane en Roumanie<\/strong><\/a> pour d\u00e9couvrir le pays sans avoir \u00e0 se soucier de l&#8217;h\u00e9bergement.<\/p>\n<p> Conduire en Roumanie<\/strong> <\/h3>\n<p>\nEn Roumanie, de nombreuses autoroutes <strong>ne sont pas enti\u00e8rement construites et alternent entre des sections termin\u00e9es et des parties en construction ou des routes \u00e0 une seule voie dans chaque sens. Les principales autoroutes <strong>de Roumanie sont l&#8217;A1 (de Bucarest &#8211; Pite\u015fti &#8211; R\u00e2mnicu V\u00e2lcea &#8211; Sibiu &#8211; Deva &#8211; Timi\u015foara &#8211; Arad &#8211; vers N\u0103dlac en Hongrie), l&#8217;A2 (Bucarest &#8211; Fete\u015fti &#8211; Cernavod\u0103 vers Constan\u0163a), l&#8217;A3 (Bucarest &#8211; Fete\u015fti &#8211; Cernavod\u0103 vers Constan\u0163a) ; l&#8217;A3 qui va \u00e9galement de Bucarest \u00e0 Ploie\u015fti &#8211; Bra\u015fov &#8211; Sighi\u015foara &#8211; T\u00e2rgu Mure\u015f &#8211; Cluj-Napoca &#8211; Zal\u0103u &#8211; Oradea et Bor\u015f en Hongrie) ; l&#8217;A4 qui va d&#8217;Ovidiu \u00e0 Agigea &#8211; Mangalia et Vama Veche en Bulgarie.<\/p>\n<p>\nQue vous conduisiez votre propre v\u00e9hicule ou une voiture de location, il est fortement recommand\u00e9 de se munir d&#8217;un GPS ou d&#8217;une carte d\u00e9taill\u00e9e des routes de Roumanie, car les indications et les panneaux sont parfois confus ou inexistants.<\/p>\n<p>\nLes villes en Roumanie o\u00f9 vous pouvez louer une voiture sont :<\/p>\n<ul>\n<li>\nArad<\/li>\n<li>\nBacau<\/li>\n<li>\nBaia Mare<\/li>\n<li>\n<a href=\"https:\/\/roadtoromania.com\/fr\/villes-et-regions-de-roumanie\/brasov\/\">Brasov<\/a> .<\/li>\n<li>\n<a href=\"https:\/\/roadtoromania.com\/fr\/villes-et-regions-de-roumanie\/bucarest\/\">Bucarest<\/a> .<\/li>\n<li>.<br \/>\n<a href=\"https:\/\/roadtoromania.com\/fr\/villes-et-regions-de-roumanie\/cluj-napoca\/\">Cluj &#8211; Napoca<\/a> .<\/li>\n<li>\n<a href=\"https:\/\/roadtoromania.com\/fr\/villes-et-regions-de-roumanie\/constanza\/\">Constanta<\/a> .<\/li>\n<li>.<br \/>\n<a href=\"https:\/\/roadtoromania.com\/fr\/villes-et-regions-de-roumanie\/iasi\/\">Iasi<\/a> .<\/li>\n<li>.<br \/>\nOradea<\/li>\n<li>\n<a href=\"https:\/\/roadtoromania.com\/fr\/villes-et-regions-de-roumanie\/sibiu\/\">Sibiu<\/a> .<\/li>\n<li>\nSuceava<\/li>\n<li>\n<a href=\"https:\/\/roadtoromania.com\/fr\/villes-et-regions-de-roumanie\/timisoara\/\">Timisoara<\/a> .<\/li>\n<\/ul>\n","protected":false},"excerpt":{"rendered":"<p>Romania et RentalCars se sont associ\u00e9s pour vous offrir les meilleures offres de location de voitures dans le monde entier. Avec 4000 points de ramassage dans le monde, nous sommes s\u00fbrs que vous trouverez ce dont vous avez besoin. Utilisez le moteur de recherche pour louer une voiture en Roumanie. Veuillez noter que nous ne &hellip;<\/p>\n<p class=\"read-more\"> <a class=\"\" href=\"https:\/\/roadtoromania.com\/fr\/location-de-voitures-en-roumanie\/\"> <span class=\"screen-reader-text\">Location de voitures en Roumanie<\/span> Lire la suite \u00bb<\/a><\/p>\n","protected":false},"author":1,"featured_media":0,"parent":0,"menu_order":0,"comment_status":"open","ping_status":"open","template":"","meta":{"site-sidebar-layout":"default","site-content-layout":"default","ast-global-header-display":"","ast-main-header-display":"","ast-hfb-above-header-display":"","ast-hfb-below-header-display":"","ast-hfb-mobile-header-display":"","site-post-title":"","ast-breadcrumbs-content":"","ast-featured-img":"","footer-sml-layout":"","theme-transparent-header-meta":"","adv-header-id-meta":"","stick-header-meta":"","header-above-stick-meta":"","header-main-stick-meta":"","header-below-stick-meta":"","footnotes":""},"class_list":["post-3131","page","type-page","status-publish","hentry"],"yoast_head":"<!-- This site is optimized with the Yoast SEO plugin v19.10 - https:\/\/yoast.com\/wordpress\/plugins\/seo\/ -->\n<title>Location de voitures en Roumanie - Road to Romania<\/title>\n<meta name=\"robots\" content=\"index, follow, max-snippet:-1, max-image-preview:large, max-video-preview:-1\" \/>\n<link rel=\"canonical\" href=\"https:\/\/roadtoromania.com\/fr\/location-de-voitures-en-roumanie\/\" \/>\n<meta property=\"og:locale\" content=\"fr_FR\" \/>\n<meta property=\"og:type\" content=\"article\" \/>\n<meta property=\"og:title\" content=\"Location de voitures en Roumanie - Road to Romania\" \/>\n<meta property=\"og:description\" content=\"Romania et RentalCars se sont associ\u00e9s pour vous offrir les meilleures offres de location de voitures dans le monde entier. Avec 4000 points de ramassage dans le monde, nous sommes s\u00fbrs que vous trouverez ce dont vous avez besoin. Utilisez le moteur de recherche pour louer une voiture en Roumanie. Veuillez noter que nous ne &hellip; Location de voitures en Roumanie Lire la suite \u00bb\" \/>\n<meta property=\"og:url\" content=\"https:\/\/roadtoromania.com\/fr\/location-de-voitures-en-roumanie\/\" \/>\n<meta property=\"og:site_name\" content=\"Road to Romania\" \/>\n<meta property=\"article:modified_time\" content=\"2022-10-18T14:51:58+00:00\" \/>\n<meta name=\"twitter:card\" content=\"summary_large_image\" \/>\n<meta name=\"twitter:label1\" content=\"Dur\u00e9e de lecture estim\u00e9e\" \/>\n\t<meta name=\"twitter:data1\" content=\"2 minutes\" \/>\n<script type=\"application\/ld+json\" class=\"yoast-schema-graph\">{\"@context\":\"https:\/\/schema.org\",\"@graph\":[{\"@type\":\"WebPage\",\"@id\":\"https:\/\/roadtoromania.com\/fr\/location-de-voitures-en-roumanie\/\",\"url\":\"https:\/\/roadtoromania.com\/fr\/location-de-voitures-en-roumanie\/\",\"name\":\"Location de voitures en Roumanie - Road to Romania\",\"isPartOf\":{\"@id\":\"https:\/\/roadtoromania.com\/fr\/#website\"},\"datePublished\":\"2022-10-15T18:40:09+00:00\",\"dateModified\":\"2022-10-18T14:51:58+00:00\",\"breadcrumb\":{\"@id\":\"https:\/\/roadtoromania.com\/fr\/location-de-voitures-en-roumanie\/#breadcrumb\"},\"inLanguage\":\"fr-FR\",\"potentialAction\":[{\"@type\":\"ReadAction\",\"target\":[\"https:\/\/roadtoromania.com\/fr\/location-de-voitures-en-roumanie\/\"]}]},{\"@type\":\"BreadcrumbList\",\"@id\":\"https:\/\/roadtoromania.com\/fr\/location-de-voitures-en-roumanie\/#breadcrumb\",\"itemListElement\":[{\"@type\":\"ListItem\",\"position\":1,\"name\":\"Home\",\"item\":\"https:\/\/roadtoromania.com\/fr\/\"},{\"@type\":\"ListItem\",\"position\":2,\"name\":\"Location de voitures en Roumanie\"}]},{\"@type\":\"WebSite\",\"@id\":\"https:\/\/roadtoromania.com\/fr\/#website\",\"url\":\"https:\/\/roadtoromania.com\/fr\/\",\"name\":\"Road to Romania\",\"description\":\"Le blog o\u00f9 vous trouverez toutes les informations dont vous avez besoin pour profiter de la Roumanie.\",\"potentialAction\":[{\"@type\":\"SearchAction\",\"target\":{\"@type\":\"EntryPoint\",\"urlTemplate\":\"https:\/\/roadtoromania.com\/fr\/?s={search_term_string}\"},\"query-input\":\"required name=search_term_string\"}],\"inLanguage\":\"fr-FR\"}]}<\/script>\n<!-- \/ Yoast SEO plugin. -->","yoast_head_json":{"title":"Location de voitures en Roumanie - Road to Romania","robots":{"index":"index","follow":"follow","max-snippet":"max-snippet:-1","max-image-preview":"max-image-preview:large","max-video-preview":"max-video-preview:-1"},"canonical":"https:\/\/roadtoromania.com\/fr\/location-de-voitures-en-roumanie\/","og_locale":"fr_FR","og_type":"article","og_title":"Location de voitures en Roumanie - Road to Romania","og_description":"Romania et RentalCars se sont associ\u00e9s pour vous offrir les meilleures offres de location de voitures dans le monde entier. Avec 4000 points de ramassage dans le monde, nous sommes s\u00fbrs que vous trouverez ce dont vous avez besoin. Utilisez le moteur de recherche pour louer une voiture en Roumanie. Veuillez noter que nous ne &hellip; Location de voitures en Roumanie Lire la suite \u00bb","og_url":"https:\/\/roadtoromania.com\/fr\/location-de-voitures-en-roumanie\/","og_site_name":"Road to Romania","article_modified_time":"2022-10-18T14:51:58+00:00","twitter_card":"summary_large_image","twitter_misc":{"Dur\u00e9e de lecture estim\u00e9e":"2 minutes"},"schema":{"@context":"https:\/\/schema.org","@graph":[{"@type":"WebPage","@id":"https:\/\/roadtoromania.com\/fr\/location-de-voitures-en-roumanie\/","url":"https:\/\/roadtoromania.com\/fr\/location-de-voitures-en-roumanie\/","name":"Location de voitures en Roumanie - Road to Romania","isPartOf":{"@id":"https:\/\/roadtoromania.com\/fr\/#website"},"datePublished":"2022-10-15T18:40:09+00:00","dateModified":"2022-10-18T14:51:58+00:00","breadcrumb":{"@id":"https:\/\/roadtoromania.com\/fr\/location-de-voitures-en-roumanie\/#breadcrumb"},"inLanguage":"fr-FR","potentialAction":[{"@type":"ReadAction","target":["https:\/\/roadtoromania.com\/fr\/location-de-voitures-en-roumanie\/"]}]},{"@type":"BreadcrumbList","@id":"https:\/\/roadtoromania.com\/fr\/location-de-voitures-en-roumanie\/#breadcrumb","itemListElement":[{"@type":"ListItem","position":1,"name":"Home","item":"https:\/\/roadtoromania.com\/fr\/"},{"@type":"ListItem","position":2,"name":"Location de voitures en Roumanie"}]},{"@type":"WebSite","@id":"https:\/\/roadtoromania.com\/fr\/#website","url":"https:\/\/roadtoromania.com\/fr\/","name":"Road to Romania","description":"Le blog o\u00f9 vous trouverez toutes les informations dont vous avez besoin pour profiter de la Roumanie.","potentialAction":[{"@type":"SearchAction","target":{"@type":"EntryPoint","urlTemplate":"https:\/\/roadtoromania.com\/fr\/?s={search_term_string}"},"query-input":"required name=search_term_string"}],"inLanguage":"fr-FR"}]}},"_links":{"self":[{"href":"https:\/\/roadtoromania.com\/fr\/wp-json\/wp\/v2\/pages\/3131","targetHints":{"allow":["GET"]}}],"collection":[{"href":"https:\/\/roadtoromania.com\/fr\/wp-json\/wp\/v2\/pages"}],"about":[{"href":"https:\/\/roadtoromania.com\/fr\/wp-json\/wp\/v2\/types\/page"}],"author":[{"embeddable":true,"href":"https:\/\/roadtoromania.com\/fr\/wp-json\/wp\/v2\/users\/1"}],"replies":[{"embeddable":true,"href":"https:\/\/roadtoromania.com\/fr\/wp-json\/wp\/v2\/comments?post=3131"}],"version-history":[{"count":0,"href":"https:\/\/roadtoromania.com\/fr\/wp-json\/wp\/v2\/pages\/3131\/revisions"}],"wp:attachment":[{"href":"https:\/\/roadtoromania.com\/fr\/wp-json\/wp\/v2\/media?parent=3131"}],"curies":[{"name":"wp","href":"https:\/\/api.w.org\/{rel}","templated":true}]}}