{"id":3133,"date":"2022-10-15T18:40:09","date_gmt":"2022-10-15T18:40:09","guid":{"rendered":"https:\/\/roadtoromania.com\/auberges-et-pensions-de-famille-en-roumanie\/"},"modified":"2022-10-18T14:51:58","modified_gmt":"2022-10-18T14:51:58","slug":"auberges-et-pensions-de-famille-en-roumanie","status":"publish","type":"page","link":"https:\/\/roadtoromania.com\/fr\/hebergement-en-roumanie\/auberges-et-pensions-de-famille-en-roumanie\/","title":{"rendered":"Auberges et pensions de famille en Roumanie"},"content":{"rendered":"<p><a href=\"https:\/\/roadtoromania.com\/wp-content\/uploads\/2022\/10\/rumania-hostales-albergues.jpg\"><img decoding=\"async\" src=\"https:\/\/roadtoromania.com\/wp-content\/uploads\/2022\/10\/rumania-hostales-albergues.jpg\" \/><\/a> Une auberge pittoresque, pas toutes, en Roumanie. Photo par Wayne W G<\/p>\n<p>\nLes auberges et les pensions de famille en Roumanie sont un autre moyen de s\u00e9journer dans ce pays des Balkans. Ce type d&#8217;h\u00e9bergement est moins cher et plus \u00e9conomique que les h\u00f4tels et surtout offre beaucoup plus d&#8217;interaction avec les autres voyageurs.<\/p>\n<p>\nDormir dans des auberges et des pensions de famille peut \u00eatre un moyen de rencontrer plus de gens et de se faire de nombreux amis pendant notre voyage en Roumanie.<\/p>\n<p>\nLes auberges roumaines sont situ\u00e9es dans les principales villes, Bucarest, Cluj, Sibiu, Timisoara, Brasov, etc&#8230; mais notre partenaire vous permet de r\u00e9server votre auberge dans plus de 30 villes et villages de Roumanie, dont beaucoup dans un cadre naturel agr\u00e9able.<\/p>\n<p>\nCliquez sur l&#8217;annonce de notre partenaire et recherchez le logement qui vous convient le mieux. Outre les auberges et les pensions de famille, vous pouvez \u00e9galement r\u00e9server votre s\u00e9jour dans des campings et des h\u00f4tels.<\/p>\n","protected":false},"excerpt":{"rendered":"<p>Une auberge pittoresque, pas toutes, en Roumanie. Photo par Wayne W G Les auberges et les pensions de famille en Roumanie sont un autre moyen de s\u00e9journer dans ce pays des Balkans. Ce type d&#8217;h\u00e9bergement est moins cher et plus \u00e9conomique que les h\u00f4tels et surtout offre beaucoup plus d&#8217;interaction avec les autres voyageurs. Dormir &hellip;<\/p>\n<p class=\"read-more\"> <a class=\"\" href=\"https:\/\/roadtoromania.com\/fr\/hebergement-en-roumanie\/auberges-et-pensions-de-famille-en-roumanie\/\"> <span class=\"screen-reader-text\">Auberges et pensions de famille en Roumanie<\/span> Lire la suite \u00bb<\/a><\/p>\n","protected":false},"author":1,"featured_media":999,"parent":3128,"menu_order":0,"comment_status":"open","ping_status":"open","template":"","meta":{"site-sidebar-layout":"default","site-content-layout":"default","ast-global-header-display":"","ast-main-header-display":"","ast-hfb-above-header-display":"","ast-hfb-below-header-display":"","ast-hfb-mobile-header-display":"","site-post-title":"","ast-breadcrumbs-content":"","ast-featured-img":"","footer-sml-layout":"","theme-transparent-header-meta":"","adv-header-id-meta":"","stick-header-meta":"","header-above-stick-meta":"","header-main-stick-meta":"","header-below-stick-meta":"","footnotes":""},"class_list":["post-3133","page","type-page","status-publish","has-post-thumbnail","hentry"],"yoast_head":"<!-- This site is optimized with the Yoast SEO plugin v19.10 - https:\/\/yoast.com\/wordpress\/plugins\/seo\/ -->\n<title>Auberges et pensions de famille en Roumanie - Road to Romania<\/title>\n<meta name=\"robots\" content=\"index, follow, max-snippet:-1, max-image-preview:large, max-video-preview:-1\" \/>\n<link rel=\"canonical\" href=\"https:\/\/roadtoromania.com\/fr\/hebergement-en-roumanie\/auberges-et-pensions-de-famille-en-roumanie\/\" \/>\n<meta property=\"og:locale\" content=\"fr_FR\" \/>\n<meta property=\"og:type\" content=\"article\" \/>\n<meta property=\"og:title\" content=\"Auberges et pensions de famille en Roumanie - Road to Romania\" \/>\n<meta property=\"og:description\" content=\"Une auberge pittoresque, pas toutes, en Roumanie. Photo par Wayne W G Les auberges et les pensions de famille en Roumanie sont un autre moyen de s\u00e9journer dans ce pays des Balkans. Ce type d&#8217;h\u00e9bergement est moins cher et plus \u00e9conomique que les h\u00f4tels et surtout offre beaucoup plus d&#8217;interaction avec les autres voyageurs. Dormir &hellip; Auberges et pensions de famille en Roumanie Lire la suite \u00bb\" \/>\n<meta property=\"og:url\" content=\"https:\/\/roadtoromania.com\/fr\/hebergement-en-roumanie\/auberges-et-pensions-de-famille-en-roumanie\/\" \/>\n<meta property=\"og:site_name\" content=\"Road to Romania\" \/>\n<meta property=\"article:modified_time\" content=\"2022-10-18T14:51:58+00:00\" \/>\n<meta property=\"og:image\" content=\"https:\/\/roadtoromania.com\/wp-content\/uploads\/2022\/10\/rumania-hostales-albergues-1.jpg\" \/>\n\t<meta property=\"og:image:width\" content=\"640\" \/>\n\t<meta property=\"og:image:height\" content=\"400\" \/>\n\t<meta property=\"og:image:type\" content=\"image\/jpeg\" \/>\n<meta name=\"twitter:card\" content=\"summary_large_image\" \/>\n<meta name=\"twitter:label1\" content=\"Dur\u00e9e de lecture estim\u00e9e\" \/>\n\t<meta name=\"twitter:data1\" content=\"1 minute\" \/>\n<script type=\"application\/ld+json\" class=\"yoast-schema-graph\">{\"@context\":\"https:\/\/schema.org\",\"@graph\":[{\"@type\":\"WebPage\",\"@id\":\"https:\/\/roadtoromania.com\/fr\/hebergement-en-roumanie\/auberges-et-pensions-de-famille-en-roumanie\/\",\"url\":\"https:\/\/roadtoromania.com\/fr\/hebergement-en-roumanie\/auberges-et-pensions-de-famille-en-roumanie\/\",\"name\":\"Auberges et pensions de famille en Roumanie - Road to Romania\",\"isPartOf\":{\"@id\":\"https:\/\/roadtoromania.com\/fr\/#website\"},\"datePublished\":\"2022-10-15T18:40:09+00:00\",\"dateModified\":\"2022-10-18T14:51:58+00:00\",\"breadcrumb\":{\"@id\":\"https:\/\/roadtoromania.com\/fr\/hebergement-en-roumanie\/auberges-et-pensions-de-famille-en-roumanie\/#breadcrumb\"},\"inLanguage\":\"fr-FR\",\"potentialAction\":[{\"@type\":\"ReadAction\",\"target\":[\"https:\/\/roadtoromania.com\/fr\/hebergement-en-roumanie\/auberges-et-pensions-de-famille-en-roumanie\/\"]}]},{\"@type\":\"BreadcrumbList\",\"@id\":\"https:\/\/roadtoromania.com\/fr\/hebergement-en-roumanie\/auberges-et-pensions-de-famille-en-roumanie\/#breadcrumb\",\"itemListElement\":[{\"@type\":\"ListItem\",\"position\":1,\"name\":\"Home\",\"item\":\"https:\/\/roadtoromania.com\/fr\/\"},{\"@type\":\"ListItem\",\"position\":2,\"name\":\"Auberges et pensions de famille en Roumanie\"}]},{\"@type\":\"WebSite\",\"@id\":\"https:\/\/roadtoromania.com\/fr\/#website\",\"url\":\"https:\/\/roadtoromania.com\/fr\/\",\"name\":\"Road to Romania\",\"description\":\"Le blog o\u00f9 vous trouverez toutes les informations dont vous avez besoin pour profiter de la Roumanie.\",\"potentialAction\":[{\"@type\":\"SearchAction\",\"target\":{\"@type\":\"EntryPoint\",\"urlTemplate\":\"https:\/\/roadtoromania.com\/fr\/?s={search_term_string}\"},\"query-input\":\"required name=search_term_string\"}],\"inLanguage\":\"fr-FR\"}]}<\/script>\n<!-- \/ Yoast SEO plugin. -->","yoast_head_json":{"title":"Auberges et pensions de famille en Roumanie - Road to Romania","robots":{"index":"index","follow":"follow","max-snippet":"max-snippet:-1","max-image-preview":"max-image-preview:large","max-video-preview":"max-video-preview:-1"},"canonical":"https:\/\/roadtoromania.com\/fr\/hebergement-en-roumanie\/auberges-et-pensions-de-famille-en-roumanie\/","og_locale":"fr_FR","og_type":"article","og_title":"Auberges et pensions de famille en Roumanie - Road to Romania","og_description":"Une auberge pittoresque, pas toutes, en Roumanie. Photo par Wayne W G Les auberges et les pensions de famille en Roumanie sont un autre moyen de s\u00e9journer dans ce pays des Balkans. Ce type d&#8217;h\u00e9bergement est moins cher et plus \u00e9conomique que les h\u00f4tels et surtout offre beaucoup plus d&#8217;interaction avec les autres voyageurs. Dormir &hellip; Auberges et pensions de famille en Roumanie Lire la suite \u00bb","og_url":"https:\/\/roadtoromania.com\/fr\/hebergement-en-roumanie\/auberges-et-pensions-de-famille-en-roumanie\/","og_site_name":"Road to Romania","article_modified_time":"2022-10-18T14:51:58+00:00","og_image":[{"width":640,"height":400,"url":"https:\/\/roadtoromania.com\/wp-content\/uploads\/2022\/10\/rumania-hostales-albergues-1.jpg","type":"image\/jpeg"}],"twitter_card":"summary_large_image","twitter_misc":{"Dur\u00e9e de lecture estim\u00e9e":"1 minute"},"schema":{"@context":"https:\/\/schema.org","@graph":[{"@type":"WebPage","@id":"https:\/\/roadtoromania.com\/fr\/hebergement-en-roumanie\/auberges-et-pensions-de-famille-en-roumanie\/","url":"https:\/\/roadtoromania.com\/fr\/hebergement-en-roumanie\/auberges-et-pensions-de-famille-en-roumanie\/","name":"Auberges et pensions de famille en Roumanie - Road to Romania","isPartOf":{"@id":"https:\/\/roadtoromania.com\/fr\/#website"},"datePublished":"2022-10-15T18:40:09+00:00","dateModified":"2022-10-18T14:51:58+00:00","breadcrumb":{"@id":"https:\/\/roadtoromania.com\/fr\/hebergement-en-roumanie\/auberges-et-pensions-de-famille-en-roumanie\/#breadcrumb"},"inLanguage":"fr-FR","potentialAction":[{"@type":"ReadAction","target":["https:\/\/roadtoromania.com\/fr\/hebergement-en-roumanie\/auberges-et-pensions-de-famille-en-roumanie\/"]}]},{"@type":"BreadcrumbList","@id":"https:\/\/roadtoromania.com\/fr\/hebergement-en-roumanie\/auberges-et-pensions-de-famille-en-roumanie\/#breadcrumb","itemListElement":[{"@type":"ListItem","position":1,"name":"Home","item":"https:\/\/roadtoromania.com\/fr\/"},{"@type":"ListItem","position":2,"name":"Auberges et pensions de famille en Roumanie"}]},{"@type":"WebSite","@id":"https:\/\/roadtoromania.com\/fr\/#website","url":"https:\/\/roadtoromania.com\/fr\/","name":"Road to Romania","description":"Le blog o\u00f9 vous trouverez toutes les informations dont vous avez besoin pour profiter de la Roumanie.","potentialAction":[{"@type":"SearchAction","target":{"@type":"EntryPoint","urlTemplate":"https:\/\/roadtoromania.com\/fr\/?s={search_term_string}"},"query-input":"required name=search_term_string"}],"inLanguage":"fr-FR"}]}},"_links":{"self":[{"href":"https:\/\/roadtoromania.com\/fr\/wp-json\/wp\/v2\/pages\/3133","targetHints":{"allow":["GET"]}}],"collection":[{"href":"https:\/\/roadtoromania.com\/fr\/wp-json\/wp\/v2\/pages"}],"about":[{"href":"https:\/\/roadtoromania.com\/fr\/wp-json\/wp\/v2\/types\/page"}],"author":[{"embeddable":true,"href":"https:\/\/roadtoromania.com\/fr\/wp-json\/wp\/v2\/users\/1"}],"replies":[{"embeddable":true,"href":"https:\/\/roadtoromania.com\/fr\/wp-json\/wp\/v2\/comments?post=3133"}],"version-history":[{"count":0,"href":"https:\/\/roadtoromania.com\/fr\/wp-json\/wp\/v2\/pages\/3133\/revisions"}],"up":[{"embeddable":true,"href":"https:\/\/roadtoromania.com\/fr\/wp-json\/wp\/v2\/pages\/3128"}],"wp:featuredmedia":[{"embeddable":true,"href":"https:\/\/roadtoromania.com\/fr\/wp-json\/wp\/v2\/media\/999"}],"wp:attachment":[{"href":"https:\/\/roadtoromania.com\/fr\/wp-json\/wp\/v2\/media?parent=3133"}],"curies":[{"name":"wp","href":"https:\/\/api.w.org\/{rel}","templated":true}]}}