{"id":3135,"date":"2022-10-15T18:40:09","date_gmt":"2022-10-15T18:40:09","guid":{"rendered":"https:\/\/roadtoromania.com\/louer-un-camping-car-ou-une-caravane-en-roumanie\/"},"modified":"2022-10-18T14:51:58","modified_gmt":"2022-10-18T14:51:58","slug":"louer-un-camping-car-ou-une-caravane-en-roumanie","status":"publish","type":"page","link":"https:\/\/roadtoromania.com\/fr\/louer-un-camping-car-ou-une-caravane-en-roumanie\/","title":{"rendered":"Louer un camping-car ou une caravane en Roumanie"},"content":{"rendered":"<p><img decoding=\"async\" src=\"https:\/\/roadtoromania.com\/wp-content\/uploads\/2022\/10\/autocaravana-portugal-campervan.jpg\" \/>Louer un camping-car ou une caravane en Roumanie<\/p>\n<p>\nVoyager en camping-car ou en camping-car en Roumanie est une bonne option pour parcourir un pays qui invite \u00e0 s&#8217;arr\u00eater pour d\u00e9couvrir les sites naturels, les villes, les petits villages de charme, la gastronomie,&#8230; D&#8217;autre part, le camping-car ou le camping-car est un moyen de transport qui donne <strong>beaucoup de libert\u00e9 pour se d\u00e9placer<\/strong> , avec le grand avantage de ne pas avoir \u00e0 penser \u00e0 la recherche d&#8217;un logement. Partez pour un &#8220;road trip&#8221; en camping-car ou en caravane en Roumanie pour d\u00e9couvrir les r\u00e9gions de Transylvanie, Maramures, Bucovine, Moldavie, Crisana, Valachie et Dobrogea, qui vous surprendront par leur richesse monumentale, naturelle, culturelle et gastronomique. Et aussi des villes comme Sibiu, Cluj Napona, Brasov, Tulcea, Bucarest,&#8230;<\/p>\n<p> R\u00e9servez un camping-car ou une caravane en Roumanie<\/b> <\/p>\n<p>\nDans notre guide, vous pouvez louer un camping-car ou une caravane pour voyager en Roumanie, et le r\u00e9cup\u00e9rer dans la capitale, <strong>Bucarest<\/strong> . N&#8217;oubliez pas de r\u00e9server votre camping-car ou votre caravane <strong>\u00e0 l&#8217;avance<\/strong> , car en haute saison, la demande est plus forte et de nombreuses personnes d\u00e9cident de passer leurs vacances en Roumanie.<\/p>\n<p>\nR\u00e9server un camping-car ou une caravane en Roumanie est tr\u00e8s facile : il suffit de rechercher les dates, le type de v\u00e9hicule et le lieu de prise en charge et de restitution dans le moteur de recherche <strong>ci-dessous<\/strong> :<\/p>\n","protected":false},"excerpt":{"rendered":"<p>Louer un camping-car ou une caravane en Roumanie Voyager en camping-car ou en camping-car en Roumanie est une bonne option pour parcourir un pays qui invite \u00e0 s&#8217;arr\u00eater pour d\u00e9couvrir les sites naturels, les villes, les petits villages de charme, la gastronomie,&#8230; D&#8217;autre part, le camping-car ou le camping-car est un moyen de transport qui &hellip;<\/p>\n<p class=\"read-more\"> <a class=\"\" href=\"https:\/\/roadtoromania.com\/fr\/louer-un-camping-car-ou-une-caravane-en-roumanie\/\"> <span class=\"screen-reader-text\">Louer un camping-car ou une caravane en Roumanie<\/span> Lire la suite \u00bb<\/a><\/p>\n","protected":false},"author":1,"featured_media":1015,"parent":0,"menu_order":0,"comment_status":"open","ping_status":"open","template":"","meta":{"site-sidebar-layout":"default","site-content-layout":"default","ast-global-header-display":"","ast-main-header-display":"","ast-hfb-above-header-display":"","ast-hfb-below-header-display":"","ast-hfb-mobile-header-display":"","site-post-title":"","ast-breadcrumbs-content":"","ast-featured-img":"","footer-sml-layout":"","theme-transparent-header-meta":"","adv-header-id-meta":"","stick-header-meta":"","header-above-stick-meta":"","header-main-stick-meta":"","header-below-stick-meta":"","footnotes":""},"class_list":["post-3135","page","type-page","status-publish","has-post-thumbnail","hentry"],"yoast_head":"<!-- This site is optimized with the Yoast SEO plugin v19.10 - https:\/\/yoast.com\/wordpress\/plugins\/seo\/ -->\n<title>Louer un camping-car ou une caravane en Roumanie - Road to Romania<\/title>\n<meta name=\"robots\" content=\"index, follow, max-snippet:-1, max-image-preview:large, max-video-preview:-1\" \/>\n<link rel=\"canonical\" href=\"https:\/\/roadtoromania.com\/fr\/louer-un-camping-car-ou-une-caravane-en-roumanie\/\" \/>\n<meta property=\"og:locale\" content=\"fr_FR\" \/>\n<meta property=\"og:type\" content=\"article\" \/>\n<meta property=\"og:title\" content=\"Louer un camping-car ou une caravane en Roumanie - Road to Romania\" \/>\n<meta property=\"og:description\" content=\"Louer un camping-car ou une caravane en Roumanie Voyager en camping-car ou en camping-car en Roumanie est une bonne option pour parcourir un pays qui invite \u00e0 s&#8217;arr\u00eater pour d\u00e9couvrir les sites naturels, les villes, les petits villages de charme, la gastronomie,&#8230; D&#8217;autre part, le camping-car ou le camping-car est un moyen de transport qui &hellip; Louer un camping-car ou une caravane en Roumanie Lire la suite \u00bb\" \/>\n<meta property=\"og:url\" content=\"https:\/\/roadtoromania.com\/fr\/louer-un-camping-car-ou-une-caravane-en-roumanie\/\" \/>\n<meta property=\"og:site_name\" content=\"Road to Romania\" \/>\n<meta property=\"article:modified_time\" content=\"2022-10-18T14:51:58+00:00\" \/>\n<meta property=\"og:image\" content=\"https:\/\/roadtoromania.com\/wp-content\/uploads\/2022\/10\/autocaravana-portugal-campervan-1.jpg\" \/>\n\t<meta property=\"og:image:width\" content=\"512\" \/>\n\t<meta property=\"og:image:height\" content=\"342\" \/>\n\t<meta property=\"og:image:type\" content=\"image\/jpeg\" \/>\n<meta name=\"twitter:card\" content=\"summary_large_image\" \/>\n<meta name=\"twitter:label1\" content=\"Dur\u00e9e de lecture estim\u00e9e\" \/>\n\t<meta name=\"twitter:data1\" content=\"1 minute\" \/>\n<script type=\"application\/ld+json\" class=\"yoast-schema-graph\">{\"@context\":\"https:\/\/schema.org\",\"@graph\":[{\"@type\":\"WebPage\",\"@id\":\"https:\/\/roadtoromania.com\/fr\/louer-un-camping-car-ou-une-caravane-en-roumanie\/\",\"url\":\"https:\/\/roadtoromania.com\/fr\/louer-un-camping-car-ou-une-caravane-en-roumanie\/\",\"name\":\"Louer un camping-car ou une caravane en Roumanie - Road to Romania\",\"isPartOf\":{\"@id\":\"https:\/\/roadtoromania.com\/fr\/#website\"},\"datePublished\":\"2022-10-15T18:40:09+00:00\",\"dateModified\":\"2022-10-18T14:51:58+00:00\",\"breadcrumb\":{\"@id\":\"https:\/\/roadtoromania.com\/fr\/louer-un-camping-car-ou-une-caravane-en-roumanie\/#breadcrumb\"},\"inLanguage\":\"fr-FR\",\"potentialAction\":[{\"@type\":\"ReadAction\",\"target\":[\"https:\/\/roadtoromania.com\/fr\/louer-un-camping-car-ou-une-caravane-en-roumanie\/\"]}]},{\"@type\":\"BreadcrumbList\",\"@id\":\"https:\/\/roadtoromania.com\/fr\/louer-un-camping-car-ou-une-caravane-en-roumanie\/#breadcrumb\",\"itemListElement\":[{\"@type\":\"ListItem\",\"position\":1,\"name\":\"Home\",\"item\":\"https:\/\/roadtoromania.com\/fr\/\"},{\"@type\":\"ListItem\",\"position\":2,\"name\":\"Louer un camping-car ou une caravane en Roumanie\"}]},{\"@type\":\"WebSite\",\"@id\":\"https:\/\/roadtoromania.com\/fr\/#website\",\"url\":\"https:\/\/roadtoromania.com\/fr\/\",\"name\":\"Road to Romania\",\"description\":\"Le blog o\u00f9 vous trouverez toutes les informations dont vous avez besoin pour profiter de la Roumanie.\",\"potentialAction\":[{\"@type\":\"SearchAction\",\"target\":{\"@type\":\"EntryPoint\",\"urlTemplate\":\"https:\/\/roadtoromania.com\/fr\/?s={search_term_string}\"},\"query-input\":\"required name=search_term_string\"}],\"inLanguage\":\"fr-FR\"}]}<\/script>\n<!-- \/ Yoast SEO plugin. -->","yoast_head_json":{"title":"Louer un camping-car ou une caravane en Roumanie - Road to Romania","robots":{"index":"index","follow":"follow","max-snippet":"max-snippet:-1","max-image-preview":"max-image-preview:large","max-video-preview":"max-video-preview:-1"},"canonical":"https:\/\/roadtoromania.com\/fr\/louer-un-camping-car-ou-une-caravane-en-roumanie\/","og_locale":"fr_FR","og_type":"article","og_title":"Louer un camping-car ou une caravane en Roumanie - Road to Romania","og_description":"Louer un camping-car ou une caravane en Roumanie Voyager en camping-car ou en camping-car en Roumanie est une bonne option pour parcourir un pays qui invite \u00e0 s&#8217;arr\u00eater pour d\u00e9couvrir les sites naturels, les villes, les petits villages de charme, la gastronomie,&#8230; D&#8217;autre part, le camping-car ou le camping-car est un moyen de transport qui &hellip; Louer un camping-car ou une caravane en Roumanie Lire la suite \u00bb","og_url":"https:\/\/roadtoromania.com\/fr\/louer-un-camping-car-ou-une-caravane-en-roumanie\/","og_site_name":"Road to Romania","article_modified_time":"2022-10-18T14:51:58+00:00","og_image":[{"width":512,"height":342,"url":"https:\/\/roadtoromania.com\/wp-content\/uploads\/2022\/10\/autocaravana-portugal-campervan-1.jpg","type":"image\/jpeg"}],"twitter_card":"summary_large_image","twitter_misc":{"Dur\u00e9e de lecture estim\u00e9e":"1 minute"},"schema":{"@context":"https:\/\/schema.org","@graph":[{"@type":"WebPage","@id":"https:\/\/roadtoromania.com\/fr\/louer-un-camping-car-ou-une-caravane-en-roumanie\/","url":"https:\/\/roadtoromania.com\/fr\/louer-un-camping-car-ou-une-caravane-en-roumanie\/","name":"Louer un camping-car ou une caravane en Roumanie - Road to Romania","isPartOf":{"@id":"https:\/\/roadtoromania.com\/fr\/#website"},"datePublished":"2022-10-15T18:40:09+00:00","dateModified":"2022-10-18T14:51:58+00:00","breadcrumb":{"@id":"https:\/\/roadtoromania.com\/fr\/louer-un-camping-car-ou-une-caravane-en-roumanie\/#breadcrumb"},"inLanguage":"fr-FR","potentialAction":[{"@type":"ReadAction","target":["https:\/\/roadtoromania.com\/fr\/louer-un-camping-car-ou-une-caravane-en-roumanie\/"]}]},{"@type":"BreadcrumbList","@id":"https:\/\/roadtoromania.com\/fr\/louer-un-camping-car-ou-une-caravane-en-roumanie\/#breadcrumb","itemListElement":[{"@type":"ListItem","position":1,"name":"Home","item":"https:\/\/roadtoromania.com\/fr\/"},{"@type":"ListItem","position":2,"name":"Louer un camping-car ou une caravane en Roumanie"}]},{"@type":"WebSite","@id":"https:\/\/roadtoromania.com\/fr\/#website","url":"https:\/\/roadtoromania.com\/fr\/","name":"Road to Romania","description":"Le blog o\u00f9 vous trouverez toutes les informations dont vous avez besoin pour profiter de la Roumanie.","potentialAction":[{"@type":"SearchAction","target":{"@type":"EntryPoint","urlTemplate":"https:\/\/roadtoromania.com\/fr\/?s={search_term_string}"},"query-input":"required name=search_term_string"}],"inLanguage":"fr-FR"}]}},"_links":{"self":[{"href":"https:\/\/roadtoromania.com\/fr\/wp-json\/wp\/v2\/pages\/3135","targetHints":{"allow":["GET"]}}],"collection":[{"href":"https:\/\/roadtoromania.com\/fr\/wp-json\/wp\/v2\/pages"}],"about":[{"href":"https:\/\/roadtoromania.com\/fr\/wp-json\/wp\/v2\/types\/page"}],"author":[{"embeddable":true,"href":"https:\/\/roadtoromania.com\/fr\/wp-json\/wp\/v2\/users\/1"}],"replies":[{"embeddable":true,"href":"https:\/\/roadtoromania.com\/fr\/wp-json\/wp\/v2\/comments?post=3135"}],"version-history":[{"count":0,"href":"https:\/\/roadtoromania.com\/fr\/wp-json\/wp\/v2\/pages\/3135\/revisions"}],"wp:featuredmedia":[{"embeddable":true,"href":"https:\/\/roadtoromania.com\/fr\/wp-json\/wp\/v2\/media\/1015"}],"wp:attachment":[{"href":"https:\/\/roadtoromania.com\/fr\/wp-json\/wp\/v2\/media?parent=3135"}],"curies":[{"name":"wp","href":"https:\/\/api.w.org\/{rel}","templated":true}]}}