{"id":3136,"date":"2022-10-15T18:40:09","date_gmt":"2022-10-15T18:40:09","guid":{"rendered":"https:\/\/roadtoromania.com\/hotels-en-bucarest\/"},"modified":"2022-10-22T12:27:20","modified_gmt":"2022-10-22T12:27:20","slug":"hotels-en-bucarest","status":"publish","type":"page","link":"https:\/\/roadtoromania.com\/fr\/hebergement-en-roumanie\/hotels-en-bucarest\/","title":{"rendered":"H\u00f4tels en Bucarest"},"content":{"rendered":"<p>La capitale de la Roumanie fait l&#8217;objet d&#8217;une r\u00e9novation architecturale. Plusieurs de ses avenues ressemblent d\u00e9j\u00e0 aux rues de Paris, tandis que d&#8217;autres rappellent Moscou et d&#8217;autres capitales d&#8217;Europe de l&#8217;Est. Il existe un large \u00e9ventail d&#8217;h\u00f4tels et, pour le moment, il y a un avantage int\u00e9ressant : le prix. Les h\u00f4tels cinq \u00e9toiles peuvent co\u00fbter 120 \u20ac par nuit, ce qui est assez bon march\u00e9. Par cons\u00e9quent, les h\u00f4tels 3 et 4 \u00e9toiles sont assez bon march\u00e9.<\/p>\n<p>\nLes cha\u00eenes d&#8217;h\u00f4tels \u00e0 bas prix ne sont pas encore arriv\u00e9es \u00e0 Bucarest, mais comme nous l&#8217;avons dit pr\u00e9c\u00e9demment, l&#8217;offre est suffisamment abondante pour ne pas avoir de probl\u00e8me de choix. La qualit\u00e9 est variable comme dans toute autre ville du monde, mais \u00e9tant donn\u00e9 que les prix sont bas, nous pouvons choisir un h\u00f4tel de cat\u00e9gorie sup\u00e9rieure et profiter de ses services.<\/p>\n<p><img decoding=\"async\" src=\"https:\/\/roadtoromania.com\/wp-content\/uploads\/2022\/10\/hotels-in-bucharest.jpg\" alt=\"\" \/><br \/>\n <strong>O\u00f9 rester.<\/strong> <\/p>\n<p>\nComme la plupart des sites touristiques de la capitale roumaine sont situ\u00e9s dans le centre et que vous pouvez vous y promener sans probl\u00e8me, nous vous recommandons de choisir un h\u00f4tel dans le centre de la ville. Ainsi, vous ne perdrez pas de temps \u00e0 vous d\u00e9placer et vous pourrez rentrer \u00e0 pied des bars et restaurants \u00e0 votre logement.<\/p>\n<p>\nLes zones les plus int\u00e9ressantes sont celles qui entourent la vieille ville de Bucarest. Par exemple,<\/strong> la zone du parc Cismigiu et du boulevard Regina Elisabetta, la rue parisienne Calea Victoriei ou la zone du m\u00e9tro Universitate<\/strong> , toutes tr\u00e8s centrales.<\/p>\n<p> H\u00f4tels \u00e0 Bucarest<\/strong> <\/p>\n<p>\nLes h\u00f4tels de Bucarest disposent de tous les services n\u00e9cessaires \u00e0 un s\u00e9jour agr\u00e9able dans la capitale de la Roumanie. Les petits d\u00e9jeuners buffet sont tr\u00e8s copieux et bon march\u00e9. Comme il n&#8217;y a pas beaucoup d&#8217;endroits pour prendre le petit-d\u00e9jeuner \u00e0 l&#8217;ext\u00e9rieur, n&#8217;excluez pas de le prendre \u00e0 l&#8217;h\u00f4tel.<\/p>\n<p>\nUn autre aspect tr\u00e8s int\u00e9ressant de Bucarest et de ses h\u00f4tels est que la vitesse de l&#8217;internet est tr\u00e8s rapide, ce qui est surprenant au d\u00e9but, mais on s&#8217;y habitue rapidement. Les h\u00f4tels offrent g\u00e9n\u00e9ralement ce service gratuitement.<\/p>\n<p>\nPour plus d&#8217;informations sur les h\u00f4tels, les prix et les possibilit\u00e9s de r\u00e9servation, veuillez cliquer sur les liens ci-dessous.<\/p>\n","protected":false},"excerpt":{"rendered":"<p>La capitale de la Roumanie fait l&#8217;objet d&#8217;une r\u00e9novation architecturale. Plusieurs de ses avenues ressemblent d\u00e9j\u00e0 aux rues de Paris, tandis que d&#8217;autres rappellent Moscou et d&#8217;autres capitales d&#8217;Europe de l&#8217;Est. Il existe un large \u00e9ventail d&#8217;h\u00f4tels et, pour le moment, il y a un avantage int\u00e9ressant : le prix. Les h\u00f4tels cinq \u00e9toiles peuvent &hellip;<\/p>\n<p class=\"read-more\"> <a class=\"\" href=\"https:\/\/roadtoromania.com\/fr\/hebergement-en-roumanie\/hotels-en-bucarest\/\"> <span class=\"screen-reader-text\">H\u00f4tels en Bucarest<\/span> Lire la suite \u00bb<\/a><\/p>\n","protected":false},"author":1,"featured_media":4264,"parent":3128,"menu_order":0,"comment_status":"open","ping_status":"open","template":"","meta":{"site-sidebar-layout":"default","site-content-layout":"default","ast-global-header-display":"","ast-main-header-display":"","ast-hfb-above-header-display":"","ast-hfb-below-header-display":"","ast-hfb-mobile-header-display":"","site-post-title":"","ast-breadcrumbs-content":"","ast-featured-img":"","footer-sml-layout":"","theme-transparent-header-meta":"default","adv-header-id-meta":"","stick-header-meta":"default","header-above-stick-meta":"","header-main-stick-meta":"","header-below-stick-meta":"","footnotes":""},"class_list":["post-3136","page","type-page","status-publish","has-post-thumbnail","hentry"],"yoast_head":"<!-- This site is optimized with the Yoast SEO plugin v19.10 - https:\/\/yoast.com\/wordpress\/plugins\/seo\/ -->\n<title>H\u00f4tels en Bucarest - Road to Romania<\/title>\n<meta name=\"robots\" content=\"index, follow, max-snippet:-1, max-image-preview:large, max-video-preview:-1\" \/>\n<link rel=\"canonical\" href=\"https:\/\/roadtoromania.com\/fr\/hebergement-en-roumanie\/hotels-en-bucarest\/\" \/>\n<meta property=\"og:locale\" content=\"fr_FR\" \/>\n<meta property=\"og:type\" content=\"article\" \/>\n<meta property=\"og:title\" content=\"H\u00f4tels en Bucarest - Road to Romania\" \/>\n<meta property=\"og:description\" content=\"La capitale de la Roumanie fait l&#8217;objet d&#8217;une r\u00e9novation architecturale. Plusieurs de ses avenues ressemblent d\u00e9j\u00e0 aux rues de Paris, tandis que d&#8217;autres rappellent Moscou et d&#8217;autres capitales d&#8217;Europe de l&#8217;Est. Il existe un large \u00e9ventail d&#8217;h\u00f4tels et, pour le moment, il y a un avantage int\u00e9ressant : le prix. Les h\u00f4tels cinq \u00e9toiles peuvent &hellip; H\u00f4tels en Bucarest Lire la suite \u00bb\" \/>\n<meta property=\"og:url\" content=\"https:\/\/roadtoromania.com\/fr\/hebergement-en-roumanie\/hotels-en-bucarest\/\" \/>\n<meta property=\"og:site_name\" content=\"Road to Romania\" \/>\n<meta property=\"article:modified_time\" content=\"2022-10-22T12:27:20+00:00\" \/>\n<meta property=\"og:image\" content=\"https:\/\/roadtoromania.com\/wp-content\/uploads\/2022\/10\/bucarest-hoteles-rumania-1.jpg\" \/>\n\t<meta property=\"og:image:width\" content=\"631\" \/>\n\t<meta property=\"og:image:height\" content=\"700\" \/>\n\t<meta property=\"og:image:type\" content=\"image\/jpeg\" \/>\n<meta name=\"twitter:card\" content=\"summary_large_image\" \/>\n<meta name=\"twitter:label1\" content=\"Dur\u00e9e de lecture estim\u00e9e\" \/>\n\t<meta name=\"twitter:data1\" content=\"3 minutes\" \/>\n<script type=\"application\/ld+json\" class=\"yoast-schema-graph\">{\"@context\":\"https:\/\/schema.org\",\"@graph\":[{\"@type\":\"WebPage\",\"@id\":\"https:\/\/roadtoromania.com\/fr\/hebergement-en-roumanie\/hotels-en-bucarest\/\",\"url\":\"https:\/\/roadtoromania.com\/fr\/hebergement-en-roumanie\/hotels-en-bucarest\/\",\"name\":\"H\u00f4tels en Bucarest - Road to Romania\",\"isPartOf\":{\"@id\":\"https:\/\/roadtoromania.com\/fr\/#website\"},\"datePublished\":\"2022-10-15T18:40:09+00:00\",\"dateModified\":\"2022-10-22T12:27:20+00:00\",\"breadcrumb\":{\"@id\":\"https:\/\/roadtoromania.com\/fr\/hebergement-en-roumanie\/hotels-en-bucarest\/#breadcrumb\"},\"inLanguage\":\"fr-FR\",\"potentialAction\":[{\"@type\":\"ReadAction\",\"target\":[\"https:\/\/roadtoromania.com\/fr\/hebergement-en-roumanie\/hotels-en-bucarest\/\"]}]},{\"@type\":\"BreadcrumbList\",\"@id\":\"https:\/\/roadtoromania.com\/fr\/hebergement-en-roumanie\/hotels-en-bucarest\/#breadcrumb\",\"itemListElement\":[{\"@type\":\"ListItem\",\"position\":1,\"name\":\"Home\",\"item\":\"https:\/\/roadtoromania.com\/fr\/\"},{\"@type\":\"ListItem\",\"position\":2,\"name\":\"H\u00e9bergement en Roumanie\",\"item\":\"https:\/\/roadtoromania.com\/fr\/hebergement-en-roumanie\/\"},{\"@type\":\"ListItem\",\"position\":3,\"name\":\"H\u00f4tels en Bucarest\"}]},{\"@type\":\"WebSite\",\"@id\":\"https:\/\/roadtoromania.com\/fr\/#website\",\"url\":\"https:\/\/roadtoromania.com\/fr\/\",\"name\":\"Road to Romania\",\"description\":\"Le blog o\u00f9 vous trouverez toutes les informations dont vous avez besoin pour profiter de la Roumanie.\",\"potentialAction\":[{\"@type\":\"SearchAction\",\"target\":{\"@type\":\"EntryPoint\",\"urlTemplate\":\"https:\/\/roadtoromania.com\/fr\/?s={search_term_string}\"},\"query-input\":\"required name=search_term_string\"}],\"inLanguage\":\"fr-FR\"}]}<\/script>\n<!-- \/ Yoast SEO plugin. -->","yoast_head_json":{"title":"H\u00f4tels en Bucarest - Road to Romania","robots":{"index":"index","follow":"follow","max-snippet":"max-snippet:-1","max-image-preview":"max-image-preview:large","max-video-preview":"max-video-preview:-1"},"canonical":"https:\/\/roadtoromania.com\/fr\/hebergement-en-roumanie\/hotels-en-bucarest\/","og_locale":"fr_FR","og_type":"article","og_title":"H\u00f4tels en Bucarest - Road to Romania","og_description":"La capitale de la Roumanie fait l&#8217;objet d&#8217;une r\u00e9novation architecturale. Plusieurs de ses avenues ressemblent d\u00e9j\u00e0 aux rues de Paris, tandis que d&#8217;autres rappellent Moscou et d&#8217;autres capitales d&#8217;Europe de l&#8217;Est. Il existe un large \u00e9ventail d&#8217;h\u00f4tels et, pour le moment, il y a un avantage int\u00e9ressant : le prix. Les h\u00f4tels cinq \u00e9toiles peuvent &hellip; H\u00f4tels en Bucarest Lire la suite \u00bb","og_url":"https:\/\/roadtoromania.com\/fr\/hebergement-en-roumanie\/hotels-en-bucarest\/","og_site_name":"Road to Romania","article_modified_time":"2022-10-22T12:27:20+00:00","og_image":[{"width":631,"height":700,"url":"https:\/\/roadtoromania.com\/wp-content\/uploads\/2022\/10\/bucarest-hoteles-rumania-1.jpg","type":"image\/jpeg"}],"twitter_card":"summary_large_image","twitter_misc":{"Dur\u00e9e de lecture estim\u00e9e":"3 minutes"},"schema":{"@context":"https:\/\/schema.org","@graph":[{"@type":"WebPage","@id":"https:\/\/roadtoromania.com\/fr\/hebergement-en-roumanie\/hotels-en-bucarest\/","url":"https:\/\/roadtoromania.com\/fr\/hebergement-en-roumanie\/hotels-en-bucarest\/","name":"H\u00f4tels en Bucarest - Road to Romania","isPartOf":{"@id":"https:\/\/roadtoromania.com\/fr\/#website"},"datePublished":"2022-10-15T18:40:09+00:00","dateModified":"2022-10-22T12:27:20+00:00","breadcrumb":{"@id":"https:\/\/roadtoromania.com\/fr\/hebergement-en-roumanie\/hotels-en-bucarest\/#breadcrumb"},"inLanguage":"fr-FR","potentialAction":[{"@type":"ReadAction","target":["https:\/\/roadtoromania.com\/fr\/hebergement-en-roumanie\/hotels-en-bucarest\/"]}]},{"@type":"BreadcrumbList","@id":"https:\/\/roadtoromania.com\/fr\/hebergement-en-roumanie\/hotels-en-bucarest\/#breadcrumb","itemListElement":[{"@type":"ListItem","position":1,"name":"Home","item":"https:\/\/roadtoromania.com\/fr\/"},{"@type":"ListItem","position":2,"name":"H\u00e9bergement en Roumanie","item":"https:\/\/roadtoromania.com\/fr\/hebergement-en-roumanie\/"},{"@type":"ListItem","position":3,"name":"H\u00f4tels en Bucarest"}]},{"@type":"WebSite","@id":"https:\/\/roadtoromania.com\/fr\/#website","url":"https:\/\/roadtoromania.com\/fr\/","name":"Road to Romania","description":"Le blog o\u00f9 vous trouverez toutes les informations dont vous avez besoin pour profiter de la Roumanie.","potentialAction":[{"@type":"SearchAction","target":{"@type":"EntryPoint","urlTemplate":"https:\/\/roadtoromania.com\/fr\/?s={search_term_string}"},"query-input":"required name=search_term_string"}],"inLanguage":"fr-FR"}]}},"_links":{"self":[{"href":"https:\/\/roadtoromania.com\/fr\/wp-json\/wp\/v2\/pages\/3136","targetHints":{"allow":["GET"]}}],"collection":[{"href":"https:\/\/roadtoromania.com\/fr\/wp-json\/wp\/v2\/pages"}],"about":[{"href":"https:\/\/roadtoromania.com\/fr\/wp-json\/wp\/v2\/types\/page"}],"author":[{"embeddable":true,"href":"https:\/\/roadtoromania.com\/fr\/wp-json\/wp\/v2\/users\/1"}],"replies":[{"embeddable":true,"href":"https:\/\/roadtoromania.com\/fr\/wp-json\/wp\/v2\/comments?post=3136"}],"version-history":[{"count":1,"href":"https:\/\/roadtoromania.com\/fr\/wp-json\/wp\/v2\/pages\/3136\/revisions"}],"predecessor-version":[{"id":4271,"href":"https:\/\/roadtoromania.com\/fr\/wp-json\/wp\/v2\/pages\/3136\/revisions\/4271"}],"up":[{"embeddable":true,"href":"https:\/\/roadtoromania.com\/fr\/wp-json\/wp\/v2\/pages\/3128"}],"wp:featuredmedia":[{"embeddable":true,"href":"https:\/\/roadtoromania.com\/fr\/wp-json\/wp\/v2\/media\/4264"}],"wp:attachment":[{"href":"https:\/\/roadtoromania.com\/fr\/wp-json\/wp\/v2\/media?parent=3136"}],"curies":[{"name":"wp","href":"https:\/\/api.w.org\/{rel}","templated":true}]}}