{"id":3137,"date":"2022-10-15T18:40:09","date_gmt":"2022-10-15T18:40:09","guid":{"rendered":"https:\/\/roadtoromania.com\/villes-et-regions-de-roumanie\/"},"modified":"2022-10-18T14:51:58","modified_gmt":"2022-10-18T14:51:58","slug":"villes-et-regions-de-roumanie","status":"publish","type":"page","link":"https:\/\/roadtoromania.com\/fr\/villes-et-regions-de-roumanie\/","title":{"rendered":"Villes et r\u00e9gions de Roumanie"},"content":{"rendered":"<p>\u00a0Sur cette page, nous organisons les informations sur les villes, r\u00e9gions, sites naturels et monuments les plus importants de Roumanie.<\/p>\n<p>\nDepuis 1991, la Roumanie est une r\u00e9publique pr\u00e9sidentielle o\u00f9 le chef de l&#8217;\u00c9tat et le pouvoir ex\u00e9cutif sont exerc\u00e9s par le pr\u00e9sident pour cinq ans. Cela rend son mod\u00e8le d&#8217;\u00e9tat similaire \u00e0 celui de <strong>France<\/strong> . Par cons\u00e9quent, les <strong>8 r\u00e9gions<\/strong> qui composent la Roumanie ne sont que des divisions administratives sans pouvoir r\u00e9el. Bien plus important est celui des <strong>42 pr\u00e9fets de district<\/strong> , par exemple.<\/p>\n<p>\nLes r\u00e9gions occupent des territoires qui ont historiquement port\u00e9 ce nom, <strong>Valachie-Dobrog\u00e9e<\/strong> et <strong>Moldavie<\/strong> (\u00e0 ne pas confondre avec l&#8217;ancienne r\u00e9publique sovi\u00e9tique situ\u00e9e de l&#8217;autre c\u00f4t\u00e9 du fleuve Prut et du <a href=\"https:\/\/roadtoromania.com\/fr\/nature-de-la-roumanie\/delta-du-danube\/\"> <strong>delta du Danube<\/strong><\/strong><\/a> ), entit\u00e9s qui ont form\u00e9 le premier \u00c9tat roumain au XIXe si\u00e8cle. La Transylvanie est relativement bien connue et occupe le centre du pays. <strong><a href=\"https:\/\/roadtoromania.com\/fr\/villes-et-regions-de-roumanie\/region-du-maramures\/\">Maramures<\/a> , Crisana<\/strong> et <strong>le Banat<\/strong> bordent la Hongrie, la Serbie et l&#8217;Ukraine. Le centre-ouest du pays est occup\u00e9 par la <strong>Trasilvania<\/strong> , la plus connue des r\u00e9gions roumaines. <strong>Bukovina<\/strong> est la derni\u00e8re r\u00e9gion au nord entre l&#8217;Ukraine et la Moldavie.<\/p>\n<p>\n<img decoding=\"async\" src=\"https:\/\/roadtoromania.com\/wp-content\/uploads\/2022\/10\/mapa-regiones-umania.jpg\" \/><\/p>\n<p>\n <strong>R\u00e9gions et villes de Roumanie.<\/strong> <\/p>\n<p> VALAQUIA<\/strong> <\/p>\n<ul>\n<li>\n <strong>&#8211; <a href=\"https:\/\/roadtoromania.com\/fr\/villes-et-regions-de-roumanie\/bucarest\/\">Bucarest<\/a> <\/strong> <\/li>\n<li>\n <strong>&#8211; <a href=\"https:\/\/roadtoromania.com\/fr\/villes-et-regions-de-roumanie\/craiova\/\">Craiova<\/a> <\/strong> <\/li>\n<li>\n&#8211; Ploiesti<\/li>\n<li>\n <strong>&#8211; <a href=\"https:\/\/roadtoromania.com\/fr\/villes-et-regions-de-roumanie\/curtea-d-arges\/\">Curtea de Arges<\/a> <\/strong> <\/li>\n<li>\n <strong>&#8211; <a href=\"https:\/\/roadtoromania.com\/fr\/monuments-de-la-roumanie-que-voir-en-roumanie\/chateau-de-rasnov\/\">Snagov<\/a> <\/strong> <\/li>\n<li>\n <strong>&#8211; <a href=\"https:\/\/roadtoromania.com\/fr\/villes-et-regions-de-roumanie\/targoviste-tirgoviste\/\">Tirgoviste<\/a> <\/strong> <\/li>\n<\/ul>\n<p> DOBROGEA<\/strong> <\/p>\n<ul>\n<li>\n <strong>&#8211; <a href=\"https:\/\/roadtoromania.com\/fr\/villes-et-regions-de-roumanie\/constanza\/\">Constanza<\/a> <\/strong> .<\/li>\n<li>\n <strong>&#8211; <a href=\"https:\/\/roadtoromania.com\/fr\/villes-et-regions-de-roumanie\/tulcea\/\">Tulcea<\/a> <\/strong> .<\/li>\n<li>\n <strong>&#8211; <a href=\"https:\/\/roadtoromania.com\/fr\/villes-et-regions-de-roumanie\/eforie\/\">Eforie<\/a> <\/strong> .<\/li>\n<\/ul>\n<p>\n <strong><a href=\"https:\/\/roadtoromania.com\/fr\/monuments-de-la-roumanie-que-voir-en-roumanie\/moldavie-roumain\/\">MOLDOVA \/ MOLDOVA<\/a> <\/strong> .<\/p>\n<p>.<\/p>\n<ul>\n<li>\n <strong>&#8211; <a href=\"https:\/\/roadtoromania.com\/fr\/villes-et-regions-de-roumanie\/iasi\/\">Iasi<\/a> <\/strong> .<\/li>\n<li>\n&#8211; Galati<\/li>\n<li>\n <strong>&#8211; <a href=\"https:\/\/roadtoromania.com\/fr\/villes-et-regions-de-roumanie\/piatra-neamt\/\">Piatra Neamt<\/a> <\/strong> <\/li>\n<li>\n&#8211; Durau<\/li>\n<li>\n&#8211; <strong><a href=\"https:\/\/roadtoromania.com\/fr\/villes-et-regions-de-roumanie\/roman\/\">Roman<\/a> <\/strong> <\/li>\n<li>\n&#8211; Targu Neamt<\/li>\n<\/ul>\n<p>\n <strong>BUCOVINA<\/strong> <\/p>\n<ul>\n<li>\n <strong>&#8211; <a href=\"https:\/\/roadtoromania.com\/fr\/villes-et-regions-de-roumanie\/suceava\/\">Suceava<\/a> <\/strong> .<\/li>\n<li>\n <strong>&#8211; <a href=\"https:\/\/roadtoromania.com\/fr\/villes-et-regions-de-roumanie\/region-du-maramures\/\">MARAMURES<\/a> .<\/strong> <\/li>\n<li>\n <strong>&#8211; <a href=\"https:\/\/roadtoromania.com\/fr\/villes-et-regions-de-roumanie\/satu-mare\/\">Satu Mare<\/a> <\/strong> <\/li>\n<li>\n <strong>&#8211; <a href=\"https:\/\/roadtoromania.com\/fr\/villes-et-regions-de-roumanie\/baia-mare\/\">Baia Mare<\/a> <\/strong> <\/li>\n<\/ul>\n<p>\n <strong><a href=\"https:\/\/roadtoromania.com\/fr\/villes-et-regions-de-roumanie\/transylvanie\/\">TRANSILVANIE<\/a> <br \/&#038;gt ;\n<\/strong> <\/p>\n<ul>\n<li>\n <strong>&#8211; <a href=\"https:\/\/roadtoromania.com\/fr\/villes-et-regions-de-roumanie\/agnita\/\">Agnita<\/a> <\/strong> <\/li>\n<li>\n <strong>&#8211; <a href=\"https:\/\/roadtoromania.com\/fr\/villes-et-regions-de-roumanie\/alba-iulia\/\">Alba Iulia<\/a> <\/strong> <\/li>\n<li>\n&#8211; <a href=\"https:\/\/roadtoromania.com\/fr\/villes-et-regions-de-roumanie\/bazna\/\">Bazna<\/a> <\/li>\n<li>\n <strong>&#8211; <a href=\"https:\/\/roadtoromania.com\/fr\/villes-et-regions-de-roumanie\/bistrita\/\">Bistrita<\/a> <\/strong> <\/li>\n<li>\n&#8211; <a href=\"https:\/\/roadtoromania.com\/fr\/monuments-de-la-roumanie-que-voir-en-roumanie\/biertan\/\">Biertan<\/a> <\/li>\n<li>\n&#8211; <a href=\"https:\/\/roadtoromania.com\/fr\/villes-et-regions-de-roumanie\/brasov\/\">Brasov<\/a> <\/li>\n<li>\n&#8211; <a href=\"https:\/\/roadtoromania.com\/fr\/villes-et-regions-de-roumanie\/medias\/\">M\u00e9dias<\/a> <\/li>\n<li>\n&#8211; La station de ski de <a href=\"https:\/\/roadtoromania.com\/fr\/nature-de-la-roumanie\/station-de-ski-de-poiana-brasov\/\">Poiana-Brasov<\/a> <\/li>\n<li>\n&#8211; <a href=\"https:\/\/roadtoromania.com\/fr\/monuments-de-la-roumanie-que-voir-en-roumanie\/chateau-de-bran-le-chateau-de-dracula\/\">Bran et le ch\u00e2teau de Vlad Tepes (Dracula).<\/a> <\/li>\n<li>\n&#8211; <a href=\"https:\/\/roadtoromania.com\/fr\/villes-et-regions-de-roumanie\/cluj-napoca\/\">Cluj &#8211; Napoca.<\/a> <\/li>\n<li>\n&#8211; <a href=\"https:\/\/roadtoromania.com\/fr\/nature-de-la-roumanie\/station-de-ski-predeal\/\">Pr\u00e9deal<\/a> <\/li>\n<li>\n&#8211; <a href=\"https:\/\/roadtoromania.com\/fr\/villes-et-regions-de-roumanie\/targu-mures\/\">Targu &#8211; Mures<\/a> <\/li>\n<li>\n&#8211; <a href=\"https:\/\/roadtoromania.com\/fr\/villes-et-regions-de-roumanie\/sibiu\/\">Satu Mare<\/a> <\/li>\n<li>\n&#8211; <a href=\"https:\/\/roadtoromania.com\/fr\/villes-et-regions-de-roumanie\/sibiu\/\">Sibiu<\/a> <\/li>\n<li>\n&#8211; <a href=\"https:\/\/roadtoromania.com\/fr\/villes-et-regions-de-roumanie\/sighisoara\/\">Sighisoara<\/a> <\/li>\n<\/ul>\n<p>\n <strong>CRISANA.<\/strong> <\/p>\n<ul>\n<li>\n&#8211; <a href=\"https:\/\/roadtoromania.com\/fr\/villes-et-regions-de-roumanie\/oradea\/\">Oradea<\/a> <\/li>\n<li>\n <strong>&#8211; <a href=\"https:\/\/roadtoromania.com\/fr\/villes-et-regions-de-roumanie\/arad\/\">Arad<\/a> <\/strong> <\/li>\n<\/ul>\n<p>\n <strong>Le BANAT\/BANAT.<\/strong> <\/p>\n<ul>\n<li>\n <strong>&#8211; <a href=\"https:\/\/roadtoromania.com\/fr\/villes-et-regions-de-roumanie\/timisoara\/\">Timisoara<\/a> <\/strong> <\/li>\n<li>\n&#8211; Resita<\/li>\n<\/ul>\n<p>\n<a href=\"https:\/\/roadtoromania.com\/fr\/cartes-de-la-roumanie\/\">Carte et plan de la Roumanie<\/a> .<\/p>\n","protected":false},"excerpt":{"rendered":"<p>\u00a0Sur cette page, nous organisons les informations sur les villes, r\u00e9gions, sites naturels et monuments les plus importants de Roumanie. Depuis 1991, la Roumanie est une r\u00e9publique pr\u00e9sidentielle o\u00f9 le chef de l&#8217;\u00c9tat et le pouvoir ex\u00e9cutif sont exerc\u00e9s par le pr\u00e9sident pour cinq ans. Cela rend son mod\u00e8le d&#8217;\u00e9tat similaire \u00e0 celui de France &hellip;<\/p>\n<p class=\"read-more\"> <a class=\"\" href=\"https:\/\/roadtoromania.com\/fr\/villes-et-regions-de-roumanie\/\"> <span class=\"screen-reader-text\">Villes et r\u00e9gions de Roumanie<\/span> Lire la suite \u00bb<\/a><\/p>\n","protected":false},"author":1,"featured_media":1031,"parent":0,"menu_order":0,"comment_status":"open","ping_status":"open","template":"","meta":{"site-sidebar-layout":"default","site-content-layout":"default","ast-global-header-display":"","ast-main-header-display":"","ast-hfb-above-header-display":"","ast-hfb-below-header-display":"","ast-hfb-mobile-header-display":"","site-post-title":"","ast-breadcrumbs-content":"","ast-featured-img":"","footer-sml-layout":"","theme-transparent-header-meta":"default","adv-header-id-meta":"","stick-header-meta":"default","header-above-stick-meta":"","header-main-stick-meta":"","header-below-stick-meta":"","footnotes":""},"class_list":["post-3137","page","type-page","status-publish","has-post-thumbnail","hentry"],"yoast_head":"<!-- This site is optimized with the Yoast SEO plugin v19.10 - https:\/\/yoast.com\/wordpress\/plugins\/seo\/ -->\n<title>Villes et r\u00e9gions de Roumanie - Road to Romania<\/title>\n<meta name=\"robots\" content=\"index, follow, max-snippet:-1, max-image-preview:large, max-video-preview:-1\" \/>\n<link rel=\"canonical\" href=\"https:\/\/roadtoromania.com\/fr\/villes-et-regions-de-roumanie\/\" \/>\n<meta property=\"og:locale\" content=\"fr_FR\" \/>\n<meta property=\"og:type\" content=\"article\" \/>\n<meta property=\"og:title\" content=\"Villes et r\u00e9gions de Roumanie - Road to Romania\" \/>\n<meta property=\"og:description\" content=\"\u00a0Sur cette page, nous organisons les informations sur les villes, r\u00e9gions, sites naturels et monuments les plus importants de Roumanie. Depuis 1991, la Roumanie est une r\u00e9publique pr\u00e9sidentielle o\u00f9 le chef de l&#8217;\u00c9tat et le pouvoir ex\u00e9cutif sont exerc\u00e9s par le pr\u00e9sident pour cinq ans. Cela rend son mod\u00e8le d&#8217;\u00e9tat similaire \u00e0 celui de France &hellip; Villes et r\u00e9gions de Roumanie Lire la suite \u00bb\" \/>\n<meta property=\"og:url\" content=\"https:\/\/roadtoromania.com\/fr\/villes-et-regions-de-roumanie\/\" \/>\n<meta property=\"og:site_name\" content=\"Road to Romania\" \/>\n<meta property=\"article:modified_time\" content=\"2022-10-18T14:51:58+00:00\" \/>\n<meta property=\"og:image\" content=\"https:\/\/roadtoromania.com\/wp-content\/uploads\/2022\/10\/mapa-regiones-umania-1.jpg\" \/>\n\t<meta property=\"og:image:width\" content=\"550\" \/>\n\t<meta property=\"og:image:height\" content=\"418\" \/>\n\t<meta property=\"og:image:type\" content=\"image\/jpeg\" \/>\n<meta name=\"twitter:card\" content=\"summary_large_image\" \/>\n<meta name=\"twitter:label1\" content=\"Dur\u00e9e de lecture estim\u00e9e\" \/>\n\t<meta name=\"twitter:data1\" content=\"1 minute\" \/>\n<script type=\"application\/ld+json\" class=\"yoast-schema-graph\">{\"@context\":\"https:\/\/schema.org\",\"@graph\":[{\"@type\":\"WebPage\",\"@id\":\"https:\/\/roadtoromania.com\/fr\/villes-et-regions-de-roumanie\/\",\"url\":\"https:\/\/roadtoromania.com\/fr\/villes-et-regions-de-roumanie\/\",\"name\":\"Villes et r\u00e9gions de Roumanie - Road to Romania\",\"isPartOf\":{\"@id\":\"https:\/\/roadtoromania.com\/fr\/#website\"},\"datePublished\":\"2022-10-15T18:40:09+00:00\",\"dateModified\":\"2022-10-18T14:51:58+00:00\",\"breadcrumb\":{\"@id\":\"https:\/\/roadtoromania.com\/fr\/villes-et-regions-de-roumanie\/#breadcrumb\"},\"inLanguage\":\"fr-FR\",\"potentialAction\":[{\"@type\":\"ReadAction\",\"target\":[\"https:\/\/roadtoromania.com\/fr\/villes-et-regions-de-roumanie\/\"]}]},{\"@type\":\"BreadcrumbList\",\"@id\":\"https:\/\/roadtoromania.com\/fr\/villes-et-regions-de-roumanie\/#breadcrumb\",\"itemListElement\":[{\"@type\":\"ListItem\",\"position\":1,\"name\":\"Home\",\"item\":\"https:\/\/roadtoromania.com\/fr\/\"},{\"@type\":\"ListItem\",\"position\":2,\"name\":\"Villes et r\u00e9gions de Roumanie\"}]},{\"@type\":\"WebSite\",\"@id\":\"https:\/\/roadtoromania.com\/fr\/#website\",\"url\":\"https:\/\/roadtoromania.com\/fr\/\",\"name\":\"Road to Romania\",\"description\":\"Le blog o\u00f9 vous trouverez toutes les informations dont vous avez besoin pour profiter de la Roumanie.\",\"potentialAction\":[{\"@type\":\"SearchAction\",\"target\":{\"@type\":\"EntryPoint\",\"urlTemplate\":\"https:\/\/roadtoromania.com\/fr\/?s={search_term_string}\"},\"query-input\":\"required name=search_term_string\"}],\"inLanguage\":\"fr-FR\"}]}<\/script>\n<!-- \/ Yoast SEO plugin. -->","yoast_head_json":{"title":"Villes et r\u00e9gions de Roumanie - Road to Romania","robots":{"index":"index","follow":"follow","max-snippet":"max-snippet:-1","max-image-preview":"max-image-preview:large","max-video-preview":"max-video-preview:-1"},"canonical":"https:\/\/roadtoromania.com\/fr\/villes-et-regions-de-roumanie\/","og_locale":"fr_FR","og_type":"article","og_title":"Villes et r\u00e9gions de Roumanie - Road to Romania","og_description":"\u00a0Sur cette page, nous organisons les informations sur les villes, r\u00e9gions, sites naturels et monuments les plus importants de Roumanie. Depuis 1991, la Roumanie est une r\u00e9publique pr\u00e9sidentielle o\u00f9 le chef de l&#8217;\u00c9tat et le pouvoir ex\u00e9cutif sont exerc\u00e9s par le pr\u00e9sident pour cinq ans. Cela rend son mod\u00e8le d&#8217;\u00e9tat similaire \u00e0 celui de France &hellip; Villes et r\u00e9gions de Roumanie Lire la suite \u00bb","og_url":"https:\/\/roadtoromania.com\/fr\/villes-et-regions-de-roumanie\/","og_site_name":"Road to Romania","article_modified_time":"2022-10-18T14:51:58+00:00","og_image":[{"width":550,"height":418,"url":"https:\/\/roadtoromania.com\/wp-content\/uploads\/2022\/10\/mapa-regiones-umania-1.jpg","type":"image\/jpeg"}],"twitter_card":"summary_large_image","twitter_misc":{"Dur\u00e9e de lecture estim\u00e9e":"1 minute"},"schema":{"@context":"https:\/\/schema.org","@graph":[{"@type":"WebPage","@id":"https:\/\/roadtoromania.com\/fr\/villes-et-regions-de-roumanie\/","url":"https:\/\/roadtoromania.com\/fr\/villes-et-regions-de-roumanie\/","name":"Villes et r\u00e9gions de Roumanie - Road to Romania","isPartOf":{"@id":"https:\/\/roadtoromania.com\/fr\/#website"},"datePublished":"2022-10-15T18:40:09+00:00","dateModified":"2022-10-18T14:51:58+00:00","breadcrumb":{"@id":"https:\/\/roadtoromania.com\/fr\/villes-et-regions-de-roumanie\/#breadcrumb"},"inLanguage":"fr-FR","potentialAction":[{"@type":"ReadAction","target":["https:\/\/roadtoromania.com\/fr\/villes-et-regions-de-roumanie\/"]}]},{"@type":"BreadcrumbList","@id":"https:\/\/roadtoromania.com\/fr\/villes-et-regions-de-roumanie\/#breadcrumb","itemListElement":[{"@type":"ListItem","position":1,"name":"Home","item":"https:\/\/roadtoromania.com\/fr\/"},{"@type":"ListItem","position":2,"name":"Villes et r\u00e9gions de Roumanie"}]},{"@type":"WebSite","@id":"https:\/\/roadtoromania.com\/fr\/#website","url":"https:\/\/roadtoromania.com\/fr\/","name":"Road to Romania","description":"Le blog o\u00f9 vous trouverez toutes les informations dont vous avez besoin pour profiter de la Roumanie.","potentialAction":[{"@type":"SearchAction","target":{"@type":"EntryPoint","urlTemplate":"https:\/\/roadtoromania.com\/fr\/?s={search_term_string}"},"query-input":"required name=search_term_string"}],"inLanguage":"fr-FR"}]}},"_links":{"self":[{"href":"https:\/\/roadtoromania.com\/fr\/wp-json\/wp\/v2\/pages\/3137","targetHints":{"allow":["GET"]}}],"collection":[{"href":"https:\/\/roadtoromania.com\/fr\/wp-json\/wp\/v2\/pages"}],"about":[{"href":"https:\/\/roadtoromania.com\/fr\/wp-json\/wp\/v2\/types\/page"}],"author":[{"embeddable":true,"href":"https:\/\/roadtoromania.com\/fr\/wp-json\/wp\/v2\/users\/1"}],"replies":[{"embeddable":true,"href":"https:\/\/roadtoromania.com\/fr\/wp-json\/wp\/v2\/comments?post=3137"}],"version-history":[{"count":0,"href":"https:\/\/roadtoromania.com\/fr\/wp-json\/wp\/v2\/pages\/3137\/revisions"}],"wp:featuredmedia":[{"embeddable":true,"href":"https:\/\/roadtoromania.com\/fr\/wp-json\/wp\/v2\/media\/1031"}],"wp:attachment":[{"href":"https:\/\/roadtoromania.com\/fr\/wp-json\/wp\/v2\/media?parent=3137"}],"curies":[{"name":"wp","href":"https:\/\/api.w.org\/{rel}","templated":true}]}}