{"id":3138,"date":"2022-10-15T18:40:09","date_gmt":"2022-10-15T18:40:09","guid":{"rendered":"https:\/\/roadtoromania.com\/agnita\/"},"modified":"2022-10-22T12:37:49","modified_gmt":"2022-10-22T12:37:49","slug":"agnita","status":"publish","type":"page","link":"https:\/\/roadtoromania.com\/fr\/villes-et-regions-de-roumanie\/agnita\/","title":{"rendered":"Agnita"},"content":{"rendered":"<p><strong>Agnita<\/strong> est une petite ville situ\u00e9e au c\u0153ur de la <a href=\"https:\/\/roadtoromania.com\/fr\/villes-et-regions-de-roumanie\/transylvanie\/\"> <strong>Transylvanie<\/strong><\/a> , entre le triangle form\u00e9 par <a href=\"https:\/\/roadtoromania.com\/fr\/villes-et-regions-de-roumanie\/sibiu\/\"> <strong>Sibiu<\/strong><\/a> \u00e0 l&#8217;ouest, <a href=\"https:\/\/roadtoromania.com\/fr\/villes-et-regions-de-roumanie\/brasov\/\"> <strong>Brasov<\/strong><\/a> \u00e0 l&#8217;est et <a href=\"https:\/\/roadtoromania.com\/fr\/villes-et-regions-de-roumanie\/sighisoara\/\"> <strong>Sighisoara<\/strong><\/a> au nord.<\/p>\n<p><img decoding=\"async\" src=\"https:\/\/roadtoromania.com\/wp-content\/uploads\/2022\/10\/agnita_rumania_turismo.jpg\" \/><\/p>\n<p>Agnita Forteresse paysanne<\/p>\n<p>Au 13\u00e8me si\u00e8cle, Agnita est d\u00e9j\u00e0 document\u00e9e comme un village m\u00e9di\u00e9val saxon sous le nom de St. Agatha. Le d\u00e9veloppement de ses guildes d&#8217;orf\u00e8vres, de tanneurs, de cordonniers, de fourreurs et de potiers a rendu la ville c\u00e9l\u00e8bre en Transylvanie. En 1376, elle obtient la pr\u00e9rogative d&#8217;organiser des foires commerciales annuelles.<\/p>\n<p>Pour emp\u00eacher les pillages qui \u00e9taient courants dans toute la Transylvanie, le centre d&#8217;Agnita a \u00e9galement \u00e9t\u00e9 fortifi\u00e9 en 1466, contribuant ainsi \u00e0 la strat\u00e9gie d\u00e9fensive contre les Turcs du roi hongrois Matthias Corvinus. Des si\u00e8cles plus tard, lorsque la tradition orthodoxe s&#8217;est impos\u00e9e, l&#8217;\u00e9glise de Saint-Nicolas a \u00e9t\u00e9 construite dans le style byzantin avec des fresques \u00e0 l&#8217;int\u00e9rieur.\u00a0Au XXe si\u00e8cle, l&#8217;industrialisation a entra\u00een\u00e9 la disparition des guildes et Agnita est devenue un centre rural.<\/p>\n<p>Ses traditions saxonnes sont encore vivantes, comme lors du festival du Vol de la Lole , en f\u00e9vrier, qui attire des touristes d&#8217;Allemagne.<\/p>\n<p>Le mus\u00e9e local, Valle H\u00e2rtibaciului, expose des objets de la vie rurale de la r\u00e9gion et propose un parcours anthropologique, ethnographique et arch\u00e9ologique.<\/p>\n<h2>Comment se rendre \u00e0 Agnita<\/h2>\n<p>La meilleure fa\u00e7on de s&#8217;y rendre est de prendre le train historique reliant Sibiu et Agnita, en passant par les paysages de villages fortifi\u00e9s de Transylvanie.<\/p>\n<h2>Excursions pr\u00e8s de Agnita<\/h2>\n<p>Les villages m\u00e9di\u00e9vaux fortifi\u00e9s de <strong>Dealu Frumus<\/strong> et <strong>Merghindeal<\/strong> , situ\u00e9s respectivement \u00e0 4 et 8 km d&#8217;Agnita, constituent une promenade ou une randonn\u00e9e facile si vous passez plusieurs jours dans cette partie de la Transylvanie.<\/p>\n<p><img decoding=\"async\" src=\"https:\/\/roadtoromania.com\/wp-content\/uploads\/2022\/10\/iglesia_fortificada_dealu_frumos.jpg\" \/>Eglise fortifi\u00e9e de Dealu Frumos<\/p>\n<h2><strong>Carte d&#8217;Agnita<\/strong><\/h2>\n<p><iframe src=\"https:\/\/www.google.com\/maps\/embed?pb=!1m18!1m12!1m3!1d44364.20493867949!2d24.586736951516738!3d45.97599677426274!2m3!1f0!2f0!3f0!3m2!1i1024!2i768!4f13.1!3m3!1m2!1s0x474c819bca45f7cb%3A0x67060dd709fb8f34!2sAgnita+555100%2C+Ruman%C3%ADa!5e0!3m2!1ses!2ses!4v1489571008156\"><\/iframe><\/p>\n","protected":false},"excerpt":{"rendered":"<p>Agnita est une petite ville situ\u00e9e au c\u0153ur de la Transylvanie , entre le triangle form\u00e9 par Sibiu \u00e0 l&#8217;ouest, Brasov \u00e0 l&#8217;est et Sighisoara au nord. Agnita Forteresse paysanne Au 13\u00e8me si\u00e8cle, Agnita est d\u00e9j\u00e0 document\u00e9e comme un village m\u00e9di\u00e9val saxon sous le nom de St. Agatha. Le d\u00e9veloppement de ses guildes d&#8217;orf\u00e8vres, de &hellip;<\/p>\n<p class=\"read-more\"> <a class=\"\" href=\"https:\/\/roadtoromania.com\/fr\/villes-et-regions-de-roumanie\/agnita\/\"> <span class=\"screen-reader-text\">Agnita<\/span> Lire la suite \u00bb<\/a><\/p>\n","protected":false},"author":1,"featured_media":1039,"parent":3137,"menu_order":0,"comment_status":"open","ping_status":"open","template":"","meta":{"site-sidebar-layout":"default","site-content-layout":"default","ast-global-header-display":"","ast-main-header-display":"","ast-hfb-above-header-display":"","ast-hfb-below-header-display":"","ast-hfb-mobile-header-display":"","site-post-title":"","ast-breadcrumbs-content":"","ast-featured-img":"","footer-sml-layout":"","theme-transparent-header-meta":"default","adv-header-id-meta":"","stick-header-meta":"default","header-above-stick-meta":"","header-main-stick-meta":"","header-below-stick-meta":"","footnotes":""},"class_list":["post-3138","page","type-page","status-publish","has-post-thumbnail","hentry"],"yoast_head":"<!-- This site is optimized with the Yoast SEO plugin v19.10 - https:\/\/yoast.com\/wordpress\/plugins\/seo\/ -->\n<title>Agnita - Road to Romania<\/title>\n<meta name=\"robots\" content=\"index, follow, max-snippet:-1, max-image-preview:large, max-video-preview:-1\" \/>\n<link rel=\"canonical\" href=\"https:\/\/roadtoromania.com\/fr\/villes-et-regions-de-roumanie\/agnita\/\" \/>\n<meta property=\"og:locale\" content=\"fr_FR\" \/>\n<meta property=\"og:type\" content=\"article\" \/>\n<meta property=\"og:title\" content=\"Agnita - Road to Romania\" \/>\n<meta property=\"og:description\" content=\"Agnita est une petite ville situ\u00e9e au c\u0153ur de la Transylvanie , entre le triangle form\u00e9 par Sibiu \u00e0 l&#8217;ouest, Brasov \u00e0 l&#8217;est et Sighisoara au nord. Agnita Forteresse paysanne Au 13\u00e8me si\u00e8cle, Agnita est d\u00e9j\u00e0 document\u00e9e comme un village m\u00e9di\u00e9val saxon sous le nom de St. Agatha. Le d\u00e9veloppement de ses guildes d&#8217;orf\u00e8vres, de &hellip; Agnita Lire la suite \u00bb\" \/>\n<meta property=\"og:url\" content=\"https:\/\/roadtoromania.com\/fr\/villes-et-regions-de-roumanie\/agnita\/\" \/>\n<meta property=\"og:site_name\" content=\"Road to Romania\" \/>\n<meta property=\"article:modified_time\" content=\"2022-10-22T12:37:49+00:00\" \/>\n<meta property=\"og:image\" content=\"https:\/\/roadtoromania.com\/wp-content\/uploads\/2022\/10\/agnita_rumania_turismo-1.jpg\" \/>\n\t<meta property=\"og:image:width\" content=\"700\" \/>\n\t<meta property=\"og:image:height\" content=\"525\" \/>\n\t<meta property=\"og:image:type\" content=\"image\/jpeg\" \/>\n<meta name=\"twitter:card\" content=\"summary_large_image\" \/>\n<meta name=\"twitter:label1\" content=\"Dur\u00e9e de lecture estim\u00e9e\" \/>\n\t<meta name=\"twitter:data1\" content=\"2 minutes\" \/>\n<script type=\"application\/ld+json\" class=\"yoast-schema-graph\">{\"@context\":\"https:\/\/schema.org\",\"@graph\":[{\"@type\":\"WebPage\",\"@id\":\"https:\/\/roadtoromania.com\/fr\/villes-et-regions-de-roumanie\/agnita\/\",\"url\":\"https:\/\/roadtoromania.com\/fr\/villes-et-regions-de-roumanie\/agnita\/\",\"name\":\"Agnita - Road to Romania\",\"isPartOf\":{\"@id\":\"https:\/\/roadtoromania.com\/fr\/#website\"},\"datePublished\":\"2022-10-15T18:40:09+00:00\",\"dateModified\":\"2022-10-22T12:37:49+00:00\",\"breadcrumb\":{\"@id\":\"https:\/\/roadtoromania.com\/fr\/villes-et-regions-de-roumanie\/agnita\/#breadcrumb\"},\"inLanguage\":\"fr-FR\",\"potentialAction\":[{\"@type\":\"ReadAction\",\"target\":[\"https:\/\/roadtoromania.com\/fr\/villes-et-regions-de-roumanie\/agnita\/\"]}]},{\"@type\":\"BreadcrumbList\",\"@id\":\"https:\/\/roadtoromania.com\/fr\/villes-et-regions-de-roumanie\/agnita\/#breadcrumb\",\"itemListElement\":[{\"@type\":\"ListItem\",\"position\":1,\"name\":\"Home\",\"item\":\"https:\/\/roadtoromania.com\/fr\/\"},{\"@type\":\"ListItem\",\"position\":2,\"name\":\"Villes et r\u00e9gions de Roumanie\",\"item\":\"https:\/\/roadtoromania.com\/fr\/villes-et-regions-de-roumanie\/\"},{\"@type\":\"ListItem\",\"position\":3,\"name\":\"Agnita\"}]},{\"@type\":\"WebSite\",\"@id\":\"https:\/\/roadtoromania.com\/fr\/#website\",\"url\":\"https:\/\/roadtoromania.com\/fr\/\",\"name\":\"Road to Romania\",\"description\":\"Le blog o\u00f9 vous trouverez toutes les informations dont vous avez besoin pour profiter de la Roumanie.\",\"potentialAction\":[{\"@type\":\"SearchAction\",\"target\":{\"@type\":\"EntryPoint\",\"urlTemplate\":\"https:\/\/roadtoromania.com\/fr\/?s={search_term_string}\"},\"query-input\":\"required name=search_term_string\"}],\"inLanguage\":\"fr-FR\"}]}<\/script>\n<!-- \/ Yoast SEO plugin. -->","yoast_head_json":{"title":"Agnita - Road to Romania","robots":{"index":"index","follow":"follow","max-snippet":"max-snippet:-1","max-image-preview":"max-image-preview:large","max-video-preview":"max-video-preview:-1"},"canonical":"https:\/\/roadtoromania.com\/fr\/villes-et-regions-de-roumanie\/agnita\/","og_locale":"fr_FR","og_type":"article","og_title":"Agnita - Road to Romania","og_description":"Agnita est une petite ville situ\u00e9e au c\u0153ur de la Transylvanie , entre le triangle form\u00e9 par Sibiu \u00e0 l&#8217;ouest, Brasov \u00e0 l&#8217;est et Sighisoara au nord. Agnita Forteresse paysanne Au 13\u00e8me si\u00e8cle, Agnita est d\u00e9j\u00e0 document\u00e9e comme un village m\u00e9di\u00e9val saxon sous le nom de St. Agatha. Le d\u00e9veloppement de ses guildes d&#8217;orf\u00e8vres, de &hellip; Agnita Lire la suite \u00bb","og_url":"https:\/\/roadtoromania.com\/fr\/villes-et-regions-de-roumanie\/agnita\/","og_site_name":"Road to Romania","article_modified_time":"2022-10-22T12:37:49+00:00","og_image":[{"width":700,"height":525,"url":"https:\/\/roadtoromania.com\/wp-content\/uploads\/2022\/10\/agnita_rumania_turismo-1.jpg","type":"image\/jpeg"}],"twitter_card":"summary_large_image","twitter_misc":{"Dur\u00e9e de lecture estim\u00e9e":"2 minutes"},"schema":{"@context":"https:\/\/schema.org","@graph":[{"@type":"WebPage","@id":"https:\/\/roadtoromania.com\/fr\/villes-et-regions-de-roumanie\/agnita\/","url":"https:\/\/roadtoromania.com\/fr\/villes-et-regions-de-roumanie\/agnita\/","name":"Agnita - Road to Romania","isPartOf":{"@id":"https:\/\/roadtoromania.com\/fr\/#website"},"datePublished":"2022-10-15T18:40:09+00:00","dateModified":"2022-10-22T12:37:49+00:00","breadcrumb":{"@id":"https:\/\/roadtoromania.com\/fr\/villes-et-regions-de-roumanie\/agnita\/#breadcrumb"},"inLanguage":"fr-FR","potentialAction":[{"@type":"ReadAction","target":["https:\/\/roadtoromania.com\/fr\/villes-et-regions-de-roumanie\/agnita\/"]}]},{"@type":"BreadcrumbList","@id":"https:\/\/roadtoromania.com\/fr\/villes-et-regions-de-roumanie\/agnita\/#breadcrumb","itemListElement":[{"@type":"ListItem","position":1,"name":"Home","item":"https:\/\/roadtoromania.com\/fr\/"},{"@type":"ListItem","position":2,"name":"Villes et r\u00e9gions de Roumanie","item":"https:\/\/roadtoromania.com\/fr\/villes-et-regions-de-roumanie\/"},{"@type":"ListItem","position":3,"name":"Agnita"}]},{"@type":"WebSite","@id":"https:\/\/roadtoromania.com\/fr\/#website","url":"https:\/\/roadtoromania.com\/fr\/","name":"Road to Romania","description":"Le blog o\u00f9 vous trouverez toutes les informations dont vous avez besoin pour profiter de la Roumanie.","potentialAction":[{"@type":"SearchAction","target":{"@type":"EntryPoint","urlTemplate":"https:\/\/roadtoromania.com\/fr\/?s={search_term_string}"},"query-input":"required name=search_term_string"}],"inLanguage":"fr-FR"}]}},"_links":{"self":[{"href":"https:\/\/roadtoromania.com\/fr\/wp-json\/wp\/v2\/pages\/3138","targetHints":{"allow":["GET"]}}],"collection":[{"href":"https:\/\/roadtoromania.com\/fr\/wp-json\/wp\/v2\/pages"}],"about":[{"href":"https:\/\/roadtoromania.com\/fr\/wp-json\/wp\/v2\/types\/page"}],"author":[{"embeddable":true,"href":"https:\/\/roadtoromania.com\/fr\/wp-json\/wp\/v2\/users\/1"}],"replies":[{"embeddable":true,"href":"https:\/\/roadtoromania.com\/fr\/wp-json\/wp\/v2\/comments?post=3138"}],"version-history":[{"count":1,"href":"https:\/\/roadtoromania.com\/fr\/wp-json\/wp\/v2\/pages\/3138\/revisions"}],"predecessor-version":[{"id":4287,"href":"https:\/\/roadtoromania.com\/fr\/wp-json\/wp\/v2\/pages\/3138\/revisions\/4287"}],"up":[{"embeddable":true,"href":"https:\/\/roadtoromania.com\/fr\/wp-json\/wp\/v2\/pages\/3137"}],"wp:featuredmedia":[{"embeddable":true,"href":"https:\/\/roadtoromania.com\/fr\/wp-json\/wp\/v2\/media\/1039"}],"wp:attachment":[{"href":"https:\/\/roadtoromania.com\/fr\/wp-json\/wp\/v2\/media?parent=3138"}],"curies":[{"name":"wp","href":"https:\/\/api.w.org\/{rel}","templated":true}]}}