{"id":3139,"date":"2022-10-15T18:40:09","date_gmt":"2022-10-15T18:40:09","guid":{"rendered":"https:\/\/roadtoromania.com\/arad\/"},"modified":"2022-10-18T14:51:58","modified_gmt":"2022-10-18T14:51:58","slug":"arad","status":"publish","type":"page","link":"https:\/\/roadtoromania.com\/fr\/villes-et-regions-de-roumanie\/arad\/","title":{"rendered":"Arad"},"content":{"rendered":"<p><a href=\"https:\/\/roadtoromania.com\/wp-content\/uploads\/2022\/10\/arad_rumania.jpg\"><img decoding=\"async\" src=\"https:\/\/roadtoromania.com\/wp-content\/uploads\/2022\/10\/arad_rumania.jpg\" \/><\/a> Cath\u00e9drale orthodoxe d&#8217;Arad<\/p>\n<p>\n <strong>Arad<\/strong> est l&#8217;une des principales villes de l&#8217;ouest de la Roumanie, avec <a href=\"https:\/\/roadtoromania.com\/fr\/villes-et-regions-de-roumanie\/timisoara\/\"> <strong>Timisoara<\/strong><\/a> au sud et <a href=\"https:\/\/roadtoromania.com\/fr\/villes-et-regions-de-roumanie\/oradea\/\"> <strong>Oradea<\/strong><\/a> au nord. \u00a0Elle appartient \u00e0 la r\u00e9gion du <strong>Banat<\/strong> , comt\u00e9 d&#8217;Arad, et est frontali\u00e8re avec la Hongrie, ce qui explique l&#8217;importance de la communaut\u00e9 ethnique hongroise.\u00a0La route E-68 reliant la Roumanie \u00e0 la Hongrie sert de canal \u00e0 un important trafic automobile.<\/p>\n<p>\nArad poss\u00e8de dans la <strong>rivi\u00e8re Mures<\/strong> l&#8217;accompagnement parfait pour donner une touche d&#8217;\u00e9l\u00e9gance au centre ville, dont les parcs se remplissent lors des \u00e9t\u00e9s chauds. D&#8217;un c\u00f4t\u00e9 de la rivi\u00e8re se trouve la vieille ville, le centre historique avec sa citadelle. De l&#8217;autre c\u00f4t\u00e9 se trouve Uj Arad, ou Arad Nou, le nouveau quartier qui s&#8217;est d\u00e9velopp\u00e9 \u00e0 partir de l&#8217;installation turque pendant le si\u00e8ge de la ville.<\/p>\n<p>\nLe <strong>Moyen \u00c2ge<\/strong> a mis Arad sur la carte lorsque les Tatars ont assi\u00e9g\u00e9 la ville au 12e si\u00e8cle.Une fois install\u00e9s, ils ont proc\u00e9d\u00e9 \u00e0 la fortification de la ville avec des murs dans les villes voisines de Soimos, Syria et Dezna. Ils n&#8217;ont pas \u00e9t\u00e9 assez forts pour emp\u00eacher une nouvelle invasion, cette fois par les Ottomans, qui ont occup\u00e9 la ville de 1551 \u00e0 1699, date \u00e0 laquelle la paix de Karlowitz a mis fin \u00e0 la domination turque sur Arad.<\/p>\n<p>\nLes fortifications ult\u00e9rieures de la citadelle, entre 1763 et 1783, ont \u00e9t\u00e9 d\u00e9cisives dans les \u00e9v\u00e9nements qui ont conduit \u00e0 l&#8217;ind\u00e9pendance de la Hongrie vis-\u00e0-vis de l&#8217;empire autrichien en 1849. Cependant, le soutien russe \u00e0 cette derni\u00e8re a conduit \u00e0 l&#8217;ex\u00e9cution des principaux chefs insurrectionnels, les 13 g\u00e9n\u00e9raux meneurs, dont le souvenir est perp\u00e9tu\u00e9 dans le monument de la ville aux 13 martyrs d&#8217;Arad.<\/p>\n<p>\nArad n&#8217;a fait politiquement partie de la Roumanie qu&#8217;en 1920, lorsque les trait\u00e9s de r\u00e9organisation territoriale de la Premi\u00e8re Guerre mondiale ont contraint la Hongrie \u00e0 c\u00e9der la zone aujourd&#8217;hui occup\u00e9e par la Roumanie occidentale.<\/p>\n<p><a href=\"https:\/\/roadtoromania.com\/wp-content\/uploads\/2022\/10\/arad_ciudadela.jpg\"><img decoding=\"async\" src=\"https:\/\/roadtoromania.com\/wp-content\/uploads\/2022\/10\/arad_ciudadela.jpg\" \/><\/a> Citadelle d&#8217;Arad<\/p>\n<h2>\n <strong>Que voir \u00e0 Arad<\/strong> <\/h2>\n<p>\nL&#8217;\u00e9l\u00e9ment le plus authentique d&#8217;Arad, et celui qui n&#8217;a malheureusement toujours pas de date pour sa restauration en un grand complexe mus\u00e9al, est la <strong>citadelle<\/strong> .<\/p>\n<p>\nL&#8217;immense chantier, parrain\u00e9 par l&#8217;imp\u00e9ratrice Marie-Th\u00e9r\u00e8se de Hausburg, a \u00e9t\u00e9 construit avec l&#8217;aide de prisonniers, qui ont suivi le plan de Ferdinand Philipp Harsch, qui s&#8217;est lui-m\u00eame inspir\u00e9 du plan fran\u00e7ais de l&#8217;architecte et ing\u00e9nieur Vauban.<\/p>\n<p>\nLa citadelle a la forme d&#8217;une \u00e9toile \u00e0 six branches, avec des bastions concentriques de renforcement, dont un foss\u00e9 inond\u00e9 qui servait de tranch\u00e9e.\u00a0\u00a0La porte principale et les b\u00e2timents sont de style baroque. En plus d&#8217;\u00eatre une forteresse, elle a servi de l&#8217;une des plus grandes prisons militaires de l&#8217;Empire austro-hongrois. \u00a0Elle est actuellement g\u00e9r\u00e9e par l&#8217;arm\u00e9e, bien qu&#8217;un transfert \u00e0 la municipalit\u00e9 ait \u00e9t\u00e9 convenu afin d&#8217;accueillir une attraction touristique similaire \u00e0 la citadelle de <strong>Nis<\/strong> en Serbie. Bien qu&#8217;il ne soit pas encore inscrit au patrimoine mondial de l&#8217;Unesco, il fait partie de la liste des sites qui pourraient faire partie d&#8217;un tel tr\u00e9sor de l&#8217;humanit\u00e9.<\/p>\n<p><a href=\"https:\/\/roadtoromania.com\/wp-content\/uploads\/2022\/10\/ayuntamiento_arad.jpg\"><img decoding=\"async\" src=\"data:image\/gif;base64,R0lGODdhAQABAPAAAMPDwwAAACwAAAAAAQABAAACAkQBADs=\" \/><\/a> H\u00f4tel de ville d&#8217;Arad<\/p>\n<p>\nComme mentionn\u00e9 ci-dessus, la nouvelle ville est situ\u00e9e de l&#8217;autre c\u00f4t\u00e9 de la rivi\u00e8re, o\u00f9 des boulevards traversent Arad avec des b\u00e2timents datant principalement du 19\u00e8me si\u00e8cle. L&#8217;un des plus importants est l&#8217;h\u00f4tel de ville <strong>(n\u00e9o-Renaissance 1872-1874), sur la rue B-Dul Revolutiei, dans une place paysag\u00e9e o\u00f9 la tour de l&#8217;horloge pr\u00e9side \u00e0 l&#8217;ensemble monumental.<\/p>\n<p>\nSi nous suivons la m\u00eame rue jusqu&#8217;\u00e0 l&#8217;une de ses extr\u00e9mit\u00e9s, nous trouverons le Vieux Th\u00e9\u00e2tre (1817, et l&#8217;un des premiers de Roumanie), pr\u00e8s du monument aux soldats roumains tomb\u00e9s lors de la lib\u00e9ration de la Transylvanie &#8211; pendant la Seconde Guerre mondiale &#8211; ainsi que la maison-mus\u00e9e de l&#8217;\u00e9crivain Lazar.<\/p>\n<p>\nLes deux cath\u00e9drales  , orthodoxe et catholique, sont \u00e9galement remarquables. La premi\u00e8re, d\u00e9di\u00e9e \u00e0 Saint-Jean-Baptiste, est de style n\u00e9o-baroque de la seconde moiti\u00e9 du XIXe si\u00e8cle, avec des fresques de style byzantin. La cath\u00e9drale catholique est impressionnante par la taille de sa vo\u00fbte.<\/p>\n<p>\nNous pouvons \u00e9galement visiter le Palais de la Culture (Palatul Cultural), de style \u00e9clectique, avec des influences Art Nouveau et l&#8217;\u00e9glise luth\u00e9rienne, (1906) connue sous le nom de biserica ro\u015fie (\u00e9glise rouge).<\/p>\n<p> R\u00e9gion environnante d&#8217;Arad<\/strong> <\/h3>\n<p>\nPr\u00e8s d&#8217;Arad, nous pouvons faire des excursions \u00e0 Syria, Lipova avec ses bains thermaux et les ruines de Soimos, et Paulis, int\u00e9ressant pour conna\u00eetre les vins, avec une attention particuli\u00e8re au vin local, appel\u00e9 Podgoria.<\/p>\n<h2>\nComment se rendre \u00e0 Arad Roumanie<\/h2>\n<h2>\nCarte de Arad en Roumanie<\/h2>\n<\/h2>\n","protected":false},"excerpt":{"rendered":"<p>Cath\u00e9drale orthodoxe d&#8217;Arad Arad est l&#8217;une des principales villes de l&#8217;ouest de la Roumanie, avec Timisoara au sud et Oradea au nord. \u00a0Elle appartient \u00e0 la r\u00e9gion du Banat , comt\u00e9 d&#8217;Arad, et est frontali\u00e8re avec la Hongrie, ce qui explique l&#8217;importance de la communaut\u00e9 ethnique hongroise.\u00a0La route E-68 reliant la Roumanie \u00e0 la Hongrie &hellip;<\/p>\n<p class=\"read-more\"> <a class=\"\" href=\"https:\/\/roadtoromania.com\/fr\/villes-et-regions-de-roumanie\/arad\/\"> <span class=\"screen-reader-text\">Arad<\/span> Lire la suite \u00bb<\/a><\/p>\n","protected":false},"author":1,"featured_media":1053,"parent":3137,"menu_order":0,"comment_status":"open","ping_status":"open","template":"","meta":{"site-sidebar-layout":"default","site-content-layout":"default","ast-global-header-display":"","ast-main-header-display":"","ast-hfb-above-header-display":"","ast-hfb-below-header-display":"","ast-hfb-mobile-header-display":"","site-post-title":"","ast-breadcrumbs-content":"","ast-featured-img":"","footer-sml-layout":"","theme-transparent-header-meta":"default","adv-header-id-meta":"","stick-header-meta":"default","header-above-stick-meta":"","header-main-stick-meta":"","header-below-stick-meta":"","footnotes":""},"class_list":["post-3139","page","type-page","status-publish","has-post-thumbnail","hentry"],"yoast_head":"<!-- This site is optimized with the Yoast SEO plugin v19.10 - https:\/\/yoast.com\/wordpress\/plugins\/seo\/ -->\n<title>Arad - Road to Romania<\/title>\n<meta name=\"robots\" content=\"index, follow, max-snippet:-1, max-image-preview:large, max-video-preview:-1\" \/>\n<link rel=\"canonical\" href=\"https:\/\/roadtoromania.com\/fr\/villes-et-regions-de-roumanie\/arad\/\" \/>\n<meta property=\"og:locale\" content=\"fr_FR\" \/>\n<meta property=\"og:type\" content=\"article\" \/>\n<meta property=\"og:title\" content=\"Arad - Road to Romania\" \/>\n<meta property=\"og:description\" content=\"Cath\u00e9drale orthodoxe d&#8217;Arad Arad est l&#8217;une des principales villes de l&#8217;ouest de la Roumanie, avec Timisoara au sud et Oradea au nord. \u00a0Elle appartient \u00e0 la r\u00e9gion du Banat , comt\u00e9 d&#8217;Arad, et est frontali\u00e8re avec la Hongrie, ce qui explique l&#8217;importance de la communaut\u00e9 ethnique hongroise.\u00a0La route E-68 reliant la Roumanie \u00e0 la Hongrie &hellip; Arad Lire la suite \u00bb\" \/>\n<meta property=\"og:url\" content=\"https:\/\/roadtoromania.com\/fr\/villes-et-regions-de-roumanie\/arad\/\" \/>\n<meta property=\"og:site_name\" content=\"Road to Romania\" \/>\n<meta property=\"article:modified_time\" content=\"2022-10-18T14:51:58+00:00\" \/>\n<meta property=\"og:image\" content=\"https:\/\/roadtoromania.com\/wp-content\/uploads\/2022\/10\/arad_rumania-1.jpg\" \/>\n\t<meta property=\"og:image:width\" content=\"768\" \/>\n\t<meta property=\"og:image:height\" content=\"1024\" \/>\n\t<meta property=\"og:image:type\" content=\"image\/jpeg\" \/>\n<meta name=\"twitter:card\" content=\"summary_large_image\" \/>\n<meta name=\"twitter:label1\" content=\"Dur\u00e9e de lecture estim\u00e9e\" \/>\n\t<meta name=\"twitter:data1\" content=\"4 minutes\" \/>\n<script type=\"application\/ld+json\" class=\"yoast-schema-graph\">{\"@context\":\"https:\/\/schema.org\",\"@graph\":[{\"@type\":\"WebPage\",\"@id\":\"https:\/\/roadtoromania.com\/fr\/villes-et-regions-de-roumanie\/arad\/\",\"url\":\"https:\/\/roadtoromania.com\/fr\/villes-et-regions-de-roumanie\/arad\/\",\"name\":\"Arad - Road to Romania\",\"isPartOf\":{\"@id\":\"https:\/\/roadtoromania.com\/fr\/#website\"},\"datePublished\":\"2022-10-15T18:40:09+00:00\",\"dateModified\":\"2022-10-18T14:51:58+00:00\",\"breadcrumb\":{\"@id\":\"https:\/\/roadtoromania.com\/fr\/villes-et-regions-de-roumanie\/arad\/#breadcrumb\"},\"inLanguage\":\"fr-FR\",\"potentialAction\":[{\"@type\":\"ReadAction\",\"target\":[\"https:\/\/roadtoromania.com\/fr\/villes-et-regions-de-roumanie\/arad\/\"]}]},{\"@type\":\"BreadcrumbList\",\"@id\":\"https:\/\/roadtoromania.com\/fr\/villes-et-regions-de-roumanie\/arad\/#breadcrumb\",\"itemListElement\":[{\"@type\":\"ListItem\",\"position\":1,\"name\":\"Home\",\"item\":\"https:\/\/roadtoromania.com\/fr\/\"},{\"@type\":\"ListItem\",\"position\":2,\"name\":\"Arad\"}]},{\"@type\":\"WebSite\",\"@id\":\"https:\/\/roadtoromania.com\/fr\/#website\",\"url\":\"https:\/\/roadtoromania.com\/fr\/\",\"name\":\"Road to Romania\",\"description\":\"Le blog o\u00f9 vous trouverez toutes les informations dont vous avez besoin pour profiter de la Roumanie.\",\"potentialAction\":[{\"@type\":\"SearchAction\",\"target\":{\"@type\":\"EntryPoint\",\"urlTemplate\":\"https:\/\/roadtoromania.com\/fr\/?s={search_term_string}\"},\"query-input\":\"required name=search_term_string\"}],\"inLanguage\":\"fr-FR\"}]}<\/script>\n<!-- \/ Yoast SEO plugin. -->","yoast_head_json":{"title":"Arad - Road to Romania","robots":{"index":"index","follow":"follow","max-snippet":"max-snippet:-1","max-image-preview":"max-image-preview:large","max-video-preview":"max-video-preview:-1"},"canonical":"https:\/\/roadtoromania.com\/fr\/villes-et-regions-de-roumanie\/arad\/","og_locale":"fr_FR","og_type":"article","og_title":"Arad - Road to Romania","og_description":"Cath\u00e9drale orthodoxe d&#8217;Arad Arad est l&#8217;une des principales villes de l&#8217;ouest de la Roumanie, avec Timisoara au sud et Oradea au nord. \u00a0Elle appartient \u00e0 la r\u00e9gion du Banat , comt\u00e9 d&#8217;Arad, et est frontali\u00e8re avec la Hongrie, ce qui explique l&#8217;importance de la communaut\u00e9 ethnique hongroise.\u00a0La route E-68 reliant la Roumanie \u00e0 la Hongrie &hellip; Arad Lire la suite \u00bb","og_url":"https:\/\/roadtoromania.com\/fr\/villes-et-regions-de-roumanie\/arad\/","og_site_name":"Road to Romania","article_modified_time":"2022-10-18T14:51:58+00:00","og_image":[{"width":768,"height":1024,"url":"https:\/\/roadtoromania.com\/wp-content\/uploads\/2022\/10\/arad_rumania-1.jpg","type":"image\/jpeg"}],"twitter_card":"summary_large_image","twitter_misc":{"Dur\u00e9e de lecture estim\u00e9e":"4 minutes"},"schema":{"@context":"https:\/\/schema.org","@graph":[{"@type":"WebPage","@id":"https:\/\/roadtoromania.com\/fr\/villes-et-regions-de-roumanie\/arad\/","url":"https:\/\/roadtoromania.com\/fr\/villes-et-regions-de-roumanie\/arad\/","name":"Arad - Road to Romania","isPartOf":{"@id":"https:\/\/roadtoromania.com\/fr\/#website"},"datePublished":"2022-10-15T18:40:09+00:00","dateModified":"2022-10-18T14:51:58+00:00","breadcrumb":{"@id":"https:\/\/roadtoromania.com\/fr\/villes-et-regions-de-roumanie\/arad\/#breadcrumb"},"inLanguage":"fr-FR","potentialAction":[{"@type":"ReadAction","target":["https:\/\/roadtoromania.com\/fr\/villes-et-regions-de-roumanie\/arad\/"]}]},{"@type":"BreadcrumbList","@id":"https:\/\/roadtoromania.com\/fr\/villes-et-regions-de-roumanie\/arad\/#breadcrumb","itemListElement":[{"@type":"ListItem","position":1,"name":"Home","item":"https:\/\/roadtoromania.com\/fr\/"},{"@type":"ListItem","position":2,"name":"Arad"}]},{"@type":"WebSite","@id":"https:\/\/roadtoromania.com\/fr\/#website","url":"https:\/\/roadtoromania.com\/fr\/","name":"Road to Romania","description":"Le blog o\u00f9 vous trouverez toutes les informations dont vous avez besoin pour profiter de la Roumanie.","potentialAction":[{"@type":"SearchAction","target":{"@type":"EntryPoint","urlTemplate":"https:\/\/roadtoromania.com\/fr\/?s={search_term_string}"},"query-input":"required name=search_term_string"}],"inLanguage":"fr-FR"}]}},"_links":{"self":[{"href":"https:\/\/roadtoromania.com\/fr\/wp-json\/wp\/v2\/pages\/3139","targetHints":{"allow":["GET"]}}],"collection":[{"href":"https:\/\/roadtoromania.com\/fr\/wp-json\/wp\/v2\/pages"}],"about":[{"href":"https:\/\/roadtoromania.com\/fr\/wp-json\/wp\/v2\/types\/page"}],"author":[{"embeddable":true,"href":"https:\/\/roadtoromania.com\/fr\/wp-json\/wp\/v2\/users\/1"}],"replies":[{"embeddable":true,"href":"https:\/\/roadtoromania.com\/fr\/wp-json\/wp\/v2\/comments?post=3139"}],"version-history":[{"count":0,"href":"https:\/\/roadtoromania.com\/fr\/wp-json\/wp\/v2\/pages\/3139\/revisions"}],"up":[{"embeddable":true,"href":"https:\/\/roadtoromania.com\/fr\/wp-json\/wp\/v2\/pages\/3137"}],"wp:featuredmedia":[{"embeddable":true,"href":"https:\/\/roadtoromania.com\/fr\/wp-json\/wp\/v2\/media\/1053"}],"wp:attachment":[{"href":"https:\/\/roadtoromania.com\/fr\/wp-json\/wp\/v2\/media?parent=3139"}],"curies":[{"name":"wp","href":"https:\/\/api.w.org\/{rel}","templated":true}]}}