{"id":3140,"date":"2022-10-15T18:40:09","date_gmt":"2022-10-15T18:40:09","guid":{"rendered":"https:\/\/roadtoromania.com\/alba-iulia\/"},"modified":"2022-10-22T12:42:17","modified_gmt":"2022-10-22T12:42:17","slug":"alba-iulia","status":"publish","type":"page","link":"https:\/\/roadtoromania.com\/fr\/villes-et-regions-de-roumanie\/alba-iulia\/","title":{"rendered":"Alba Iulia"},"content":{"rendered":"<p><a href=\"https:\/\/roadtoromania.com\/wp-content\/uploads\/2022\/10\/alba-iulia-carolina.jpg\"><img decoding=\"async\" src=\"https:\/\/roadtoromania.com\/wp-content\/uploads\/2022\/10\/alba-iulia-carolina.jpg\" \/><\/a><\/p>\n<p>Presque entre un triangle imaginaire form\u00e9 par <strong>Cluj<\/strong> au nord, <strong>Deva<\/strong> \u00e0 l&#8217;ouest et <strong>Sibiu<\/strong> \u00e0 l&#8217;est, se trouve la ville bimill\u00e9naire de <strong>Alba Iulia<\/strong> , l&#8217;ancienne <em>Apulum<\/em> , capitale de la Haute Dacie. Nomm\u00e9e d&#8217;apr\u00e8s la m\u00e8re de l&#8217;empereur Marc-Aur\u00e8le, Julia Augusta, elle \u00e9tait, sous la domination romaine, pris\u00e9e pour ses gisements d&#8217;or et de sel, ainsi que pour ses riches ressources agricoles et foresti\u00e8res. L&#8217;invasion et la destruction tartare ont ouvert une p\u00e9riode de modification des fronti\u00e8res au cours de laquelle Alba Iulia a chang\u00e9 de nom sous la domination hongroise ou allemande.<\/p>\n<p>Son importance historique ne s&#8217;arr\u00eate pas l\u00e0, puisque c&#8217;est \u00e0 Alba Iulia que Michel le Brave a \u00e9t\u00e9 couronn\u00e9 prince de Valachie, de <a href=\"https:\/\/roadtoromania.com\/fr\/monuments-de-la-roumanie-que-voir-en-roumanie\/moldavie-roumain\/\">Moldavie<\/a> et de Transylvanie en 1600 ; et plus tard, lors du pl\u00e9biscite de 1918, l&#8217;adh\u00e9sion de la Transylvanie \u00e0 l&#8217;\u00c9tat roumain a \u00e9t\u00e9 vot\u00e9e et approuv\u00e9e.<\/p>\n<h2>Que voir \u00e0 Alba Iulia<\/h2>\n<p>Sans aucun doute, l&#8217;une des raisons de s&#8217;arr\u00eater \u00e0 Alba Julia lors de notre voyage en Transylvanie et en Roumanie est la <strong>citadelle d&#8217;Alba Carolina<\/strong> . Les amateurs d&#8217;histoire et de fortifications trouveront dans cette \u0153uvre monumentale une raison puissante. Construite par les Hausburg entre 1715 et 1738 sur le site d&#8217;une forteresse romaine et d&#8217;une autre citadelle connue sous le nom de Balgrad, ses 12 kilom\u00e8tres de murs en pierre et en brique, compl\u00e9t\u00e9s par six portes baroques monumentales et sept tours aux coins du plan en \u00e9toile, sont frappants.<\/p>\n<p>L&#8217;int\u00e9rieur de la citadelle contient les principaux monuments d&#8217;Alba Iulia et peut \u00eatre consid\u00e9r\u00e9 comme le c\u0153ur historique de la ville. Il convient de souligner la biblioth\u00e8que du Batthyaneum <strong>qui, depuis 1794, a accumul\u00e9 plus de 60 000 volumes, dont des incunables et des manuscrits qui constituent des \u0153uvres d&#8217;art pour la qualit\u00e9 de leur impression, de leur d\u00e9coration et de leur \u00e9rudition, comme le Codeus Aureus, un \u00e9vangile latin du VIIIe au Xe si\u00e8cle, avec des lettres dor\u00e9es et des miniatures de grande qualit\u00e9.<\/strong><\/p>\n<p>Plus loin, le long de la Citadelle, nous arrivons au <strong>Mus\u00e9e national de l&#8217;Union<\/strong> , l&#8217;un des premiers de Roumanie, avec des pi\u00e8ces d&#8217;arch\u00e9ologie, d&#8217;art populaire et d&#8217;histoire roumaines. Elle a \u00e9t\u00e9 le th\u00e9\u00e2tre de l&#8217;int\u00e9gration de la Transylvanie dans l&#8217;\u00c9tat roumain.<\/p>\n<p>La <strong>Cath\u00e9drale St Michel<\/strong> est le temple religieux le plus important d&#8217;Alba Iulia, construit au 12\u00e8me si\u00e8cle, mais restaur\u00e9 apr\u00e8s la destruction par les Tartares mentionn\u00e9e ci-dessus au 13\u00e8me si\u00e8cle. La porte Renaissance r\u00e9alis\u00e9e par des artistes allemands, le ch\u0153ur gothique et la tour sont les \u00e9l\u00e9ments les plus \u00e9blouissants.<\/p>\n<p>Non loin de l\u00e0 se trouvent le palais \u00e9piscopal baroque et le Palais Principesco, \u00e0 c\u00f4t\u00e9 de la statue de Michel le Brave ; et si nous continuons vers l&#8217;est, \u00e0 l&#8217;ext\u00e9rieur de l&#8217;enceinte fortifi\u00e9e, se trouve l&#8217;ob\u00e9lisque \u00e0 la m\u00e9moire des leaders Horea, Clo\u015fca et Cri\u015fan, ex\u00e9cut\u00e9s apr\u00e8s la r\u00e9volte contre le syst\u00e8me f\u00e9odal du servage \u00e0 la fin du XVIIIe si\u00e8cle, et en faveur de l&#8217;\u00e9galit\u00e9 des droits pour les diff\u00e9rents groupes ethniques roumains.<\/p>\n<p>Parmi les localit\u00e9s proches qui m\u00e9ritent une attention particuli\u00e8re, citons Teius, Sebes, Aiud ou Sintimbru.<\/p>\n<h2><strong>Comment se rendre \u00e0 Alba Iulia<\/strong><\/h2>\n<p>De Sibiu et Deva, nous avons des trains pour Alba Julia, et de Cluj Napuca, Timisoara ou Bucarest, la meilleure option est le bus.<\/p>\n<h2>Carte de Alba Iulia<\/h2>\n<p><iframe loading=\"lazy\" style=\"border: 0;\" src=\"https:\/\/www.google.com\/maps\/embed?pb=!1m18!1m12!1m3!1d88590.9540812419!2d23.48796383724683!3d46.0617223753872!2m3!1f0!2f0!3f0!3m2!1i1024!2i768!4f13.1!3m3!1m2!1s0x474ea80cce754875%3A0xe9b0f44e8e45cd05!2sAlba%20Iulia%2C%20Ruman%C3%ADa!5e0!3m2!1ses!2ses!4v1665825013065!5m2!1ses!2ses\" width=\"600\" height=\"450\" allowfullscreen=\"allowfullscreen\"><\/iframe><\/p>\n","protected":false},"excerpt":{"rendered":"<p>Presque entre un triangle imaginaire form\u00e9 par Cluj au nord, Deva \u00e0 l&#8217;ouest et Sibiu \u00e0 l&#8217;est, se trouve la ville bimill\u00e9naire de Alba Iulia , l&#8217;ancienne Apulum , capitale de la Haute Dacie. Nomm\u00e9e d&#8217;apr\u00e8s la m\u00e8re de l&#8217;empereur Marc-Aur\u00e8le, Julia Augusta, elle \u00e9tait, sous la domination romaine, pris\u00e9e pour ses gisements d&#8217;or et &hellip;<\/p>\n<p class=\"read-more\"> <a class=\"\" href=\"https:\/\/roadtoromania.com\/fr\/villes-et-regions-de-roumanie\/alba-iulia\/\"> <span class=\"screen-reader-text\">Alba Iulia<\/span> Lire la suite \u00bb<\/a><\/p>\n","protected":false},"author":1,"featured_media":1067,"parent":3137,"menu_order":0,"comment_status":"open","ping_status":"open","template":"","meta":{"site-sidebar-layout":"default","site-content-layout":"default","ast-global-header-display":"","ast-main-header-display":"","ast-hfb-above-header-display":"","ast-hfb-below-header-display":"","ast-hfb-mobile-header-display":"","site-post-title":"","ast-breadcrumbs-content":"","ast-featured-img":"","footer-sml-layout":"","theme-transparent-header-meta":"default","adv-header-id-meta":"","stick-header-meta":"default","header-above-stick-meta":"","header-main-stick-meta":"","header-below-stick-meta":"","footnotes":""},"class_list":["post-3140","page","type-page","status-publish","has-post-thumbnail","hentry"],"yoast_head":"<!-- This site is optimized with the Yoast SEO plugin v19.10 - https:\/\/yoast.com\/wordpress\/plugins\/seo\/ -->\n<title>Alba Iulia - Road to Romania<\/title>\n<meta name=\"robots\" content=\"index, follow, max-snippet:-1, max-image-preview:large, max-video-preview:-1\" \/>\n<link rel=\"canonical\" href=\"https:\/\/roadtoromania.com\/fr\/villes-et-regions-de-roumanie\/alba-iulia\/\" \/>\n<meta property=\"og:locale\" content=\"fr_FR\" \/>\n<meta property=\"og:type\" content=\"article\" \/>\n<meta property=\"og:title\" content=\"Alba Iulia - Road to Romania\" \/>\n<meta property=\"og:description\" content=\"Presque entre un triangle imaginaire form\u00e9 par Cluj au nord, Deva \u00e0 l&#8217;ouest et Sibiu \u00e0 l&#8217;est, se trouve la ville bimill\u00e9naire de Alba Iulia , l&#8217;ancienne Apulum , capitale de la Haute Dacie. Nomm\u00e9e d&#8217;apr\u00e8s la m\u00e8re de l&#8217;empereur Marc-Aur\u00e8le, Julia Augusta, elle \u00e9tait, sous la domination romaine, pris\u00e9e pour ses gisements d&#8217;or et &hellip; Alba Iulia Lire la suite \u00bb\" \/>\n<meta property=\"og:url\" content=\"https:\/\/roadtoromania.com\/fr\/villes-et-regions-de-roumanie\/alba-iulia\/\" \/>\n<meta property=\"og:site_name\" content=\"Road to Romania\" \/>\n<meta property=\"article:modified_time\" content=\"2022-10-22T12:42:17+00:00\" \/>\n<meta property=\"og:image\" content=\"https:\/\/roadtoromania.com\/wp-content\/uploads\/2022\/10\/alba-iulia-carolina-1.jpg\" \/>\n\t<meta property=\"og:image:width\" content=\"768\" \/>\n\t<meta property=\"og:image:height\" content=\"522\" \/>\n\t<meta property=\"og:image:type\" content=\"image\/jpeg\" \/>\n<meta name=\"twitter:card\" content=\"summary_large_image\" \/>\n<meta name=\"twitter:label1\" content=\"Dur\u00e9e de lecture estim\u00e9e\" \/>\n\t<meta name=\"twitter:data1\" content=\"4 minutes\" \/>\n<script type=\"application\/ld+json\" class=\"yoast-schema-graph\">{\"@context\":\"https:\/\/schema.org\",\"@graph\":[{\"@type\":\"WebPage\",\"@id\":\"https:\/\/roadtoromania.com\/fr\/villes-et-regions-de-roumanie\/alba-iulia\/\",\"url\":\"https:\/\/roadtoromania.com\/fr\/villes-et-regions-de-roumanie\/alba-iulia\/\",\"name\":\"Alba Iulia - Road to Romania\",\"isPartOf\":{\"@id\":\"https:\/\/roadtoromania.com\/fr\/#website\"},\"datePublished\":\"2022-10-15T18:40:09+00:00\",\"dateModified\":\"2022-10-22T12:42:17+00:00\",\"breadcrumb\":{\"@id\":\"https:\/\/roadtoromania.com\/fr\/villes-et-regions-de-roumanie\/alba-iulia\/#breadcrumb\"},\"inLanguage\":\"fr-FR\",\"potentialAction\":[{\"@type\":\"ReadAction\",\"target\":[\"https:\/\/roadtoromania.com\/fr\/villes-et-regions-de-roumanie\/alba-iulia\/\"]}]},{\"@type\":\"BreadcrumbList\",\"@id\":\"https:\/\/roadtoromania.com\/fr\/villes-et-regions-de-roumanie\/alba-iulia\/#breadcrumb\",\"itemListElement\":[{\"@type\":\"ListItem\",\"position\":1,\"name\":\"Home\",\"item\":\"https:\/\/roadtoromania.com\/fr\/\"},{\"@type\":\"ListItem\",\"position\":2,\"name\":\"Villes et r\u00e9gions de Roumanie\",\"item\":\"https:\/\/roadtoromania.com\/fr\/villes-et-regions-de-roumanie\/\"},{\"@type\":\"ListItem\",\"position\":3,\"name\":\"Alba Iulia\"}]},{\"@type\":\"WebSite\",\"@id\":\"https:\/\/roadtoromania.com\/fr\/#website\",\"url\":\"https:\/\/roadtoromania.com\/fr\/\",\"name\":\"Road to Romania\",\"description\":\"Le blog o\u00f9 vous trouverez toutes les informations dont vous avez besoin pour profiter de la Roumanie.\",\"potentialAction\":[{\"@type\":\"SearchAction\",\"target\":{\"@type\":\"EntryPoint\",\"urlTemplate\":\"https:\/\/roadtoromania.com\/fr\/?s={search_term_string}\"},\"query-input\":\"required name=search_term_string\"}],\"inLanguage\":\"fr-FR\"}]}<\/script>\n<!-- \/ Yoast SEO plugin. -->","yoast_head_json":{"title":"Alba Iulia - Road to Romania","robots":{"index":"index","follow":"follow","max-snippet":"max-snippet:-1","max-image-preview":"max-image-preview:large","max-video-preview":"max-video-preview:-1"},"canonical":"https:\/\/roadtoromania.com\/fr\/villes-et-regions-de-roumanie\/alba-iulia\/","og_locale":"fr_FR","og_type":"article","og_title":"Alba Iulia - Road to Romania","og_description":"Presque entre un triangle imaginaire form\u00e9 par Cluj au nord, Deva \u00e0 l&#8217;ouest et Sibiu \u00e0 l&#8217;est, se trouve la ville bimill\u00e9naire de Alba Iulia , l&#8217;ancienne Apulum , capitale de la Haute Dacie. Nomm\u00e9e d&#8217;apr\u00e8s la m\u00e8re de l&#8217;empereur Marc-Aur\u00e8le, Julia Augusta, elle \u00e9tait, sous la domination romaine, pris\u00e9e pour ses gisements d&#8217;or et &hellip; Alba Iulia Lire la suite \u00bb","og_url":"https:\/\/roadtoromania.com\/fr\/villes-et-regions-de-roumanie\/alba-iulia\/","og_site_name":"Road to Romania","article_modified_time":"2022-10-22T12:42:17+00:00","og_image":[{"width":768,"height":522,"url":"https:\/\/roadtoromania.com\/wp-content\/uploads\/2022\/10\/alba-iulia-carolina-1.jpg","type":"image\/jpeg"}],"twitter_card":"summary_large_image","twitter_misc":{"Dur\u00e9e de lecture estim\u00e9e":"4 minutes"},"schema":{"@context":"https:\/\/schema.org","@graph":[{"@type":"WebPage","@id":"https:\/\/roadtoromania.com\/fr\/villes-et-regions-de-roumanie\/alba-iulia\/","url":"https:\/\/roadtoromania.com\/fr\/villes-et-regions-de-roumanie\/alba-iulia\/","name":"Alba Iulia - Road to Romania","isPartOf":{"@id":"https:\/\/roadtoromania.com\/fr\/#website"},"datePublished":"2022-10-15T18:40:09+00:00","dateModified":"2022-10-22T12:42:17+00:00","breadcrumb":{"@id":"https:\/\/roadtoromania.com\/fr\/villes-et-regions-de-roumanie\/alba-iulia\/#breadcrumb"},"inLanguage":"fr-FR","potentialAction":[{"@type":"ReadAction","target":["https:\/\/roadtoromania.com\/fr\/villes-et-regions-de-roumanie\/alba-iulia\/"]}]},{"@type":"BreadcrumbList","@id":"https:\/\/roadtoromania.com\/fr\/villes-et-regions-de-roumanie\/alba-iulia\/#breadcrumb","itemListElement":[{"@type":"ListItem","position":1,"name":"Home","item":"https:\/\/roadtoromania.com\/fr\/"},{"@type":"ListItem","position":2,"name":"Villes et r\u00e9gions de Roumanie","item":"https:\/\/roadtoromania.com\/fr\/villes-et-regions-de-roumanie\/"},{"@type":"ListItem","position":3,"name":"Alba Iulia"}]},{"@type":"WebSite","@id":"https:\/\/roadtoromania.com\/fr\/#website","url":"https:\/\/roadtoromania.com\/fr\/","name":"Road to Romania","description":"Le blog o\u00f9 vous trouverez toutes les informations dont vous avez besoin pour profiter de la Roumanie.","potentialAction":[{"@type":"SearchAction","target":{"@type":"EntryPoint","urlTemplate":"https:\/\/roadtoromania.com\/fr\/?s={search_term_string}"},"query-input":"required name=search_term_string"}],"inLanguage":"fr-FR"}]}},"_links":{"self":[{"href":"https:\/\/roadtoromania.com\/fr\/wp-json\/wp\/v2\/pages\/3140","targetHints":{"allow":["GET"]}}],"collection":[{"href":"https:\/\/roadtoromania.com\/fr\/wp-json\/wp\/v2\/pages"}],"about":[{"href":"https:\/\/roadtoromania.com\/fr\/wp-json\/wp\/v2\/types\/page"}],"author":[{"embeddable":true,"href":"https:\/\/roadtoromania.com\/fr\/wp-json\/wp\/v2\/users\/1"}],"replies":[{"embeddable":true,"href":"https:\/\/roadtoromania.com\/fr\/wp-json\/wp\/v2\/comments?post=3140"}],"version-history":[{"count":1,"href":"https:\/\/roadtoromania.com\/fr\/wp-json\/wp\/v2\/pages\/3140\/revisions"}],"predecessor-version":[{"id":4294,"href":"https:\/\/roadtoromania.com\/fr\/wp-json\/wp\/v2\/pages\/3140\/revisions\/4294"}],"up":[{"embeddable":true,"href":"https:\/\/roadtoromania.com\/fr\/wp-json\/wp\/v2\/pages\/3137"}],"wp:featuredmedia":[{"embeddable":true,"href":"https:\/\/roadtoromania.com\/fr\/wp-json\/wp\/v2\/media\/1067"}],"wp:attachment":[{"href":"https:\/\/roadtoromania.com\/fr\/wp-json\/wp\/v2\/media?parent=3140"}],"curies":[{"name":"wp","href":"https:\/\/api.w.org\/{rel}","templated":true}]}}