{"id":3142,"date":"2022-10-15T18:40:09","date_gmt":"2022-10-15T18:40:09","guid":{"rendered":"https:\/\/roadtoromania.com\/baia-mare\/"},"modified":"2022-10-18T14:51:58","modified_gmt":"2022-10-18T14:51:58","slug":"baia-mare","status":"publish","type":"page","link":"https:\/\/roadtoromania.com\/fr\/villes-et-regions-de-roumanie\/baia-mare\/","title":{"rendered":"Baia Mare"},"content":{"rendered":"<p>La ville de Baia Mare en Roumanie est situ\u00e9e dans le nord du pays et compte une population de plus de 90 000 habitants. C&#8217;est l&#8217;une des plus grandes villes du comt\u00e9 de Maramures, et une destination touristique majeure pour ses nombreux sites et attractions naturelles. Si vous envisagez de vous rendre prochainement dans cette belle ville, lisez ce qui suit pour en savoir plus sur son histoire, sa culture, ses attractions et ses activit\u00e9s.<\/p>\n<p>\n <strong>Baia Mare<\/strong> est la capitale du d\u00e9partement des Maramures<\/strong><\/strong> de <a href=\"https:\/\/roadtoromania.com\/fr\/villes-et-regions-de-roumanie\/region-du-maramures\/\"> <strong>, dans le nord de la Roumanie, \u00e0 la fronti\u00e8re avec l&#8217;Ukraine. Ville mini\u00e8re par excellence, on y a extrait du fer, de l&#8217;or, de l&#8217;argent et d&#8217;autres min\u00e9raux pr\u00e9cieux.<\/p>\n<p>\nBaia Mare est une ville qui se d\u00e9couvre \u00e0 travers ses <strong>mus\u00e9es<\/strong> , qui expliquent son histoire, sa soci\u00e9t\u00e9 et son \u00e9volution artistique. Le mus\u00e9e des min\u00e9raux (boulevard Traian 8) propose une promenade \u00e0 travers les si\u00e8cles d&#8217;extraction et de richesse de l&#8217;environnement de Baia Mare.<\/p>\n<p>\nLe mus\u00e9e d&#8217;art (Muzeul Judetean de Arta) abrite une collection d&#8217;art moderne, avec des \u0153uvres d&#8217;artistes locaux et nationaux, de 1800 \u00e0 nos jours.<\/p>\n<p><a href=\"https:\/\/roadtoromania.com\/wp-content\/uploads\/2022\/10\/baia-mare-medieval-festival-rumania.jpg\"><img decoding=\"async\" src=\"https:\/\/roadtoromania.com\/wp-content\/uploads\/2022\/10\/baia-mare-medieval-festival-rumania.jpg\" \/><\/a> Festival m\u00e9di\u00e9val de Baia Mare<\/p>\n<p>\nDeux autres mus\u00e9es de grand int\u00e9r\u00eat sont le Mus\u00e9e arch\u00e9ologique (Muzeul Judetean de Arheologie si Istorie) et le Mus\u00e9e ethnographique, dont l&#8217;exposition en plein air de maisons typiques montre que l&#8217;architecture rurale n&#8217;a pas beaucoup chang\u00e9.<\/p>\n<div id=\"toc_container\" class=\"no_bullets\"><p class=\"toc_title\">Contents<\/p><ul class=\"toc_list\"><li><a href=\"#Histoire_de_Baia_Mare\"><span class=\"toc_number toc_depth_1\">1<\/span> \nHistoire de Baia Mare<\/a><\/li><li><a href=\"#Que_voir_a_Baia_Mare\"><span class=\"toc_number toc_depth_1\">2<\/span> \n Que voir \u00e0 Baia Mare <\/a><ul><li><a href=\"#Autour_de_Baia_Mare\"><span class=\"toc_number toc_depth_2\">2.1<\/span> \n Autour de Baia Mare <\/a><\/li><\/ul><\/li><li><a href=\"#Hotels_a_baia_mare_romania\"><span class=\"toc_number toc_depth_1\">3<\/span> \nH\u00f4tels \u00e0 baia mare romania<\/a><\/li><\/ul><\/div>\n<h2><span id=\"Histoire_de_Baia_Mare\">\nHistoire de Baia Mare<\/span><\/h2>\n<p>\nLa ville de Baia Mare a \u00e9t\u00e9 colonis\u00e9e pour la premi\u00e8re fois au 13e si\u00e8cle par un groupe de tribus hongroises. La rivi\u00e8re Baia Mare a jou\u00e9 un r\u00f4le important dans le d\u00e9veloppement de la ville, car elle constituait une importante voie de transport reliant la ville \u00e0 d&#8217;autres parties du pays. En 1746, la ville est en grande partie d\u00e9truite par un incendie. Peu apr\u00e8s, un nouveau centre-ville a \u00e9t\u00e9 construit et la ville a recommenc\u00e9 \u00e0 se d\u00e9velopper.<\/p>\n<p>\nAu cours du XXe si\u00e8cle, Baia Mare \u00e9tait un important centre minier. Elle \u00e9tait un fournisseur cl\u00e9 de min\u00e9raux tels que l&#8217;or, l&#8217;argent, le cuivre et le zinc, et constituait une importante source de revenus pour le gouvernement roumain.En 1990, l&#8217;industrie mini\u00e8re de Baia Mare a ferm\u00e9 ses portes et la ville a commenc\u00e9 \u00e0 se transformer en une destination touristique.<\/p>\n<h2><span id=\"Que_voir_a_Baia_Mare\">\n <strong>Que voir \u00e0 Baia Mare<\/strong> <\/span><\/h2>\n<p>\nLa ville de Baia Mare poss\u00e8de de nombreuses attractions int\u00e9ressantes \u00e0 explorer pour les touristes. Certains des lieux d&#8217;int\u00e9r\u00eat les plus populaires de la ville sont :<\/p>\n<ul>\n<li>\n\u00c9glise catholique Sainte-Marie : cette \u00e9glise a \u00e9t\u00e9 construite en 1532 et est la plus grande \u00e9glise du comt\u00e9 de Maramures. \u00c0 l&#8217;int\u00e9rieur de l&#8217;\u00e9glise, on trouve de nombreuses peintures magnifiques, ainsi qu&#8217;un clocher et une chaire baroque.<\/li>\n<li>\nLe mus\u00e9e de Baia Mare : ce mus\u00e9e documente la riche histoire de la ville. Vous pouvez y trouver des objets datant du 14e si\u00e8cle, ainsi que des min\u00e9raux et des fossiles de l&#8217;\u00e9poque mini\u00e8re. &#8211; Montagnes Hargita : situ\u00e9es \u00e0 10 km de Baia Mare, les montagnes Hargita sont un endroit populaire pour faire des randonn\u00e9es et d\u00e9couvrir la beaut\u00e9 naturelle de la r\u00e9gion.<\/li>\n<li>\nParc pour enfants Parcul Copilului : Ce parc, situ\u00e9 au centre de la ville, est un endroit tr\u00e8s appr\u00e9ci\u00e9 des familles pour se d\u00e9tendre et profiter des attractions. Il y a une aire de jeux pour enfants, un lac, un chemin de fer miniature et quelques autres attractions.<\/li>\n<li>\nLe mus\u00e9e Cabon : situ\u00e9 \u00e0 seulement 5 km de Baia Mare, ce mus\u00e9e pr\u00e9sente les min\u00e9raux qui ont \u00e9t\u00e9 extraits des mines voisines depuis le XIXe si\u00e8cle. On peut \u00e9galement trouver de nombreux fossiles dans ce mus\u00e9e.<\/li>\n<\/ul>\n<p>\nLe bastion des bouchers <strong>, situ\u00e9 \u00e0 Piata Izvoarele, pr\u00e9sente un int\u00e9r\u00eat particulier. Il semble avoir \u00e9t\u00e9 \u00e9rig\u00e9 par la guilde dont la mission \u00e9tait de d\u00e9fendre cette partie des murs, bien que l&#8217;autre version selon laquelle c&#8217;est la guilde des bouchers qui a pay\u00e9 pour sa construction soit plus logique.<\/p>\n<p>\nPr\u00e8s du bastion se trouve le march\u00e9, qui nous donne un aper\u00e7u de la vie quotidienne des habitants du Maramures, et nous permet de voir les produits cultiv\u00e9s dans cette terre fertile.\u00a0En continuant vers le nord le long de la rue 1 de Mai, nous verrons la fa\u00e7ade de la cath\u00e9drale baroque de la Sainte Trinit\u00e9, datant du 18\u00e8me si\u00e8cle.<\/p>\n<p>\n\u00c0 <strong>Piata Libertatii<\/strong> , en plus d&#8217;une grande atmosph\u00e8re civique, nous trouvons le plus ancien b\u00e2timent, datant de 1440, et situ\u00e9 sur le c\u00f4t\u00e9 est de la place. Elle fait partie de l&#8217;\u00e9difice avec lequel le prince transylvanien Iancu de Hunedoara a offert son \u00e9pouse Elisabeta. Sur la m\u00eame place, nous nous r\u00e9chaufferons en montant dans la tour de l&#8217;horloge de Stephen (Turnul lui Stefan), de style gothique.<\/p>\n<h3><span id=\"Autour_de_Baia_Mare\">\n <strong>Autour de Baia Mare<\/strong> <\/span><\/h3>\n<p>\nBaia Mare peut servir de ville charni\u00e8re pour conna\u00eetre toute la r\u00e9gion du Maramures, domin\u00e9e par une g\u00e9ographie montagneuse pleine de collines. Parmi les points forts, citons la r\u00e9serve naturelle de Gutai-Ignis, les \u00e9glises en bois de Surdesti et de Plopis, les vall\u00e9es de Viseu, d&#8217;Iza et de Mara, et bien s\u00fbr le parc national de Rodnei, une r\u00e9serve de biosph\u00e8re de l&#8217;UNESCO.<\/p>\n<p> Comment se rendre \u00e0 Baia Mare<\/strong> <\/h2>\n<p>\nL&#8217;a\u00e9roport le plus proche de Baia Mare est l&#8217;a\u00e9roport de Sigi \u00e0 Sighisoara, qui se trouve \u00e0 environ 74 km. Depuis l&#8217;a\u00e9roport, vous pouvez prendre un taxi ou louer une voiture pour vous rendre dans le centre-ville. Si vous envisagez de prendre le train, la gare la plus proche se trouve \u00e0 Sighisoara, \u00e0 environ 74 km du centre-ville. De l\u00e0, vous pouvez prendre un taxi ou louer une voiture pour vous rendre \u00e0 Baia Mare.<\/p>\n<h2><span id=\"Hotels_a_baia_mare_romania\">\nH\u00f4tels \u00e0 baia mare romania<\/span><\/h2>\n<p>\nIl existe de nombreux types d&#8217;h\u00f4tels \u00e0 Baia Mare, des h\u00f4tels de luxe aux auberges abordables. Vous trouverez plusieurs h\u00f4tels dans le centre ville, ainsi que d&#8217;autres h\u00f4tels juste \u00e0 l&#8217;ext\u00e9rieur du centre ville. Si vous recherchez un h\u00f4tel de luxe dans la ville de Baia Mare, le Grand Hotel Baia Mare est un excellent choix. L&#8217;h\u00f4tel propose une grande vari\u00e9t\u00e9 de chambres, notamment des chambres standard, des chambres familiales et des suites. Vous pouvez \u00e9galement trouver d&#8217;autres h\u00f4tels \u00e0 proximit\u00e9, comme l&#8217;H\u00f4tel Imperial, l&#8217;H\u00f4tel Transilvania, l&#8217;H\u00f4tel Parul, l&#8217;H\u00f4tel Fagul Ro\u0219, l&#8217;H\u00f4tel Victoria, l&#8217;H\u00f4tel Balul Ros, l&#8217;H\u00f4tel Parcul et l&#8217;H\u00f4tel Dacia <\/p>\n<p>.<\/p>\n","protected":false},"excerpt":{"rendered":"<p>La ville de Baia Mare en Roumanie est situ\u00e9e dans le nord du pays et compte une population de plus de 90 000 habitants. C&#8217;est l&#8217;une des plus grandes villes du comt\u00e9 de Maramures, et une destination touristique majeure pour ses nombreux sites et attractions naturelles. Si vous envisagez de vous rendre prochainement dans cette &hellip;<\/p>\n<p class=\"read-more\"> <a class=\"\" href=\"https:\/\/roadtoromania.com\/fr\/villes-et-regions-de-roumanie\/baia-mare\/\"> <span class=\"screen-reader-text\">Baia Mare<\/span> Lire la suite \u00bb<\/a><\/p>\n","protected":false},"author":1,"featured_media":1089,"parent":3137,"menu_order":0,"comment_status":"open","ping_status":"open","template":"","meta":{"site-sidebar-layout":"default","site-content-layout":"default","ast-global-header-display":"","ast-main-header-display":"","ast-hfb-above-header-display":"","ast-hfb-below-header-display":"","ast-hfb-mobile-header-display":"","site-post-title":"","ast-breadcrumbs-content":"","ast-featured-img":"","footer-sml-layout":"","theme-transparent-header-meta":"","adv-header-id-meta":"","stick-header-meta":"","header-above-stick-meta":"","header-main-stick-meta":"","header-below-stick-meta":"","footnotes":""},"class_list":["post-3142","page","type-page","status-publish","has-post-thumbnail","hentry"],"yoast_head":"<!-- This site is optimized with the Yoast SEO plugin v19.10 - https:\/\/yoast.com\/wordpress\/plugins\/seo\/ -->\n<title>Baia Mare - Road to Romania<\/title>\n<meta name=\"robots\" content=\"index, follow, max-snippet:-1, max-image-preview:large, max-video-preview:-1\" \/>\n<link rel=\"canonical\" href=\"https:\/\/roadtoromania.com\/fr\/villes-et-regions-de-roumanie\/baia-mare\/\" \/>\n<meta property=\"og:locale\" content=\"fr_FR\" \/>\n<meta property=\"og:type\" content=\"article\" \/>\n<meta property=\"og:title\" content=\"Baia Mare - Road to Romania\" \/>\n<meta property=\"og:description\" content=\"La ville de Baia Mare en Roumanie est situ\u00e9e dans le nord du pays et compte une population de plus de 90 000 habitants. C&#8217;est l&#8217;une des plus grandes villes du comt\u00e9 de Maramures, et une destination touristique majeure pour ses nombreux sites et attractions naturelles. Si vous envisagez de vous rendre prochainement dans cette &hellip; Baia Mare Lire la suite \u00bb\" \/>\n<meta property=\"og:url\" content=\"https:\/\/roadtoromania.com\/fr\/villes-et-regions-de-roumanie\/baia-mare\/\" \/>\n<meta property=\"og:site_name\" content=\"Road to Romania\" \/>\n<meta property=\"article:modified_time\" content=\"2022-10-18T14:51:58+00:00\" \/>\n<meta property=\"og:image\" content=\"https:\/\/roadtoromania.com\/wp-content\/uploads\/2022\/10\/baia-mare-medieval-festival-rumania-1.jpg\" \/>\n\t<meta property=\"og:image:width\" content=\"768\" \/>\n\t<meta property=\"og:image:height\" content=\"576\" \/>\n\t<meta property=\"og:image:type\" content=\"image\/jpeg\" \/>\n<meta name=\"twitter:card\" content=\"summary_large_image\" \/>\n<meta name=\"twitter:label1\" content=\"Dur\u00e9e de lecture estim\u00e9e\" \/>\n\t<meta name=\"twitter:data1\" content=\"5 minutes\" \/>\n<script type=\"application\/ld+json\" class=\"yoast-schema-graph\">{\"@context\":\"https:\/\/schema.org\",\"@graph\":[{\"@type\":\"WebPage\",\"@id\":\"https:\/\/roadtoromania.com\/fr\/villes-et-regions-de-roumanie\/baia-mare\/\",\"url\":\"https:\/\/roadtoromania.com\/fr\/villes-et-regions-de-roumanie\/baia-mare\/\",\"name\":\"Baia Mare - Road to Romania\",\"isPartOf\":{\"@id\":\"https:\/\/roadtoromania.com\/fr\/#website\"},\"datePublished\":\"2022-10-15T18:40:09+00:00\",\"dateModified\":\"2022-10-18T14:51:58+00:00\",\"breadcrumb\":{\"@id\":\"https:\/\/roadtoromania.com\/fr\/villes-et-regions-de-roumanie\/baia-mare\/#breadcrumb\"},\"inLanguage\":\"fr-FR\",\"potentialAction\":[{\"@type\":\"ReadAction\",\"target\":[\"https:\/\/roadtoromania.com\/fr\/villes-et-regions-de-roumanie\/baia-mare\/\"]}]},{\"@type\":\"BreadcrumbList\",\"@id\":\"https:\/\/roadtoromania.com\/fr\/villes-et-regions-de-roumanie\/baia-mare\/#breadcrumb\",\"itemListElement\":[{\"@type\":\"ListItem\",\"position\":1,\"name\":\"Home\",\"item\":\"https:\/\/roadtoromania.com\/fr\/\"},{\"@type\":\"ListItem\",\"position\":2,\"name\":\"Baia Mare\"}]},{\"@type\":\"WebSite\",\"@id\":\"https:\/\/roadtoromania.com\/fr\/#website\",\"url\":\"https:\/\/roadtoromania.com\/fr\/\",\"name\":\"Road to Romania\",\"description\":\"Le blog o\u00f9 vous trouverez toutes les informations dont vous avez besoin pour profiter de la Roumanie.\",\"potentialAction\":[{\"@type\":\"SearchAction\",\"target\":{\"@type\":\"EntryPoint\",\"urlTemplate\":\"https:\/\/roadtoromania.com\/fr\/?s={search_term_string}\"},\"query-input\":\"required name=search_term_string\"}],\"inLanguage\":\"fr-FR\"}]}<\/script>\n<!-- \/ Yoast SEO plugin. -->","yoast_head_json":{"title":"Baia Mare - Road to Romania","robots":{"index":"index","follow":"follow","max-snippet":"max-snippet:-1","max-image-preview":"max-image-preview:large","max-video-preview":"max-video-preview:-1"},"canonical":"https:\/\/roadtoromania.com\/fr\/villes-et-regions-de-roumanie\/baia-mare\/","og_locale":"fr_FR","og_type":"article","og_title":"Baia Mare - Road to Romania","og_description":"La ville de Baia Mare en Roumanie est situ\u00e9e dans le nord du pays et compte une population de plus de 90 000 habitants. C&#8217;est l&#8217;une des plus grandes villes du comt\u00e9 de Maramures, et une destination touristique majeure pour ses nombreux sites et attractions naturelles. Si vous envisagez de vous rendre prochainement dans cette &hellip; Baia Mare Lire la suite \u00bb","og_url":"https:\/\/roadtoromania.com\/fr\/villes-et-regions-de-roumanie\/baia-mare\/","og_site_name":"Road to Romania","article_modified_time":"2022-10-18T14:51:58+00:00","og_image":[{"width":768,"height":576,"url":"https:\/\/roadtoromania.com\/wp-content\/uploads\/2022\/10\/baia-mare-medieval-festival-rumania-1.jpg","type":"image\/jpeg"}],"twitter_card":"summary_large_image","twitter_misc":{"Dur\u00e9e de lecture estim\u00e9e":"5 minutes"},"schema":{"@context":"https:\/\/schema.org","@graph":[{"@type":"WebPage","@id":"https:\/\/roadtoromania.com\/fr\/villes-et-regions-de-roumanie\/baia-mare\/","url":"https:\/\/roadtoromania.com\/fr\/villes-et-regions-de-roumanie\/baia-mare\/","name":"Baia Mare - Road to Romania","isPartOf":{"@id":"https:\/\/roadtoromania.com\/fr\/#website"},"datePublished":"2022-10-15T18:40:09+00:00","dateModified":"2022-10-18T14:51:58+00:00","breadcrumb":{"@id":"https:\/\/roadtoromania.com\/fr\/villes-et-regions-de-roumanie\/baia-mare\/#breadcrumb"},"inLanguage":"fr-FR","potentialAction":[{"@type":"ReadAction","target":["https:\/\/roadtoromania.com\/fr\/villes-et-regions-de-roumanie\/baia-mare\/"]}]},{"@type":"BreadcrumbList","@id":"https:\/\/roadtoromania.com\/fr\/villes-et-regions-de-roumanie\/baia-mare\/#breadcrumb","itemListElement":[{"@type":"ListItem","position":1,"name":"Home","item":"https:\/\/roadtoromania.com\/fr\/"},{"@type":"ListItem","position":2,"name":"Baia Mare"}]},{"@type":"WebSite","@id":"https:\/\/roadtoromania.com\/fr\/#website","url":"https:\/\/roadtoromania.com\/fr\/","name":"Road to Romania","description":"Le blog o\u00f9 vous trouverez toutes les informations dont vous avez besoin pour profiter de la Roumanie.","potentialAction":[{"@type":"SearchAction","target":{"@type":"EntryPoint","urlTemplate":"https:\/\/roadtoromania.com\/fr\/?s={search_term_string}"},"query-input":"required name=search_term_string"}],"inLanguage":"fr-FR"}]}},"_links":{"self":[{"href":"https:\/\/roadtoromania.com\/fr\/wp-json\/wp\/v2\/pages\/3142","targetHints":{"allow":["GET"]}}],"collection":[{"href":"https:\/\/roadtoromania.com\/fr\/wp-json\/wp\/v2\/pages"}],"about":[{"href":"https:\/\/roadtoromania.com\/fr\/wp-json\/wp\/v2\/types\/page"}],"author":[{"embeddable":true,"href":"https:\/\/roadtoromania.com\/fr\/wp-json\/wp\/v2\/users\/1"}],"replies":[{"embeddable":true,"href":"https:\/\/roadtoromania.com\/fr\/wp-json\/wp\/v2\/comments?post=3142"}],"version-history":[{"count":0,"href":"https:\/\/roadtoromania.com\/fr\/wp-json\/wp\/v2\/pages\/3142\/revisions"}],"up":[{"embeddable":true,"href":"https:\/\/roadtoromania.com\/fr\/wp-json\/wp\/v2\/pages\/3137"}],"wp:featuredmedia":[{"embeddable":true,"href":"https:\/\/roadtoromania.com\/fr\/wp-json\/wp\/v2\/media\/1089"}],"wp:attachment":[{"href":"https:\/\/roadtoromania.com\/fr\/wp-json\/wp\/v2\/media?parent=3142"}],"curies":[{"name":"wp","href":"https:\/\/api.w.org\/{rel}","templated":true}]}}