{"id":3144,"date":"2022-10-15T18:40:09","date_gmt":"2022-10-15T18:40:09","guid":{"rendered":"https:\/\/roadtoromania.com\/bistrita\/"},"modified":"2022-10-21T16:50:01","modified_gmt":"2022-10-21T16:50:01","slug":"bistrita","status":"publish","type":"page","link":"https:\/\/roadtoromania.com\/fr\/villes-et-regions-de-roumanie\/bistrita\/","title":{"rendered":"Bistrita"},"content":{"rendered":"<p>La situation de <strong>Bistrita<\/strong> au pied des montagnes de Bargau lui a permis historiquement d&#8217;\u00eatre une ville de transit entre les r\u00e9gions de <strong>Transylvanie<\/strong> et de <strong>Bukovina<\/strong> , par le col de Pasul Tihuta. Des t\u00e9moignages n\u00e9olithiques attestent d\u00e9j\u00e0 de ce transit de communaut\u00e9s qui se sont install\u00e9es ici. Aujourd&#8217;hui, les ressources de l&#8217;\u00e9levage, de l&#8217;agriculture et de l&#8217;exploitation foresti\u00e8re soutiennent son \u00e9conomie<\/p>\n<p>Bistrita a \u00e9merg\u00e9 comme un point sur la carte de la Roumanie gr\u00e2ce au succ\u00e8s du roman de <strong>Bram Stoker<\/strong> , o\u00f9 se trouvait le ch\u00e2teau fictif du <strong>comte Dracula<\/strong> , visit\u00e9 par Jonathan Harker, qui a s\u00e9journ\u00e9 \u00e0 l&#8217;Hotelul Coroana \u00e0 Aur, qui, bien qu&#8217;il n&#8217;ait pas exist\u00e9, a donn\u00e9 son nom \u00e0 un h\u00f4tel profitant de l&#8217;attraction touristique qui a commenc\u00e9 dans les ann\u00e9es 70 et 80.<\/p>\n<p>Bistrita est l&#8217;une des villes les plus importantes du pays, notamment dans le nord de la Roumanie. Colonis\u00e9e par les communaut\u00e9s saxonnes qui s&#8217;y installent \u00e0 partir de 1206, Bistrita (alors appel\u00e9e Villa Bistiche) devient un important centre commercial au cours du Moyen \u00c2ge. Son nom a chang\u00e9, Civitas Bysterce, Bistritz, ou Siebenb\u00fcrgens, comme l&#8217;appelaient les habitants d&#8217;origine allemande.<\/p>\n<p>Que voir \u00e0 Bistrita<\/p>\n<p>Au 14\u00e8me si\u00e8cle, la ville a \u00e9t\u00e9 fortifi\u00e9e par des murs d\u00e9fensifs avec 18 tours et bastions encerclant le p\u00e9rim\u00e8tre de la ville. Ce syst\u00e8me de protection a toutefois \u00e9t\u00e9 endommag\u00e9 par les troupes autrichiennes en 1602. Deux si\u00e8cles plus tard, la cour imp\u00e9riale de Vienne a ordonn\u00e9 la destruction des portes de la citadelle, ce qui a entra\u00een\u00e9 un changement brutal de la physionomie m\u00e9di\u00e9vale de Bistrita. En fait, aujourd&#8217;hui, les vestiges m\u00e9di\u00e9vaux des maisons de marchands des 15\u00e8me et 16\u00e8me si\u00e8cles (le groupe de maisons connu sous le nom de <strong>Sugalete<\/strong> ), et quelques restes de murs sur les rues Kogalniceanu et Teodoroiuque (pr\u00e8s du parc), nous donnent une partie de l&#8217;atmosph\u00e8re de l&#8217;ancienne Bistrita. La seule tour pr\u00e9serv\u00e9e <strong>(tour des tonneliers<\/strong> ) compos\u00e9e de trois niveaux abrite aujourd&#8217;hui le mus\u00e9e des masques et des marionnettes, la Galeria de Masti si Papusi.<\/p>\n<p><a href=\"https:\/\/roadtoromania.com\/wp-content\/uploads\/2022\/10\/sugalate.jpg\"><img decoding=\"async\" src=\"https:\/\/roadtoromania.com\/wp-content\/uploads\/2022\/10\/sugalate.jpg\" \/><\/a> Maisons m\u00e9di\u00e9vales de Sugalete<\/p>\n<p>Un autre <strong>mus\u00e9e<\/strong> remarquable est le <strong>mus\u00e9e<\/strong> municipal (Muzeul Judetean, au Blvd. General Grigore Balan 19), log\u00e9 dans un b\u00e2timent historique, qui offre des sections sur l&#8217;arch\u00e9ologie, l&#8217;histoire et bien s\u00fbr l&#8217;ethnographie folklorique roumaine (form\u00e9e de th\u00e8mes saxons, roumains et hongrois). Parmi les points forts, citons les armures myc\u00e9niennes du 14e si\u00e8cle avant J.-C., les c\u00e9ramiques, les armes et les ustensiles du site de Fantanele.<\/p>\n<p>L&#8217;\u00e9glise luth\u00e9rienne (biserica) <strong>de Piata Unirii est de style gothique, datant du 15e-16e si\u00e8cle, avec des ajouts de la Renaissance faits un si\u00e8cle plus tard par Petrus Italus de Lugano. L&#8217;int\u00e9rieur a \u00e9t\u00e9 enti\u00e8rement restaur\u00e9 avec des lignes baroques et quelques peintures murales conserv\u00e9es sur les murs du 14\u00e8me si\u00e8cle, ainsi qu&#8217;un orgue vieux de plus de 500 ans. La tour de l&#8217;horloge atteint 76 m\u00e8tres (c&#8217;est la plus haute \u00e9glise en pierre de Roumanie) et est facilement visible de toute la ville.<\/strong><\/p>\n<p>L&#8217;autre \u00e9glise notable est l&#8217;\u00e9glise orthodoxe , \u00e0 Piata Unirii, datant de 1270, \u00e9galement gothique avec des \u00e9l\u00e9ments baroques, et avec des fresques \u00e0 l&#8217;ext\u00e9rieur.<\/p>\n<p>Le dernier point fort \u00e0 visiter est la <strong>Casa Argintarului<\/strong> , la r\u00e9sidence de l&#8217;un des bijoutiers les plus renomm\u00e9s de Bistrita, et un homme important de la ville au Moyen \u00c2ge, dont la richesse a \u00e9t\u00e9 utilis\u00e9e pour financer le travail architectural de Petrus Italus da Lugano. Aujourd&#8217;hui, il est devenu une \u00e9cole d&#8217;art, de musique, de folklore et de danse.<\/p>\n<p><strong>Que voir pr\u00e8s de Bistrita<\/strong><\/p>\n<p>Non loin de la ville se trouvent les villages saxons de Dumitra (Mettersdorf) et Tarpiu (Treppen), dont les \u00e9glises et les maisons peintes nous donnent un aper\u00e7u d&#8217;une r\u00e9alit\u00e9 encore peu modifi\u00e9e aujourd&#8217;hui. Au sud de Bistria, les villages de Lechinta (Lechnitz) et Herina (Monchsdorf) poss\u00e8dent de belles \u00e9glises saxonnes du XIIIe si\u00e8cle.Lechinta est \u00e9galement connue pour ses vins, dont les vignes produisent un vin tr\u00e8s appr\u00e9ci\u00e9 que l&#8217;on peut d\u00e9guster dans les caves locales.<\/p>\n<p><a href=\"https:\/\/roadtoromania.com\/wp-content\/uploads\/2022\/10\/bistrita_rumania.jpg\"><img decoding=\"async\" src=\"data:image\/gif;base64,R0lGODdhAQABAPAAAMPDwwAAACwAAAAAAQABAAACAkQBADs=\" \/><\/a> Vue de Bistrita<\/p>\n<p>Une autre option pittoresque consiste \u00e0 se rendre dans la vall\u00e9e de Bargau, que l&#8217;on peut atteindre par la route depuis Bistrita en direction des monast\u00e8res peints de Bucovine. La nature se combine avec de petits villages comme Livazele, Josenii Bargaului ou Prundu Bargaului, o\u00f9 le tourisme n&#8217;est pas encore arriv\u00e9, ce qui permet de conna\u00eetre les gens et leurs traditions, leurs coutumes et les produits locaux.<\/p>\n<p>Les a\u00e9roports les plus proches de Bistrita sont : Targu Mures (TGM), Cluj Napoca (CLJ), <a href=\"https:\/\/roadtoromania.com\/fr\/villes-et-regions-de-roumanie\/baia-mare\/\">Baia Mare<\/a> (BAY) et Suceava (SCV).<\/p>\n<div id=\"toc_container\" class=\"no_bullets\"><p class=\"toc_title\">Contents<\/p><ul class=\"toc_list\"><li><a href=\"#Festivites_a_Bistrita\"><span class=\"toc_number toc_depth_1\">1<\/span> Festivit\u00e9s \u00e0 Bistrita<\/a><\/li><li><a href=\"#Logement_a_Bistrita\"><span class=\"toc_number toc_depth_1\">2<\/span> Logement \u00e0 Bistrita<\/a><\/li><li><a href=\"#Comment_se_rendre_a_Bistrita_Romania\"><span class=\"toc_number toc_depth_1\">3<\/span> Comment se rendre \u00e0 Bistrita Romania<\/a><\/li><li><a href=\"#Carte_de_Bistrita\"><span class=\"toc_number toc_depth_1\">4<\/span> Carte de Bistrita<\/a><\/li><\/ul><\/div>\n<h2><span id=\"Festivites_a_Bistrita\"><strong>Festivit\u00e9s \u00e0 Bistrita<\/strong><\/span><\/h2>\n<p>Tout au long de l&#8217;ann\u00e9e, des manifestations et des festivals de diff\u00e9rents types sont organis\u00e9s, allant du folklore et de la pr\u00e9servation des traditions aux \u00e9v\u00e9nements purement culturels, gastronomiques ou sportifs.<\/p>\n<p>En f\u00e9vrier, le Festival d&#8217;hiver et le Dragobete, la Saint-Valentin des amoureux, commencent, avec des danses et des march\u00e9s aux puces. \u00c0 l&#8217;approche du printemps et lorsque les jours rallongent, les habitants de Bistrita s&#8217;impliquent encore davantage, comme en t\u00e9moigne le &#8220;Blow Music 2013&#8221;, o\u00f9 des amateurs participent \u00e0 un concours musical pour trouver l&#8217;artiste qui sommeille en eux. Le mois de mars est \u00e9galement marqu\u00e9 par l&#8217;Ostermarkt, un march\u00e9 qui perp\u00e9tue la cuisine traditionnelle aux influences saxonnes, hongroises et allemandes. Pendant l&#8217;Ostermarkt, vous pouvez d\u00e9guster des plats typiques pour r\u00e9chauffer votre corps pendant le printemps encore froid.<\/p>\n<p>Plus tard en avril, des athl\u00e8tes du monde entier participent au m\u00e9morial Gabriela Szabo, une course qui rend hommage \u00e0 la carri\u00e8re de l&#8217;olympienne roumaine et citoyenne d&#8217;honneur de Bistrita. Le m\u00eame mois, comme dans le reste du monde, a lieu la journ\u00e9e internationale de la Terre, avec des propositions pour la pr\u00e9servation de l&#8217;environnement.<\/p>\n<p>En mai, plusieurs \u00e9v\u00e9nements sont organis\u00e9s, comme la f\u00eate des travailleurs avec des concerts dans la for\u00eat de Schullerwald ou le festival Besztercei Majalis, caract\u00e9ristique de la communaut\u00e9 hongroise, o\u00f9 l&#8217;on d\u00e9guste les traditionnelles Gulas et Csardas de Transylvanie.<\/p>\n<p>Avec l&#8217;arriv\u00e9e de l&#8217;\u00e9t\u00e9, la ville prend le dessus, comme lors du festival m\u00e9di\u00e9val qui \u00e9voque le pass\u00e9 historique de Bistrita, ou l&#8217;\u00e9v\u00e9nement musical Rusalii \/ Pfingstfest. En juillet a lieu le festival folklorique &#8220;Nunta Zamfirei&#8221;, avec des repr\u00e9sentations de groupes venus d&#8217;autres pays, tandis qu&#8217;en ao\u00fbt, pendant &#8220;les jours de Bistrita&#8221;, la ville c\u00e9l\u00e8bre les f\u00eates les plus importantes avec de nombreux concerts, des expositions et, bien s\u00fbr, le tout arros\u00e9 de la cuisine locale. Le m\u00eame mois, le festival tsigane montre les particularit\u00e9s de ce groupe ethnique, en essayant de rapprocher le reste des Roumains de leurs traditions. La fin de l&#8217;\u00e9t\u00e9 est marqu\u00e9e par le festival Toamna Bistri\u0163ean\u0103&#8221;, o\u00f9 les agriculteurs montrent les avantages de l&#8217;agriculture biologique. Parmi les autres \u00e9v\u00e9nements figurent le festival de musique &#8220;Mihail Warga&#8221; et la foire du tourisme.<\/p>\n<p>En automne, il y a des festivals de th\u00e9\u00e2tre, comme celui de &#8220;Liviu Rebreanu&#8221;, ou de folklore, &#8220;Bistrita Folk&#8221;, pour terminer l&#8217;ann\u00e9e avec &#8220;Eternity Roots&#8221;.<\/p>\n<h2><span id=\"Logement_a_Bistrita\">Logement \u00e0 Bistrita<\/span><\/h2>\n<p>Aujourd&#8217;hui, elle est \u00e9galement devenue une destination touristique avec des h\u00f4tels cinq \u00e9toiles et des spas. Recherchez votre h\u00f4tel id\u00e9al dans notre moteur de recherche<\/p>\n<h2><span id=\"Comment_se_rendre_a_Bistrita_Romania\">Comment se rendre \u00e0 Bistrita Romania<\/span><\/h2>\n<p>Le meilleur moyen de se rendre \u00e0 Bistrita est l&#8217;avion. L&#8217;a\u00e9roport est situ\u00e9 \u00e0 95 km du centre ville et est desservi par des compagnies a\u00e9riennes \u00e0 bas prix et d&#8217;autres compagnies a\u00e9riennes : Wizz Air, Blue Air et Tarom. Il est \u00e9galement possible d&#8217;arriver en train ou en bus.<\/p>\n<h2><span id=\"Carte_de_Bistrita\">Carte de Bistrita<\/span><\/h2>\n","protected":false},"excerpt":{"rendered":"<p>La situation de Bistrita au pied des montagnes de Bargau lui a permis historiquement d&#8217;\u00eatre une ville de transit entre les r\u00e9gions de Transylvanie et de Bukovina , par le col de Pasul Tihuta. Des t\u00e9moignages n\u00e9olithiques attestent d\u00e9j\u00e0 de ce transit de communaut\u00e9s qui se sont install\u00e9es ici. Aujourd&#8217;hui, les ressources de l&#8217;\u00e9levage, de &hellip;<\/p>\n<p class=\"read-more\"> <a class=\"\" href=\"https:\/\/roadtoromania.com\/fr\/villes-et-regions-de-roumanie\/bistrita\/\"> <span class=\"screen-reader-text\">Bistrita<\/span> Lire la suite \u00bb<\/a><\/p>\n","protected":false},"author":1,"featured_media":1105,"parent":3137,"menu_order":0,"comment_status":"open","ping_status":"open","template":"","meta":{"site-sidebar-layout":"default","site-content-layout":"default","ast-global-header-display":"","ast-main-header-display":"","ast-hfb-above-header-display":"","ast-hfb-below-header-display":"","ast-hfb-mobile-header-display":"","site-post-title":"","ast-breadcrumbs-content":"","ast-featured-img":"","footer-sml-layout":"","theme-transparent-header-meta":"","adv-header-id-meta":"","stick-header-meta":"","header-above-stick-meta":"","header-main-stick-meta":"","header-below-stick-meta":"","footnotes":""},"class_list":["post-3144","page","type-page","status-publish","has-post-thumbnail","hentry"],"yoast_head":"<!-- This site is optimized with the Yoast SEO plugin v19.10 - https:\/\/yoast.com\/wordpress\/plugins\/seo\/ -->\n<title>Bistrita - Road to Romania<\/title>\n<meta name=\"robots\" content=\"index, follow, max-snippet:-1, max-image-preview:large, max-video-preview:-1\" \/>\n<link rel=\"canonical\" href=\"https:\/\/roadtoromania.com\/fr\/villes-et-regions-de-roumanie\/bistrita\/\" \/>\n<meta property=\"og:locale\" content=\"fr_FR\" \/>\n<meta property=\"og:type\" content=\"article\" \/>\n<meta property=\"og:title\" content=\"Bistrita - Road to Romania\" \/>\n<meta property=\"og:description\" content=\"La situation de Bistrita au pied des montagnes de Bargau lui a permis historiquement d&#8217;\u00eatre une ville de transit entre les r\u00e9gions de Transylvanie et de Bukovina , par le col de Pasul Tihuta. Des t\u00e9moignages n\u00e9olithiques attestent d\u00e9j\u00e0 de ce transit de communaut\u00e9s qui se sont install\u00e9es ici. Aujourd&#8217;hui, les ressources de l&#8217;\u00e9levage, de &hellip; Bistrita Lire la suite \u00bb\" \/>\n<meta property=\"og:url\" content=\"https:\/\/roadtoromania.com\/fr\/villes-et-regions-de-roumanie\/bistrita\/\" \/>\n<meta property=\"og:site_name\" content=\"Road to Romania\" \/>\n<meta property=\"article:modified_time\" content=\"2022-10-21T16:50:01+00:00\" \/>\n<meta property=\"og:image\" content=\"https:\/\/roadtoromania.com\/wp-content\/uploads\/2022\/10\/sugalate-1.jpg\" \/>\n\t<meta property=\"og:image:width\" content=\"768\" \/>\n\t<meta property=\"og:image:height\" content=\"256\" \/>\n\t<meta property=\"og:image:type\" content=\"image\/jpeg\" \/>\n<meta name=\"twitter:card\" content=\"summary_large_image\" \/>\n<meta name=\"twitter:label1\" content=\"Dur\u00e9e de lecture estim\u00e9e\" \/>\n\t<meta name=\"twitter:data1\" content=\"7 minutes\" \/>\n<script type=\"application\/ld+json\" class=\"yoast-schema-graph\">{\"@context\":\"https:\/\/schema.org\",\"@graph\":[{\"@type\":\"WebPage\",\"@id\":\"https:\/\/roadtoromania.com\/fr\/villes-et-regions-de-roumanie\/bistrita\/\",\"url\":\"https:\/\/roadtoromania.com\/fr\/villes-et-regions-de-roumanie\/bistrita\/\",\"name\":\"Bistrita - Road to Romania\",\"isPartOf\":{\"@id\":\"https:\/\/roadtoromania.com\/fr\/#website\"},\"datePublished\":\"2022-10-15T18:40:09+00:00\",\"dateModified\":\"2022-10-21T16:50:01+00:00\",\"breadcrumb\":{\"@id\":\"https:\/\/roadtoromania.com\/fr\/villes-et-regions-de-roumanie\/bistrita\/#breadcrumb\"},\"inLanguage\":\"fr-FR\",\"potentialAction\":[{\"@type\":\"ReadAction\",\"target\":[\"https:\/\/roadtoromania.com\/fr\/villes-et-regions-de-roumanie\/bistrita\/\"]}]},{\"@type\":\"BreadcrumbList\",\"@id\":\"https:\/\/roadtoromania.com\/fr\/villes-et-regions-de-roumanie\/bistrita\/#breadcrumb\",\"itemListElement\":[{\"@type\":\"ListItem\",\"position\":1,\"name\":\"Home\",\"item\":\"https:\/\/roadtoromania.com\/fr\/\"},{\"@type\":\"ListItem\",\"position\":2,\"name\":\"Villes et r\u00e9gions de Roumanie\",\"item\":\"https:\/\/roadtoromania.com\/fr\/villes-et-regions-de-roumanie\/\"},{\"@type\":\"ListItem\",\"position\":3,\"name\":\"Bistrita\"}]},{\"@type\":\"WebSite\",\"@id\":\"https:\/\/roadtoromania.com\/fr\/#website\",\"url\":\"https:\/\/roadtoromania.com\/fr\/\",\"name\":\"Road to Romania\",\"description\":\"Le blog o\u00f9 vous trouverez toutes les informations dont vous avez besoin pour profiter de la Roumanie.\",\"potentialAction\":[{\"@type\":\"SearchAction\",\"target\":{\"@type\":\"EntryPoint\",\"urlTemplate\":\"https:\/\/roadtoromania.com\/fr\/?s={search_term_string}\"},\"query-input\":\"required name=search_term_string\"}],\"inLanguage\":\"fr-FR\"}]}<\/script>\n<!-- \/ Yoast SEO plugin. -->","yoast_head_json":{"title":"Bistrita - Road to Romania","robots":{"index":"index","follow":"follow","max-snippet":"max-snippet:-1","max-image-preview":"max-image-preview:large","max-video-preview":"max-video-preview:-1"},"canonical":"https:\/\/roadtoromania.com\/fr\/villes-et-regions-de-roumanie\/bistrita\/","og_locale":"fr_FR","og_type":"article","og_title":"Bistrita - Road to Romania","og_description":"La situation de Bistrita au pied des montagnes de Bargau lui a permis historiquement d&#8217;\u00eatre une ville de transit entre les r\u00e9gions de Transylvanie et de Bukovina , par le col de Pasul Tihuta. Des t\u00e9moignages n\u00e9olithiques attestent d\u00e9j\u00e0 de ce transit de communaut\u00e9s qui se sont install\u00e9es ici. Aujourd&#8217;hui, les ressources de l&#8217;\u00e9levage, de &hellip; Bistrita Lire la suite \u00bb","og_url":"https:\/\/roadtoromania.com\/fr\/villes-et-regions-de-roumanie\/bistrita\/","og_site_name":"Road to Romania","article_modified_time":"2022-10-21T16:50:01+00:00","og_image":[{"width":768,"height":256,"url":"https:\/\/roadtoromania.com\/wp-content\/uploads\/2022\/10\/sugalate-1.jpg","type":"image\/jpeg"}],"twitter_card":"summary_large_image","twitter_misc":{"Dur\u00e9e de lecture estim\u00e9e":"7 minutes"},"schema":{"@context":"https:\/\/schema.org","@graph":[{"@type":"WebPage","@id":"https:\/\/roadtoromania.com\/fr\/villes-et-regions-de-roumanie\/bistrita\/","url":"https:\/\/roadtoromania.com\/fr\/villes-et-regions-de-roumanie\/bistrita\/","name":"Bistrita - Road to Romania","isPartOf":{"@id":"https:\/\/roadtoromania.com\/fr\/#website"},"datePublished":"2022-10-15T18:40:09+00:00","dateModified":"2022-10-21T16:50:01+00:00","breadcrumb":{"@id":"https:\/\/roadtoromania.com\/fr\/villes-et-regions-de-roumanie\/bistrita\/#breadcrumb"},"inLanguage":"fr-FR","potentialAction":[{"@type":"ReadAction","target":["https:\/\/roadtoromania.com\/fr\/villes-et-regions-de-roumanie\/bistrita\/"]}]},{"@type":"BreadcrumbList","@id":"https:\/\/roadtoromania.com\/fr\/villes-et-regions-de-roumanie\/bistrita\/#breadcrumb","itemListElement":[{"@type":"ListItem","position":1,"name":"Home","item":"https:\/\/roadtoromania.com\/fr\/"},{"@type":"ListItem","position":2,"name":"Villes et r\u00e9gions de Roumanie","item":"https:\/\/roadtoromania.com\/fr\/villes-et-regions-de-roumanie\/"},{"@type":"ListItem","position":3,"name":"Bistrita"}]},{"@type":"WebSite","@id":"https:\/\/roadtoromania.com\/fr\/#website","url":"https:\/\/roadtoromania.com\/fr\/","name":"Road to Romania","description":"Le blog o\u00f9 vous trouverez toutes les informations dont vous avez besoin pour profiter de la Roumanie.","potentialAction":[{"@type":"SearchAction","target":{"@type":"EntryPoint","urlTemplate":"https:\/\/roadtoromania.com\/fr\/?s={search_term_string}"},"query-input":"required name=search_term_string"}],"inLanguage":"fr-FR"}]}},"_links":{"self":[{"href":"https:\/\/roadtoromania.com\/fr\/wp-json\/wp\/v2\/pages\/3144","targetHints":{"allow":["GET"]}}],"collection":[{"href":"https:\/\/roadtoromania.com\/fr\/wp-json\/wp\/v2\/pages"}],"about":[{"href":"https:\/\/roadtoromania.com\/fr\/wp-json\/wp\/v2\/types\/page"}],"author":[{"embeddable":true,"href":"https:\/\/roadtoromania.com\/fr\/wp-json\/wp\/v2\/users\/1"}],"replies":[{"embeddable":true,"href":"https:\/\/roadtoromania.com\/fr\/wp-json\/wp\/v2\/comments?post=3144"}],"version-history":[{"count":2,"href":"https:\/\/roadtoromania.com\/fr\/wp-json\/wp\/v2\/pages\/3144\/revisions"}],"predecessor-version":[{"id":3251,"href":"https:\/\/roadtoromania.com\/fr\/wp-json\/wp\/v2\/pages\/3144\/revisions\/3251"}],"up":[{"embeddable":true,"href":"https:\/\/roadtoromania.com\/fr\/wp-json\/wp\/v2\/pages\/3137"}],"wp:featuredmedia":[{"embeddable":true,"href":"https:\/\/roadtoromania.com\/fr\/wp-json\/wp\/v2\/media\/1105"}],"wp:attachment":[{"href":"https:\/\/roadtoromania.com\/fr\/wp-json\/wp\/v2\/media?parent=3144"}],"curies":[{"name":"wp","href":"https:\/\/api.w.org\/{rel}","templated":true}]}}