{"id":3147,"date":"2022-10-15T18:40:11","date_gmt":"2022-10-15T18:40:11","guid":{"rendered":"https:\/\/roadtoromania.com\/arc-de-triomphe\/"},"modified":"2022-10-18T14:52:06","modified_gmt":"2022-10-18T14:52:06","slug":"arc-de-triomphe","status":"publish","type":"page","link":"https:\/\/roadtoromania.com\/fr\/villes-et-regions-de-roumanie\/bucarest\/arc-de-triomphe\/","title":{"rendered":"Arc de Triomphe"},"content":{"rendered":"<p>L&#8217;arc de triomphe de Bucarest <strong>(Arcul de Triumf) vous accueille lorsque vous voyagez de l&#8217;a\u00e9roport au centre-ville de la capitale roumaine.<\/p>\n<p><img decoding=\"async\" src=\"https:\/\/roadtoromania.com\/wp-content\/uploads\/2022\/10\/arco_triunfo_bucarest.jpg\" \/>L&#8217;Arc de Triomphe de Bucarest de nuit<\/p>\n<p>\nLa ressemblance avec l&#8217;Arc de Triomphe de Paris n&#8217;est pas une co\u00efncidence, car ce que l&#8217;on appelle le &#8220;petit Paris&#8221; a adopt\u00e9 l&#8217;urbanisme, l&#8217;architecture et la vie sociale de la Ville Lumi\u00e8re au d\u00e9but du XXe si\u00e8cle.<\/p>\n<p>\nL&#8217;histoire de l&#8217;Arc de Triomphe commence en 1878, lorsqu&#8217;un arc en bois a \u00e9t\u00e9 \u00e9rig\u00e9 \u00e0 la h\u00e2te pour c\u00e9l\u00e9brer la r\u00e9cente ind\u00e9pendance de la Roumanie apr\u00e8s des combats avec la Bulgarie voisine. Quelques ann\u00e9es plus tard, en 1922, un autre arc comm\u00e9morait la fin de la Premi\u00e8re Guerre mondiale, mais en 1935, il a \u00e9t\u00e9 remplac\u00e9 par l&#8217;arc actuel, en granit, qui a \u00e9t\u00e9 achev\u00e9 un an plus tard, en 1936.<\/p>\n<p>\nL&#8217;\u0153uvre de l&#8217;architecte Petre Antonescu mesure 27 m\u00e8tres de haut, 25 m\u00e8tres de long et 11 m\u00e8tres et demi de large, dans un style roman-byzantin.<\/p>\n<p>\nLa grande avenue \u0218oseaua Kiseleff m\u00e8ne au rond-point o\u00f9 se trouve l&#8217;arc de triomphe, l&#8217;un des monuments les plus visit\u00e9s de Bucarest. Son emplacement est symptomatique, car il s&#8217;agit de la jonction de l&#8217;avenue Kiseleff susmentionn\u00e9e avec le boulevard Constantin Prezan, la rue Alexandru Averescu et la rue Alexandru Constantinescu, formant un arc radial de circulation qui m\u00e8ne \u00e0 l&#8217;Arc de Triomphe.<\/p>\n<p>\nLes sculptures en pierre, les m\u00e9daillons et les ornements floraux de la fa\u00e7ade sont l&#8217;\u0153uvre de Frederick Storck, Ion Jalea, Dimitrie Paciurea, Constantin Medrea et Constantin Baraschi. Il est int\u00e9ressant de noter que la d\u00e9coration originale de la reine Marie et du roi Ferdinand a \u00e9t\u00e9 enlev\u00e9e pendant l&#8217;\u00e8re communiste, mais a \u00e9t\u00e9 restaur\u00e9e lors des derniers travaux sur l&#8217;arc en 1992.<\/p>\n<p><img decoding=\"async\" src=\"https:\/\/roadtoromania.com\/wp-content\/uploads\/2022\/10\/arco_triunfo_bucarest_abajo.jpg\" \/>D\u00e9coration de l&#8217;Arc de Triomphe<\/p>\n<p>\nL&#8217;Arc de Triomphe peut \u00eatre visit\u00e9 de l&#8217;int\u00e9rieur, avec un escalier menant au sommet, offrant une excellente vue sur Bucarest.<\/p>\n<p> Emplacement de l&#8217;Arc de Triomphe \u00e0 Bucarest<\/strong> <\/h2>\n","protected":false},"excerpt":{"rendered":"<p>L&#8217;arc de triomphe de Bucarest (Arcul de Triumf) vous accueille lorsque vous voyagez de l&#8217;a\u00e9roport au centre-ville de la capitale roumaine. L&#8217;Arc de Triomphe de Bucarest de nuit La ressemblance avec l&#8217;Arc de Triomphe de Paris n&#8217;est pas une co\u00efncidence, car ce que l&#8217;on appelle le &#8220;petit Paris&#8221; a adopt\u00e9 l&#8217;urbanisme, l&#8217;architecture et la vie &hellip;<\/p>\n<p class=\"read-more\"> <a class=\"\" href=\"https:\/\/roadtoromania.com\/fr\/villes-et-regions-de-roumanie\/bucarest\/arc-de-triomphe\/\"> <span class=\"screen-reader-text\">Arc de Triomphe<\/span> Lire la suite \u00bb<\/a><\/p>\n","protected":false},"author":1,"featured_media":1141,"parent":3146,"menu_order":0,"comment_status":"open","ping_status":"open","template":"","meta":{"site-sidebar-layout":"default","site-content-layout":"default","ast-global-header-display":"","ast-main-header-display":"","ast-hfb-above-header-display":"","ast-hfb-below-header-display":"","ast-hfb-mobile-header-display":"","site-post-title":"","ast-breadcrumbs-content":"","ast-featured-img":"","footer-sml-layout":"","theme-transparent-header-meta":"","adv-header-id-meta":"","stick-header-meta":"","header-above-stick-meta":"","header-main-stick-meta":"","header-below-stick-meta":"","footnotes":""},"class_list":["post-3147","page","type-page","status-publish","has-post-thumbnail","hentry"],"yoast_head":"<!-- This site is optimized with the Yoast SEO plugin v19.10 - https:\/\/yoast.com\/wordpress\/plugins\/seo\/ -->\n<title>Arc de Triomphe - Road to Romania<\/title>\n<meta name=\"robots\" content=\"index, follow, max-snippet:-1, max-image-preview:large, max-video-preview:-1\" \/>\n<link rel=\"canonical\" href=\"https:\/\/roadtoromania.com\/fr\/villes-et-regions-de-roumanie\/bucarest\/arc-de-triomphe\/\" \/>\n<meta property=\"og:locale\" content=\"fr_FR\" \/>\n<meta property=\"og:type\" content=\"article\" \/>\n<meta property=\"og:title\" content=\"Arc de Triomphe - Road to Romania\" \/>\n<meta property=\"og:description\" content=\"L&#8217;arc de triomphe de Bucarest (Arcul de Triumf) vous accueille lorsque vous voyagez de l&#8217;a\u00e9roport au centre-ville de la capitale roumaine. L&#8217;Arc de Triomphe de Bucarest de nuit La ressemblance avec l&#8217;Arc de Triomphe de Paris n&#8217;est pas une co\u00efncidence, car ce que l&#8217;on appelle le &#8220;petit Paris&#8221; a adopt\u00e9 l&#8217;urbanisme, l&#8217;architecture et la vie &hellip; Arc de Triomphe Lire la suite \u00bb\" \/>\n<meta property=\"og:url\" content=\"https:\/\/roadtoromania.com\/fr\/villes-et-regions-de-roumanie\/bucarest\/arc-de-triomphe\/\" \/>\n<meta property=\"og:site_name\" content=\"Road to Romania\" \/>\n<meta property=\"article:modified_time\" content=\"2022-10-18T14:52:06+00:00\" \/>\n<meta property=\"og:image\" content=\"https:\/\/roadtoromania.com\/wp-content\/uploads\/2022\/10\/arco_triunfo_bucarest-1.jpg\" \/>\n\t<meta property=\"og:image:width\" content=\"700\" \/>\n\t<meta property=\"og:image:height\" content=\"326\" \/>\n\t<meta property=\"og:image:type\" content=\"image\/jpeg\" \/>\n<meta name=\"twitter:card\" content=\"summary_large_image\" \/>\n<meta name=\"twitter:label1\" content=\"Dur\u00e9e de lecture estim\u00e9e\" \/>\n\t<meta name=\"twitter:data1\" content=\"2 minutes\" \/>\n<script type=\"application\/ld+json\" class=\"yoast-schema-graph\">{\"@context\":\"https:\/\/schema.org\",\"@graph\":[{\"@type\":\"WebPage\",\"@id\":\"https:\/\/roadtoromania.com\/fr\/villes-et-regions-de-roumanie\/bucarest\/arc-de-triomphe\/\",\"url\":\"https:\/\/roadtoromania.com\/fr\/villes-et-regions-de-roumanie\/bucarest\/arc-de-triomphe\/\",\"name\":\"Arc de Triomphe - Road to Romania\",\"isPartOf\":{\"@id\":\"https:\/\/roadtoromania.com\/fr\/#website\"},\"datePublished\":\"2022-10-15T18:40:11+00:00\",\"dateModified\":\"2022-10-18T14:52:06+00:00\",\"breadcrumb\":{\"@id\":\"https:\/\/roadtoromania.com\/fr\/villes-et-regions-de-roumanie\/bucarest\/arc-de-triomphe\/#breadcrumb\"},\"inLanguage\":\"fr-FR\",\"potentialAction\":[{\"@type\":\"ReadAction\",\"target\":[\"https:\/\/roadtoromania.com\/fr\/villes-et-regions-de-roumanie\/bucarest\/arc-de-triomphe\/\"]}]},{\"@type\":\"BreadcrumbList\",\"@id\":\"https:\/\/roadtoromania.com\/fr\/villes-et-regions-de-roumanie\/bucarest\/arc-de-triomphe\/#breadcrumb\",\"itemListElement\":[{\"@type\":\"ListItem\",\"position\":1,\"name\":\"Home\",\"item\":\"https:\/\/roadtoromania.com\/fr\/\"},{\"@type\":\"ListItem\",\"position\":2,\"name\":\"Arc de Triomphe\"}]},{\"@type\":\"WebSite\",\"@id\":\"https:\/\/roadtoromania.com\/fr\/#website\",\"url\":\"https:\/\/roadtoromania.com\/fr\/\",\"name\":\"Road to Romania\",\"description\":\"Le blog o\u00f9 vous trouverez toutes les informations dont vous avez besoin pour profiter de la Roumanie.\",\"potentialAction\":[{\"@type\":\"SearchAction\",\"target\":{\"@type\":\"EntryPoint\",\"urlTemplate\":\"https:\/\/roadtoromania.com\/fr\/?s={search_term_string}\"},\"query-input\":\"required name=search_term_string\"}],\"inLanguage\":\"fr-FR\"}]}<\/script>\n<!-- \/ Yoast SEO plugin. -->","yoast_head_json":{"title":"Arc de Triomphe - Road to Romania","robots":{"index":"index","follow":"follow","max-snippet":"max-snippet:-1","max-image-preview":"max-image-preview:large","max-video-preview":"max-video-preview:-1"},"canonical":"https:\/\/roadtoromania.com\/fr\/villes-et-regions-de-roumanie\/bucarest\/arc-de-triomphe\/","og_locale":"fr_FR","og_type":"article","og_title":"Arc de Triomphe - Road to Romania","og_description":"L&#8217;arc de triomphe de Bucarest (Arcul de Triumf) vous accueille lorsque vous voyagez de l&#8217;a\u00e9roport au centre-ville de la capitale roumaine. L&#8217;Arc de Triomphe de Bucarest de nuit La ressemblance avec l&#8217;Arc de Triomphe de Paris n&#8217;est pas une co\u00efncidence, car ce que l&#8217;on appelle le &#8220;petit Paris&#8221; a adopt\u00e9 l&#8217;urbanisme, l&#8217;architecture et la vie &hellip; Arc de Triomphe Lire la suite \u00bb","og_url":"https:\/\/roadtoromania.com\/fr\/villes-et-regions-de-roumanie\/bucarest\/arc-de-triomphe\/","og_site_name":"Road to Romania","article_modified_time":"2022-10-18T14:52:06+00:00","og_image":[{"width":700,"height":326,"url":"https:\/\/roadtoromania.com\/wp-content\/uploads\/2022\/10\/arco_triunfo_bucarest-1.jpg","type":"image\/jpeg"}],"twitter_card":"summary_large_image","twitter_misc":{"Dur\u00e9e de lecture estim\u00e9e":"2 minutes"},"schema":{"@context":"https:\/\/schema.org","@graph":[{"@type":"WebPage","@id":"https:\/\/roadtoromania.com\/fr\/villes-et-regions-de-roumanie\/bucarest\/arc-de-triomphe\/","url":"https:\/\/roadtoromania.com\/fr\/villes-et-regions-de-roumanie\/bucarest\/arc-de-triomphe\/","name":"Arc de Triomphe - Road to Romania","isPartOf":{"@id":"https:\/\/roadtoromania.com\/fr\/#website"},"datePublished":"2022-10-15T18:40:11+00:00","dateModified":"2022-10-18T14:52:06+00:00","breadcrumb":{"@id":"https:\/\/roadtoromania.com\/fr\/villes-et-regions-de-roumanie\/bucarest\/arc-de-triomphe\/#breadcrumb"},"inLanguage":"fr-FR","potentialAction":[{"@type":"ReadAction","target":["https:\/\/roadtoromania.com\/fr\/villes-et-regions-de-roumanie\/bucarest\/arc-de-triomphe\/"]}]},{"@type":"BreadcrumbList","@id":"https:\/\/roadtoromania.com\/fr\/villes-et-regions-de-roumanie\/bucarest\/arc-de-triomphe\/#breadcrumb","itemListElement":[{"@type":"ListItem","position":1,"name":"Home","item":"https:\/\/roadtoromania.com\/fr\/"},{"@type":"ListItem","position":2,"name":"Arc de Triomphe"}]},{"@type":"WebSite","@id":"https:\/\/roadtoromania.com\/fr\/#website","url":"https:\/\/roadtoromania.com\/fr\/","name":"Road to Romania","description":"Le blog o\u00f9 vous trouverez toutes les informations dont vous avez besoin pour profiter de la Roumanie.","potentialAction":[{"@type":"SearchAction","target":{"@type":"EntryPoint","urlTemplate":"https:\/\/roadtoromania.com\/fr\/?s={search_term_string}"},"query-input":"required name=search_term_string"}],"inLanguage":"fr-FR"}]}},"_links":{"self":[{"href":"https:\/\/roadtoromania.com\/fr\/wp-json\/wp\/v2\/pages\/3147","targetHints":{"allow":["GET"]}}],"collection":[{"href":"https:\/\/roadtoromania.com\/fr\/wp-json\/wp\/v2\/pages"}],"about":[{"href":"https:\/\/roadtoromania.com\/fr\/wp-json\/wp\/v2\/types\/page"}],"author":[{"embeddable":true,"href":"https:\/\/roadtoromania.com\/fr\/wp-json\/wp\/v2\/users\/1"}],"replies":[{"embeddable":true,"href":"https:\/\/roadtoromania.com\/fr\/wp-json\/wp\/v2\/comments?post=3147"}],"version-history":[{"count":0,"href":"https:\/\/roadtoromania.com\/fr\/wp-json\/wp\/v2\/pages\/3147\/revisions"}],"up":[{"embeddable":true,"href":"https:\/\/roadtoromania.com\/fr\/wp-json\/wp\/v2\/pages\/3146"}],"wp:featuredmedia":[{"embeddable":true,"href":"https:\/\/roadtoromania.com\/fr\/wp-json\/wp\/v2\/media\/1141"}],"wp:attachment":[{"href":"https:\/\/roadtoromania.com\/fr\/wp-json\/wp\/v2\/media?parent=3147"}],"curies":[{"name":"wp","href":"https:\/\/api.w.org\/{rel}","templated":true}]}}