{"id":3150,"date":"2022-10-15T18:40:11","date_gmt":"2022-10-15T18:40:11","guid":{"rendered":"https:\/\/roadtoromania.com\/place-de-la-revolution-a-bucarest\/"},"modified":"2022-10-18T14:52:06","modified_gmt":"2022-10-18T14:52:06","slug":"place-de-la-revolution-a-bucarest","status":"publish","type":"page","link":"https:\/\/roadtoromania.com\/fr\/villes-et-regions-de-roumanie\/bucarest\/place-de-la-revolution-a-bucarest\/","title":{"rendered":"Place de la R\u00e9volution \u00e0 Bucarest"},"content":{"rendered":"<p> <strong>La place de la R\u00e9volution<\/strong> \u00e0 <strong><a href=\"https:\/\/roadtoromania.com\/fr\/villes-et-regions-de-roumanie\/bucarest\/\">Bucarest<\/a> <\/strong> est bien plus qu&#8217;un magnifique espace en plein air \u00e0 Bucarest. En d\u00e9cembre 1989, le r\u00e9gime du <strong>dictateur Ceau\u0219escu<\/strong> a pris fin brutalement apr\u00e8s le massacre de civils lors de manifestations dans la ville de <a href=\"https:\/\/roadtoromania.com\/fr\/villes-et-regions-de-roumanie\/timisoara\/\"> <strong>Timisoara<\/strong><\/a> .<\/p>\n<p>\nApr\u00e8s de nombreuses ann\u00e9es d&#8217;\u00e9preuves au cours desquelles le peuple a souffert des difficult\u00e9s \u00e9conomiques et de la censure, face au gaspillage et \u00e0 la somptuosit\u00e9 des \u0153uvres pharaoniques de Ceau\u0219escu, comme le Palais du Parlement, la Roumanie s&#8217;est lib\u00e9r\u00e9e des cha\u00eenes et a embrass\u00e9 la d\u00e9mocratie. <\/p>\n<p>.<br \/>\n<img decoding=\"async\" src=\"https:\/\/roadtoromania.com\/wp-content\/uploads\/2022\/10\/palacio_presidencial_bucarest.jpg\" \/>Le palais pr\u00e9sidentiel de Ceacescu depuis la place de la R\u00e9volution<\/p>\n<h2>\nHistoire de la place de la R\u00e9volution<\/h2>\n<p>Les \u00e9v\u00e9nements qui ont conduit \u00e0 la chute de Ceau\u0219escu ont \u00e9t\u00e9 pr\u00e9cipit\u00e9s le 21 d\u00e9cembre, lors du discours du leader depuis le balcon du palais pr\u00e9sidentiel.\u00a0Ce jour-l\u00e0, le dictateur et son \u00e9pouse, dont les ambitions politiques la d\u00e9signaient comme la coupable de la lourdeur du r\u00e9gime, ont quitt\u00e9 le palais pr\u00e9sidentiel en h\u00e9licopt\u00e8re face aux protestations qui faisaient rage en dessous d&#8217;eux et tentaient de prendre d&#8217;assaut le b\u00e2timent. Dans leur fuite pour sortir de Roumanie, ils ont \u00e9t\u00e9 rattrap\u00e9s en quelques heures et, les jours suivants, ils ont \u00e9t\u00e9 sommairement jug\u00e9s et ex\u00e9cut\u00e9s dans la ville de <a href=\"https:\/\/roadtoromania.com\/fr\/villes-et-regions-de-roumanie\/targoviste-tirgoviste\/\"> <strong>Targoviste<\/strong><\/a> .<\/p>\n<p>\nLa place devant le palais pr\u00e9sidentiel, o\u00f9 le peuple roumain avait si souvent suivi avec ferveur ou soumission les discours de Ceau\u0219escu, a \u00e9t\u00e9 rebaptis\u00e9e place de la R\u00e9volution. <\/p>\n<p>.<\/p>\n<p>\nAutour de la place, on trouve le b\u00e2timent pr\u00e9cit\u00e9 de l&#8217;ancien palais pr\u00e9sidentiel &#8211; aujourd&#8217;hui le S\u00e9nat et le si\u00e8ge de plusieurs minist\u00e8res &#8211; la biblioth\u00e8que de l&#8217;universit\u00e9 de Bucarest, l&#8217;\u00e9glise Kretzulescu, le mus\u00e9e d&#8217;art roumain, le luxueux h\u00f4tel Ath\u00e9n\u00e9e Palace, ou encore le m\u00e9morial de la Renaissance au centre de la place. Et non loin de l\u00e0, l&#8217;<a href=\"https:\/\/roadtoromania.com\/fr\/villes-et-regions-de-roumanie\/bucarest\/athenee-roumain-de-bucarest\/\"> <strong>Ath\u00e9n\u00e9e roumain<\/strong><\/a> .<\/p>\n<p>\nLe m\u00e9morial <strong>est un immense ob\u00e9lisque comm\u00e9morant les morts de ces derniers jours de r\u00e9pression de la dictature, avec les noms des victimes mortes aux mains des snipers et de la Securitate, le sinistre bras policier de Ceausescu, l&#8217;autoproclam\u00e9 &#8220;Conducator&#8221;, &#8220;Guide&#8221; de la Roumanie.<\/p>\n<p><img decoding=\"async\" src=\"https:\/\/roadtoromania.com\/wp-content\/uploads\/2022\/10\/memorial_plaza_revolucion_bucarest.jpg\" \/>M\u00e9morial aux victimes de la place de la R\u00e9volution<\/p>\n<p>\n\u00a0<\/p>\n<p>\nCe que l&#8217;on peut voir sur la Plaza de la Revoluci\u00f3n<\/p>\n<\/p>\n<p>\nLa pi\u00e8ce ma\u00eetresse de la place est le grand monument de l&#8217;arm\u00e9e roumaine, qui rend hommage aux centaines de milliers de soldats morts au combat pendant la Premi\u00e8re et la Seconde Guerre mondiale et la r\u00e9volution roumaine de 1989. Le monument est gard\u00e9 par deux lions de pierre, qui sont des r\u00e9pliques de ceux qui se trouvent aux portes d&#8217;entr\u00e9e du Palais du Parlement tout proche. La place est entour\u00e9e de plusieurs b\u00e2timents importants, dont le Mus\u00e9e national d&#8217;art, le Mus\u00e9e militaire et l&#8217;Ath\u00e9n\u00e9e roumain (une institution culturelle inspir\u00e9e de la British Library). La place abrite \u00e9galement un petit parc, o\u00f9 les gens peuvent se d\u00e9tendre ou s&#8217;asseoir \u00e0 l&#8217;ombre des arbres.<\/p>\n<h2>\nComment se rendre \u00e0 la Place de la R\u00e9volution \u00e0 Bucarest<\/h2>\n<p>\nEn m\u00e9tro : La station de m\u00e9tro la plus proche de la place est &#8220;Piata Romana&#8221;. En tramway : La station de tramway la plus proche est &#8220;Piata Romana&#8221;. En bus : La gare routi\u00e8re la plus proche est &#8220;Piata Romana&#8221;.<\/p>\n<p> Carte de la place de la R\u00e9volution<\/strong> <\/p>\n","protected":false},"excerpt":{"rendered":"<p>La place de la R\u00e9volution \u00e0 Bucarest est bien plus qu&#8217;un magnifique espace en plein air \u00e0 Bucarest. En d\u00e9cembre 1989, le r\u00e9gime du dictateur Ceau\u0219escu a pris fin brutalement apr\u00e8s le massacre de civils lors de manifestations dans la ville de Timisoara . Apr\u00e8s de nombreuses ann\u00e9es d&#8217;\u00e9preuves au cours desquelles le peuple a &hellip;<\/p>\n<p class=\"read-more\"> <a class=\"\" href=\"https:\/\/roadtoromania.com\/fr\/villes-et-regions-de-roumanie\/bucarest\/place-de-la-revolution-a-bucarest\/\"> <span class=\"screen-reader-text\">Place de la R\u00e9volution \u00e0 Bucarest<\/span> Lire la suite \u00bb<\/a><\/p>\n","protected":false},"author":1,"featured_media":1183,"parent":3146,"menu_order":0,"comment_status":"open","ping_status":"open","template":"","meta":{"site-sidebar-layout":"default","site-content-layout":"default","ast-global-header-display":"","ast-main-header-display":"","ast-hfb-above-header-display":"","ast-hfb-below-header-display":"","ast-hfb-mobile-header-display":"","site-post-title":"","ast-breadcrumbs-content":"","ast-featured-img":"","footer-sml-layout":"","theme-transparent-header-meta":"","adv-header-id-meta":"","stick-header-meta":"","header-above-stick-meta":"","header-main-stick-meta":"","header-below-stick-meta":"","footnotes":""},"class_list":["post-3150","page","type-page","status-publish","has-post-thumbnail","hentry"],"yoast_head":"<!-- This site is optimized with the Yoast SEO plugin v19.10 - https:\/\/yoast.com\/wordpress\/plugins\/seo\/ -->\n<title>Place de la R\u00e9volution \u00e0 Bucarest - Road to Romania<\/title>\n<meta name=\"robots\" content=\"index, follow, max-snippet:-1, max-image-preview:large, max-video-preview:-1\" \/>\n<link rel=\"canonical\" href=\"https:\/\/roadtoromania.com\/fr\/villes-et-regions-de-roumanie\/bucarest\/place-de-la-revolution-a-bucarest\/\" \/>\n<meta property=\"og:locale\" content=\"fr_FR\" \/>\n<meta property=\"og:type\" content=\"article\" \/>\n<meta property=\"og:title\" content=\"Place de la R\u00e9volution \u00e0 Bucarest - Road to Romania\" \/>\n<meta property=\"og:description\" content=\"La place de la R\u00e9volution \u00e0 Bucarest est bien plus qu&#8217;un magnifique espace en plein air \u00e0 Bucarest. En d\u00e9cembre 1989, le r\u00e9gime du dictateur Ceau\u0219escu a pris fin brutalement apr\u00e8s le massacre de civils lors de manifestations dans la ville de Timisoara . Apr\u00e8s de nombreuses ann\u00e9es d&#8217;\u00e9preuves au cours desquelles le peuple a &hellip; Place de la R\u00e9volution \u00e0 Bucarest Lire la suite \u00bb\" \/>\n<meta property=\"og:url\" content=\"https:\/\/roadtoromania.com\/fr\/villes-et-regions-de-roumanie\/bucarest\/place-de-la-revolution-a-bucarest\/\" \/>\n<meta property=\"og:site_name\" content=\"Road to Romania\" \/>\n<meta property=\"article:modified_time\" content=\"2022-10-18T14:52:06+00:00\" \/>\n<meta property=\"og:image\" content=\"https:\/\/roadtoromania.com\/wp-content\/uploads\/2022\/10\/palacio_presidencial_bucarest-1.jpg\" \/>\n\t<meta property=\"og:image:width\" content=\"700\" \/>\n\t<meta property=\"og:image:height\" content=\"508\" \/>\n\t<meta property=\"og:image:type\" content=\"image\/jpeg\" \/>\n<meta name=\"twitter:card\" content=\"summary_large_image\" \/>\n<meta name=\"twitter:label1\" content=\"Dur\u00e9e de lecture estim\u00e9e\" \/>\n\t<meta name=\"twitter:data1\" content=\"3 minutes\" \/>\n<script type=\"application\/ld+json\" class=\"yoast-schema-graph\">{\"@context\":\"https:\/\/schema.org\",\"@graph\":[{\"@type\":\"WebPage\",\"@id\":\"https:\/\/roadtoromania.com\/fr\/villes-et-regions-de-roumanie\/bucarest\/place-de-la-revolution-a-bucarest\/\",\"url\":\"https:\/\/roadtoromania.com\/fr\/villes-et-regions-de-roumanie\/bucarest\/place-de-la-revolution-a-bucarest\/\",\"name\":\"Place de la R\u00e9volution \u00e0 Bucarest - Road to Romania\",\"isPartOf\":{\"@id\":\"https:\/\/roadtoromania.com\/fr\/#website\"},\"datePublished\":\"2022-10-15T18:40:11+00:00\",\"dateModified\":\"2022-10-18T14:52:06+00:00\",\"breadcrumb\":{\"@id\":\"https:\/\/roadtoromania.com\/fr\/villes-et-regions-de-roumanie\/bucarest\/place-de-la-revolution-a-bucarest\/#breadcrumb\"},\"inLanguage\":\"fr-FR\",\"potentialAction\":[{\"@type\":\"ReadAction\",\"target\":[\"https:\/\/roadtoromania.com\/fr\/villes-et-regions-de-roumanie\/bucarest\/place-de-la-revolution-a-bucarest\/\"]}]},{\"@type\":\"BreadcrumbList\",\"@id\":\"https:\/\/roadtoromania.com\/fr\/villes-et-regions-de-roumanie\/bucarest\/place-de-la-revolution-a-bucarest\/#breadcrumb\",\"itemListElement\":[{\"@type\":\"ListItem\",\"position\":1,\"name\":\"Home\",\"item\":\"https:\/\/roadtoromania.com\/fr\/\"},{\"@type\":\"ListItem\",\"position\":2,\"name\":\"Place de la R\u00e9volution \u00e0 Bucarest\"}]},{\"@type\":\"WebSite\",\"@id\":\"https:\/\/roadtoromania.com\/fr\/#website\",\"url\":\"https:\/\/roadtoromania.com\/fr\/\",\"name\":\"Road to Romania\",\"description\":\"Le blog o\u00f9 vous trouverez toutes les informations dont vous avez besoin pour profiter de la Roumanie.\",\"potentialAction\":[{\"@type\":\"SearchAction\",\"target\":{\"@type\":\"EntryPoint\",\"urlTemplate\":\"https:\/\/roadtoromania.com\/fr\/?s={search_term_string}\"},\"query-input\":\"required name=search_term_string\"}],\"inLanguage\":\"fr-FR\"}]}<\/script>\n<!-- \/ Yoast SEO plugin. -->","yoast_head_json":{"title":"Place de la R\u00e9volution \u00e0 Bucarest - Road to Romania","robots":{"index":"index","follow":"follow","max-snippet":"max-snippet:-1","max-image-preview":"max-image-preview:large","max-video-preview":"max-video-preview:-1"},"canonical":"https:\/\/roadtoromania.com\/fr\/villes-et-regions-de-roumanie\/bucarest\/place-de-la-revolution-a-bucarest\/","og_locale":"fr_FR","og_type":"article","og_title":"Place de la R\u00e9volution \u00e0 Bucarest - Road to Romania","og_description":"La place de la R\u00e9volution \u00e0 Bucarest est bien plus qu&#8217;un magnifique espace en plein air \u00e0 Bucarest. En d\u00e9cembre 1989, le r\u00e9gime du dictateur Ceau\u0219escu a pris fin brutalement apr\u00e8s le massacre de civils lors de manifestations dans la ville de Timisoara . Apr\u00e8s de nombreuses ann\u00e9es d&#8217;\u00e9preuves au cours desquelles le peuple a &hellip; Place de la R\u00e9volution \u00e0 Bucarest Lire la suite \u00bb","og_url":"https:\/\/roadtoromania.com\/fr\/villes-et-regions-de-roumanie\/bucarest\/place-de-la-revolution-a-bucarest\/","og_site_name":"Road to Romania","article_modified_time":"2022-10-18T14:52:06+00:00","og_image":[{"width":700,"height":508,"url":"https:\/\/roadtoromania.com\/wp-content\/uploads\/2022\/10\/palacio_presidencial_bucarest-1.jpg","type":"image\/jpeg"}],"twitter_card":"summary_large_image","twitter_misc":{"Dur\u00e9e de lecture estim\u00e9e":"3 minutes"},"schema":{"@context":"https:\/\/schema.org","@graph":[{"@type":"WebPage","@id":"https:\/\/roadtoromania.com\/fr\/villes-et-regions-de-roumanie\/bucarest\/place-de-la-revolution-a-bucarest\/","url":"https:\/\/roadtoromania.com\/fr\/villes-et-regions-de-roumanie\/bucarest\/place-de-la-revolution-a-bucarest\/","name":"Place de la R\u00e9volution \u00e0 Bucarest - Road to Romania","isPartOf":{"@id":"https:\/\/roadtoromania.com\/fr\/#website"},"datePublished":"2022-10-15T18:40:11+00:00","dateModified":"2022-10-18T14:52:06+00:00","breadcrumb":{"@id":"https:\/\/roadtoromania.com\/fr\/villes-et-regions-de-roumanie\/bucarest\/place-de-la-revolution-a-bucarest\/#breadcrumb"},"inLanguage":"fr-FR","potentialAction":[{"@type":"ReadAction","target":["https:\/\/roadtoromania.com\/fr\/villes-et-regions-de-roumanie\/bucarest\/place-de-la-revolution-a-bucarest\/"]}]},{"@type":"BreadcrumbList","@id":"https:\/\/roadtoromania.com\/fr\/villes-et-regions-de-roumanie\/bucarest\/place-de-la-revolution-a-bucarest\/#breadcrumb","itemListElement":[{"@type":"ListItem","position":1,"name":"Home","item":"https:\/\/roadtoromania.com\/fr\/"},{"@type":"ListItem","position":2,"name":"Place de la R\u00e9volution \u00e0 Bucarest"}]},{"@type":"WebSite","@id":"https:\/\/roadtoromania.com\/fr\/#website","url":"https:\/\/roadtoromania.com\/fr\/","name":"Road to Romania","description":"Le blog o\u00f9 vous trouverez toutes les informations dont vous avez besoin pour profiter de la Roumanie.","potentialAction":[{"@type":"SearchAction","target":{"@type":"EntryPoint","urlTemplate":"https:\/\/roadtoromania.com\/fr\/?s={search_term_string}"},"query-input":"required name=search_term_string"}],"inLanguage":"fr-FR"}]}},"_links":{"self":[{"href":"https:\/\/roadtoromania.com\/fr\/wp-json\/wp\/v2\/pages\/3150","targetHints":{"allow":["GET"]}}],"collection":[{"href":"https:\/\/roadtoromania.com\/fr\/wp-json\/wp\/v2\/pages"}],"about":[{"href":"https:\/\/roadtoromania.com\/fr\/wp-json\/wp\/v2\/types\/page"}],"author":[{"embeddable":true,"href":"https:\/\/roadtoromania.com\/fr\/wp-json\/wp\/v2\/users\/1"}],"replies":[{"embeddable":true,"href":"https:\/\/roadtoromania.com\/fr\/wp-json\/wp\/v2\/comments?post=3150"}],"version-history":[{"count":0,"href":"https:\/\/roadtoromania.com\/fr\/wp-json\/wp\/v2\/pages\/3150\/revisions"}],"up":[{"embeddable":true,"href":"https:\/\/roadtoromania.com\/fr\/wp-json\/wp\/v2\/pages\/3146"}],"wp:featuredmedia":[{"embeddable":true,"href":"https:\/\/roadtoromania.com\/fr\/wp-json\/wp\/v2\/media\/1183"}],"wp:attachment":[{"href":"https:\/\/roadtoromania.com\/fr\/wp-json\/wp\/v2\/media?parent=3150"}],"curies":[{"name":"wp","href":"https:\/\/api.w.org\/{rel}","templated":true}]}}