{"id":3151,"date":"2022-10-15T18:40:11","date_gmt":"2022-10-15T18:40:11","guid":{"rendered":"https:\/\/roadtoromania.com\/palais-mogosoaia\/"},"modified":"2022-10-18T14:52:06","modified_gmt":"2022-10-18T14:52:06","slug":"palais-mogosoaia","status":"publish","type":"page","link":"https:\/\/roadtoromania.com\/fr\/villes-et-regions-de-roumanie\/bucarest\/palais-mogosoaia\/","title":{"rendered":"Palais Mogo\u015foaia"},"content":{"rendered":"<p>Le <strong>Palais Mogo\u015foaia<\/strong> est un joyau \u00e0 la p\u00e9riph\u00e9rie de <strong>Bucarest<\/strong> qui attire les amateurs d&#8217;art et d&#8217;histoire pour sa valeur architecturale. L&#8217;\u0153uvre du prince <strong>Constantin Br\u00e2ncoveanu<\/strong> \u00e0 la fin du 17e si\u00e8cle, il a fallu quatre ans pour la terminer (1698 &#8211; 1702)<\/p>\n<p><img decoding=\"async\" src=\"https:\/\/roadtoromania.com\/wp-content\/uploads\/2022\/10\/palacio_mogosoaia_bucarest.jpg\" \/>Entr\u00e9e du palais de Mogo\u015foaia<\/p>\n<div id=\"toc_container\" class=\"no_bullets\"><p class=\"toc_title\">Contents<\/p><ul class=\"toc_list\"><li><a href=\"#Histoire_du_palais_de_Mogosoaia\"><span class=\"toc_number toc_depth_1\">1<\/span> \n Histoire du palais de Mogo\u015foaia <\/a><\/li><li><a href=\"#Visite_du_palais_de_Mogosoaia\"><span class=\"toc_number toc_depth_1\">2<\/span> \n Visite du palais de Mogo\u015foaia <\/a><ul><li><a href=\"#Informations_sur_le_palais_de_Mogosoaia\"><span class=\"toc_number toc_depth_2\">2.1<\/span> \n Informations sur le palais de Mogosoaia : <\/a><\/li><\/ul><\/li><li><a href=\"#Comment_se_rendre_au_palais_de_Mogosoaia\"><span class=\"toc_number toc_depth_1\">3<\/span> \n Comment se rendre au palais de Mogo\u015foaia <\/a><\/li><\/ul><\/div>\n<h2><span id=\"Histoire_du_palais_de_Mogosoaia\">\n <strong>Histoire du palais de Mogo\u015foaia<\/strong> <\/span><\/h2>\n<p>\nConstantine Br\u00e2ncoveanu est un personnage important gr\u00e2ce \u00e0 l&#8217;impulsion des b\u00e2timents qui, par sa symbiose entre les influences de la Renaissance, du baroque, de l&#8217;ottoman et m\u00eame du v\u00e9nitien, a donn\u00e9 naissance \u00e0 un nouveau courant d\u00e9fini comme <strong>Brancovenesc<\/strong> .<\/p>\n<p>\nPrince de Valachie, en plus de son \u0153uvre de m\u00e9c\u00e9nat artistique, il s&#8217;est impos\u00e9 comme diplomate dans une p\u00e9riode agit\u00e9e o\u00f9 la pression de l&#8217;Empire austro-hongrois, de la Russie et des Turcs, exer\u00e7ait une pression intense sur le territoire roumain.<\/p>\n<p>\nLe palais Mogosoaia a \u00e9t\u00e9 une r\u00e9sidence d&#8217;\u00e9t\u00e9 pendant une p\u00e9riode de la vie du prince, et le nom a \u00e9t\u00e9 h\u00e9rit\u00e9 par la veuve du noble qui poss\u00e9dait les terres o\u00f9 il est situ\u00e9, le boyard (propri\u00e9taire f\u00e9odal) Mogos.<\/p>\n<p>\nLes \u00e9v\u00e9nements que le palais a connus au cours de ces trois si\u00e8cles vont de la possession de trois familles aristocratiques : les Br\u00e2ncoveanu, les Cantacuzino et les Bibescu, aux dommages qu&#8217;il a subis pendant la guerre russo-ottomane (deuxi\u00e8me moiti\u00e9 du XVIIIe si\u00e8cle), aux bombardements allemands de la Premi\u00e8re Guerre mondiale, ou \u00e0 la nationalisation du palais apr\u00e8s la Deuxi\u00e8me Guerre mondiale et la consolidation du communisme en Roumanie.<\/p>\n<p>\nDans les ann\u00e9es 1920, Martha et George Valentin Bibescu ont proc\u00e9d\u00e9 \u00e0 la restauration du b\u00e2timent, cr\u00e9ant un espace intellectuel autour duquel tournaient les r\u00e9unions de la classe dirigeante, des politiciens, des artistes et des personnes de la haute soci\u00e9t\u00e9 roumaine.<\/p>\n<h2><span id=\"Visite_du_palais_de_Mogosoaia\">\n <strong>Visite du palais de Mogo\u015foaia<\/strong> <\/span><\/h2>\n<p>\nAujourd&#8217;hui, le palais Mogosoaia a pris un nouveau r\u00f4le en tant que centre culturel Palatele Br\u00e2ncovene\u015fti du Por\u0163ile Bucure\u015ftiului, ainsi que le mus\u00e9e d&#8217;art Brancov\u00e1n. Il accueille des expositions dans dix salles, des conf\u00e9rences et une grande vari\u00e9t\u00e9 d&#8217;\u00e9v\u00e9nements culturels.<\/p>\n<p><img decoding=\"async\" src=\"data:image\/gif;base64,R0lGODdhAQABAPAAAMPDwwAAACwAAAAAAQABAAACAkQBADs=\" \/>Jardins du palais de Mogo\u015foaia<\/p>\n<p>\nLe palais Mogosoaia cache quelques secrets, comme les statues de L\u00e9nine qui ont \u00e9t\u00e9 conserv\u00e9es \u00e0 Bucarest jusqu&#8217;\u00e0 la chute de Ceaceascu. Derri\u00e8re les cuisines du palais, vous trouverez l&#8217;immense statue dont la t\u00eate fait cinq m\u00e8tres de haut <\/p>\n<p>.<\/p>\n<p>\nLes autres parties du palais comprennent les jardins de style anglais, am\u00e9nag\u00e9s dans les ann\u00e9es 1920, la Tour de guet et l&#8217;\u00e9glise Saint-Georges (1688), qui abrite un tableau du prince Constantin Brancoveanu et de sa famille. La visite comprend \u00e9galement la cuisine, &#8220;Cuhnia&#8221;, l&#8217;entrep\u00f4t de glace (qui conservait les blocs de glace du lac), les serres et la chapelle Gheorghe Bibescu, lieu de s\u00e9pulture des derniers princes et princesses propri\u00e9taires du palais.<\/p>\n<h3><span id=\"Informations_sur_le_palais_de_Mogosoaia\">\n <strong>Informations sur le palais de Mogosoaia :<\/strong> <\/span><\/h3>\n<p>\nHeures d&#8217;ouverture : Ouvert tous les jours de 10h \u00e0 16h.<\/p>\n<h2><span id=\"Comment_se_rendre_au_palais_de_Mogosoaia\">\n <strong>Comment se rendre au palais de Mogo\u015foaia<\/strong> <\/span><\/h2>\n<p>\nLe palais se trouve \u00e0 environ 10 km de Bucarest, au bord du lac du m\u00eame nom. Il existe des bus depuis Bucarest, le 460, un peu lent, qui s&#8217;arr\u00eate \u00e0 c\u00f4t\u00e9 du parc Bazilescu (ligne de m\u00e9tro M4) \u00e9tant le meilleur moyen de s&#8217;y rendre. \u00a0Comme les taxis ne sont pas tr\u00e8s chers, c&#8217;est aussi une autre option <\/p>\n<p>.<br \/>\n Carte du palais de Mogo\u015foaia<\/strong> <\/h2>\n","protected":false},"excerpt":{"rendered":"<p>Le Palais Mogo\u015foaia est un joyau \u00e0 la p\u00e9riph\u00e9rie de Bucarest qui attire les amateurs d&#8217;art et d&#8217;histoire pour sa valeur architecturale. L&#8217;\u0153uvre du prince Constantin Br\u00e2ncoveanu \u00e0 la fin du 17e si\u00e8cle, il a fallu quatre ans pour la terminer (1698 &#8211; 1702) Entr\u00e9e du palais de Mogo\u015foaia Contents1 Histoire du palais de Mogo\u015foaia &hellip;<\/p>\n<p class=\"read-more\"> <a class=\"\" href=\"https:\/\/roadtoromania.com\/fr\/villes-et-regions-de-roumanie\/bucarest\/palais-mogosoaia\/\"> <span class=\"screen-reader-text\">Palais Mogo\u015foaia<\/span> Lire la suite \u00bb<\/a><\/p>\n","protected":false},"author":1,"featured_media":1197,"parent":3146,"menu_order":0,"comment_status":"open","ping_status":"open","template":"","meta":{"site-sidebar-layout":"default","site-content-layout":"default","ast-global-header-display":"","ast-main-header-display":"","ast-hfb-above-header-display":"","ast-hfb-below-header-display":"","ast-hfb-mobile-header-display":"","site-post-title":"","ast-breadcrumbs-content":"","ast-featured-img":"","footer-sml-layout":"","theme-transparent-header-meta":"","adv-header-id-meta":"","stick-header-meta":"","header-above-stick-meta":"","header-main-stick-meta":"","header-below-stick-meta":"","footnotes":""},"class_list":["post-3151","page","type-page","status-publish","has-post-thumbnail","hentry"],"yoast_head":"<!-- This site is optimized with the Yoast SEO plugin v19.10 - https:\/\/yoast.com\/wordpress\/plugins\/seo\/ -->\n<title>Palais Mogo\u015foaia - Road to Romania<\/title>\n<meta name=\"robots\" content=\"index, follow, max-snippet:-1, max-image-preview:large, max-video-preview:-1\" \/>\n<link rel=\"canonical\" href=\"https:\/\/roadtoromania.com\/fr\/villes-et-regions-de-roumanie\/bucarest\/palais-mogosoaia\/\" \/>\n<meta property=\"og:locale\" content=\"fr_FR\" \/>\n<meta property=\"og:type\" content=\"article\" \/>\n<meta property=\"og:title\" content=\"Palais Mogo\u015foaia - Road to Romania\" \/>\n<meta property=\"og:description\" content=\"Le Palais Mogo\u015foaia est un joyau \u00e0 la p\u00e9riph\u00e9rie de Bucarest qui attire les amateurs d&#8217;art et d&#8217;histoire pour sa valeur architecturale. L&#8217;\u0153uvre du prince Constantin Br\u00e2ncoveanu \u00e0 la fin du 17e si\u00e8cle, il a fallu quatre ans pour la terminer (1698 &#8211; 1702) Entr\u00e9e du palais de Mogo\u015foaia Contents1 Histoire du palais de Mogo\u015foaia &hellip; Palais Mogo\u015foaia Lire la suite \u00bb\" \/>\n<meta property=\"og:url\" content=\"https:\/\/roadtoromania.com\/fr\/villes-et-regions-de-roumanie\/bucarest\/palais-mogosoaia\/\" \/>\n<meta property=\"og:site_name\" content=\"Road to Romania\" \/>\n<meta property=\"article:modified_time\" content=\"2022-10-18T14:52:06+00:00\" \/>\n<meta property=\"og:image\" content=\"https:\/\/roadtoromania.com\/wp-content\/uploads\/2022\/10\/palacio_mogosoaia_bucarest-1.jpg\" \/>\n\t<meta property=\"og:image:width\" content=\"700\" \/>\n\t<meta property=\"og:image:height\" content=\"469\" \/>\n\t<meta property=\"og:image:type\" content=\"image\/jpeg\" \/>\n<meta name=\"twitter:card\" content=\"summary_large_image\" \/>\n<meta name=\"twitter:label1\" content=\"Dur\u00e9e de lecture estim\u00e9e\" \/>\n\t<meta name=\"twitter:data1\" content=\"3 minutes\" \/>\n<script type=\"application\/ld+json\" class=\"yoast-schema-graph\">{\"@context\":\"https:\/\/schema.org\",\"@graph\":[{\"@type\":\"WebPage\",\"@id\":\"https:\/\/roadtoromania.com\/fr\/villes-et-regions-de-roumanie\/bucarest\/palais-mogosoaia\/\",\"url\":\"https:\/\/roadtoromania.com\/fr\/villes-et-regions-de-roumanie\/bucarest\/palais-mogosoaia\/\",\"name\":\"Palais Mogo\u015foaia - Road to Romania\",\"isPartOf\":{\"@id\":\"https:\/\/roadtoromania.com\/fr\/#website\"},\"datePublished\":\"2022-10-15T18:40:11+00:00\",\"dateModified\":\"2022-10-18T14:52:06+00:00\",\"breadcrumb\":{\"@id\":\"https:\/\/roadtoromania.com\/fr\/villes-et-regions-de-roumanie\/bucarest\/palais-mogosoaia\/#breadcrumb\"},\"inLanguage\":\"fr-FR\",\"potentialAction\":[{\"@type\":\"ReadAction\",\"target\":[\"https:\/\/roadtoromania.com\/fr\/villes-et-regions-de-roumanie\/bucarest\/palais-mogosoaia\/\"]}]},{\"@type\":\"BreadcrumbList\",\"@id\":\"https:\/\/roadtoromania.com\/fr\/villes-et-regions-de-roumanie\/bucarest\/palais-mogosoaia\/#breadcrumb\",\"itemListElement\":[{\"@type\":\"ListItem\",\"position\":1,\"name\":\"Home\",\"item\":\"https:\/\/roadtoromania.com\/fr\/\"},{\"@type\":\"ListItem\",\"position\":2,\"name\":\"Palais Mogo\u015foaia\"}]},{\"@type\":\"WebSite\",\"@id\":\"https:\/\/roadtoromania.com\/fr\/#website\",\"url\":\"https:\/\/roadtoromania.com\/fr\/\",\"name\":\"Road to Romania\",\"description\":\"Le blog o\u00f9 vous trouverez toutes les informations dont vous avez besoin pour profiter de la Roumanie.\",\"potentialAction\":[{\"@type\":\"SearchAction\",\"target\":{\"@type\":\"EntryPoint\",\"urlTemplate\":\"https:\/\/roadtoromania.com\/fr\/?s={search_term_string}\"},\"query-input\":\"required name=search_term_string\"}],\"inLanguage\":\"fr-FR\"}]}<\/script>\n<!-- \/ Yoast SEO plugin. -->","yoast_head_json":{"title":"Palais Mogo\u015foaia - Road to Romania","robots":{"index":"index","follow":"follow","max-snippet":"max-snippet:-1","max-image-preview":"max-image-preview:large","max-video-preview":"max-video-preview:-1"},"canonical":"https:\/\/roadtoromania.com\/fr\/villes-et-regions-de-roumanie\/bucarest\/palais-mogosoaia\/","og_locale":"fr_FR","og_type":"article","og_title":"Palais Mogo\u015foaia - Road to Romania","og_description":"Le Palais Mogo\u015foaia est un joyau \u00e0 la p\u00e9riph\u00e9rie de Bucarest qui attire les amateurs d&#8217;art et d&#8217;histoire pour sa valeur architecturale. L&#8217;\u0153uvre du prince Constantin Br\u00e2ncoveanu \u00e0 la fin du 17e si\u00e8cle, il a fallu quatre ans pour la terminer (1698 &#8211; 1702) Entr\u00e9e du palais de Mogo\u015foaia Contents1 Histoire du palais de Mogo\u015foaia &hellip; Palais Mogo\u015foaia Lire la suite \u00bb","og_url":"https:\/\/roadtoromania.com\/fr\/villes-et-regions-de-roumanie\/bucarest\/palais-mogosoaia\/","og_site_name":"Road to Romania","article_modified_time":"2022-10-18T14:52:06+00:00","og_image":[{"width":700,"height":469,"url":"https:\/\/roadtoromania.com\/wp-content\/uploads\/2022\/10\/palacio_mogosoaia_bucarest-1.jpg","type":"image\/jpeg"}],"twitter_card":"summary_large_image","twitter_misc":{"Dur\u00e9e de lecture estim\u00e9e":"3 minutes"},"schema":{"@context":"https:\/\/schema.org","@graph":[{"@type":"WebPage","@id":"https:\/\/roadtoromania.com\/fr\/villes-et-regions-de-roumanie\/bucarest\/palais-mogosoaia\/","url":"https:\/\/roadtoromania.com\/fr\/villes-et-regions-de-roumanie\/bucarest\/palais-mogosoaia\/","name":"Palais Mogo\u015foaia - Road to Romania","isPartOf":{"@id":"https:\/\/roadtoromania.com\/fr\/#website"},"datePublished":"2022-10-15T18:40:11+00:00","dateModified":"2022-10-18T14:52:06+00:00","breadcrumb":{"@id":"https:\/\/roadtoromania.com\/fr\/villes-et-regions-de-roumanie\/bucarest\/palais-mogosoaia\/#breadcrumb"},"inLanguage":"fr-FR","potentialAction":[{"@type":"ReadAction","target":["https:\/\/roadtoromania.com\/fr\/villes-et-regions-de-roumanie\/bucarest\/palais-mogosoaia\/"]}]},{"@type":"BreadcrumbList","@id":"https:\/\/roadtoromania.com\/fr\/villes-et-regions-de-roumanie\/bucarest\/palais-mogosoaia\/#breadcrumb","itemListElement":[{"@type":"ListItem","position":1,"name":"Home","item":"https:\/\/roadtoromania.com\/fr\/"},{"@type":"ListItem","position":2,"name":"Palais Mogo\u015foaia"}]},{"@type":"WebSite","@id":"https:\/\/roadtoromania.com\/fr\/#website","url":"https:\/\/roadtoromania.com\/fr\/","name":"Road to Romania","description":"Le blog o\u00f9 vous trouverez toutes les informations dont vous avez besoin pour profiter de la Roumanie.","potentialAction":[{"@type":"SearchAction","target":{"@type":"EntryPoint","urlTemplate":"https:\/\/roadtoromania.com\/fr\/?s={search_term_string}"},"query-input":"required name=search_term_string"}],"inLanguage":"fr-FR"}]}},"_links":{"self":[{"href":"https:\/\/roadtoromania.com\/fr\/wp-json\/wp\/v2\/pages\/3151","targetHints":{"allow":["GET"]}}],"collection":[{"href":"https:\/\/roadtoromania.com\/fr\/wp-json\/wp\/v2\/pages"}],"about":[{"href":"https:\/\/roadtoromania.com\/fr\/wp-json\/wp\/v2\/types\/page"}],"author":[{"embeddable":true,"href":"https:\/\/roadtoromania.com\/fr\/wp-json\/wp\/v2\/users\/1"}],"replies":[{"embeddable":true,"href":"https:\/\/roadtoromania.com\/fr\/wp-json\/wp\/v2\/comments?post=3151"}],"version-history":[{"count":0,"href":"https:\/\/roadtoromania.com\/fr\/wp-json\/wp\/v2\/pages\/3151\/revisions"}],"up":[{"embeddable":true,"href":"https:\/\/roadtoromania.com\/fr\/wp-json\/wp\/v2\/pages\/3146"}],"wp:featuredmedia":[{"embeddable":true,"href":"https:\/\/roadtoromania.com\/fr\/wp-json\/wp\/v2\/media\/1197"}],"wp:attachment":[{"href":"https:\/\/roadtoromania.com\/fr\/wp-json\/wp\/v2\/media?parent=3151"}],"curies":[{"name":"wp","href":"https:\/\/api.w.org\/{rel}","templated":true}]}}