{"id":3152,"date":"2022-10-15T18:40:11","date_gmt":"2022-10-15T18:40:11","guid":{"rendered":"https:\/\/roadtoromania.com\/parc-herastrau\/"},"modified":"2022-10-18T14:52:06","modified_gmt":"2022-10-18T14:52:06","slug":"parc-herastrau","status":"publish","type":"page","link":"https:\/\/roadtoromania.com\/fr\/villes-et-regions-de-roumanie\/bucarest\/parc-herastrau\/","title":{"rendered":"Parc Herastrau"},"content":{"rendered":"<p>Le parc <strong>Herastrau (Her\u0103str\u0103u<\/strong> ) est l&#8217;une des <strong>principales attractions touristiques de Bucarest<\/strong> . Il s&#8217;agit du plus grand espace vert de toute la ville, son \u00e9l\u00e9ment central est un beau lac portant le nom de Her\u0103str\u0103u <\/p>\n<p>.<\/p>\n<p>\nLe parc abrite \u00e9galement l&#8217;un des mus\u00e9es les plus r\u00e9put\u00e9s de Roumanie, le mus\u00e9e Satului. Si vous allez \u00e0 Bucarest, ne manquez pas une belle promenade dans le parc Her\u0103str\u0103u.<\/p>\n<p>\nLe parc Her\u0103str\u0103u est si grand qu&#8217;il suffit, pour donner son adresse, de dire qu&#8217;il s&#8217;agit de la partie nord de Bucarest, car il couvre presque toute la largeur de la ville. Actuellement, il couvre une superficie de 1,1 kilom\u00e8tre carr\u00e9. Dont 0,7 km\u00b2 de surface est couverte par le lac Her\u0103str\u0103u <\/p>\n<p>.<\/p>\n<h2>\nHistoire du parc Her\u0103str\u0103u<\/h2>\n<p>\nAutrefois, la zone o\u00f9 se trouve aujourd&#8217;hui le parc Herastrau manquait de gr\u00e2ce urbanistique, car elle n&#8217;\u00e9tait qu&#8217;un c\u00e9n\u00e9gal boueux et humide.<\/p>\n<p>\nD\u00e8s 1806, les classes sup\u00e9rieures ont commenc\u00e9 \u00e0 se promener et \u00e0 se d\u00e9tendre sur les rives du lac Her\u0103str\u0103u. Ce n&#8217;est toutefois qu&#8217;en 1930 que la zone a \u00e9t\u00e9 am\u00e9nag\u00e9e, que des chemins ont \u00e9t\u00e9 trac\u00e9s et que le parc lui-m\u00eame a \u00e9t\u00e9 construit.<\/p>\n<p>\nEn 1936, le parc Her\u0103str\u0103u a \u00e9t\u00e9 ouvert au public. Au fil des ans, tous les gouvernements du pays ont nomm\u00e9 et fa\u00e7onn\u00e9 le parc. Il est pass\u00e9 par les noms de Parc national, Parc Carol II, Parc I jusqu&#8217;\u00e0 son nom actuel.<\/p>\n<h2>\nAttractions touristiques du parc Herastrau<\/h2>\n<p>\nLe parc Herastrau est divis\u00e9 en deux zones, l&#8217;une est destin\u00e9e aux activit\u00e9s socioculturelles et r\u00e9cr\u00e9atives. Dans cette zone, on trouve des biblioth\u00e8ques, des expositions d&#8217;art, des th\u00e9\u00e2tres et des personnes qui passent leur temps \u00e0 lire, \u00e0 jouer aux \u00e9checs, \u00e0 se reposer ou \u00e0 s&#8217;impr\u00e9gner de la culture. L&#8217;autre zone, de l&#8217;autre c\u00f4t\u00e9 du lac, est r\u00e9serv\u00e9e aux activit\u00e9s sportives o\u00f9 les amateurs de fun trouveront un endroit pour pratiquer le breakdance, le v\u00e9lo ou le skateboard.<\/p>\n<p> Dans le parc Her\u0103str\u0103u, il y a un certain nombre d&#8217;attractions touristiques que vous ne devez pas n\u00e9gliger, nous allons vous dire certaines des choses qu&#8217;il y a ou que vous pouvez faire ici :<\/strong> <\/p>\n<p>.<\/p>\n<p>&#8211; Utilisez les installations sportives ou mangez dans de bons restaurants ;<br \/>\n&#8211;<\/strong> Admirez l&#8217;expoflora<\/strong> , o\u00f9 vous verrez des d\u00e9corations artistiques faites de fleurs \u00e0 diff\u00e9rentes \u00e9poques de l&#8217;ann\u00e9e, voyez l&#8217;\u00eele aux roses o\u00f9 de juin \u00e0 la fin de l&#8217;automne les couleurs se combinent harmonieusement ou voyez le jardin con\u00e7u en 1998 dans le style japonais.<\/p>\n<p> &#8211; En vous promenant le long des sentiers<\/strong> , vous ne profiterez pas seulement d&#8217;une agr\u00e9able promenade mais vous d\u00e9couvrirez \u00e9galement qui \u00e9taient les personnalit\u00e9s nationales ou mondiales importantes gr\u00e2ce aux nombreuses sculptures, statues et monuments qui remplissent le parc <\/p>\n<p>.<\/p>\n<p>\n <strong>&#8211; Le lac Her\u0103str\u0103u<\/strong> , sur lequel on peut faire du bateau en \u00e9t\u00e9 et patiner sur la glace en hiver.<\/p>\n<p>\n <strong>&#8211; Mus\u00e9e Satului<\/strong> . Dans cette zone, vous pouvez entrer dans l&#8217;un des plus grands mus\u00e9es ethnographiques existants si vous payez un droit d&#8217;entr\u00e9e et si vous y allez pendant les heures de visite.<\/p>\n<p> Emplacement du parc Herastrau \u00e0 Bucarest<\/strong> <\/p>\n","protected":false},"excerpt":{"rendered":"<p>Le parc Herastrau (Her\u0103str\u0103u ) est l&#8217;une des principales attractions touristiques de Bucarest . Il s&#8217;agit du plus grand espace vert de toute la ville, son \u00e9l\u00e9ment central est un beau lac portant le nom de Her\u0103str\u0103u . Le parc abrite \u00e9galement l&#8217;un des mus\u00e9es les plus r\u00e9put\u00e9s de Roumanie, le mus\u00e9e Satului. Si vous &hellip;<\/p>\n<p class=\"read-more\"> <a class=\"\" href=\"https:\/\/roadtoromania.com\/fr\/villes-et-regions-de-roumanie\/bucarest\/parc-herastrau\/\"> <span class=\"screen-reader-text\">Parc Herastrau<\/span> Lire la suite \u00bb<\/a><\/p>\n","protected":false},"author":1,"featured_media":0,"parent":3146,"menu_order":0,"comment_status":"open","ping_status":"open","template":"","meta":{"site-sidebar-layout":"default","site-content-layout":"default","ast-global-header-display":"","ast-main-header-display":"","ast-hfb-above-header-display":"","ast-hfb-below-header-display":"","ast-hfb-mobile-header-display":"","site-post-title":"","ast-breadcrumbs-content":"","ast-featured-img":"","footer-sml-layout":"","theme-transparent-header-meta":"","adv-header-id-meta":"","stick-header-meta":"","header-above-stick-meta":"","header-main-stick-meta":"","header-below-stick-meta":"","footnotes":""},"class_list":["post-3152","page","type-page","status-publish","hentry"],"yoast_head":"<!-- This site is optimized with the Yoast SEO plugin v19.10 - https:\/\/yoast.com\/wordpress\/plugins\/seo\/ -->\n<title>Parc Herastrau - Road to Romania<\/title>\n<meta name=\"robots\" content=\"index, follow, max-snippet:-1, max-image-preview:large, max-video-preview:-1\" \/>\n<link rel=\"canonical\" href=\"https:\/\/roadtoromania.com\/fr\/villes-et-regions-de-roumanie\/bucarest\/parc-herastrau\/\" \/>\n<meta property=\"og:locale\" content=\"fr_FR\" \/>\n<meta property=\"og:type\" content=\"article\" \/>\n<meta property=\"og:title\" content=\"Parc Herastrau - Road to Romania\" \/>\n<meta property=\"og:description\" content=\"Le parc Herastrau (Her\u0103str\u0103u ) est l&#8217;une des principales attractions touristiques de Bucarest . Il s&#8217;agit du plus grand espace vert de toute la ville, son \u00e9l\u00e9ment central est un beau lac portant le nom de Her\u0103str\u0103u . Le parc abrite \u00e9galement l&#8217;un des mus\u00e9es les plus r\u00e9put\u00e9s de Roumanie, le mus\u00e9e Satului. Si vous &hellip; Parc Herastrau Lire la suite \u00bb\" \/>\n<meta property=\"og:url\" content=\"https:\/\/roadtoromania.com\/fr\/villes-et-regions-de-roumanie\/bucarest\/parc-herastrau\/\" \/>\n<meta property=\"og:site_name\" content=\"Road to Romania\" \/>\n<meta property=\"article:modified_time\" content=\"2022-10-18T14:52:06+00:00\" \/>\n<meta name=\"twitter:card\" content=\"summary_large_image\" \/>\n<meta name=\"twitter:label1\" content=\"Dur\u00e9e de lecture estim\u00e9e\" \/>\n\t<meta name=\"twitter:data1\" content=\"3 minutes\" \/>\n<script type=\"application\/ld+json\" class=\"yoast-schema-graph\">{\"@context\":\"https:\/\/schema.org\",\"@graph\":[{\"@type\":\"WebPage\",\"@id\":\"https:\/\/roadtoromania.com\/fr\/villes-et-regions-de-roumanie\/bucarest\/parc-herastrau\/\",\"url\":\"https:\/\/roadtoromania.com\/fr\/villes-et-regions-de-roumanie\/bucarest\/parc-herastrau\/\",\"name\":\"Parc Herastrau - Road to Romania\",\"isPartOf\":{\"@id\":\"https:\/\/roadtoromania.com\/fr\/#website\"},\"datePublished\":\"2022-10-15T18:40:11+00:00\",\"dateModified\":\"2022-10-18T14:52:06+00:00\",\"breadcrumb\":{\"@id\":\"https:\/\/roadtoromania.com\/fr\/villes-et-regions-de-roumanie\/bucarest\/parc-herastrau\/#breadcrumb\"},\"inLanguage\":\"fr-FR\",\"potentialAction\":[{\"@type\":\"ReadAction\",\"target\":[\"https:\/\/roadtoromania.com\/fr\/villes-et-regions-de-roumanie\/bucarest\/parc-herastrau\/\"]}]},{\"@type\":\"BreadcrumbList\",\"@id\":\"https:\/\/roadtoromania.com\/fr\/villes-et-regions-de-roumanie\/bucarest\/parc-herastrau\/#breadcrumb\",\"itemListElement\":[{\"@type\":\"ListItem\",\"position\":1,\"name\":\"Home\",\"item\":\"https:\/\/roadtoromania.com\/fr\/\"},{\"@type\":\"ListItem\",\"position\":2,\"name\":\"Parc Herastrau\"}]},{\"@type\":\"WebSite\",\"@id\":\"https:\/\/roadtoromania.com\/fr\/#website\",\"url\":\"https:\/\/roadtoromania.com\/fr\/\",\"name\":\"Road to Romania\",\"description\":\"Le blog o\u00f9 vous trouverez toutes les informations dont vous avez besoin pour profiter de la Roumanie.\",\"potentialAction\":[{\"@type\":\"SearchAction\",\"target\":{\"@type\":\"EntryPoint\",\"urlTemplate\":\"https:\/\/roadtoromania.com\/fr\/?s={search_term_string}\"},\"query-input\":\"required name=search_term_string\"}],\"inLanguage\":\"fr-FR\"}]}<\/script>\n<!-- \/ Yoast SEO plugin. -->","yoast_head_json":{"title":"Parc Herastrau - Road to Romania","robots":{"index":"index","follow":"follow","max-snippet":"max-snippet:-1","max-image-preview":"max-image-preview:large","max-video-preview":"max-video-preview:-1"},"canonical":"https:\/\/roadtoromania.com\/fr\/villes-et-regions-de-roumanie\/bucarest\/parc-herastrau\/","og_locale":"fr_FR","og_type":"article","og_title":"Parc Herastrau - Road to Romania","og_description":"Le parc Herastrau (Her\u0103str\u0103u ) est l&#8217;une des principales attractions touristiques de Bucarest . Il s&#8217;agit du plus grand espace vert de toute la ville, son \u00e9l\u00e9ment central est un beau lac portant le nom de Her\u0103str\u0103u . Le parc abrite \u00e9galement l&#8217;un des mus\u00e9es les plus r\u00e9put\u00e9s de Roumanie, le mus\u00e9e Satului. Si vous &hellip; Parc Herastrau Lire la suite \u00bb","og_url":"https:\/\/roadtoromania.com\/fr\/villes-et-regions-de-roumanie\/bucarest\/parc-herastrau\/","og_site_name":"Road to Romania","article_modified_time":"2022-10-18T14:52:06+00:00","twitter_card":"summary_large_image","twitter_misc":{"Dur\u00e9e de lecture estim\u00e9e":"3 minutes"},"schema":{"@context":"https:\/\/schema.org","@graph":[{"@type":"WebPage","@id":"https:\/\/roadtoromania.com\/fr\/villes-et-regions-de-roumanie\/bucarest\/parc-herastrau\/","url":"https:\/\/roadtoromania.com\/fr\/villes-et-regions-de-roumanie\/bucarest\/parc-herastrau\/","name":"Parc Herastrau - Road to Romania","isPartOf":{"@id":"https:\/\/roadtoromania.com\/fr\/#website"},"datePublished":"2022-10-15T18:40:11+00:00","dateModified":"2022-10-18T14:52:06+00:00","breadcrumb":{"@id":"https:\/\/roadtoromania.com\/fr\/villes-et-regions-de-roumanie\/bucarest\/parc-herastrau\/#breadcrumb"},"inLanguage":"fr-FR","potentialAction":[{"@type":"ReadAction","target":["https:\/\/roadtoromania.com\/fr\/villes-et-regions-de-roumanie\/bucarest\/parc-herastrau\/"]}]},{"@type":"BreadcrumbList","@id":"https:\/\/roadtoromania.com\/fr\/villes-et-regions-de-roumanie\/bucarest\/parc-herastrau\/#breadcrumb","itemListElement":[{"@type":"ListItem","position":1,"name":"Home","item":"https:\/\/roadtoromania.com\/fr\/"},{"@type":"ListItem","position":2,"name":"Parc Herastrau"}]},{"@type":"WebSite","@id":"https:\/\/roadtoromania.com\/fr\/#website","url":"https:\/\/roadtoromania.com\/fr\/","name":"Road to Romania","description":"Le blog o\u00f9 vous trouverez toutes les informations dont vous avez besoin pour profiter de la Roumanie.","potentialAction":[{"@type":"SearchAction","target":{"@type":"EntryPoint","urlTemplate":"https:\/\/roadtoromania.com\/fr\/?s={search_term_string}"},"query-input":"required name=search_term_string"}],"inLanguage":"fr-FR"}]}},"_links":{"self":[{"href":"https:\/\/roadtoromania.com\/fr\/wp-json\/wp\/v2\/pages\/3152","targetHints":{"allow":["GET"]}}],"collection":[{"href":"https:\/\/roadtoromania.com\/fr\/wp-json\/wp\/v2\/pages"}],"about":[{"href":"https:\/\/roadtoromania.com\/fr\/wp-json\/wp\/v2\/types\/page"}],"author":[{"embeddable":true,"href":"https:\/\/roadtoromania.com\/fr\/wp-json\/wp\/v2\/users\/1"}],"replies":[{"embeddable":true,"href":"https:\/\/roadtoromania.com\/fr\/wp-json\/wp\/v2\/comments?post=3152"}],"version-history":[{"count":0,"href":"https:\/\/roadtoromania.com\/fr\/wp-json\/wp\/v2\/pages\/3152\/revisions"}],"up":[{"embeddable":true,"href":"https:\/\/roadtoromania.com\/fr\/wp-json\/wp\/v2\/pages\/3146"}],"wp:attachment":[{"href":"https:\/\/roadtoromania.com\/fr\/wp-json\/wp\/v2\/media?parent=3152"}],"curies":[{"name":"wp","href":"https:\/\/api.w.org\/{rel}","templated":true}]}}