{"id":3157,"date":"2022-10-15T18:40:11","date_gmt":"2022-10-15T18:40:11","guid":{"rendered":"https:\/\/roadtoromania.com\/hunedoara\/"},"modified":"2022-10-18T14:52:06","modified_gmt":"2022-10-18T14:52:06","slug":"hunedoara","status":"publish","type":"page","link":"https:\/\/roadtoromania.com\/fr\/villes-et-regions-de-roumanie\/hunedoara\/","title":{"rendered":"Hunedoara"},"content":{"rendered":"<p> <strong>Hunedoara<\/strong> \u00e9tait une ville fortement industrialis\u00e9e, notamment dans l&#8217;industrie du fer et de l&#8217;acier, la production de bois et l&#8217;artisanat sp\u00e9cialis\u00e9 dans les textiles pour tapis, cuir et meubles. Pendant de nombreuses ann\u00e9es, l&#8217;extraction du fer et la transformation de l&#8217;acier ont assur\u00e9 la subsistance \u00e9conomique de Hunedoara, jusqu&#8217;\u00e0 ce que la crise du secteur entra\u00eene une augmentation du ch\u00f4mage et de l&#8217;\u00e9migration <\/p>\n<p>.<br \/>\n<img decoding=\"async\" src=\"https:\/\/roadtoromania.com\/wp-content\/uploads\/2022\/10\/castillo_hunedoara_rumania.jpg\" \/>Entr\u00e9e du ch\u00e2teau de Corvino \u00e0 Hunedoara<\/p>\n<p>\nHunedoara est un arr\u00eat r\u00e9gulier sur la route entre <strong>Timisoara<\/strong> et <strong>Sibiu<\/strong> , car la proximit\u00e9 de la ville de <strong>Deva<\/strong> et surtout le <strong>Ch\u00e2teau Hunyad<\/strong> sont deux attractions pour faire un arr\u00eat et le visiter.<\/p>\n<div id=\"toc_container\" class=\"no_bullets\"><p class=\"toc_title\">Contents<\/p><ul class=\"toc_list\"><li><a href=\"#Point_d8217interet_Hunedoara\"><span class=\"toc_number toc_depth_1\">1<\/span> \nPoint d&#8217;int\u00e9r\u00eat Hunedoara<\/a><ul><li><a href=\"#Chateau_de_Hunyad\"><span class=\"toc_number toc_depth_2\">1.1<\/span> \n Ch\u00e2teau de Hunyad <\/a><\/li><li><a href=\"#Cathedrale_de_Hunedoara\"><span class=\"toc_number toc_depth_2\">1.2<\/span> \nCath\u00e9drale de Hunedoara<\/a><\/li><li><a href=\"#Parc_national_de_Retezat\"><span class=\"toc_number toc_depth_2\">1.3<\/span> \nParc national de Retezat<\/a><\/li><\/ul><\/li><li><a href=\"#Carte_de_Hunedoara\"><span class=\"toc_number toc_depth_1\">2<\/span> \nCarte de Hunedoara<\/a><\/li><\/ul><\/div>\n<h2><span id=\"Point_d8217interet_Hunedoara\">\nPoint d&#8217;int\u00e9r\u00eat Hunedoara<\/span><\/h2>\n<h3><span id=\"Chateau_de_Hunyad\">\n <strong>Ch\u00e2teau de Hunyad<\/strong> <\/span><\/h3>\n<p>\nLe <strong>ch\u00e2teau Hunyad<\/strong> est souvent appel\u00e9 <strong>ch\u00e2teau Corvinus<\/strong> parce qu&#8217;en 1409, le roi de Hongrie, Sigismond, a accord\u00e9 la propri\u00e9t\u00e9 \u00e0 Voyk Hunyadi (d&#8217;o\u00f9 le nom Hunyad) comme symbole de gratitude pour les batailles men\u00e9es pour son seigneur. La dynastie familiale a continu\u00e9 \u00e0 l&#8217;occuper, d&#8217;abord comme forteresse, puis comme r\u00e9sidence, et a \u00e9t\u00e9 poursuivie par le roi hongrois Matthias Corvinus. Au XVIIe si\u00e8cle et plus tard au XIXe si\u00e8cle, il a \u00e9t\u00e9 restaur\u00e9 pour lui donner l&#8217;aspect que nous lui connaissons aujourd&#8217;hui. En 1974, il est devenu un mus\u00e9e, apr\u00e8s des ann\u00e9es de n\u00e9gligence et de ruine caus\u00e9e par un incendie.<\/p>\n<p>\nSon emplacement n&#8217;est pas une co\u00efncidence, puisque les Romains y avaient d\u00e9j\u00e0 \u00e9tabli un castro. L&#8217;ext\u00e9rieur du ch\u00e2teau est un plaisir visuel, avec des perspectives tr\u00e8s diff\u00e9rentes sous tous les angles, id\u00e9al pour les amateurs de photos.<\/p>\n<p>\nUne passerelle soutenue par d&#8217;\u00e9pais piliers comble la diff\u00e9rence de hauteur qui fait office de photo, donnant acc\u00e8s au ch\u00e2teau, dont on peut voir et m\u00e9langer les \u00e9l\u00e9ments de la Renaissance et du gothique tardif.<\/p>\n<p><img decoding=\"async\" src=\"https:\/\/roadtoromania.com\/wp-content\/uploads\/2022\/10\/castillo_hunedoara.jpg\" \/>Ch\u00e2teau de Hunedoara<\/p>\n<p>\nL&#8217;int\u00e9rieur du ch\u00e2teau est form\u00e9 par un terrain de parade qui est utilis\u00e9 pour des concerts et des \u00e9v\u00e9nements. La visite vous emm\u00e8ne \u00e0 travers les salles et les pi\u00e8ces sur trois niveaux, comme la salle des chevaliers, la chapelle du XVe si\u00e8cle et les cachots. La d\u00e9coration est aust\u00e8re, car les incendies ont laiss\u00e9 la structure \u00e0 peine r\u00e9cup\u00e9rable. Et une partie du charme vient des l\u00e9gendes qui entourent le ch\u00e2teau et les condamn\u00e9s turcs qui ont souffert dans les cachots.<\/p>\n<p> Horaires d&#8217;ouverture et informations pour les visites du ch\u00e2teau<\/strong> <\/h4>\n<p>\nLundi : de 10h30 \u00e0 17h.<br \/&#038;gt ;\nDu mardi au dimanche : 09h. \u00e0 17h.<\/p>\n<p>\nLa prise de photos et de vid\u00e9os fait l&#8217;objet d&#8217;un suppl\u00e9ment. Le plus simple pour s&#8217;y rendre est de louer une voiture ou de faire un circuit organis\u00e9, car le seul transport public est le bus de Deva \u00e0 la gare routi\u00e8re de Hunedoara, d&#8217;o\u00f9 il faut marcher (ou prendre un autre bus jusqu&#8217;au ch\u00e2teau).<\/p>\n<h3><span id=\"Cathedrale_de_Hunedoara\">\nCath\u00e9drale de Hunedoara<\/span><\/h3>\n<p>La cath\u00e9drale de Hunedoara se trouve au centre de la ville, lorsque vous montez vers le magnifique ch\u00e2teau m\u00e9di\u00e9val. La cath\u00e9drale n&#8217;est pas tr\u00e8s bien entretenue, mais cela se voit car c&#8217;est un tr\u00e8s grand b\u00e2timent qui domine le quartier. C&#8217;est une cath\u00e9drale orthodoxe de construction r\u00e9cente, d\u00e9di\u00e9e \u00e0 Constantin et H\u00e9l\u00e8ne. Elle est de style byzantin, et les plans sont dus \u00e0 l&#8217;architecte de Hunedoara, Dumitru Berechet. \u00c0 l&#8217;ext\u00e9rieur, vous pouvez voir des mosa\u00efques et des repr\u00e9sentations de saints ainsi que des sc\u00e8nes de la Bible. L&#8217;\u00e9glise a \u00e9t\u00e9 consacr\u00e9e dans les ann\u00e9es 1940, et a \u00e9t\u00e9 r\u00e9cemment r\u00e9nov\u00e9e pour restaurer les ic\u00f4nes et les mosa\u00efques. Sa fa\u00e7ade pr\u00e9sente des arcs soutenus par des colonnes de marbre, r\u00e9alis\u00e9es par des artistes de la capitale. \u00c0 l&#8217;int\u00e9rieur, vous pouvez voir les diff\u00e9rents d\u00f4mes, qui laissent entrer la lumi\u00e8re du jour et sont magnifiquement d\u00e9cor\u00e9s de fresques.<\/p>\n<h3><span id=\"Parc_national_de_Retezat\">\nParc national de Retezat<\/span><\/h3>\n<p>Le parc national de Retezat a \u00e9t\u00e9 cr\u00e9\u00e9 dans les ann\u00e9es 1930 et couvre un total de 380 kilom\u00e8tres carr\u00e9s. Elle compte plus de 60 hautes montagnes, de plus de 2300 m\u00e8tres, et aussi plusieurs lacs glaciaires. C&#8217;est un endroit magnifique o\u00f9 l&#8217;on peut faire des randonn\u00e9es, \u00e0 partir de la ville d&#8217;Orastie par exemple, il est pr\u00e9f\u00e9rable de se renseigner au pr\u00e9alable aupr\u00e8s de l&#8217;office du tourisme, surtout en hiver o\u00f9 le temps change rapidement et o\u00f9 il peut neiger \u00e0 tout moment. Les montagnes sont magnifiques, et c&#8217;est l&#8217;une des rares r\u00e9gions d&#8217;Europe encore presque vierge. On y trouve un tiers des esp\u00e8ces florales du pays, mais aussi des animaux comme les loups, les ours, les cerfs&#8230; On ne peut pas camper et sur de nombreux sentiers, on ne peut aller qu&#8217;\u00e0 pied, bien que les plus grands autorisent les v\u00e9hicules.<\/p>\n<p>\nDans la ville, l&#8217;\u00e9glise de Saint-Nicolas (Biserica Sf Nicolae) et la for\u00eat de Chizid ou le zoo sont d&#8217;autres b\u00e2timents int\u00e9ressants.\u00a0Le ch\u00e2teau de Hunyad est le monument principal mais pas le seul, car outre son environnement naturel avec un relief montagneux verdoyant, au sud de Hunedoara se trouve le monast\u00e8re de Prislop, tandis qu&#8217;\u00e0 la p\u00e9riph\u00e9rie se trouvent les <strong>hauts fourneaux de Gov\u0103\u015fdia et Topli\u0163a<\/strong> , vestiges industriels de grande valeur pour \u00eatre l&#8217;un des plus importants d&#8217;Europe, et d&#8217;o\u00f9 proviennent certaines poutres qui forment la structure de la Tour Eiffel.<\/p>\n<p><img decoding=\"async\" src=\"data:image\/gif;base64,R0lGODdhAQABAPAAAMPDwwAAACwAAAAAAQABAAACAkQBADs=\" \/>Les hauts fourneaux de Gov\u0103jdia<\/p>\n<p>\nUne autre excursion populaire depuis Hunedoara est le lac Cinci\u015f, id\u00e9al pour un pique-nique en qu\u00eate de calme et de d\u00e9tente. Plus loin, mais toujours accessibles, se trouvent les <strong>forteresses daciennes des montagnes d&#8217;Orastia<\/strong> , un site du patrimoine mondial.<\/p>\n<h2><span id=\"Carte_de_Hunedoara\">\nCarte de Hunedoara<\/span><\/h2>\n","protected":false},"excerpt":{"rendered":"<p>Hunedoara \u00e9tait une ville fortement industrialis\u00e9e, notamment dans l&#8217;industrie du fer et de l&#8217;acier, la production de bois et l&#8217;artisanat sp\u00e9cialis\u00e9 dans les textiles pour tapis, cuir et meubles. Pendant de nombreuses ann\u00e9es, l&#8217;extraction du fer et la transformation de l&#8217;acier ont assur\u00e9 la subsistance \u00e9conomique de Hunedoara, jusqu&#8217;\u00e0 ce que la crise du secteur &hellip;<\/p>\n<p class=\"read-more\"> <a class=\"\" href=\"https:\/\/roadtoromania.com\/fr\/villes-et-regions-de-roumanie\/hunedoara\/\"> <span class=\"screen-reader-text\">Hunedoara<\/span> Lire la suite \u00bb<\/a><\/p>\n","protected":false},"author":1,"featured_media":1250,"parent":3137,"menu_order":0,"comment_status":"open","ping_status":"open","template":"","meta":{"site-sidebar-layout":"default","site-content-layout":"default","ast-global-header-display":"","ast-main-header-display":"","ast-hfb-above-header-display":"","ast-hfb-below-header-display":"","ast-hfb-mobile-header-display":"","site-post-title":"","ast-breadcrumbs-content":"","ast-featured-img":"","footer-sml-layout":"","theme-transparent-header-meta":"","adv-header-id-meta":"","stick-header-meta":"","header-above-stick-meta":"","header-main-stick-meta":"","header-below-stick-meta":"","footnotes":""},"class_list":["post-3157","page","type-page","status-publish","has-post-thumbnail","hentry"],"yoast_head":"<!-- This site is optimized with the Yoast SEO plugin v19.10 - https:\/\/yoast.com\/wordpress\/plugins\/seo\/ -->\n<title>Hunedoara - Road to Romania<\/title>\n<meta name=\"robots\" content=\"index, follow, max-snippet:-1, max-image-preview:large, max-video-preview:-1\" \/>\n<link rel=\"canonical\" href=\"https:\/\/roadtoromania.com\/fr\/villes-et-regions-de-roumanie\/hunedoara\/\" \/>\n<meta property=\"og:locale\" content=\"fr_FR\" \/>\n<meta property=\"og:type\" content=\"article\" \/>\n<meta property=\"og:title\" content=\"Hunedoara - Road to Romania\" \/>\n<meta property=\"og:description\" content=\"Hunedoara \u00e9tait une ville fortement industrialis\u00e9e, notamment dans l&#8217;industrie du fer et de l&#8217;acier, la production de bois et l&#8217;artisanat sp\u00e9cialis\u00e9 dans les textiles pour tapis, cuir et meubles. Pendant de nombreuses ann\u00e9es, l&#8217;extraction du fer et la transformation de l&#8217;acier ont assur\u00e9 la subsistance \u00e9conomique de Hunedoara, jusqu&#8217;\u00e0 ce que la crise du secteur &hellip; Hunedoara Lire la suite \u00bb\" \/>\n<meta property=\"og:url\" content=\"https:\/\/roadtoromania.com\/fr\/villes-et-regions-de-roumanie\/hunedoara\/\" \/>\n<meta property=\"og:site_name\" content=\"Road to Romania\" \/>\n<meta property=\"article:modified_time\" content=\"2022-10-18T14:52:06+00:00\" \/>\n<meta property=\"og:image\" content=\"https:\/\/roadtoromania.com\/wp-content\/uploads\/2022\/10\/castillo_hunedoara_rumania-1.jpg\" \/>\n\t<meta property=\"og:image:width\" content=\"700\" \/>\n\t<meta property=\"og:image:height\" content=\"393\" \/>\n\t<meta property=\"og:image:type\" content=\"image\/jpeg\" \/>\n<meta name=\"twitter:card\" content=\"summary_large_image\" \/>\n<meta name=\"twitter:label1\" content=\"Dur\u00e9e de lecture estim\u00e9e\" \/>\n\t<meta name=\"twitter:data1\" content=\"2 minutes\" \/>\n<script type=\"application\/ld+json\" class=\"yoast-schema-graph\">{\"@context\":\"https:\/\/schema.org\",\"@graph\":[{\"@type\":\"WebPage\",\"@id\":\"https:\/\/roadtoromania.com\/fr\/villes-et-regions-de-roumanie\/hunedoara\/\",\"url\":\"https:\/\/roadtoromania.com\/fr\/villes-et-regions-de-roumanie\/hunedoara\/\",\"name\":\"Hunedoara - Road to Romania\",\"isPartOf\":{\"@id\":\"https:\/\/roadtoromania.com\/fr\/#website\"},\"datePublished\":\"2022-10-15T18:40:11+00:00\",\"dateModified\":\"2022-10-18T14:52:06+00:00\",\"breadcrumb\":{\"@id\":\"https:\/\/roadtoromania.com\/fr\/villes-et-regions-de-roumanie\/hunedoara\/#breadcrumb\"},\"inLanguage\":\"fr-FR\",\"potentialAction\":[{\"@type\":\"ReadAction\",\"target\":[\"https:\/\/roadtoromania.com\/fr\/villes-et-regions-de-roumanie\/hunedoara\/\"]}]},{\"@type\":\"BreadcrumbList\",\"@id\":\"https:\/\/roadtoromania.com\/fr\/villes-et-regions-de-roumanie\/hunedoara\/#breadcrumb\",\"itemListElement\":[{\"@type\":\"ListItem\",\"position\":1,\"name\":\"Home\",\"item\":\"https:\/\/roadtoromania.com\/fr\/\"},{\"@type\":\"ListItem\",\"position\":2,\"name\":\"Hunedoara\"}]},{\"@type\":\"WebSite\",\"@id\":\"https:\/\/roadtoromania.com\/fr\/#website\",\"url\":\"https:\/\/roadtoromania.com\/fr\/\",\"name\":\"Road to Romania\",\"description\":\"Le blog o\u00f9 vous trouverez toutes les informations dont vous avez besoin pour profiter de la Roumanie.\",\"potentialAction\":[{\"@type\":\"SearchAction\",\"target\":{\"@type\":\"EntryPoint\",\"urlTemplate\":\"https:\/\/roadtoromania.com\/fr\/?s={search_term_string}\"},\"query-input\":\"required name=search_term_string\"}],\"inLanguage\":\"fr-FR\"}]}<\/script>\n<!-- \/ Yoast SEO plugin. -->","yoast_head_json":{"title":"Hunedoara - Road to Romania","robots":{"index":"index","follow":"follow","max-snippet":"max-snippet:-1","max-image-preview":"max-image-preview:large","max-video-preview":"max-video-preview:-1"},"canonical":"https:\/\/roadtoromania.com\/fr\/villes-et-regions-de-roumanie\/hunedoara\/","og_locale":"fr_FR","og_type":"article","og_title":"Hunedoara - Road to Romania","og_description":"Hunedoara \u00e9tait une ville fortement industrialis\u00e9e, notamment dans l&#8217;industrie du fer et de l&#8217;acier, la production de bois et l&#8217;artisanat sp\u00e9cialis\u00e9 dans les textiles pour tapis, cuir et meubles. Pendant de nombreuses ann\u00e9es, l&#8217;extraction du fer et la transformation de l&#8217;acier ont assur\u00e9 la subsistance \u00e9conomique de Hunedoara, jusqu&#8217;\u00e0 ce que la crise du secteur &hellip; Hunedoara Lire la suite \u00bb","og_url":"https:\/\/roadtoromania.com\/fr\/villes-et-regions-de-roumanie\/hunedoara\/","og_site_name":"Road to Romania","article_modified_time":"2022-10-18T14:52:06+00:00","og_image":[{"width":700,"height":393,"url":"https:\/\/roadtoromania.com\/wp-content\/uploads\/2022\/10\/castillo_hunedoara_rumania-1.jpg","type":"image\/jpeg"}],"twitter_card":"summary_large_image","twitter_misc":{"Dur\u00e9e de lecture estim\u00e9e":"2 minutes"},"schema":{"@context":"https:\/\/schema.org","@graph":[{"@type":"WebPage","@id":"https:\/\/roadtoromania.com\/fr\/villes-et-regions-de-roumanie\/hunedoara\/","url":"https:\/\/roadtoromania.com\/fr\/villes-et-regions-de-roumanie\/hunedoara\/","name":"Hunedoara - Road to Romania","isPartOf":{"@id":"https:\/\/roadtoromania.com\/fr\/#website"},"datePublished":"2022-10-15T18:40:11+00:00","dateModified":"2022-10-18T14:52:06+00:00","breadcrumb":{"@id":"https:\/\/roadtoromania.com\/fr\/villes-et-regions-de-roumanie\/hunedoara\/#breadcrumb"},"inLanguage":"fr-FR","potentialAction":[{"@type":"ReadAction","target":["https:\/\/roadtoromania.com\/fr\/villes-et-regions-de-roumanie\/hunedoara\/"]}]},{"@type":"BreadcrumbList","@id":"https:\/\/roadtoromania.com\/fr\/villes-et-regions-de-roumanie\/hunedoara\/#breadcrumb","itemListElement":[{"@type":"ListItem","position":1,"name":"Home","item":"https:\/\/roadtoromania.com\/fr\/"},{"@type":"ListItem","position":2,"name":"Hunedoara"}]},{"@type":"WebSite","@id":"https:\/\/roadtoromania.com\/fr\/#website","url":"https:\/\/roadtoromania.com\/fr\/","name":"Road to Romania","description":"Le blog o\u00f9 vous trouverez toutes les informations dont vous avez besoin pour profiter de la Roumanie.","potentialAction":[{"@type":"SearchAction","target":{"@type":"EntryPoint","urlTemplate":"https:\/\/roadtoromania.com\/fr\/?s={search_term_string}"},"query-input":"required name=search_term_string"}],"inLanguage":"fr-FR"}]}},"_links":{"self":[{"href":"https:\/\/roadtoromania.com\/fr\/wp-json\/wp\/v2\/pages\/3157","targetHints":{"allow":["GET"]}}],"collection":[{"href":"https:\/\/roadtoromania.com\/fr\/wp-json\/wp\/v2\/pages"}],"about":[{"href":"https:\/\/roadtoromania.com\/fr\/wp-json\/wp\/v2\/types\/page"}],"author":[{"embeddable":true,"href":"https:\/\/roadtoromania.com\/fr\/wp-json\/wp\/v2\/users\/1"}],"replies":[{"embeddable":true,"href":"https:\/\/roadtoromania.com\/fr\/wp-json\/wp\/v2\/comments?post=3157"}],"version-history":[{"count":0,"href":"https:\/\/roadtoromania.com\/fr\/wp-json\/wp\/v2\/pages\/3157\/revisions"}],"up":[{"embeddable":true,"href":"https:\/\/roadtoromania.com\/fr\/wp-json\/wp\/v2\/pages\/3137"}],"wp:featuredmedia":[{"embeddable":true,"href":"https:\/\/roadtoromania.com\/fr\/wp-json\/wp\/v2\/media\/1250"}],"wp:attachment":[{"href":"https:\/\/roadtoromania.com\/fr\/wp-json\/wp\/v2\/media?parent=3157"}],"curies":[{"name":"wp","href":"https:\/\/api.w.org\/{rel}","templated":true}]}}