{"id":3158,"date":"2022-10-15T18:40:11","date_gmt":"2022-10-15T18:40:11","guid":{"rendered":"https:\/\/roadtoromania.com\/iasi\/"},"modified":"2022-10-18T14:52:06","modified_gmt":"2022-10-18T14:52:06","slug":"iasi","status":"publish","type":"page","link":"https:\/\/roadtoromania.com\/fr\/villes-et-regions-de-roumanie\/iasi\/","title":{"rendered":"Iasi"},"content":{"rendered":"<p><a href=\"https:\/\/roadtoromania.com\/wp-content\/uploads\/2022\/10\/iasi-rumania-ciudades.jpg\"><img decoding=\"async\" src=\"https:\/\/roadtoromania.com\/wp-content\/uploads\/2022\/10\/iasi-rumania-ciudades.jpg\" \/><\/a> Le th\u00e9\u00e2tre national de Iasi et les parcs environnants. Photo par liormania.<\/p>\n<p>\nLa ville de Iasi est la capitale de la r\u00e9gion de Moldavie \/ Moldova ou <a href=\"https:\/\/roadtoromania.com\/fr\/monuments-de-la-roumanie-que-voir-en-roumanie\/moldavie-roumain\/\">Moldavie roumaine<\/a> , \u00e0 ne pas confondre avec le pays voisin \u00e9galement appel\u00e9 Moldavie. En fait, en visitant Iasi, il est possible de passer la fronti\u00e8re avec la Moldavie voisine \u00e0 moins de 10 km. <strong>La rivi\u00e8re Prut<\/strong> , un affluent majeur du Danube (950 km), marque la fronti\u00e8re entre cette r\u00e9gion de Roumanie et la Moldavie.<\/p>\n<p>\nIasi est la deuxi\u00e8me ville la plus peupl\u00e9e de Roumanie, apr\u00e8s <a href=\"https:\/\/roadtoromania.com\/fr\/villes-et-regions-de-roumanie\/bucarest\/\">Bucarest<\/a> , avec 330 000 habitants dans la municipalit\u00e9 et plus de 825 000 dans son district.<\/p>\n<p>\nMalgr\u00e9 sa situation excentrique actuelle, Iasi est un symbole de l&#8217;\u00c9tat roumain. Elle \u00e9tait la capitale des anciennes principaut\u00e9s de Valachie et de Moldavie et, pendant la Premi\u00e8re Guerre mondiale, elle a \u00e9t\u00e9 la capitale de la Roumanie (entre 1916 et 18) apr\u00e8s l&#8217;occupation austro-hongroise. La premi\u00e8re universit\u00e9 de Roumanie a \u00e9t\u00e9 fond\u00e9e \u00e0 Iasi, qui est aujourd&#8217;hui un centre culturel, universitaire et industriel <\/p>\n<p>.<br \/>\n Que voir \u00e0 Iasi<\/strong> <\/h2>\n<p><a href=\"https:\/\/roadtoromania.com\/wp-content\/uploads\/2022\/10\/iasi-rumania-monumentos.jpg\"><img decoding=\"async\" src=\"https:\/\/roadtoromania.com\/wp-content\/uploads\/2022\/10\/iasi-rumania-monumentos.jpg\" \/><\/a> Le Palais national abrite plusieurs mus\u00e9es avec des \u0153uvres de grande qualit\u00e9. Photo par liormania.<\/p>\n<p>\nLa culture et l&#8217;histoire abondent \u00e0 Iasi. C&#8217;est pourquoi ses monuments sont tr\u00e8s grandioses et tr\u00e8s beaux. Les principaux sont <strong>le th\u00e9\u00e2tre national<\/strong> , <strong>le jardin botanique<\/strong> et <strong>la biblioth\u00e8que universitaire centrale<\/strong> , les trois plus anciens du pays. Nous soulignons \u00e9galement pour son architecture et sa magnificence <strong>le Palais de la Culture<\/strong> , <strong>l&#8217;Op\u00e9ra<\/strong> , le <strong>Palais Roznoveanu<\/strong> le si\u00e8ge de la Mairie et les diff\u00e9rentes \u00e9glises et monast\u00e8res de Iasi.<\/p>\n<p> Le Palais de la Culture<\/strong> <\/h3>\n<p>\nSitu\u00e9e au centre de la ville, la place du Palais abrite plusieurs mus\u00e9es : <strong>le Mus\u00e9e des Beaux-Arts, le Mus\u00e9e d&#8217;Histoire, le Mus\u00e9e d&#8217;Ethnographie et le Mus\u00e9e des Sciences Naturelles et de la Technologie<\/strong> .<\/p>\n<p>\nUne visite du Palais et des mus\u00e9es peut \u00eatre tr\u00e8s int\u00e9ressante, tant l&#8217;architecture que les \u0153uvres d&#8217;art sont tr\u00e8s int\u00e9ressantes.Outre une importante collection d&#8217;art roumain, la collection comprend des peintures de <strong>Caravaggio, Paolo Veronese<\/strong> , Pietro Liberi, Carlo Dolci, Salvator Rosa, Francesco Solimena, <strong>Murillo, Van Dyck<\/strong> , Van der Helst et <strong>Nicolas Poussin<\/strong> .<\/p>\n<p>\nParmi les \u00e9difices religieux, on trouve la cath\u00e9drale m\u00e9tropolitaine <strong>, une immense \u00e9glise orthodoxe au plan carr\u00e9, dont les quatre tours se dressent aux angles du b\u00e2timent de style n\u00e9o-Renaissance. Sa construction a pris beaucoup de temps puisqu&#8217;elle a commenc\u00e9 en 1833 mais n&#8217;a \u00e9t\u00e9 inaugur\u00e9e qu&#8217;en 1887. Il y a \u00e9galement des \u00e9glises catholiques et des synagogues <\/p>\n<p>.<\/p>\n<p>\nUn autre b\u00e2timent de grand int\u00e9r\u00eat est <strong>le monast\u00e8re de Golia et sa tour<\/strong> , les restes des murs qui le prot\u00e9geaient. Sa construction remonte au XVIe si\u00e8cle.<\/p>\n<p>\nUn lieu charg\u00e9 d&#8217;histoire, cin\u00e9matographique dans ce cas, est <strong>l&#8217;H\u00f4tel Traian<\/strong> , construit dans le style n\u00e9oclassique qui abonde \u00e0 Iasi. L&#8217;architecte \u00e9tait G. Franeau, un ing\u00e9nieur fran\u00e7ais qui a travaill\u00e9 pour Eiffel. Il s&#8217;agit de l&#8217;un des premiers h\u00f4tels \u00e0 ossature m\u00e9tallique en Europe. Un lieu charmant, ses halls et ses salles cachent de nombreuses histoires de diplomates et d&#8217;actrices. Greta Garbo<\/strong> , pas moins, a s\u00e9journ\u00e9 au Traian lorsqu&#8217;elle a v\u00e9cu une intense histoire d&#8217;amour avec l&#8217;acteur John Gilbert. L&#8217;h\u00f4tel est situ\u00e9 sur la place Unirii, \u00e0 c\u00f4t\u00e9 de la statue de Ion Cuza.<\/p>\n<p> Le quartier de Ticau<\/strong> <\/h3>\n<p>\nUn quartier de la ville plein de vieux b\u00e2timents qui s&#8217;\u00e9tend sur la colline surplombant Iasi. Rues pi\u00e9tonnes \u00e9troites, boutiques et bars, animations en soir\u00e9e. A ne pas manquer.<\/p>\n<p> Parcs et jardins<\/strong> <\/h3>\n<p>\nOutre le jardin botanique, le plus ancien de Roumanie (1856), il convient de visiter le parc Copou (Parcul), lieu de pr\u00e9dilection des romantiques roumains depuis le XVIIIe si\u00e8cle, devenu parc public en 1860.<\/p>\n<p>\nDans les environs de Iasi il ya plusieurs <strong>monast\u00e8res<\/strong> situ\u00e9 dans les collines de la <strong>Niculina district<\/strong> , ce sont les monast\u00e8res de <strong>Cetatuia, Galata<\/strong> et <strong>Frumoasa<\/strong> , construit entre le 16\u00e8me et 17\u00e8me si\u00e8cle.<\/p>\n<p>\n<a href=\"https:\/\/roadtoromania.com\/fr\/nature-de-la-roumanie\/gorges-de-la-bicaz\/\">Les gorges de la Bicaz<\/a> sont situ\u00e9es \u00e0 160 km \u00e0 l&#8217;ouest de Iasi, \u00e0 mi-chemin entre Iasi et Targu-Mures.<\/p>\n<p><a href=\"https:\/\/roadtoromania.com\/wp-content\/uploads\/2022\/10\/rumania-iasi-moldavia.jpg\"><img decoding=\"async\" src=\"data:image\/gif;base64,R0lGODdhAQABAPAAAMPDwwAAACwAAAAAAQABAAACAkQBADs=\" \/><\/a> Un tramway dans les rues de Iasi. Photo par Liormania.<\/p>\n<p>\nComme le reste de la Roumanie, Iasi est une ville diversifi\u00e9e avec une vari\u00e9t\u00e9 de personnes, de croyances et d&#8217;origines diff\u00e9rentes. Cela donne \u00e0 la culture, la musique et la gastronomie un m\u00e9lange typique des Balkans.<\/p>\n<p> Comment se rendre \u00e0 Iasi<\/strong> <\/h2>\n<p>\nIl existe des vols<\/a> vers Brasov et Cluj depuis l&#8217;Espagne. De l\u00e0, vous devez louer une voiture et conduire environ 310 km de <a href=\"https:\/\/roadtoromania.com\/fr\/villes-et-regions-de-roumanie\/brasov\/\">Brasov<\/a> , ce qui prend environ 4,5 heures ; 390 km de <a href=\"https:\/\/roadtoromania.com\/fr\/villes-et-regions-de-roumanie\/cluj-napoca\/\">Cluj<\/a> , ce qui prend environ 6 heures. Les trajets en voiture sont longs mais nous permettent de voir d&#8217;autres endroits comme les Gorges de la Bicaz ou la ville de Targu-Mures.<\/p>\n<p> O\u00f9 dormir \u00e0 Iasi<\/strong> <\/h2>\n<p>\nLa Roumanie offre <a href=\"https:\/\/roadtoromania.com\/fr\/location-de-voitures-en-roumanie\/\">location de voitures<\/a> et <a href=\"https:\/\/roadtoromania.com\/fr\/hebergement-en-roumanie\/\">h\u00e9bergement en h\u00f4tel<\/a> \u00e0 Iasi<\/p>\n<\/p>\n<p>\n<a href=\"https:\/\/roadtoromania.com\/fr\/cartes-de-la-roumanie\/carte-plan-des-rues-et-repertoire-des-rues-de-iasi\/\">Carte et plan des rues de Iasi<\/a> <\/p><\/p>\n","protected":false},"excerpt":{"rendered":"<p>Le th\u00e9\u00e2tre national de Iasi et les parcs environnants. Photo par liormania. La ville de Iasi est la capitale de la r\u00e9gion de Moldavie \/ Moldova ou Moldavie roumaine , \u00e0 ne pas confondre avec le pays voisin \u00e9galement appel\u00e9 Moldavie. En fait, en visitant Iasi, il est possible de passer la fronti\u00e8re avec la &hellip;<\/p>\n<p class=\"read-more\"> <a class=\"\" href=\"https:\/\/roadtoromania.com\/fr\/villes-et-regions-de-roumanie\/iasi\/\"> <span class=\"screen-reader-text\">Iasi<\/span> Lire la suite \u00bb<\/a><\/p>\n","protected":false},"author":1,"featured_media":1264,"parent":3137,"menu_order":0,"comment_status":"open","ping_status":"open","template":"","meta":{"site-sidebar-layout":"default","site-content-layout":"default","ast-global-header-display":"","ast-main-header-display":"","ast-hfb-above-header-display":"","ast-hfb-below-header-display":"","ast-hfb-mobile-header-display":"","site-post-title":"","ast-breadcrumbs-content":"","ast-featured-img":"","footer-sml-layout":"","theme-transparent-header-meta":"","adv-header-id-meta":"","stick-header-meta":"","header-above-stick-meta":"","header-main-stick-meta":"","header-below-stick-meta":"","footnotes":""},"class_list":["post-3158","page","type-page","status-publish","has-post-thumbnail","hentry"],"yoast_head":"<!-- This site is optimized with the Yoast SEO plugin v19.10 - https:\/\/yoast.com\/wordpress\/plugins\/seo\/ -->\n<title>Iasi - Road to Romania<\/title>\n<meta name=\"robots\" content=\"index, follow, max-snippet:-1, max-image-preview:large, max-video-preview:-1\" \/>\n<link rel=\"canonical\" href=\"https:\/\/roadtoromania.com\/fr\/villes-et-regions-de-roumanie\/iasi\/\" \/>\n<meta property=\"og:locale\" content=\"fr_FR\" \/>\n<meta property=\"og:type\" content=\"article\" \/>\n<meta property=\"og:title\" content=\"Iasi - Road to Romania\" \/>\n<meta property=\"og:description\" content=\"Le th\u00e9\u00e2tre national de Iasi et les parcs environnants. Photo par liormania. La ville de Iasi est la capitale de la r\u00e9gion de Moldavie \/ Moldova ou Moldavie roumaine , \u00e0 ne pas confondre avec le pays voisin \u00e9galement appel\u00e9 Moldavie. En fait, en visitant Iasi, il est possible de passer la fronti\u00e8re avec la &hellip; Iasi Lire la suite \u00bb\" \/>\n<meta property=\"og:url\" content=\"https:\/\/roadtoromania.com\/fr\/villes-et-regions-de-roumanie\/iasi\/\" \/>\n<meta property=\"og:site_name\" content=\"Road to Romania\" \/>\n<meta property=\"article:modified_time\" content=\"2022-10-18T14:52:06+00:00\" \/>\n<meta property=\"og:image\" content=\"https:\/\/roadtoromania.com\/wp-content\/uploads\/2022\/10\/iasi-rumania-ciudades-1.jpg\" \/>\n\t<meta property=\"og:image:width\" content=\"638\" \/>\n\t<meta property=\"og:image:height\" content=\"425\" \/>\n\t<meta property=\"og:image:type\" content=\"image\/jpeg\" \/>\n<meta name=\"twitter:card\" content=\"summary_large_image\" \/>\n<meta name=\"twitter:label1\" content=\"Dur\u00e9e de lecture estim\u00e9e\" \/>\n\t<meta name=\"twitter:data1\" content=\"4 minutes\" \/>\n<script type=\"application\/ld+json\" class=\"yoast-schema-graph\">{\"@context\":\"https:\/\/schema.org\",\"@graph\":[{\"@type\":\"WebPage\",\"@id\":\"https:\/\/roadtoromania.com\/fr\/villes-et-regions-de-roumanie\/iasi\/\",\"url\":\"https:\/\/roadtoromania.com\/fr\/villes-et-regions-de-roumanie\/iasi\/\",\"name\":\"Iasi - Road to Romania\",\"isPartOf\":{\"@id\":\"https:\/\/roadtoromania.com\/fr\/#website\"},\"datePublished\":\"2022-10-15T18:40:11+00:00\",\"dateModified\":\"2022-10-18T14:52:06+00:00\",\"breadcrumb\":{\"@id\":\"https:\/\/roadtoromania.com\/fr\/villes-et-regions-de-roumanie\/iasi\/#breadcrumb\"},\"inLanguage\":\"fr-FR\",\"potentialAction\":[{\"@type\":\"ReadAction\",\"target\":[\"https:\/\/roadtoromania.com\/fr\/villes-et-regions-de-roumanie\/iasi\/\"]}]},{\"@type\":\"BreadcrumbList\",\"@id\":\"https:\/\/roadtoromania.com\/fr\/villes-et-regions-de-roumanie\/iasi\/#breadcrumb\",\"itemListElement\":[{\"@type\":\"ListItem\",\"position\":1,\"name\":\"Home\",\"item\":\"https:\/\/roadtoromania.com\/fr\/\"},{\"@type\":\"ListItem\",\"position\":2,\"name\":\"Iasi\"}]},{\"@type\":\"WebSite\",\"@id\":\"https:\/\/roadtoromania.com\/fr\/#website\",\"url\":\"https:\/\/roadtoromania.com\/fr\/\",\"name\":\"Road to Romania\",\"description\":\"Le blog o\u00f9 vous trouverez toutes les informations dont vous avez besoin pour profiter de la Roumanie.\",\"potentialAction\":[{\"@type\":\"SearchAction\",\"target\":{\"@type\":\"EntryPoint\",\"urlTemplate\":\"https:\/\/roadtoromania.com\/fr\/?s={search_term_string}\"},\"query-input\":\"required name=search_term_string\"}],\"inLanguage\":\"fr-FR\"}]}<\/script>\n<!-- \/ Yoast SEO plugin. -->","yoast_head_json":{"title":"Iasi - Road to Romania","robots":{"index":"index","follow":"follow","max-snippet":"max-snippet:-1","max-image-preview":"max-image-preview:large","max-video-preview":"max-video-preview:-1"},"canonical":"https:\/\/roadtoromania.com\/fr\/villes-et-regions-de-roumanie\/iasi\/","og_locale":"fr_FR","og_type":"article","og_title":"Iasi - Road to Romania","og_description":"Le th\u00e9\u00e2tre national de Iasi et les parcs environnants. Photo par liormania. La ville de Iasi est la capitale de la r\u00e9gion de Moldavie \/ Moldova ou Moldavie roumaine , \u00e0 ne pas confondre avec le pays voisin \u00e9galement appel\u00e9 Moldavie. En fait, en visitant Iasi, il est possible de passer la fronti\u00e8re avec la &hellip; Iasi Lire la suite \u00bb","og_url":"https:\/\/roadtoromania.com\/fr\/villes-et-regions-de-roumanie\/iasi\/","og_site_name":"Road to Romania","article_modified_time":"2022-10-18T14:52:06+00:00","og_image":[{"width":638,"height":425,"url":"https:\/\/roadtoromania.com\/wp-content\/uploads\/2022\/10\/iasi-rumania-ciudades-1.jpg","type":"image\/jpeg"}],"twitter_card":"summary_large_image","twitter_misc":{"Dur\u00e9e de lecture estim\u00e9e":"4 minutes"},"schema":{"@context":"https:\/\/schema.org","@graph":[{"@type":"WebPage","@id":"https:\/\/roadtoromania.com\/fr\/villes-et-regions-de-roumanie\/iasi\/","url":"https:\/\/roadtoromania.com\/fr\/villes-et-regions-de-roumanie\/iasi\/","name":"Iasi - Road to Romania","isPartOf":{"@id":"https:\/\/roadtoromania.com\/fr\/#website"},"datePublished":"2022-10-15T18:40:11+00:00","dateModified":"2022-10-18T14:52:06+00:00","breadcrumb":{"@id":"https:\/\/roadtoromania.com\/fr\/villes-et-regions-de-roumanie\/iasi\/#breadcrumb"},"inLanguage":"fr-FR","potentialAction":[{"@type":"ReadAction","target":["https:\/\/roadtoromania.com\/fr\/villes-et-regions-de-roumanie\/iasi\/"]}]},{"@type":"BreadcrumbList","@id":"https:\/\/roadtoromania.com\/fr\/villes-et-regions-de-roumanie\/iasi\/#breadcrumb","itemListElement":[{"@type":"ListItem","position":1,"name":"Home","item":"https:\/\/roadtoromania.com\/fr\/"},{"@type":"ListItem","position":2,"name":"Iasi"}]},{"@type":"WebSite","@id":"https:\/\/roadtoromania.com\/fr\/#website","url":"https:\/\/roadtoromania.com\/fr\/","name":"Road to Romania","description":"Le blog o\u00f9 vous trouverez toutes les informations dont vous avez besoin pour profiter de la Roumanie.","potentialAction":[{"@type":"SearchAction","target":{"@type":"EntryPoint","urlTemplate":"https:\/\/roadtoromania.com\/fr\/?s={search_term_string}"},"query-input":"required name=search_term_string"}],"inLanguage":"fr-FR"}]}},"_links":{"self":[{"href":"https:\/\/roadtoromania.com\/fr\/wp-json\/wp\/v2\/pages\/3158","targetHints":{"allow":["GET"]}}],"collection":[{"href":"https:\/\/roadtoromania.com\/fr\/wp-json\/wp\/v2\/pages"}],"about":[{"href":"https:\/\/roadtoromania.com\/fr\/wp-json\/wp\/v2\/types\/page"}],"author":[{"embeddable":true,"href":"https:\/\/roadtoromania.com\/fr\/wp-json\/wp\/v2\/users\/1"}],"replies":[{"embeddable":true,"href":"https:\/\/roadtoromania.com\/fr\/wp-json\/wp\/v2\/comments?post=3158"}],"version-history":[{"count":0,"href":"https:\/\/roadtoromania.com\/fr\/wp-json\/wp\/v2\/pages\/3158\/revisions"}],"up":[{"embeddable":true,"href":"https:\/\/roadtoromania.com\/fr\/wp-json\/wp\/v2\/pages\/3137"}],"wp:featuredmedia":[{"embeddable":true,"href":"https:\/\/roadtoromania.com\/fr\/wp-json\/wp\/v2\/media\/1264"}],"wp:attachment":[{"href":"https:\/\/roadtoromania.com\/fr\/wp-json\/wp\/v2\/media?parent=3158"}],"curies":[{"name":"wp","href":"https:\/\/api.w.org\/{rel}","templated":true}]}}