{"id":3160,"date":"2022-10-15T18:40:11","date_gmt":"2022-10-15T18:40:11","guid":{"rendered":"https:\/\/roadtoromania.com\/oradea\/"},"modified":"2022-10-18T14:52:06","modified_gmt":"2022-10-18T14:52:06","slug":"oradea","status":"publish","type":"page","link":"https:\/\/roadtoromania.com\/fr\/villes-et-regions-de-roumanie\/oradea\/","title":{"rendered":"Oradea"},"content":{"rendered":"<p> <strong>Oradea<\/strong> , dans l&#8217;ouest du pays, tr\u00e8s proche de la fronti\u00e8re avec la Hongrie voisine, est la capitale du d\u00e9partement de Bihor, et un important centre industriel pour la production de chaussures, de textiles et d&#8217;entreprises m\u00e9tallurgiques. Il n&#8217;est pas surprenant que l&#8217;emplacement strat\u00e9gique de la ville sur la route de Budapest ait \u00e9t\u00e9 un moteur de croissance pour la ville.<\/p>\n<p><a href=\"https:\/\/roadtoromania.com\/wp-content\/uploads\/2022\/10\/ayunatmiento_oradea.jpg\"><img decoding=\"async\" src=\"https:\/\/roadtoromania.com\/wp-content\/uploads\/2022\/10\/ayunatmiento_oradea.jpg\" \/><\/a> H\u00f4tel de ville d&#8217;Oradea<\/p>\n<p>\nCette force \u00e9conomique se refl\u00e8te dans l&#8217;urbanisme d&#8217;Oradea, avec des promenades paisibles dans les parcs, et l&#8217;architecture bien pr\u00e9serv\u00e9e des monuments et des b\u00e2timents importants. Ces derni\u00e8res ann\u00e9es, le tourisme a \u00e9galement augment\u00e9, ce qui confirme la beaut\u00e9 de l&#8217;architecture baroque d&#8217;Oradea.<\/p>\n<h2>\nHistoire d&#8217;Oradea<\/h2>\n<p>\nAu Moyen \u00c2ge, \u00e0 l&#8217;\u00e9poque o\u00f9 Oradea \u00e9tait sous domination hongroise, le roi Saint-Ladislas Ier de Hongrie a fond\u00e9 un monast\u00e8re qui \u00e9tait l&#8217;un des plus importants lieux de p\u00e8lerinage de toute l&#8217;Europe centrale.Au cours des si\u00e8cles, elle a chang\u00e9 de mains en raison de sa situation frontali\u00e8re, faisant partie de la Principaut\u00e9 de Transylvanie, de l&#8217;orbite turque ou de l&#8217;Empire des Habsbourg.<\/p>\n<p>\nL&#8217;universit\u00e9  , avec un grand nombre de facult\u00e9s et d&#8217;\u00e9tudiants Erasmus venant de toute l&#8217;Europe, a \u00e9galement contribu\u00e9 \u00e0 mettre Oradea sur la carte de la Roumanie.<\/p>\n<p>\nL&#8217;urbanisme baroque que nous voyons aujourd&#8217;hui est un h\u00e9ritage du travail de <strong>Franz Anton Hillebrandt<\/strong> , qui a con\u00e7u une nouvelle ville avec des influences baroques dans les b\u00e2timents administratifs et priv\u00e9s \u00e0 partir du milieu du 18\u00e8me si\u00e8cle.<\/p>\n<p>\nLe plus important est l&#8217;ancien <strong>palais \u00e9piscopal<\/strong> , le plus grand b\u00e2timent baroque du pays, que l&#8217;Autrichien Hillebrandt a copi\u00e9 d&#8217;apr\u00e8s le Belv\u00e9d\u00e8re de Vienne. Sa forme en U pr\u00e9sente une curiosit\u00e9 : 365 fen\u00eatres, une pour chaque jour de l&#8217;ann\u00e9e, avec plus de 120 pi\u00e8ces somptueusement d\u00e9cor\u00e9es de fresques, o\u00f9 l&#8217;imp\u00e9ratrice Marie-Th\u00e9r\u00e8se a pass\u00e9 la nuit lors de son voyage transylvanien. Elle abrite aujourd&#8217;hui l&#8217;impressionnant mus\u00e9e <strong>\u0162\u0103rii Cri\u015furilor<\/strong> (du nom des trois branches de la rivi\u00e8re qui traverse la ville), avec des sections sur l&#8217;histoire, l&#8217;art, les sciences naturelles et l&#8217;ethnographie, notamment une collection de milliers et de milliers d&#8217;\u0153ufs peints, l&#8217;une des traditions les plus caract\u00e9ristiques de l&#8217;Europe centrale et orientale.<\/p>\n<p><a href=\"https:\/\/roadtoromania.com\/wp-content\/uploads\/2022\/10\/museo_oradea.jpg\"><img decoding=\"async\" src=\"data:image\/gif;base64,R0lGODdhAQABAPAAAMPDwwAAACwAAAAAAQABAAACAkQBADs=\" \/><\/a> Mus\u00e9e \u0162\u0103rii Cri\u015furilor<\/p>\n<p>\nUn autre b\u00e2timent baroque est la cath\u00e9drale catholique romaine <strong>, la plus grande du pays, \u00e9rig\u00e9e dans la seconde moiti\u00e9 du XVIIIe si\u00e8cle, cette fois par l&#8217;architecte Giambattista Ricca, avec un ext\u00e9rieur en marbre qui n&#8217;a \u00e9pargn\u00e9 aucune ressource.<\/p>\n<p>\nNotre visite du centre ville nous m\u00e8ne \u00e0 la <strong>Citadelle<\/strong> , la zone autour de laquelle Oradea a \u00e9t\u00e9 form\u00e9e, construite au 11\u00e8me si\u00e8cle, et restructur\u00e9e au 18\u00e8me si\u00e8cle quand les architectes italiens ont am\u00e9lior\u00e9 sa fonctionnalit\u00e9. Il a \u00e9t\u00e9 d\u00e9truit par les Turcs en 1241.<\/p>\n<p><a href=\"https:\/\/roadtoromania.com\/wp-content\/uploads\/2022\/10\/reloj_oradea.jpg\"><img decoding=\"async\" src=\"data:image\/gif;base64,R0lGODdhAQABAPAAAMPDwwAAACwAAAAAAQABAAACAkQBADs=\" \/><\/a> D\u00e9tail de l&#8217;horloge lunaire de la Biserica ca Luna<\/p>\n<p>\nEn suivant l&#8217;itin\u00e9raire, nous arrivons \u00e0 la <strong>Biserica ca Luna<\/strong> (1784), l&#8217;\u00e9glise baroque et n\u00e9oclassique ordonn\u00e9e d&#8217;Oradea, avec son horloge montrant les phases lunaires sur un cadran gigantesque, un automatisme m\u00e9canique r\u00e9alis\u00e9 par les fr\u00e8res R\u00fcpper.<\/p>\n<p>\nSur le parcours de la ville, nous ne pouvons pas oublier le couloir des chanoines, le th\u00e9\u00e2tre d&#8217;\u00c9tat (1900), l&#8217;h\u00f4tel Vulturul Negru &#8211; un b\u00e2timent Lyberty\/moderniste de 1908 -, la maison de la culture ou les maisons-mus\u00e9es de certaines personnalit\u00e9s illustres d&#8217;Oradea comme Ady Endre ou Iosof Vulcan.<\/p>\n<p>\nPour la soir\u00e9e, nous vous recommandons le Palais de l&#8217;Aigle Noir, une galerie vitr\u00e9e dans le style de la Via Umberto \u00e0 Milan, avec des boutiques, des caf\u00e9s, des cin\u00e9mas et des bars o\u00f9 vous pourrez d\u00e9guster des bi\u00e8res roumaines.<\/p>\n<h2>\n <strong>Excursions depuis Oradea<\/strong> <\/h2>\n<p>\n\u00c0 environ 12 km d&#8217;Oradea, au sud, il vaut la peine de passer une journ\u00e9e au <strong>Baile Felix Thermal Spa<\/strong> , pour se d\u00e9tendre dans ses bains th\u00e9rapeutiques.<\/p>\n<h2>\n <strong>Comment se rendre \u00e0<\/strong> <strong>Oradea<\/strong> <\/h2>\n<p>\nAussi bien en avion avec des vols au d\u00e9part de Bucarest, qu&#8217;en train et en bus \u00e0 partir de diff\u00e9rentes villes de Roumanie, y compris le trajet en train de Budapest, la capitale hongroise, \u00e0 Cluj Napuca.<\/p>\n<p> Carte d&#8217;Oradea<\/strong> <\/h2>\n<p>\n<a href=\"https:\/\/roadtoromania.com\/wp-content\/uploads\/2022\/10\/mapa_turismo_oradea.jpg\"><img decoding=\"async\" src=\"data:image\/gif;base64,R0lGODdhAQABAPAAAMPDwwAAACwAAAAAAQABAAACAkQBADs=\" \/><\/a> <\/p>\n","protected":false},"excerpt":{"rendered":"<p>Oradea , dans l&#8217;ouest du pays, tr\u00e8s proche de la fronti\u00e8re avec la Hongrie voisine, est la capitale du d\u00e9partement de Bihor, et un important centre industriel pour la production de chaussures, de textiles et d&#8217;entreprises m\u00e9tallurgiques. Il n&#8217;est pas surprenant que l&#8217;emplacement strat\u00e9gique de la ville sur la route de Budapest ait \u00e9t\u00e9 un &hellip;<\/p>\n<p class=\"read-more\"> <a class=\"\" href=\"https:\/\/roadtoromania.com\/fr\/villes-et-regions-de-roumanie\/oradea\/\"> <span class=\"screen-reader-text\">Oradea<\/span> Lire la suite \u00bb<\/a><\/p>\n","protected":false},"author":1,"featured_media":1286,"parent":3137,"menu_order":0,"comment_status":"open","ping_status":"open","template":"","meta":{"site-sidebar-layout":"default","site-content-layout":"default","ast-global-header-display":"","ast-main-header-display":"","ast-hfb-above-header-display":"","ast-hfb-below-header-display":"","ast-hfb-mobile-header-display":"","site-post-title":"","ast-breadcrumbs-content":"","ast-featured-img":"","footer-sml-layout":"","theme-transparent-header-meta":"","adv-header-id-meta":"","stick-header-meta":"","header-above-stick-meta":"","header-main-stick-meta":"","header-below-stick-meta":"","footnotes":""},"class_list":["post-3160","page","type-page","status-publish","has-post-thumbnail","hentry"],"yoast_head":"<!-- This site is optimized with the Yoast SEO plugin v19.10 - https:\/\/yoast.com\/wordpress\/plugins\/seo\/ -->\n<title>Oradea - Road to Romania<\/title>\n<meta name=\"robots\" content=\"index, follow, max-snippet:-1, max-image-preview:large, max-video-preview:-1\" \/>\n<link rel=\"canonical\" href=\"https:\/\/roadtoromania.com\/fr\/villes-et-regions-de-roumanie\/oradea\/\" \/>\n<meta property=\"og:locale\" content=\"fr_FR\" \/>\n<meta property=\"og:type\" content=\"article\" \/>\n<meta property=\"og:title\" content=\"Oradea - Road to Romania\" \/>\n<meta property=\"og:description\" content=\"Oradea , dans l&#8217;ouest du pays, tr\u00e8s proche de la fronti\u00e8re avec la Hongrie voisine, est la capitale du d\u00e9partement de Bihor, et un important centre industriel pour la production de chaussures, de textiles et d&#8217;entreprises m\u00e9tallurgiques. Il n&#8217;est pas surprenant que l&#8217;emplacement strat\u00e9gique de la ville sur la route de Budapest ait \u00e9t\u00e9 un &hellip; Oradea Lire la suite \u00bb\" \/>\n<meta property=\"og:url\" content=\"https:\/\/roadtoromania.com\/fr\/villes-et-regions-de-roumanie\/oradea\/\" \/>\n<meta property=\"og:site_name\" content=\"Road to Romania\" \/>\n<meta property=\"article:modified_time\" content=\"2022-10-18T14:52:06+00:00\" \/>\n<meta property=\"og:image\" content=\"https:\/\/roadtoromania.com\/wp-content\/uploads\/2022\/10\/ayunatmiento_oradea-1.jpg\" \/>\n\t<meta property=\"og:image:width\" content=\"768\" \/>\n\t<meta property=\"og:image:height\" content=\"568\" \/>\n\t<meta property=\"og:image:type\" content=\"image\/jpeg\" \/>\n<meta name=\"twitter:card\" content=\"summary_large_image\" \/>\n<meta name=\"twitter:label1\" content=\"Dur\u00e9e de lecture estim\u00e9e\" \/>\n\t<meta name=\"twitter:data1\" content=\"4 minutes\" \/>\n<script type=\"application\/ld+json\" class=\"yoast-schema-graph\">{\"@context\":\"https:\/\/schema.org\",\"@graph\":[{\"@type\":\"WebPage\",\"@id\":\"https:\/\/roadtoromania.com\/fr\/villes-et-regions-de-roumanie\/oradea\/\",\"url\":\"https:\/\/roadtoromania.com\/fr\/villes-et-regions-de-roumanie\/oradea\/\",\"name\":\"Oradea - Road to Romania\",\"isPartOf\":{\"@id\":\"https:\/\/roadtoromania.com\/fr\/#website\"},\"datePublished\":\"2022-10-15T18:40:11+00:00\",\"dateModified\":\"2022-10-18T14:52:06+00:00\",\"breadcrumb\":{\"@id\":\"https:\/\/roadtoromania.com\/fr\/villes-et-regions-de-roumanie\/oradea\/#breadcrumb\"},\"inLanguage\":\"fr-FR\",\"potentialAction\":[{\"@type\":\"ReadAction\",\"target\":[\"https:\/\/roadtoromania.com\/fr\/villes-et-regions-de-roumanie\/oradea\/\"]}]},{\"@type\":\"BreadcrumbList\",\"@id\":\"https:\/\/roadtoromania.com\/fr\/villes-et-regions-de-roumanie\/oradea\/#breadcrumb\",\"itemListElement\":[{\"@type\":\"ListItem\",\"position\":1,\"name\":\"Home\",\"item\":\"https:\/\/roadtoromania.com\/fr\/\"},{\"@type\":\"ListItem\",\"position\":2,\"name\":\"Oradea\"}]},{\"@type\":\"WebSite\",\"@id\":\"https:\/\/roadtoromania.com\/fr\/#website\",\"url\":\"https:\/\/roadtoromania.com\/fr\/\",\"name\":\"Road to Romania\",\"description\":\"Le blog o\u00f9 vous trouverez toutes les informations dont vous avez besoin pour profiter de la Roumanie.\",\"potentialAction\":[{\"@type\":\"SearchAction\",\"target\":{\"@type\":\"EntryPoint\",\"urlTemplate\":\"https:\/\/roadtoromania.com\/fr\/?s={search_term_string}\"},\"query-input\":\"required name=search_term_string\"}],\"inLanguage\":\"fr-FR\"}]}<\/script>\n<!-- \/ Yoast SEO plugin. -->","yoast_head_json":{"title":"Oradea - Road to Romania","robots":{"index":"index","follow":"follow","max-snippet":"max-snippet:-1","max-image-preview":"max-image-preview:large","max-video-preview":"max-video-preview:-1"},"canonical":"https:\/\/roadtoromania.com\/fr\/villes-et-regions-de-roumanie\/oradea\/","og_locale":"fr_FR","og_type":"article","og_title":"Oradea - Road to Romania","og_description":"Oradea , dans l&#8217;ouest du pays, tr\u00e8s proche de la fronti\u00e8re avec la Hongrie voisine, est la capitale du d\u00e9partement de Bihor, et un important centre industriel pour la production de chaussures, de textiles et d&#8217;entreprises m\u00e9tallurgiques. Il n&#8217;est pas surprenant que l&#8217;emplacement strat\u00e9gique de la ville sur la route de Budapest ait \u00e9t\u00e9 un &hellip; Oradea Lire la suite \u00bb","og_url":"https:\/\/roadtoromania.com\/fr\/villes-et-regions-de-roumanie\/oradea\/","og_site_name":"Road to Romania","article_modified_time":"2022-10-18T14:52:06+00:00","og_image":[{"width":768,"height":568,"url":"https:\/\/roadtoromania.com\/wp-content\/uploads\/2022\/10\/ayunatmiento_oradea-1.jpg","type":"image\/jpeg"}],"twitter_card":"summary_large_image","twitter_misc":{"Dur\u00e9e de lecture estim\u00e9e":"4 minutes"},"schema":{"@context":"https:\/\/schema.org","@graph":[{"@type":"WebPage","@id":"https:\/\/roadtoromania.com\/fr\/villes-et-regions-de-roumanie\/oradea\/","url":"https:\/\/roadtoromania.com\/fr\/villes-et-regions-de-roumanie\/oradea\/","name":"Oradea - Road to Romania","isPartOf":{"@id":"https:\/\/roadtoromania.com\/fr\/#website"},"datePublished":"2022-10-15T18:40:11+00:00","dateModified":"2022-10-18T14:52:06+00:00","breadcrumb":{"@id":"https:\/\/roadtoromania.com\/fr\/villes-et-regions-de-roumanie\/oradea\/#breadcrumb"},"inLanguage":"fr-FR","potentialAction":[{"@type":"ReadAction","target":["https:\/\/roadtoromania.com\/fr\/villes-et-regions-de-roumanie\/oradea\/"]}]},{"@type":"BreadcrumbList","@id":"https:\/\/roadtoromania.com\/fr\/villes-et-regions-de-roumanie\/oradea\/#breadcrumb","itemListElement":[{"@type":"ListItem","position":1,"name":"Home","item":"https:\/\/roadtoromania.com\/fr\/"},{"@type":"ListItem","position":2,"name":"Oradea"}]},{"@type":"WebSite","@id":"https:\/\/roadtoromania.com\/fr\/#website","url":"https:\/\/roadtoromania.com\/fr\/","name":"Road to Romania","description":"Le blog o\u00f9 vous trouverez toutes les informations dont vous avez besoin pour profiter de la Roumanie.","potentialAction":[{"@type":"SearchAction","target":{"@type":"EntryPoint","urlTemplate":"https:\/\/roadtoromania.com\/fr\/?s={search_term_string}"},"query-input":"required name=search_term_string"}],"inLanguage":"fr-FR"}]}},"_links":{"self":[{"href":"https:\/\/roadtoromania.com\/fr\/wp-json\/wp\/v2\/pages\/3160","targetHints":{"allow":["GET"]}}],"collection":[{"href":"https:\/\/roadtoromania.com\/fr\/wp-json\/wp\/v2\/pages"}],"about":[{"href":"https:\/\/roadtoromania.com\/fr\/wp-json\/wp\/v2\/types\/page"}],"author":[{"embeddable":true,"href":"https:\/\/roadtoromania.com\/fr\/wp-json\/wp\/v2\/users\/1"}],"replies":[{"embeddable":true,"href":"https:\/\/roadtoromania.com\/fr\/wp-json\/wp\/v2\/comments?post=3160"}],"version-history":[{"count":0,"href":"https:\/\/roadtoromania.com\/fr\/wp-json\/wp\/v2\/pages\/3160\/revisions"}],"up":[{"embeddable":true,"href":"https:\/\/roadtoromania.com\/fr\/wp-json\/wp\/v2\/pages\/3137"}],"wp:featuredmedia":[{"embeddable":true,"href":"https:\/\/roadtoromania.com\/fr\/wp-json\/wp\/v2\/media\/1286"}],"wp:attachment":[{"href":"https:\/\/roadtoromania.com\/fr\/wp-json\/wp\/v2\/media?parent=3160"}],"curies":[{"name":"wp","href":"https:\/\/api.w.org\/{rel}","templated":true}]}}