{"id":3166,"date":"2022-10-15T18:40:14","date_gmt":"2022-10-15T18:40:14","guid":{"rendered":"https:\/\/roadtoromania.com\/sighisoara\/"},"modified":"2022-10-18T14:52:14","modified_gmt":"2022-10-18T14:52:14","slug":"sighisoara","status":"publish","type":"page","link":"https:\/\/roadtoromania.com\/fr\/villes-et-regions-de-roumanie\/sighisoara\/","title":{"rendered":"Sighisoara"},"content":{"rendered":"<p><img decoding=\"async\" src=\"https:\/\/roadtoromania.com\/wp-content\/uploads\/2022\/10\/sighisoara-rumania-ciudades.jpg\" \/>Rues \u00e9troites dans le centre de Sighisoara. Comme dans une grande partie de l&#8217;Europe centrale, les maisons sont peintes de couleurs vives. Photo par Gepl.<\/p>\n<p>\n\u00a0<\/p>\n<div id=\"toc_container\" class=\"no_bullets\"><p class=\"toc_title\">Contents<\/p><ul class=\"toc_list\"><li><a href=\"#Histoire_de_Sighisoara\"><span class=\"toc_number toc_depth_1\">1<\/span> \n Histoire de Sighisoara <\/a><\/li><li><a href=\"#Comment_se_rendre_a_Sighisoara\"><span class=\"toc_number toc_depth_1\">2<\/span> \n Comment se rendre \u00e0 Sighisoara <\/a><ul><li><a href=\"#Citadelle_de_Sighisoara_Cetatea_Sighisoarei\"><span class=\"toc_number toc_depth_2\">2.1<\/span> \n Citadelle de Sighisoara (Cetatea Sighisoarei) .<\/a><\/li><li><a href=\"#Tour_Cositorilor\"><span class=\"toc_number toc_depth_2\">2.2<\/span> \n Tour Cositorilor <\/a><\/li><li><a href=\"#Casa_Dracula\"><span class=\"toc_number toc_depth_2\">2.3<\/span> \n Casa Dracula <\/a><\/li><li><a href=\"#Casa_Venetiana_Maison_venitienne\"><span class=\"toc_number toc_depth_2\">2.4<\/span> \n Casa Venetiana (Maison v\u00e9nitienne) <\/a><\/li><li><a href=\"#Musee_d8217histoire_Muzeul_de_Istorie\"><span class=\"toc_number toc_depth_2\">2.5<\/span> \n Mus\u00e9e d&#8217;histoire (Muzeul de Istorie)<\/a><\/li><li><a href=\"#Musee_des_armes_Colectia_de_Arme_Medievale\"><span class=\"toc_number toc_depth_2\">2.6<\/span> \n Mus\u00e9e des armes (Colectia de Arme Medievale)<\/a><\/li><\/ul><\/li><li><a href=\"#Itineraires_a_proximite_de_Sighisoara\"><span class=\"toc_number toc_depth_1\">3<\/span> \n Itin\u00e9raires \u00e0 proximit\u00e9 de Sighisoara <\/a><\/li><li><a href=\"#Carte_de_Sighisoara\"><span class=\"toc_number toc_depth_1\">4<\/span> \nCarte de Sighisoara<\/a><\/li><\/ul><\/div>\n<h2><span id=\"Histoire_de_Sighisoara\">\n <strong>Histoire de Sighisoara<\/strong> <\/span><\/h2>\n<p>\nSighisoara est une autre des villes fond\u00e9es au 12e si\u00e8cle par les Saxons venus d&#8217;Allemagne au cours du Haut Moyen \u00c2ge. Aujourd&#8217;hui, gr\u00e2ce \u00e0 son excellente conservation, Sighisoara est l&#8217;une des villes m\u00e9di\u00e9vales les mieux pr\u00e9serv\u00e9es d&#8217;Europe, ce qui a conduit l&#8217;UNESCO en 1999 \u00e0 ajouter la ville \u00e0 sa liste du patrimoine mondial .<\/p>\n<p>\nLes Saxons ont construit la ville sur les vestiges d&#8217;un fort romain, le Castrum Sex. Outre <strong>sa vieille ville<\/strong> , pleine de maisons m\u00e9di\u00e9vales, de tours, de vestiges de murs et d&#8217;\u00e9glises, Sighisoara est c\u00e9l\u00e8bre pour \u00eatre <strong>le lieu de naissance de Vlad Dracula<\/strong> , (Vlad Tepes) souverain de la Valachie entre 1456 et 1462, connu pour sa terrible violence et pour \u00eatre \u00e0 la base du mythe de Dracula.<\/p>\n<p>\nAu cours des 14e et 15e si\u00e8cles, Sighisoara s&#8217;est d\u00e9velopp\u00e9e \u00e9conomiquement comme les autres villes de la r\u00e9gion. Sa situation dans une zone frontali\u00e8re entre le monde europ\u00e9en de la Renaissance et l&#8217;Orient a favoris\u00e9 le commerce et la mobilit\u00e9. La ville est un exemple des <strong>villes bourgeoises d&#8217;Europe centrale et orientale<\/strong> . Outre le commerce, la situation frontali\u00e8re fait de la guerre et des conflits l&#8217;autre \u00e9l\u00e9ment cl\u00e9 de la r\u00e9gion. D&#8217;o\u00f9 la profusion de monuments d\u00e9fensifs et militaires.<\/p>\n<p>\nSighisoara n&#8217;\u00e9tait ni la plus riche ni la plus grande des sept villes saxonnes de l&#8217;actuelle Roumanie, mais elle \u00e9tait la plus populaire et la plus connue. Ses rues, toujours anim\u00e9es aujourd&#8217;hui, et ses monuments t\u00e9moignent de ce pass\u00e9.<\/p>\n<p>\nLes autres villes saxonnes sont <a href=\"https:\/\/roadtoromania.com\/fr\/villes-et-regions-de-roumanie\/cluj-napoca\/\">Cluj<\/a> (Klausenburg), <strong>Bistrita<\/strong> (Bistritz), <strong>Sebes<\/strong> (M\u00fchlbach), <a href=\"https:\/\/roadtoromania.com\/fr\/villes-et-regions-de-roumanie\/brasov\/\">Brasov<\/a> (Kronstadt), <strong>Medias<\/strong> (Mediasch) et <a href=\"https:\/\/roadtoromania.com\/fr\/villes-et-regions-de-roumanie\/sibiu\/\">Sibiu<\/a> (Hermannstadt).<\/p>\n<h2><span id=\"Comment_se_rendre_a_Sighisoara\">\n <strong>Comment se rendre \u00e0 Sighisoara<\/strong> <\/span><\/h2>\n<p>\nSighisoara est situ\u00e9e au milieu de la <a href=\"https:\/\/roadtoromania.com\/fr\/villes-et-regions-de-roumanie\/transylvanie\/\">Transylvanie<\/a> , tr\u00e8s pr\u00e8s du centre de l&#8217;arc des Carpates qui englobe les r\u00e9gions de <strong><a href=\"https:\/\/roadtoromania.com\/fr\/monuments-de-la-roumanie-que-voir-en-roumanie\/moldavie-roumain\/\">Moldavie<\/a> <\/strong><\/strong> et de <strong>Valachie.<\/strong> Sighisoara est pratiquement \u00e9quidistante de Brasov, Sibiu et Targu Mures, \u00e9tant situ\u00e9e \u00e0 l&#8217;int\u00e9rieur du triangle form\u00e9 par ces villes.<\/p>\n<p>\nLa voiture peut \u00eatre un bon moyen de transport si vous aimez voir les paysages et d\u00e9couvrir des endroits hors des sentiers battus, les distances ne sont pas longues si vous vous limitez \u00e0 la Transylvanie, ou si vous aimez conduire. De Sibiu, c&#8217;est 96 km (1h 30) ; de Brasov 114 km (1h 30) ; de Targu Mures 55 km (51 m).<\/p>\n<p>\nL&#8217;a\u00e9roport le plus proche est celui de Brasov, suivi de Cluj et de Bucarest. Vous pouvez arriver en train depuis la capitale, Cluj ou Brasov, si vous arrivez en avion, ou depuis les principales villes si vous traversez la Roumanie en train.<\/p>\n<p> Que voir \u00e0 Sighisoara<\/strong> <\/h2>\n<h3><span id=\"Citadelle_de_Sighisoara_Cetatea_Sighisoarei\">\n <strong>Citadelle de Sighisoara (Cetatea Sighisoarei)<\/strong> .<\/span><\/h3>\n<p>.<br \/>\n<img decoding=\"async\" src=\"data:image\/gif;base64,R0lGODdhAQABAPAAAMPDwwAAACwAAAAAAQABAAACAkQBADs=\" \/>Vieille ville de Sighisoara avec la tour de l&#8217;horloge en arri\u00e8re-plan. Photo par Gepi<\/p>\n<p>.<br \/>\nLe caract\u00e8re d\u00e9fensif et militaire de Sighisoara se manifeste par l&#8217;importance de son architecture. Des murs, des tours et des bastions ont \u00e9t\u00e9 construits entre le 14e et le 16e si\u00e8cle par les Saxons et les Hongrois.Neuf des quatorze tours sont encore debout, et deux des cinq bastions d&#8217;artillerie sont encore debout. L&#8217;ensemble du complexe est class\u00e9 au patrimoine mondial de l&#8217;UNESCO.<\/p>\n<h3><span id=\"Tour_Cositorilor\">\n <strong>Tour Cositorilor<\/strong> <\/span><\/h3>\n<p>\n <strong>La tour Cositorilor<\/strong> montre encore les impacts du si\u00e8ge turc de 1704. D&#8217;autres tours remarquables sont la <strong>Tour des forgerons<\/strong> (Turnul Fierarilor), la Tour des bouchers (Turnul Macelarilor), la <strong>Tour des teinturiers<\/strong> ou la <strong>Tour des tailleurs<\/strong> , ou <strong>la grande Tour de l&#8217;horloge<\/strong> . Les tours portent le nom des m\u00e9tiers, car ce sont les guildes qui les d\u00e9fendaient et qui payaient pour leur entretien, la tour et la milice et leurs armes <\/p>\n<p>.<br \/>\n Place de la Citadelle<\/strong> <\/h3>\n<p>\nLe centre de la forteresse est occup\u00e9 <strong>par la place de la Citadelle<\/strong> (Piata Cetatii), la plus grande et la plus importante. Les guildes les plus importantes et les plus puissantes, telles que les guildes des orf\u00e8vres et des charpentiers, \u00e9taient situ\u00e9es autour d&#8217;elle. Mais la citadelle poss\u00e8de d&#8217;autres petites places o\u00f9 se tenaient autrefois des march\u00e9s et o\u00f9 l&#8217;on trouve aujourd&#8217;hui de nombreux bars, boutiques et magasins de souvenirs. Sans oublier les boutiques d&#8217;artisans, qui vivent toujours dans le quartier, comme au Moyen \u00c2ge.<\/p>\n<p> Tour de l&#8217;horloge<\/strong> <\/h3>\n<p>\nUne mention sp\u00e9ciale <strong>doit \u00eatre faite de la Tour de l&#8217;horloge<\/strong> (Turnul cu Ceas) sur la Piata Cetatii elle-m\u00eame, l&#8217;un des monuments les plus connus et les plus visit\u00e9s de la ville, \u00e9galement connu sous le nom de Tour de l&#8217;h\u00f4tel de ville. Il a \u00e9t\u00e9 construit au 14e si\u00e8cle et agrandi au 16e si\u00e8cle. La visite est payante. L&#8217;horloge du 17\u00e8me si\u00e8cle est une v\u00e9ritable attraction avec ses figures, caract\u00e9ristiques des horloges d&#8217;Europe centrale. Du sommet, on peut voir les toits de Sighisoara, ce qui donne l&#8217;impression que le temps n&#8217;a pas pass\u00e9.<\/p>\n<p>\nSur <strong>la place de la Citadelle<\/strong> , nous trouvons \u00e9galement <strong>l&#8217;\u00e9glise et le monast\u00e8re dominicain<\/strong> (Biserica Manastirii Dominicane) L&#8217;\u00e9glise luth\u00e9rienne de style gothique roman a \u00e9t\u00e9 construite au 13\u00e8me si\u00e8cle, mais a \u00e9t\u00e9 restaur\u00e9e au 15\u00e8me et 16\u00e8me si\u00e8cle apr\u00e8s de grands incendies.<\/p>\n<p><img decoding=\"async\" src=\"data:image\/gif;base64,R0lGODdhAQABAPAAAMPDwwAAACwAAAAAAQABAAACAkQBADs=\" \/>La beaut\u00e9 de la vieille partie de Sighisoara r\u00e9side dans son aspect ancien et immobile. Photo par 23gxg.<\/p>\n<p>\nUne autre \u00e9glise d&#8217;int\u00e9r\u00eat artistique est <strong>l&#8217;\u00e9glise sur la colline<\/strong> (Biserica din Deal) comme la pr\u00e9c\u00e9dente \u00e0 Piata Cetatii. De style gothique transylvanien, cette \u00e9glise protestante \u00e9tait remarquable pour ses peintures murales, aujourd&#8217;hui perdues.<\/p>\n<p> L&#8217;escalier des \u00e9tudiants<\/strong> <\/h3>\n<p>\nSitu\u00e9e au bout de la rue des \u00e9tudiants, elle relie la place de la Citadelle \u00e0 l&#8217;\u00e9glise sur la colline. Il s&#8217;agit d&#8217;un escalier qui prot\u00e9geait l&#8217;acc\u00e8s des \u00e9tudiants en hiver.De ses 300 marches, il n&#8217;en reste que 175 aujourd&#8217;hui. Il date de 1642.<\/p>\n<h3><span id=\"Casa_Dracula\">\n <strong>Casa Dracula<\/strong> <\/span><\/h3>\n<p>\nSighisoara est c\u00e9l\u00e8bre pour \u00eatre le lieu de naissance de Vlad Dracul, qui se trouve \u00e9galement dans la vieille ville, sur une belle place. Le b\u00e2timent abrite un mus\u00e9e d&#8217;armes anciennes et un restaurant<\/p>\n<h3><span id=\"Casa_Venetiana_Maison_venitienne\">\n <strong>Casa Venetiana (Maison v\u00e9nitienne)<\/strong> <\/span><\/h3>\n<p>\nDans la Piata Muzeului, nous trouvons ce b\u00e2timent de style v\u00e9nitien du 16\u00e8me si\u00e8cle qui montre les liens entre la cit\u00e9 des Doges et la Transylvanie<\/p>\n<\/p>\n<p>\nLes autres b\u00e2timents int\u00e9ressants sont : <strong>la cath\u00e9drale orthodoxe<\/strong> (Catedrala Ortodoxa) construite en style n\u00e9o-byzantin entre 1934 et 1937 ; <strong>l&#8217;\u00e9glise catholique de Saint-Joseph<\/strong> (Biserica Romano-Catolica Sf. Iosif), \u00e9rig\u00e9e en 1894 et restaur\u00e9e apr\u00e8s un incendie en 1983 dans un style \u00e9clectique et <strong>l&#8217;\u00e9glise orthodoxe de Cornesti<\/strong> , un b\u00e2timent n\u00e9oclassique de la fin du 18\u00e8me si\u00e8cle.<\/p>\n<p> Mus\u00e9es de Sighisoara<\/strong> <\/h2>\n<p>\nSighisoara poss\u00e8de plusieurs mus\u00e9es int\u00e9ressants qui peuvent \u00eatre visit\u00e9s toute l&#8217;ann\u00e9e.<\/strong> Il est possible d&#8217;acheter un billet pour visiter les trois mus\u00e9es.<\/strong> .<\/p>\n<h3><span id=\"Musee_d8217histoire_Muzeul_de_Istorie\">\n <strong>Mus\u00e9e d&#8217;histoire<\/strong> (Muzeul de Istorie)<\/span><\/h3>\n<p>\nSitu\u00e9 sur la place du Mus\u00e9e, il se trouve \u00e0 l&#8217;int\u00e9rieur de la Tour de l&#8217;Horloge<\/p>\n<p>\nOuvert du mardi au dimanche de 10h00 \u00e0 15h30. Un voyage dans l&#8217;histoire de la r\u00e9gion et de la ville \u00e0 travers des objets. L&#8217;artisanat, le mat\u00e9riel m\u00e9dical, les objets d&#8217;art, les bijoux agricoles montrent la richesse et la vari\u00e9t\u00e9 de la Transylvanie.<\/p>\n<p> Chambre de torture<\/strong> (Camera de Tortura)<\/h3>\n<p>\n\u00c9galement situ\u00e9 dans la Tour de l&#8217;horloge. M\u00eames heures d&#8217;ouverture que ci-dessus. Il s&#8217;agit d&#8217;un petit mais int\u00e9ressant mus\u00e9e situ\u00e9 dans les m\u00eames pi\u00e8ces o\u00f9 les prisonniers \u00e9taient tortur\u00e9s au Moyen \u00c2ge. Il montre plusieurs dispositifs destin\u00e9s \u00e0 une telle d\u00e9dicace malveillante.<\/p>\n<h3><span id=\"Musee_des_armes_Colectia_de_Arme_Medievale\">\n <strong>Mus\u00e9e des armes<\/strong> (Colectia de Arme Medievale)<\/span><\/h3>\n<p>\nAu 5, rue Cositorarilor, c&#8217;est-\u00e0-dire au premier \u00e9tage de l&#8217;immeuble o\u00f9 Vlad Dracul est n\u00e9. Des armes m\u00e9di\u00e9vales et quelques \u0153uvres d&#8217;art sont expos\u00e9es dans ce lieu charg\u00e9 d&#8217;histoire. M\u00eames heures d&#8217;ouverture<\/p>\n<p> Le festival m\u00e9di\u00e9val de Sighisoara<\/strong> <\/h2>\n<p>\nL&#8217;un des \u00e9v\u00e9nements les plus importants de Sighisoara est le festival m\u00e9di\u00e9val et artisanal qui a lieu en juillet. Une foire m\u00e9di\u00e9vale dans un cadre quasi-m\u00e9di\u00e9val n&#8217;a rien \u00e0 voir avec les imitations que nous voyons dans presque toutes les autres villes. De nombreuses activit\u00e9s ont lieu en plein air avec de la musique, des spectacles d&#8217;acrobates et de m\u00e9nestrels, ainsi que des d\u00e9gustations de nourriture et de vin.<\/p>\n<h2><span id=\"Itineraires_a_proximite_de_Sighisoara\">\n <strong>Itin\u00e9raires \u00e0 proximit\u00e9 de Sighisoara<\/strong> <\/span><\/h2>\n<p>\nQuelques suggestions pour d&#8217;autres visites dans la r\u00e9gion et autour de Sighisoara<\/p>\n<p>\nDans les environs de la ville, il y a plusieurs \u00e9glises fortifi\u00e9es de la p\u00e9riode m\u00e9di\u00e9vale, notamment <strong>l&#8217;\u00e9glise de Saschiz<\/strong> (\u00e0 15 km), <strong>l&#8217;\u00e9glise de Biertan<\/strong> (\u00e0 25 km), <strong>l&#8217;\u00e9glise de Viscri<\/strong> (\u00e0 30 km) et <strong>l&#8217;\u00e9glise de Harman<\/strong> (\u00e0 80 km) <\/p>\n<p>.<\/p>\n<p>\n <strong>Visitez Targu Mures<\/strong> . Cette ville est situ\u00e9e \u00e0 seulement 40 km au nord-est de Sighisoara<\/p>\n<\/p>\n<p>\n\u00c0 une distance similaire, mais au sud, se trouve une autre ville m\u00e9di\u00e9vale qui m\u00e9rite d&#8217;\u00eatre visit\u00e9e, <strong>Medias<\/strong> .<\/p>\n<p>\n<a href=\"https:\/\/roadtoromania.com\/fr\/villes-et-regions-de-roumanie\/sibiu\/\"> Sibiu<\/a> , <a href=\"https:\/\/roadtoromania.com\/fr\/villes-et-regions-de-roumanie\/brasov\/\">Brasov<\/a> et <a href=\"https:\/\/roadtoromania.com\/fr\/monuments-de-la-roumanie-que-voir-en-roumanie\/chateau-de-bran-le-chateau-de-dracula\/\">Bran<\/a> , o\u00f9 se trouve le ch\u00e2teau de Vlad Tepes, le &#8220;vrai Dracula&#8221;, sont un peu plus \u00e9loign\u00e9s mais peuvent constituer d&#8217;autres arr\u00eats pour un voyage plus intense dans le centre de la Roumanie.<\/p>\n<h2><span id=\"Carte_de_Sighisoara\">\nCarte de Sighisoara<\/span><\/h2>\n<p>\n<a href=\"https:\/\/roadtoromania.com\/fr\/cartes-de-la-roumanie\/carte-plan-des-rues-et-annuaire-des-rues-de-sighisoara\/\">Carte et plan des rues de Sighisoara<\/a> <\/p>\n","protected":false},"excerpt":{"rendered":"<p>Rues \u00e9troites dans le centre de Sighisoara. Comme dans une grande partie de l&#8217;Europe centrale, les maisons sont peintes de couleurs vives. Photo par Gepl. \u00a0 Contents1 Histoire de Sighisoara 2 Comment se rendre \u00e0 Sighisoara 2.1 Citadelle de Sighisoara (Cetatea Sighisoarei) .2.2 Tour Cositorilor 2.3 Casa Dracula 2.4 Casa Venetiana (Maison v\u00e9nitienne) 2.5 Mus\u00e9e &hellip;<\/p>\n<p class=\"read-more\"> <a class=\"\" href=\"https:\/\/roadtoromania.com\/fr\/villes-et-regions-de-roumanie\/sighisoara\/\"> <span class=\"screen-reader-text\">Sighisoara<\/span> Lire la suite \u00bb<\/a><\/p>\n","protected":false},"author":1,"featured_media":1352,"parent":3137,"menu_order":0,"comment_status":"open","ping_status":"open","template":"","meta":{"site-sidebar-layout":"default","site-content-layout":"default","ast-global-header-display":"","ast-main-header-display":"","ast-hfb-above-header-display":"","ast-hfb-below-header-display":"","ast-hfb-mobile-header-display":"","site-post-title":"","ast-breadcrumbs-content":"","ast-featured-img":"","footer-sml-layout":"","theme-transparent-header-meta":"","adv-header-id-meta":"","stick-header-meta":"","header-above-stick-meta":"","header-main-stick-meta":"","header-below-stick-meta":"","footnotes":""},"class_list":["post-3166","page","type-page","status-publish","has-post-thumbnail","hentry"],"yoast_head":"<!-- This site is optimized with the Yoast SEO plugin v19.10 - https:\/\/yoast.com\/wordpress\/plugins\/seo\/ -->\n<title>Sighisoara - Road to Romania<\/title>\n<meta name=\"robots\" content=\"index, follow, max-snippet:-1, max-image-preview:large, max-video-preview:-1\" \/>\n<link rel=\"canonical\" href=\"https:\/\/roadtoromania.com\/fr\/villes-et-regions-de-roumanie\/sighisoara\/\" \/>\n<meta property=\"og:locale\" content=\"fr_FR\" \/>\n<meta property=\"og:type\" content=\"article\" \/>\n<meta property=\"og:title\" content=\"Sighisoara - Road to Romania\" \/>\n<meta property=\"og:description\" content=\"Rues \u00e9troites dans le centre de Sighisoara. Comme dans une grande partie de l&#8217;Europe centrale, les maisons sont peintes de couleurs vives. Photo par Gepl. \u00a0 Contents1 Histoire de Sighisoara 2 Comment se rendre \u00e0 Sighisoara 2.1 Citadelle de Sighisoara (Cetatea Sighisoarei) .2.2 Tour Cositorilor 2.3 Casa Dracula 2.4 Casa Venetiana (Maison v\u00e9nitienne) 2.5 Mus\u00e9e &hellip; Sighisoara Lire la suite \u00bb\" \/>\n<meta property=\"og:url\" content=\"https:\/\/roadtoromania.com\/fr\/villes-et-regions-de-roumanie\/sighisoara\/\" \/>\n<meta property=\"og:site_name\" content=\"Road to Romania\" \/>\n<meta property=\"article:modified_time\" content=\"2022-10-18T14:52:14+00:00\" \/>\n<meta property=\"og:image\" content=\"https:\/\/roadtoromania.com\/wp-content\/uploads\/2022\/10\/sighisoara-rumania-ciudades-1.jpg\" \/>\n\t<meta property=\"og:image:width\" content=\"768\" \/>\n\t<meta property=\"og:image:height\" content=\"576\" \/>\n\t<meta property=\"og:image:type\" content=\"image\/jpeg\" \/>\n<meta name=\"twitter:card\" content=\"summary_large_image\" \/>\n<meta name=\"twitter:label1\" content=\"Dur\u00e9e de lecture estim\u00e9e\" \/>\n\t<meta name=\"twitter:data1\" content=\"8 minutes\" \/>\n<script type=\"application\/ld+json\" class=\"yoast-schema-graph\">{\"@context\":\"https:\/\/schema.org\",\"@graph\":[{\"@type\":\"WebPage\",\"@id\":\"https:\/\/roadtoromania.com\/fr\/villes-et-regions-de-roumanie\/sighisoara\/\",\"url\":\"https:\/\/roadtoromania.com\/fr\/villes-et-regions-de-roumanie\/sighisoara\/\",\"name\":\"Sighisoara - Road to Romania\",\"isPartOf\":{\"@id\":\"https:\/\/roadtoromania.com\/fr\/#website\"},\"datePublished\":\"2022-10-15T18:40:14+00:00\",\"dateModified\":\"2022-10-18T14:52:14+00:00\",\"breadcrumb\":{\"@id\":\"https:\/\/roadtoromania.com\/fr\/villes-et-regions-de-roumanie\/sighisoara\/#breadcrumb\"},\"inLanguage\":\"fr-FR\",\"potentialAction\":[{\"@type\":\"ReadAction\",\"target\":[\"https:\/\/roadtoromania.com\/fr\/villes-et-regions-de-roumanie\/sighisoara\/\"]}]},{\"@type\":\"BreadcrumbList\",\"@id\":\"https:\/\/roadtoromania.com\/fr\/villes-et-regions-de-roumanie\/sighisoara\/#breadcrumb\",\"itemListElement\":[{\"@type\":\"ListItem\",\"position\":1,\"name\":\"Home\",\"item\":\"https:\/\/roadtoromania.com\/fr\/\"},{\"@type\":\"ListItem\",\"position\":2,\"name\":\"Sighisoara\"}]},{\"@type\":\"WebSite\",\"@id\":\"https:\/\/roadtoromania.com\/fr\/#website\",\"url\":\"https:\/\/roadtoromania.com\/fr\/\",\"name\":\"Road to Romania\",\"description\":\"Le blog o\u00f9 vous trouverez toutes les informations dont vous avez besoin pour profiter de la Roumanie.\",\"potentialAction\":[{\"@type\":\"SearchAction\",\"target\":{\"@type\":\"EntryPoint\",\"urlTemplate\":\"https:\/\/roadtoromania.com\/fr\/?s={search_term_string}\"},\"query-input\":\"required name=search_term_string\"}],\"inLanguage\":\"fr-FR\"}]}<\/script>\n<!-- \/ Yoast SEO plugin. -->","yoast_head_json":{"title":"Sighisoara - Road to Romania","robots":{"index":"index","follow":"follow","max-snippet":"max-snippet:-1","max-image-preview":"max-image-preview:large","max-video-preview":"max-video-preview:-1"},"canonical":"https:\/\/roadtoromania.com\/fr\/villes-et-regions-de-roumanie\/sighisoara\/","og_locale":"fr_FR","og_type":"article","og_title":"Sighisoara - Road to Romania","og_description":"Rues \u00e9troites dans le centre de Sighisoara. Comme dans une grande partie de l&#8217;Europe centrale, les maisons sont peintes de couleurs vives. Photo par Gepl. \u00a0 Contents1 Histoire de Sighisoara 2 Comment se rendre \u00e0 Sighisoara 2.1 Citadelle de Sighisoara (Cetatea Sighisoarei) .2.2 Tour Cositorilor 2.3 Casa Dracula 2.4 Casa Venetiana (Maison v\u00e9nitienne) 2.5 Mus\u00e9e &hellip; Sighisoara Lire la suite \u00bb","og_url":"https:\/\/roadtoromania.com\/fr\/villes-et-regions-de-roumanie\/sighisoara\/","og_site_name":"Road to Romania","article_modified_time":"2022-10-18T14:52:14+00:00","og_image":[{"width":768,"height":576,"url":"https:\/\/roadtoromania.com\/wp-content\/uploads\/2022\/10\/sighisoara-rumania-ciudades-1.jpg","type":"image\/jpeg"}],"twitter_card":"summary_large_image","twitter_misc":{"Dur\u00e9e de lecture estim\u00e9e":"8 minutes"},"schema":{"@context":"https:\/\/schema.org","@graph":[{"@type":"WebPage","@id":"https:\/\/roadtoromania.com\/fr\/villes-et-regions-de-roumanie\/sighisoara\/","url":"https:\/\/roadtoromania.com\/fr\/villes-et-regions-de-roumanie\/sighisoara\/","name":"Sighisoara - Road to Romania","isPartOf":{"@id":"https:\/\/roadtoromania.com\/fr\/#website"},"datePublished":"2022-10-15T18:40:14+00:00","dateModified":"2022-10-18T14:52:14+00:00","breadcrumb":{"@id":"https:\/\/roadtoromania.com\/fr\/villes-et-regions-de-roumanie\/sighisoara\/#breadcrumb"},"inLanguage":"fr-FR","potentialAction":[{"@type":"ReadAction","target":["https:\/\/roadtoromania.com\/fr\/villes-et-regions-de-roumanie\/sighisoara\/"]}]},{"@type":"BreadcrumbList","@id":"https:\/\/roadtoromania.com\/fr\/villes-et-regions-de-roumanie\/sighisoara\/#breadcrumb","itemListElement":[{"@type":"ListItem","position":1,"name":"Home","item":"https:\/\/roadtoromania.com\/fr\/"},{"@type":"ListItem","position":2,"name":"Sighisoara"}]},{"@type":"WebSite","@id":"https:\/\/roadtoromania.com\/fr\/#website","url":"https:\/\/roadtoromania.com\/fr\/","name":"Road to Romania","description":"Le blog o\u00f9 vous trouverez toutes les informations dont vous avez besoin pour profiter de la Roumanie.","potentialAction":[{"@type":"SearchAction","target":{"@type":"EntryPoint","urlTemplate":"https:\/\/roadtoromania.com\/fr\/?s={search_term_string}"},"query-input":"required name=search_term_string"}],"inLanguage":"fr-FR"}]}},"_links":{"self":[{"href":"https:\/\/roadtoromania.com\/fr\/wp-json\/wp\/v2\/pages\/3166","targetHints":{"allow":["GET"]}}],"collection":[{"href":"https:\/\/roadtoromania.com\/fr\/wp-json\/wp\/v2\/pages"}],"about":[{"href":"https:\/\/roadtoromania.com\/fr\/wp-json\/wp\/v2\/types\/page"}],"author":[{"embeddable":true,"href":"https:\/\/roadtoromania.com\/fr\/wp-json\/wp\/v2\/users\/1"}],"replies":[{"embeddable":true,"href":"https:\/\/roadtoromania.com\/fr\/wp-json\/wp\/v2\/comments?post=3166"}],"version-history":[{"count":0,"href":"https:\/\/roadtoromania.com\/fr\/wp-json\/wp\/v2\/pages\/3166\/revisions"}],"up":[{"embeddable":true,"href":"https:\/\/roadtoromania.com\/fr\/wp-json\/wp\/v2\/pages\/3137"}],"wp:featuredmedia":[{"embeddable":true,"href":"https:\/\/roadtoromania.com\/fr\/wp-json\/wp\/v2\/media\/1352"}],"wp:attachment":[{"href":"https:\/\/roadtoromania.com\/fr\/wp-json\/wp\/v2\/media?parent=3166"}],"curies":[{"name":"wp","href":"https:\/\/api.w.org\/{rel}","templated":true}]}}