{"id":3167,"date":"2022-10-15T18:40:14","date_gmt":"2022-10-15T18:40:14","guid":{"rendered":"https:\/\/roadtoromania.com\/suceava\/"},"modified":"2022-10-18T14:52:14","modified_gmt":"2022-10-18T14:52:14","slug":"suceava","status":"publish","type":"page","link":"https:\/\/roadtoromania.com\/fr\/villes-et-regions-de-roumanie\/suceava\/","title":{"rendered":"Suceava"},"content":{"rendered":"<p> <strong>Suceva<\/strong> , l&#8217;ancienne capitale de la <strong><a href=\"https:\/\/roadtoromania.com\/fr\/monuments-de-la-roumanie-que-voir-en-roumanie\/moldavie-roumain\/\">Moldavie<\/a> <\/strong> entre 1388 et 1565 est aujourd&#8217;hui une ville qui nous permet de l&#8217;utiliser comme base pour une visite de la r\u00e9gion roumaine de <a href=\"https:\/\/roadtoromania.com\/fr\/la-bucovine-et-ses-monasteres\/\"> <strong>Bucovine<\/strong><\/a> , dans le nord-est de la Roumanie. Nous pouvons choisir de dormir ici et de faire des excursions et des visites dans les diff\u00e9rents monast\u00e8res peints qui font partie du site du patrimoine mondial de l&#8217;UNESCO.<\/strong> <\/p>\n<\/p>\n<p><img decoding=\"async\" src=\"https:\/\/roadtoromania.com\/wp-content\/uploads\/2022\/10\/san_juan_suceava1.jpg\" \/>\u00c9glise avec des fresques \u00e0 l&#8217;ext\u00e9rieur de San Juan<\/p>\n<div id=\"toc_container\" class=\"no_bullets\"><p class=\"toc_title\">Contents<\/p><ul class=\"toc_list\"><li><a href=\"#Histoire_de_Suceava\"><span class=\"toc_number toc_depth_1\">1<\/span> \nHistoire de Suceava<\/a><ul><li><a href=\"#Monastere_de_Zamca\"><span class=\"toc_number toc_depth_2\">1.1<\/span> \n Monast\u00e8re de Zamca <\/a><\/li><\/ul><\/li><li><a href=\"#Des_musees_a_Suceava\"><span class=\"toc_number toc_depth_1\">2<\/span> \n Des mus\u00e9es \u00e0 Suceava <\/a><\/li><li><a href=\"#Carte_de_Suceava\"><span class=\"toc_number toc_depth_1\">3<\/span> \nCarte de Suceava<\/a><\/li><\/ul><\/div>\n<h2><span id=\"Histoire_de_Suceava\">\nHistoire de Suceava<\/span><\/h2>\n<p>\nEn fait, l&#8217;une des attractions de Suceava est le monast\u00e8re de Saint-Jean-le-Nouveau <strong>, class\u00e9 par l&#8217;Unesco. L&#8217;\u00e9glise, consacr\u00e9e \u00e0 <strong>Saint Georges<\/strong> en 1514 et achev\u00e9e en 1552, est l&#8217;un des premiers temples d\u00e9cor\u00e9s de fresques \u00e0 l&#8217;ext\u00e9rieur.<\/p>\n<p>\nPlusieurs rois ont encourag\u00e9 sa construction, de Bogdan III \u00e0 Stefanita Voda, et les fresques de l&#8217;Ancien et du Nouveau Testament ont \u00e9t\u00e9 achev\u00e9es sous le r\u00e8gne de Petru Rares, l&#8217;une des p\u00e9riodes les plus glorieuses pour ce type d&#8217;ornementation en mosa\u00efque en Bucovine.<\/p>\n<p>\nBien que le style des fresques de St George rappelle celui d&#8217;autres monast\u00e8res comme <a href=\"https:\/\/roadtoromania.com\/fr\/monuments-de-la-roumanie-que-voir-en-roumanie\/monasteres-de-moldavie\/\"> <strong>Moldovita<\/strong><\/a> ou <strong>Humor<\/strong> , d&#8217;autres sections comme l&#8217;Hymne \u00e0 la mort, l&#8217;Arbre de Jess\u00e9 ou la l\u00e9gende du Fils prodigue sont tr\u00e8s caract\u00e9ristiques. De l&#8217;\u00e9glise, nous pouvons souligner le pavement en mosa\u00efque, les reliques de Saint Jean et la tour.<\/p>\n<p>\nCependant, la plus ancienne \u00e9glise de la ville est la Biserica Mirauti, fond\u00e9e par Petru Musat entre 1380 et 1390. Les premiers vo\u00efvodes moldaves ont \u00e9t\u00e9 couronn\u00e9s ici. L&#8217;\u00e9glise actuelle est le r\u00e9sultat d&#8217;un remodelage \u00e0 la fin du XIXe si\u00e8cle. En outre, il existe \u00e0 Suceava d&#8217;autres \u00e9glises remarquables telles que la Principesca ou Saint-D\u00e9m\u00e9trius, avec sa tour d&#8217;horloge, ou l&#8217;\u00e9glise Saint-Jean-Baptiste du XVIIe si\u00e8cle, ainsi que Saint-Nicolas, l&#8217;\u00e9glise de la R\u00e9surrection, l&#8217;\u00e9glise Saint-Sim\u00e9on ou l&#8217;\u00e9glise de la Sainte-Croix.<\/p>\n<\/h2>\n<p>A voir \u00e0 Suceava<\/h2>\n<p>\nLa ville n&#8217;est pas excessivement grande et il est facile de s&#8217;y d\u00e9placer \u00e0 pied, sans avoir recours aux transports publics. Bien qu&#8217;elle soit une ville moderne, Suceava se trouve sur un centre qui avait une importance strat\u00e9gique au Moyen \u00c2ge pour \u00c9tienne le Grand, qui a fortifi\u00e9 la ville et \u00e9tabli une cour princi\u00e8re qui a \u00e9t\u00e9 vitale dans l&#8217;histoire de la Roumanie.<\/p>\n<p><a href=\"https:\/\/roadtoromania.com\/wp-content\/uploads\/2022\/10\/suceava_castillo.jpg\"><img decoding=\"async\" src=\"https:\/\/roadtoromania.com\/wp-content\/uploads\/2022\/10\/suceava_castillo.jpg\" \/><\/a> Citadelle du ch\u00e2teau de Suceava<\/p>\n<p>\nEn marchant le long de la rivi\u00e8re, nous pouvons la traverser et monter jusqu&#8217;au parc o\u00f9 se dresse l&#8217;immense statue d&#8217;\u00c9tienne le Grand. Sur le m\u00eame c\u00f4t\u00e9 de la rivi\u00e8re se trouve la Citadelle. Cette fortification, punie par le pillage &#8211; qui a permis en m\u00eame temps d&#8217;utiliser ses pierres pour construire la ville &#8211; ne pr\u00e9sente pas aujourd&#8217;hui la splendeur qu&#8217;elle avait lorsque Petru Musat a ordonn\u00e9 sa construction \u00e0 la fin du XIVe si\u00e8cle, ni lorsqu&#8217;Alexandru cel Bun l&#8217;a renforc\u00e9e pour att\u00e9nuer les \u00e9lans guerriers des Ottomans. \u00c9tienne le Grand ajouta les douves, les contreforts et de nouveaux bastions, et apr\u00e8s de nombreux si\u00e8ges et r\u00e9sistances, elle tomba en 1675.<\/p>\n<h3><span id=\"Monastere_de_Zamca\">\n <strong>Monast\u00e8re de Zamca<\/strong> <\/span><\/h3>\n<p>\nLa communaut\u00e9 arm\u00e9nienne de Suceava a fond\u00e9 le monast\u00e8re de Zamca \u00e0 l&#8217;ouest de la ville en 1551. Ce complexe architectural est un m\u00e9lange d&#8217;une enceinte fortifi\u00e9e avec des motifs gothiques et orientaux.<\/p>\n<h2><span id=\"Des_musees_a_Suceava\">\n <strong>Des mus\u00e9es \u00e0 Suceava<\/strong> <\/span><\/h2>\n<p>\n\u00c0 Suceava, nous pouvons parfaitement passer un ou deux jours \u00e0 entrer et sortir des mus\u00e9es, et la ville en accueille une vari\u00e9t\u00e9 qui commence par <strong>le Mus\u00e9e ethnographique de Bucovine ou <strong>le Mus\u00e9e d&#8217;art populaire<\/strong><\/strong> (Muzeul de Etnografie Hanul Domnesc in Str. Ciprian Porumbescu 5)  (Muzeul de Etnografie Hanul Domnesc in Str. Ciprian Porumbescu 5), qui poss\u00e8de une riche collection d&#8217;objets, de c\u00e9ramiques, d&#8217;ustensiles en bois et de costumes traditionnels de la r\u00e9gion du nord de la Roumanie.<\/p>\n<p>\nPour conna\u00eetre l&#8217;histoire de cette r\u00e9gion qui a \u00e9t\u00e9 domin\u00e9e par de nombreux conqu\u00e9rants, rien de mieux que le mus\u00e9e de l&#8217;histoire de la Bucovine <strong>(du mardi au dimanche). Ses 26 salles retracent les vicissitudes de Suceava, avec un accent particulier sur le Moyen \u00c2ge, et o\u00f9 la salle du tr\u00f4ne recr\u00e9e la cour du roi \u00c9tienne le Grand, avec des meubles, des armes et des costumes de l&#8217;\u00e9poque.<\/p>\n<p>\n\u00c0 c\u00f4t\u00e9 de la citadelle royale, en plein air, se trouve un ensemble de 80 b\u00e2timents repr\u00e9sentant les conceptions architecturales rurales de Bucovine, dont une petite \u00e9glise du XVIIIe si\u00e8cle. En Roumanie, il est tr\u00e8s courant de trouver ces mus\u00e9es en plein air, qui sauvegardent les anciens syst\u00e8mes d&#8217;habitation, qui disparaissent \u00e0 un rythme plus lent que dans d&#8217;autres pays europ\u00e9ens face au b\u00e9ton.<\/p>\n<p>\nLes autres mus\u00e9es qui compl\u00e8tent cet itin\u00e9raire culturel sont la maison-mus\u00e9e de l&#8217;ethnographe Florea Marian et la collection des sciences naturelles et des beaux-arts, qui r\u00e9unit des pi\u00e8ces pal\u00e9ontologiques, de faune et de flore, ainsi que des peintures et des sculptures d&#8217;artistes roumains.<\/p>\n<p>\nSuceava est \u00e9galement connue pour sa communaut\u00e9 juive, qui s&#8217;est \u00e9tablie au XVIe si\u00e8cle et comptait 18 synagogues avant la Seconde Guerre mondiale. La reconversion urbaine de la p\u00e9riode communiste a d\u00e9moli la plupart d&#8217;entre eux, mais il en reste un, Gah, qui poss\u00e8de deux cimeti\u00e8res juifs, ce qui peut compl\u00e9ter une visite de la ville.<\/p>\n<p>\nDans les environs, nous pouvons choisir entre l&#8217;\u00e9glise de Patrauti, le seul monast\u00e8re de moines fond\u00e9 par \u00c9tienne le Grand ; le monast\u00e8re de Dragomirna, ou les \u00e9glises d\u00e9j\u00e0 mentionn\u00e9es avec des peintures du patrimoine de l&#8217;Unesco : Voronet, Moldovita, Humor, Suceavita et Humor.<\/p>\n<p> Comment se rendre \u00e0 Suceava<\/strong> <\/h2>\n<p>\nLes liaisons a\u00e9riennes int\u00e9rieures vous permettent de vous rendre de Bucarest \u00e0 Suceava en une heure. Le temps de trajet en train est d&#8217;environ 6 heures, et en voiture, selon le trafic et les conditions routi\u00e8res, de 6,5 \u00e0 8,5 heures.<\/p>\n<h2><span id=\"Carte_de_Suceava\">\nCarte de Suceava<\/span><\/h2>\n","protected":false},"excerpt":{"rendered":"<p>Suceva , l&#8217;ancienne capitale de la Moldavie entre 1388 et 1565 est aujourd&#8217;hui une ville qui nous permet de l&#8217;utiliser comme base pour une visite de la r\u00e9gion roumaine de Bucovine , dans le nord-est de la Roumanie. Nous pouvons choisir de dormir ici et de faire des excursions et des visites dans les diff\u00e9rents &hellip;<\/p>\n<p class=\"read-more\"> <a class=\"\" href=\"https:\/\/roadtoromania.com\/fr\/villes-et-regions-de-roumanie\/suceava\/\"> <span class=\"screen-reader-text\">Suceava<\/span> Lire la suite \u00bb<\/a><\/p>\n","protected":false},"author":1,"featured_media":1360,"parent":3137,"menu_order":0,"comment_status":"open","ping_status":"open","template":"","meta":{"site-sidebar-layout":"default","site-content-layout":"default","ast-global-header-display":"","ast-main-header-display":"","ast-hfb-above-header-display":"","ast-hfb-below-header-display":"","ast-hfb-mobile-header-display":"","site-post-title":"","ast-breadcrumbs-content":"","ast-featured-img":"","footer-sml-layout":"","theme-transparent-header-meta":"","adv-header-id-meta":"","stick-header-meta":"","header-above-stick-meta":"","header-main-stick-meta":"","header-below-stick-meta":"","footnotes":""},"class_list":["post-3167","page","type-page","status-publish","has-post-thumbnail","hentry"],"yoast_head":"<!-- This site is optimized with the Yoast SEO plugin v19.10 - https:\/\/yoast.com\/wordpress\/plugins\/seo\/ -->\n<title>Suceava - Road to Romania<\/title>\n<meta name=\"robots\" content=\"index, follow, max-snippet:-1, max-image-preview:large, max-video-preview:-1\" \/>\n<link rel=\"canonical\" href=\"https:\/\/roadtoromania.com\/fr\/villes-et-regions-de-roumanie\/suceava\/\" \/>\n<meta property=\"og:locale\" content=\"fr_FR\" \/>\n<meta property=\"og:type\" content=\"article\" \/>\n<meta property=\"og:title\" content=\"Suceava - Road to Romania\" \/>\n<meta property=\"og:description\" content=\"Suceva , l&#8217;ancienne capitale de la Moldavie entre 1388 et 1565 est aujourd&#8217;hui une ville qui nous permet de l&#8217;utiliser comme base pour une visite de la r\u00e9gion roumaine de Bucovine , dans le nord-est de la Roumanie. Nous pouvons choisir de dormir ici et de faire des excursions et des visites dans les diff\u00e9rents &hellip; Suceava Lire la suite \u00bb\" \/>\n<meta property=\"og:url\" content=\"https:\/\/roadtoromania.com\/fr\/villes-et-regions-de-roumanie\/suceava\/\" \/>\n<meta property=\"og:site_name\" content=\"Road to Romania\" \/>\n<meta property=\"article:modified_time\" content=\"2022-10-18T14:52:14+00:00\" \/>\n<meta property=\"og:image\" content=\"https:\/\/roadtoromania.com\/wp-content\/uploads\/2022\/10\/san_juan_suceava1-1.jpg\" \/>\n\t<meta property=\"og:image:width\" content=\"640\" \/>\n\t<meta property=\"og:image:height\" content=\"450\" \/>\n\t<meta property=\"og:image:type\" content=\"image\/jpeg\" \/>\n<meta name=\"twitter:card\" content=\"summary_large_image\" \/>\n<meta name=\"twitter:label1\" content=\"Dur\u00e9e de lecture estim\u00e9e\" \/>\n\t<meta name=\"twitter:data1\" content=\"5 minutes\" \/>\n<script type=\"application\/ld+json\" class=\"yoast-schema-graph\">{\"@context\":\"https:\/\/schema.org\",\"@graph\":[{\"@type\":\"WebPage\",\"@id\":\"https:\/\/roadtoromania.com\/fr\/villes-et-regions-de-roumanie\/suceava\/\",\"url\":\"https:\/\/roadtoromania.com\/fr\/villes-et-regions-de-roumanie\/suceava\/\",\"name\":\"Suceava - Road to Romania\",\"isPartOf\":{\"@id\":\"https:\/\/roadtoromania.com\/fr\/#website\"},\"datePublished\":\"2022-10-15T18:40:14+00:00\",\"dateModified\":\"2022-10-18T14:52:14+00:00\",\"breadcrumb\":{\"@id\":\"https:\/\/roadtoromania.com\/fr\/villes-et-regions-de-roumanie\/suceava\/#breadcrumb\"},\"inLanguage\":\"fr-FR\",\"potentialAction\":[{\"@type\":\"ReadAction\",\"target\":[\"https:\/\/roadtoromania.com\/fr\/villes-et-regions-de-roumanie\/suceava\/\"]}]},{\"@type\":\"BreadcrumbList\",\"@id\":\"https:\/\/roadtoromania.com\/fr\/villes-et-regions-de-roumanie\/suceava\/#breadcrumb\",\"itemListElement\":[{\"@type\":\"ListItem\",\"position\":1,\"name\":\"Home\",\"item\":\"https:\/\/roadtoromania.com\/fr\/\"},{\"@type\":\"ListItem\",\"position\":2,\"name\":\"Suceava\"}]},{\"@type\":\"WebSite\",\"@id\":\"https:\/\/roadtoromania.com\/fr\/#website\",\"url\":\"https:\/\/roadtoromania.com\/fr\/\",\"name\":\"Road to Romania\",\"description\":\"Le blog o\u00f9 vous trouverez toutes les informations dont vous avez besoin pour profiter de la Roumanie.\",\"potentialAction\":[{\"@type\":\"SearchAction\",\"target\":{\"@type\":\"EntryPoint\",\"urlTemplate\":\"https:\/\/roadtoromania.com\/fr\/?s={search_term_string}\"},\"query-input\":\"required name=search_term_string\"}],\"inLanguage\":\"fr-FR\"}]}<\/script>\n<!-- \/ Yoast SEO plugin. -->","yoast_head_json":{"title":"Suceava - Road to Romania","robots":{"index":"index","follow":"follow","max-snippet":"max-snippet:-1","max-image-preview":"max-image-preview:large","max-video-preview":"max-video-preview:-1"},"canonical":"https:\/\/roadtoromania.com\/fr\/villes-et-regions-de-roumanie\/suceava\/","og_locale":"fr_FR","og_type":"article","og_title":"Suceava - Road to Romania","og_description":"Suceva , l&#8217;ancienne capitale de la Moldavie entre 1388 et 1565 est aujourd&#8217;hui une ville qui nous permet de l&#8217;utiliser comme base pour une visite de la r\u00e9gion roumaine de Bucovine , dans le nord-est de la Roumanie. Nous pouvons choisir de dormir ici et de faire des excursions et des visites dans les diff\u00e9rents &hellip; Suceava Lire la suite \u00bb","og_url":"https:\/\/roadtoromania.com\/fr\/villes-et-regions-de-roumanie\/suceava\/","og_site_name":"Road to Romania","article_modified_time":"2022-10-18T14:52:14+00:00","og_image":[{"width":640,"height":450,"url":"https:\/\/roadtoromania.com\/wp-content\/uploads\/2022\/10\/san_juan_suceava1-1.jpg","type":"image\/jpeg"}],"twitter_card":"summary_large_image","twitter_misc":{"Dur\u00e9e de lecture estim\u00e9e":"5 minutes"},"schema":{"@context":"https:\/\/schema.org","@graph":[{"@type":"WebPage","@id":"https:\/\/roadtoromania.com\/fr\/villes-et-regions-de-roumanie\/suceava\/","url":"https:\/\/roadtoromania.com\/fr\/villes-et-regions-de-roumanie\/suceava\/","name":"Suceava - Road to Romania","isPartOf":{"@id":"https:\/\/roadtoromania.com\/fr\/#website"},"datePublished":"2022-10-15T18:40:14+00:00","dateModified":"2022-10-18T14:52:14+00:00","breadcrumb":{"@id":"https:\/\/roadtoromania.com\/fr\/villes-et-regions-de-roumanie\/suceava\/#breadcrumb"},"inLanguage":"fr-FR","potentialAction":[{"@type":"ReadAction","target":["https:\/\/roadtoromania.com\/fr\/villes-et-regions-de-roumanie\/suceava\/"]}]},{"@type":"BreadcrumbList","@id":"https:\/\/roadtoromania.com\/fr\/villes-et-regions-de-roumanie\/suceava\/#breadcrumb","itemListElement":[{"@type":"ListItem","position":1,"name":"Home","item":"https:\/\/roadtoromania.com\/fr\/"},{"@type":"ListItem","position":2,"name":"Suceava"}]},{"@type":"WebSite","@id":"https:\/\/roadtoromania.com\/fr\/#website","url":"https:\/\/roadtoromania.com\/fr\/","name":"Road to Romania","description":"Le blog o\u00f9 vous trouverez toutes les informations dont vous avez besoin pour profiter de la Roumanie.","potentialAction":[{"@type":"SearchAction","target":{"@type":"EntryPoint","urlTemplate":"https:\/\/roadtoromania.com\/fr\/?s={search_term_string}"},"query-input":"required name=search_term_string"}],"inLanguage":"fr-FR"}]}},"_links":{"self":[{"href":"https:\/\/roadtoromania.com\/fr\/wp-json\/wp\/v2\/pages\/3167","targetHints":{"allow":["GET"]}}],"collection":[{"href":"https:\/\/roadtoromania.com\/fr\/wp-json\/wp\/v2\/pages"}],"about":[{"href":"https:\/\/roadtoromania.com\/fr\/wp-json\/wp\/v2\/types\/page"}],"author":[{"embeddable":true,"href":"https:\/\/roadtoromania.com\/fr\/wp-json\/wp\/v2\/users\/1"}],"replies":[{"embeddable":true,"href":"https:\/\/roadtoromania.com\/fr\/wp-json\/wp\/v2\/comments?post=3167"}],"version-history":[{"count":0,"href":"https:\/\/roadtoromania.com\/fr\/wp-json\/wp\/v2\/pages\/3167\/revisions"}],"up":[{"embeddable":true,"href":"https:\/\/roadtoromania.com\/fr\/wp-json\/wp\/v2\/pages\/3137"}],"wp:featuredmedia":[{"embeddable":true,"href":"https:\/\/roadtoromania.com\/fr\/wp-json\/wp\/v2\/media\/1360"}],"wp:attachment":[{"href":"https:\/\/roadtoromania.com\/fr\/wp-json\/wp\/v2\/media?parent=3167"}],"curies":[{"name":"wp","href":"https:\/\/api.w.org\/{rel}","templated":true}]}}