{"id":3170,"date":"2022-10-15T18:40:14","date_gmt":"2022-10-15T18:40:14","guid":{"rendered":"https:\/\/roadtoromania.com\/targu-mures\/"},"modified":"2022-10-18T14:52:14","modified_gmt":"2022-10-18T14:52:14","slug":"targu-mures","status":"publish","type":"page","link":"https:\/\/roadtoromania.com\/fr\/villes-et-regions-de-roumanie\/targu-mures\/","title":{"rendered":"T\u00e2rgu Mure\u0219"},"content":{"rendered":"<p> <strong>T\u00e2rgu Mure\u0219<\/strong> (ou <strong>T\u00eergu Mure\u0219<\/strong> en vieux roumain) est une ville du d\u00e9partement de Mures, situ\u00e9e dans la r\u00e9gion de <a href=\"https:\/\/roadtoromania.com\/fr\/villes-et-regions-de-roumanie\/transylvanie\/\"> <strong>Transylvanie<\/strong><\/a> , avec les Carpates orientales et la rivi\u00e8re Mures \u00e0 l&#8217;est et la ville de <a href=\"https:\/\/roadtoromania.com\/fr\/villes-et-regions-de-roumanie\/cluj-napoca\/\"> <strong>Cluj Napuca<\/strong><\/a> un peu plus \u00e0 l&#8217;ouest.<\/p>\n<p>\n<a href=\"https:\/\/roadtoromania.com\/wp-content\/uploads\/2022\/10\/targu_mures.jpg\"><img decoding=\"async\" src=\"https:\/\/roadtoromania.com\/wp-content\/uploads\/2022\/10\/targu_mures.jpg\" \/><\/a> <\/p>\n<p>\nPeupl\u00e9e depuis le n\u00e9olithique, l&#8217;\u00e2ge du bronze et bien plus tard comme colonie dacienne et romaine, les gisements min\u00e9raux de sel, de fer et de gaz naturel, en plus de son agriculture florissante, ont favoris\u00e9 sa croissance et son exploitation naturelle constante.<\/p>\n<p>\n <strong>T\u00e2rgu Mure\u0219<\/strong> refl\u00e8te les caract\u00e9ristiques de l&#8217;influence hongroise sur plusieurs si\u00e8cles, notamment dans l&#8217;architecture et les nombreuses traditions fid\u00e8lement pr\u00e9serv\u00e9es. Marosv\u00e1s\u00e1rhely est le nom hongrois de la ville, et Neumarkt am Mieresch est le nom allemand, refl\u00e9tant, comme le mot &#8220;T\u00e2rgu Mure\u015f&#8221; (march\u00e9 de Mures), la principale activit\u00e9 \u00e9conomique et le caract\u00e8re commercial de la ville <\/p>\n<p>.<\/p>\n<div id=\"toc_container\" class=\"no_bullets\"><p class=\"toc_title\">Contents<\/p><ul class=\"toc_list\"><li><a href=\"#Histoire_de_Targu_Mures\"><span class=\"toc_number toc_depth_1\">1<\/span> \n Histoire de T\u00e2rgu Mure\u0219 <\/a><\/li><li><a href=\"#Que_voir_a_Targa_Mures\"><span class=\"toc_number toc_depth_1\">2<\/span> \n Que voir \u00e0 Targa Mures <\/a><ul><li><a href=\"#Chateau_de_Targu_Mures_Cetatea_medievala\"><span class=\"toc_number toc_depth_2\">2.1<\/span> \n Ch\u00e2teau de Targu Mures (Cetatea medievala) <\/a><\/li><li><a href=\"#Excursions_a_partir_de_Targu_Mures\"><span class=\"toc_number toc_depth_2\">2.2<\/span> \n Excursions \u00e0 partir de Targu Mures <\/a><\/li><\/ul><\/li><\/ul><\/div>\n<h2><span id=\"Histoire_de_Targu_Mures\">\n <strong>Histoire de T\u00e2rgu Mure\u0219<\/strong> <\/span><\/h2>\n<p>\nLes premi\u00e8res r\u00e9f\u00e9rences que nous trouvons \u00e0 la ville dans le document latin Novum Forum Siculorum (1332), font en fait allusion \u00e0 ce mouvement du march\u00e9, et qu&#8217;\u00e0 d&#8217;autres occasions nous la trouvons d\u00e9sign\u00e9e comme Agropolis, montrant le r\u00f4le jou\u00e9 par l&#8217;agriculture environnante.<\/p>\n<p>\nAu cours du Moyen \u00c2ge, la fabrication de produits par les guildes locales a dynamis\u00e9 la ville, notamment la guilde des cordonniers, qui comptait plus de 250 personnes. Tout au long du Moyen \u00c2ge et plus intens\u00e9ment au cours des si\u00e8cles jusqu&#8217;au XXe si\u00e8cle, Targu Mures n&#8217;a cess\u00e9 de conna\u00eetre des \u00e9pisodes difficiles, avec des invasions et des envahissements continus entre Hongrois, Roumains et Turcs, qui ont d\u00e9vast\u00e9 la ville \u00e0 de nombreuses reprises. C&#8217;est l&#8217;une des raisons pour lesquelles il n&#8217;y a presque pas de b\u00e2timents anciens, et que pratiquement toute la ville date du XIXe si\u00e8cle.<\/p>\n<p>\nEn fait, le XIXe si\u00e8cle a \u00e9t\u00e9 un tournant majeur pour l&#8217;urbanisme, avec des transformations importantes qui ont donn\u00e9 \u00e0 la ville les deux cath\u00e9drales que nous voyons aujourd&#8217;hui, l&#8217;orthodoxe et la catholique.<\/p>\n<p>\nL&#8217;arriv\u00e9e du r\u00e9seau ferroviaire a entra\u00een\u00e9 une floraison de la ville, et surtout du centre-ville, autour de la place Piata Trandafirilor, dont les rues de caf\u00e9s, de restaurants, d&#8217;\u00e9glises et de monuments sont tr\u00e8s anim\u00e9es.<\/p>\n<h2><span id=\"Que_voir_a_Targa_Mures\">\n <strong>Que voir \u00e0 Targa Mures<\/strong> <\/span><\/h2>\n<p>\nL&#8217;une des principales attractions est le <strong>Palais de la culture<\/strong> (Palatul Culturii), un \u00e9l\u00e9gant b\u00e2timent du d\u00e9but du XIXe si\u00e8cle qui abrite plusieurs des mus\u00e9es de Targa Mures. La maison Teleki<\/strong><\/strong> (17 rue Str. Bolyai), qui rend hommage au chancelier de Transylvanie, promoteur du centre de documentation qui abrite cette grande biblioth\u00e8que, qui compte aujourd&#8217;hui plus de 250 000 ouvrages. Elle a \u00e9t\u00e9 fond\u00e9e \u00e0 la fin du XIXe si\u00e8cle et son fonds comprend des incunables et des manuscrits ainsi que des \u00e9ditions scientifiques et math\u00e9matiques de grande valeur. Samuel Teleki a longtemps v\u00e9cu dans le village de Dumbravioara, \u00e0 la p\u00e9riph\u00e9rie de Tirgu Mures, et a voulu faire don de plus de 40 livres \u00e0 la ville.000 livres qu&#8217;il collectionnait.<\/p>\n<p>\nLe m\u00eame chancelier est \u00e0 l&#8217;origine de la construction, entre 1820 et 1822, du <strong>Palais d&#8217;Apollon<\/strong> , (Palatul Apollo), un b\u00e2timent d\u00e9cor\u00e9 dans un style baroque tardif, dont la fa\u00e7ade a \u00e9t\u00e9 modifi\u00e9e d\u00e8s le XIXe si\u00e8cle (Piata Trandafirilor 5). Il \u00e9tait le th\u00e9\u00e2tre de grands \u00e9v\u00e9nements sociaux et de bals de la haute soci\u00e9t\u00e9 de la ville, et lorsqu&#8217;il a \u00e9t\u00e9 vendu dans les ann\u00e9es 1920, il a \u00e9t\u00e9 remodel\u00e9 dans le style \u00e9clectique Art nouveau que nous connaissons aujourd&#8217;hui.<\/p>\n<p>\nDeux autres b\u00e2timents uniques sont l&#8217;ancien et le nouvel <strong>h\u00f4tel de ville<\/strong> . Le premier sert d&#8217;exposition et d&#8217;atelier pour les artistes locaux, tandis que le second, con\u00e7u par les architectes Komor Marcel et Jakob Dezs\u00f6, a servi \u00e0 donner \u00e0 la ville un nouveau visage, moderne et de style Art nouveau, comme la nouvelle tendance \u00e0 la mode en Transylvanie.<\/p>\n<p>\nNous vous recommandons de visiter la biserica (\u00e9glise) en bois de l&#8217;Archange Michel, qui est la plus ancienne \u00e9glise orthodoxe de la ville, combinant des influences de l&#8217;architecture rurale traditionnelle avec des \u00e9l\u00e9ments baroques (1793) <\/p>\n<p>.<\/p>\n<h3><span id=\"Chateau_de_Targu_Mures_Cetatea_medievala\">\n <strong>Ch\u00e2teau de Targu Mures (Cetatea medievala)<\/strong> <\/span><\/h3>\n<p>\nL&#8217;histoire du ch\u00e2teau remonte au prince Stefan Bathory qui, en 1492, a \u00e9rig\u00e9 la fortification \u00e0 c\u00f4t\u00e9 du monast\u00e8re franciscain et de l&#8217;\u00e9glise. \u00c0 son architecture d\u00e9fensive m\u00e9di\u00e9vale, plusieurs bastions ont \u00e9t\u00e9 ajout\u00e9s au XVIIe si\u00e8cle, adapt\u00e9s \u00e0 l&#8217;utilisation de canons. Au si\u00e8cle suivant, la nouvelle conception de Vauban a ajout\u00e9 de nouveaux \u00e9l\u00e9ments, visibles dans d&#8217;autres fortifications telles que celles d&#8217;Alba-Iulia, d&#8217;Oradea ou de Timisoara.<\/p>\n<p>\nTargu Mures poss\u00e8de plusieurs <strong>mus\u00e9es<\/strong> d&#8217;un int\u00e9r\u00eat particulier pour les amateurs d&#8217;ethnographie, d&#8217;histoire, de coutumes et d&#8217;art, tels que :<\/p>\n<p>\n&#8211; Mus\u00e9e d&#8217;art (Muzeul de Arta).\u00a0Str. Enescu 2<\/p>\n<p>\n&#8211; Mus\u00e9e d&#8217;ethnographie et de folklore (Muzeul de Etnografie si Arta Populara).\u00a0Adresse : Piata Trandafirilor 11<\/p>\n<p>\n&#8211; Mus\u00e9e de l&#8217;histoire (Muzeul de Istorie).\u00a0Adresse : Piata Trandafirilor 11<\/p>\n<p>\n&#8211; Galerie de peinture &#8220;Ion Vlasiu&#8221;.\u00a0Adresse : Str. Bolyai Farkas 17<\/p>\n<p>\n&#8211; Mus\u00e9e des sciences naturelles (Sectia de Stiintele Naturii).\u00a0Adresse : Str. Horea 24<\/p>\n<p>\n&#8211; Mus\u00e9e d&#8217;histoire et d&#8217;arch\u00e9ologie (Muzeul Judetean de Arheologie si Istorie).\u00a0Adresse : Str. Horea 24<\/p>\n<h3><span id=\"Excursions_a_partir_de_Targu_Mures\">\n <strong>Excursions \u00e0 partir de Targu Mures<\/strong> <\/span><\/h3>\n<p>\nLa ville de Targu Mures vous invite \u00e0 la consid\u00e9rer comme une \u00e9tape d&#8217;h\u00e9bergement et \u00e0 faire des excursions \u00e0 partir d&#8217;ici vers des endroits int\u00e9ressants des environs :<\/p>\n<p> Reghin<\/strong> , \u00e0 cheval sur les deux rives de la rivi\u00e8re Mures, est c\u00e9l\u00e8bre pour le savoir-faire des luthiers de la ville. La ville remonte \u00e0 1218, lorsque les Saxons ont construit une colonie sur les ruines d&#8217;une forteresse de Dacie. Visitez la place centrale de la ville, Piata Petru Maior, avec de beaux b\u00e2timents aux balcons en fer forg\u00e9 et aux fa\u00e7ades color\u00e9es <\/p>\n<p>.<\/p>\n<p>\n <strong>Turda<\/strong> , dont les mines de sel sont exploit\u00e9es depuis 1271. Pendant la majeure partie du XXe si\u00e8cle, les anciennes mines ont \u00e9t\u00e9 utilis\u00e9es comme gisements de fromage. Aujourd&#8217;hui, ils sont ouverts aux visiteurs. Turda \u00e9tait le si\u00e8ge de la Di\u00e8te de Transylvanie au XVIe si\u00e8cle et donc l&#8217;une des villes les plus riches de la r\u00e9gion. \u00c0 l&#8217;est de Turda, nous pouvons nous d\u00e9tendre \u00e0 Baile Turda, un spa naturel en plein air construit sur le site d&#8217;une ancienne mine de sel romaine.<\/p>\n<p>\nEn <strong>Jidvei<\/strong> nous pouvons d\u00e9guster les vins dans les caves du ch\u00e2teau de Bethlen \u00e0 Cetatea de Balta, situ\u00e9 entre Tarnaveni et Blaj.\u00a0 Et en visitant <strong>Corund<\/strong> nous pourrons conna\u00eetre le savoir-faire des potiers locaux avec leurs motifs bleus et blancs caract\u00e9ristiques.<\/p>\n<p>\nParmi les autres villages et sites, citons la ville m\u00e9di\u00e9vale de Medios, Biertan et Saschiz.<\/p>\n<p> Carte de Targu Mures<\/strong> <\/h2>\n","protected":false},"excerpt":{"rendered":"<p>T\u00e2rgu Mure\u0219 (ou T\u00eergu Mure\u0219 en vieux roumain) est une ville du d\u00e9partement de Mures, situ\u00e9e dans la r\u00e9gion de Transylvanie , avec les Carpates orientales et la rivi\u00e8re Mures \u00e0 l&#8217;est et la ville de Cluj Napuca un peu plus \u00e0 l&#8217;ouest. Peupl\u00e9e depuis le n\u00e9olithique, l&#8217;\u00e2ge du bronze et bien plus tard comme &hellip;<\/p>\n<p class=\"read-more\"> <a class=\"\" href=\"https:\/\/roadtoromania.com\/fr\/villes-et-regions-de-roumanie\/targu-mures\/\"> <span class=\"screen-reader-text\">T\u00e2rgu Mure\u0219<\/span> Lire la suite \u00bb<\/a><\/p>\n","protected":false},"author":1,"featured_media":1396,"parent":3137,"menu_order":0,"comment_status":"open","ping_status":"open","template":"","meta":{"site-sidebar-layout":"default","site-content-layout":"default","ast-global-header-display":"","ast-main-header-display":"","ast-hfb-above-header-display":"","ast-hfb-below-header-display":"","ast-hfb-mobile-header-display":"","site-post-title":"","ast-breadcrumbs-content":"","ast-featured-img":"","footer-sml-layout":"","theme-transparent-header-meta":"","adv-header-id-meta":"","stick-header-meta":"","header-above-stick-meta":"","header-main-stick-meta":"","header-below-stick-meta":"","footnotes":""},"class_list":["post-3170","page","type-page","status-publish","has-post-thumbnail","hentry"],"yoast_head":"<!-- This site is optimized with the Yoast SEO plugin v19.10 - https:\/\/yoast.com\/wordpress\/plugins\/seo\/ -->\n<title>T\u00e2rgu Mure\u0219 - Road to Romania<\/title>\n<meta name=\"robots\" content=\"index, follow, max-snippet:-1, max-image-preview:large, max-video-preview:-1\" \/>\n<link rel=\"canonical\" href=\"https:\/\/roadtoromania.com\/fr\/villes-et-regions-de-roumanie\/targu-mures\/\" \/>\n<meta property=\"og:locale\" content=\"fr_FR\" \/>\n<meta property=\"og:type\" content=\"article\" \/>\n<meta property=\"og:title\" content=\"T\u00e2rgu Mure\u0219 - Road to Romania\" \/>\n<meta property=\"og:description\" content=\"T\u00e2rgu Mure\u0219 (ou T\u00eergu Mure\u0219 en vieux roumain) est une ville du d\u00e9partement de Mures, situ\u00e9e dans la r\u00e9gion de Transylvanie , avec les Carpates orientales et la rivi\u00e8re Mures \u00e0 l&#8217;est et la ville de Cluj Napuca un peu plus \u00e0 l&#8217;ouest. Peupl\u00e9e depuis le n\u00e9olithique, l&#8217;\u00e2ge du bronze et bien plus tard comme &hellip; T\u00e2rgu Mure\u0219 Lire la suite \u00bb\" \/>\n<meta property=\"og:url\" content=\"https:\/\/roadtoromania.com\/fr\/villes-et-regions-de-roumanie\/targu-mures\/\" \/>\n<meta property=\"og:site_name\" content=\"Road to Romania\" \/>\n<meta property=\"article:modified_time\" content=\"2022-10-18T14:52:14+00:00\" \/>\n<meta property=\"og:image\" content=\"https:\/\/roadtoromania.com\/wp-content\/uploads\/2022\/10\/targu_mures-1.jpg\" \/>\n\t<meta property=\"og:image:width\" content=\"768\" \/>\n\t<meta property=\"og:image:height\" content=\"125\" \/>\n\t<meta property=\"og:image:type\" content=\"image\/jpeg\" \/>\n<meta name=\"twitter:card\" content=\"summary_large_image\" \/>\n<meta name=\"twitter:label1\" content=\"Dur\u00e9e de lecture estim\u00e9e\" \/>\n\t<meta name=\"twitter:data1\" content=\"6 minutes\" \/>\n<script type=\"application\/ld+json\" class=\"yoast-schema-graph\">{\"@context\":\"https:\/\/schema.org\",\"@graph\":[{\"@type\":\"WebPage\",\"@id\":\"https:\/\/roadtoromania.com\/fr\/villes-et-regions-de-roumanie\/targu-mures\/\",\"url\":\"https:\/\/roadtoromania.com\/fr\/villes-et-regions-de-roumanie\/targu-mures\/\",\"name\":\"T\u00e2rgu Mure\u0219 - Road to Romania\",\"isPartOf\":{\"@id\":\"https:\/\/roadtoromania.com\/fr\/#website\"},\"datePublished\":\"2022-10-15T18:40:14+00:00\",\"dateModified\":\"2022-10-18T14:52:14+00:00\",\"breadcrumb\":{\"@id\":\"https:\/\/roadtoromania.com\/fr\/villes-et-regions-de-roumanie\/targu-mures\/#breadcrumb\"},\"inLanguage\":\"fr-FR\",\"potentialAction\":[{\"@type\":\"ReadAction\",\"target\":[\"https:\/\/roadtoromania.com\/fr\/villes-et-regions-de-roumanie\/targu-mures\/\"]}]},{\"@type\":\"BreadcrumbList\",\"@id\":\"https:\/\/roadtoromania.com\/fr\/villes-et-regions-de-roumanie\/targu-mures\/#breadcrumb\",\"itemListElement\":[{\"@type\":\"ListItem\",\"position\":1,\"name\":\"Home\",\"item\":\"https:\/\/roadtoromania.com\/fr\/\"},{\"@type\":\"ListItem\",\"position\":2,\"name\":\"T\u00e2rgu Mure\u0219\"}]},{\"@type\":\"WebSite\",\"@id\":\"https:\/\/roadtoromania.com\/fr\/#website\",\"url\":\"https:\/\/roadtoromania.com\/fr\/\",\"name\":\"Road to Romania\",\"description\":\"Le blog o\u00f9 vous trouverez toutes les informations dont vous avez besoin pour profiter de la Roumanie.\",\"potentialAction\":[{\"@type\":\"SearchAction\",\"target\":{\"@type\":\"EntryPoint\",\"urlTemplate\":\"https:\/\/roadtoromania.com\/fr\/?s={search_term_string}\"},\"query-input\":\"required name=search_term_string\"}],\"inLanguage\":\"fr-FR\"}]}<\/script>\n<!-- \/ Yoast SEO plugin. -->","yoast_head_json":{"title":"T\u00e2rgu Mure\u0219 - Road to Romania","robots":{"index":"index","follow":"follow","max-snippet":"max-snippet:-1","max-image-preview":"max-image-preview:large","max-video-preview":"max-video-preview:-1"},"canonical":"https:\/\/roadtoromania.com\/fr\/villes-et-regions-de-roumanie\/targu-mures\/","og_locale":"fr_FR","og_type":"article","og_title":"T\u00e2rgu Mure\u0219 - Road to Romania","og_description":"T\u00e2rgu Mure\u0219 (ou T\u00eergu Mure\u0219 en vieux roumain) est une ville du d\u00e9partement de Mures, situ\u00e9e dans la r\u00e9gion de Transylvanie , avec les Carpates orientales et la rivi\u00e8re Mures \u00e0 l&#8217;est et la ville de Cluj Napuca un peu plus \u00e0 l&#8217;ouest. Peupl\u00e9e depuis le n\u00e9olithique, l&#8217;\u00e2ge du bronze et bien plus tard comme &hellip; T\u00e2rgu Mure\u0219 Lire la suite \u00bb","og_url":"https:\/\/roadtoromania.com\/fr\/villes-et-regions-de-roumanie\/targu-mures\/","og_site_name":"Road to Romania","article_modified_time":"2022-10-18T14:52:14+00:00","og_image":[{"width":768,"height":125,"url":"https:\/\/roadtoromania.com\/wp-content\/uploads\/2022\/10\/targu_mures-1.jpg","type":"image\/jpeg"}],"twitter_card":"summary_large_image","twitter_misc":{"Dur\u00e9e de lecture estim\u00e9e":"6 minutes"},"schema":{"@context":"https:\/\/schema.org","@graph":[{"@type":"WebPage","@id":"https:\/\/roadtoromania.com\/fr\/villes-et-regions-de-roumanie\/targu-mures\/","url":"https:\/\/roadtoromania.com\/fr\/villes-et-regions-de-roumanie\/targu-mures\/","name":"T\u00e2rgu Mure\u0219 - Road to Romania","isPartOf":{"@id":"https:\/\/roadtoromania.com\/fr\/#website"},"datePublished":"2022-10-15T18:40:14+00:00","dateModified":"2022-10-18T14:52:14+00:00","breadcrumb":{"@id":"https:\/\/roadtoromania.com\/fr\/villes-et-regions-de-roumanie\/targu-mures\/#breadcrumb"},"inLanguage":"fr-FR","potentialAction":[{"@type":"ReadAction","target":["https:\/\/roadtoromania.com\/fr\/villes-et-regions-de-roumanie\/targu-mures\/"]}]},{"@type":"BreadcrumbList","@id":"https:\/\/roadtoromania.com\/fr\/villes-et-regions-de-roumanie\/targu-mures\/#breadcrumb","itemListElement":[{"@type":"ListItem","position":1,"name":"Home","item":"https:\/\/roadtoromania.com\/fr\/"},{"@type":"ListItem","position":2,"name":"T\u00e2rgu Mure\u0219"}]},{"@type":"WebSite","@id":"https:\/\/roadtoromania.com\/fr\/#website","url":"https:\/\/roadtoromania.com\/fr\/","name":"Road to Romania","description":"Le blog o\u00f9 vous trouverez toutes les informations dont vous avez besoin pour profiter de la Roumanie.","potentialAction":[{"@type":"SearchAction","target":{"@type":"EntryPoint","urlTemplate":"https:\/\/roadtoromania.com\/fr\/?s={search_term_string}"},"query-input":"required name=search_term_string"}],"inLanguage":"fr-FR"}]}},"_links":{"self":[{"href":"https:\/\/roadtoromania.com\/fr\/wp-json\/wp\/v2\/pages\/3170","targetHints":{"allow":["GET"]}}],"collection":[{"href":"https:\/\/roadtoromania.com\/fr\/wp-json\/wp\/v2\/pages"}],"about":[{"href":"https:\/\/roadtoromania.com\/fr\/wp-json\/wp\/v2\/types\/page"}],"author":[{"embeddable":true,"href":"https:\/\/roadtoromania.com\/fr\/wp-json\/wp\/v2\/users\/1"}],"replies":[{"embeddable":true,"href":"https:\/\/roadtoromania.com\/fr\/wp-json\/wp\/v2\/comments?post=3170"}],"version-history":[{"count":0,"href":"https:\/\/roadtoromania.com\/fr\/wp-json\/wp\/v2\/pages\/3170\/revisions"}],"up":[{"embeddable":true,"href":"https:\/\/roadtoromania.com\/fr\/wp-json\/wp\/v2\/pages\/3137"}],"wp:featuredmedia":[{"embeddable":true,"href":"https:\/\/roadtoromania.com\/fr\/wp-json\/wp\/v2\/media\/1396"}],"wp:attachment":[{"href":"https:\/\/roadtoromania.com\/fr\/wp-json\/wp\/v2\/media?parent=3170"}],"curies":[{"name":"wp","href":"https:\/\/api.w.org\/{rel}","templated":true}]}}