{"id":3175,"date":"2022-10-15T18:40:14","date_gmt":"2022-10-15T18:40:14","guid":{"rendered":"https:\/\/roadtoromania.com\/comment-se-rendre-en-roumanie\/"},"modified":"2022-10-18T15:14:11","modified_gmt":"2022-10-18T15:14:11","slug":"comment-se-rendre-en-roumanie","status":"publish","type":"page","link":"https:\/\/roadtoromania.com\/fr\/comment-se-rendre-en-roumanie\/","title":{"rendered":"Comment se rendre en Roumanie"},"content":{"rendered":"<p>Les communications entre l&#8217;Espagne et les principaux pays europ\u00e9ens et la Roumanie se sont consid\u00e9rablement am\u00e9lior\u00e9es ces derni\u00e8res ann\u00e9es. Que ce soit en avion, en bus, en voiture ou en train, la Roumanie peut \u00eatre visit\u00e9e sans probl\u00e8me et sans d\u00e9penser trop d&#8217;argent. Bucarest, mais aussi Brasov, Cluj ou Timisoara ont r\u00e9ussi \u00e0 se connecter aux principales capitales europ\u00e9ennes gr\u00e2ce \u00e0 des compagnies a\u00e9riennes \u00e0 bas prix qui permettent de visiter les principales villes roumaines facilement et \u00e0 moindre co\u00fbt.<\/p>\n<p> Roumanie par avion<\/strong> <\/h3>\n<p>\nLa Roumanie est \u00e0 environ trois heures de vol de Barcelone, et un peu plus de Madrid, Malaga, S\u00e9ville ou Bilbao. Plusieurs compagnies a\u00e9riennes proposent de bonnes liaisons, nombreuses et assez bon march\u00e9, ce qui permet de passer sans probl\u00e8me un week-end \u00e0 Bucarest, Cluj ou Brasov, ou mieux encore une semaine en Roumanie.<\/p>\n<p>\nPour plus d&#8217;informations, visitez notre page sur les Vols vers la Roumanie<\/a> .<\/p>\n<p>\nOu cliquez sur le lien :<\/p>\n<p> La Roumanie en voiture.<\/strong> <\/h3>\n<p>\nNous pouvons voyager \u00e0 travers l&#8217;Europe, un v\u00e9ritable voyage de l&#8217;Espagne \u00e0 la Roumanie. Nous ne passerons que par la France, l&#8217;Italie, la Slov\u00e9nie, la Croatie, la Serbie,&#8230; la Hongrie, la Bulgarie, pour les aventuriers.<\/p>\n<h3>\n <strong>Location de voitures en Roumanie.<\/strong> <\/h3>\n<p>\nIl est plus pratique de louer une voiture en Roumanie. Les routes sont acceptables et la fa\u00e7on de conduire ne diff\u00e8re pas beaucoup de la conduite italienne ou grecque. Une possibilit\u00e9 qui nous permettra de conna\u00eetre la Roumanie beaucoup mieux et plus personnellement.<\/p>\n<p>\n<a href=\"https:\/\/roadtoromania.com\/fr\/location-de-voitures-en-roumanie\/\"> Location de voiture<\/a> <\/p>\n<h3>\n <strong>La Roumanie en train.<\/strong> <\/h3>\n<p>\nLes trains ne fonctionnent pas mal, bien qu&#8217;ils soient lents. La Roumanie est accessible depuis l&#8217;Allemagne, via la R\u00e9publique tch\u00e8que, la Slovaquie, la Pologne et la Hongrie. Ou de l&#8217;Italie via la Slov\u00e9nie, la Croatie, la Serbie et la Bulgarie.<\/p>\n<p>\nLes trains en Roumanie sont peu co\u00fbteux et, si vous avez le temps, vous pouvez visiter les principales villes.<\/p>\n<h3>\n <strong>Bus entre la Roumanie et l&#8217;Espagne.<\/strong> <\/h3>\n<p>\nCe n&#8217;est certes pas tr\u00e8s confortable mais cela peut \u00eatre int\u00e9ressant si l&#8217;on doit voyager avec beaucoup de bagages et que le temps ne nous d\u00e9range pas. C&#8217;est vraiment une exp\u00e9rience.<\/p>\n<p>\n","protected":false},"excerpt":{"rendered":"<p>Les communications entre l&#8217;Espagne et les principaux pays europ\u00e9ens et la Roumanie se sont consid\u00e9rablement am\u00e9lior\u00e9es ces derni\u00e8res ann\u00e9es. Que ce soit en avion, en bus, en voiture ou en train, la Roumanie peut \u00eatre visit\u00e9e sans probl\u00e8me et sans d\u00e9penser trop d&#8217;argent. Bucarest, mais aussi Brasov, Cluj ou Timisoara ont r\u00e9ussi \u00e0 se connecter &hellip;<\/p>\n<p class=\"read-more\"> <a class=\"\" href=\"https:\/\/roadtoromania.com\/fr\/comment-se-rendre-en-roumanie\/\"> <span class=\"screen-reader-text\">Comment se rendre en Roumanie<\/span> Lire la suite \u00bb<\/a><\/p>\n","protected":false},"author":1,"featured_media":0,"parent":0,"menu_order":0,"comment_status":"open","ping_status":"open","template":"","meta":{"site-sidebar-layout":"default","site-content-layout":"default","ast-global-header-display":"","ast-main-header-display":"","ast-hfb-above-header-display":"","ast-hfb-below-header-display":"","ast-hfb-mobile-header-display":"","site-post-title":"","ast-breadcrumbs-content":"","ast-featured-img":"","footer-sml-layout":"","theme-transparent-header-meta":"default","adv-header-id-meta":"","stick-header-meta":"","header-above-stick-meta":"","header-main-stick-meta":"","header-below-stick-meta":"","footnotes":""},"class_list":["post-3175","page","type-page","status-publish","hentry"],"yoast_head":"<!-- This site is optimized with the Yoast SEO plugin v19.10 - https:\/\/yoast.com\/wordpress\/plugins\/seo\/ -->\n<title>Comment se rendre en Roumanie - Road to Romania<\/title>\n<meta name=\"robots\" content=\"index, follow, max-snippet:-1, max-image-preview:large, max-video-preview:-1\" \/>\n<link rel=\"canonical\" href=\"https:\/\/roadtoromania.com\/fr\/comment-se-rendre-en-roumanie\/\" \/>\n<meta property=\"og:locale\" content=\"fr_FR\" \/>\n<meta property=\"og:type\" content=\"article\" \/>\n<meta property=\"og:title\" content=\"Comment se rendre en Roumanie - Road to Romania\" \/>\n<meta property=\"og:description\" content=\"Les communications entre l&#8217;Espagne et les principaux pays europ\u00e9ens et la Roumanie se sont consid\u00e9rablement am\u00e9lior\u00e9es ces derni\u00e8res ann\u00e9es. Que ce soit en avion, en bus, en voiture ou en train, la Roumanie peut \u00eatre visit\u00e9e sans probl\u00e8me et sans d\u00e9penser trop d&#8217;argent. Bucarest, mais aussi Brasov, Cluj ou Timisoara ont r\u00e9ussi \u00e0 se connecter &hellip; Comment se rendre en Roumanie Lire la suite \u00bb\" \/>\n<meta property=\"og:url\" content=\"https:\/\/roadtoromania.com\/fr\/comment-se-rendre-en-roumanie\/\" \/>\n<meta property=\"og:site_name\" content=\"Road to Romania\" \/>\n<meta property=\"article:modified_time\" content=\"2022-10-18T15:14:11+00:00\" \/>\n<meta name=\"twitter:card\" content=\"summary_large_image\" \/>\n<meta name=\"twitter:label1\" content=\"Dur\u00e9e de lecture estim\u00e9e\" \/>\n\t<meta name=\"twitter:data1\" content=\"2 minutes\" \/>\n<script type=\"application\/ld+json\" class=\"yoast-schema-graph\">{\"@context\":\"https:\/\/schema.org\",\"@graph\":[{\"@type\":\"WebPage\",\"@id\":\"https:\/\/roadtoromania.com\/fr\/comment-se-rendre-en-roumanie\/\",\"url\":\"https:\/\/roadtoromania.com\/fr\/comment-se-rendre-en-roumanie\/\",\"name\":\"Comment se rendre en Roumanie - Road to Romania\",\"isPartOf\":{\"@id\":\"https:\/\/roadtoromania.com\/fr\/#website\"},\"datePublished\":\"2022-10-15T18:40:14+00:00\",\"dateModified\":\"2022-10-18T15:14:11+00:00\",\"breadcrumb\":{\"@id\":\"https:\/\/roadtoromania.com\/fr\/comment-se-rendre-en-roumanie\/#breadcrumb\"},\"inLanguage\":\"fr-FR\",\"potentialAction\":[{\"@type\":\"ReadAction\",\"target\":[\"https:\/\/roadtoromania.com\/fr\/comment-se-rendre-en-roumanie\/\"]}]},{\"@type\":\"BreadcrumbList\",\"@id\":\"https:\/\/roadtoromania.com\/fr\/comment-se-rendre-en-roumanie\/#breadcrumb\",\"itemListElement\":[{\"@type\":\"ListItem\",\"position\":1,\"name\":\"Home\",\"item\":\"https:\/\/roadtoromania.com\/fr\/\"},{\"@type\":\"ListItem\",\"position\":2,\"name\":\"Comment se rendre en Roumanie\"}]},{\"@type\":\"WebSite\",\"@id\":\"https:\/\/roadtoromania.com\/fr\/#website\",\"url\":\"https:\/\/roadtoromania.com\/fr\/\",\"name\":\"Road to Romania\",\"description\":\"Le blog o\u00f9 vous trouverez toutes les informations dont vous avez besoin pour profiter de la Roumanie.\",\"potentialAction\":[{\"@type\":\"SearchAction\",\"target\":{\"@type\":\"EntryPoint\",\"urlTemplate\":\"https:\/\/roadtoromania.com\/fr\/?s={search_term_string}\"},\"query-input\":\"required name=search_term_string\"}],\"inLanguage\":\"fr-FR\"}]}<\/script>\n<!-- \/ Yoast SEO plugin. -->","yoast_head_json":{"title":"Comment se rendre en Roumanie - Road to Romania","robots":{"index":"index","follow":"follow","max-snippet":"max-snippet:-1","max-image-preview":"max-image-preview:large","max-video-preview":"max-video-preview:-1"},"canonical":"https:\/\/roadtoromania.com\/fr\/comment-se-rendre-en-roumanie\/","og_locale":"fr_FR","og_type":"article","og_title":"Comment se rendre en Roumanie - Road to Romania","og_description":"Les communications entre l&#8217;Espagne et les principaux pays europ\u00e9ens et la Roumanie se sont consid\u00e9rablement am\u00e9lior\u00e9es ces derni\u00e8res ann\u00e9es. Que ce soit en avion, en bus, en voiture ou en train, la Roumanie peut \u00eatre visit\u00e9e sans probl\u00e8me et sans d\u00e9penser trop d&#8217;argent. Bucarest, mais aussi Brasov, Cluj ou Timisoara ont r\u00e9ussi \u00e0 se connecter &hellip; Comment se rendre en Roumanie Lire la suite \u00bb","og_url":"https:\/\/roadtoromania.com\/fr\/comment-se-rendre-en-roumanie\/","og_site_name":"Road to Romania","article_modified_time":"2022-10-18T15:14:11+00:00","twitter_card":"summary_large_image","twitter_misc":{"Dur\u00e9e de lecture estim\u00e9e":"2 minutes"},"schema":{"@context":"https:\/\/schema.org","@graph":[{"@type":"WebPage","@id":"https:\/\/roadtoromania.com\/fr\/comment-se-rendre-en-roumanie\/","url":"https:\/\/roadtoromania.com\/fr\/comment-se-rendre-en-roumanie\/","name":"Comment se rendre en Roumanie - Road to Romania","isPartOf":{"@id":"https:\/\/roadtoromania.com\/fr\/#website"},"datePublished":"2022-10-15T18:40:14+00:00","dateModified":"2022-10-18T15:14:11+00:00","breadcrumb":{"@id":"https:\/\/roadtoromania.com\/fr\/comment-se-rendre-en-roumanie\/#breadcrumb"},"inLanguage":"fr-FR","potentialAction":[{"@type":"ReadAction","target":["https:\/\/roadtoromania.com\/fr\/comment-se-rendre-en-roumanie\/"]}]},{"@type":"BreadcrumbList","@id":"https:\/\/roadtoromania.com\/fr\/comment-se-rendre-en-roumanie\/#breadcrumb","itemListElement":[{"@type":"ListItem","position":1,"name":"Home","item":"https:\/\/roadtoromania.com\/fr\/"},{"@type":"ListItem","position":2,"name":"Comment se rendre en Roumanie"}]},{"@type":"WebSite","@id":"https:\/\/roadtoromania.com\/fr\/#website","url":"https:\/\/roadtoromania.com\/fr\/","name":"Road to Romania","description":"Le blog o\u00f9 vous trouverez toutes les informations dont vous avez besoin pour profiter de la Roumanie.","potentialAction":[{"@type":"SearchAction","target":{"@type":"EntryPoint","urlTemplate":"https:\/\/roadtoromania.com\/fr\/?s={search_term_string}"},"query-input":"required name=search_term_string"}],"inLanguage":"fr-FR"}]}},"_links":{"self":[{"href":"https:\/\/roadtoromania.com\/fr\/wp-json\/wp\/v2\/pages\/3175","targetHints":{"allow":["GET"]}}],"collection":[{"href":"https:\/\/roadtoromania.com\/fr\/wp-json\/wp\/v2\/pages"}],"about":[{"href":"https:\/\/roadtoromania.com\/fr\/wp-json\/wp\/v2\/types\/page"}],"author":[{"embeddable":true,"href":"https:\/\/roadtoromania.com\/fr\/wp-json\/wp\/v2\/users\/1"}],"replies":[{"embeddable":true,"href":"https:\/\/roadtoromania.com\/fr\/wp-json\/wp\/v2\/comments?post=3175"}],"version-history":[{"count":1,"href":"https:\/\/roadtoromania.com\/fr\/wp-json\/wp\/v2\/pages\/3175\/revisions"}],"predecessor-version":[{"id":3230,"href":"https:\/\/roadtoromania.com\/fr\/wp-json\/wp\/v2\/pages\/3175\/revisions\/3230"}],"wp:attachment":[{"href":"https:\/\/roadtoromania.com\/fr\/wp-json\/wp\/v2\/media?parent=3175"}],"curies":[{"name":"wp","href":"https:\/\/api.w.org\/{rel}","templated":true}]}}