{"id":3176,"date":"2022-10-15T18:40:14","date_gmt":"2022-10-15T18:40:14","guid":{"rendered":"https:\/\/roadtoromania.com\/se-deplacer-en-roumanie\/"},"modified":"2022-10-18T14:52:14","modified_gmt":"2022-10-18T14:52:14","slug":"se-deplacer-en-roumanie","status":"publish","type":"page","link":"https:\/\/roadtoromania.com\/fr\/se-deplacer-en-roumanie\/","title":{"rendered":"Se d\u00e9placer en Roumanie"},"content":{"rendered":"<p>La Roumanie est un pays assez s\u00fbr et agr\u00e9able \u00e0 parcourir dans le cadre d&#8217;un voyage personnel et non organis\u00e9. Bien s\u00fbr, comme dans tous les pays, il y a des endroits o\u00f9 il ne faut pas entrer, etc., mais si la Roumanie se distingue par quelque chose, c&#8217;est par <strong>l&#8217;amabilit\u00e9 et la sollicitude des Roumains<\/strong> , qui accueillent en g\u00e9n\u00e9ral les visiteurs, surtout les Espagnols, avec beaucoup d&#8217;affection. Paradoxe de la vie, car en Espagne, les Roumains ne sont parfois pas trait\u00e9s avec autant de d\u00e9f\u00e9rence, de respect et de gentillesse. Voyagez pour apprendre !<\/p>\n<p>\nLe syst\u00e8me de transport en Roumanie est assez vari\u00e9 et offre de nombreuses options aux touristes qui viennent dans le pays pour une courte p\u00e9riode ou qui vont y passer plus de temps. Le meilleur moyen de transport en Roumanie d\u00e9pend de vos besoins, des endroits o\u00f9 vous souhaitez vous rendre et de la somme d&#8217;argent que vous avez pr\u00e9par\u00e9e pour ces activit\u00e9s ;<br \/>\nSi vous envisagez de voyager dans le pays, il est bon de savoir qu&#8217;il existe plusieurs moyens de se d\u00e9placer. Certaines peuvent \u00eatre moins ch\u00e8res que d&#8217;autres et d&#8217;autres peuvent vous demander plus d&#8217;efforts, mais elles peuvent constituer des exp\u00e9riences formidables. Nous vous pr\u00e9sentons ici toutes les informations importantes sur les diff\u00e9rents types de transport en Roumanie afin que vous puissiez choisir la meilleure option en fonction de vos besoins et exigences.<\/p>\n<p><img decoding=\"async\" src=\"https:\/\/roadtoromania.com\/wp-content\/uploads\/2022\/10\/moverse-rumania-coche.jpg\" \/>Signes en Roumanie. Un pays pour voyager sous toutes ses formes.<\/p>\n<div id=\"toc_container\" class=\"no_bullets\"><p class=\"toc_title\">Contents<\/p><ul class=\"toc_list\"><li><a href=\"#Voyager_en_train_en_Roumanie\"><span class=\"toc_number toc_depth_1\">1<\/span> \nVoyager en train en Roumanie<\/a><\/li><li><a href=\"#Se_deplacer_en_Roumanie_en_bus\"><span class=\"toc_number toc_depth_1\">2<\/span> \nSe d\u00e9placer en Roumanie en bus<\/a><\/li><li><a href=\"#Voyager_en_avion_en_Roumanie\"><span class=\"toc_number toc_depth_1\">3<\/span> \nVoyager en avion en Roumanie<\/a><\/li><li><a href=\"#Se_deplacer_en_Roumanie_en_voiture\"><span class=\"toc_number toc_depth_1\">4<\/span> \nSe d\u00e9placer en Roumanie en voiture<\/a><\/li><li><a href=\"#Se_deplacer_en_Roumanie_en_taxi\"><span class=\"toc_number toc_depth_1\">5<\/span> \nSe d\u00e9placer en Roumanie en taxi<\/a><\/li><li><a href=\"#Se_deplacer_en_Roumanie_en_bateau\"><span class=\"toc_number toc_depth_1\">6<\/span> \nSe d\u00e9placer en Roumanie en bateau<\/a><\/li><li><a href=\"#En_camping-car_et_en_caravane_en_Roumanie\"><span class=\"toc_number toc_depth_1\">7<\/span> \nEn camping-car et en caravane en Roumanie.<\/a><\/li><\/ul><\/div>\n<h2><span id=\"Voyager_en_train_en_Roumanie\">\nVoyager en train en Roumanie<\/span><\/h2>\n<p>\nLe train, le mode de transport le plus traditionnel de la Roumanie, est un excellent moyen de voyager dans le pays. Plusieurs trains peuvent vous emmener dans diff\u00e9rentes r\u00e9gions du pays et dans d&#8217;autres pays europ\u00e9ens. Les trains sont relativement bon march\u00e9 et constituent un excellent moyen de rencontrer les habitants et de d\u00e9couvrir le pays de l&#8217;int\u00e9rieur. Il existe deux types de trains en Roumanie : les trains intercit\u00e9s et les trains internationaux. L&#8217;intercity est un peu plus lent que l&#8217;international et peut vous emmener dans les pays voisins. Les lignes ferroviaires les plus populaires du pays sont les suivantes : &#8211; La route Brad &#8211; Vama Veche qui vous emm\u00e8ne du nord au sud du pays. &#8211; L&#8217;itin\u00e9raire Craiova &#8211; Bucarest qui vous emm\u00e8ne d&#8217;une grande ville de Roumanie \u00e0 une autre. &#8211; L&#8217;itin\u00e9raire Sibiu &#8211; Bucarest, qui traverse la r\u00e9gion de la Transylvanie. &#8211; L&#8217;itin\u00e9raire Sighisoara &#8211; Bucarest, qui vous m\u00e8nera de la ville touristique de Sighisoara \u00e0 la capitale.<\/p>\n<h2><span id=\"Se_deplacer_en_Roumanie_en_bus\">\nSe d\u00e9placer en Roumanie en bus<\/span><\/h2>\n<p>\nLes bus sont une option de transport populaire en Roumanie. Ils sont bon march\u00e9 et vous emm\u00e8nent dans presque tous les coins du pays. Vous pouvez vous rendre presque partout en Roumanie en bus, et la plupart du temps, c&#8217;est encore plus rapide que de voyager en train. Il existe plusieurs types de bus en Roumanie : les bus express, les bus locaux et les bus de luxe. Les bus express sont les plus rapides, mais ils sont aussi les plus chers. Les bus locaux sont plus lents et moins chers que les bus express. Les bus de luxe sont confortables et vous emm\u00e8nent aux endroits souhait\u00e9s de mani\u00e8re tr\u00e8s d\u00e9tendue et agr\u00e9able. Les lignes de bus les plus populaires en Roumanie sont les suivantes : &#8211; L&#8217;itin\u00e9raire Bucarest &#8211; Sibiu qui vous fait traverser la partie transylvanienne du pays. &#8211; L&#8217;itin\u00e9raire Bucarest &#8211; Brasov, qui traverse la partie transylvanienne du pays. &#8211; L&#8217;itin\u00e9raire Bucarest &#8211; Timisoara, qui traverse la partie transylvanienne du pays. &#8211; L&#8217;itin\u00e9raire Bucarest &#8211; Cluj, qui traverse la partie transylvanienne du pays. &#8211; L&#8217;itin\u00e9raire Bucarest &#8211; Iasi, qui traverse la partie transylvanienne du pays. &#8211; L&#8217;itin\u00e9raire Bucarest &#8211; Arad, qui traverse la partie transylvanienne du pays. &#8211; L&#8217;itin\u00e9raire Bucarest &#8211; Oradea, qui traverse la partie transylvanienne du pays.<\/p>\n<h2><span id=\"Voyager_en_avion_en_Roumanie\">\nVoyager en avion en Roumanie<\/span><\/h2>\n<p>\nL&#8217;avion peut \u00eatre un excellent moyen de voir le pays depuis les airs et de visiter de nombreux endroits en une journ\u00e9e. De nombreux a\u00e9roports roumains proposent \u00e9galement des vols vers d&#8217;autres pays, ce qui facilite les d\u00e9placements vers et depuis la Roumanie.Vous pouvez prendre l&#8217;avion d&#8217;un bout \u00e0 l&#8217;autre du pays en une seule journ\u00e9e, ou vous pouvez prendre l&#8217;avion pour d&#8217;autres endroits dans la m\u00eame journ\u00e9e, puis revenir \u00e0 votre point de d\u00e9part en train ou en bus. Le pays compte cinq a\u00e9roports internationaux, les principaux \u00e9tant Bucarest, Cluj, Timisoara, Sibiu et Iasi. En fonction de l&#8217;endroit o\u00f9 vous vous rendez en Roumanie, vous pouvez rechercher des vols vers l&#8217;un de ces a\u00e9roports, puis prendre un bus ou un train jusqu&#8217;\u00e0 la destination souhait\u00e9e. La plupart des vols en Roumanie sont assur\u00e9s par des compagnies a\u00e9riennes \u00e0 bas prix, ce qui signifie que les billets sont tr\u00e8s abordables. Vous pouvez souvent trouver de bonnes affaires sur les vols vers la Roumanie et en profiter pour visiter plusieurs autres villes d&#8217;Europe au cours du m\u00eame voyage.<\/p>\n<h2><span id=\"Se_deplacer_en_Roumanie_en_voiture\">\nSe d\u00e9placer en Roumanie en voiture<\/span><\/h2>\n<p>\nSi vous voyagez en Roumanie en voiture, vous pourrez vous d\u00e9placer dans presque tout le pays. C&#8217;est une excellente option si vous disposez de beaucoup de temps et d&#8217;argent pour voyager et si vous voulez voir le plus de choses possible dans le pays. Il existe deux types de routes en Roumanie : les routes nationales et les routes d\u00e9partementales. Les routes nationales sont meilleures que les routes d\u00e9partementales et sont principalement utilis\u00e9es par les bus. Les routes de comt\u00e9 sont plus petites, plus venteuses et plus pittoresques que les routes nationales. L&#8217;\u00e9tat des routes en Roumanie peut varier en fonction de la p\u00e9riode de l&#8217;ann\u00e9e. Si vous voyagez en automne ou en hiver, vous constaterez peut-\u00eatre que certaines petites routes sont ferm\u00e9es en raison de fortes chutes de neige. Il se peut \u00e9galement que certaines routes nationales soient ferm\u00e9es pour entretien pendant ces p\u00e9riodes. Vous pouvez facilement louer une voiture en Roumanie et conduire o\u00f9 vous voulez. Assurez-vous d&#8217;avoir les bons documents et d&#8217;\u00eatre assur\u00e9 pour conduire dans le pays. Parmi les soci\u00e9t\u00e9s de location de voitures les plus populaires dans le pays figurent SIXT, Europcar, Avis et Hertz.<\/p>\n<h2><span id=\"Se_deplacer_en_Roumanie_en_taxi\">\nSe d\u00e9placer en Roumanie en taxi<\/span><\/h2>\n<p>\nSi vous ne disposez que de quelques jours dans le pays et que vous voulez voir beaucoup d&#8217;endroits, c&#8217;est une excellente option de transport. Vous pouvez prendre des taxis entre les villes, et vous pouvez \u00e9galement trouver des chauffeurs de taxi qui sont pr\u00eats \u00e0 se rendre \u00e0 d&#8217;autres destinations dans le pays et \u00e0 vous faire visiter. Les taxis en Roumanie sont tr\u00e8s bon march\u00e9 et constituent un excellent moyen de se d\u00e9placer dans le pays. Vous pouvez facilement marchander avec les chauffeurs de taxi et trouver la meilleure offre pour vous. Si vous voyagez seul, vous pouvez prendre des services de taxi qui vous emm\u00e8nent d&#8217;un endroit \u00e0 un autre et vous d\u00e9posent \u00e0 la destination souhait\u00e9e. Vous pouvez trouver des services de taxi bon march\u00e9 en Roumanie qui sont parfaits pour les touristes. Vous pouvez n\u00e9gocier avec les chauffeurs et voir s&#8217;ils sont pr\u00eats \u00e0 vous emmener aux endroits o\u00f9 vous voulez aller pour un tarif moins cher.<\/p>\n<h2><span id=\"Se_deplacer_en_Roumanie_en_bateau\">\nSe d\u00e9placer en Roumanie en bateau<\/span><\/h2>\n<p>\nSi vous souhaitez vous rendre dans le delta du Danube, c&#8217;est la meilleure option pour vous. Vous pouvez prendre des bateaux depuis diff\u00e9rents endroits du pays et atteindre l&#8217;embouchure du Danube en quelques heures seulement. C&#8217;est un excellent moyen de se d\u00e9tendre et d&#8217;admirer les magnifiques paysages du pays depuis l&#8217;eau. Vous pouvez facilement trouver des bateaux qui voyagent d&#8217;une partie du pays \u00e0 l&#8217;autre. Vous pouvez choisir celui qui correspond \u00e0 vos besoins, au montant que vous souhaitez d\u00e9penser et \u00e0 la dur\u00e9e du voyage que vous souhaitez effectuer. Il y a deux endroits principaux o\u00f9 vous pouvez prendre un bateau pour le delta du Danube : Giurgiu et Tulcea. De ces deux endroits, vous pouvez prendre un bateau pour rejoindre les rivi\u00e8res Sf. Les rivi\u00e8res Gheorghe et Sulina, qui sont les principaux lieux du Delta.<\/p>\n<h2><span id=\"En_camping-car_et_en_caravane_en_Roumanie\">\nEn camping-car et en caravane en Roumanie.<\/span><\/h2>\n<p>\nNous avons travers\u00e9 la Roumanie en voiture, en train, en bus, et toujours sans aucun probl\u00e8me.<\/strong> Les transports publics<\/strong> (train, bus, m\u00e9tro) sont tr\u00e8s utiles entre les grandes villes et les principaux sites touristiques. Il devient moins int\u00e9ressant lorsque c&#8217;est nous qui voulons fixer le rythme et les \u00e9tapes de notre voyage. Dans ce cas, nous vous recommandons de louer une voiture. Les prix sont similaires \u00e0 ceux du reste de l&#8217;Europe, un peu moins chers si possible, et il existe des soci\u00e9t\u00e9s de location de voitures dans les principales villes. Pour plus d&#8217;informations, visitez <a href=\"https:\/\/roadtoromania.com\/fr\/location-de-voitures-en-roumanie\/\">notre section de location de voitures<\/a> .<\/p>\n<p>\nVous pouvez \u00e9galement <a href=\"https:\/\/roadtoromania.com\/fr\/louer-un-camping-car-ou-une-caravane-en-roumanie\/\"> <strong>louer un camping-car ou une caravane en Roumanie<\/strong><\/a> pour vous d\u00e9placer librement dans le pays et oublier l&#8217;h\u00e9bergement. Une autre fa\u00e7on diff\u00e9rente de d\u00e9couvrir son patrimoine naturel et monumental.<\/p>\n<p>\nEnsuite, dans les zones de montagne, vous pouvez <strong>louer des v\u00e9los de montagne, faire de la randonn\u00e9e, du ski ou de l&#8217;\u00e9quitation<\/strong> . D&#8217;autres fa\u00e7ons de se d\u00e9placer, d&#8217;autres activit\u00e9s que la Roumanie peut offrir.<\/p>\n","protected":false},"excerpt":{"rendered":"<p>La Roumanie est un pays assez s\u00fbr et agr\u00e9able \u00e0 parcourir dans le cadre d&#8217;un voyage personnel et non organis\u00e9. Bien s\u00fbr, comme dans tous les pays, il y a des endroits o\u00f9 il ne faut pas entrer, etc., mais si la Roumanie se distingue par quelque chose, c&#8217;est par l&#8217;amabilit\u00e9 et la sollicitude des &hellip;<\/p>\n<p class=\"read-more\"> <a class=\"\" href=\"https:\/\/roadtoromania.com\/fr\/se-deplacer-en-roumanie\/\"> <span class=\"screen-reader-text\">Se d\u00e9placer en Roumanie<\/span> Lire la suite \u00bb<\/a><\/p>\n","protected":false},"author":1,"featured_media":1455,"parent":0,"menu_order":0,"comment_status":"open","ping_status":"open","template":"","meta":{"site-sidebar-layout":"default","site-content-layout":"default","ast-global-header-display":"","ast-main-header-display":"","ast-hfb-above-header-display":"","ast-hfb-below-header-display":"","ast-hfb-mobile-header-display":"","site-post-title":"","ast-breadcrumbs-content":"","ast-featured-img":"","footer-sml-layout":"","theme-transparent-header-meta":"","adv-header-id-meta":"","stick-header-meta":"","header-above-stick-meta":"","header-main-stick-meta":"","header-below-stick-meta":"","footnotes":""},"class_list":["post-3176","page","type-page","status-publish","has-post-thumbnail","hentry"],"yoast_head":"<!-- This site is optimized with the Yoast SEO plugin v19.10 - https:\/\/yoast.com\/wordpress\/plugins\/seo\/ -->\n<title>Se d\u00e9placer en Roumanie - Road to Romania<\/title>\n<meta name=\"robots\" content=\"index, follow, max-snippet:-1, max-image-preview:large, max-video-preview:-1\" \/>\n<link rel=\"canonical\" href=\"https:\/\/roadtoromania.com\/fr\/se-deplacer-en-roumanie\/\" \/>\n<meta property=\"og:locale\" content=\"fr_FR\" \/>\n<meta property=\"og:type\" content=\"article\" \/>\n<meta property=\"og:title\" content=\"Se d\u00e9placer en Roumanie - Road to Romania\" \/>\n<meta property=\"og:description\" content=\"La Roumanie est un pays assez s\u00fbr et agr\u00e9able \u00e0 parcourir dans le cadre d&#8217;un voyage personnel et non organis\u00e9. Bien s\u00fbr, comme dans tous les pays, il y a des endroits o\u00f9 il ne faut pas entrer, etc., mais si la Roumanie se distingue par quelque chose, c&#8217;est par l&#8217;amabilit\u00e9 et la sollicitude des &hellip; Se d\u00e9placer en Roumanie Lire la suite \u00bb\" \/>\n<meta property=\"og:url\" content=\"https:\/\/roadtoromania.com\/fr\/se-deplacer-en-roumanie\/\" \/>\n<meta property=\"og:site_name\" content=\"Road to Romania\" \/>\n<meta property=\"article:modified_time\" content=\"2022-10-18T14:52:14+00:00\" \/>\n<meta property=\"og:image\" content=\"https:\/\/roadtoromania.com\/wp-content\/uploads\/2022\/10\/moverse-rumania-coche-1.jpg\" \/>\n\t<meta property=\"og:image:width\" content=\"523\" \/>\n\t<meta property=\"og:image:height\" content=\"383\" \/>\n\t<meta property=\"og:image:type\" content=\"image\/jpeg\" \/>\n<meta name=\"twitter:card\" content=\"summary_large_image\" \/>\n<meta name=\"twitter:label1\" content=\"Dur\u00e9e de lecture estim\u00e9e\" \/>\n\t<meta name=\"twitter:data1\" content=\"8 minutes\" \/>\n<script type=\"application\/ld+json\" class=\"yoast-schema-graph\">{\"@context\":\"https:\/\/schema.org\",\"@graph\":[{\"@type\":\"WebPage\",\"@id\":\"https:\/\/roadtoromania.com\/fr\/se-deplacer-en-roumanie\/\",\"url\":\"https:\/\/roadtoromania.com\/fr\/se-deplacer-en-roumanie\/\",\"name\":\"Se d\u00e9placer en Roumanie - Road to Romania\",\"isPartOf\":{\"@id\":\"https:\/\/roadtoromania.com\/fr\/#website\"},\"datePublished\":\"2022-10-15T18:40:14+00:00\",\"dateModified\":\"2022-10-18T14:52:14+00:00\",\"breadcrumb\":{\"@id\":\"https:\/\/roadtoromania.com\/fr\/se-deplacer-en-roumanie\/#breadcrumb\"},\"inLanguage\":\"fr-FR\",\"potentialAction\":[{\"@type\":\"ReadAction\",\"target\":[\"https:\/\/roadtoromania.com\/fr\/se-deplacer-en-roumanie\/\"]}]},{\"@type\":\"BreadcrumbList\",\"@id\":\"https:\/\/roadtoromania.com\/fr\/se-deplacer-en-roumanie\/#breadcrumb\",\"itemListElement\":[{\"@type\":\"ListItem\",\"position\":1,\"name\":\"Home\",\"item\":\"https:\/\/roadtoromania.com\/fr\/\"},{\"@type\":\"ListItem\",\"position\":2,\"name\":\"Se d\u00e9placer en Roumanie\"}]},{\"@type\":\"WebSite\",\"@id\":\"https:\/\/roadtoromania.com\/fr\/#website\",\"url\":\"https:\/\/roadtoromania.com\/fr\/\",\"name\":\"Road to Romania\",\"description\":\"Le blog o\u00f9 vous trouverez toutes les informations dont vous avez besoin pour profiter de la Roumanie.\",\"potentialAction\":[{\"@type\":\"SearchAction\",\"target\":{\"@type\":\"EntryPoint\",\"urlTemplate\":\"https:\/\/roadtoromania.com\/fr\/?s={search_term_string}\"},\"query-input\":\"required name=search_term_string\"}],\"inLanguage\":\"fr-FR\"}]}<\/script>\n<!-- \/ Yoast SEO plugin. -->","yoast_head_json":{"title":"Se d\u00e9placer en Roumanie - Road to Romania","robots":{"index":"index","follow":"follow","max-snippet":"max-snippet:-1","max-image-preview":"max-image-preview:large","max-video-preview":"max-video-preview:-1"},"canonical":"https:\/\/roadtoromania.com\/fr\/se-deplacer-en-roumanie\/","og_locale":"fr_FR","og_type":"article","og_title":"Se d\u00e9placer en Roumanie - Road to Romania","og_description":"La Roumanie est un pays assez s\u00fbr et agr\u00e9able \u00e0 parcourir dans le cadre d&#8217;un voyage personnel et non organis\u00e9. Bien s\u00fbr, comme dans tous les pays, il y a des endroits o\u00f9 il ne faut pas entrer, etc., mais si la Roumanie se distingue par quelque chose, c&#8217;est par l&#8217;amabilit\u00e9 et la sollicitude des &hellip; Se d\u00e9placer en Roumanie Lire la suite \u00bb","og_url":"https:\/\/roadtoromania.com\/fr\/se-deplacer-en-roumanie\/","og_site_name":"Road to Romania","article_modified_time":"2022-10-18T14:52:14+00:00","og_image":[{"width":523,"height":383,"url":"https:\/\/roadtoromania.com\/wp-content\/uploads\/2022\/10\/moverse-rumania-coche-1.jpg","type":"image\/jpeg"}],"twitter_card":"summary_large_image","twitter_misc":{"Dur\u00e9e de lecture estim\u00e9e":"8 minutes"},"schema":{"@context":"https:\/\/schema.org","@graph":[{"@type":"WebPage","@id":"https:\/\/roadtoromania.com\/fr\/se-deplacer-en-roumanie\/","url":"https:\/\/roadtoromania.com\/fr\/se-deplacer-en-roumanie\/","name":"Se d\u00e9placer en Roumanie - Road to Romania","isPartOf":{"@id":"https:\/\/roadtoromania.com\/fr\/#website"},"datePublished":"2022-10-15T18:40:14+00:00","dateModified":"2022-10-18T14:52:14+00:00","breadcrumb":{"@id":"https:\/\/roadtoromania.com\/fr\/se-deplacer-en-roumanie\/#breadcrumb"},"inLanguage":"fr-FR","potentialAction":[{"@type":"ReadAction","target":["https:\/\/roadtoromania.com\/fr\/se-deplacer-en-roumanie\/"]}]},{"@type":"BreadcrumbList","@id":"https:\/\/roadtoromania.com\/fr\/se-deplacer-en-roumanie\/#breadcrumb","itemListElement":[{"@type":"ListItem","position":1,"name":"Home","item":"https:\/\/roadtoromania.com\/fr\/"},{"@type":"ListItem","position":2,"name":"Se d\u00e9placer en Roumanie"}]},{"@type":"WebSite","@id":"https:\/\/roadtoromania.com\/fr\/#website","url":"https:\/\/roadtoromania.com\/fr\/","name":"Road to Romania","description":"Le blog o\u00f9 vous trouverez toutes les informations dont vous avez besoin pour profiter de la Roumanie.","potentialAction":[{"@type":"SearchAction","target":{"@type":"EntryPoint","urlTemplate":"https:\/\/roadtoromania.com\/fr\/?s={search_term_string}"},"query-input":"required name=search_term_string"}],"inLanguage":"fr-FR"}]}},"_links":{"self":[{"href":"https:\/\/roadtoromania.com\/fr\/wp-json\/wp\/v2\/pages\/3176","targetHints":{"allow":["GET"]}}],"collection":[{"href":"https:\/\/roadtoromania.com\/fr\/wp-json\/wp\/v2\/pages"}],"about":[{"href":"https:\/\/roadtoromania.com\/fr\/wp-json\/wp\/v2\/types\/page"}],"author":[{"embeddable":true,"href":"https:\/\/roadtoromania.com\/fr\/wp-json\/wp\/v2\/users\/1"}],"replies":[{"embeddable":true,"href":"https:\/\/roadtoromania.com\/fr\/wp-json\/wp\/v2\/comments?post=3176"}],"version-history":[{"count":0,"href":"https:\/\/roadtoromania.com\/fr\/wp-json\/wp\/v2\/pages\/3176\/revisions"}],"wp:featuredmedia":[{"embeddable":true,"href":"https:\/\/roadtoromania.com\/fr\/wp-json\/wp\/v2\/media\/1455"}],"wp:attachment":[{"href":"https:\/\/roadtoromania.com\/fr\/wp-json\/wp\/v2\/media?parent=3176"}],"curies":[{"name":"wp","href":"https:\/\/api.w.org\/{rel}","templated":true}]}}