{"id":3181,"date":"2022-10-15T18:40:14","date_gmt":"2022-10-15T18:40:14","guid":{"rendered":"https:\/\/roadtoromania.com\/informations-et-conseils-de-la-roumanie\/changement-de-monnaie-en-roumanie\/"},"modified":"2022-10-18T14:52:14","modified_gmt":"2022-10-18T14:52:14","slug":"changement-de-monnaie-en-roumanie","status":"publish","type":"page","link":"https:\/\/roadtoromania.com\/fr\/informations-et-conseils-de-la-roumanie\/changement-de-monnaie-en-roumanie\/","title":{"rendered":"Changement de monnaie en Roumanie"},"content":{"rendered":"<p> <strong>La Roumanie<\/strong> n&#8217;a pas encore rejoint la &#8220;monnaie unique&#8221; europ\u00e9enne, l&#8217;euro. Et si nous pouvons voyager en tant que citoyens libres si nous avons la nationalit\u00e9 espagnole, l&#8217;euro n&#8217;est pas encore arriv\u00e9. La devise <a href=\"https:\/\/roadtoromania.com\/fr\/informations-et-conseils-de-la-roumanie\/monnaie-de-la-roumanie\/\"> <\/a> est le <strong>Leu (pluriel Lei)<\/strong> et donc, \u00e0 l&#8217;arriv\u00e9e, nous devons changer dans la monnaie locale pour les achats et les d\u00e9penses que nous faisons pendant notre voyage. Il est possible que dans certaines banques et bureaux de change, il apparaisse encore sous le nom de RON, qui est l&#8217;ancien nom de la monnaie.<\/p>\n<p><img decoding=\"async\" src=\"https:\/\/roadtoromania.com\/wp-content\/uploads\/2022\/10\/moneda_rumana_lei.jpg\" \/>Monnaie roumaine Lei Taux de change en Roumanie<\/p>\n<div id=\"toc_container\" class=\"no_bullets\"><p class=\"toc_title\">Contents<\/p><ul class=\"toc_list\"><li><a href=\"#Conseils_pour_le_change_de_devises_en_Roumanie\"><span class=\"toc_number toc_depth_1\">1<\/span> \nConseils pour le change de devises en Roumanie<\/a><ul><li><a href=\"#Bureaux_de_change\"><span class=\"toc_number toc_depth_2\">1.1<\/span> \nBureaux de change<\/a><\/li><\/ul><\/li><li><a href=\"#Comment_payer_en_Roumanie\"><span class=\"toc_number toc_depth_1\">2<\/span> \nComment payer en Roumanie<\/a><\/li><li><a href=\"#Location_de_voiture\"><span class=\"toc_number toc_depth_1\">3<\/span> \nLocation de voiture<\/a><\/li><\/ul><\/div>\n<h2><span id=\"Conseils_pour_le_change_de_devises_en_Roumanie\">\nConseils pour le change de devises en Roumanie<\/span><\/h2>\n<p>\nIl est normal d&#8217;avoir envie de changer de monnaie d\u00e8s votre arriv\u00e9e dans le pays. Toutefois, les a\u00e9roports roumains pratiquent g\u00e9n\u00e9ralement des taux de change entre lei et euro plus \u00e9lev\u00e9s que les bureaux de change des villes. Par cons\u00e9quent, si vous devez changer de l&#8217;argent, il est pr\u00e9f\u00e9rable de le faire uniquement pour le montant n\u00e9cessaire \u00e0 l&#8217;achat d&#8217;un ticket de bus, d&#8217;un taxi ou de tout autre achat que vous effectuez \u00e0 ce moment-l\u00e0. Plus tard, dans des villes comme le centre de Bucarest, vous pourrez \u00e9changer davantage d&#8217;argent contre des esp\u00e8ces.\u00a0Parfois, on peut trouver les prix en euros, ce qui n&#8217;est qu&#8217;un guide pour voir l&#8217;\u00e9quivalence.<\/p>\n<h3><span id=\"Bureaux_de_change\">\nBureaux de change<\/span><\/h3>\n<p>\nIls abondent dans les villes, surtout dans le centre. Si vous avez des doutes sur le taux de change, vous pouvez en visiter plusieurs. On vous demandera probablement de pr\u00e9senter votre passeport ou votre carte d&#8217;identit\u00e9 pour changer de l&#8217;argent. C&#8217;est \u00e9vident, mais il ne faut pas changer de l&#8217;argent avec des inconnus car il peut s&#8217;agir d&#8217;une fraude.<\/p>\n<\/h3>\n<p>Distributeurs automatiques de billets<\/h3>\n<p>\nLes guichets automatiques bancaires sont un bon moyen de retirer de l&#8217;argent, surtout si votre banque ne facture pas de frais pour le retrait d&#8217;argent \u00e0 l&#8217;\u00e9tranger. Si vous avez une carte Visa ou Mastercard, ce n&#8217;est pas un probl\u00e8me, car la plupart des distributeurs automatiques en Roumanie acceptent ces cartes. La carte American Express est moins utilis\u00e9e, mais certains h\u00f4tels l&#8217;acceptent. La banque nationale de Roumanie s&#8217;appelle Banca Na\u0163ional\u0103 a Rom\u00e2niei.<\/p>\n<h2><span id=\"Comment_payer_en_Roumanie\">\nComment payer en Roumanie<\/span><\/h2>\n<p>\nDans des villes comme Bucarest, Timisoara ou Brasov, parmi beaucoup d&#8217;autres, il est normal de payer sa facture par carte, mais dans les petites villes, avec des \u00e9tablissements sans passerelle de paiement, vous pouvez constater que seul l&#8217;argent liquide est accept\u00e9. Il est donc conseill\u00e9 d&#8217;avoir de l&#8217;argent liquide sur soi.<\/p>\n<h2><span id=\"Location_de_voiture\">\nLocation de voiture<\/span><\/h2>\n<p>\nPresque toutes les soci\u00e9t\u00e9s de location de voitures demandent une carte de cr\u00e9dit pour d\u00e9biter la caution ou pour l&#8217;avoir comme garantie, en bloquant un montant jusqu&#8217;au retour du v\u00e9hicule.<\/p>\n","protected":false},"excerpt":{"rendered":"<p>La Roumanie n&#8217;a pas encore rejoint la &#8220;monnaie unique&#8221; europ\u00e9enne, l&#8217;euro. Et si nous pouvons voyager en tant que citoyens libres si nous avons la nationalit\u00e9 espagnole, l&#8217;euro n&#8217;est pas encore arriv\u00e9. La devise est le Leu (pluriel Lei) et donc, \u00e0 l&#8217;arriv\u00e9e, nous devons changer dans la monnaie locale pour les achats et les &hellip;<\/p>\n<p class=\"read-more\"> <a class=\"\" href=\"https:\/\/roadtoromania.com\/fr\/informations-et-conseils-de-la-roumanie\/changement-de-monnaie-en-roumanie\/\"> <span class=\"screen-reader-text\">Changement de monnaie en Roumanie<\/span> Lire la suite \u00bb<\/a><\/p>\n","protected":false},"author":1,"featured_media":1494,"parent":3180,"menu_order":0,"comment_status":"open","ping_status":"open","template":"","meta":{"site-sidebar-layout":"default","site-content-layout":"default","ast-global-header-display":"","ast-main-header-display":"","ast-hfb-above-header-display":"","ast-hfb-below-header-display":"","ast-hfb-mobile-header-display":"","site-post-title":"","ast-breadcrumbs-content":"","ast-featured-img":"","footer-sml-layout":"","theme-transparent-header-meta":"","adv-header-id-meta":"","stick-header-meta":"","header-above-stick-meta":"","header-main-stick-meta":"","header-below-stick-meta":"","footnotes":""},"class_list":["post-3181","page","type-page","status-publish","has-post-thumbnail","hentry"],"yoast_head":"<!-- This site is optimized with the Yoast SEO plugin v19.10 - https:\/\/yoast.com\/wordpress\/plugins\/seo\/ -->\n<title>Changement de monnaie en Roumanie - Road to Romania<\/title>\n<meta name=\"robots\" content=\"index, follow, max-snippet:-1, max-image-preview:large, max-video-preview:-1\" \/>\n<link rel=\"canonical\" href=\"https:\/\/roadtoromania.com\/fr\/informations-et-conseils-de-la-roumanie\/changement-de-monnaie-en-roumanie\/\" \/>\n<meta property=\"og:locale\" content=\"fr_FR\" \/>\n<meta property=\"og:type\" content=\"article\" \/>\n<meta property=\"og:title\" content=\"Changement de monnaie en Roumanie - Road to Romania\" \/>\n<meta property=\"og:description\" content=\"La Roumanie n&#8217;a pas encore rejoint la &#8220;monnaie unique&#8221; europ\u00e9enne, l&#8217;euro. Et si nous pouvons voyager en tant que citoyens libres si nous avons la nationalit\u00e9 espagnole, l&#8217;euro n&#8217;est pas encore arriv\u00e9. La devise est le Leu (pluriel Lei) et donc, \u00e0 l&#8217;arriv\u00e9e, nous devons changer dans la monnaie locale pour les achats et les &hellip; Changement de monnaie en Roumanie Lire la suite \u00bb\" \/>\n<meta property=\"og:url\" content=\"https:\/\/roadtoromania.com\/fr\/informations-et-conseils-de-la-roumanie\/changement-de-monnaie-en-roumanie\/\" \/>\n<meta property=\"og:site_name\" content=\"Road to Romania\" \/>\n<meta property=\"article:modified_time\" content=\"2022-10-18T14:52:14+00:00\" \/>\n<meta property=\"og:image\" content=\"https:\/\/roadtoromania.com\/wp-content\/uploads\/2022\/10\/moneda_rumana_lei-1.jpg\" \/>\n\t<meta property=\"og:image:width\" content=\"768\" \/>\n\t<meta property=\"og:image:height\" content=\"405\" \/>\n\t<meta property=\"og:image:type\" content=\"image\/jpeg\" \/>\n<meta name=\"twitter:card\" content=\"summary_large_image\" \/>\n<meta name=\"twitter:label1\" content=\"Dur\u00e9e de lecture estim\u00e9e\" \/>\n\t<meta name=\"twitter:data1\" content=\"2 minutes\" \/>\n<script type=\"application\/ld+json\" class=\"yoast-schema-graph\">{\"@context\":\"https:\/\/schema.org\",\"@graph\":[{\"@type\":\"WebPage\",\"@id\":\"https:\/\/roadtoromania.com\/fr\/informations-et-conseils-de-la-roumanie\/changement-de-monnaie-en-roumanie\/\",\"url\":\"https:\/\/roadtoromania.com\/fr\/informations-et-conseils-de-la-roumanie\/changement-de-monnaie-en-roumanie\/\",\"name\":\"Changement de monnaie en Roumanie - Road to Romania\",\"isPartOf\":{\"@id\":\"https:\/\/roadtoromania.com\/fr\/#website\"},\"datePublished\":\"2022-10-15T18:40:14+00:00\",\"dateModified\":\"2022-10-18T14:52:14+00:00\",\"breadcrumb\":{\"@id\":\"https:\/\/roadtoromania.com\/fr\/informations-et-conseils-de-la-roumanie\/changement-de-monnaie-en-roumanie\/#breadcrumb\"},\"inLanguage\":\"fr-FR\",\"potentialAction\":[{\"@type\":\"ReadAction\",\"target\":[\"https:\/\/roadtoromania.com\/fr\/informations-et-conseils-de-la-roumanie\/changement-de-monnaie-en-roumanie\/\"]}]},{\"@type\":\"BreadcrumbList\",\"@id\":\"https:\/\/roadtoromania.com\/fr\/informations-et-conseils-de-la-roumanie\/changement-de-monnaie-en-roumanie\/#breadcrumb\",\"itemListElement\":[{\"@type\":\"ListItem\",\"position\":1,\"name\":\"Home\",\"item\":\"https:\/\/roadtoromania.com\/fr\/\"},{\"@type\":\"ListItem\",\"position\":2,\"name\":\"Informations et conseils de la Roumanie\",\"item\":\"https:\/\/roadtoromania.com\/fr\/informations-et-conseils-de-la-roumanie\/\"},{\"@type\":\"ListItem\",\"position\":3,\"name\":\"Changement de monnaie en Roumanie\"}]},{\"@type\":\"WebSite\",\"@id\":\"https:\/\/roadtoromania.com\/fr\/#website\",\"url\":\"https:\/\/roadtoromania.com\/fr\/\",\"name\":\"Road to Romania\",\"description\":\"Le blog o\u00f9 vous trouverez toutes les informations dont vous avez besoin pour profiter de la Roumanie.\",\"potentialAction\":[{\"@type\":\"SearchAction\",\"target\":{\"@type\":\"EntryPoint\",\"urlTemplate\":\"https:\/\/roadtoromania.com\/fr\/?s={search_term_string}\"},\"query-input\":\"required name=search_term_string\"}],\"inLanguage\":\"fr-FR\"}]}<\/script>\n<!-- \/ Yoast SEO plugin. -->","yoast_head_json":{"title":"Changement de monnaie en Roumanie - Road to Romania","robots":{"index":"index","follow":"follow","max-snippet":"max-snippet:-1","max-image-preview":"max-image-preview:large","max-video-preview":"max-video-preview:-1"},"canonical":"https:\/\/roadtoromania.com\/fr\/informations-et-conseils-de-la-roumanie\/changement-de-monnaie-en-roumanie\/","og_locale":"fr_FR","og_type":"article","og_title":"Changement de monnaie en Roumanie - Road to Romania","og_description":"La Roumanie n&#8217;a pas encore rejoint la &#8220;monnaie unique&#8221; europ\u00e9enne, l&#8217;euro. Et si nous pouvons voyager en tant que citoyens libres si nous avons la nationalit\u00e9 espagnole, l&#8217;euro n&#8217;est pas encore arriv\u00e9. La devise est le Leu (pluriel Lei) et donc, \u00e0 l&#8217;arriv\u00e9e, nous devons changer dans la monnaie locale pour les achats et les &hellip; Changement de monnaie en Roumanie Lire la suite \u00bb","og_url":"https:\/\/roadtoromania.com\/fr\/informations-et-conseils-de-la-roumanie\/changement-de-monnaie-en-roumanie\/","og_site_name":"Road to Romania","article_modified_time":"2022-10-18T14:52:14+00:00","og_image":[{"width":768,"height":405,"url":"https:\/\/roadtoromania.com\/wp-content\/uploads\/2022\/10\/moneda_rumana_lei-1.jpg","type":"image\/jpeg"}],"twitter_card":"summary_large_image","twitter_misc":{"Dur\u00e9e de lecture estim\u00e9e":"2 minutes"},"schema":{"@context":"https:\/\/schema.org","@graph":[{"@type":"WebPage","@id":"https:\/\/roadtoromania.com\/fr\/informations-et-conseils-de-la-roumanie\/changement-de-monnaie-en-roumanie\/","url":"https:\/\/roadtoromania.com\/fr\/informations-et-conseils-de-la-roumanie\/changement-de-monnaie-en-roumanie\/","name":"Changement de monnaie en Roumanie - Road to Romania","isPartOf":{"@id":"https:\/\/roadtoromania.com\/fr\/#website"},"datePublished":"2022-10-15T18:40:14+00:00","dateModified":"2022-10-18T14:52:14+00:00","breadcrumb":{"@id":"https:\/\/roadtoromania.com\/fr\/informations-et-conseils-de-la-roumanie\/changement-de-monnaie-en-roumanie\/#breadcrumb"},"inLanguage":"fr-FR","potentialAction":[{"@type":"ReadAction","target":["https:\/\/roadtoromania.com\/fr\/informations-et-conseils-de-la-roumanie\/changement-de-monnaie-en-roumanie\/"]}]},{"@type":"BreadcrumbList","@id":"https:\/\/roadtoromania.com\/fr\/informations-et-conseils-de-la-roumanie\/changement-de-monnaie-en-roumanie\/#breadcrumb","itemListElement":[{"@type":"ListItem","position":1,"name":"Home","item":"https:\/\/roadtoromania.com\/fr\/"},{"@type":"ListItem","position":2,"name":"Informations et conseils de la Roumanie","item":"https:\/\/roadtoromania.com\/fr\/informations-et-conseils-de-la-roumanie\/"},{"@type":"ListItem","position":3,"name":"Changement de monnaie en Roumanie"}]},{"@type":"WebSite","@id":"https:\/\/roadtoromania.com\/fr\/#website","url":"https:\/\/roadtoromania.com\/fr\/","name":"Road to Romania","description":"Le blog o\u00f9 vous trouverez toutes les informations dont vous avez besoin pour profiter de la Roumanie.","potentialAction":[{"@type":"SearchAction","target":{"@type":"EntryPoint","urlTemplate":"https:\/\/roadtoromania.com\/fr\/?s={search_term_string}"},"query-input":"required name=search_term_string"}],"inLanguage":"fr-FR"}]}},"_links":{"self":[{"href":"https:\/\/roadtoromania.com\/fr\/wp-json\/wp\/v2\/pages\/3181","targetHints":{"allow":["GET"]}}],"collection":[{"href":"https:\/\/roadtoromania.com\/fr\/wp-json\/wp\/v2\/pages"}],"about":[{"href":"https:\/\/roadtoromania.com\/fr\/wp-json\/wp\/v2\/types\/page"}],"author":[{"embeddable":true,"href":"https:\/\/roadtoromania.com\/fr\/wp-json\/wp\/v2\/users\/1"}],"replies":[{"embeddable":true,"href":"https:\/\/roadtoromania.com\/fr\/wp-json\/wp\/v2\/comments?post=3181"}],"version-history":[{"count":0,"href":"https:\/\/roadtoromania.com\/fr\/wp-json\/wp\/v2\/pages\/3181\/revisions"}],"up":[{"embeddable":true,"href":"https:\/\/roadtoromania.com\/fr\/wp-json\/wp\/v2\/pages\/3180"}],"wp:featuredmedia":[{"embeddable":true,"href":"https:\/\/roadtoromania.com\/fr\/wp-json\/wp\/v2\/media\/1494"}],"wp:attachment":[{"href":"https:\/\/roadtoromania.com\/fr\/wp-json\/wp\/v2\/media?parent=3181"}],"curies":[{"name":"wp","href":"https:\/\/api.w.org\/{rel}","templated":true}]}}