{"id":3196,"date":"2022-10-15T18:40:16","date_gmt":"2022-10-15T18:40:16","guid":{"rendered":"https:\/\/roadtoromania.com\/moldavie-roumain\/"},"modified":"2022-10-18T15:15:27","modified_gmt":"2022-10-18T15:15:27","slug":"moldavie-roumain","status":"publish","type":"page","link":"https:\/\/roadtoromania.com\/fr\/monuments-de-la-roumanie-que-voir-en-roumanie\/moldavie-roumain\/","title":{"rendered":"Moldavie Roumain"},"content":{"rendered":"<p><a href=\"https:\/\/roadtoromania.com\/wp-content\/uploads\/2022\/10\/moldavia-rumania-naturaleza.jpg\"><img decoding=\"async\" src=\"https:\/\/roadtoromania.com\/wp-content\/uploads\/2022\/10\/moldavia-rumania-naturaleza.jpg\" \/><\/a> Vue du lac Bicaz depuis le mont Ceahlau. <\/p>\n<div id=\"toc_container\" class=\"no_bullets\"><p class=\"toc_title\">Contents<\/p><ul class=\"toc_list\"><li><a href=\"#Histoire_complexe_et_frontieres_changeantes\"><span class=\"toc_number toc_depth_1\">1<\/span> Histoire complexe et fronti\u00e8res changeantes<\/a><ul><li><a href=\"#Les_montagnes_moldaves_des_Carpates\"><span class=\"toc_number toc_depth_2\">1.1<\/span> Les montagnes moldaves des Carpates<\/a><\/li><li><a href=\"#Les_monasteres_de_Moldavie\"><span class=\"toc_number toc_depth_2\">1.2<\/span> Les monast\u00e8res de Moldavie<\/a><\/li><li><a href=\"#La_plaine_de_la_Vltava\"><span class=\"toc_number toc_depth_2\">1.3<\/span> La plaine de la Vltava<\/a><\/li><li><a href=\"#Iasi\"><span class=\"toc_number toc_depth_2\">1.4<\/span> Iasi<\/a><\/li><li><a href=\"#Gastronomie\"><span class=\"toc_number toc_depth_2\">1.5<\/span> Gastronomie<\/a><\/li><\/ul><\/li><\/ul><\/div>\n<h2><span id=\"Histoire_complexe_et_frontieres_changeantes\"><strong>Histoire complexe et fronti\u00e8res changeantes<\/strong><\/span><\/h2>\n<p>Cette r\u00e9gion de Roumanie s&#8217;\u00e9tend au nord-est du pays, \u00e0 la fronti\u00e8re de l&#8217;Ukraine et de la Moldavie. Puisqu&#8217;il existe aujourd&#8217;hui un pays portant le m\u00eame nom &#8211; l&#8217;ancienne R\u00e9publique sovi\u00e9tique de Moldavie, \u00e0 l&#8217;est du Danube &#8211; une br\u00e8ve introduction historique semble n\u00e9cessaire. Le nom Moldavie vient d&#8217;une principaut\u00e9 semi-ind\u00e9pendante qui a exist\u00e9 du 14e au 17e si\u00e8cle, d&#8217;abord sous le royaume de Pologne, puis sous l&#8217;Empire ottoman, puis sous l&#8217;Empire ottoman. Au 18e si\u00e8cle, la <a href=\"https:\/\/roadtoromania.com\/fr\/la-bucovine-et-ses-monasteres\/\">Bukovine<\/a> a \u00e9t\u00e9 annex\u00e9e par l&#8217;Empire austro-hongrois et apr\u00e8s les guerres napol\u00e9oniennes, la Bessarabie, partie orientale de la Moldavie, a \u00e9t\u00e9 annex\u00e9e par l&#8217;Empire russe. En 1859, seule la partie occidentale fait partie du nouvel \u00c9tat roumain, avec la Valachie. En 1918, apr\u00e8s la Premi\u00e8re Guerre mondiale, la Bessarabie a \u00e9t\u00e9 int\u00e9gr\u00e9e \u00e0 la Grande Roumanie. En 1940, Staline envahit la Bessarabie, qui fera partie de l&#8217;URSS jusqu&#8217;en 1991. Cette ann\u00e9e-l\u00e0, la R\u00e9publique sovi\u00e9tique de Moldavie se d\u00e9clare ind\u00e9pendante.<\/p>\n<p>De ce changement compliqu\u00e9 et incessant de fronti\u00e8re d\u00e9coule le malentendu actuel qui confond les deux r\u00e9gions portant le m\u00eame nom. Comme notre guide parle de la Roumanie, nous ne traiterons que de la Moldavie roumaine.<\/p>\n<p>Moldavie roumaine<\/p>\n<p><a href=\"https:\/\/roadtoromania.com\/wp-content\/uploads\/2022\/10\/moldavia-ceahlau-mountain.jpg\"><img decoding=\"async\" src=\"https:\/\/roadtoromania.com\/wp-content\/uploads\/2022\/10\/moldavia-ceahlau-mountain.jpg\" \/><\/a> For\u00eat du parc national du Mont Ceahlau. <\/p>\n<h3><span id=\"Les_montagnes_moldaves_des_Carpates\"><strong>Les montagnes moldaves des Carpates<\/strong><\/span><\/h3>\n<p>La partie nord-ouest de la Roumanie s&#8217;\u00e9tend des derniers contreforts des <a href=\"https:\/\/roadtoromania.com\/fr\/nature-de-la-roumanie\/les-carpates\/\">Carpates<\/a> vers la grande plaine du Danube. Toute la partie occidentale de la r\u00e9gion est constitu\u00e9e par les Carpates, qui s&#8217;\u00e9tendent du nord au sud. Vous y trouverez les paysages de montagne les plus accident\u00e9s, des vall\u00e9es \u00e9troites et des lacs artificiels comme le lac Bicaz, situ\u00e9 pr\u00e8s des gorges de la Bicaz, et des montagnes approchant les 2000 m\u00e8tres. Cette r\u00e9gion combine des monuments tels que des ch\u00e2teaux, des monast\u00e8res et des \u00e9glises avec l&#8217;incroyable patrimoine naturel du parc national du Mont Ceahlau. L&#8217;ascension est \u00e0 la port\u00e9e de toute personne ayant un peu d&#8217;exp\u00e9rience de la randonn\u00e9e.<\/p>\n<p><a href=\"https:\/\/roadtoromania.com\/fr\/nature-de-la-roumanie\/gorges-de-la-bicaz\/\">Les gorges de Bicaz<\/a> , l&#8217;un des sites naturels les plus connus de Roumanie, sont un compl\u00e9ment aquatique \u00e0 l&#8217;ascension du mont Ceahlau<\/p>\n<p>.<\/p>\n<p>Dans cette partie de la Moldavie, il y a de petites villes avec beaucoup de patrimoine et de nombreuses possibilit\u00e9s de tourisme d&#8217;aventure, de sports nautiques, de randonn\u00e9es et m\u00eame de ski.<\/p>\n<p><a href=\"https:\/\/roadtoromania.com\/fr\/villes-et-regions-de-roumanie\/piatra-neamt\/\">Piatra Neamt<\/a> \u00e9tait l&#8217;une des villes les plus importantes de la Principaut\u00e9 de Moldavie \u00e0 son apog\u00e9e. Plusieurs \u00e9glises et la tour d&#8217;\u00c9tienne le Grand comm\u00e9morent ce vo\u00efvode (prince) du 15e si\u00e8cle qui a construit une \u00e9glise apr\u00e8s chacune de ses victoires &#8211; et il en a remport\u00e9 34 ! Plusieurs mus\u00e9es, dont un sur <strong>la culture n\u00e9olithique de Cucutemi,<\/strong> de nombreux restaurants et un t\u00e9l\u00e9ph\u00e9rique qui vous emm\u00e8ne au sommet d&#8217;une des collines entourant la ville sont ses principales attractions touristiques.<\/p>\n<p>T\u00e9l\u00e9ph\u00e9rique de Piatra Neamt <\/p>\n<p>En outre, un festival du film se tient \u00e0 Piatra en \u00e9t\u00e9, avec des courts-m\u00e9trages r\u00e9alis\u00e9s par de jeunes auteurs<\/p>\n<p>.<\/p>\n<p>\u00c0 proximit\u00e9 se trouve le parc national de Ceahlau, qui offre aux randonneurs plusieurs itin\u00e9raires de difficult\u00e9 moyenne \u00e0 \u00e9lev\u00e9e. Durau, au pied du parc, poss\u00e8de un beau monast\u00e8re et de nombreux h\u00f4tels qui accueillent les touristes amoureux de la montagne.<\/p>\n<p>Un peu plus au nord, la ville de Targu Neamt est prot\u00e9g\u00e9e par le ch\u00e2teau de Neamt, la forteresse du prince Stefan le Grand. Les monast\u00e8res de Neamt et d&#8217;Agapia et le mus\u00e9e de l&#8217;artiste Niculae Popa , avec ses \u0153uvres na\u00efves, sont des visites hautement recommand\u00e9es.<\/p>\n<p>Une r\u00e9serve de bisons a \u00e9galement \u00e9t\u00e9 cr\u00e9\u00e9e dans la r\u00e9gion, mais pour les voir, il faut s&#8217;y rendre t\u00f4t le matin.<\/p>\n<h3><span id=\"Les_monasteres_de_Moldavie\"><strong>Les monast\u00e8res de Moldavie<\/strong><\/span><\/h3>\n<p>Moins connus que ceux du Maramures, ils sont tout aussi spectaculaires. Les plus remarquables sont <strong>Agapia, Neamt, Durau, Secu Varatec, Bistrita ou Sihastria<\/strong> . Beaucoup d&#8217;entre elles sont situ\u00e9es \u00e0 proximit\u00e9 du parc national du Mont Ceahlau.<\/p>\n<p><a href=\"https:\/\/roadtoromania.com\/wp-content\/uploads\/2022\/10\/neamt-moldavia-monasterio.jpg\"><img decoding=\"async\" src=\"data:image\/gif;base64,R0lGODdhAQABAPAAAMPDwwAAACwAAAAAAQABAAACAkQBADs=\" \/><\/a> Monast\u00e8re de Neamt, pr\u00e8s de Targu Neamt. <\/p>\n<h3><span id=\"La_plaine_de_la_Vltava\"><strong>La plaine de la Vltava<\/strong><\/span><\/h3>\n<p><strong>Focsani, Bacau et <a href=\"https:\/\/roadtoromania.com\/fr\/villes-et-regions-de-roumanie\/roman\/\">Roman<\/a> <\/strong> sont quelques-unes des villes du centre de la Moldavie. Comme dans toute la r\u00e9gion, nous trouverons des monast\u00e8res et des \u00e9glises aux coupoles m\u00e9talliques et aux couleurs magnifiques qui surprennent par leur style, si diff\u00e9rent des \u00e9glises d&#8217;autres r\u00e9gions d&#8217;Europe.<\/p>\n<p>Plus au nord, dans la province de <a href=\"https:\/\/roadtoromania.com\/fr\/villes-et-regions-de-roumanie\/suceava\/\">Suceava<\/a> , on trouve de nombreux monast\u00e8res semblables \u00e0 ceux de <a href=\"https:\/\/roadtoromania.com\/fr\/villes-et-regions-de-roumanie\/region-du-maramures\/\">Maramures<\/a> . En fait, l&#8217;architecture locale, les maisons avec leurs toits en zinc ou en m\u00e9tal et leur structure en bois, souvent polychrome, donnent un certain style commun \u00e0 la Moldavie et au Maramures, mais restons en Moldavie.<\/p>\n<h3><span id=\"Iasi\"><strong>Iasi<\/strong><\/span><\/h3>\n<p><a href=\"https:\/\/roadtoromania.com\/fr\/villes-et-regions-de-roumanie\/iasi\/\">Iasi<\/a> est la capitale de la r\u00e9gion et la ville la plus importante. C&#8217;est la seule vraie grande ville de Moldavie et elle concentre une grande partie de la vie \u00e9conomique, culturelle et sociale. Son universit\u00e9 est la plus ancienne de Roumanie et l&#8217;une des plus importantes. <strong>Le Palais national<\/strong> abrite plusieurs mus\u00e9es int\u00e9ressants avec des \u0153uvres d&#8217;auteurs du monde entier. <strong>L&#8217;Op\u00e9ra, le Jardin botanique, le Monast\u00e8re Golia<\/strong> et sa Tour sont quelques-uns des autres monuments les plus remarquables.<\/p>\n<p><a href=\"https:\/\/roadtoromania.com\/wp-content\/uploads\/2022\/10\/iasi-moldavia-rumania.jpg\"><img decoding=\"async\" src=\"data:image\/gif;base64,R0lGODdhAQABAPAAAMPDwwAAACwAAAAAAQABAAACAkQBADs=\" \/><\/a> Iasi, la capitale de la Moldavie roumaine.<\/p>\n<h3><span id=\"Gastronomie\"><strong>Gastronomie<\/strong><\/span><\/h3>\n<p>La cuisine locale est succulente \u00e0 tous points de vue. Les v\u00e9g\u00e9tariens auront du mal, car m\u00eame les salades contiennent souvent de la viande. Les soupes, les r\u00f4tis et les rago\u00fbts de poulet, de veau ou de porc sont id\u00e9aux pour les rigueurs de l&#8217;hiver, un peu moins lorsque la chaleur devient trop forte, ce qui est le cas en \u00e9t\u00e9. <strong>Les soupes (Ciorba)<\/strong> sont tr\u00e8s savoureuses, par exemple les tripes, les haricots ou la soupe aigre aux boulettes de viande. Les sarmales sont un must. Apr\u00e8s cela, les rago\u00fbts et les r\u00f4tis sont moins surprenants. Les plats sont g\u00e9n\u00e9ralement accompagn\u00e9s de <strong>polenta (mamaliga)<\/strong> . Le poisson de rivi\u00e8re, comme la truite, est \u00e9galement abondant. Les desserts sont \u00e9galement assez lourds, comme le <strong>Papanasi ou le Cozonac<\/strong> , des p\u00e2tisseries chaudes ou froides, fourr\u00e9es ou recouvertes de chocolat, de fromage, de confiture, de confiture sucr\u00e9e&#8230;&#8230; Les fromages et le vin sont tr\u00e8s int\u00e9ressants aussi, et la bi\u00e8re bien s\u00fbr<\/p>\n<p><a href=\"https:\/\/roadtoromania.com\/wp-content\/uploads\/2022\/10\/museo-popa-moldavia.jpg\"><img decoding=\"async\" src=\"data:image\/gif;base64,R0lGODdhAQABAPAAAMPDwwAAACwAAAAAAQABAAACAkQBADs=\" \/><\/a> Le Museo Popa et certaines de ses sculptures en bois. <\/p>\n<p><strong>La Moldavie au milieu de tout \u00e7a<\/strong><\/p>\n<p>L&#8217;un des avantages de la Moldavie est qu&#8217;elle se trouve au milieu de tout et qu&#8217;elle peut \u00eatre visit\u00e9e en chemin apr\u00e8s avoir visit\u00e9 les monast\u00e8res de Maramures \/ Bucovine ou la route Transfagarasan ; apr\u00e8s avoir visit\u00e9 la Transylvanie ou sur le chemin de l&#8217;Ukraine ou de la Moldavie (le pays). N&#8217;oubliez donc pas, si vous passez par ici, de profiter de la r\u00e9gion.<\/p>\n","protected":false},"excerpt":{"rendered":"<p>Vue du lac Bicaz depuis le mont Ceahlau. Contents1 Histoire complexe et fronti\u00e8res changeantes1.1 Les montagnes moldaves des Carpates1.2 Les monast\u00e8res de Moldavie1.3 La plaine de la Vltava1.4 Iasi1.5 Gastronomie Histoire complexe et fronti\u00e8res changeantes Cette r\u00e9gion de Roumanie s&#8217;\u00e9tend au nord-est du pays, \u00e0 la fronti\u00e8re de l&#8217;Ukraine et de la Moldavie. Puisqu&#8217;il existe &hellip;<\/p>\n<p class=\"read-more\"> <a class=\"\" href=\"https:\/\/roadtoromania.com\/fr\/monuments-de-la-roumanie-que-voir-en-roumanie\/moldavie-roumain\/\"> <span class=\"screen-reader-text\">Moldavie Roumain<\/span> Lire la suite \u00bb<\/a><\/p>\n","protected":false},"author":1,"featured_media":1530,"parent":3197,"menu_order":0,"comment_status":"open","ping_status":"open","template":"","meta":{"site-sidebar-layout":"default","site-content-layout":"default","ast-global-header-display":"","ast-main-header-display":"","ast-hfb-above-header-display":"","ast-hfb-below-header-display":"","ast-hfb-mobile-header-display":"","site-post-title":"","ast-breadcrumbs-content":"","ast-featured-img":"","footer-sml-layout":"","theme-transparent-header-meta":"default","adv-header-id-meta":"","stick-header-meta":"","header-above-stick-meta":"","header-main-stick-meta":"","header-below-stick-meta":"","footnotes":""},"class_list":["post-3196","page","type-page","status-publish","has-post-thumbnail","hentry"],"yoast_head":"<!-- This site is optimized with the Yoast SEO plugin v19.10 - https:\/\/yoast.com\/wordpress\/plugins\/seo\/ -->\n<title>Moldavie Roumain - Road to Romania<\/title>\n<meta name=\"robots\" content=\"index, follow, max-snippet:-1, max-image-preview:large, max-video-preview:-1\" \/>\n<link rel=\"canonical\" href=\"https:\/\/roadtoromania.com\/fr\/monuments-de-la-roumanie-que-voir-en-roumanie\/moldavie-roumain\/\" \/>\n<meta property=\"og:locale\" content=\"fr_FR\" \/>\n<meta property=\"og:type\" content=\"article\" \/>\n<meta property=\"og:title\" content=\"Moldavie Roumain - Road to Romania\" \/>\n<meta property=\"og:description\" content=\"Vue du lac Bicaz depuis le mont Ceahlau. Contents1 Histoire complexe et fronti\u00e8res changeantes1.1 Les montagnes moldaves des Carpates1.2 Les monast\u00e8res de Moldavie1.3 La plaine de la Vltava1.4 Iasi1.5 Gastronomie Histoire complexe et fronti\u00e8res changeantes Cette r\u00e9gion de Roumanie s&#8217;\u00e9tend au nord-est du pays, \u00e0 la fronti\u00e8re de l&#8217;Ukraine et de la Moldavie. Puisqu&#8217;il existe &hellip; Moldavie Roumain Lire la suite \u00bb\" \/>\n<meta property=\"og:url\" content=\"https:\/\/roadtoromania.com\/fr\/monuments-de-la-roumanie-que-voir-en-roumanie\/moldavie-roumain\/\" \/>\n<meta property=\"og:site_name\" content=\"Road to Romania\" \/>\n<meta property=\"article:modified_time\" content=\"2022-10-18T15:15:27+00:00\" \/>\n<meta property=\"og:image\" content=\"https:\/\/roadtoromania.com\/wp-content\/uploads\/2022\/10\/moldavia-rumania-naturaleza-1.jpg\" \/>\n\t<meta property=\"og:image:width\" content=\"768\" \/>\n\t<meta property=\"og:image:height\" content=\"432\" \/>\n\t<meta property=\"og:image:type\" content=\"image\/jpeg\" \/>\n<meta name=\"twitter:card\" content=\"summary_large_image\" \/>\n<meta name=\"twitter:label1\" content=\"Dur\u00e9e de lecture estim\u00e9e\" \/>\n\t<meta name=\"twitter:data1\" content=\"7 minutes\" \/>\n<script type=\"application\/ld+json\" class=\"yoast-schema-graph\">{\"@context\":\"https:\/\/schema.org\",\"@graph\":[{\"@type\":\"WebPage\",\"@id\":\"https:\/\/roadtoromania.com\/fr\/monuments-de-la-roumanie-que-voir-en-roumanie\/moldavie-roumain\/\",\"url\":\"https:\/\/roadtoromania.com\/fr\/monuments-de-la-roumanie-que-voir-en-roumanie\/moldavie-roumain\/\",\"name\":\"Moldavie Roumain - Road to Romania\",\"isPartOf\":{\"@id\":\"https:\/\/roadtoromania.com\/fr\/#website\"},\"datePublished\":\"2022-10-15T18:40:16+00:00\",\"dateModified\":\"2022-10-18T15:15:27+00:00\",\"breadcrumb\":{\"@id\":\"https:\/\/roadtoromania.com\/fr\/monuments-de-la-roumanie-que-voir-en-roumanie\/moldavie-roumain\/#breadcrumb\"},\"inLanguage\":\"fr-FR\",\"potentialAction\":[{\"@type\":\"ReadAction\",\"target\":[\"https:\/\/roadtoromania.com\/fr\/monuments-de-la-roumanie-que-voir-en-roumanie\/moldavie-roumain\/\"]}]},{\"@type\":\"BreadcrumbList\",\"@id\":\"https:\/\/roadtoromania.com\/fr\/monuments-de-la-roumanie-que-voir-en-roumanie\/moldavie-roumain\/#breadcrumb\",\"itemListElement\":[{\"@type\":\"ListItem\",\"position\":1,\"name\":\"Home\",\"item\":\"https:\/\/roadtoromania.com\/fr\/\"},{\"@type\":\"ListItem\",\"position\":2,\"name\":\"Monuments de la Roumanie &#8211; Que voir en Roumanie ?\",\"item\":\"https:\/\/roadtoromania.com\/fr\/monuments-de-la-roumanie-que-voir-en-roumanie\/\"},{\"@type\":\"ListItem\",\"position\":3,\"name\":\"Moldavie Roumain\"}]},{\"@type\":\"WebSite\",\"@id\":\"https:\/\/roadtoromania.com\/fr\/#website\",\"url\":\"https:\/\/roadtoromania.com\/fr\/\",\"name\":\"Road to Romania\",\"description\":\"Le blog o\u00f9 vous trouverez toutes les informations dont vous avez besoin pour profiter de la Roumanie.\",\"potentialAction\":[{\"@type\":\"SearchAction\",\"target\":{\"@type\":\"EntryPoint\",\"urlTemplate\":\"https:\/\/roadtoromania.com\/fr\/?s={search_term_string}\"},\"query-input\":\"required name=search_term_string\"}],\"inLanguage\":\"fr-FR\"}]}<\/script>\n<!-- \/ Yoast SEO plugin. -->","yoast_head_json":{"title":"Moldavie Roumain - Road to Romania","robots":{"index":"index","follow":"follow","max-snippet":"max-snippet:-1","max-image-preview":"max-image-preview:large","max-video-preview":"max-video-preview:-1"},"canonical":"https:\/\/roadtoromania.com\/fr\/monuments-de-la-roumanie-que-voir-en-roumanie\/moldavie-roumain\/","og_locale":"fr_FR","og_type":"article","og_title":"Moldavie Roumain - Road to Romania","og_description":"Vue du lac Bicaz depuis le mont Ceahlau. Contents1 Histoire complexe et fronti\u00e8res changeantes1.1 Les montagnes moldaves des Carpates1.2 Les monast\u00e8res de Moldavie1.3 La plaine de la Vltava1.4 Iasi1.5 Gastronomie Histoire complexe et fronti\u00e8res changeantes Cette r\u00e9gion de Roumanie s&#8217;\u00e9tend au nord-est du pays, \u00e0 la fronti\u00e8re de l&#8217;Ukraine et de la Moldavie. Puisqu&#8217;il existe &hellip; Moldavie Roumain Lire la suite \u00bb","og_url":"https:\/\/roadtoromania.com\/fr\/monuments-de-la-roumanie-que-voir-en-roumanie\/moldavie-roumain\/","og_site_name":"Road to Romania","article_modified_time":"2022-10-18T15:15:27+00:00","og_image":[{"width":768,"height":432,"url":"https:\/\/roadtoromania.com\/wp-content\/uploads\/2022\/10\/moldavia-rumania-naturaleza-1.jpg","type":"image\/jpeg"}],"twitter_card":"summary_large_image","twitter_misc":{"Dur\u00e9e de lecture estim\u00e9e":"7 minutes"},"schema":{"@context":"https:\/\/schema.org","@graph":[{"@type":"WebPage","@id":"https:\/\/roadtoromania.com\/fr\/monuments-de-la-roumanie-que-voir-en-roumanie\/moldavie-roumain\/","url":"https:\/\/roadtoromania.com\/fr\/monuments-de-la-roumanie-que-voir-en-roumanie\/moldavie-roumain\/","name":"Moldavie Roumain - Road to Romania","isPartOf":{"@id":"https:\/\/roadtoromania.com\/fr\/#website"},"datePublished":"2022-10-15T18:40:16+00:00","dateModified":"2022-10-18T15:15:27+00:00","breadcrumb":{"@id":"https:\/\/roadtoromania.com\/fr\/monuments-de-la-roumanie-que-voir-en-roumanie\/moldavie-roumain\/#breadcrumb"},"inLanguage":"fr-FR","potentialAction":[{"@type":"ReadAction","target":["https:\/\/roadtoromania.com\/fr\/monuments-de-la-roumanie-que-voir-en-roumanie\/moldavie-roumain\/"]}]},{"@type":"BreadcrumbList","@id":"https:\/\/roadtoromania.com\/fr\/monuments-de-la-roumanie-que-voir-en-roumanie\/moldavie-roumain\/#breadcrumb","itemListElement":[{"@type":"ListItem","position":1,"name":"Home","item":"https:\/\/roadtoromania.com\/fr\/"},{"@type":"ListItem","position":2,"name":"Monuments de la Roumanie &#8211; Que voir en Roumanie ?","item":"https:\/\/roadtoromania.com\/fr\/monuments-de-la-roumanie-que-voir-en-roumanie\/"},{"@type":"ListItem","position":3,"name":"Moldavie Roumain"}]},{"@type":"WebSite","@id":"https:\/\/roadtoromania.com\/fr\/#website","url":"https:\/\/roadtoromania.com\/fr\/","name":"Road to Romania","description":"Le blog o\u00f9 vous trouverez toutes les informations dont vous avez besoin pour profiter de la Roumanie.","potentialAction":[{"@type":"SearchAction","target":{"@type":"EntryPoint","urlTemplate":"https:\/\/roadtoromania.com\/fr\/?s={search_term_string}"},"query-input":"required name=search_term_string"}],"inLanguage":"fr-FR"}]}},"_links":{"self":[{"href":"https:\/\/roadtoromania.com\/fr\/wp-json\/wp\/v2\/pages\/3196","targetHints":{"allow":["GET"]}}],"collection":[{"href":"https:\/\/roadtoromania.com\/fr\/wp-json\/wp\/v2\/pages"}],"about":[{"href":"https:\/\/roadtoromania.com\/fr\/wp-json\/wp\/v2\/types\/page"}],"author":[{"embeddable":true,"href":"https:\/\/roadtoromania.com\/fr\/wp-json\/wp\/v2\/users\/1"}],"replies":[{"embeddable":true,"href":"https:\/\/roadtoromania.com\/fr\/wp-json\/wp\/v2\/comments?post=3196"}],"version-history":[{"count":1,"href":"https:\/\/roadtoromania.com\/fr\/wp-json\/wp\/v2\/pages\/3196\/revisions"}],"predecessor-version":[{"id":3232,"href":"https:\/\/roadtoromania.com\/fr\/wp-json\/wp\/v2\/pages\/3196\/revisions\/3232"}],"up":[{"embeddable":true,"href":"https:\/\/roadtoromania.com\/fr\/wp-json\/wp\/v2\/pages\/3197"}],"wp:featuredmedia":[{"embeddable":true,"href":"https:\/\/roadtoromania.com\/fr\/wp-json\/wp\/v2\/media\/1530"}],"wp:attachment":[{"href":"https:\/\/roadtoromania.com\/fr\/wp-json\/wp\/v2\/media?parent=3196"}],"curies":[{"name":"wp","href":"https:\/\/api.w.org\/{rel}","templated":true}]}}