{"id":3199,"date":"2022-10-15T18:40:16","date_gmt":"2022-10-15T18:40:16","guid":{"rendered":"https:\/\/roadtoromania.com\/monuments-de-la-roumanie-que-voir-en-roumanie\/chateau-de-banffy-a-bontida\/"},"modified":"2022-10-18T14:52:22","modified_gmt":"2022-10-18T14:52:22","slug":"chateau-de-banffy-a-bontida","status":"publish","type":"page","link":"https:\/\/roadtoromania.com\/fr\/monuments-de-la-roumanie-que-voir-en-roumanie\/chateau-de-banffy-a-bontida\/","title":{"rendered":"Ch\u00e2teau de B\u00e1nffy \u00e0 Bon\u0163ida"},"content":{"rendered":"<p>Le <strong>ch\u00e2teau B\u00e1nffy<\/strong> est un monument architectural situ\u00e9 \u00e0 <strong>Bon\u0163ida<\/strong> , un village dans les environs de <strong>Cluj-Napoca.<\/strong> Sur le plan architectural, il pr\u00e9sente des phases de construction et des caract\u00e9ristiques stylistiques appartenant \u00e0 diff\u00e9rents styles : Renaissance, baroque, n\u00e9oclassique et n\u00e9ogothique. Il est la propri\u00e9t\u00e9 de la famille B\u00e1nffy (dont Mikl\u00f3s B\u00e1nffy \u00e9tait membre). Le propri\u00e9taire actuel est Katalin B\u00e1nffy.<\/p>\n<p><a href=\"https:\/\/roadtoromania.com\/wp-content\/uploads\/2022\/10\/castillo_bontida.jpg\"><img decoding=\"async\" src=\"https:\/\/roadtoromania.com\/wp-content\/uploads\/2022\/10\/castillo_bontida.jpg\" \/><\/a> Ch\u00e2teau de Bontida<\/p>\n<h2>\n <strong>Histoire du ch\u00e2teau de Bon\u0163ida<\/strong> <\/h2>\n<p>\nEn 1387, le domaine de Bon\u0163ida est pass\u00e9 aux mains de la famille B\u00e1nffy de Losonc. Avant la construction du ch\u00e2teau, il y avait un manoir dont l&#8217;histoire remonte aux 15e-16e si\u00e8cles. En 1640, la propri\u00e9t\u00e9 fut h\u00e9rit\u00e9e par D\u00e9nes B\u00e1nffy (II), gouverneur des comt\u00e9s de Doboka et de Kolozs, qui fortifia le b\u00e2timent initial entre 1668 et 1674 en l&#8217;entourant de murs cr\u00e9nel\u00e9s formant une enceinte rectangulaire, renforc\u00e9e aux angles par des tours circulaires. Les travaux ont \u00e9t\u00e9 poursuivis apr\u00e8s sa mort par son successeur, Gy\u00f6rgy B\u00e1nffy (III).<\/p>\n<p>\nAu XVIIIe si\u00e8cle, la famille propri\u00e9taire du ch\u00e2teau de Bon\u0163ida fut impliqu\u00e9e dans la guerre d&#8217;ind\u00e9pendance de R\u00e1k\u00f3czi, subissant des dommages qui furent r\u00e9par\u00e9s au cours du si\u00e8cle par l&#8217;h\u00e9ritier suivant de la famille, D\u00e9nes B\u00e1nffy IV, qui, apr\u00e8s avoir v\u00e9cu \u00e0 la cour de Vienne, appliqua son go\u00fbt pour le baroque autrichien.<\/p>\n<p>\nEn temps de paix, le nouveau b\u00e2timent en forme de U a \u00e9t\u00e9 agrandi pour inclure le man\u00e8ge, les \u00e9curies, les \u00e9tables et les jardins avec des statues de Johann Nachtigall, inspir\u00e9es des \u0153uvres du po\u00e8te classique Ovide, et des fontaines.<\/p>\n<p>\nLe ch\u00e2teau a \u00e9t\u00e9 transform\u00e9 au point de perdre son aspect d&#8217;origine, et par cons\u00e9quent, la tour de la porte a \u00e9t\u00e9 d\u00e9molie, joignant la cour Renaissance \u00e0 la cour baroque. La pierre des murs a \u00e9t\u00e9 utilis\u00e9e pour construire un moulin \u00e0 eau pour les villageois de Bon\u0163ida. En 1850, l&#8217;aile ouest du b\u00e2timent a \u00e9t\u00e9 modifi\u00e9e sous la direction de l&#8217;architecte Anton Kagerbauer, selon le mod\u00e8le de l&#8217;architecture paysag\u00e8re anglaise.<\/p>\n<p>\nEn 1944, le ch\u00e2teau a \u00e9t\u00e9 transform\u00e9 en h\u00f4pital de campagne. Les troupes allemandes ont pill\u00e9 et d\u00e9vast\u00e9 le ch\u00e2teau en repr\u00e9sailles \u00e0 l&#8217;attitude politique de son propri\u00e9taire, le comte Mikl\u00f3s B\u00e1nffy, qui avait entam\u00e9 des n\u00e9gociations entre les gouvernements roumain et hongrois pour lutter contre l&#8217;Allemagne (dans les premi\u00e8res ann\u00e9es du conflit, la Roumanie a soutenu les troupes nazies). Le mobilier, la biblioth\u00e8que et la galerie de peinture ont \u00e9t\u00e9 d\u00e9truits pendant cette p\u00e9riode.<\/p>\n<p>\nPendant le r\u00e9gime communiste, il a \u00e9t\u00e9 utilis\u00e9 comme ferme coop\u00e9rative et h\u00f4pital pour enfants. En 1963, lors du tournage d&#8217;une sc\u00e8ne de film impliquant un incendie, une partie du ch\u00e2teau a \u00e9t\u00e9 gravement br\u00fbl\u00e9e, ce qui a fini par ruiner le ch\u00e2teau.<\/p>\n<p>\nAujourd&#8217;hui, le ch\u00e2teau de Bon\u0163ida accueille l&#8217; <strong>Electric Castle Festival,<\/strong> l&#8217;un des plus importants festivals de musique \u00e9lectronique en Europe.<\/p>\n<p> Carte du ch\u00e2teau de Bontida<\/strong> <\/h2>\n","protected":false},"excerpt":{"rendered":"<p>Le ch\u00e2teau B\u00e1nffy est un monument architectural situ\u00e9 \u00e0 Bon\u0163ida , un village dans les environs de Cluj-Napoca. Sur le plan architectural, il pr\u00e9sente des phases de construction et des caract\u00e9ristiques stylistiques appartenant \u00e0 diff\u00e9rents styles : Renaissance, baroque, n\u00e9oclassique et n\u00e9ogothique. Il est la propri\u00e9t\u00e9 de la famille B\u00e1nffy (dont Mikl\u00f3s B\u00e1nffy \u00e9tait membre). &hellip;<\/p>\n<p class=\"read-more\"> <a class=\"\" href=\"https:\/\/roadtoromania.com\/fr\/monuments-de-la-roumanie-que-voir-en-roumanie\/chateau-de-banffy-a-bontida\/\"> <span class=\"screen-reader-text\">Ch\u00e2teau de B\u00e1nffy \u00e0 Bon\u0163ida<\/span> Lire la suite \u00bb<\/a><\/p>\n","protected":false},"author":1,"featured_media":1572,"parent":3197,"menu_order":0,"comment_status":"open","ping_status":"open","template":"","meta":{"site-sidebar-layout":"default","site-content-layout":"default","ast-global-header-display":"","ast-main-header-display":"","ast-hfb-above-header-display":"","ast-hfb-below-header-display":"","ast-hfb-mobile-header-display":"","site-post-title":"","ast-breadcrumbs-content":"","ast-featured-img":"","footer-sml-layout":"","theme-transparent-header-meta":"","adv-header-id-meta":"","stick-header-meta":"","header-above-stick-meta":"","header-main-stick-meta":"","header-below-stick-meta":"","footnotes":""},"class_list":["post-3199","page","type-page","status-publish","has-post-thumbnail","hentry"],"yoast_head":"<!-- This site is optimized with the Yoast SEO plugin v19.10 - https:\/\/yoast.com\/wordpress\/plugins\/seo\/ -->\n<title>Ch\u00e2teau de B\u00e1nffy \u00e0 Bon\u0163ida - Road to Romania<\/title>\n<meta name=\"robots\" content=\"index, follow, max-snippet:-1, max-image-preview:large, max-video-preview:-1\" \/>\n<link rel=\"canonical\" href=\"https:\/\/roadtoromania.com\/fr\/monuments-de-la-roumanie-que-voir-en-roumanie\/chateau-de-banffy-a-bontida\/\" \/>\n<meta property=\"og:locale\" content=\"fr_FR\" \/>\n<meta property=\"og:type\" content=\"article\" \/>\n<meta property=\"og:title\" content=\"Ch\u00e2teau de B\u00e1nffy \u00e0 Bon\u0163ida - Road to Romania\" \/>\n<meta property=\"og:description\" content=\"Le ch\u00e2teau B\u00e1nffy est un monument architectural situ\u00e9 \u00e0 Bon\u0163ida , un village dans les environs de Cluj-Napoca. Sur le plan architectural, il pr\u00e9sente des phases de construction et des caract\u00e9ristiques stylistiques appartenant \u00e0 diff\u00e9rents styles : Renaissance, baroque, n\u00e9oclassique et n\u00e9ogothique. Il est la propri\u00e9t\u00e9 de la famille B\u00e1nffy (dont Mikl\u00f3s B\u00e1nffy \u00e9tait membre). &hellip; Ch\u00e2teau de B\u00e1nffy \u00e0 Bon\u0163ida Lire la suite \u00bb\" \/>\n<meta property=\"og:url\" content=\"https:\/\/roadtoromania.com\/fr\/monuments-de-la-roumanie-que-voir-en-roumanie\/chateau-de-banffy-a-bontida\/\" \/>\n<meta property=\"og:site_name\" content=\"Road to Romania\" \/>\n<meta property=\"article:modified_time\" content=\"2022-10-18T14:52:22+00:00\" \/>\n<meta property=\"og:image\" content=\"https:\/\/roadtoromania.com\/wp-content\/uploads\/2022\/10\/castillo_bontida-1.jpg\" \/>\n\t<meta property=\"og:image:width\" content=\"696\" \/>\n\t<meta property=\"og:image:height\" content=\"463\" \/>\n\t<meta property=\"og:image:type\" content=\"image\/jpeg\" \/>\n<meta name=\"twitter:card\" content=\"summary_large_image\" \/>\n<meta name=\"twitter:label1\" content=\"Dur\u00e9e de lecture estim\u00e9e\" \/>\n\t<meta name=\"twitter:data1\" content=\"3 minutes\" \/>\n<script type=\"application\/ld+json\" class=\"yoast-schema-graph\">{\"@context\":\"https:\/\/schema.org\",\"@graph\":[{\"@type\":\"WebPage\",\"@id\":\"https:\/\/roadtoromania.com\/fr\/monuments-de-la-roumanie-que-voir-en-roumanie\/chateau-de-banffy-a-bontida\/\",\"url\":\"https:\/\/roadtoromania.com\/fr\/monuments-de-la-roumanie-que-voir-en-roumanie\/chateau-de-banffy-a-bontida\/\",\"name\":\"Ch\u00e2teau de B\u00e1nffy \u00e0 Bon\u0163ida - Road to Romania\",\"isPartOf\":{\"@id\":\"https:\/\/roadtoromania.com\/fr\/#website\"},\"datePublished\":\"2022-10-15T18:40:16+00:00\",\"dateModified\":\"2022-10-18T14:52:22+00:00\",\"breadcrumb\":{\"@id\":\"https:\/\/roadtoromania.com\/fr\/monuments-de-la-roumanie-que-voir-en-roumanie\/chateau-de-banffy-a-bontida\/#breadcrumb\"},\"inLanguage\":\"fr-FR\",\"potentialAction\":[{\"@type\":\"ReadAction\",\"target\":[\"https:\/\/roadtoromania.com\/fr\/monuments-de-la-roumanie-que-voir-en-roumanie\/chateau-de-banffy-a-bontida\/\"]}]},{\"@type\":\"BreadcrumbList\",\"@id\":\"https:\/\/roadtoromania.com\/fr\/monuments-de-la-roumanie-que-voir-en-roumanie\/chateau-de-banffy-a-bontida\/#breadcrumb\",\"itemListElement\":[{\"@type\":\"ListItem\",\"position\":1,\"name\":\"Home\",\"item\":\"https:\/\/roadtoromania.com\/fr\/\"},{\"@type\":\"ListItem\",\"position\":2,\"name\":\"Monuments de la Roumanie &#8211; Que voir en Roumanie ?\",\"item\":\"https:\/\/roadtoromania.com\/fr\/monuments-de-la-roumanie-que-voir-en-roumanie\/\"},{\"@type\":\"ListItem\",\"position\":3,\"name\":\"Ch\u00e2teau de B\u00e1nffy \u00e0 Bon\u0163ida\"}]},{\"@type\":\"WebSite\",\"@id\":\"https:\/\/roadtoromania.com\/fr\/#website\",\"url\":\"https:\/\/roadtoromania.com\/fr\/\",\"name\":\"Road to Romania\",\"description\":\"Le blog o\u00f9 vous trouverez toutes les informations dont vous avez besoin pour profiter de la Roumanie.\",\"potentialAction\":[{\"@type\":\"SearchAction\",\"target\":{\"@type\":\"EntryPoint\",\"urlTemplate\":\"https:\/\/roadtoromania.com\/fr\/?s={search_term_string}\"},\"query-input\":\"required name=search_term_string\"}],\"inLanguage\":\"fr-FR\"}]}<\/script>\n<!-- \/ Yoast SEO plugin. -->","yoast_head_json":{"title":"Ch\u00e2teau de B\u00e1nffy \u00e0 Bon\u0163ida - Road to Romania","robots":{"index":"index","follow":"follow","max-snippet":"max-snippet:-1","max-image-preview":"max-image-preview:large","max-video-preview":"max-video-preview:-1"},"canonical":"https:\/\/roadtoromania.com\/fr\/monuments-de-la-roumanie-que-voir-en-roumanie\/chateau-de-banffy-a-bontida\/","og_locale":"fr_FR","og_type":"article","og_title":"Ch\u00e2teau de B\u00e1nffy \u00e0 Bon\u0163ida - Road to Romania","og_description":"Le ch\u00e2teau B\u00e1nffy est un monument architectural situ\u00e9 \u00e0 Bon\u0163ida , un village dans les environs de Cluj-Napoca. Sur le plan architectural, il pr\u00e9sente des phases de construction et des caract\u00e9ristiques stylistiques appartenant \u00e0 diff\u00e9rents styles : Renaissance, baroque, n\u00e9oclassique et n\u00e9ogothique. Il est la propri\u00e9t\u00e9 de la famille B\u00e1nffy (dont Mikl\u00f3s B\u00e1nffy \u00e9tait membre). &hellip; Ch\u00e2teau de B\u00e1nffy \u00e0 Bon\u0163ida Lire la suite \u00bb","og_url":"https:\/\/roadtoromania.com\/fr\/monuments-de-la-roumanie-que-voir-en-roumanie\/chateau-de-banffy-a-bontida\/","og_site_name":"Road to Romania","article_modified_time":"2022-10-18T14:52:22+00:00","og_image":[{"width":696,"height":463,"url":"https:\/\/roadtoromania.com\/wp-content\/uploads\/2022\/10\/castillo_bontida-1.jpg","type":"image\/jpeg"}],"twitter_card":"summary_large_image","twitter_misc":{"Dur\u00e9e de lecture estim\u00e9e":"3 minutes"},"schema":{"@context":"https:\/\/schema.org","@graph":[{"@type":"WebPage","@id":"https:\/\/roadtoromania.com\/fr\/monuments-de-la-roumanie-que-voir-en-roumanie\/chateau-de-banffy-a-bontida\/","url":"https:\/\/roadtoromania.com\/fr\/monuments-de-la-roumanie-que-voir-en-roumanie\/chateau-de-banffy-a-bontida\/","name":"Ch\u00e2teau de B\u00e1nffy \u00e0 Bon\u0163ida - Road to Romania","isPartOf":{"@id":"https:\/\/roadtoromania.com\/fr\/#website"},"datePublished":"2022-10-15T18:40:16+00:00","dateModified":"2022-10-18T14:52:22+00:00","breadcrumb":{"@id":"https:\/\/roadtoromania.com\/fr\/monuments-de-la-roumanie-que-voir-en-roumanie\/chateau-de-banffy-a-bontida\/#breadcrumb"},"inLanguage":"fr-FR","potentialAction":[{"@type":"ReadAction","target":["https:\/\/roadtoromania.com\/fr\/monuments-de-la-roumanie-que-voir-en-roumanie\/chateau-de-banffy-a-bontida\/"]}]},{"@type":"BreadcrumbList","@id":"https:\/\/roadtoromania.com\/fr\/monuments-de-la-roumanie-que-voir-en-roumanie\/chateau-de-banffy-a-bontida\/#breadcrumb","itemListElement":[{"@type":"ListItem","position":1,"name":"Home","item":"https:\/\/roadtoromania.com\/fr\/"},{"@type":"ListItem","position":2,"name":"Monuments de la Roumanie &#8211; Que voir en Roumanie ?","item":"https:\/\/roadtoromania.com\/fr\/monuments-de-la-roumanie-que-voir-en-roumanie\/"},{"@type":"ListItem","position":3,"name":"Ch\u00e2teau de B\u00e1nffy \u00e0 Bon\u0163ida"}]},{"@type":"WebSite","@id":"https:\/\/roadtoromania.com\/fr\/#website","url":"https:\/\/roadtoromania.com\/fr\/","name":"Road to Romania","description":"Le blog o\u00f9 vous trouverez toutes les informations dont vous avez besoin pour profiter de la Roumanie.","potentialAction":[{"@type":"SearchAction","target":{"@type":"EntryPoint","urlTemplate":"https:\/\/roadtoromania.com\/fr\/?s={search_term_string}"},"query-input":"required name=search_term_string"}],"inLanguage":"fr-FR"}]}},"_links":{"self":[{"href":"https:\/\/roadtoromania.com\/fr\/wp-json\/wp\/v2\/pages\/3199","targetHints":{"allow":["GET"]}}],"collection":[{"href":"https:\/\/roadtoromania.com\/fr\/wp-json\/wp\/v2\/pages"}],"about":[{"href":"https:\/\/roadtoromania.com\/fr\/wp-json\/wp\/v2\/types\/page"}],"author":[{"embeddable":true,"href":"https:\/\/roadtoromania.com\/fr\/wp-json\/wp\/v2\/users\/1"}],"replies":[{"embeddable":true,"href":"https:\/\/roadtoromania.com\/fr\/wp-json\/wp\/v2\/comments?post=3199"}],"version-history":[{"count":0,"href":"https:\/\/roadtoromania.com\/fr\/wp-json\/wp\/v2\/pages\/3199\/revisions"}],"up":[{"embeddable":true,"href":"https:\/\/roadtoromania.com\/fr\/wp-json\/wp\/v2\/pages\/3197"}],"wp:featuredmedia":[{"embeddable":true,"href":"https:\/\/roadtoromania.com\/fr\/wp-json\/wp\/v2\/media\/1572"}],"wp:attachment":[{"href":"https:\/\/roadtoromania.com\/fr\/wp-json\/wp\/v2\/media?parent=3199"}],"curies":[{"name":"wp","href":"https:\/\/api.w.org\/{rel}","templated":true}]}}