{"id":3200,"date":"2022-10-15T18:40:16","date_gmt":"2022-10-15T18:40:16","guid":{"rendered":"https:\/\/roadtoromania.com\/monuments-de-la-roumanie-que-voir-en-roumanie\/chateau-de-bran-le-chateau-de-dracula\/"},"modified":"2022-10-18T14:52:22","modified_gmt":"2022-10-18T14:52:22","slug":"chateau-de-bran-le-chateau-de-dracula","status":"publish","type":"page","link":"https:\/\/roadtoromania.com\/fr\/monuments-de-la-roumanie-que-voir-en-roumanie\/chateau-de-bran-le-chateau-de-dracula\/","title":{"rendered":"Ch\u00e2teau de Bran &#8211; le ch\u00e2teau de Dracula"},"content":{"rendered":"<h2> <strong>Le ch\u00e2teau de Dracula de Bram Stoker<\/strong> <\/h2>\n<p>\nIl s&#8217;agit d&#8217;un manoir m\u00e9di\u00e9val <strong>bien pr\u00e9serv\u00e9, qui se trouve \u00e0 <strong>25 kilom\u00e8tres au nord-est de <a href=\"https:\/\/roadtoromania.com\/fr\/villes-et-regions-de-roumanie\/brasov\/\">Brasov<\/a> <\/strong> , \u00e0 Bran. Entour\u00e9 d&#8217;une aura de myst\u00e8re et de l\u00e9gende entourant le mythe de <strong>Dracula de Bram Stoker<\/strong> , cet imposant manoir est un incontournable pour ceux qui suivent le <strong>Dracula Trail \u00e0 travers la <a href=\"https:\/\/roadtoromania.com\/fr\/villes-et-regions-de-roumanie\/transylvanie\/\"> Transylvanie<\/a> <\/strong> . Construit <strong>au sommet d&#8217;un rocher de 200 m\u00e8tres de haut<\/strong> , le ch\u00e2teau de Dracula impressionne par ses tours et ses tourelles. Elle a \u00e9t\u00e9 construite sur le site d&#8217;une forteresse datant de l&#8217;\u00e9poque des chevaliers teutoniques en 1212, et a \u00e9t\u00e9 document\u00e9e pour la premi\u00e8re fois dans un acte \u00e9mis par Louis Ier de Hongrie en 1377 accordant aux Saxons de Cronstadt (Brasov) le privil\u00e8ge de construire la Citadelle.<\/p>\n<p><img decoding=\"async\" src=\"https:\/\/roadtoromania.com\/wp-content\/uploads\/2022\/10\/transilvania-dracula-rumania.jpg\" \/>L&#8217;impressionnant ch\u00e2teau de Dracula \u00e0 Bran, incontournable pour ceux qui suivent la c\u00e9l\u00e8bre route du comte.<\/p>\n<p>\nMalgr\u00e9 la m\u00e9connaissance de la Transylvanie par Stoker, l&#8217;\u00e9crivain irlandais s&#8217;est appuy\u00e9 sur des recherches et sur son imagination pour cr\u00e9er la maison du personnage du comte Dracula, qui ressemble beaucoup \u00e0 ce manoir. Le ch\u00e2teau abrite quelque <strong>60 pi\u00e8ces auxquelles on acc\u00e8de par des escaliers sinueux et \u00e9troits<\/strong> , et beaucoup de ces pi\u00e8ces sont reli\u00e9es par des passages souterrains contenant des collections de meubles, d&#8217;armes et d&#8217;armures du XIVe au XIXe si\u00e8cle.<\/p>\n<p><img decoding=\"async\" src=\"https:\/\/roadtoromania.com\/wp-content\/uploads\/2022\/10\/interior_castillo_dracula.jpg\" \/>Cour int\u00e9rieure du ch\u00e2teau de Bran (Transylvanie)<\/p>\n<p>\nDe 1920 \u00e0 1957, Bran a servi de r\u00e9sidence royale  , cadeau du peuple de Brasov \u00e0 la reine Marie de Roumanie. Mais maintenant, c&#8217;est un <strong>mus\u00e9e ouvert aux touristes<\/strong> , qui peuvent admirer les meubles et les objets d&#8217;art qui entouraient la reine. Le ch\u00e2teau de Dracula surplombe le village pittoresque de Bran, qui m\u00e9rite une visite <\/p>\n<p>.<\/p>\n<p>\nComme nous l&#8217;avons comment\u00e9 le personnage historique Vlad Dracul, &#8220;Vlad l&#8217;Empaleur&#8221; n&#8217;a jamais v\u00e9cu dans le ch\u00e2teau (bien qu&#8217;il semble qu&#8217;il ait pu \u00eatre un prisonnier enferm\u00e9 dans ses cellules), mais le succ\u00e8s du roman de Bram Stoker lui a valu de nombreux m\u00e9rites, et il figure d\u00e9sormais sur tous les circuits touristiques du pays, et bien s\u00fbr ceux de la Transylvanie et de Dracula lui-m\u00eame.<\/p>\n<p><img decoding=\"async\" src=\"https:\/\/roadtoromania.com\/wp-content\/uploads\/2022\/10\/castillo_bran_rumania.jpg\" \/>Le ch\u00e2teau de Bran, et le mythe de Dracula, deux attractions de la Transylvanie.<\/p>\n<p>\nApr\u00e8s que le ch\u00e2teau ait \u00e9t\u00e9 rendu aux h\u00e9ritiers (rappelons qu&#8217;il avait \u00e9t\u00e9 expropri\u00e9 par le r\u00e9gime communiste), il a \u00e9t\u00e9 tent\u00e9 d&#8217;\u00eatre vendu sans succ\u00e8s.<\/p>\n<p> Excursions au ch\u00e2teau de Bran et autres lieux en Transylvanie<\/strong> <\/h3>\n<p>\n<a href=\"https:\/\/roadtoromania.com\/fr\/cartes-de-la-roumanie\/carte-de-bran-et-du-chateau-de-vlad-tepes-dracula\/\">Carte et plan de Bran et du ch\u00e2teau de Vlad Tepes (Dracula)<\/a> .<br \/&#038;&#038;gt ;\nLa Roumanie offre la possibilit\u00e9 de <a href=\"https:\/\/roadtoromania.com\/fr\/hebergement-en-roumanie\/\">r\u00e9server votre chambre dans les h\u00f4tels<\/a> et de <a href=\"https:\/\/roadtoromania.com\/fr\/location-de-voitures-en-roumanie\/\">louer une voiture pr\u00e8s de Bran<\/a> .<\/p>\n","protected":false},"excerpt":{"rendered":"<p>Le ch\u00e2teau de Dracula de Bram Stoker Il s&#8217;agit d&#8217;un manoir m\u00e9di\u00e9val bien pr\u00e9serv\u00e9, qui se trouve \u00e0 25 kilom\u00e8tres au nord-est de Brasov , \u00e0 Bran. Entour\u00e9 d&#8217;une aura de myst\u00e8re et de l\u00e9gende entourant le mythe de Dracula de Bram Stoker , cet imposant manoir est un incontournable pour ceux qui suivent le &hellip;<\/p>\n<p class=\"read-more\"> <a class=\"\" href=\"https:\/\/roadtoromania.com\/fr\/monuments-de-la-roumanie-que-voir-en-roumanie\/chateau-de-bran-le-chateau-de-dracula\/\"> <span class=\"screen-reader-text\">Ch\u00e2teau de Bran &#8211; le ch\u00e2teau de Dracula<\/span> Lire la suite \u00bb<\/a><\/p>\n","protected":false},"author":1,"featured_media":1580,"parent":3197,"menu_order":0,"comment_status":"open","ping_status":"open","template":"","meta":{"site-sidebar-layout":"default","site-content-layout":"default","ast-global-header-display":"","ast-main-header-display":"","ast-hfb-above-header-display":"","ast-hfb-below-header-display":"","ast-hfb-mobile-header-display":"","site-post-title":"","ast-breadcrumbs-content":"","ast-featured-img":"","footer-sml-layout":"","theme-transparent-header-meta":"","adv-header-id-meta":"","stick-header-meta":"","header-above-stick-meta":"","header-main-stick-meta":"","header-below-stick-meta":"","footnotes":""},"class_list":["post-3200","page","type-page","status-publish","has-post-thumbnail","hentry"],"yoast_head":"<!-- This site is optimized with the Yoast SEO plugin v19.10 - https:\/\/yoast.com\/wordpress\/plugins\/seo\/ -->\n<title>Ch\u00e2teau de Bran - le ch\u00e2teau de Dracula - Road to Romania<\/title>\n<meta name=\"robots\" content=\"index, follow, max-snippet:-1, max-image-preview:large, max-video-preview:-1\" \/>\n<link rel=\"canonical\" href=\"https:\/\/roadtoromania.com\/fr\/monuments-de-la-roumanie-que-voir-en-roumanie\/chateau-de-bran-le-chateau-de-dracula\/\" \/>\n<meta property=\"og:locale\" content=\"fr_FR\" \/>\n<meta property=\"og:type\" content=\"article\" \/>\n<meta property=\"og:title\" content=\"Ch\u00e2teau de Bran - le ch\u00e2teau de Dracula - Road to Romania\" \/>\n<meta property=\"og:description\" content=\"Le ch\u00e2teau de Dracula de Bram Stoker Il s&#8217;agit d&#8217;un manoir m\u00e9di\u00e9val bien pr\u00e9serv\u00e9, qui se trouve \u00e0 25 kilom\u00e8tres au nord-est de Brasov , \u00e0 Bran. Entour\u00e9 d&#8217;une aura de myst\u00e8re et de l\u00e9gende entourant le mythe de Dracula de Bram Stoker , cet imposant manoir est un incontournable pour ceux qui suivent le &hellip; Ch\u00e2teau de Bran &#8211; le ch\u00e2teau de Dracula Lire la suite \u00bb\" \/>\n<meta property=\"og:url\" content=\"https:\/\/roadtoromania.com\/fr\/monuments-de-la-roumanie-que-voir-en-roumanie\/chateau-de-bran-le-chateau-de-dracula\/\" \/>\n<meta property=\"og:site_name\" content=\"Road to Romania\" \/>\n<meta property=\"article:modified_time\" content=\"2022-10-18T14:52:22+00:00\" \/>\n<meta property=\"og:image\" content=\"https:\/\/roadtoromania.com\/wp-content\/uploads\/2022\/10\/transilvania-dracula-rumania-1.jpg\" \/>\n\t<meta property=\"og:image:width\" content=\"768\" \/>\n\t<meta property=\"og:image:height\" content=\"576\" \/>\n\t<meta property=\"og:image:type\" content=\"image\/jpeg\" \/>\n<meta name=\"twitter:card\" content=\"summary_large_image\" \/>\n<meta name=\"twitter:label1\" content=\"Dur\u00e9e de lecture estim\u00e9e\" \/>\n\t<meta name=\"twitter:data1\" content=\"2 minutes\" \/>\n<script type=\"application\/ld+json\" class=\"yoast-schema-graph\">{\"@context\":\"https:\/\/schema.org\",\"@graph\":[{\"@type\":\"WebPage\",\"@id\":\"https:\/\/roadtoromania.com\/fr\/monuments-de-la-roumanie-que-voir-en-roumanie\/chateau-de-bran-le-chateau-de-dracula\/\",\"url\":\"https:\/\/roadtoromania.com\/fr\/monuments-de-la-roumanie-que-voir-en-roumanie\/chateau-de-bran-le-chateau-de-dracula\/\",\"name\":\"Ch\u00e2teau de Bran - le ch\u00e2teau de Dracula - Road to Romania\",\"isPartOf\":{\"@id\":\"https:\/\/roadtoromania.com\/fr\/#website\"},\"datePublished\":\"2022-10-15T18:40:16+00:00\",\"dateModified\":\"2022-10-18T14:52:22+00:00\",\"breadcrumb\":{\"@id\":\"https:\/\/roadtoromania.com\/fr\/monuments-de-la-roumanie-que-voir-en-roumanie\/chateau-de-bran-le-chateau-de-dracula\/#breadcrumb\"},\"inLanguage\":\"fr-FR\",\"potentialAction\":[{\"@type\":\"ReadAction\",\"target\":[\"https:\/\/roadtoromania.com\/fr\/monuments-de-la-roumanie-que-voir-en-roumanie\/chateau-de-bran-le-chateau-de-dracula\/\"]}]},{\"@type\":\"BreadcrumbList\",\"@id\":\"https:\/\/roadtoromania.com\/fr\/monuments-de-la-roumanie-que-voir-en-roumanie\/chateau-de-bran-le-chateau-de-dracula\/#breadcrumb\",\"itemListElement\":[{\"@type\":\"ListItem\",\"position\":1,\"name\":\"Home\",\"item\":\"https:\/\/roadtoromania.com\/fr\/\"},{\"@type\":\"ListItem\",\"position\":2,\"name\":\"Monuments de la Roumanie &#8211; Que voir en Roumanie ?\",\"item\":\"https:\/\/roadtoromania.com\/fr\/monuments-de-la-roumanie-que-voir-en-roumanie\/\"},{\"@type\":\"ListItem\",\"position\":3,\"name\":\"Ch\u00e2teau de Bran &#8211; le ch\u00e2teau de Dracula\"}]},{\"@type\":\"WebSite\",\"@id\":\"https:\/\/roadtoromania.com\/fr\/#website\",\"url\":\"https:\/\/roadtoromania.com\/fr\/\",\"name\":\"Road to Romania\",\"description\":\"Le blog o\u00f9 vous trouverez toutes les informations dont vous avez besoin pour profiter de la Roumanie.\",\"potentialAction\":[{\"@type\":\"SearchAction\",\"target\":{\"@type\":\"EntryPoint\",\"urlTemplate\":\"https:\/\/roadtoromania.com\/fr\/?s={search_term_string}\"},\"query-input\":\"required name=search_term_string\"}],\"inLanguage\":\"fr-FR\"}]}<\/script>\n<!-- \/ Yoast SEO plugin. -->","yoast_head_json":{"title":"Ch\u00e2teau de Bran - le ch\u00e2teau de Dracula - Road to Romania","robots":{"index":"index","follow":"follow","max-snippet":"max-snippet:-1","max-image-preview":"max-image-preview:large","max-video-preview":"max-video-preview:-1"},"canonical":"https:\/\/roadtoromania.com\/fr\/monuments-de-la-roumanie-que-voir-en-roumanie\/chateau-de-bran-le-chateau-de-dracula\/","og_locale":"fr_FR","og_type":"article","og_title":"Ch\u00e2teau de Bran - le ch\u00e2teau de Dracula - Road to Romania","og_description":"Le ch\u00e2teau de Dracula de Bram Stoker Il s&#8217;agit d&#8217;un manoir m\u00e9di\u00e9val bien pr\u00e9serv\u00e9, qui se trouve \u00e0 25 kilom\u00e8tres au nord-est de Brasov , \u00e0 Bran. Entour\u00e9 d&#8217;une aura de myst\u00e8re et de l\u00e9gende entourant le mythe de Dracula de Bram Stoker , cet imposant manoir est un incontournable pour ceux qui suivent le &hellip; Ch\u00e2teau de Bran &#8211; le ch\u00e2teau de Dracula Lire la suite \u00bb","og_url":"https:\/\/roadtoromania.com\/fr\/monuments-de-la-roumanie-que-voir-en-roumanie\/chateau-de-bran-le-chateau-de-dracula\/","og_site_name":"Road to Romania","article_modified_time":"2022-10-18T14:52:22+00:00","og_image":[{"width":768,"height":576,"url":"https:\/\/roadtoromania.com\/wp-content\/uploads\/2022\/10\/transilvania-dracula-rumania-1.jpg","type":"image\/jpeg"}],"twitter_card":"summary_large_image","twitter_misc":{"Dur\u00e9e de lecture estim\u00e9e":"2 minutes"},"schema":{"@context":"https:\/\/schema.org","@graph":[{"@type":"WebPage","@id":"https:\/\/roadtoromania.com\/fr\/monuments-de-la-roumanie-que-voir-en-roumanie\/chateau-de-bran-le-chateau-de-dracula\/","url":"https:\/\/roadtoromania.com\/fr\/monuments-de-la-roumanie-que-voir-en-roumanie\/chateau-de-bran-le-chateau-de-dracula\/","name":"Ch\u00e2teau de Bran - le ch\u00e2teau de Dracula - Road to Romania","isPartOf":{"@id":"https:\/\/roadtoromania.com\/fr\/#website"},"datePublished":"2022-10-15T18:40:16+00:00","dateModified":"2022-10-18T14:52:22+00:00","breadcrumb":{"@id":"https:\/\/roadtoromania.com\/fr\/monuments-de-la-roumanie-que-voir-en-roumanie\/chateau-de-bran-le-chateau-de-dracula\/#breadcrumb"},"inLanguage":"fr-FR","potentialAction":[{"@type":"ReadAction","target":["https:\/\/roadtoromania.com\/fr\/monuments-de-la-roumanie-que-voir-en-roumanie\/chateau-de-bran-le-chateau-de-dracula\/"]}]},{"@type":"BreadcrumbList","@id":"https:\/\/roadtoromania.com\/fr\/monuments-de-la-roumanie-que-voir-en-roumanie\/chateau-de-bran-le-chateau-de-dracula\/#breadcrumb","itemListElement":[{"@type":"ListItem","position":1,"name":"Home","item":"https:\/\/roadtoromania.com\/fr\/"},{"@type":"ListItem","position":2,"name":"Monuments de la Roumanie &#8211; Que voir en Roumanie ?","item":"https:\/\/roadtoromania.com\/fr\/monuments-de-la-roumanie-que-voir-en-roumanie\/"},{"@type":"ListItem","position":3,"name":"Ch\u00e2teau de Bran &#8211; le ch\u00e2teau de Dracula"}]},{"@type":"WebSite","@id":"https:\/\/roadtoromania.com\/fr\/#website","url":"https:\/\/roadtoromania.com\/fr\/","name":"Road to Romania","description":"Le blog o\u00f9 vous trouverez toutes les informations dont vous avez besoin pour profiter de la Roumanie.","potentialAction":[{"@type":"SearchAction","target":{"@type":"EntryPoint","urlTemplate":"https:\/\/roadtoromania.com\/fr\/?s={search_term_string}"},"query-input":"required name=search_term_string"}],"inLanguage":"fr-FR"}]}},"_links":{"self":[{"href":"https:\/\/roadtoromania.com\/fr\/wp-json\/wp\/v2\/pages\/3200","targetHints":{"allow":["GET"]}}],"collection":[{"href":"https:\/\/roadtoromania.com\/fr\/wp-json\/wp\/v2\/pages"}],"about":[{"href":"https:\/\/roadtoromania.com\/fr\/wp-json\/wp\/v2\/types\/page"}],"author":[{"embeddable":true,"href":"https:\/\/roadtoromania.com\/fr\/wp-json\/wp\/v2\/users\/1"}],"replies":[{"embeddable":true,"href":"https:\/\/roadtoromania.com\/fr\/wp-json\/wp\/v2\/comments?post=3200"}],"version-history":[{"count":0,"href":"https:\/\/roadtoromania.com\/fr\/wp-json\/wp\/v2\/pages\/3200\/revisions"}],"up":[{"embeddable":true,"href":"https:\/\/roadtoromania.com\/fr\/wp-json\/wp\/v2\/pages\/3197"}],"wp:featuredmedia":[{"embeddable":true,"href":"https:\/\/roadtoromania.com\/fr\/wp-json\/wp\/v2\/media\/1580"}],"wp:attachment":[{"href":"https:\/\/roadtoromania.com\/fr\/wp-json\/wp\/v2\/media?parent=3200"}],"curies":[{"name":"wp","href":"https:\/\/api.w.org\/{rel}","templated":true}]}}