{"id":3201,"date":"2022-10-15T18:40:16","date_gmt":"2022-10-15T18:40:16","guid":{"rendered":"https:\/\/roadtoromania.com\/monuments-de-la-roumanie-que-voir-en-roumanie\/chateau-de-rasnov\/"},"modified":"2022-10-18T14:52:22","modified_gmt":"2022-10-18T14:52:22","slug":"chateau-de-rasnov","status":"publish","type":"page","link":"https:\/\/roadtoromania.com\/fr\/monuments-de-la-roumanie-que-voir-en-roumanie\/chateau-de-rasnov\/","title":{"rendered":"Ch\u00e2teau de Rasnov"},"content":{"rendered":"<p><a href=\"https:\/\/roadtoromania.com\/wp-content\/uploads\/2022\/10\/fortaleza_rasnovl.jpg\"><img decoding=\"async\" src=\"https:\/\/roadtoromania.com\/wp-content\/uploads\/2022\/10\/fortaleza_rasnovl.jpg\" \/><\/a> Forteresse de Rasnov<\/p>\n<p>\nLa forteresse <strong>Rasnov<\/strong> ((Rosenauer Burg en allemand) est, bien que moins connue que d&#8217;autres ch\u00e2teaux en Roumanie, l&#8217;une des plus importantes attractions touristiques de la r\u00e9gion historique de <a href=\"https:\/\/roadtoromania.com\/fr\/villes-et-regions-de-roumanie\/transylvanie\/\"> <strong>Transylvanie<\/strong><\/a> . \u00c0 quinze minutes \u00e0 peine de <a href=\"https:\/\/roadtoromania.com\/fr\/villes-et-regions-de-roumanie\/brasov\/\"> <strong>Brasov<\/strong><\/a> , un trajet en voiture vous m\u00e8nera \u00e0 l&#8217;imposante fortification situ\u00e9e sur une montagne des Carpates  .<\/p>\n<h2>\n <strong>Histoire de Rasnov<\/strong> <\/h2>\n<p>.<\/p>\n<p>\nR\u00e9put\u00e9 avoir \u00e9t\u00e9 construit entre 1211 et 1225, Rasnov \u00e9tait l&#8217;un des nombreux chevaliers teutoniques allemands \u00e9lev\u00e9s pour d\u00e9fendre la Transylvanie contre l&#8217;avanc\u00e9e des Turcs et des Tartares. Lorsque l&#8217;ennemi s&#8217;approchait du col de Bran, les habitants des hameaux de Rasnov s&#8217;enfermaient dans la citadelle, vivant en \u00e9tat de si\u00e8ge pendant des ann\u00e9es et transformant ind\u00e9finiment le ch\u00e2teau en ville. C&#8217;est pourquoi ces fortifications sont appel\u00e9es fortifications paysannes.<\/p>\n<p>\nLa structure en bois a ensuite \u00e9t\u00e9 remplac\u00e9e par une structure en pierre apr\u00e8s l&#8217;abandon par les crois\u00e9s, et ce n&#8217;est qu&#8217;en 1421 que les premi\u00e8res sources mentionnent le si\u00e8ge par les troupes turques. La r\u00e9sistance l&#8217;a emp\u00each\u00e9 d&#8217;\u00eatre prise, comme ce fut le cas lors des vagues suivantes de 1436 et 1441.<\/p>\n<p>\nApr\u00e8s les disputes entre les princes de Transylvanie, il est devenu n\u00e9cessaire d&#8217;obtenir un approvisionnement en eau, car celui utilis\u00e9 avait \u00e9t\u00e9 d\u00e9couvert au fil des ans, ce qui a entra\u00een\u00e9 la seule capitulation qu&#8217;ils aient jamais connue. \u00c0 cette fin, au milieu du XVIIe si\u00e8cle, un projet d&#8217;ing\u00e9nierie hydraulique a \u00e9t\u00e9 r\u00e9alis\u00e9 pour creuser un puits qui a travers\u00e9 le calcaire sur lequel se trouve le ch\u00e2teau et a cr\u00e9\u00e9 un puits qui s&#8217;enfonce \u00e0 pr\u00e8s de 150 m\u00e8tres dans le sol.<\/p>\n<p>\nAbandonn\u00e9e au XVIIIe si\u00e8cle \u00e0 la suite d&#8217;un incendie et d&#8217;un tremblement de terre, la forteresse a \u00e9t\u00e9 r\u00e9cemment restaur\u00e9e et les visiteurs peuvent d\u00e9couvrir les b\u00e2timents qui la composent, notamment le mus\u00e9e d&#8217;art f\u00e9odal o\u00f9 sont expos\u00e9s des armures, des armes, des costumes d&#8217;\u00e9poque et d&#8217;autres ustensiles m\u00e9di\u00e9vaux.<\/p>\n<p><a href=\"https:\/\/roadtoromania.com\/wp-content\/uploads\/2022\/10\/castillo_rasnov.jpg\"><img decoding=\"async\" src=\"https:\/\/roadtoromania.com\/wp-content\/uploads\/2022\/10\/castillo_rasnov.jpg\" \/><\/a> Forteresse paysanne de Rasnov<\/p>\n<p>\nL&#8217;importance de Rasnov r\u00e9side dans sa situation au carrefour entre la Valachie et la Transylvanie. Lors de la <strong>visite du ch\u00e2teau<\/strong> , nous pouvons voir les deux zones, celle du haut \u00e9tant le point le plus \u00e9lev\u00e9 surplombant toute la vall\u00e9e. \u00c0 l&#8217;int\u00e9rieur de la forteresse vivaient les paysans qui s&#8217;y r\u00e9fugiaient et c&#8217;est pourquoi la structure de la ville, avec ses maisons, son \u00e9cole et sa chapelle, est diff\u00e9rente de celle des autres ch\u00e2teaux qui n&#8217;\u00e9taient que le fief du seigneur et de ses troupes <\/p>\n<p>.<\/p>\n<p>\nLe ch\u00e2teau est ouvert tous les jours de l&#8217;ann\u00e9e, de 9h00 \u00e0 19h00 d&#8217;avril \u00e0 octobre et jusqu&#8217;\u00e0 17h00 de novembre \u00e0 mars. Les \u00e9tudiants, les enfants de moins de 3 ans et les personnes \u00e0 mobilit\u00e9 r\u00e9duite sont admis gratuitement dans l&#8217;enceinte du ch\u00e2teau de Rasnov.<\/p>\n<p>\nSi vous arrivez en voiture, vous pouvez laisser votre voiture sur le parking et monter \u00e0 pied ou prendre le &#8220;tracteur touristique&#8221; jusqu&#8217;\u00e0 l&#8217;entr\u00e9e du ch\u00e2teau.<\/p>\n","protected":false},"excerpt":{"rendered":"<p>Forteresse de Rasnov La forteresse Rasnov ((Rosenauer Burg en allemand) est, bien que moins connue que d&#8217;autres ch\u00e2teaux en Roumanie, l&#8217;une des plus importantes attractions touristiques de la r\u00e9gion historique de Transylvanie . \u00c0 quinze minutes \u00e0 peine de Brasov , un trajet en voiture vous m\u00e8nera \u00e0 l&#8217;imposante fortification situ\u00e9e sur une montagne des &hellip;<\/p>\n<p class=\"read-more\"> <a class=\"\" href=\"https:\/\/roadtoromania.com\/fr\/monuments-de-la-roumanie-que-voir-en-roumanie\/chateau-de-rasnov\/\"> <span class=\"screen-reader-text\">Ch\u00e2teau de Rasnov<\/span> Lire la suite \u00bb<\/a><\/p>\n","protected":false},"author":1,"featured_media":1600,"parent":3197,"menu_order":0,"comment_status":"open","ping_status":"open","template":"","meta":{"site-sidebar-layout":"default","site-content-layout":"default","ast-global-header-display":"","ast-main-header-display":"","ast-hfb-above-header-display":"","ast-hfb-below-header-display":"","ast-hfb-mobile-header-display":"","site-post-title":"","ast-breadcrumbs-content":"","ast-featured-img":"","footer-sml-layout":"","theme-transparent-header-meta":"","adv-header-id-meta":"","stick-header-meta":"","header-above-stick-meta":"","header-main-stick-meta":"","header-below-stick-meta":"","footnotes":""},"class_list":["post-3201","page","type-page","status-publish","has-post-thumbnail","hentry"],"yoast_head":"<!-- This site is optimized with the Yoast SEO plugin v19.10 - https:\/\/yoast.com\/wordpress\/plugins\/seo\/ -->\n<title>Ch\u00e2teau de Rasnov - Road to Romania<\/title>\n<meta name=\"robots\" content=\"index, follow, max-snippet:-1, max-image-preview:large, max-video-preview:-1\" \/>\n<link rel=\"canonical\" href=\"https:\/\/roadtoromania.com\/fr\/monuments-de-la-roumanie-que-voir-en-roumanie\/chateau-de-rasnov\/\" \/>\n<meta property=\"og:locale\" content=\"fr_FR\" \/>\n<meta property=\"og:type\" content=\"article\" \/>\n<meta property=\"og:title\" content=\"Ch\u00e2teau de Rasnov - Road to Romania\" \/>\n<meta property=\"og:description\" content=\"Forteresse de Rasnov La forteresse Rasnov ((Rosenauer Burg en allemand) est, bien que moins connue que d&#8217;autres ch\u00e2teaux en Roumanie, l&#8217;une des plus importantes attractions touristiques de la r\u00e9gion historique de Transylvanie . \u00c0 quinze minutes \u00e0 peine de Brasov , un trajet en voiture vous m\u00e8nera \u00e0 l&#8217;imposante fortification situ\u00e9e sur une montagne des &hellip; Ch\u00e2teau de Rasnov Lire la suite \u00bb\" \/>\n<meta property=\"og:url\" content=\"https:\/\/roadtoromania.com\/fr\/monuments-de-la-roumanie-que-voir-en-roumanie\/chateau-de-rasnov\/\" \/>\n<meta property=\"og:site_name\" content=\"Road to Romania\" \/>\n<meta property=\"article:modified_time\" content=\"2022-10-18T14:52:22+00:00\" \/>\n<meta property=\"og:image\" content=\"https:\/\/roadtoromania.com\/wp-content\/uploads\/2022\/10\/fortaleza_rasnovl-1.jpg\" \/>\n\t<meta property=\"og:image:width\" content=\"750\" \/>\n\t<meta property=\"og:image:height\" content=\"598\" \/>\n\t<meta property=\"og:image:type\" content=\"image\/jpeg\" \/>\n<meta name=\"twitter:card\" content=\"summary_large_image\" \/>\n<meta name=\"twitter:label1\" content=\"Dur\u00e9e de lecture estim\u00e9e\" \/>\n\t<meta name=\"twitter:data1\" content=\"3 minutes\" \/>\n<script type=\"application\/ld+json\" class=\"yoast-schema-graph\">{\"@context\":\"https:\/\/schema.org\",\"@graph\":[{\"@type\":\"WebPage\",\"@id\":\"https:\/\/roadtoromania.com\/fr\/monuments-de-la-roumanie-que-voir-en-roumanie\/chateau-de-rasnov\/\",\"url\":\"https:\/\/roadtoromania.com\/fr\/monuments-de-la-roumanie-que-voir-en-roumanie\/chateau-de-rasnov\/\",\"name\":\"Ch\u00e2teau de Rasnov - Road to Romania\",\"isPartOf\":{\"@id\":\"https:\/\/roadtoromania.com\/fr\/#website\"},\"datePublished\":\"2022-10-15T18:40:16+00:00\",\"dateModified\":\"2022-10-18T14:52:22+00:00\",\"breadcrumb\":{\"@id\":\"https:\/\/roadtoromania.com\/fr\/monuments-de-la-roumanie-que-voir-en-roumanie\/chateau-de-rasnov\/#breadcrumb\"},\"inLanguage\":\"fr-FR\",\"potentialAction\":[{\"@type\":\"ReadAction\",\"target\":[\"https:\/\/roadtoromania.com\/fr\/monuments-de-la-roumanie-que-voir-en-roumanie\/chateau-de-rasnov\/\"]}]},{\"@type\":\"BreadcrumbList\",\"@id\":\"https:\/\/roadtoromania.com\/fr\/monuments-de-la-roumanie-que-voir-en-roumanie\/chateau-de-rasnov\/#breadcrumb\",\"itemListElement\":[{\"@type\":\"ListItem\",\"position\":1,\"name\":\"Home\",\"item\":\"https:\/\/roadtoromania.com\/fr\/\"},{\"@type\":\"ListItem\",\"position\":2,\"name\":\"Monuments de la Roumanie &#8211; Que voir en Roumanie ?\",\"item\":\"https:\/\/roadtoromania.com\/fr\/monuments-de-la-roumanie-que-voir-en-roumanie\/\"},{\"@type\":\"ListItem\",\"position\":3,\"name\":\"Ch\u00e2teau de Rasnov\"}]},{\"@type\":\"WebSite\",\"@id\":\"https:\/\/roadtoromania.com\/fr\/#website\",\"url\":\"https:\/\/roadtoromania.com\/fr\/\",\"name\":\"Road to Romania\",\"description\":\"Le blog o\u00f9 vous trouverez toutes les informations dont vous avez besoin pour profiter de la Roumanie.\",\"potentialAction\":[{\"@type\":\"SearchAction\",\"target\":{\"@type\":\"EntryPoint\",\"urlTemplate\":\"https:\/\/roadtoromania.com\/fr\/?s={search_term_string}\"},\"query-input\":\"required name=search_term_string\"}],\"inLanguage\":\"fr-FR\"}]}<\/script>\n<!-- \/ Yoast SEO plugin. -->","yoast_head_json":{"title":"Ch\u00e2teau de Rasnov - Road to Romania","robots":{"index":"index","follow":"follow","max-snippet":"max-snippet:-1","max-image-preview":"max-image-preview:large","max-video-preview":"max-video-preview:-1"},"canonical":"https:\/\/roadtoromania.com\/fr\/monuments-de-la-roumanie-que-voir-en-roumanie\/chateau-de-rasnov\/","og_locale":"fr_FR","og_type":"article","og_title":"Ch\u00e2teau de Rasnov - Road to Romania","og_description":"Forteresse de Rasnov La forteresse Rasnov ((Rosenauer Burg en allemand) est, bien que moins connue que d&#8217;autres ch\u00e2teaux en Roumanie, l&#8217;une des plus importantes attractions touristiques de la r\u00e9gion historique de Transylvanie . \u00c0 quinze minutes \u00e0 peine de Brasov , un trajet en voiture vous m\u00e8nera \u00e0 l&#8217;imposante fortification situ\u00e9e sur une montagne des &hellip; Ch\u00e2teau de Rasnov Lire la suite \u00bb","og_url":"https:\/\/roadtoromania.com\/fr\/monuments-de-la-roumanie-que-voir-en-roumanie\/chateau-de-rasnov\/","og_site_name":"Road to Romania","article_modified_time":"2022-10-18T14:52:22+00:00","og_image":[{"width":750,"height":598,"url":"https:\/\/roadtoromania.com\/wp-content\/uploads\/2022\/10\/fortaleza_rasnovl-1.jpg","type":"image\/jpeg"}],"twitter_card":"summary_large_image","twitter_misc":{"Dur\u00e9e de lecture estim\u00e9e":"3 minutes"},"schema":{"@context":"https:\/\/schema.org","@graph":[{"@type":"WebPage","@id":"https:\/\/roadtoromania.com\/fr\/monuments-de-la-roumanie-que-voir-en-roumanie\/chateau-de-rasnov\/","url":"https:\/\/roadtoromania.com\/fr\/monuments-de-la-roumanie-que-voir-en-roumanie\/chateau-de-rasnov\/","name":"Ch\u00e2teau de Rasnov - Road to Romania","isPartOf":{"@id":"https:\/\/roadtoromania.com\/fr\/#website"},"datePublished":"2022-10-15T18:40:16+00:00","dateModified":"2022-10-18T14:52:22+00:00","breadcrumb":{"@id":"https:\/\/roadtoromania.com\/fr\/monuments-de-la-roumanie-que-voir-en-roumanie\/chateau-de-rasnov\/#breadcrumb"},"inLanguage":"fr-FR","potentialAction":[{"@type":"ReadAction","target":["https:\/\/roadtoromania.com\/fr\/monuments-de-la-roumanie-que-voir-en-roumanie\/chateau-de-rasnov\/"]}]},{"@type":"BreadcrumbList","@id":"https:\/\/roadtoromania.com\/fr\/monuments-de-la-roumanie-que-voir-en-roumanie\/chateau-de-rasnov\/#breadcrumb","itemListElement":[{"@type":"ListItem","position":1,"name":"Home","item":"https:\/\/roadtoromania.com\/fr\/"},{"@type":"ListItem","position":2,"name":"Monuments de la Roumanie &#8211; Que voir en Roumanie ?","item":"https:\/\/roadtoromania.com\/fr\/monuments-de-la-roumanie-que-voir-en-roumanie\/"},{"@type":"ListItem","position":3,"name":"Ch\u00e2teau de Rasnov"}]},{"@type":"WebSite","@id":"https:\/\/roadtoromania.com\/fr\/#website","url":"https:\/\/roadtoromania.com\/fr\/","name":"Road to Romania","description":"Le blog o\u00f9 vous trouverez toutes les informations dont vous avez besoin pour profiter de la Roumanie.","potentialAction":[{"@type":"SearchAction","target":{"@type":"EntryPoint","urlTemplate":"https:\/\/roadtoromania.com\/fr\/?s={search_term_string}"},"query-input":"required name=search_term_string"}],"inLanguage":"fr-FR"}]}},"_links":{"self":[{"href":"https:\/\/roadtoromania.com\/fr\/wp-json\/wp\/v2\/pages\/3201","targetHints":{"allow":["GET"]}}],"collection":[{"href":"https:\/\/roadtoromania.com\/fr\/wp-json\/wp\/v2\/pages"}],"about":[{"href":"https:\/\/roadtoromania.com\/fr\/wp-json\/wp\/v2\/types\/page"}],"author":[{"embeddable":true,"href":"https:\/\/roadtoromania.com\/fr\/wp-json\/wp\/v2\/users\/1"}],"replies":[{"embeddable":true,"href":"https:\/\/roadtoromania.com\/fr\/wp-json\/wp\/v2\/comments?post=3201"}],"version-history":[{"count":0,"href":"https:\/\/roadtoromania.com\/fr\/wp-json\/wp\/v2\/pages\/3201\/revisions"}],"up":[{"embeddable":true,"href":"https:\/\/roadtoromania.com\/fr\/wp-json\/wp\/v2\/pages\/3197"}],"wp:featuredmedia":[{"embeddable":true,"href":"https:\/\/roadtoromania.com\/fr\/wp-json\/wp\/v2\/media\/1600"}],"wp:attachment":[{"href":"https:\/\/roadtoromania.com\/fr\/wp-json\/wp\/v2\/media?parent=3201"}],"curies":[{"name":"wp","href":"https:\/\/api.w.org\/{rel}","templated":true}]}}