{"id":3202,"date":"2022-10-15T18:40:16","date_gmt":"2022-10-15T18:40:16","guid":{"rendered":"https:\/\/roadtoromania.com\/monuments-de-la-roumanie-que-voir-en-roumanie\/chateaux-en-roumanie\/"},"modified":"2022-10-18T14:52:22","modified_gmt":"2022-10-18T14:52:22","slug":"chateaux-en-roumanie","status":"publish","type":"page","link":"https:\/\/roadtoromania.com\/fr\/monuments-de-la-roumanie-que-voir-en-roumanie\/chateaux-en-roumanie\/","title":{"rendered":"Ch\u00e2teaux en Roumanie"},"content":{"rendered":"<p>Pour commencer, nous devons distinguer les b\u00e2timents particuliers que nous trouverons en Roumanie, dont beaucoup dans la r\u00e9gion de <strong>Transylvanie<\/strong> . D&#8217;une part, il y a les ch\u00e2teaux <strong>traditionnels<\/strong> , diff\u00e9rents des \u00e9glises dites fortifi\u00e9es, qui sont une construction particuli\u00e8re r\u00e9sultant de la situation d&#8217;attaque continue subie par les populations roumaines. Ces \u00e9glises ont \u00e9t\u00e9 converties en forteresses fortifi\u00e9es dans lesquelles la population se r\u00e9fugiait lorsqu&#8217;elle \u00e9tait alarm\u00e9e par la pr\u00e9sence de groupes effectuant des raids de pillage. Enfin, il y a les forteresses qui ont un caract\u00e8re plus militaire.<\/p>\n<p><img decoding=\"async\" src=\"https:\/\/roadtoromania.com\/wp-content\/uploads\/2022\/10\/castillo_bran.jpg\" \/>Ch\u00e2teau Bran<\/p>\n<p>\nEn Roumanie, le <a href=\"https:\/\/roadtoromania.com\/fr\/monuments-de-la-roumanie-que-voir-en-roumanie\/chateau-de-bran-le-chateau-de-dracula\/\"> <strong>ch\u00e2teau de Bran<\/strong><\/a> , connu sous le nom de &#8221; <em>ch\u00e2teau de Dracula &#8220;<\/em> , mais non habit\u00e9 par Vlad Dracul l&#8217;Empaleur, \u00e9tant la raison de son attribution \u00e0 l&#8217;\u0153uvre de Bram Stoker. <a href=\"https:\/\/roadtoromania.com\/fr\/excursion-au-chateau-de-peles-au-depart-de-bucarest\/\"> <strong>Le ch\u00e2teau de Peles<\/strong><\/a> \u00e0 <strong>Sinaia<\/strong> est un b\u00e2timent essentiellement r\u00e9sidentiel, construit dans un style qui combine des \u00e9l\u00e9ments de la Renaissance italienne, du gothique, du baroque et du rococo, mais qui a en fait \u00e9t\u00e9 construit dans la seconde moiti\u00e9 du 19e si\u00e8cle.<\/p>\n<p>\nLe ch\u00e2teau <strong>des Corvins<\/strong> , quant \u00e0 lui, nous rappelle les ch\u00e2teaux m\u00e9di\u00e9vaux classiques, avec ses tours pointues et ses douves classiques. Situ\u00e9 dans la ville de <strong><a href=\"https:\/\/roadtoromania.com\/fr\/villes-et-regions-de-roumanie\/hunedoara\/\">Hunedoara<\/a> <\/strong> c&#8217;est un bel exemple d&#8217;architecture gothique, dont l&#8217;importance strat\u00e9gique au 15\u00e8me si\u00e8cle lors de sa construction r\u00e9side dans le lien avec la Hongrie.<\/p>\n<p>\n <strong>Fagar\u00e1s<\/strong> , la deuxi\u00e8me ville du d\u00e9partement de Brasov, a pour principale attraction son ch\u00e2teau du 15\u00e8me si\u00e8cle, prot\u00e9g\u00e9 par un grand foss\u00e9 et d&#8217;apparence imposante. C&#8217;\u00e9tait la r\u00e9sidence des princes de <strong>Transylvanie<\/strong> .<\/p>\n<p><img decoding=\"async\" src=\"https:\/\/roadtoromania.com\/wp-content\/uploads\/2022\/10\/fagaras_castillo.jpg\" \/>Ch\u00e2teau de Fagaras<\/p>\n<p>\n <strong><a href=\"https:\/\/roadtoromania.com\/fr\/monuments-de-la-roumanie-que-voir-en-roumanie\/chateau-de-rasnov\/\">Le ch\u00e2teau de Rasnov<\/a> <\/strong> est un autre exemple de forteresse paysanne de la r\u00e9gion de Transylvanie, et l&#8217;une des mieux conserv\u00e9es, puisque ses murs font cinq m\u00e8tres de haut et un m\u00e8tre et demi de large. C&#8217;est ici que la population locale s&#8217;est r\u00e9fugi\u00e9e pour \u00e9chapper aux attaques turques et tatares.<\/p>\n<p>\n\u00c0 <a href=\"https:\/\/roadtoromania.com\/fr\/villes-et-regions-de-roumanie\/sighisoara\/\"> <strong>Sighisoara<\/strong><\/a> , le ch\u00e2teau occupe le devant de la sc\u00e8ne lors du festival d&#8217;art m\u00e9di\u00e9val, qui nous ram\u00e8ne au Moyen \u00c2ge en \u00e9t\u00e9, et la ville elle-m\u00eame est une fortification, avec des murs, des bastions et toute une s\u00e9rie d&#8217;\u00e9l\u00e9ments de d\u00e9fense architecturale qui lui ont valu d&#8217;\u00eatre class\u00e9e au patrimoine mondial de l&#8217;UNESCO. C&#8217;est ici qu&#8217;est n\u00e9 le c\u00e9l\u00e8bre Vlad Tepes, le personnage sanguinaire sur lequel est bas\u00e9e la l\u00e9gende de Dracula <\/p>\n<p>.<\/p>\n<p>\nUn autre ch\u00e2teau li\u00e9 \u00e0 Vlad Tepes est <strong>Poienari<\/strong> , sur les rives de la rivi\u00e8re Arges pr\u00e8s des montagnes de Fagaras, construit au 15\u00e8me si\u00e8cle par des nobles boyards, que Tepes a vaincu et a entrepris la restructuration du ch\u00e2teau.<\/p>\n<p>\nLes autres ch\u00e2teaux int\u00e9ressants sont ceux de TarguMures, Suceava, <a href=\"https:\/\/roadtoromania.com\/fr\/monuments-de-la-roumanie-que-voir-en-roumanie\/chateau-de-banffy-a-bontida\/\"> <strong>Bontida<\/strong><\/a> et Tirgoviste <\/p>\n<p>.<\/p>\n","protected":false},"excerpt":{"rendered":"<p>Pour commencer, nous devons distinguer les b\u00e2timents particuliers que nous trouverons en Roumanie, dont beaucoup dans la r\u00e9gion de Transylvanie . D&#8217;une part, il y a les ch\u00e2teaux traditionnels , diff\u00e9rents des \u00e9glises dites fortifi\u00e9es, qui sont une construction particuli\u00e8re r\u00e9sultant de la situation d&#8217;attaque continue subie par les populations roumaines. Ces \u00e9glises ont \u00e9t\u00e9 &hellip;<\/p>\n<p class=\"read-more\"> <a class=\"\" href=\"https:\/\/roadtoromania.com\/fr\/monuments-de-la-roumanie-que-voir-en-roumanie\/chateaux-en-roumanie\/\"> <span class=\"screen-reader-text\">Ch\u00e2teaux en Roumanie<\/span> Lire la suite \u00bb<\/a><\/p>\n","protected":false},"author":1,"featured_media":1614,"parent":3197,"menu_order":0,"comment_status":"open","ping_status":"closed","template":"","meta":{"site-sidebar-layout":"default","site-content-layout":"default","ast-global-header-display":"","ast-main-header-display":"","ast-hfb-above-header-display":"","ast-hfb-below-header-display":"","ast-hfb-mobile-header-display":"","site-post-title":"","ast-breadcrumbs-content":"","ast-featured-img":"","footer-sml-layout":"","theme-transparent-header-meta":"","adv-header-id-meta":"","stick-header-meta":"","header-above-stick-meta":"","header-main-stick-meta":"","header-below-stick-meta":"","footnotes":""},"class_list":["post-3202","page","type-page","status-publish","has-post-thumbnail","hentry"],"yoast_head":"<!-- This site is optimized with the Yoast SEO plugin v19.10 - https:\/\/yoast.com\/wordpress\/plugins\/seo\/ -->\n<title>Ch\u00e2teaux en Roumanie - Road to Romania<\/title>\n<meta name=\"robots\" content=\"index, follow, max-snippet:-1, max-image-preview:large, max-video-preview:-1\" \/>\n<link rel=\"canonical\" href=\"https:\/\/roadtoromania.com\/fr\/monuments-de-la-roumanie-que-voir-en-roumanie\/chateaux-en-roumanie\/\" \/>\n<meta property=\"og:locale\" content=\"fr_FR\" \/>\n<meta property=\"og:type\" content=\"article\" \/>\n<meta property=\"og:title\" content=\"Ch\u00e2teaux en Roumanie - Road to Romania\" \/>\n<meta property=\"og:description\" content=\"Pour commencer, nous devons distinguer les b\u00e2timents particuliers que nous trouverons en Roumanie, dont beaucoup dans la r\u00e9gion de Transylvanie . D&#8217;une part, il y a les ch\u00e2teaux traditionnels , diff\u00e9rents des \u00e9glises dites fortifi\u00e9es, qui sont une construction particuli\u00e8re r\u00e9sultant de la situation d&#8217;attaque continue subie par les populations roumaines. Ces \u00e9glises ont \u00e9t\u00e9 &hellip; Ch\u00e2teaux en Roumanie Lire la suite \u00bb\" \/>\n<meta property=\"og:url\" content=\"https:\/\/roadtoromania.com\/fr\/monuments-de-la-roumanie-que-voir-en-roumanie\/chateaux-en-roumanie\/\" \/>\n<meta property=\"og:site_name\" content=\"Road to Romania\" \/>\n<meta property=\"article:modified_time\" content=\"2022-10-18T14:52:22+00:00\" \/>\n<meta property=\"og:image\" content=\"https:\/\/roadtoromania.com\/wp-content\/uploads\/2022\/10\/castillo_bran-1.jpg\" \/>\n\t<meta property=\"og:image:width\" content=\"600\" \/>\n\t<meta property=\"og:image:height\" content=\"560\" \/>\n\t<meta property=\"og:image:type\" content=\"image\/jpeg\" \/>\n<meta name=\"twitter:card\" content=\"summary_large_image\" \/>\n<meta name=\"twitter:label1\" content=\"Dur\u00e9e de lecture estim\u00e9e\" \/>\n\t<meta name=\"twitter:data1\" content=\"2 minutes\" \/>\n<script type=\"application\/ld+json\" class=\"yoast-schema-graph\">{\"@context\":\"https:\/\/schema.org\",\"@graph\":[{\"@type\":\"WebPage\",\"@id\":\"https:\/\/roadtoromania.com\/fr\/monuments-de-la-roumanie-que-voir-en-roumanie\/chateaux-en-roumanie\/\",\"url\":\"https:\/\/roadtoromania.com\/fr\/monuments-de-la-roumanie-que-voir-en-roumanie\/chateaux-en-roumanie\/\",\"name\":\"Ch\u00e2teaux en Roumanie - Road to Romania\",\"isPartOf\":{\"@id\":\"https:\/\/roadtoromania.com\/fr\/#website\"},\"datePublished\":\"2022-10-15T18:40:16+00:00\",\"dateModified\":\"2022-10-18T14:52:22+00:00\",\"breadcrumb\":{\"@id\":\"https:\/\/roadtoromania.com\/fr\/monuments-de-la-roumanie-que-voir-en-roumanie\/chateaux-en-roumanie\/#breadcrumb\"},\"inLanguage\":\"fr-FR\",\"potentialAction\":[{\"@type\":\"ReadAction\",\"target\":[\"https:\/\/roadtoromania.com\/fr\/monuments-de-la-roumanie-que-voir-en-roumanie\/chateaux-en-roumanie\/\"]}]},{\"@type\":\"BreadcrumbList\",\"@id\":\"https:\/\/roadtoromania.com\/fr\/monuments-de-la-roumanie-que-voir-en-roumanie\/chateaux-en-roumanie\/#breadcrumb\",\"itemListElement\":[{\"@type\":\"ListItem\",\"position\":1,\"name\":\"Home\",\"item\":\"https:\/\/roadtoromania.com\/fr\/\"},{\"@type\":\"ListItem\",\"position\":2,\"name\":\"Monuments de la Roumanie &#8211; Que voir en Roumanie ?\",\"item\":\"https:\/\/roadtoromania.com\/fr\/monuments-de-la-roumanie-que-voir-en-roumanie\/\"},{\"@type\":\"ListItem\",\"position\":3,\"name\":\"Ch\u00e2teaux en Roumanie\"}]},{\"@type\":\"WebSite\",\"@id\":\"https:\/\/roadtoromania.com\/fr\/#website\",\"url\":\"https:\/\/roadtoromania.com\/fr\/\",\"name\":\"Road to Romania\",\"description\":\"Le blog o\u00f9 vous trouverez toutes les informations dont vous avez besoin pour profiter de la Roumanie.\",\"potentialAction\":[{\"@type\":\"SearchAction\",\"target\":{\"@type\":\"EntryPoint\",\"urlTemplate\":\"https:\/\/roadtoromania.com\/fr\/?s={search_term_string}\"},\"query-input\":\"required name=search_term_string\"}],\"inLanguage\":\"fr-FR\"}]}<\/script>\n<!-- \/ Yoast SEO plugin. -->","yoast_head_json":{"title":"Ch\u00e2teaux en Roumanie - Road to Romania","robots":{"index":"index","follow":"follow","max-snippet":"max-snippet:-1","max-image-preview":"max-image-preview:large","max-video-preview":"max-video-preview:-1"},"canonical":"https:\/\/roadtoromania.com\/fr\/monuments-de-la-roumanie-que-voir-en-roumanie\/chateaux-en-roumanie\/","og_locale":"fr_FR","og_type":"article","og_title":"Ch\u00e2teaux en Roumanie - Road to Romania","og_description":"Pour commencer, nous devons distinguer les b\u00e2timents particuliers que nous trouverons en Roumanie, dont beaucoup dans la r\u00e9gion de Transylvanie . D&#8217;une part, il y a les ch\u00e2teaux traditionnels , diff\u00e9rents des \u00e9glises dites fortifi\u00e9es, qui sont une construction particuli\u00e8re r\u00e9sultant de la situation d&#8217;attaque continue subie par les populations roumaines. Ces \u00e9glises ont \u00e9t\u00e9 &hellip; Ch\u00e2teaux en Roumanie Lire la suite \u00bb","og_url":"https:\/\/roadtoromania.com\/fr\/monuments-de-la-roumanie-que-voir-en-roumanie\/chateaux-en-roumanie\/","og_site_name":"Road to Romania","article_modified_time":"2022-10-18T14:52:22+00:00","og_image":[{"width":600,"height":560,"url":"https:\/\/roadtoromania.com\/wp-content\/uploads\/2022\/10\/castillo_bran-1.jpg","type":"image\/jpeg"}],"twitter_card":"summary_large_image","twitter_misc":{"Dur\u00e9e de lecture estim\u00e9e":"2 minutes"},"schema":{"@context":"https:\/\/schema.org","@graph":[{"@type":"WebPage","@id":"https:\/\/roadtoromania.com\/fr\/monuments-de-la-roumanie-que-voir-en-roumanie\/chateaux-en-roumanie\/","url":"https:\/\/roadtoromania.com\/fr\/monuments-de-la-roumanie-que-voir-en-roumanie\/chateaux-en-roumanie\/","name":"Ch\u00e2teaux en Roumanie - Road to Romania","isPartOf":{"@id":"https:\/\/roadtoromania.com\/fr\/#website"},"datePublished":"2022-10-15T18:40:16+00:00","dateModified":"2022-10-18T14:52:22+00:00","breadcrumb":{"@id":"https:\/\/roadtoromania.com\/fr\/monuments-de-la-roumanie-que-voir-en-roumanie\/chateaux-en-roumanie\/#breadcrumb"},"inLanguage":"fr-FR","potentialAction":[{"@type":"ReadAction","target":["https:\/\/roadtoromania.com\/fr\/monuments-de-la-roumanie-que-voir-en-roumanie\/chateaux-en-roumanie\/"]}]},{"@type":"BreadcrumbList","@id":"https:\/\/roadtoromania.com\/fr\/monuments-de-la-roumanie-que-voir-en-roumanie\/chateaux-en-roumanie\/#breadcrumb","itemListElement":[{"@type":"ListItem","position":1,"name":"Home","item":"https:\/\/roadtoromania.com\/fr\/"},{"@type":"ListItem","position":2,"name":"Monuments de la Roumanie &#8211; Que voir en Roumanie ?","item":"https:\/\/roadtoromania.com\/fr\/monuments-de-la-roumanie-que-voir-en-roumanie\/"},{"@type":"ListItem","position":3,"name":"Ch\u00e2teaux en Roumanie"}]},{"@type":"WebSite","@id":"https:\/\/roadtoromania.com\/fr\/#website","url":"https:\/\/roadtoromania.com\/fr\/","name":"Road to Romania","description":"Le blog o\u00f9 vous trouverez toutes les informations dont vous avez besoin pour profiter de la Roumanie.","potentialAction":[{"@type":"SearchAction","target":{"@type":"EntryPoint","urlTemplate":"https:\/\/roadtoromania.com\/fr\/?s={search_term_string}"},"query-input":"required name=search_term_string"}],"inLanguage":"fr-FR"}]}},"_links":{"self":[{"href":"https:\/\/roadtoromania.com\/fr\/wp-json\/wp\/v2\/pages\/3202","targetHints":{"allow":["GET"]}}],"collection":[{"href":"https:\/\/roadtoromania.com\/fr\/wp-json\/wp\/v2\/pages"}],"about":[{"href":"https:\/\/roadtoromania.com\/fr\/wp-json\/wp\/v2\/types\/page"}],"author":[{"embeddable":true,"href":"https:\/\/roadtoromania.com\/fr\/wp-json\/wp\/v2\/users\/1"}],"replies":[{"embeddable":true,"href":"https:\/\/roadtoromania.com\/fr\/wp-json\/wp\/v2\/comments?post=3202"}],"version-history":[{"count":0,"href":"https:\/\/roadtoromania.com\/fr\/wp-json\/wp\/v2\/pages\/3202\/revisions"}],"up":[{"embeddable":true,"href":"https:\/\/roadtoromania.com\/fr\/wp-json\/wp\/v2\/pages\/3197"}],"wp:featuredmedia":[{"embeddable":true,"href":"https:\/\/roadtoromania.com\/fr\/wp-json\/wp\/v2\/media\/1614"}],"wp:attachment":[{"href":"https:\/\/roadtoromania.com\/fr\/wp-json\/wp\/v2\/media?parent=3202"}],"curies":[{"name":"wp","href":"https:\/\/api.w.org\/{rel}","templated":true}]}}