{"id":3205,"date":"2022-10-15T18:40:16","date_gmt":"2022-10-15T18:40:16","guid":{"rendered":"https:\/\/roadtoromania.com\/monuments-de-la-roumanie-que-voir-en-roumanie\/eglise-fortifiee-de-prejmer\/"},"modified":"2022-10-18T14:52:22","modified_gmt":"2022-10-18T14:52:22","slug":"eglise-fortifiee-de-prejmer","status":"publish","type":"page","link":"https:\/\/roadtoromania.com\/fr\/monuments-de-la-roumanie-que-voir-en-roumanie\/eglise-fortifiee-de-prejmer\/","title":{"rendered":"\u00c9glise fortifi\u00e9e de Prejmer"},"content":{"rendered":"<p>Le beau monument de la <strong>\u00e9glise de Prejmer<\/strong> fait partie de l&#8217;ensemble des b\u00e2timents fortifi\u00e9s qui ont \u00e9t\u00e9 d\u00e9sign\u00e9s par l&#8217;Unesco<\/strong> comme site du patrimoine mondial en raison de leur caract\u00e8re unique.<\/p>\n<\/p>\n<p><a href=\"https:\/\/roadtoromania.com\/wp-content\/uploads\/2022\/10\/prejmer-rumania2.jpg\"><img decoding=\"async\" src=\"https:\/\/roadtoromania.com\/wp-content\/uploads\/2022\/10\/prejmer-rumania2.jpg\" \/><\/a> Vue du ciel de Prejmer<\/p>\n<p>\nTr\u00e8s proche de <a href=\"https:\/\/roadtoromania.com\/fr\/villes-et-regions-de-roumanie\/brasov\/\"> <strong>Brasov<\/strong><\/a> &#8211; ce qui en fait une excursion d&#8217;une demi-journ\u00e9e depuis la ville <a href=\"https:\/\/roadtoromania.com\/fr\/villes-et-regions-de-roumanie\/transylvanie\/\"> <strong>transylvanienne<\/strong><\/a> &#8211; Prejmer n&#8217;est pas seulement connu pour son \u00e9glise, mais c&#8217;est aussi le lieu de naissance des artisans potiers, et un beau village o\u00f9 vous pouvez faire connaissance avec le folklore de la Roumanie.<\/p>\n<p>\nL&#8217;\u00e9glise fortifi\u00e9e d\u00e9tient le titre de plus grande \u00e9glise d&#8217;Europe, et son \u00e9tat de conservation est si magnifique qu&#8217;il semble que nous soyons sortis d&#8217;une histoire du Moyen \u00c2ge. L&#8217;\u00e9glise est mentionn\u00e9e dans des documents datant de 1240. Construite par les chevaliers teutoniques entre 1212 et 1213, elle pr\u00e9sente un plan en croix et des vo\u00fbtes de style gothique tardif.<\/p>\n<p>\nFace \u00e0 l&#8217;arriv\u00e9e des raids et des assauts, la population s&#8217;est r\u00e9fugi\u00e9e \u00e0 l&#8217;int\u00e9rieur des murs, vivant dans les cellules organis\u00e9es dans des logements \u00e0 plusieurs \u00e9tages que nous pouvons voir aujourd&#8217;hui. En plus du syst\u00e8me d\u00e9fensif efficace, un tunnel souterrain les reliait au monde ext\u00e9rieur afin qu&#8217;ils puissent s&#8217;approvisionner. Les murs ont huit m\u00e8tres d&#8217;\u00e9paisseur, avec des tourelles et des bastions qui faisaient de Prejmer un refuge s\u00fbr. On acc\u00e8de au b\u00e2timent par un passage vo\u00fbt\u00e9 de 100 m\u00e8tres de long, renforc\u00e9 par deux rang\u00e9es de portes. Et le mur aux toits rouges pouvait accueillir jusqu&#8217;\u00e0 212 chambres sur quatre \u00e9tages reli\u00e9s par des escaliers en bois. Chaque famille du village avait une pi\u00e8ce d\u00e9sign\u00e9e pour s&#8217;abriter en cas d&#8217;attaque.<\/p>\n<p><a href=\"https:\/\/roadtoromania.com\/wp-content\/uploads\/2022\/10\/prejmer-rumania.jpg\"><img decoding=\"async\" src=\"https:\/\/roadtoromania.com\/wp-content\/uploads\/2022\/10\/prejmer-rumania.jpg\" \/><\/a> Int\u00e9rieur de la forteresse de Prejmer avec cellules<\/p>\n","protected":false},"excerpt":{"rendered":"<p>Le beau monument de la \u00e9glise de Prejmer fait partie de l&#8217;ensemble des b\u00e2timents fortifi\u00e9s qui ont \u00e9t\u00e9 d\u00e9sign\u00e9s par l&#8217;Unesco comme site du patrimoine mondial en raison de leur caract\u00e8re unique. Vue du ciel de Prejmer Tr\u00e8s proche de Brasov &#8211; ce qui en fait une excursion d&#8217;une demi-journ\u00e9e depuis la ville transylvanienne &#8211; &hellip;<\/p>\n<p class=\"read-more\"> <a class=\"\" href=\"https:\/\/roadtoromania.com\/fr\/monuments-de-la-roumanie-que-voir-en-roumanie\/eglise-fortifiee-de-prejmer\/\"> <span class=\"screen-reader-text\">\u00c9glise fortifi\u00e9e de Prejmer<\/span> Lire la suite \u00bb<\/a><\/p>\n","protected":false},"author":1,"featured_media":1644,"parent":3197,"menu_order":0,"comment_status":"open","ping_status":"open","template":"","meta":{"site-sidebar-layout":"default","site-content-layout":"default","ast-global-header-display":"","ast-main-header-display":"","ast-hfb-above-header-display":"","ast-hfb-below-header-display":"","ast-hfb-mobile-header-display":"","site-post-title":"","ast-breadcrumbs-content":"","ast-featured-img":"","footer-sml-layout":"","theme-transparent-header-meta":"","adv-header-id-meta":"","stick-header-meta":"","header-above-stick-meta":"","header-main-stick-meta":"","header-below-stick-meta":"","footnotes":""},"class_list":["post-3205","page","type-page","status-publish","has-post-thumbnail","hentry"],"yoast_head":"<!-- This site is optimized with the Yoast SEO plugin v19.10 - https:\/\/yoast.com\/wordpress\/plugins\/seo\/ -->\n<title>\u00c9glise fortifi\u00e9e de Prejmer - Road to Romania<\/title>\n<meta name=\"robots\" content=\"index, follow, max-snippet:-1, max-image-preview:large, max-video-preview:-1\" \/>\n<link rel=\"canonical\" href=\"https:\/\/roadtoromania.com\/fr\/monuments-de-la-roumanie-que-voir-en-roumanie\/eglise-fortifiee-de-prejmer\/\" \/>\n<meta property=\"og:locale\" content=\"fr_FR\" \/>\n<meta property=\"og:type\" content=\"article\" \/>\n<meta property=\"og:title\" content=\"\u00c9glise fortifi\u00e9e de Prejmer - Road to Romania\" \/>\n<meta property=\"og:description\" content=\"Le beau monument de la \u00e9glise de Prejmer fait partie de l&#8217;ensemble des b\u00e2timents fortifi\u00e9s qui ont \u00e9t\u00e9 d\u00e9sign\u00e9s par l&#8217;Unesco comme site du patrimoine mondial en raison de leur caract\u00e8re unique. Vue du ciel de Prejmer Tr\u00e8s proche de Brasov &#8211; ce qui en fait une excursion d&#8217;une demi-journ\u00e9e depuis la ville transylvanienne &#8211; &hellip; \u00c9glise fortifi\u00e9e de Prejmer Lire la suite \u00bb\" \/>\n<meta property=\"og:url\" content=\"https:\/\/roadtoromania.com\/fr\/monuments-de-la-roumanie-que-voir-en-roumanie\/eglise-fortifiee-de-prejmer\/\" \/>\n<meta property=\"og:site_name\" content=\"Road to Romania\" \/>\n<meta property=\"article:modified_time\" content=\"2022-10-18T14:52:22+00:00\" \/>\n<meta property=\"og:image\" content=\"https:\/\/roadtoromania.com\/wp-content\/uploads\/2022\/10\/prejmer-rumania2-1.jpg\" \/>\n\t<meta property=\"og:image:width\" content=\"500\" \/>\n\t<meta property=\"og:image:height\" content=\"333\" \/>\n\t<meta property=\"og:image:type\" content=\"image\/jpeg\" \/>\n<meta name=\"twitter:card\" content=\"summary_large_image\" \/>\n<meta name=\"twitter:label1\" content=\"Dur\u00e9e de lecture estim\u00e9e\" \/>\n\t<meta name=\"twitter:data1\" content=\"2 minutes\" \/>\n<script type=\"application\/ld+json\" class=\"yoast-schema-graph\">{\"@context\":\"https:\/\/schema.org\",\"@graph\":[{\"@type\":\"WebPage\",\"@id\":\"https:\/\/roadtoromania.com\/fr\/monuments-de-la-roumanie-que-voir-en-roumanie\/eglise-fortifiee-de-prejmer\/\",\"url\":\"https:\/\/roadtoromania.com\/fr\/monuments-de-la-roumanie-que-voir-en-roumanie\/eglise-fortifiee-de-prejmer\/\",\"name\":\"\u00c9glise fortifi\u00e9e de Prejmer - Road to Romania\",\"isPartOf\":{\"@id\":\"https:\/\/roadtoromania.com\/fr\/#website\"},\"datePublished\":\"2022-10-15T18:40:16+00:00\",\"dateModified\":\"2022-10-18T14:52:22+00:00\",\"breadcrumb\":{\"@id\":\"https:\/\/roadtoromania.com\/fr\/monuments-de-la-roumanie-que-voir-en-roumanie\/eglise-fortifiee-de-prejmer\/#breadcrumb\"},\"inLanguage\":\"fr-FR\",\"potentialAction\":[{\"@type\":\"ReadAction\",\"target\":[\"https:\/\/roadtoromania.com\/fr\/monuments-de-la-roumanie-que-voir-en-roumanie\/eglise-fortifiee-de-prejmer\/\"]}]},{\"@type\":\"BreadcrumbList\",\"@id\":\"https:\/\/roadtoromania.com\/fr\/monuments-de-la-roumanie-que-voir-en-roumanie\/eglise-fortifiee-de-prejmer\/#breadcrumb\",\"itemListElement\":[{\"@type\":\"ListItem\",\"position\":1,\"name\":\"Home\",\"item\":\"https:\/\/roadtoromania.com\/fr\/\"},{\"@type\":\"ListItem\",\"position\":2,\"name\":\"Monuments de la Roumanie &#8211; Que voir en Roumanie ?\",\"item\":\"https:\/\/roadtoromania.com\/fr\/monuments-de-la-roumanie-que-voir-en-roumanie\/\"},{\"@type\":\"ListItem\",\"position\":3,\"name\":\"\u00c9glise fortifi\u00e9e de Prejmer\"}]},{\"@type\":\"WebSite\",\"@id\":\"https:\/\/roadtoromania.com\/fr\/#website\",\"url\":\"https:\/\/roadtoromania.com\/fr\/\",\"name\":\"Road to Romania\",\"description\":\"Le blog o\u00f9 vous trouverez toutes les informations dont vous avez besoin pour profiter de la Roumanie.\",\"potentialAction\":[{\"@type\":\"SearchAction\",\"target\":{\"@type\":\"EntryPoint\",\"urlTemplate\":\"https:\/\/roadtoromania.com\/fr\/?s={search_term_string}\"},\"query-input\":\"required name=search_term_string\"}],\"inLanguage\":\"fr-FR\"}]}<\/script>\n<!-- \/ Yoast SEO plugin. -->","yoast_head_json":{"title":"\u00c9glise fortifi\u00e9e de Prejmer - Road to Romania","robots":{"index":"index","follow":"follow","max-snippet":"max-snippet:-1","max-image-preview":"max-image-preview:large","max-video-preview":"max-video-preview:-1"},"canonical":"https:\/\/roadtoromania.com\/fr\/monuments-de-la-roumanie-que-voir-en-roumanie\/eglise-fortifiee-de-prejmer\/","og_locale":"fr_FR","og_type":"article","og_title":"\u00c9glise fortifi\u00e9e de Prejmer - Road to Romania","og_description":"Le beau monument de la \u00e9glise de Prejmer fait partie de l&#8217;ensemble des b\u00e2timents fortifi\u00e9s qui ont \u00e9t\u00e9 d\u00e9sign\u00e9s par l&#8217;Unesco comme site du patrimoine mondial en raison de leur caract\u00e8re unique. Vue du ciel de Prejmer Tr\u00e8s proche de Brasov &#8211; ce qui en fait une excursion d&#8217;une demi-journ\u00e9e depuis la ville transylvanienne &#8211; &hellip; \u00c9glise fortifi\u00e9e de Prejmer Lire la suite \u00bb","og_url":"https:\/\/roadtoromania.com\/fr\/monuments-de-la-roumanie-que-voir-en-roumanie\/eglise-fortifiee-de-prejmer\/","og_site_name":"Road to Romania","article_modified_time":"2022-10-18T14:52:22+00:00","og_image":[{"width":500,"height":333,"url":"https:\/\/roadtoromania.com\/wp-content\/uploads\/2022\/10\/prejmer-rumania2-1.jpg","type":"image\/jpeg"}],"twitter_card":"summary_large_image","twitter_misc":{"Dur\u00e9e de lecture estim\u00e9e":"2 minutes"},"schema":{"@context":"https:\/\/schema.org","@graph":[{"@type":"WebPage","@id":"https:\/\/roadtoromania.com\/fr\/monuments-de-la-roumanie-que-voir-en-roumanie\/eglise-fortifiee-de-prejmer\/","url":"https:\/\/roadtoromania.com\/fr\/monuments-de-la-roumanie-que-voir-en-roumanie\/eglise-fortifiee-de-prejmer\/","name":"\u00c9glise fortifi\u00e9e de Prejmer - Road to Romania","isPartOf":{"@id":"https:\/\/roadtoromania.com\/fr\/#website"},"datePublished":"2022-10-15T18:40:16+00:00","dateModified":"2022-10-18T14:52:22+00:00","breadcrumb":{"@id":"https:\/\/roadtoromania.com\/fr\/monuments-de-la-roumanie-que-voir-en-roumanie\/eglise-fortifiee-de-prejmer\/#breadcrumb"},"inLanguage":"fr-FR","potentialAction":[{"@type":"ReadAction","target":["https:\/\/roadtoromania.com\/fr\/monuments-de-la-roumanie-que-voir-en-roumanie\/eglise-fortifiee-de-prejmer\/"]}]},{"@type":"BreadcrumbList","@id":"https:\/\/roadtoromania.com\/fr\/monuments-de-la-roumanie-que-voir-en-roumanie\/eglise-fortifiee-de-prejmer\/#breadcrumb","itemListElement":[{"@type":"ListItem","position":1,"name":"Home","item":"https:\/\/roadtoromania.com\/fr\/"},{"@type":"ListItem","position":2,"name":"Monuments de la Roumanie &#8211; Que voir en Roumanie ?","item":"https:\/\/roadtoromania.com\/fr\/monuments-de-la-roumanie-que-voir-en-roumanie\/"},{"@type":"ListItem","position":3,"name":"\u00c9glise fortifi\u00e9e de Prejmer"}]},{"@type":"WebSite","@id":"https:\/\/roadtoromania.com\/fr\/#website","url":"https:\/\/roadtoromania.com\/fr\/","name":"Road to Romania","description":"Le blog o\u00f9 vous trouverez toutes les informations dont vous avez besoin pour profiter de la Roumanie.","potentialAction":[{"@type":"SearchAction","target":{"@type":"EntryPoint","urlTemplate":"https:\/\/roadtoromania.com\/fr\/?s={search_term_string}"},"query-input":"required name=search_term_string"}],"inLanguage":"fr-FR"}]}},"_links":{"self":[{"href":"https:\/\/roadtoromania.com\/fr\/wp-json\/wp\/v2\/pages\/3205","targetHints":{"allow":["GET"]}}],"collection":[{"href":"https:\/\/roadtoromania.com\/fr\/wp-json\/wp\/v2\/pages"}],"about":[{"href":"https:\/\/roadtoromania.com\/fr\/wp-json\/wp\/v2\/types\/page"}],"author":[{"embeddable":true,"href":"https:\/\/roadtoromania.com\/fr\/wp-json\/wp\/v2\/users\/1"}],"replies":[{"embeddable":true,"href":"https:\/\/roadtoromania.com\/fr\/wp-json\/wp\/v2\/comments?post=3205"}],"version-history":[{"count":0,"href":"https:\/\/roadtoromania.com\/fr\/wp-json\/wp\/v2\/pages\/3205\/revisions"}],"up":[{"embeddable":true,"href":"https:\/\/roadtoromania.com\/fr\/wp-json\/wp\/v2\/pages\/3197"}],"wp:featuredmedia":[{"embeddable":true,"href":"https:\/\/roadtoromania.com\/fr\/wp-json\/wp\/v2\/media\/1644"}],"wp:attachment":[{"href":"https:\/\/roadtoromania.com\/fr\/wp-json\/wp\/v2\/media?parent=3205"}],"curies":[{"name":"wp","href":"https:\/\/api.w.org\/{rel}","templated":true}]}}