{"id":3206,"date":"2022-10-15T18:40:18","date_gmt":"2022-10-15T18:40:18","guid":{"rendered":"https:\/\/roadtoromania.com\/monuments-de-la-roumanie-que-voir-en-roumanie\/monastere-de-cozia\/"},"modified":"2022-10-18T14:52:31","modified_gmt":"2022-10-18T14:52:31","slug":"monastere-de-cozia","status":"publish","type":"page","link":"https:\/\/roadtoromania.com\/fr\/monuments-de-la-roumanie-que-voir-en-roumanie\/monastere-de-cozia\/","title":{"rendered":"Monast\u00e8re de Cozia"},"content":{"rendered":"<p>Le monast\u00e8re <strong>de Cozia<\/strong> est l&#8217;un des plus beaux exemples d&#8217;art byzantin en Europe, le seul de ce type en Roumanie. Il est situ\u00e9 sur les rives de la rivi\u00e8re Olt, juste \u00e0 la sortie de la ville de C\u0103lim\u0103ne\u0219ti, dans la r\u00e9gion de la Valachie. <\/p>\n<p>.<br \/>\n<img decoding=\"async\" src=\"https:\/\/roadtoromania.com\/wp-content\/uploads\/2022\/10\/monasterio-de-cozia-rumania.jpg\" \/>Monast\u00e8re de Cozia<\/p>\n<p>\nSur les conseils du moine Nicodem Tismana, plus tard conseiller du prince vo\u00efvode, Mircea Ier de Valachie (Mircea cel B\u0103tr\u00e2n, surnomm\u00e9 le Vieux) a promu sa construction entre 1386-1388, et apr\u00e8s sa mort, son corps repose dans le mausol\u00e9e du monast\u00e8re. Comme d&#8217;autres monast\u00e8res de Roumanie, outre sa t\u00e2che d&#8217;administration du territoire et de pr\u00e9servation de la culture th\u00e9ologique, Cozia a servi de bastion d\u00e9fensif pour contr\u00f4ler le territoire. Quelques ann\u00e9es apr\u00e8s l&#8217;ach\u00e8vement du complexe, les fresques ont \u00e9t\u00e9 peintes, vers 1390-91, qui ont \u00e9t\u00e9 conserv\u00e9es jusqu&#8217;\u00e0 ce jour.<\/p>\n<p>\nL&#8217;\u00e9glise a \u00e9t\u00e9 r\u00e9nov\u00e9e en 1517 sous le r\u00e8gne du vo\u00efvode Neagoe Basarab de la famille Craiove\u015fti, et aussi au d\u00e9but du XVIIIe si\u00e8cle par le souverain valaque Constantin Br\u00e2ncoveanu, en ajoutant la galerie nartex pr\u00e9c\u00e9dant l&#8217;entr\u00e9e de l&#8217;\u00e9glise, une chapelle, des fontaines et la tour de l&#8217;horloge, \u00e9l\u00e9ments caract\u00e9ristiques du style Br\u00e2ncovenesc. Les deux princes sont repr\u00e9sent\u00e9s sur les murs du monast\u00e8re de Cozia. En 1821, lors du soul\u00e8vement contre la domination ottomane, le leader valaque Tudor Vladimirescu l&#8217;a utilis\u00e9 comme lieu de d\u00e9fense.<\/p>\n<p>\nEntour\u00e9e de murs solides et avec la d\u00e9fense naturelle de la rivi\u00e8re d&#8217;un c\u00f4t\u00e9, le nom de Cozia vient de &#8220;nuget&#8221; qui signifie noyer en langue cuman, une r\u00e9f\u00e9rence aux arbres qui se trouvent encore autour. Les Cumans \u00e9taient des tribus nomades venues de Turquie qui se sont install\u00e9es sur le territoire de l&#8217;actuelle Bulgarie, de la Roumanie &#8211; en particulier la Transylvanie &#8211; et de la Hongrie. Sa signification est &#8220;noyer&#8221; et bien qu&#8217;il soit \u00e9galement mentionn\u00e9 sous le nom de Nucetul (\u00e9quivalent roumain), le nom de Cozia \u00e9tait pr\u00e9dominant.<\/p>\n<h2>\n <strong>Visite du monast\u00e8re de Cozia<\/strong> <\/h2>\n<p>\nUne all\u00e9e bord\u00e9e d&#8217;arbres m\u00e8ne \u00e0 l&#8217;entr\u00e9e du monast\u00e8re, o\u00f9 se distinguent les fresques de l&#8217;ext\u00e9rieur des pronaos. La pierre et la brique alternent dans la construction indiquant le style byzantin, \u0153uvre d&#8217;artistes serbes de l&#8217;\u00e9cole morave.<\/p>\n<p>\nLes murs sont d\u00e9cor\u00e9s de rosaces en pierre, de rang\u00e9es horizontales de briques et de pierres de style byzantin, et les cadres verticaux sont sans pr\u00e9c\u00e9dent dans l&#8217;architecture valaque. La ressemblance avec l&#8217;\u00e9glise de Lazarica indique que Mircea Ier a engag\u00e9 des artistes serbes de l&#8217;\u00e9cole morave.<\/p>\n<p>\nLes papes qui vivent encore dans le monast\u00e8re sont responsables de son entretien, c&#8217;est pourquoi il reste un lieu silencieux de pri\u00e8re et de recueillement. Outre l&#8217;\u00e9glise, vous pouvez visiter les deux chapelles aux coupoles byzantines photog\u00e9niques &#8211; l&#8217;une datant de 1583 et l&#8217;autre de 1710 &#8211; et le mus\u00e9e d&#8217;art sacr\u00e9 avec des ic\u00f4nes et des manuscrits anciens. Vous n&#8217;\u00eates pas autoris\u00e9 \u00e0 prendre des photos mais vous pouvez essayer de discuter avec les moines et, avec beaucoup d&#8217;insistance, demander la permission.<\/p>\n<p>\nLe monast\u00e8re est la porte d&#8217;entr\u00e9e du parc national de Cozia, et \u00e0 quelques kilom\u00e8tres se trouvent les vestiges d&#8217;anciens thermes romains, ainsi que la Tour rouge, un site d\u00e9fensif qui semble avoir \u00e9t\u00e9 nomm\u00e9 d&#8217;apr\u00e8s les batailles sanglantes et le sang vers\u00e9 dans la rivi\u00e8re.<\/p>\n<p> Comment se rendre au monast\u00e8re de Cozia<\/strong> <\/h2>\n<p>\nLe monast\u00e8re n&#8217;est pas facile \u00e0 atteindre par les transports publics, la meilleure option est donc de louer une voiture ou de faire un circuit depuis Bucarest ou Sibiu. En fait, si vous voyagez entre Bucarest et Sibiu en direction de la Transylvanie, un arr\u00eat au monast\u00e8re de Cozia s&#8217;impose.<\/p>\n<p> Carte du monast\u00e8re de Cozia<\/strong> <\/h2>\n","protected":false},"excerpt":{"rendered":"<p>Le monast\u00e8re de Cozia est l&#8217;un des plus beaux exemples d&#8217;art byzantin en Europe, le seul de ce type en Roumanie. Il est situ\u00e9 sur les rives de la rivi\u00e8re Olt, juste \u00e0 la sortie de la ville de C\u0103lim\u0103ne\u0219ti, dans la r\u00e9gion de la Valachie. . Monast\u00e8re de Cozia Sur les conseils du moine &hellip;<\/p>\n<p class=\"read-more\"> <a class=\"\" href=\"https:\/\/roadtoromania.com\/fr\/monuments-de-la-roumanie-que-voir-en-roumanie\/monastere-de-cozia\/\"> <span class=\"screen-reader-text\">Monast\u00e8re de Cozia<\/span> Lire la suite \u00bb<\/a><\/p>\n","protected":false},"author":1,"featured_media":1658,"parent":3197,"menu_order":0,"comment_status":"open","ping_status":"open","template":"","meta":{"site-sidebar-layout":"default","site-content-layout":"default","ast-global-header-display":"","ast-main-header-display":"","ast-hfb-above-header-display":"","ast-hfb-below-header-display":"","ast-hfb-mobile-header-display":"","site-post-title":"","ast-breadcrumbs-content":"","ast-featured-img":"","footer-sml-layout":"","theme-transparent-header-meta":"","adv-header-id-meta":"","stick-header-meta":"","header-above-stick-meta":"","header-main-stick-meta":"","header-below-stick-meta":"","footnotes":""},"class_list":["post-3206","page","type-page","status-publish","has-post-thumbnail","hentry"],"yoast_head":"<!-- This site is optimized with the Yoast SEO plugin v19.10 - https:\/\/yoast.com\/wordpress\/plugins\/seo\/ -->\n<title>Monast\u00e8re de Cozia - Road to Romania<\/title>\n<meta name=\"robots\" content=\"index, follow, max-snippet:-1, max-image-preview:large, max-video-preview:-1\" \/>\n<link rel=\"canonical\" href=\"https:\/\/roadtoromania.com\/fr\/monuments-de-la-roumanie-que-voir-en-roumanie\/monastere-de-cozia\/\" \/>\n<meta property=\"og:locale\" content=\"fr_FR\" \/>\n<meta property=\"og:type\" content=\"article\" \/>\n<meta property=\"og:title\" content=\"Monast\u00e8re de Cozia - Road to Romania\" \/>\n<meta property=\"og:description\" content=\"Le monast\u00e8re de Cozia est l&#8217;un des plus beaux exemples d&#8217;art byzantin en Europe, le seul de ce type en Roumanie. Il est situ\u00e9 sur les rives de la rivi\u00e8re Olt, juste \u00e0 la sortie de la ville de C\u0103lim\u0103ne\u0219ti, dans la r\u00e9gion de la Valachie. . Monast\u00e8re de Cozia Sur les conseils du moine &hellip; Monast\u00e8re de Cozia Lire la suite \u00bb\" \/>\n<meta property=\"og:url\" content=\"https:\/\/roadtoromania.com\/fr\/monuments-de-la-roumanie-que-voir-en-roumanie\/monastere-de-cozia\/\" \/>\n<meta property=\"og:site_name\" content=\"Road to Romania\" \/>\n<meta property=\"article:modified_time\" content=\"2022-10-18T14:52:31+00:00\" \/>\n<meta property=\"og:image\" content=\"https:\/\/roadtoromania.com\/wp-content\/uploads\/2022\/10\/monasterio-de-cozia-rumania-1.jpg\" \/>\n\t<meta property=\"og:image:width\" content=\"768\" \/>\n\t<meta property=\"og:image:height\" content=\"377\" \/>\n\t<meta property=\"og:image:type\" content=\"image\/jpeg\" \/>\n<meta name=\"twitter:card\" content=\"summary_large_image\" \/>\n<meta name=\"twitter:label1\" content=\"Dur\u00e9e de lecture estim\u00e9e\" \/>\n\t<meta name=\"twitter:data1\" content=\"3 minutes\" \/>\n<script type=\"application\/ld+json\" class=\"yoast-schema-graph\">{\"@context\":\"https:\/\/schema.org\",\"@graph\":[{\"@type\":\"WebPage\",\"@id\":\"https:\/\/roadtoromania.com\/fr\/monuments-de-la-roumanie-que-voir-en-roumanie\/monastere-de-cozia\/\",\"url\":\"https:\/\/roadtoromania.com\/fr\/monuments-de-la-roumanie-que-voir-en-roumanie\/monastere-de-cozia\/\",\"name\":\"Monast\u00e8re de Cozia - Road to Romania\",\"isPartOf\":{\"@id\":\"https:\/\/roadtoromania.com\/fr\/#website\"},\"datePublished\":\"2022-10-15T18:40:18+00:00\",\"dateModified\":\"2022-10-18T14:52:31+00:00\",\"breadcrumb\":{\"@id\":\"https:\/\/roadtoromania.com\/fr\/monuments-de-la-roumanie-que-voir-en-roumanie\/monastere-de-cozia\/#breadcrumb\"},\"inLanguage\":\"fr-FR\",\"potentialAction\":[{\"@type\":\"ReadAction\",\"target\":[\"https:\/\/roadtoromania.com\/fr\/monuments-de-la-roumanie-que-voir-en-roumanie\/monastere-de-cozia\/\"]}]},{\"@type\":\"BreadcrumbList\",\"@id\":\"https:\/\/roadtoromania.com\/fr\/monuments-de-la-roumanie-que-voir-en-roumanie\/monastere-de-cozia\/#breadcrumb\",\"itemListElement\":[{\"@type\":\"ListItem\",\"position\":1,\"name\":\"Home\",\"item\":\"https:\/\/roadtoromania.com\/fr\/\"},{\"@type\":\"ListItem\",\"position\":2,\"name\":\"Monuments de la Roumanie &#8211; Que voir en Roumanie ?\",\"item\":\"https:\/\/roadtoromania.com\/fr\/monuments-de-la-roumanie-que-voir-en-roumanie\/\"},{\"@type\":\"ListItem\",\"position\":3,\"name\":\"Monast\u00e8re de Cozia\"}]},{\"@type\":\"WebSite\",\"@id\":\"https:\/\/roadtoromania.com\/fr\/#website\",\"url\":\"https:\/\/roadtoromania.com\/fr\/\",\"name\":\"Road to Romania\",\"description\":\"Le blog o\u00f9 vous trouverez toutes les informations dont vous avez besoin pour profiter de la Roumanie.\",\"potentialAction\":[{\"@type\":\"SearchAction\",\"target\":{\"@type\":\"EntryPoint\",\"urlTemplate\":\"https:\/\/roadtoromania.com\/fr\/?s={search_term_string}\"},\"query-input\":\"required name=search_term_string\"}],\"inLanguage\":\"fr-FR\"}]}<\/script>\n<!-- \/ Yoast SEO plugin. -->","yoast_head_json":{"title":"Monast\u00e8re de Cozia - Road to Romania","robots":{"index":"index","follow":"follow","max-snippet":"max-snippet:-1","max-image-preview":"max-image-preview:large","max-video-preview":"max-video-preview:-1"},"canonical":"https:\/\/roadtoromania.com\/fr\/monuments-de-la-roumanie-que-voir-en-roumanie\/monastere-de-cozia\/","og_locale":"fr_FR","og_type":"article","og_title":"Monast\u00e8re de Cozia - Road to Romania","og_description":"Le monast\u00e8re de Cozia est l&#8217;un des plus beaux exemples d&#8217;art byzantin en Europe, le seul de ce type en Roumanie. Il est situ\u00e9 sur les rives de la rivi\u00e8re Olt, juste \u00e0 la sortie de la ville de C\u0103lim\u0103ne\u0219ti, dans la r\u00e9gion de la Valachie. . Monast\u00e8re de Cozia Sur les conseils du moine &hellip; Monast\u00e8re de Cozia Lire la suite \u00bb","og_url":"https:\/\/roadtoromania.com\/fr\/monuments-de-la-roumanie-que-voir-en-roumanie\/monastere-de-cozia\/","og_site_name":"Road to Romania","article_modified_time":"2022-10-18T14:52:31+00:00","og_image":[{"width":768,"height":377,"url":"https:\/\/roadtoromania.com\/wp-content\/uploads\/2022\/10\/monasterio-de-cozia-rumania-1.jpg","type":"image\/jpeg"}],"twitter_card":"summary_large_image","twitter_misc":{"Dur\u00e9e de lecture estim\u00e9e":"3 minutes"},"schema":{"@context":"https:\/\/schema.org","@graph":[{"@type":"WebPage","@id":"https:\/\/roadtoromania.com\/fr\/monuments-de-la-roumanie-que-voir-en-roumanie\/monastere-de-cozia\/","url":"https:\/\/roadtoromania.com\/fr\/monuments-de-la-roumanie-que-voir-en-roumanie\/monastere-de-cozia\/","name":"Monast\u00e8re de Cozia - Road to Romania","isPartOf":{"@id":"https:\/\/roadtoromania.com\/fr\/#website"},"datePublished":"2022-10-15T18:40:18+00:00","dateModified":"2022-10-18T14:52:31+00:00","breadcrumb":{"@id":"https:\/\/roadtoromania.com\/fr\/monuments-de-la-roumanie-que-voir-en-roumanie\/monastere-de-cozia\/#breadcrumb"},"inLanguage":"fr-FR","potentialAction":[{"@type":"ReadAction","target":["https:\/\/roadtoromania.com\/fr\/monuments-de-la-roumanie-que-voir-en-roumanie\/monastere-de-cozia\/"]}]},{"@type":"BreadcrumbList","@id":"https:\/\/roadtoromania.com\/fr\/monuments-de-la-roumanie-que-voir-en-roumanie\/monastere-de-cozia\/#breadcrumb","itemListElement":[{"@type":"ListItem","position":1,"name":"Home","item":"https:\/\/roadtoromania.com\/fr\/"},{"@type":"ListItem","position":2,"name":"Monuments de la Roumanie &#8211; Que voir en Roumanie ?","item":"https:\/\/roadtoromania.com\/fr\/monuments-de-la-roumanie-que-voir-en-roumanie\/"},{"@type":"ListItem","position":3,"name":"Monast\u00e8re de Cozia"}]},{"@type":"WebSite","@id":"https:\/\/roadtoromania.com\/fr\/#website","url":"https:\/\/roadtoromania.com\/fr\/","name":"Road to Romania","description":"Le blog o\u00f9 vous trouverez toutes les informations dont vous avez besoin pour profiter de la Roumanie.","potentialAction":[{"@type":"SearchAction","target":{"@type":"EntryPoint","urlTemplate":"https:\/\/roadtoromania.com\/fr\/?s={search_term_string}"},"query-input":"required name=search_term_string"}],"inLanguage":"fr-FR"}]}},"_links":{"self":[{"href":"https:\/\/roadtoromania.com\/fr\/wp-json\/wp\/v2\/pages\/3206","targetHints":{"allow":["GET"]}}],"collection":[{"href":"https:\/\/roadtoromania.com\/fr\/wp-json\/wp\/v2\/pages"}],"about":[{"href":"https:\/\/roadtoromania.com\/fr\/wp-json\/wp\/v2\/types\/page"}],"author":[{"embeddable":true,"href":"https:\/\/roadtoromania.com\/fr\/wp-json\/wp\/v2\/users\/1"}],"replies":[{"embeddable":true,"href":"https:\/\/roadtoromania.com\/fr\/wp-json\/wp\/v2\/comments?post=3206"}],"version-history":[{"count":0,"href":"https:\/\/roadtoromania.com\/fr\/wp-json\/wp\/v2\/pages\/3206\/revisions"}],"up":[{"embeddable":true,"href":"https:\/\/roadtoromania.com\/fr\/wp-json\/wp\/v2\/pages\/3197"}],"wp:featuredmedia":[{"embeddable":true,"href":"https:\/\/roadtoromania.com\/fr\/wp-json\/wp\/v2\/media\/1658"}],"wp:attachment":[{"href":"https:\/\/roadtoromania.com\/fr\/wp-json\/wp\/v2\/media?parent=3206"}],"curies":[{"name":"wp","href":"https:\/\/api.w.org\/{rel}","templated":true}]}}