{"id":3207,"date":"2022-10-15T18:40:18","date_gmt":"2022-10-15T18:40:18","guid":{"rendered":"https:\/\/roadtoromania.com\/monuments-de-la-roumanie-que-voir-en-roumanie\/monastere-de-moldovita\/"},"modified":"2022-10-18T14:52:31","modified_gmt":"2022-10-18T14:52:31","slug":"monastere-de-moldovita","status":"publish","type":"page","link":"https:\/\/roadtoromania.com\/fr\/monuments-de-la-roumanie-que-voir-en-roumanie\/monastere-de-moldovita\/","title":{"rendered":"Monast\u00e8re de Moldovita"},"content":{"rendered":"<p><img decoding=\"async\" src=\"https:\/\/roadtoromania.com\/wp-content\/uploads\/2022\/10\/monasterio_moldovita_cielo.jpg\" \/>Le monast\u00e8re de Moldovita vu du ciel<\/p>\n<p>\nLe monast\u00e8re <strong>Moldovita<\/strong> fait partie du groupe des \u00e9glises peintes, <a href=\"https:\/\/roadtoromania.com\/fr\/monuments-de-la-roumanie-que-voir-en-roumanie\/patrimoine-de-lunesco-en-roumanie\/\"> <strong>site du patrimoine mondial<\/strong><\/a> selon l&#8217;Unesco.<\/p>\n<p>\nProt\u00e9g\u00e9 par une enceinte fortifi\u00e9e de plus d&#8217;un m\u00e8tre d&#8217;\u00e9paisseur et de cinq m\u00e8tres de hauteur, il suit le mod\u00e8le qu&#8217;\u00c9tienne le Grand a con\u00e7u pour prot\u00e9ger ce type de centre religieux.<\/p>\n<p>\nComme les autres \u00e9glises de la r\u00e9gion de <a href=\"https:\/\/roadtoromania.com\/fr\/la-bucovine-et-ses-monasteres\/\"> <strong>Bukovina<\/strong><\/a> , la beaut\u00e9 \u00e9mane des fresques color\u00e9es et vives qui d\u00e9corent l&#8217;ext\u00e9rieur de l&#8217;\u00e9glise, refl\u00e9tant des sc\u00e8nes bibliques et historiques, fonctionnant comme un \u00e9vang\u00e9liste visuel.<\/p>\n<\/ul>\n<p><img decoding=\"async\" src=\"https:\/\/roadtoromania.com\/wp-content\/uploads\/2022\/10\/moldovita_monasterio.jpg\" \/>L&#8217;\u00e9glise du monast\u00e8re de Moldovita avec des fresques ext\u00e9rieures<\/p>\n<p>\nLes travaux de restauration ont permis de restituer une partie des fresques, qui avaient \u00e9t\u00e9 endommag\u00e9es par les intemp\u00e9ries. Ceux du c\u00f4t\u00e9 nord repr\u00e9sentant la vie de la Vierge Marie ou Saint Nicolas sont tr\u00e8s endommag\u00e9s, tandis que ceux du c\u00f4t\u00e9 sud repr\u00e9sentant l&#8217;arbre Asai ou l&#8217;Hymne de la Vierge Marie conservent les tons ocre et bleu qui les ont rendus c\u00e9l\u00e8bres <\/p>\n<p>.<\/ul>\n<p><img decoding=\"async\" src=\"https:\/\/roadtoromania.com\/wp-content\/uploads\/2022\/10\/monasterio_moldovita2.jpg\" \/>Les fresques de l&#8217;\u00e9glise peinte de Moldovita<\/p>\n<p>\nL&#8217;int\u00e9rieur de l&#8217;\u00e9glise t\u00e9moigne de la grandeur de l&#8217;art roumain. Le Jugement dernier occupe une grande partie de la repr\u00e9sentation picturale, le d\u00f4me \u00e9tant une &#8220;toile&#8221; o\u00f9 les formes architecturales fa\u00e7onnent les corps peints \u00e0 fresque.<\/p>\n<p>\nSi nous avons un h\u00e9bergement \u00e0 Suceava, nous pouvons entreprendre un itin\u00e9raire des monast\u00e8res peints, en visitant les monast\u00e8res d&#8217;Arbore, Humor, Suceavita et Moldovita :<\/p>\n","protected":false},"excerpt":{"rendered":"<p>Le monast\u00e8re de Moldovita vu du ciel Le monast\u00e8re Moldovita fait partie du groupe des \u00e9glises peintes, site du patrimoine mondial selon l&#8217;Unesco. Prot\u00e9g\u00e9 par une enceinte fortifi\u00e9e de plus d&#8217;un m\u00e8tre d&#8217;\u00e9paisseur et de cinq m\u00e8tres de hauteur, il suit le mod\u00e8le qu&#8217;\u00c9tienne le Grand a con\u00e7u pour prot\u00e9ger ce type de centre religieux. &hellip;<\/p>\n<p class=\"read-more\"> <a class=\"\" href=\"https:\/\/roadtoromania.com\/fr\/monuments-de-la-roumanie-que-voir-en-roumanie\/monastere-de-moldovita\/\"> <span class=\"screen-reader-text\">Monast\u00e8re de Moldovita<\/span> Lire la suite \u00bb<\/a><\/p>\n","protected":false},"author":1,"featured_media":1666,"parent":3197,"menu_order":0,"comment_status":"open","ping_status":"closed","template":"","meta":{"site-sidebar-layout":"default","site-content-layout":"default","ast-global-header-display":"","ast-main-header-display":"","ast-hfb-above-header-display":"","ast-hfb-below-header-display":"","ast-hfb-mobile-header-display":"","site-post-title":"","ast-breadcrumbs-content":"","ast-featured-img":"","footer-sml-layout":"","theme-transparent-header-meta":"","adv-header-id-meta":"","stick-header-meta":"","header-above-stick-meta":"","header-main-stick-meta":"","header-below-stick-meta":"","footnotes":""},"class_list":["post-3207","page","type-page","status-publish","has-post-thumbnail","hentry"],"yoast_head":"<!-- This site is optimized with the Yoast SEO plugin v19.10 - https:\/\/yoast.com\/wordpress\/plugins\/seo\/ -->\n<title>Monast\u00e8re de Moldovita - Road to Romania<\/title>\n<meta name=\"robots\" content=\"index, follow, max-snippet:-1, max-image-preview:large, max-video-preview:-1\" \/>\n<link rel=\"canonical\" href=\"https:\/\/roadtoromania.com\/fr\/monuments-de-la-roumanie-que-voir-en-roumanie\/monastere-de-moldovita\/\" \/>\n<meta property=\"og:locale\" content=\"fr_FR\" \/>\n<meta property=\"og:type\" content=\"article\" \/>\n<meta property=\"og:title\" content=\"Monast\u00e8re de Moldovita - Road to Romania\" \/>\n<meta property=\"og:description\" content=\"Le monast\u00e8re de Moldovita vu du ciel Le monast\u00e8re Moldovita fait partie du groupe des \u00e9glises peintes, site du patrimoine mondial selon l&#8217;Unesco. Prot\u00e9g\u00e9 par une enceinte fortifi\u00e9e de plus d&#8217;un m\u00e8tre d&#8217;\u00e9paisseur et de cinq m\u00e8tres de hauteur, il suit le mod\u00e8le qu&#8217;\u00c9tienne le Grand a con\u00e7u pour prot\u00e9ger ce type de centre religieux. &hellip; Monast\u00e8re de Moldovita Lire la suite \u00bb\" \/>\n<meta property=\"og:url\" content=\"https:\/\/roadtoromania.com\/fr\/monuments-de-la-roumanie-que-voir-en-roumanie\/monastere-de-moldovita\/\" \/>\n<meta property=\"og:site_name\" content=\"Road to Romania\" \/>\n<meta property=\"article:modified_time\" content=\"2022-10-18T14:52:31+00:00\" \/>\n<meta property=\"og:image\" content=\"https:\/\/roadtoromania.com\/wp-content\/uploads\/2022\/10\/monasterio_moldovita_cielo-1.jpg\" \/>\n\t<meta property=\"og:image:width\" content=\"768\" \/>\n\t<meta property=\"og:image:height\" content=\"762\" \/>\n\t<meta property=\"og:image:type\" content=\"image\/jpeg\" \/>\n<meta name=\"twitter:card\" content=\"summary_large_image\" \/>\n<meta name=\"twitter:label1\" content=\"Dur\u00e9e de lecture estim\u00e9e\" \/>\n\t<meta name=\"twitter:data1\" content=\"1 minute\" \/>\n<script type=\"application\/ld+json\" class=\"yoast-schema-graph\">{\"@context\":\"https:\/\/schema.org\",\"@graph\":[{\"@type\":\"WebPage\",\"@id\":\"https:\/\/roadtoromania.com\/fr\/monuments-de-la-roumanie-que-voir-en-roumanie\/monastere-de-moldovita\/\",\"url\":\"https:\/\/roadtoromania.com\/fr\/monuments-de-la-roumanie-que-voir-en-roumanie\/monastere-de-moldovita\/\",\"name\":\"Monast\u00e8re de Moldovita - Road to Romania\",\"isPartOf\":{\"@id\":\"https:\/\/roadtoromania.com\/fr\/#website\"},\"datePublished\":\"2022-10-15T18:40:18+00:00\",\"dateModified\":\"2022-10-18T14:52:31+00:00\",\"breadcrumb\":{\"@id\":\"https:\/\/roadtoromania.com\/fr\/monuments-de-la-roumanie-que-voir-en-roumanie\/monastere-de-moldovita\/#breadcrumb\"},\"inLanguage\":\"fr-FR\",\"potentialAction\":[{\"@type\":\"ReadAction\",\"target\":[\"https:\/\/roadtoromania.com\/fr\/monuments-de-la-roumanie-que-voir-en-roumanie\/monastere-de-moldovita\/\"]}]},{\"@type\":\"BreadcrumbList\",\"@id\":\"https:\/\/roadtoromania.com\/fr\/monuments-de-la-roumanie-que-voir-en-roumanie\/monastere-de-moldovita\/#breadcrumb\",\"itemListElement\":[{\"@type\":\"ListItem\",\"position\":1,\"name\":\"Home\",\"item\":\"https:\/\/roadtoromania.com\/fr\/\"},{\"@type\":\"ListItem\",\"position\":2,\"name\":\"Monuments de la Roumanie &#8211; Que voir en Roumanie ?\",\"item\":\"https:\/\/roadtoromania.com\/fr\/monuments-de-la-roumanie-que-voir-en-roumanie\/\"},{\"@type\":\"ListItem\",\"position\":3,\"name\":\"Monast\u00e8re de Moldovita\"}]},{\"@type\":\"WebSite\",\"@id\":\"https:\/\/roadtoromania.com\/fr\/#website\",\"url\":\"https:\/\/roadtoromania.com\/fr\/\",\"name\":\"Road to Romania\",\"description\":\"Le blog o\u00f9 vous trouverez toutes les informations dont vous avez besoin pour profiter de la Roumanie.\",\"potentialAction\":[{\"@type\":\"SearchAction\",\"target\":{\"@type\":\"EntryPoint\",\"urlTemplate\":\"https:\/\/roadtoromania.com\/fr\/?s={search_term_string}\"},\"query-input\":\"required name=search_term_string\"}],\"inLanguage\":\"fr-FR\"}]}<\/script>\n<!-- \/ Yoast SEO plugin. -->","yoast_head_json":{"title":"Monast\u00e8re de Moldovita - Road to Romania","robots":{"index":"index","follow":"follow","max-snippet":"max-snippet:-1","max-image-preview":"max-image-preview:large","max-video-preview":"max-video-preview:-1"},"canonical":"https:\/\/roadtoromania.com\/fr\/monuments-de-la-roumanie-que-voir-en-roumanie\/monastere-de-moldovita\/","og_locale":"fr_FR","og_type":"article","og_title":"Monast\u00e8re de Moldovita - Road to Romania","og_description":"Le monast\u00e8re de Moldovita vu du ciel Le monast\u00e8re Moldovita fait partie du groupe des \u00e9glises peintes, site du patrimoine mondial selon l&#8217;Unesco. Prot\u00e9g\u00e9 par une enceinte fortifi\u00e9e de plus d&#8217;un m\u00e8tre d&#8217;\u00e9paisseur et de cinq m\u00e8tres de hauteur, il suit le mod\u00e8le qu&#8217;\u00c9tienne le Grand a con\u00e7u pour prot\u00e9ger ce type de centre religieux. &hellip; Monast\u00e8re de Moldovita Lire la suite \u00bb","og_url":"https:\/\/roadtoromania.com\/fr\/monuments-de-la-roumanie-que-voir-en-roumanie\/monastere-de-moldovita\/","og_site_name":"Road to Romania","article_modified_time":"2022-10-18T14:52:31+00:00","og_image":[{"width":768,"height":762,"url":"https:\/\/roadtoromania.com\/wp-content\/uploads\/2022\/10\/monasterio_moldovita_cielo-1.jpg","type":"image\/jpeg"}],"twitter_card":"summary_large_image","twitter_misc":{"Dur\u00e9e de lecture estim\u00e9e":"1 minute"},"schema":{"@context":"https:\/\/schema.org","@graph":[{"@type":"WebPage","@id":"https:\/\/roadtoromania.com\/fr\/monuments-de-la-roumanie-que-voir-en-roumanie\/monastere-de-moldovita\/","url":"https:\/\/roadtoromania.com\/fr\/monuments-de-la-roumanie-que-voir-en-roumanie\/monastere-de-moldovita\/","name":"Monast\u00e8re de Moldovita - Road to Romania","isPartOf":{"@id":"https:\/\/roadtoromania.com\/fr\/#website"},"datePublished":"2022-10-15T18:40:18+00:00","dateModified":"2022-10-18T14:52:31+00:00","breadcrumb":{"@id":"https:\/\/roadtoromania.com\/fr\/monuments-de-la-roumanie-que-voir-en-roumanie\/monastere-de-moldovita\/#breadcrumb"},"inLanguage":"fr-FR","potentialAction":[{"@type":"ReadAction","target":["https:\/\/roadtoromania.com\/fr\/monuments-de-la-roumanie-que-voir-en-roumanie\/monastere-de-moldovita\/"]}]},{"@type":"BreadcrumbList","@id":"https:\/\/roadtoromania.com\/fr\/monuments-de-la-roumanie-que-voir-en-roumanie\/monastere-de-moldovita\/#breadcrumb","itemListElement":[{"@type":"ListItem","position":1,"name":"Home","item":"https:\/\/roadtoromania.com\/fr\/"},{"@type":"ListItem","position":2,"name":"Monuments de la Roumanie &#8211; Que voir en Roumanie ?","item":"https:\/\/roadtoromania.com\/fr\/monuments-de-la-roumanie-que-voir-en-roumanie\/"},{"@type":"ListItem","position":3,"name":"Monast\u00e8re de Moldovita"}]},{"@type":"WebSite","@id":"https:\/\/roadtoromania.com\/fr\/#website","url":"https:\/\/roadtoromania.com\/fr\/","name":"Road to Romania","description":"Le blog o\u00f9 vous trouverez toutes les informations dont vous avez besoin pour profiter de la Roumanie.","potentialAction":[{"@type":"SearchAction","target":{"@type":"EntryPoint","urlTemplate":"https:\/\/roadtoromania.com\/fr\/?s={search_term_string}"},"query-input":"required name=search_term_string"}],"inLanguage":"fr-FR"}]}},"_links":{"self":[{"href":"https:\/\/roadtoromania.com\/fr\/wp-json\/wp\/v2\/pages\/3207","targetHints":{"allow":["GET"]}}],"collection":[{"href":"https:\/\/roadtoromania.com\/fr\/wp-json\/wp\/v2\/pages"}],"about":[{"href":"https:\/\/roadtoromania.com\/fr\/wp-json\/wp\/v2\/types\/page"}],"author":[{"embeddable":true,"href":"https:\/\/roadtoromania.com\/fr\/wp-json\/wp\/v2\/users\/1"}],"replies":[{"embeddable":true,"href":"https:\/\/roadtoromania.com\/fr\/wp-json\/wp\/v2\/comments?post=3207"}],"version-history":[{"count":0,"href":"https:\/\/roadtoromania.com\/fr\/wp-json\/wp\/v2\/pages\/3207\/revisions"}],"up":[{"embeddable":true,"href":"https:\/\/roadtoromania.com\/fr\/wp-json\/wp\/v2\/pages\/3197"}],"wp:featuredmedia":[{"embeddable":true,"href":"https:\/\/roadtoromania.com\/fr\/wp-json\/wp\/v2\/media\/1666"}],"wp:attachment":[{"href":"https:\/\/roadtoromania.com\/fr\/wp-json\/wp\/v2\/media?parent=3207"}],"curies":[{"name":"wp","href":"https:\/\/api.w.org\/{rel}","templated":true}]}}