{"id":3208,"date":"2022-10-15T18:40:18","date_gmt":"2022-10-15T18:40:18","guid":{"rendered":"https:\/\/roadtoromania.com\/monuments-de-la-roumanie-que-voir-en-roumanie\/monastere-de-snagov-et-tombeau-de-vlad-tepes\/"},"modified":"2022-10-18T14:52:31","modified_gmt":"2022-10-18T14:52:31","slug":"monastere-de-snagov-et-tombeau-de-vlad-tepes","status":"publish","type":"page","link":"https:\/\/roadtoromania.com\/fr\/monuments-de-la-roumanie-que-voir-en-roumanie\/monastere-de-snagov-et-tombeau-de-vlad-tepes\/","title":{"rendered":"Monast\u00e8re de Snagov et tombeau de Vlad Tepes"},"content":{"rendered":"<p>Le monast\u00e8re <strong>de Snagov<\/strong> , dans la r\u00e9gion de Valachie, est l&#8217;un des lieux les plus visit\u00e9s de Roumanie. Le paysage idyllique du lac a \u00e9t\u00e9 un lieu de loisirs touristique pour les citoyens de <strong>Bucarest<\/strong> , et m\u00eame pour de nombreux dirigeants du parti de Ceascescu, qui ont construit leurs villas r\u00e9sidentielles \u00e0 proximit\u00e9.<\/p>\n<p><img decoding=\"async\" src=\"https:\/\/roadtoromania.com\/wp-content\/uploads\/2022\/10\/monasterio_snagov_rumania.jpg\" \/>Monast\u00e8re de Snagov<\/p>\n<p>\nLe monast\u00e8re fortement li\u00e9 aux princes valaques (domnitores) est situ\u00e9 sur une petite \u00eele accessible uniquement par les petits bateaux qui la relient. Le pont en bois qui les reliait autrefois n&#8217;existe plus, car il n&#8217;a pas \u00e9t\u00e9 remplac\u00e9 apr\u00e8s l&#8217;incendie de 1821. Le monast\u00e8re a \u00e9t\u00e9 fond\u00e9 au XIVe si\u00e8cle, et dans les ann\u00e9es 1930, il a \u00e9t\u00e9 fouill\u00e9 en allumant la flamme d&#8217;une m\u00e8che qui br\u00fble encore aujourd&#8217;hui, celle de la tombe de Vlad Tepes.<\/p>\n<p>\nL&#8217;int\u00e9rieur est tr\u00e8s d\u00e9cor\u00e9, avec des fresques polychromes de style byzantin sur les murs. Avec un plan en forme de croix, il vaut la peine de s&#8217;arr\u00eater pour admirer l&#8217;abside.<\/p>\n<p>\nLa visite du monast\u00e8re est cens\u00e9e \u00eatre gratuite, mais la r\u00e9alit\u00e9 est qu&#8217;il y a presque un droit fixe, \u00e0 la fois pour utiliser les bateaux pour traverser vers l&#8217;\u00eele et pour entrer, auquel nous devons ajouter un suppl\u00e9ment excessivement cher si nous voulons prendre des photos.<\/p>\n<p><img decoding=\"async\" src=\"https:\/\/roadtoromania.com\/wp-content\/uploads\/2022\/10\/snagov_monasterio.jpg\" \/>Vue a\u00e9rienne du monast\u00e8re de Snagov<\/p>\n<h2>\n <strong>Le tombeau de &#8220;Dracula&#8221;<\/strong> <\/h2>\n<p>\nUne autre raison de l&#8217;afflux vers le Snagov est la croyance que les restes de <strong>Vlad Tepes<\/strong> (le personnage historique sur lequel <strong>Bram Stoker<\/strong> a bas\u00e9 <strong>Dracula<\/strong> ) sont enterr\u00e9s ici. Le d\u00e9bat historique entre ceux qui attribuent l&#8217;identit\u00e9 de Vlad l&#8217;Empaleur \u00e0 certains des squelettes d\u00e9couverts dans les fouilles et ceux qui rejettent cette th\u00e8se est l&#8217;une des disputes les plus \u00e2pres en Roumanie.<\/p>\n<p>\nLa l\u00e9gende orale veut qu&#8217;il ait \u00e9t\u00e9 assassin\u00e9 dans les for\u00eats environnantes par la noblesse et l&#8217;\u00c9glise orthodoxe, qui ont d\u00e9savou\u00e9 son mariage avec une catholique, dans le but de conclure une alliance avec les Hongrois pour combattre la menace s\u00e9culaire des Turcs. La t\u00eate a \u00e9t\u00e9 emmen\u00e9e \u00e0 Constantinople pour attester de sa mort, c&#8217;est pourquoi la d\u00e9couverte de squelettes avec des t\u00eates ne correspond pas tout \u00e0 fait \u00e0 la tombe suppos\u00e9e de Vlad Tepes.<\/p>\n<p>\nQue ce soit vrai ou non, Snagov est bien plus que cela, en tant que zone naturelle des anciennes for\u00eats de Codrul Vl\u0103siei, dont l&#8217;\u00e9tendue est aujourd&#8217;hui tr\u00e8s r\u00e9duite, en raison de la croissance urbaine et des activit\u00e9s agricoles intensives. <\/p>\n<p>.<br \/>\n Comment se rendre \u00e0 Snagov<\/strong> <\/h2>\n<p>\nLe monast\u00e8re n&#8217;est qu&#8217;\u00e0 45 km de Bucarest, nous suivons donc la route DN1\/E60 vers le nord sur environ 40 km, jusqu&#8217;\u00e0 ce que nous trouvions la bifurcation vers la DJ101C \u00e0 Ciolpani, qui nous m\u00e8nera directement au monast\u00e8re, qui est par ailleurs bien signalis\u00e9.<\/p>\n<p>\nDes trains relient la gare du Nord de Bucarest au lac Snagov, et si vous avez envie de faire une promenade en bateau<\/p>\n<\/ul>\n<p> Carte de l&#8217;emplacement du monast\u00e8re de Snagov<\/strong> <br \/&#038;gt ;\n<\/h2>\n","protected":false},"excerpt":{"rendered":"<p>Le monast\u00e8re de Snagov , dans la r\u00e9gion de Valachie, est l&#8217;un des lieux les plus visit\u00e9s de Roumanie. Le paysage idyllique du lac a \u00e9t\u00e9 un lieu de loisirs touristique pour les citoyens de Bucarest , et m\u00eame pour de nombreux dirigeants du parti de Ceascescu, qui ont construit leurs villas r\u00e9sidentielles \u00e0 proximit\u00e9. &hellip;<\/p>\n<p class=\"read-more\"> <a class=\"\" href=\"https:\/\/roadtoromania.com\/fr\/monuments-de-la-roumanie-que-voir-en-roumanie\/monastere-de-snagov-et-tombeau-de-vlad-tepes\/\"> <span class=\"screen-reader-text\">Monast\u00e8re de Snagov et tombeau de Vlad Tepes<\/span> Lire la suite \u00bb<\/a><\/p>\n","protected":false},"author":1,"featured_media":1686,"parent":3197,"menu_order":0,"comment_status":"open","ping_status":"open","template":"","meta":{"site-sidebar-layout":"default","site-content-layout":"default","ast-global-header-display":"","ast-main-header-display":"","ast-hfb-above-header-display":"","ast-hfb-below-header-display":"","ast-hfb-mobile-header-display":"","site-post-title":"","ast-breadcrumbs-content":"","ast-featured-img":"","footer-sml-layout":"","theme-transparent-header-meta":"","adv-header-id-meta":"","stick-header-meta":"","header-above-stick-meta":"","header-main-stick-meta":"","header-below-stick-meta":"","footnotes":""},"class_list":["post-3208","page","type-page","status-publish","has-post-thumbnail","hentry"],"yoast_head":"<!-- This site is optimized with the Yoast SEO plugin v19.10 - https:\/\/yoast.com\/wordpress\/plugins\/seo\/ -->\n<title>Monast\u00e8re de Snagov et tombeau de Vlad Tepes - Road to Romania<\/title>\n<meta name=\"robots\" content=\"index, follow, max-snippet:-1, max-image-preview:large, max-video-preview:-1\" \/>\n<link rel=\"canonical\" href=\"https:\/\/roadtoromania.com\/fr\/monuments-de-la-roumanie-que-voir-en-roumanie\/monastere-de-snagov-et-tombeau-de-vlad-tepes\/\" \/>\n<meta property=\"og:locale\" content=\"fr_FR\" \/>\n<meta property=\"og:type\" content=\"article\" \/>\n<meta property=\"og:title\" content=\"Monast\u00e8re de Snagov et tombeau de Vlad Tepes - Road to Romania\" \/>\n<meta property=\"og:description\" content=\"Le monast\u00e8re de Snagov , dans la r\u00e9gion de Valachie, est l&#8217;un des lieux les plus visit\u00e9s de Roumanie. Le paysage idyllique du lac a \u00e9t\u00e9 un lieu de loisirs touristique pour les citoyens de Bucarest , et m\u00eame pour de nombreux dirigeants du parti de Ceascescu, qui ont construit leurs villas r\u00e9sidentielles \u00e0 proximit\u00e9. &hellip; Monast\u00e8re de Snagov et tombeau de Vlad Tepes Lire la suite \u00bb\" \/>\n<meta property=\"og:url\" content=\"https:\/\/roadtoromania.com\/fr\/monuments-de-la-roumanie-que-voir-en-roumanie\/monastere-de-snagov-et-tombeau-de-vlad-tepes\/\" \/>\n<meta property=\"og:site_name\" content=\"Road to Romania\" \/>\n<meta property=\"article:modified_time\" content=\"2022-10-18T14:52:31+00:00\" \/>\n<meta property=\"og:image\" content=\"https:\/\/roadtoromania.com\/wp-content\/uploads\/2022\/10\/monasterio_snagov_rumania-1.jpg\" \/>\n\t<meta property=\"og:image:width\" content=\"768\" \/>\n\t<meta property=\"og:image:height\" content=\"510\" \/>\n\t<meta property=\"og:image:type\" content=\"image\/jpeg\" \/>\n<meta name=\"twitter:card\" content=\"summary_large_image\" \/>\n<meta name=\"twitter:label1\" content=\"Dur\u00e9e de lecture estim\u00e9e\" \/>\n\t<meta name=\"twitter:data1\" content=\"3 minutes\" \/>\n<script type=\"application\/ld+json\" class=\"yoast-schema-graph\">{\"@context\":\"https:\/\/schema.org\",\"@graph\":[{\"@type\":\"WebPage\",\"@id\":\"https:\/\/roadtoromania.com\/fr\/monuments-de-la-roumanie-que-voir-en-roumanie\/monastere-de-snagov-et-tombeau-de-vlad-tepes\/\",\"url\":\"https:\/\/roadtoromania.com\/fr\/monuments-de-la-roumanie-que-voir-en-roumanie\/monastere-de-snagov-et-tombeau-de-vlad-tepes\/\",\"name\":\"Monast\u00e8re de Snagov et tombeau de Vlad Tepes - Road to Romania\",\"isPartOf\":{\"@id\":\"https:\/\/roadtoromania.com\/fr\/#website\"},\"datePublished\":\"2022-10-15T18:40:18+00:00\",\"dateModified\":\"2022-10-18T14:52:31+00:00\",\"breadcrumb\":{\"@id\":\"https:\/\/roadtoromania.com\/fr\/monuments-de-la-roumanie-que-voir-en-roumanie\/monastere-de-snagov-et-tombeau-de-vlad-tepes\/#breadcrumb\"},\"inLanguage\":\"fr-FR\",\"potentialAction\":[{\"@type\":\"ReadAction\",\"target\":[\"https:\/\/roadtoromania.com\/fr\/monuments-de-la-roumanie-que-voir-en-roumanie\/monastere-de-snagov-et-tombeau-de-vlad-tepes\/\"]}]},{\"@type\":\"BreadcrumbList\",\"@id\":\"https:\/\/roadtoromania.com\/fr\/monuments-de-la-roumanie-que-voir-en-roumanie\/monastere-de-snagov-et-tombeau-de-vlad-tepes\/#breadcrumb\",\"itemListElement\":[{\"@type\":\"ListItem\",\"position\":1,\"name\":\"Home\",\"item\":\"https:\/\/roadtoromania.com\/fr\/\"},{\"@type\":\"ListItem\",\"position\":2,\"name\":\"Monuments de la Roumanie &#8211; Que voir en Roumanie ?\",\"item\":\"https:\/\/roadtoromania.com\/fr\/monuments-de-la-roumanie-que-voir-en-roumanie\/\"},{\"@type\":\"ListItem\",\"position\":3,\"name\":\"Monast\u00e8re de Snagov et tombeau de Vlad Tepes\"}]},{\"@type\":\"WebSite\",\"@id\":\"https:\/\/roadtoromania.com\/fr\/#website\",\"url\":\"https:\/\/roadtoromania.com\/fr\/\",\"name\":\"Road to Romania\",\"description\":\"Le blog o\u00f9 vous trouverez toutes les informations dont vous avez besoin pour profiter de la Roumanie.\",\"potentialAction\":[{\"@type\":\"SearchAction\",\"target\":{\"@type\":\"EntryPoint\",\"urlTemplate\":\"https:\/\/roadtoromania.com\/fr\/?s={search_term_string}\"},\"query-input\":\"required name=search_term_string\"}],\"inLanguage\":\"fr-FR\"}]}<\/script>\n<!-- \/ Yoast SEO plugin. -->","yoast_head_json":{"title":"Monast\u00e8re de Snagov et tombeau de Vlad Tepes - Road to Romania","robots":{"index":"index","follow":"follow","max-snippet":"max-snippet:-1","max-image-preview":"max-image-preview:large","max-video-preview":"max-video-preview:-1"},"canonical":"https:\/\/roadtoromania.com\/fr\/monuments-de-la-roumanie-que-voir-en-roumanie\/monastere-de-snagov-et-tombeau-de-vlad-tepes\/","og_locale":"fr_FR","og_type":"article","og_title":"Monast\u00e8re de Snagov et tombeau de Vlad Tepes - Road to Romania","og_description":"Le monast\u00e8re de Snagov , dans la r\u00e9gion de Valachie, est l&#8217;un des lieux les plus visit\u00e9s de Roumanie. Le paysage idyllique du lac a \u00e9t\u00e9 un lieu de loisirs touristique pour les citoyens de Bucarest , et m\u00eame pour de nombreux dirigeants du parti de Ceascescu, qui ont construit leurs villas r\u00e9sidentielles \u00e0 proximit\u00e9. &hellip; Monast\u00e8re de Snagov et tombeau de Vlad Tepes Lire la suite \u00bb","og_url":"https:\/\/roadtoromania.com\/fr\/monuments-de-la-roumanie-que-voir-en-roumanie\/monastere-de-snagov-et-tombeau-de-vlad-tepes\/","og_site_name":"Road to Romania","article_modified_time":"2022-10-18T14:52:31+00:00","og_image":[{"width":768,"height":510,"url":"https:\/\/roadtoromania.com\/wp-content\/uploads\/2022\/10\/monasterio_snagov_rumania-1.jpg","type":"image\/jpeg"}],"twitter_card":"summary_large_image","twitter_misc":{"Dur\u00e9e de lecture estim\u00e9e":"3 minutes"},"schema":{"@context":"https:\/\/schema.org","@graph":[{"@type":"WebPage","@id":"https:\/\/roadtoromania.com\/fr\/monuments-de-la-roumanie-que-voir-en-roumanie\/monastere-de-snagov-et-tombeau-de-vlad-tepes\/","url":"https:\/\/roadtoromania.com\/fr\/monuments-de-la-roumanie-que-voir-en-roumanie\/monastere-de-snagov-et-tombeau-de-vlad-tepes\/","name":"Monast\u00e8re de Snagov et tombeau de Vlad Tepes - Road to Romania","isPartOf":{"@id":"https:\/\/roadtoromania.com\/fr\/#website"},"datePublished":"2022-10-15T18:40:18+00:00","dateModified":"2022-10-18T14:52:31+00:00","breadcrumb":{"@id":"https:\/\/roadtoromania.com\/fr\/monuments-de-la-roumanie-que-voir-en-roumanie\/monastere-de-snagov-et-tombeau-de-vlad-tepes\/#breadcrumb"},"inLanguage":"fr-FR","potentialAction":[{"@type":"ReadAction","target":["https:\/\/roadtoromania.com\/fr\/monuments-de-la-roumanie-que-voir-en-roumanie\/monastere-de-snagov-et-tombeau-de-vlad-tepes\/"]}]},{"@type":"BreadcrumbList","@id":"https:\/\/roadtoromania.com\/fr\/monuments-de-la-roumanie-que-voir-en-roumanie\/monastere-de-snagov-et-tombeau-de-vlad-tepes\/#breadcrumb","itemListElement":[{"@type":"ListItem","position":1,"name":"Home","item":"https:\/\/roadtoromania.com\/fr\/"},{"@type":"ListItem","position":2,"name":"Monuments de la Roumanie &#8211; Que voir en Roumanie ?","item":"https:\/\/roadtoromania.com\/fr\/monuments-de-la-roumanie-que-voir-en-roumanie\/"},{"@type":"ListItem","position":3,"name":"Monast\u00e8re de Snagov et tombeau de Vlad Tepes"}]},{"@type":"WebSite","@id":"https:\/\/roadtoromania.com\/fr\/#website","url":"https:\/\/roadtoromania.com\/fr\/","name":"Road to Romania","description":"Le blog o\u00f9 vous trouverez toutes les informations dont vous avez besoin pour profiter de la Roumanie.","potentialAction":[{"@type":"SearchAction","target":{"@type":"EntryPoint","urlTemplate":"https:\/\/roadtoromania.com\/fr\/?s={search_term_string}"},"query-input":"required name=search_term_string"}],"inLanguage":"fr-FR"}]}},"_links":{"self":[{"href":"https:\/\/roadtoromania.com\/fr\/wp-json\/wp\/v2\/pages\/3208","targetHints":{"allow":["GET"]}}],"collection":[{"href":"https:\/\/roadtoromania.com\/fr\/wp-json\/wp\/v2\/pages"}],"about":[{"href":"https:\/\/roadtoromania.com\/fr\/wp-json\/wp\/v2\/types\/page"}],"author":[{"embeddable":true,"href":"https:\/\/roadtoromania.com\/fr\/wp-json\/wp\/v2\/users\/1"}],"replies":[{"embeddable":true,"href":"https:\/\/roadtoromania.com\/fr\/wp-json\/wp\/v2\/comments?post=3208"}],"version-history":[{"count":0,"href":"https:\/\/roadtoromania.com\/fr\/wp-json\/wp\/v2\/pages\/3208\/revisions"}],"up":[{"embeddable":true,"href":"https:\/\/roadtoromania.com\/fr\/wp-json\/wp\/v2\/pages\/3197"}],"wp:featuredmedia":[{"embeddable":true,"href":"https:\/\/roadtoromania.com\/fr\/wp-json\/wp\/v2\/media\/1686"}],"wp:attachment":[{"href":"https:\/\/roadtoromania.com\/fr\/wp-json\/wp\/v2\/media?parent=3208"}],"curies":[{"name":"wp","href":"https:\/\/api.w.org\/{rel}","templated":true}]}}