{"id":3209,"date":"2022-10-15T18:40:18","date_gmt":"2022-10-15T18:40:18","guid":{"rendered":"https:\/\/roadtoromania.com\/monuments-de-la-roumanie-que-voir-en-roumanie\/monasteres-de-moldavie\/"},"modified":"2022-10-22T12:08:58","modified_gmt":"2022-10-22T12:08:58","slug":"monasteres-de-moldavie","status":"publish","type":"page","link":"https:\/\/roadtoromania.com\/fr\/monuments-de-la-roumanie-que-voir-en-roumanie\/monasteres-de-moldavie\/","title":{"rendered":"Monast\u00e8res de Moldavie"},"content":{"rendered":"<p>Les <strong>monast\u00e8res de la <a href=\"https:\/\/roadtoromania.com\/fr\/monuments-de-la-roumanie-que-voir-en-roumanie\/moldavie-roumain\/\">r\u00e9gion roumaine de Moldavie<\/a> <\/strong> constituent l&#8217;une des plus importantes attractions touristiques de Roumanie. La proximit\u00e9 entre elles permet un circuit d&#8217;un ou deux jours qui nous fera d\u00e9couvrir l&#8217;architecture et le mode de vie particuliers d&#8217;une communaut\u00e9 monastique encore vivante aujourd&#8217;hui. La ville de <strong>Tirgu Neamt<\/strong> est &#8211; comme <a href=\"https:\/\/roadtoromania.com\/fr\/villes-et-regions-de-roumanie\/suceava\/\"> <strong>Suceava<\/strong><\/a> pour les <a href=\"https:\/\/roadtoromania.com\/fr\/la-bucovine-et-ses-monasteres\/\"> <strong>monast\u00e8res de Bukovina<\/strong><\/a> &#8211; le point n\u00e9vralgique autour duquel nous trouvons les principaux centres monastiques moldaves.<\/p>\n<p>\nLa visite des monast\u00e8res peut \u00eatre effectu\u00e9e de mani\u00e8re autonome ou dans le cadre d&#8217;un circuit qui vous conduit entre eux sans vous soucier de les conduire ou de les trouver, et avec la possibilit\u00e9 de les conna\u00eetre en profondeur, voire de dormir dans certains d&#8217;entre eux.<\/p>\n<p>\nLe plus int\u00e9ressant et celui dont la visite est \u00e0 privil\u00e9gier est le <strong>Monast\u00e8re de Neamt<\/strong> , le plus ancien de Moldavie (14\u00e8me si\u00e8cle) et connu comme la J\u00e9rusalem des orthodoxes roumains. L&#8217;\u00e9glise actuelle date de 1497 et a \u00e9t\u00e9 fond\u00e9e par \u00c9tienne le Grand, \u00e0 l&#8217;endroit o\u00f9 se trouvaient d&#8217;autres \u00e9glises (l&#8217;une d&#8217;elles a \u00e9t\u00e9 d\u00e9truite lors du tremblement de terre de 1471). Neamt \u00e9tait un centre culturel tr\u00e8s important au Moyen \u00c2ge, accueillant des copistes et des miniaturistes dont le m\u00e9tier est encore pr\u00e9serv\u00e9 aujourd&#8217;hui. La biblioth\u00e8que Neamt contient plus de 20 000 volumes de grande valeur artistique et historique, ce qui en fait l&#8217;une des plus importantes biblioth\u00e8ques de Roumanie. Un autre tr\u00e9sor est l&#8217;ic\u00f4ne de Marie peinte en 665 en Isra\u00ebl, un cadeau de l&#8217;empereur byzantin Ion VIII des pal\u00e9olologues.<\/p>\n<p>\n\u00c0 18 km de Tirgu Neamt se trouve le monast\u00e8re <strong>Secu<\/strong> , dont l&#8217;\u00e9glise du XVIe si\u00e8cle combine des \u00e9l\u00e9ments d&#8217;architecture moldave et munten. Construit sous la forme d&#8217;une ancienne forteresse m\u00e9di\u00e9vale, prot\u00e9g\u00e9 par des murs d\u00e9fensifs et des tours, il d\u00e9fendait \u00e9galement la tombe de l&#8217;architecte Nestor Ureche, en plus de l&#8217;impressionnante collection d&#8217;objets religieux, notamment en or et en argent.<\/p>\n<p><a href=\"https:\/\/roadtoromania.com\/wp-content\/uploads\/2022\/10\/sihastria-monasterio.jpg\"><img decoding=\"async\" src=\"https:\/\/roadtoromania.com\/wp-content\/uploads\/2022\/10\/sihastria-monasterio.jpg\" \/><\/a> Int\u00e9rieur du monast\u00e8re de Sihastria<\/p>\n<p>\nUn autre site important est le <strong>Monast\u00e8re d&#8217;Agapia<\/strong> , presque converti en un village monastique o\u00f9 aujourd&#8217;hui des centaines de nonnes vivent et travaillent dans l&#8217;agriculture et fabriquent des objets religieux, des ic\u00f4nes, des tissus, des c\u00e9ramiques qui sont vendus \u00e0 d&#8217;autres \u00e9glises et bien s\u00fbr aux touristes. Il a \u00e9t\u00e9 fond\u00e9 au milieu du XVIIe si\u00e8cle et la d\u00e9coration du monast\u00e8re en style byzantin-n\u00e9oclassique avec des th\u00e8mes traditionnels roumains est l&#8217;\u0153uvre du c\u00e9l\u00e8bre peintre Nicolae Grigorescu en 1858-60.<\/p>\n<p>\n <strong>Varatec<\/strong> est l&#8217;un des monast\u00e8res les plus r\u00e9cents, ayant subi de nombreuses r\u00e9novations depuis sa fondation au XVIe si\u00e8cle. L&#8217;actuelle date de 1808 et suit le style traditionnel moldave. Ce complexe se compose du monast\u00e8re &#8220;Adormirea Maicii Domnului&#8221;, de l&#8217;\u00e9glise &#8220;Schimbarea la Fata, et de l&#8217;\u00e9glise Saint-Jean-Baptiste. Il abrite la tombe du po\u00e8te Mihai Eminescu, Veronica Micle, et expose une collection d&#8217;art m\u00e9di\u00e9val.<\/p>\n<p>\nPr\u00e8s de <strong>Horezu<\/strong> , \u00e0 environ 6 km au nord-ouest, se trouve le <strong>monast\u00e8re de Bistrita<\/strong> , datant de 1856, bien qu&#8217;il ait \u00e9t\u00e9 construit sur une \u00e9glise m\u00e9di\u00e9vale de 1406. Les fresques int\u00e9rieures, l&#8217;ic\u00f4ne de Sainte Anne dans l&#8217;\u00e9glise du monast\u00e8re, le tombeau du prince moldave Alexandru cel Bun et les peintures murales byzantines dans la chapelle de l&#8217;ancienne infirmerie sont autant de points forts.<\/p>\n<p><a href=\"https:\/\/roadtoromania.com\/wp-content\/uploads\/2022\/10\/durau-monasterio-rumania.jpg\"><img decoding=\"async\" src=\"data:image\/gif;base64,R0lGODdhAQABAPAAAMPDwwAAACwAAAAAAQABAAACAkQBADs=\" \/><\/a> Monast\u00e8re de Surau, au pied du mont Ceahlau et de son parc national. <\/p>\n<p>\nEnfin le <strong>monast\u00e8re de Durau<\/strong> , du 17\u00e8me si\u00e8cle, \u0153uvre d&#8217;un des fils du souverain Vasile Lupu, et dont les peintures ont \u00e9t\u00e9 compl\u00e9t\u00e9es par Nicolae Tonitza avec son \u00e9quipe d&#8217;apprentis, parmi lesquels Corneliu Baba \u00e9tait l&#8217;un des plus remarquables.<\/p>\n<p>\nSi nous avons encore du temps, nous pouvons visiter les monast\u00e8res de <strong>Sihastria<\/strong> avec son bel int\u00e9rieur, <strong>Pangarati<\/strong> (1560) et <strong>Sihla<\/strong> , \u00e0 6 km de Sihastria, un sanctuaire (1725) o\u00f9 Sainte Th\u00e9odora aurait v\u00e9cu et pri\u00e9 et o\u00f9, chaque 7 ao\u00fbt, des fid\u00e8les de toute la Roumanie viennent en p\u00e8lerinage.<\/p>\n","protected":false},"excerpt":{"rendered":"<p>Les monast\u00e8res de la r\u00e9gion roumaine de Moldavie constituent l&#8217;une des plus importantes attractions touristiques de Roumanie. La proximit\u00e9 entre elles permet un circuit d&#8217;un ou deux jours qui nous fera d\u00e9couvrir l&#8217;architecture et le mode de vie particuliers d&#8217;une communaut\u00e9 monastique encore vivante aujourd&#8217;hui. La ville de Tirgu Neamt est &#8211; comme Suceava pour &hellip;<\/p>\n<p class=\"read-more\"> <a class=\"\" href=\"https:\/\/roadtoromania.com\/fr\/monuments-de-la-roumanie-que-voir-en-roumanie\/monasteres-de-moldavie\/\"> <span class=\"screen-reader-text\">Monast\u00e8res de Moldavie<\/span> Lire la suite \u00bb<\/a><\/p>\n","protected":false},"author":1,"featured_media":1700,"parent":3197,"menu_order":0,"comment_status":"open","ping_status":"open","template":"","meta":{"site-sidebar-layout":"default","site-content-layout":"default","ast-global-header-display":"","ast-main-header-display":"","ast-hfb-above-header-display":"","ast-hfb-below-header-display":"","ast-hfb-mobile-header-display":"","site-post-title":"","ast-breadcrumbs-content":"","ast-featured-img":"","footer-sml-layout":"","theme-transparent-header-meta":"default","adv-header-id-meta":"","stick-header-meta":"","header-above-stick-meta":"","header-main-stick-meta":"","header-below-stick-meta":"","footnotes":""},"class_list":["post-3209","page","type-page","status-publish","has-post-thumbnail","hentry"],"yoast_head":"<!-- This site is optimized with the Yoast SEO plugin v19.10 - https:\/\/yoast.com\/wordpress\/plugins\/seo\/ -->\n<title>Monast\u00e8res de Moldavie - Road to Romania<\/title>\n<meta name=\"robots\" content=\"index, follow, max-snippet:-1, max-image-preview:large, max-video-preview:-1\" \/>\n<link rel=\"canonical\" href=\"https:\/\/roadtoromania.com\/fr\/monuments-de-la-roumanie-que-voir-en-roumanie\/monasteres-de-moldavie\/\" \/>\n<meta property=\"og:locale\" content=\"fr_FR\" \/>\n<meta property=\"og:type\" content=\"article\" \/>\n<meta property=\"og:title\" content=\"Monast\u00e8res de Moldavie - Road to Romania\" \/>\n<meta property=\"og:description\" content=\"Les monast\u00e8res de la r\u00e9gion roumaine de Moldavie constituent l&#8217;une des plus importantes attractions touristiques de Roumanie. La proximit\u00e9 entre elles permet un circuit d&#8217;un ou deux jours qui nous fera d\u00e9couvrir l&#8217;architecture et le mode de vie particuliers d&#8217;une communaut\u00e9 monastique encore vivante aujourd&#8217;hui. La ville de Tirgu Neamt est &#8211; comme Suceava pour &hellip; Monast\u00e8res de Moldavie Lire la suite \u00bb\" \/>\n<meta property=\"og:url\" content=\"https:\/\/roadtoromania.com\/fr\/monuments-de-la-roumanie-que-voir-en-roumanie\/monasteres-de-moldavie\/\" \/>\n<meta property=\"og:site_name\" content=\"Road to Romania\" \/>\n<meta property=\"article:modified_time\" content=\"2022-10-22T12:08:58+00:00\" \/>\n<meta property=\"og:image\" content=\"https:\/\/roadtoromania.com\/wp-content\/uploads\/2022\/10\/sihastria-monasterio-1.jpg\" \/>\n\t<meta property=\"og:image:width\" content=\"640\" \/>\n\t<meta property=\"og:image:height\" content=\"426\" \/>\n\t<meta property=\"og:image:type\" content=\"image\/jpeg\" \/>\n<meta name=\"twitter:card\" content=\"summary_large_image\" \/>\n<meta name=\"twitter:label1\" content=\"Dur\u00e9e de lecture estim\u00e9e\" \/>\n\t<meta name=\"twitter:data1\" content=\"4 minutes\" \/>\n<script type=\"application\/ld+json\" class=\"yoast-schema-graph\">{\"@context\":\"https:\/\/schema.org\",\"@graph\":[{\"@type\":\"WebPage\",\"@id\":\"https:\/\/roadtoromania.com\/fr\/monuments-de-la-roumanie-que-voir-en-roumanie\/monasteres-de-moldavie\/\",\"url\":\"https:\/\/roadtoromania.com\/fr\/monuments-de-la-roumanie-que-voir-en-roumanie\/monasteres-de-moldavie\/\",\"name\":\"Monast\u00e8res de Moldavie - Road to Romania\",\"isPartOf\":{\"@id\":\"https:\/\/roadtoromania.com\/fr\/#website\"},\"datePublished\":\"2022-10-15T18:40:18+00:00\",\"dateModified\":\"2022-10-22T12:08:58+00:00\",\"breadcrumb\":{\"@id\":\"https:\/\/roadtoromania.com\/fr\/monuments-de-la-roumanie-que-voir-en-roumanie\/monasteres-de-moldavie\/#breadcrumb\"},\"inLanguage\":\"fr-FR\",\"potentialAction\":[{\"@type\":\"ReadAction\",\"target\":[\"https:\/\/roadtoromania.com\/fr\/monuments-de-la-roumanie-que-voir-en-roumanie\/monasteres-de-moldavie\/\"]}]},{\"@type\":\"BreadcrumbList\",\"@id\":\"https:\/\/roadtoromania.com\/fr\/monuments-de-la-roumanie-que-voir-en-roumanie\/monasteres-de-moldavie\/#breadcrumb\",\"itemListElement\":[{\"@type\":\"ListItem\",\"position\":1,\"name\":\"Home\",\"item\":\"https:\/\/roadtoromania.com\/fr\/\"},{\"@type\":\"ListItem\",\"position\":2,\"name\":\"Monuments de la Roumanie &#8211; Que voir en Roumanie ?\",\"item\":\"https:\/\/roadtoromania.com\/fr\/monuments-de-la-roumanie-que-voir-en-roumanie\/\"},{\"@type\":\"ListItem\",\"position\":3,\"name\":\"Monast\u00e8res de Moldavie\"}]},{\"@type\":\"WebSite\",\"@id\":\"https:\/\/roadtoromania.com\/fr\/#website\",\"url\":\"https:\/\/roadtoromania.com\/fr\/\",\"name\":\"Road to Romania\",\"description\":\"Le blog o\u00f9 vous trouverez toutes les informations dont vous avez besoin pour profiter de la Roumanie.\",\"potentialAction\":[{\"@type\":\"SearchAction\",\"target\":{\"@type\":\"EntryPoint\",\"urlTemplate\":\"https:\/\/roadtoromania.com\/fr\/?s={search_term_string}\"},\"query-input\":\"required name=search_term_string\"}],\"inLanguage\":\"fr-FR\"}]}<\/script>\n<!-- \/ Yoast SEO plugin. -->","yoast_head_json":{"title":"Monast\u00e8res de Moldavie - Road to Romania","robots":{"index":"index","follow":"follow","max-snippet":"max-snippet:-1","max-image-preview":"max-image-preview:large","max-video-preview":"max-video-preview:-1"},"canonical":"https:\/\/roadtoromania.com\/fr\/monuments-de-la-roumanie-que-voir-en-roumanie\/monasteres-de-moldavie\/","og_locale":"fr_FR","og_type":"article","og_title":"Monast\u00e8res de Moldavie - Road to Romania","og_description":"Les monast\u00e8res de la r\u00e9gion roumaine de Moldavie constituent l&#8217;une des plus importantes attractions touristiques de Roumanie. La proximit\u00e9 entre elles permet un circuit d&#8217;un ou deux jours qui nous fera d\u00e9couvrir l&#8217;architecture et le mode de vie particuliers d&#8217;une communaut\u00e9 monastique encore vivante aujourd&#8217;hui. La ville de Tirgu Neamt est &#8211; comme Suceava pour &hellip; Monast\u00e8res de Moldavie Lire la suite \u00bb","og_url":"https:\/\/roadtoromania.com\/fr\/monuments-de-la-roumanie-que-voir-en-roumanie\/monasteres-de-moldavie\/","og_site_name":"Road to Romania","article_modified_time":"2022-10-22T12:08:58+00:00","og_image":[{"width":640,"height":426,"url":"https:\/\/roadtoromania.com\/wp-content\/uploads\/2022\/10\/sihastria-monasterio-1.jpg","type":"image\/jpeg"}],"twitter_card":"summary_large_image","twitter_misc":{"Dur\u00e9e de lecture estim\u00e9e":"4 minutes"},"schema":{"@context":"https:\/\/schema.org","@graph":[{"@type":"WebPage","@id":"https:\/\/roadtoromania.com\/fr\/monuments-de-la-roumanie-que-voir-en-roumanie\/monasteres-de-moldavie\/","url":"https:\/\/roadtoromania.com\/fr\/monuments-de-la-roumanie-que-voir-en-roumanie\/monasteres-de-moldavie\/","name":"Monast\u00e8res de Moldavie - Road to Romania","isPartOf":{"@id":"https:\/\/roadtoromania.com\/fr\/#website"},"datePublished":"2022-10-15T18:40:18+00:00","dateModified":"2022-10-22T12:08:58+00:00","breadcrumb":{"@id":"https:\/\/roadtoromania.com\/fr\/monuments-de-la-roumanie-que-voir-en-roumanie\/monasteres-de-moldavie\/#breadcrumb"},"inLanguage":"fr-FR","potentialAction":[{"@type":"ReadAction","target":["https:\/\/roadtoromania.com\/fr\/monuments-de-la-roumanie-que-voir-en-roumanie\/monasteres-de-moldavie\/"]}]},{"@type":"BreadcrumbList","@id":"https:\/\/roadtoromania.com\/fr\/monuments-de-la-roumanie-que-voir-en-roumanie\/monasteres-de-moldavie\/#breadcrumb","itemListElement":[{"@type":"ListItem","position":1,"name":"Home","item":"https:\/\/roadtoromania.com\/fr\/"},{"@type":"ListItem","position":2,"name":"Monuments de la Roumanie &#8211; Que voir en Roumanie ?","item":"https:\/\/roadtoromania.com\/fr\/monuments-de-la-roumanie-que-voir-en-roumanie\/"},{"@type":"ListItem","position":3,"name":"Monast\u00e8res de Moldavie"}]},{"@type":"WebSite","@id":"https:\/\/roadtoromania.com\/fr\/#website","url":"https:\/\/roadtoromania.com\/fr\/","name":"Road to Romania","description":"Le blog o\u00f9 vous trouverez toutes les informations dont vous avez besoin pour profiter de la Roumanie.","potentialAction":[{"@type":"SearchAction","target":{"@type":"EntryPoint","urlTemplate":"https:\/\/roadtoromania.com\/fr\/?s={search_term_string}"},"query-input":"required name=search_term_string"}],"inLanguage":"fr-FR"}]}},"_links":{"self":[{"href":"https:\/\/roadtoromania.com\/fr\/wp-json\/wp\/v2\/pages\/3209","targetHints":{"allow":["GET"]}}],"collection":[{"href":"https:\/\/roadtoromania.com\/fr\/wp-json\/wp\/v2\/pages"}],"about":[{"href":"https:\/\/roadtoromania.com\/fr\/wp-json\/wp\/v2\/types\/page"}],"author":[{"embeddable":true,"href":"https:\/\/roadtoromania.com\/fr\/wp-json\/wp\/v2\/users\/1"}],"replies":[{"embeddable":true,"href":"https:\/\/roadtoromania.com\/fr\/wp-json\/wp\/v2\/comments?post=3209"}],"version-history":[{"count":1,"href":"https:\/\/roadtoromania.com\/fr\/wp-json\/wp\/v2\/pages\/3209\/revisions"}],"predecessor-version":[{"id":4236,"href":"https:\/\/roadtoromania.com\/fr\/wp-json\/wp\/v2\/pages\/3209\/revisions\/4236"}],"up":[{"embeddable":true,"href":"https:\/\/roadtoromania.com\/fr\/wp-json\/wp\/v2\/pages\/3197"}],"wp:featuredmedia":[{"embeddable":true,"href":"https:\/\/roadtoromania.com\/fr\/wp-json\/wp\/v2\/media\/1700"}],"wp:attachment":[{"href":"https:\/\/roadtoromania.com\/fr\/wp-json\/wp\/v2\/media?parent=3209"}],"curies":[{"name":"wp","href":"https:\/\/api.w.org\/{rel}","templated":true}]}}