{"id":3212,"date":"2022-10-15T18:40:18","date_gmt":"2022-10-15T18:40:18","guid":{"rendered":"https:\/\/roadtoromania.com\/nature-de-la-roumanie\/chute-deau-de-bigar-source-de-bigar\/"},"modified":"2022-10-18T14:52:31","modified_gmt":"2022-10-18T14:52:31","slug":"chute-deau-de-bigar-source-de-bigar","status":"publish","type":"page","link":"https:\/\/roadtoromania.com\/fr\/nature-de-la-roumanie\/chute-deau-de-bigar-source-de-bigar\/","title":{"rendered":"Chute d&#8217;eau de Bigar Source de Bigar"},"content":{"rendered":"<p>Les <strong>chutes d&#8217;eau de Bigar<\/strong> sont consid\u00e9r\u00e9es comme l&#8217;une des plus belles chutes d&#8217;eau du monde, sa caract\u00e9ristique la plus extraordinaire \u00e9tant les rochers recouverts de v\u00e9g\u00e9tation et la cascade qui tombe sur la rivi\u00e8re <strong>Minis<\/strong> .<\/p>\n<p><img decoding=\"async\" src=\"https:\/\/roadtoromania.com\/wp-content\/uploads\/2022\/10\/cascada_bigar.jpg\" \/>Chute d&#8217;eau de Bigar en Roumanie<\/p>\n<p>\nLe contraste entre les eaux cristallines qui descendent des monts Aninei <strong>et le tapis de mousse verte qui recouvre le rocher o\u00f9 tombent les eaux en fait l&#8217;une des merveilles de la Roumanie, o\u00f9 viennent des milliers de touristes, parmi lesquels les plus c\u00e9l\u00e8bres photographes de nature de la plan\u00e8te.<\/p>\n<p>\nLa roche calcaire facilite la cr\u00e9ation et l&#8217;adh\u00e9rence de la mousse, formant une sorte de cloche de pierre recouverte de mousse \u00e0 l&#8217;endroit o\u00f9 tombe la cascade. L&#8217;\u00e9rosion de la rivi\u00e8re a form\u00e9 une cavit\u00e9 int\u00e9rieure prot\u00e9g\u00e9e par la chute d&#8217;eau de la cascade.<\/p>\n<p><img decoding=\"async\" src=\"https:\/\/roadtoromania.com\/wp-content\/uploads\/2022\/10\/cascada_bigar_rumania.jpg\" \/>Eau tombant de la cascade de Bigar.<\/p>\n<h2>\n <strong>Comment se rendre \u00e0 la cascade de Bigar<\/strong> <\/h2>\n<p>\nPour se rendre \u00e0 la cascade de Bigar, on part g\u00e9n\u00e9ralement de <strong>Timisoara<\/strong> , la ville la plus proche de l&#8217;ouest de la Roumanie (avec son propre a\u00e9roport). De l\u00e0, il faut compter deux heures de route ou une excursion organis\u00e9e. La cascade se trouve le long de la route nationale 57 B, entre Oravita et Bozovici <\/p>\n<p>.<\/p>\n","protected":false},"excerpt":{"rendered":"<p>Les chutes d&#8217;eau de Bigar sont consid\u00e9r\u00e9es comme l&#8217;une des plus belles chutes d&#8217;eau du monde, sa caract\u00e9ristique la plus extraordinaire \u00e9tant les rochers recouverts de v\u00e9g\u00e9tation et la cascade qui tombe sur la rivi\u00e8re Minis . Chute d&#8217;eau de Bigar en Roumanie Le contraste entre les eaux cristallines qui descendent des monts Aninei et &hellip;<\/p>\n<p class=\"read-more\"> <a class=\"\" href=\"https:\/\/roadtoromania.com\/fr\/nature-de-la-roumanie\/chute-deau-de-bigar-source-de-bigar\/\"> <span class=\"screen-reader-text\">Chute d&#8217;eau de Bigar Source de Bigar<\/span> Lire la suite \u00bb<\/a><\/p>\n","protected":false},"author":1,"featured_media":1724,"parent":3211,"menu_order":0,"comment_status":"open","ping_status":"open","template":"","meta":{"site-sidebar-layout":"default","site-content-layout":"default","ast-global-header-display":"","ast-main-header-display":"","ast-hfb-above-header-display":"","ast-hfb-below-header-display":"","ast-hfb-mobile-header-display":"","site-post-title":"","ast-breadcrumbs-content":"","ast-featured-img":"","footer-sml-layout":"","theme-transparent-header-meta":"","adv-header-id-meta":"","stick-header-meta":"","header-above-stick-meta":"","header-main-stick-meta":"","header-below-stick-meta":"","footnotes":""},"class_list":["post-3212","page","type-page","status-publish","has-post-thumbnail","hentry"],"yoast_head":"<!-- This site is optimized with the Yoast SEO plugin v19.10 - https:\/\/yoast.com\/wordpress\/plugins\/seo\/ -->\n<title>Chute d&#039;eau de Bigar Source de Bigar - Road to Romania<\/title>\n<meta name=\"robots\" content=\"index, follow, max-snippet:-1, max-image-preview:large, max-video-preview:-1\" \/>\n<link rel=\"canonical\" href=\"https:\/\/roadtoromania.com\/fr\/nature-de-la-roumanie\/chute-deau-de-bigar-source-de-bigar\/\" \/>\n<meta property=\"og:locale\" content=\"fr_FR\" \/>\n<meta property=\"og:type\" content=\"article\" \/>\n<meta property=\"og:title\" content=\"Chute d&#039;eau de Bigar Source de Bigar - Road to Romania\" \/>\n<meta property=\"og:description\" content=\"Les chutes d&#8217;eau de Bigar sont consid\u00e9r\u00e9es comme l&#8217;une des plus belles chutes d&#8217;eau du monde, sa caract\u00e9ristique la plus extraordinaire \u00e9tant les rochers recouverts de v\u00e9g\u00e9tation et la cascade qui tombe sur la rivi\u00e8re Minis . Chute d&#8217;eau de Bigar en Roumanie Le contraste entre les eaux cristallines qui descendent des monts Aninei et &hellip; Chute d&#8217;eau de Bigar Source de Bigar Lire la suite \u00bb\" \/>\n<meta property=\"og:url\" content=\"https:\/\/roadtoromania.com\/fr\/nature-de-la-roumanie\/chute-deau-de-bigar-source-de-bigar\/\" \/>\n<meta property=\"og:site_name\" content=\"Road to Romania\" \/>\n<meta property=\"article:modified_time\" content=\"2022-10-18T14:52:31+00:00\" \/>\n<meta property=\"og:image\" content=\"https:\/\/roadtoromania.com\/wp-content\/uploads\/2022\/10\/cascada_bigar-1.jpg\" \/>\n\t<meta property=\"og:image:width\" content=\"700\" \/>\n\t<meta property=\"og:image:height\" content=\"465\" \/>\n\t<meta property=\"og:image:type\" content=\"image\/jpeg\" \/>\n<meta name=\"twitter:card\" content=\"summary_large_image\" \/>\n<meta name=\"twitter:label1\" content=\"Dur\u00e9e de lecture estim\u00e9e\" \/>\n\t<meta name=\"twitter:data1\" content=\"1 minute\" \/>\n<script type=\"application\/ld+json\" class=\"yoast-schema-graph\">{\"@context\":\"https:\/\/schema.org\",\"@graph\":[{\"@type\":\"WebPage\",\"@id\":\"https:\/\/roadtoromania.com\/fr\/nature-de-la-roumanie\/chute-deau-de-bigar-source-de-bigar\/\",\"url\":\"https:\/\/roadtoromania.com\/fr\/nature-de-la-roumanie\/chute-deau-de-bigar-source-de-bigar\/\",\"name\":\"Chute d'eau de Bigar Source de Bigar - Road to Romania\",\"isPartOf\":{\"@id\":\"https:\/\/roadtoromania.com\/fr\/#website\"},\"datePublished\":\"2022-10-15T18:40:18+00:00\",\"dateModified\":\"2022-10-18T14:52:31+00:00\",\"breadcrumb\":{\"@id\":\"https:\/\/roadtoromania.com\/fr\/nature-de-la-roumanie\/chute-deau-de-bigar-source-de-bigar\/#breadcrumb\"},\"inLanguage\":\"fr-FR\",\"potentialAction\":[{\"@type\":\"ReadAction\",\"target\":[\"https:\/\/roadtoromania.com\/fr\/nature-de-la-roumanie\/chute-deau-de-bigar-source-de-bigar\/\"]}]},{\"@type\":\"BreadcrumbList\",\"@id\":\"https:\/\/roadtoromania.com\/fr\/nature-de-la-roumanie\/chute-deau-de-bigar-source-de-bigar\/#breadcrumb\",\"itemListElement\":[{\"@type\":\"ListItem\",\"position\":1,\"name\":\"Home\",\"item\":\"https:\/\/roadtoromania.com\/fr\/\"},{\"@type\":\"ListItem\",\"position\":2,\"name\":\"Nature de la Roumanie\",\"item\":\"https:\/\/roadtoromania.com\/fr\/nature-de-la-roumanie\/\"},{\"@type\":\"ListItem\",\"position\":3,\"name\":\"Chute d&#8217;eau de Bigar Source de Bigar\"}]},{\"@type\":\"WebSite\",\"@id\":\"https:\/\/roadtoromania.com\/fr\/#website\",\"url\":\"https:\/\/roadtoromania.com\/fr\/\",\"name\":\"Road to Romania\",\"description\":\"Le blog o\u00f9 vous trouverez toutes les informations dont vous avez besoin pour profiter de la Roumanie.\",\"potentialAction\":[{\"@type\":\"SearchAction\",\"target\":{\"@type\":\"EntryPoint\",\"urlTemplate\":\"https:\/\/roadtoromania.com\/fr\/?s={search_term_string}\"},\"query-input\":\"required name=search_term_string\"}],\"inLanguage\":\"fr-FR\"}]}<\/script>\n<!-- \/ Yoast SEO plugin. -->","yoast_head_json":{"title":"Chute d'eau de Bigar Source de Bigar - Road to Romania","robots":{"index":"index","follow":"follow","max-snippet":"max-snippet:-1","max-image-preview":"max-image-preview:large","max-video-preview":"max-video-preview:-1"},"canonical":"https:\/\/roadtoromania.com\/fr\/nature-de-la-roumanie\/chute-deau-de-bigar-source-de-bigar\/","og_locale":"fr_FR","og_type":"article","og_title":"Chute d'eau de Bigar Source de Bigar - Road to Romania","og_description":"Les chutes d&#8217;eau de Bigar sont consid\u00e9r\u00e9es comme l&#8217;une des plus belles chutes d&#8217;eau du monde, sa caract\u00e9ristique la plus extraordinaire \u00e9tant les rochers recouverts de v\u00e9g\u00e9tation et la cascade qui tombe sur la rivi\u00e8re Minis . Chute d&#8217;eau de Bigar en Roumanie Le contraste entre les eaux cristallines qui descendent des monts Aninei et &hellip; Chute d&#8217;eau de Bigar Source de Bigar Lire la suite \u00bb","og_url":"https:\/\/roadtoromania.com\/fr\/nature-de-la-roumanie\/chute-deau-de-bigar-source-de-bigar\/","og_site_name":"Road to Romania","article_modified_time":"2022-10-18T14:52:31+00:00","og_image":[{"width":700,"height":465,"url":"https:\/\/roadtoromania.com\/wp-content\/uploads\/2022\/10\/cascada_bigar-1.jpg","type":"image\/jpeg"}],"twitter_card":"summary_large_image","twitter_misc":{"Dur\u00e9e de lecture estim\u00e9e":"1 minute"},"schema":{"@context":"https:\/\/schema.org","@graph":[{"@type":"WebPage","@id":"https:\/\/roadtoromania.com\/fr\/nature-de-la-roumanie\/chute-deau-de-bigar-source-de-bigar\/","url":"https:\/\/roadtoromania.com\/fr\/nature-de-la-roumanie\/chute-deau-de-bigar-source-de-bigar\/","name":"Chute d'eau de Bigar Source de Bigar - Road to Romania","isPartOf":{"@id":"https:\/\/roadtoromania.com\/fr\/#website"},"datePublished":"2022-10-15T18:40:18+00:00","dateModified":"2022-10-18T14:52:31+00:00","breadcrumb":{"@id":"https:\/\/roadtoromania.com\/fr\/nature-de-la-roumanie\/chute-deau-de-bigar-source-de-bigar\/#breadcrumb"},"inLanguage":"fr-FR","potentialAction":[{"@type":"ReadAction","target":["https:\/\/roadtoromania.com\/fr\/nature-de-la-roumanie\/chute-deau-de-bigar-source-de-bigar\/"]}]},{"@type":"BreadcrumbList","@id":"https:\/\/roadtoromania.com\/fr\/nature-de-la-roumanie\/chute-deau-de-bigar-source-de-bigar\/#breadcrumb","itemListElement":[{"@type":"ListItem","position":1,"name":"Home","item":"https:\/\/roadtoromania.com\/fr\/"},{"@type":"ListItem","position":2,"name":"Nature de la Roumanie","item":"https:\/\/roadtoromania.com\/fr\/nature-de-la-roumanie\/"},{"@type":"ListItem","position":3,"name":"Chute d&#8217;eau de Bigar Source de Bigar"}]},{"@type":"WebSite","@id":"https:\/\/roadtoromania.com\/fr\/#website","url":"https:\/\/roadtoromania.com\/fr\/","name":"Road to Romania","description":"Le blog o\u00f9 vous trouverez toutes les informations dont vous avez besoin pour profiter de la Roumanie.","potentialAction":[{"@type":"SearchAction","target":{"@type":"EntryPoint","urlTemplate":"https:\/\/roadtoromania.com\/fr\/?s={search_term_string}"},"query-input":"required name=search_term_string"}],"inLanguage":"fr-FR"}]}},"_links":{"self":[{"href":"https:\/\/roadtoromania.com\/fr\/wp-json\/wp\/v2\/pages\/3212","targetHints":{"allow":["GET"]}}],"collection":[{"href":"https:\/\/roadtoromania.com\/fr\/wp-json\/wp\/v2\/pages"}],"about":[{"href":"https:\/\/roadtoromania.com\/fr\/wp-json\/wp\/v2\/types\/page"}],"author":[{"embeddable":true,"href":"https:\/\/roadtoromania.com\/fr\/wp-json\/wp\/v2\/users\/1"}],"replies":[{"embeddable":true,"href":"https:\/\/roadtoromania.com\/fr\/wp-json\/wp\/v2\/comments?post=3212"}],"version-history":[{"count":0,"href":"https:\/\/roadtoromania.com\/fr\/wp-json\/wp\/v2\/pages\/3212\/revisions"}],"up":[{"embeddable":true,"href":"https:\/\/roadtoromania.com\/fr\/wp-json\/wp\/v2\/pages\/3211"}],"wp:featuredmedia":[{"embeddable":true,"href":"https:\/\/roadtoromania.com\/fr\/wp-json\/wp\/v2\/media\/1724"}],"wp:attachment":[{"href":"https:\/\/roadtoromania.com\/fr\/wp-json\/wp\/v2\/media?parent=3212"}],"curies":[{"name":"wp","href":"https:\/\/api.w.org\/{rel}","templated":true}]}}