{"id":3213,"date":"2022-10-15T18:40:18","date_gmt":"2022-10-15T18:40:18","guid":{"rendered":"https:\/\/roadtoromania.com\/nature-de-la-roumanie\/grotte-du-glacier-de-scarisoara\/"},"modified":"2022-10-22T12:13:37","modified_gmt":"2022-10-22T12:13:37","slug":"grotte-du-glacier-de-scarisoara","status":"publish","type":"page","link":"https:\/\/roadtoromania.com\/fr\/nature-de-la-roumanie\/grotte-du-glacier-de-scarisoara\/","title":{"rendered":"Grotte du glacier de Scarisoara"},"content":{"rendered":"<p><img decoding=\"async\" src=\"https:\/\/roadtoromania.com\/wp-content\/uploads\/2022\/10\/naturaleza-transilvania-cueva.jpg\" \/> La grotte glaciaire de Scarisoara est l&#8217;une des grandes attractions touristiques de la Transylvanie. Ici, l&#8217;acc\u00e8s \u00e0 la grotte souterraine. Photo par domide3832<\/p>\n<p>La grotte glaciaire de Scarisoara est l&#8217;une des destinations touristiques les plus attrayantes de la r\u00e9gion de <a href=\"https:\/\/roadtoromania.com\/fr\/villes-et-regions-de-roumanie\/transylvanie\/\">Transylvanie<\/a> , en plus, bien s\u00fbr, du <a href=\"https:\/\/roadtoromania.com\/fr\/monuments-de-la-roumanie-que-voir-en-roumanie\/chateau-de-bran-le-chateau-de-dracula\/\">Ch\u00e2teau Bran Stroker<\/a> . Il est situ\u00e9 dans les <strong>Montagnes Apusen<\/strong> i, dans le <strong>Parc National Apuseni<\/strong> et est situ\u00e9 \u00e0 une altitude de <strong>1265 m.<\/strong> . Il s&#8217;agit d&#8217;une grotte glaciaire souterraine <strong>&#8211; la plus grande de Roumanie<\/strong> , qui poss\u00e8de le deuxi\u00e8me plus grand glacier du monde &#8211; un ph\u00e9nom\u00e8ne naturel plut\u00f4t rare. Il semble avoir \u00e9t\u00e9 form\u00e9 pendant la <strong>p\u00e9riode glaciaire<\/strong> , lorsque les Monts Apuseni \u00e9taient en p\u00e9riode de glaciation. Elle a \u00e9t\u00e9 d\u00e9couverte par le g\u00e9ographe autrichien Adolt Schmididi en 1863, qui a effectu\u00e9 les premi\u00e8res observations et la premi\u00e8re carte de la grotte. Il a \u00e9t\u00e9 d\u00e9clar\u00e9 monument naturel et r\u00e9serve sp\u00e9l\u00e9ologique.<\/p>\n<p>La grotte du glacier de Scarisoara a une superficie de 730 m. de long sur 105 m. de profondeur, et l&#8217;entr\u00e9e est de 50 m. de large sur 50 m. de profondeur, par laquelle on entre dans une grande grotte avec des galeries et une masse de <strong>75000 m\u00e8tres cubes de glace fossilis\u00e9e<\/strong> . Il y a trois <strong>grottes : juste apr\u00e8s l&#8217;entr\u00e9e, <strong>la Grande Salle et l&#8217;\u00c9glise<\/strong> , o\u00f9 l&#8217;on peut voir <strong>plus de 100 stalagnites de glace de 3500 ans<\/strong> qui ne laisseront pas le visiteur indiff\u00e9rent en raison de leur impressionnante beaut\u00e9. Ensuite, sur la gauche, vous devez traverser une galerie de 70 m de long et vous trouverez la Grande R\u00e9serve et la Petite R\u00e9serve. Mais ceux-ci sont r\u00e9serv\u00e9s aux scientifiques. La galerie Maxim Pop se trouve \u00e0 105 m. en sous-sol. Et les deux autres parties de la grotte sont la cath\u00e9drale et le palais Sanzania, o\u00f9 il n&#8217;y a pas de glace.<\/strong><\/p>\n<p>Acc\u00e8s \u00e0 la grotte de Scarisoara<\/p>\n<p>Les touristes peuvent acc\u00e9der \u00e0 la grotte glaciaire de Scarisoara par un <strong>escalier en m\u00e9tal<\/strong> . Il y a un guide qui prend des groupes de 20 \u00e0 50 personnes. Les heures de visite <strong>sont les suivantes : 09h00, 10h20, 11h40, 13h00, 14h20, 15h40 et 17h00.<\/strong><\/p>\n<p>(tixagag_16) Prix : Adulte 1,50\u20ac. Enfants : 1\u20ac.<\/p>\n<p><a href=\"https:\/\/roadtoromania.com\/wp-content\/uploads\/2022\/10\/transilvania-glaciar-scarisoara.jpg\"><img decoding=\"async\" src=\"https:\/\/roadtoromania.com\/wp-content\/uploads\/2022\/10\/transilvania-glaciar-scarisoara.jpg\" \/><\/a> De belles stalagmites de l&#8217;\u00e8re glaciaire dans la grotte glaciaire de Scarisoara. Photo par bortescristian.<\/p>\n<h2><strong>Comment se rendre \u00e0 la grotte glaciaire de Scarisoara<\/strong><\/h2>\n<p>La grotte glaciaire de Scarisoara est situ\u00e9e \u00e0 90 km de Cluj-Napoca , dans le village de Garda de Sus, au nord d&#8217;Alba, tout pr\u00e8s de Campeni. Pour vous y rendre, vous pouvez prendre un bus ou un train depuis les principales villes de Transylvanie vers Alba et Garda de Sus. Vous pouvez \u00e9galement <a href=\"https:\/\/roadtoromania.com\/fr\/location-de-voitures-en-roumanie\/\">louer une voiture<\/a> , ce qui vous donnera plus de libert\u00e9. De l\u00e0, vous devrez marcher quelques kilom\u00e8tres sur une piste non accessible en voiture<\/p>\n<p>.<br \/>\nO\u00f9 dormir et comment se d\u00e9placer<\/p>\n<p>Il y a une auberge \u00e0 environ 750 m\u00e8tres de la grotte. Mais pour plus d&#8217;informations, la Roumanie offre des services de r\u00e9servation de <a href=\"https:\/\/roadtoromania.com\/fr\/location-de-voitures-en-roumanie\/\">location de voitures<\/a> et de <a href=\"https:\/\/roadtoromania.com\/fr\/hebergement-en-roumanie\/\">h\u00e9bergement en h\u00f4tel<\/a> en Transylvanie.<\/p>\n","protected":false},"excerpt":{"rendered":"<p>La grotte glaciaire de Scarisoara est l&#8217;une des grandes attractions touristiques de la Transylvanie. Ici, l&#8217;acc\u00e8s \u00e0 la grotte souterraine. Photo par domide3832 La grotte glaciaire de Scarisoara est l&#8217;une des destinations touristiques les plus attrayantes de la r\u00e9gion de Transylvanie , en plus, bien s\u00fbr, du Ch\u00e2teau Bran Stroker . Il est situ\u00e9 dans &hellip;<\/p>\n<p class=\"read-more\"> <a class=\"\" href=\"https:\/\/roadtoromania.com\/fr\/nature-de-la-roumanie\/grotte-du-glacier-de-scarisoara\/\"> <span class=\"screen-reader-text\">Grotte du glacier de Scarisoara<\/span> Lire la suite \u00bb<\/a><\/p>\n","protected":false},"author":1,"featured_media":1738,"parent":3211,"menu_order":0,"comment_status":"open","ping_status":"open","template":"","meta":{"site-sidebar-layout":"default","site-content-layout":"default","ast-global-header-display":"","ast-main-header-display":"","ast-hfb-above-header-display":"","ast-hfb-below-header-display":"","ast-hfb-mobile-header-display":"","site-post-title":"","ast-breadcrumbs-content":"","ast-featured-img":"","footer-sml-layout":"","theme-transparent-header-meta":"default","adv-header-id-meta":"","stick-header-meta":"","header-above-stick-meta":"","header-main-stick-meta":"","header-below-stick-meta":"","footnotes":""},"class_list":["post-3213","page","type-page","status-publish","has-post-thumbnail","hentry"],"yoast_head":"<!-- This site is optimized with the Yoast SEO plugin v19.10 - https:\/\/yoast.com\/wordpress\/plugins\/seo\/ -->\n<title>Grotte du glacier de Scarisoara - Road to Romania<\/title>\n<meta name=\"robots\" content=\"index, follow, max-snippet:-1, max-image-preview:large, max-video-preview:-1\" \/>\n<link rel=\"canonical\" href=\"https:\/\/roadtoromania.com\/fr\/nature-de-la-roumanie\/grotte-du-glacier-de-scarisoara\/\" \/>\n<meta property=\"og:locale\" content=\"fr_FR\" \/>\n<meta property=\"og:type\" content=\"article\" \/>\n<meta property=\"og:title\" content=\"Grotte du glacier de Scarisoara - Road to Romania\" \/>\n<meta property=\"og:description\" content=\"La grotte glaciaire de Scarisoara est l&#8217;une des grandes attractions touristiques de la Transylvanie. Ici, l&#8217;acc\u00e8s \u00e0 la grotte souterraine. Photo par domide3832 La grotte glaciaire de Scarisoara est l&#8217;une des destinations touristiques les plus attrayantes de la r\u00e9gion de Transylvanie , en plus, bien s\u00fbr, du Ch\u00e2teau Bran Stroker . Il est situ\u00e9 dans &hellip; Grotte du glacier de Scarisoara Lire la suite \u00bb\" \/>\n<meta property=\"og:url\" content=\"https:\/\/roadtoromania.com\/fr\/nature-de-la-roumanie\/grotte-du-glacier-de-scarisoara\/\" \/>\n<meta property=\"og:site_name\" content=\"Road to Romania\" \/>\n<meta property=\"article:modified_time\" content=\"2022-10-22T12:13:37+00:00\" \/>\n<meta property=\"og:image\" content=\"https:\/\/roadtoromania.com\/wp-content\/uploads\/2022\/10\/transilvania-glaciar-scarisoara-1.jpg\" \/>\n\t<meta property=\"og:image:width\" content=\"640\" \/>\n\t<meta property=\"og:image:height\" content=\"480\" \/>\n\t<meta property=\"og:image:type\" content=\"image\/jpeg\" \/>\n<meta name=\"twitter:card\" content=\"summary_large_image\" \/>\n<meta name=\"twitter:label1\" content=\"Dur\u00e9e de lecture estim\u00e9e\" \/>\n\t<meta name=\"twitter:data1\" content=\"4 minutes\" \/>\n<script type=\"application\/ld+json\" class=\"yoast-schema-graph\">{\"@context\":\"https:\/\/schema.org\",\"@graph\":[{\"@type\":\"WebPage\",\"@id\":\"https:\/\/roadtoromania.com\/fr\/nature-de-la-roumanie\/grotte-du-glacier-de-scarisoara\/\",\"url\":\"https:\/\/roadtoromania.com\/fr\/nature-de-la-roumanie\/grotte-du-glacier-de-scarisoara\/\",\"name\":\"Grotte du glacier de Scarisoara - Road to Romania\",\"isPartOf\":{\"@id\":\"https:\/\/roadtoromania.com\/fr\/#website\"},\"datePublished\":\"2022-10-15T18:40:18+00:00\",\"dateModified\":\"2022-10-22T12:13:37+00:00\",\"breadcrumb\":{\"@id\":\"https:\/\/roadtoromania.com\/fr\/nature-de-la-roumanie\/grotte-du-glacier-de-scarisoara\/#breadcrumb\"},\"inLanguage\":\"fr-FR\",\"potentialAction\":[{\"@type\":\"ReadAction\",\"target\":[\"https:\/\/roadtoromania.com\/fr\/nature-de-la-roumanie\/grotte-du-glacier-de-scarisoara\/\"]}]},{\"@type\":\"BreadcrumbList\",\"@id\":\"https:\/\/roadtoromania.com\/fr\/nature-de-la-roumanie\/grotte-du-glacier-de-scarisoara\/#breadcrumb\",\"itemListElement\":[{\"@type\":\"ListItem\",\"position\":1,\"name\":\"Home\",\"item\":\"https:\/\/roadtoromania.com\/fr\/\"},{\"@type\":\"ListItem\",\"position\":2,\"name\":\"Nature de la Roumanie\",\"item\":\"https:\/\/roadtoromania.com\/fr\/nature-de-la-roumanie\/\"},{\"@type\":\"ListItem\",\"position\":3,\"name\":\"Grotte du glacier de Scarisoara\"}]},{\"@type\":\"WebSite\",\"@id\":\"https:\/\/roadtoromania.com\/fr\/#website\",\"url\":\"https:\/\/roadtoromania.com\/fr\/\",\"name\":\"Road to Romania\",\"description\":\"Le blog o\u00f9 vous trouverez toutes les informations dont vous avez besoin pour profiter de la Roumanie.\",\"potentialAction\":[{\"@type\":\"SearchAction\",\"target\":{\"@type\":\"EntryPoint\",\"urlTemplate\":\"https:\/\/roadtoromania.com\/fr\/?s={search_term_string}\"},\"query-input\":\"required name=search_term_string\"}],\"inLanguage\":\"fr-FR\"}]}<\/script>\n<!-- \/ Yoast SEO plugin. -->","yoast_head_json":{"title":"Grotte du glacier de Scarisoara - Road to Romania","robots":{"index":"index","follow":"follow","max-snippet":"max-snippet:-1","max-image-preview":"max-image-preview:large","max-video-preview":"max-video-preview:-1"},"canonical":"https:\/\/roadtoromania.com\/fr\/nature-de-la-roumanie\/grotte-du-glacier-de-scarisoara\/","og_locale":"fr_FR","og_type":"article","og_title":"Grotte du glacier de Scarisoara - Road to Romania","og_description":"La grotte glaciaire de Scarisoara est l&#8217;une des grandes attractions touristiques de la Transylvanie. Ici, l&#8217;acc\u00e8s \u00e0 la grotte souterraine. Photo par domide3832 La grotte glaciaire de Scarisoara est l&#8217;une des destinations touristiques les plus attrayantes de la r\u00e9gion de Transylvanie , en plus, bien s\u00fbr, du Ch\u00e2teau Bran Stroker . Il est situ\u00e9 dans &hellip; Grotte du glacier de Scarisoara Lire la suite \u00bb","og_url":"https:\/\/roadtoromania.com\/fr\/nature-de-la-roumanie\/grotte-du-glacier-de-scarisoara\/","og_site_name":"Road to Romania","article_modified_time":"2022-10-22T12:13:37+00:00","og_image":[{"width":640,"height":480,"url":"https:\/\/roadtoromania.com\/wp-content\/uploads\/2022\/10\/transilvania-glaciar-scarisoara-1.jpg","type":"image\/jpeg"}],"twitter_card":"summary_large_image","twitter_misc":{"Dur\u00e9e de lecture estim\u00e9e":"4 minutes"},"schema":{"@context":"https:\/\/schema.org","@graph":[{"@type":"WebPage","@id":"https:\/\/roadtoromania.com\/fr\/nature-de-la-roumanie\/grotte-du-glacier-de-scarisoara\/","url":"https:\/\/roadtoromania.com\/fr\/nature-de-la-roumanie\/grotte-du-glacier-de-scarisoara\/","name":"Grotte du glacier de Scarisoara - Road to Romania","isPartOf":{"@id":"https:\/\/roadtoromania.com\/fr\/#website"},"datePublished":"2022-10-15T18:40:18+00:00","dateModified":"2022-10-22T12:13:37+00:00","breadcrumb":{"@id":"https:\/\/roadtoromania.com\/fr\/nature-de-la-roumanie\/grotte-du-glacier-de-scarisoara\/#breadcrumb"},"inLanguage":"fr-FR","potentialAction":[{"@type":"ReadAction","target":["https:\/\/roadtoromania.com\/fr\/nature-de-la-roumanie\/grotte-du-glacier-de-scarisoara\/"]}]},{"@type":"BreadcrumbList","@id":"https:\/\/roadtoromania.com\/fr\/nature-de-la-roumanie\/grotte-du-glacier-de-scarisoara\/#breadcrumb","itemListElement":[{"@type":"ListItem","position":1,"name":"Home","item":"https:\/\/roadtoromania.com\/fr\/"},{"@type":"ListItem","position":2,"name":"Nature de la Roumanie","item":"https:\/\/roadtoromania.com\/fr\/nature-de-la-roumanie\/"},{"@type":"ListItem","position":3,"name":"Grotte du glacier de Scarisoara"}]},{"@type":"WebSite","@id":"https:\/\/roadtoromania.com\/fr\/#website","url":"https:\/\/roadtoromania.com\/fr\/","name":"Road to Romania","description":"Le blog o\u00f9 vous trouverez toutes les informations dont vous avez besoin pour profiter de la Roumanie.","potentialAction":[{"@type":"SearchAction","target":{"@type":"EntryPoint","urlTemplate":"https:\/\/roadtoromania.com\/fr\/?s={search_term_string}"},"query-input":"required name=search_term_string"}],"inLanguage":"fr-FR"}]}},"_links":{"self":[{"href":"https:\/\/roadtoromania.com\/fr\/wp-json\/wp\/v2\/pages\/3213","targetHints":{"allow":["GET"]}}],"collection":[{"href":"https:\/\/roadtoromania.com\/fr\/wp-json\/wp\/v2\/pages"}],"about":[{"href":"https:\/\/roadtoromania.com\/fr\/wp-json\/wp\/v2\/types\/page"}],"author":[{"embeddable":true,"href":"https:\/\/roadtoromania.com\/fr\/wp-json\/wp\/v2\/users\/1"}],"replies":[{"embeddable":true,"href":"https:\/\/roadtoromania.com\/fr\/wp-json\/wp\/v2\/comments?post=3213"}],"version-history":[{"count":1,"href":"https:\/\/roadtoromania.com\/fr\/wp-json\/wp\/v2\/pages\/3213\/revisions"}],"predecessor-version":[{"id":4243,"href":"https:\/\/roadtoromania.com\/fr\/wp-json\/wp\/v2\/pages\/3213\/revisions\/4243"}],"up":[{"embeddable":true,"href":"https:\/\/roadtoromania.com\/fr\/wp-json\/wp\/v2\/pages\/3211"}],"wp:featuredmedia":[{"embeddable":true,"href":"https:\/\/roadtoromania.com\/fr\/wp-json\/wp\/v2\/media\/1738"}],"wp:attachment":[{"href":"https:\/\/roadtoromania.com\/fr\/wp-json\/wp\/v2\/media?parent=3213"}],"curies":[{"name":"wp","href":"https:\/\/api.w.org\/{rel}","templated":true}]}}