{"id":3214,"date":"2022-10-15T18:40:18","date_gmt":"2022-10-15T18:40:18","guid":{"rendered":"https:\/\/roadtoromania.com\/nature-de-la-roumanie\/delta-du-danube\/"},"modified":"2022-10-18T14:52:31","modified_gmt":"2022-10-18T14:52:31","slug":"delta-du-danube","status":"publish","type":"page","link":"https:\/\/roadtoromania.com\/fr\/nature-de-la-roumanie\/delta-du-danube\/","title":{"rendered":"Delta du Danube"},"content":{"rendered":"<p>Le <strong>Delta du Danube<\/strong> est l&#8217;une des r\u00e9gions de Roumanie les moins connues en dehors de ses fronti\u00e8res. Et en m\u00eame temps, il offre un paysage totalement diff\u00e9rent du paysage montagneux des Carpates.<\/p>\n<p><img decoding=\"async\" src=\"https:\/\/roadtoromania.com\/wp-content\/uploads\/2022\/10\/delta_danubio_fauna.jpg\" \/>Faune du delta du Danube<\/p>\n<p>\nL&#8217;embouchure de l&#8217;un des plus grands fleuves d&#8217;Europe, qui prend sa source dans la For\u00eat noire d&#8217;Allemagne et traverse l&#8217;Autriche, la Slovaquie, la Hongrie, la Croatie, la Serbie, la Roumanie, la Bulgarie, la Moldavie et l&#8217;Ukraine, jusqu&#8217;\u00e0 ce qu&#8217;il se jette dans les eaux de la mer Noire, est form\u00e9e par trois branches qui se d\u00e9forment progressivement dans le delta : Chilia, Sulina et Sf\u00e2ntu Gheorghe&#8230;<\/p>\n<p>\nLe delta du Danube est <strong>une r\u00e9serve de biosph\u00e8re<\/strong> , un site du patrimoine naturel mondial (depuis 1991) et l&#8217;une des zones humides les plus importantes au monde, qui abrite d&#8217;innombrables esp\u00e8ces d&#8217;oiseaux et, heureusement, un espace o\u00f9, dans la majeure partie de son extension, l&#8217;empreinte des \u00eatres humains est inexistante<\/p>\n<\/p>\n<p>\nSes plus de 5000 kilom\u00e8tres carr\u00e9s constituent un vaste territoire rempli de zones humides avec des marais, des \u00eeles de roseaux et des bancs de sable. Environ 300 esp\u00e8ces d&#8217;oiseaux coexistent ici, certaines de fa\u00e7on r\u00e9guli\u00e8re et d&#8217;autres lors de leur voyage migratoire. P\u00e9licans, h\u00e9rons, cygnes, oies \u00e0 cou roux, cormorans nains sont quelques-uns de ses visiteurs, mais d&#8217;autres arrivent d&#8217;Asie ou d&#8217;Afrique.<\/p>\n<p> La curieuse histoire des Lipovans<\/strong> <\/h2>\n<p>\nSur le plan anthropologique, le Delta est \u00e9galement un lieu unique. D\u00e9j\u00e0 mentionn\u00e9e par l&#8217;historien classique H\u00e9rodote, une communaut\u00e9 de Lipovans vit dans cette r\u00e9gion depuis trois si\u00e8cles. Arriv\u00e9s de Russie dans les ann\u00e9es 1720, ils constituent une branche pers\u00e9cut\u00e9e des croyants russes du vieux rite orthodoxe, qui ont rejet\u00e9 les r\u00e9formes religieuses men\u00e9es au milieu du 17e si\u00e8cle par le patriarche Nikon. Stigmatis\u00e9s comme h\u00e9r\u00e9tiques, ils ont \u00e9t\u00e9 excommuni\u00e9s et durement r\u00e9prim\u00e9s, ce qui a conduit \u00e0 leur exil dans la r\u00e9gion du Delta de la Roumanie, une r\u00e9gion inhospitali\u00e8re mais inhabit\u00e9e \u00e0 l&#8217;\u00e9poque, o\u00f9 les Lipovans ont fait en sorte, au cours des trois si\u00e8cles, que la menace ottomane ou le dogme ferme des Tsars ne leur fasse pas affront.<\/p>\n<p><img decoding=\"async\" src=\"https:\/\/roadtoromania.com\/wp-content\/uploads\/2022\/10\/barco_delta_danubio.jpg\" \/>Coucher de soleil sur le Delta<\/p>\n<h2>\n <strong>Activit\u00e9s dans le delta du Danube<\/strong> <\/h2>\n<p>\nL&#8217;une des activit\u00e9s les plus populaires lors de la visite du delta est la croisi\u00e8re en bateau ou en kayak \u00e0 travers le d\u00e9dale de canaux fluviaux. Vous pourrez \u00e9galement apprendre comment les Romains ont plant\u00e9 des vignes dans la r\u00e9gion, ou d\u00e9guster du caviar fabriqu\u00e9 \u00e0 partir d&#8217;\u0153ufs d&#8217;esturgeon b\u00e9luga. Il existe \u00e9galement de nombreux voyages organis\u00e9s qui se concentrent sur le delta et la partie orientale de la Roumanie.<\/p>\n<p>\nLe delta est si vaste qu&#8217;il existe plusieurs itin\u00e9raires, l&#8217;un des plus fr\u00e9quents \u00e9tant celui qui longe le canal Sf\u00e2ntu Gheorghe (Saint-Georges), avec des excursions en bateau au d\u00e9part de Tulcea. Vous pouvez \u00e9galement vous y rendre en voiture, en passant d&#8217;abord par Murighiol. Plus au nord, sur la c\u00f4te de la mer Noire, Sulina est la ville la plus orientale de Roumanie <\/p>\n<p>.<\/p>\n<p>\nLa cr\u00e9ation de r\u00e9servoirs le long du Danube a consid\u00e9rablement ralenti l&#8217;arriv\u00e9e du limon et des strates, ralentissant la s\u00e9dimentation dans le delta, et produisant ainsi une r\u00e9gression de son espace qui affecte l&#8217;\u00e9cosyst\u00e8me <\/p>\n<p>.<\/p>\n<p> Comment se rendre dans le Delta du Danube<\/strong> <\/h2>\n<p>\nTulcea est la ville la plus importante qui sert de porte d&#8217;entr\u00e9e au delta du Danube. De l\u00e0, nous pouvons nous renseigner aupr\u00e8s des offices de tourisme.<\/p>\n<p><a href=\"https:\/\/roadtoromania.com\/wp-content\/uploads\/2022\/10\/mapa_delta_danubio_rumania.jpg\"><img decoding=\"async\" src=\"data:image\/gif;base64,R0lGODdhAQABAPAAAMPDwwAAACwAAAAAAQABAAACAkQBADs=\" \/><\/a> Carte du delta du Danube en Roumanie<\/p>\n","protected":false},"excerpt":{"rendered":"<p>Le Delta du Danube est l&#8217;une des r\u00e9gions de Roumanie les moins connues en dehors de ses fronti\u00e8res. Et en m\u00eame temps, il offre un paysage totalement diff\u00e9rent du paysage montagneux des Carpates. Faune du delta du Danube L&#8217;embouchure de l&#8217;un des plus grands fleuves d&#8217;Europe, qui prend sa source dans la For\u00eat noire d&#8217;Allemagne &hellip;<\/p>\n<p class=\"read-more\"> <a class=\"\" href=\"https:\/\/roadtoromania.com\/fr\/nature-de-la-roumanie\/delta-du-danube\/\"> <span class=\"screen-reader-text\">Delta du Danube<\/span> Lire la suite \u00bb<\/a><\/p>\n","protected":false},"author":1,"featured_media":1746,"parent":3211,"menu_order":0,"comment_status":"open","ping_status":"open","template":"","meta":{"site-sidebar-layout":"default","site-content-layout":"default","ast-global-header-display":"","ast-main-header-display":"","ast-hfb-above-header-display":"","ast-hfb-below-header-display":"","ast-hfb-mobile-header-display":"","site-post-title":"","ast-breadcrumbs-content":"","ast-featured-img":"","footer-sml-layout":"","theme-transparent-header-meta":"","adv-header-id-meta":"","stick-header-meta":"","header-above-stick-meta":"","header-main-stick-meta":"","header-below-stick-meta":"","footnotes":""},"class_list":["post-3214","page","type-page","status-publish","has-post-thumbnail","hentry"],"yoast_head":"<!-- This site is optimized with the Yoast SEO plugin v19.10 - https:\/\/yoast.com\/wordpress\/plugins\/seo\/ -->\n<title>Delta du Danube - Road to Romania<\/title>\n<meta name=\"robots\" content=\"index, follow, max-snippet:-1, max-image-preview:large, max-video-preview:-1\" \/>\n<link rel=\"canonical\" href=\"https:\/\/roadtoromania.com\/fr\/nature-de-la-roumanie\/delta-du-danube\/\" \/>\n<meta property=\"og:locale\" content=\"fr_FR\" \/>\n<meta property=\"og:type\" content=\"article\" \/>\n<meta property=\"og:title\" content=\"Delta du Danube - Road to Romania\" \/>\n<meta property=\"og:description\" content=\"Le Delta du Danube est l&#8217;une des r\u00e9gions de Roumanie les moins connues en dehors de ses fronti\u00e8res. Et en m\u00eame temps, il offre un paysage totalement diff\u00e9rent du paysage montagneux des Carpates. Faune du delta du Danube L&#8217;embouchure de l&#8217;un des plus grands fleuves d&#8217;Europe, qui prend sa source dans la For\u00eat noire d&#8217;Allemagne &hellip; Delta du Danube Lire la suite \u00bb\" \/>\n<meta property=\"og:url\" content=\"https:\/\/roadtoromania.com\/fr\/nature-de-la-roumanie\/delta-du-danube\/\" \/>\n<meta property=\"og:site_name\" content=\"Road to Romania\" \/>\n<meta property=\"article:modified_time\" content=\"2022-10-18T14:52:31+00:00\" \/>\n<meta property=\"og:image\" content=\"https:\/\/roadtoromania.com\/wp-content\/uploads\/2022\/10\/delta_danubio_fauna-1.jpg\" \/>\n\t<meta property=\"og:image:width\" content=\"700\" \/>\n\t<meta property=\"og:image:height\" content=\"394\" \/>\n\t<meta property=\"og:image:type\" content=\"image\/jpeg\" \/>\n<meta name=\"twitter:card\" content=\"summary_large_image\" \/>\n<meta name=\"twitter:label1\" content=\"Dur\u00e9e de lecture estim\u00e9e\" \/>\n\t<meta name=\"twitter:data1\" content=\"3 minutes\" \/>\n<script type=\"application\/ld+json\" class=\"yoast-schema-graph\">{\"@context\":\"https:\/\/schema.org\",\"@graph\":[{\"@type\":\"WebPage\",\"@id\":\"https:\/\/roadtoromania.com\/fr\/nature-de-la-roumanie\/delta-du-danube\/\",\"url\":\"https:\/\/roadtoromania.com\/fr\/nature-de-la-roumanie\/delta-du-danube\/\",\"name\":\"Delta du Danube - Road to Romania\",\"isPartOf\":{\"@id\":\"https:\/\/roadtoromania.com\/fr\/#website\"},\"datePublished\":\"2022-10-15T18:40:18+00:00\",\"dateModified\":\"2022-10-18T14:52:31+00:00\",\"breadcrumb\":{\"@id\":\"https:\/\/roadtoromania.com\/fr\/nature-de-la-roumanie\/delta-du-danube\/#breadcrumb\"},\"inLanguage\":\"fr-FR\",\"potentialAction\":[{\"@type\":\"ReadAction\",\"target\":[\"https:\/\/roadtoromania.com\/fr\/nature-de-la-roumanie\/delta-du-danube\/\"]}]},{\"@type\":\"BreadcrumbList\",\"@id\":\"https:\/\/roadtoromania.com\/fr\/nature-de-la-roumanie\/delta-du-danube\/#breadcrumb\",\"itemListElement\":[{\"@type\":\"ListItem\",\"position\":1,\"name\":\"Home\",\"item\":\"https:\/\/roadtoromania.com\/fr\/\"},{\"@type\":\"ListItem\",\"position\":2,\"name\":\"Nature de la Roumanie\",\"item\":\"https:\/\/roadtoromania.com\/fr\/nature-de-la-roumanie\/\"},{\"@type\":\"ListItem\",\"position\":3,\"name\":\"Delta du Danube\"}]},{\"@type\":\"WebSite\",\"@id\":\"https:\/\/roadtoromania.com\/fr\/#website\",\"url\":\"https:\/\/roadtoromania.com\/fr\/\",\"name\":\"Road to Romania\",\"description\":\"Le blog o\u00f9 vous trouverez toutes les informations dont vous avez besoin pour profiter de la Roumanie.\",\"potentialAction\":[{\"@type\":\"SearchAction\",\"target\":{\"@type\":\"EntryPoint\",\"urlTemplate\":\"https:\/\/roadtoromania.com\/fr\/?s={search_term_string}\"},\"query-input\":\"required name=search_term_string\"}],\"inLanguage\":\"fr-FR\"}]}<\/script>\n<!-- \/ Yoast SEO plugin. -->","yoast_head_json":{"title":"Delta du Danube - Road to Romania","robots":{"index":"index","follow":"follow","max-snippet":"max-snippet:-1","max-image-preview":"max-image-preview:large","max-video-preview":"max-video-preview:-1"},"canonical":"https:\/\/roadtoromania.com\/fr\/nature-de-la-roumanie\/delta-du-danube\/","og_locale":"fr_FR","og_type":"article","og_title":"Delta du Danube - Road to Romania","og_description":"Le Delta du Danube est l&#8217;une des r\u00e9gions de Roumanie les moins connues en dehors de ses fronti\u00e8res. Et en m\u00eame temps, il offre un paysage totalement diff\u00e9rent du paysage montagneux des Carpates. Faune du delta du Danube L&#8217;embouchure de l&#8217;un des plus grands fleuves d&#8217;Europe, qui prend sa source dans la For\u00eat noire d&#8217;Allemagne &hellip; Delta du Danube Lire la suite \u00bb","og_url":"https:\/\/roadtoromania.com\/fr\/nature-de-la-roumanie\/delta-du-danube\/","og_site_name":"Road to Romania","article_modified_time":"2022-10-18T14:52:31+00:00","og_image":[{"width":700,"height":394,"url":"https:\/\/roadtoromania.com\/wp-content\/uploads\/2022\/10\/delta_danubio_fauna-1.jpg","type":"image\/jpeg"}],"twitter_card":"summary_large_image","twitter_misc":{"Dur\u00e9e de lecture estim\u00e9e":"3 minutes"},"schema":{"@context":"https:\/\/schema.org","@graph":[{"@type":"WebPage","@id":"https:\/\/roadtoromania.com\/fr\/nature-de-la-roumanie\/delta-du-danube\/","url":"https:\/\/roadtoromania.com\/fr\/nature-de-la-roumanie\/delta-du-danube\/","name":"Delta du Danube - Road to Romania","isPartOf":{"@id":"https:\/\/roadtoromania.com\/fr\/#website"},"datePublished":"2022-10-15T18:40:18+00:00","dateModified":"2022-10-18T14:52:31+00:00","breadcrumb":{"@id":"https:\/\/roadtoromania.com\/fr\/nature-de-la-roumanie\/delta-du-danube\/#breadcrumb"},"inLanguage":"fr-FR","potentialAction":[{"@type":"ReadAction","target":["https:\/\/roadtoromania.com\/fr\/nature-de-la-roumanie\/delta-du-danube\/"]}]},{"@type":"BreadcrumbList","@id":"https:\/\/roadtoromania.com\/fr\/nature-de-la-roumanie\/delta-du-danube\/#breadcrumb","itemListElement":[{"@type":"ListItem","position":1,"name":"Home","item":"https:\/\/roadtoromania.com\/fr\/"},{"@type":"ListItem","position":2,"name":"Nature de la Roumanie","item":"https:\/\/roadtoromania.com\/fr\/nature-de-la-roumanie\/"},{"@type":"ListItem","position":3,"name":"Delta du Danube"}]},{"@type":"WebSite","@id":"https:\/\/roadtoromania.com\/fr\/#website","url":"https:\/\/roadtoromania.com\/fr\/","name":"Road to Romania","description":"Le blog o\u00f9 vous trouverez toutes les informations dont vous avez besoin pour profiter de la Roumanie.","potentialAction":[{"@type":"SearchAction","target":{"@type":"EntryPoint","urlTemplate":"https:\/\/roadtoromania.com\/fr\/?s={search_term_string}"},"query-input":"required name=search_term_string"}],"inLanguage":"fr-FR"}]}},"_links":{"self":[{"href":"https:\/\/roadtoromania.com\/fr\/wp-json\/wp\/v2\/pages\/3214","targetHints":{"allow":["GET"]}}],"collection":[{"href":"https:\/\/roadtoromania.com\/fr\/wp-json\/wp\/v2\/pages"}],"about":[{"href":"https:\/\/roadtoromania.com\/fr\/wp-json\/wp\/v2\/types\/page"}],"author":[{"embeddable":true,"href":"https:\/\/roadtoromania.com\/fr\/wp-json\/wp\/v2\/users\/1"}],"replies":[{"embeddable":true,"href":"https:\/\/roadtoromania.com\/fr\/wp-json\/wp\/v2\/comments?post=3214"}],"version-history":[{"count":0,"href":"https:\/\/roadtoromania.com\/fr\/wp-json\/wp\/v2\/pages\/3214\/revisions"}],"up":[{"embeddable":true,"href":"https:\/\/roadtoromania.com\/fr\/wp-json\/wp\/v2\/pages\/3211"}],"wp:featuredmedia":[{"embeddable":true,"href":"https:\/\/roadtoromania.com\/fr\/wp-json\/wp\/v2\/media\/1746"}],"wp:attachment":[{"href":"https:\/\/roadtoromania.com\/fr\/wp-json\/wp\/v2\/media?parent=3214"}],"curies":[{"name":"wp","href":"https:\/\/api.w.org\/{rel}","templated":true}]}}