{"id":3215,"date":"2022-10-15T18:40:18","date_gmt":"2022-10-15T18:40:18","guid":{"rendered":"https:\/\/roadtoromania.com\/nature-de-la-roumanie\/station-de-ski-de-poiana-brasov\/"},"modified":"2022-10-18T14:52:31","modified_gmt":"2022-10-18T14:52:31","slug":"station-de-ski-de-poiana-brasov","status":"publish","type":"page","link":"https:\/\/roadtoromania.com\/fr\/nature-de-la-roumanie\/station-de-ski-de-poiana-brasov\/","title":{"rendered":"Station de ski de Poiana Brasov"},"content":{"rendered":"<p>La station de ski de Poiana Brasov est situ\u00e9e \u00e0 <strong>12 kilom\u00e8tres de <a href=\"https:\/\/roadtoromania.com\/fr\/villes-et-regions-de-roumanie\/brasov\/\">Brasov<\/a> <\/strong> , \u00e0 environ 15 minutes en voiture ou une demi-heure en bus, et pendant les mois d&#8217;hiver, elle est visit\u00e9e par des milliers de touristes, car elle offre certaines des meilleures conditions de ski de Roumanie<\/strong> . Il est situ\u00e9 dans le massif de Postavaru (dans les Carpates du Sud), \u00e0 environ 1030 m\u00e8tres au-dessus du niveau de la mer, et est entour\u00e9 de quatre montagnes : Postavaru (1799 m.), Piatra Craiului (2238 m.), Bucegi (2505 m.) et Piatra Mare (1848 m.) <\/p>\n<p>.<\/p>\n<p><img decoding=\"async\" src=\"https:\/\/roadtoromania.com\/wp-content\/uploads\/2022\/10\/esqui-rumania-poiana.jpg\" \/>La station de ski de Poiana, l&#8217;une des plus c\u00e9l\u00e8bres de Roumanie.<\/p>\n<p>\nLa station de ski de Poiana Brasov a un climat continental, avec une temp\u00e9rature moyenne de 5\u00b0C, et la neige dure environ 120 jours par an. La station a accueilli <strong>divers \u00e9v\u00e9nements de sports d&#8217;hiver<\/strong> , et c&#8217;est aujourd&#8217;hui un important centre touristique international avec 12 pistes de ski, un funiculaire, des piscines, des saunas, des h\u00f4tels de luxe et plusieurs restaurants <\/p>\n<p>.<\/p>\n<p>\n <strong>En \u00e9t\u00e9<\/strong> , c&#8217;est un endroit id\u00e9al pour <strong>faire des randonn\u00e9es dans les montagnes du sud des Carpates<\/strong> , un vrai spectacle. Si vous voulez profiter d&#8217;une vue panoramique sur Brasov et les montagnes Bucegi plus lointaines, vous pouvez prendre le t\u00e9l\u00e9ph\u00e9rique jusqu&#8217;au sommet de la montagne Postavarul.<\/p>\n<p>\nDes c\u00e9l\u00e9brit\u00e9s hollywoodiennes telles que Jude Law et Nicole Kidman se sont repos\u00e9es au centre de vill\u00e9giature Poiana Brasov apr\u00e8s avoir tourn\u00e9 le film Cold Mountain d&#8217;Anthony Minghella, qui a \u00e9t\u00e9 tourn\u00e9 en Roumanie.<\/p>\n<p>\nLa Provence propose <a href=\"https:\/\/roadtoromania.com\/fr\/location-de-voitures-en-roumanie\/\">la location de voitures<\/a> et <a href=\"https:\/\/roadtoromania.com\/fr\/hebergement-en-roumanie\/\">l&#8217;h\u00e9bergement en h\u00f4tel<\/a> \u00e0 Poiana Brasov.<\/p>\n<p>\n<a href=\"https:\/\/roadtoromania.com\/fr\/cartes-de-la-roumanie\/carte-de-poiana-brasov-station-de-ski\/\">Carte et plan de Poiana Brasov et de sa station de ski<\/a> <\/p><\/p>\n","protected":false},"excerpt":{"rendered":"<p>La station de ski de Poiana Brasov est situ\u00e9e \u00e0 12 kilom\u00e8tres de Brasov , \u00e0 environ 15 minutes en voiture ou une demi-heure en bus, et pendant les mois d&#8217;hiver, elle est visit\u00e9e par des milliers de touristes, car elle offre certaines des meilleures conditions de ski de Roumanie . Il est situ\u00e9 dans &hellip;<\/p>\n<p class=\"read-more\"> <a class=\"\" href=\"https:\/\/roadtoromania.com\/fr\/nature-de-la-roumanie\/station-de-ski-de-poiana-brasov\/\"> <span class=\"screen-reader-text\">Station de ski de Poiana Brasov<\/span> Lire la suite \u00bb<\/a><\/p>\n","protected":false},"author":1,"featured_media":1760,"parent":3211,"menu_order":0,"comment_status":"open","ping_status":"open","template":"","meta":{"site-sidebar-layout":"default","site-content-layout":"default","ast-global-header-display":"","ast-main-header-display":"","ast-hfb-above-header-display":"","ast-hfb-below-header-display":"","ast-hfb-mobile-header-display":"","site-post-title":"","ast-breadcrumbs-content":"","ast-featured-img":"","footer-sml-layout":"","theme-transparent-header-meta":"","adv-header-id-meta":"","stick-header-meta":"","header-above-stick-meta":"","header-main-stick-meta":"","header-below-stick-meta":"","footnotes":""},"class_list":["post-3215","page","type-page","status-publish","has-post-thumbnail","hentry"],"yoast_head":"<!-- This site is optimized with the Yoast SEO plugin v19.10 - https:\/\/yoast.com\/wordpress\/plugins\/seo\/ -->\n<title>Station de ski de Poiana Brasov - Road to Romania<\/title>\n<meta name=\"robots\" content=\"index, follow, max-snippet:-1, max-image-preview:large, max-video-preview:-1\" \/>\n<link rel=\"canonical\" href=\"https:\/\/roadtoromania.com\/fr\/nature-de-la-roumanie\/station-de-ski-de-poiana-brasov\/\" \/>\n<meta property=\"og:locale\" content=\"fr_FR\" \/>\n<meta property=\"og:type\" content=\"article\" \/>\n<meta property=\"og:title\" content=\"Station de ski de Poiana Brasov - Road to Romania\" \/>\n<meta property=\"og:description\" content=\"La station de ski de Poiana Brasov est situ\u00e9e \u00e0 12 kilom\u00e8tres de Brasov , \u00e0 environ 15 minutes en voiture ou une demi-heure en bus, et pendant les mois d&#8217;hiver, elle est visit\u00e9e par des milliers de touristes, car elle offre certaines des meilleures conditions de ski de Roumanie . Il est situ\u00e9 dans &hellip; Station de ski de Poiana Brasov Lire la suite \u00bb\" \/>\n<meta property=\"og:url\" content=\"https:\/\/roadtoromania.com\/fr\/nature-de-la-roumanie\/station-de-ski-de-poiana-brasov\/\" \/>\n<meta property=\"og:site_name\" content=\"Road to Romania\" \/>\n<meta property=\"article:modified_time\" content=\"2022-10-18T14:52:31+00:00\" \/>\n<meta property=\"og:image\" content=\"https:\/\/roadtoromania.com\/wp-content\/uploads\/2022\/10\/esqui-rumania-poiana-2.jpg\" \/>\n\t<meta property=\"og:image:width\" content=\"640\" \/>\n\t<meta property=\"og:image:height\" content=\"640\" \/>\n\t<meta property=\"og:image:type\" content=\"image\/jpeg\" \/>\n<meta name=\"twitter:card\" content=\"summary_large_image\" \/>\n<meta name=\"twitter:label1\" content=\"Dur\u00e9e de lecture estim\u00e9e\" \/>\n\t<meta name=\"twitter:data1\" content=\"1 minute\" \/>\n<script type=\"application\/ld+json\" class=\"yoast-schema-graph\">{\"@context\":\"https:\/\/schema.org\",\"@graph\":[{\"@type\":\"WebPage\",\"@id\":\"https:\/\/roadtoromania.com\/fr\/nature-de-la-roumanie\/station-de-ski-de-poiana-brasov\/\",\"url\":\"https:\/\/roadtoromania.com\/fr\/nature-de-la-roumanie\/station-de-ski-de-poiana-brasov\/\",\"name\":\"Station de ski de Poiana Brasov - Road to Romania\",\"isPartOf\":{\"@id\":\"https:\/\/roadtoromania.com\/fr\/#website\"},\"datePublished\":\"2022-10-15T18:40:18+00:00\",\"dateModified\":\"2022-10-18T14:52:31+00:00\",\"breadcrumb\":{\"@id\":\"https:\/\/roadtoromania.com\/fr\/nature-de-la-roumanie\/station-de-ski-de-poiana-brasov\/#breadcrumb\"},\"inLanguage\":\"fr-FR\",\"potentialAction\":[{\"@type\":\"ReadAction\",\"target\":[\"https:\/\/roadtoromania.com\/fr\/nature-de-la-roumanie\/station-de-ski-de-poiana-brasov\/\"]}]},{\"@type\":\"BreadcrumbList\",\"@id\":\"https:\/\/roadtoromania.com\/fr\/nature-de-la-roumanie\/station-de-ski-de-poiana-brasov\/#breadcrumb\",\"itemListElement\":[{\"@type\":\"ListItem\",\"position\":1,\"name\":\"Home\",\"item\":\"https:\/\/roadtoromania.com\/fr\/\"},{\"@type\":\"ListItem\",\"position\":2,\"name\":\"Nature de la Roumanie\",\"item\":\"https:\/\/roadtoromania.com\/fr\/nature-de-la-roumanie\/\"},{\"@type\":\"ListItem\",\"position\":3,\"name\":\"Station de ski de Poiana Brasov\"}]},{\"@type\":\"WebSite\",\"@id\":\"https:\/\/roadtoromania.com\/fr\/#website\",\"url\":\"https:\/\/roadtoromania.com\/fr\/\",\"name\":\"Road to Romania\",\"description\":\"Le blog o\u00f9 vous trouverez toutes les informations dont vous avez besoin pour profiter de la Roumanie.\",\"potentialAction\":[{\"@type\":\"SearchAction\",\"target\":{\"@type\":\"EntryPoint\",\"urlTemplate\":\"https:\/\/roadtoromania.com\/fr\/?s={search_term_string}\"},\"query-input\":\"required name=search_term_string\"}],\"inLanguage\":\"fr-FR\"}]}<\/script>\n<!-- \/ Yoast SEO plugin. -->","yoast_head_json":{"title":"Station de ski de Poiana Brasov - Road to Romania","robots":{"index":"index","follow":"follow","max-snippet":"max-snippet:-1","max-image-preview":"max-image-preview:large","max-video-preview":"max-video-preview:-1"},"canonical":"https:\/\/roadtoromania.com\/fr\/nature-de-la-roumanie\/station-de-ski-de-poiana-brasov\/","og_locale":"fr_FR","og_type":"article","og_title":"Station de ski de Poiana Brasov - Road to Romania","og_description":"La station de ski de Poiana Brasov est situ\u00e9e \u00e0 12 kilom\u00e8tres de Brasov , \u00e0 environ 15 minutes en voiture ou une demi-heure en bus, et pendant les mois d&#8217;hiver, elle est visit\u00e9e par des milliers de touristes, car elle offre certaines des meilleures conditions de ski de Roumanie . Il est situ\u00e9 dans &hellip; Station de ski de Poiana Brasov Lire la suite \u00bb","og_url":"https:\/\/roadtoromania.com\/fr\/nature-de-la-roumanie\/station-de-ski-de-poiana-brasov\/","og_site_name":"Road to Romania","article_modified_time":"2022-10-18T14:52:31+00:00","og_image":[{"width":640,"height":640,"url":"https:\/\/roadtoromania.com\/wp-content\/uploads\/2022\/10\/esqui-rumania-poiana-2.jpg","type":"image\/jpeg"}],"twitter_card":"summary_large_image","twitter_misc":{"Dur\u00e9e de lecture estim\u00e9e":"1 minute"},"schema":{"@context":"https:\/\/schema.org","@graph":[{"@type":"WebPage","@id":"https:\/\/roadtoromania.com\/fr\/nature-de-la-roumanie\/station-de-ski-de-poiana-brasov\/","url":"https:\/\/roadtoromania.com\/fr\/nature-de-la-roumanie\/station-de-ski-de-poiana-brasov\/","name":"Station de ski de Poiana Brasov - Road to Romania","isPartOf":{"@id":"https:\/\/roadtoromania.com\/fr\/#website"},"datePublished":"2022-10-15T18:40:18+00:00","dateModified":"2022-10-18T14:52:31+00:00","breadcrumb":{"@id":"https:\/\/roadtoromania.com\/fr\/nature-de-la-roumanie\/station-de-ski-de-poiana-brasov\/#breadcrumb"},"inLanguage":"fr-FR","potentialAction":[{"@type":"ReadAction","target":["https:\/\/roadtoromania.com\/fr\/nature-de-la-roumanie\/station-de-ski-de-poiana-brasov\/"]}]},{"@type":"BreadcrumbList","@id":"https:\/\/roadtoromania.com\/fr\/nature-de-la-roumanie\/station-de-ski-de-poiana-brasov\/#breadcrumb","itemListElement":[{"@type":"ListItem","position":1,"name":"Home","item":"https:\/\/roadtoromania.com\/fr\/"},{"@type":"ListItem","position":2,"name":"Nature de la Roumanie","item":"https:\/\/roadtoromania.com\/fr\/nature-de-la-roumanie\/"},{"@type":"ListItem","position":3,"name":"Station de ski de Poiana Brasov"}]},{"@type":"WebSite","@id":"https:\/\/roadtoromania.com\/fr\/#website","url":"https:\/\/roadtoromania.com\/fr\/","name":"Road to Romania","description":"Le blog o\u00f9 vous trouverez toutes les informations dont vous avez besoin pour profiter de la Roumanie.","potentialAction":[{"@type":"SearchAction","target":{"@type":"EntryPoint","urlTemplate":"https:\/\/roadtoromania.com\/fr\/?s={search_term_string}"},"query-input":"required name=search_term_string"}],"inLanguage":"fr-FR"}]}},"_links":{"self":[{"href":"https:\/\/roadtoromania.com\/fr\/wp-json\/wp\/v2\/pages\/3215","targetHints":{"allow":["GET"]}}],"collection":[{"href":"https:\/\/roadtoromania.com\/fr\/wp-json\/wp\/v2\/pages"}],"about":[{"href":"https:\/\/roadtoromania.com\/fr\/wp-json\/wp\/v2\/types\/page"}],"author":[{"embeddable":true,"href":"https:\/\/roadtoromania.com\/fr\/wp-json\/wp\/v2\/users\/1"}],"replies":[{"embeddable":true,"href":"https:\/\/roadtoromania.com\/fr\/wp-json\/wp\/v2\/comments?post=3215"}],"version-history":[{"count":0,"href":"https:\/\/roadtoromania.com\/fr\/wp-json\/wp\/v2\/pages\/3215\/revisions"}],"up":[{"embeddable":true,"href":"https:\/\/roadtoromania.com\/fr\/wp-json\/wp\/v2\/pages\/3211"}],"wp:featuredmedia":[{"embeddable":true,"href":"https:\/\/roadtoromania.com\/fr\/wp-json\/wp\/v2\/media\/1760"}],"wp:attachment":[{"href":"https:\/\/roadtoromania.com\/fr\/wp-json\/wp\/v2\/media?parent=3215"}],"curies":[{"name":"wp","href":"https:\/\/api.w.org\/{rel}","templated":true}]}}