{"id":3218,"date":"2022-10-15T18:40:18","date_gmt":"2022-10-15T18:40:18","guid":{"rendered":"https:\/\/roadtoromania.com\/nature-de-la-roumanie\/les-carpates\/"},"modified":"2022-10-18T14:52:31","modified_gmt":"2022-10-18T14:52:31","slug":"les-carpates","status":"publish","type":"page","link":"https:\/\/roadtoromania.com\/fr\/nature-de-la-roumanie\/les-carpates\/","title":{"rendered":"Les Carpates"},"content":{"rendered":"<p><a href=\"https:\/\/roadtoromania.com\/wp-content\/uploads\/2022\/10\/carpatos-rumania-montan%CC%83as.jpg\"><img decoding=\"async\" src=\"https:\/\/roadtoromania.com\/wp-content\/uploads\/2022\/10\/carpatos-rumania-montan%CC%83as.jpg\" \/><\/a> La cha\u00eene de montagnes des Carpates vue du ciel. Photo du maquereau d&#8217;espe.<\/p>\n<p>\nLa cha\u00eene de montagnes des Carpates <strong>divise la Roumanie du nord au sud et du centre \u00e0 l&#8217;ouest. Elle forme une sorte d&#8217;arc qui s\u00e9pare la Transylvanie du reste du pays. Ces montagnes poss\u00e8dent une richesse culturelle et naturelle qui en fait l&#8217;un des endroits les plus recommand\u00e9s pour voyager en Roumanie.<\/p>\n<p>\nLes Carpates sont le d\u00e9cor id\u00e9al pour trouver des villages sur leurs pentes, des cols entre les montagnes avec des gorges et des lacs alpins, et bien s\u00fbr pour effectuer des excursions dans la nature avec des activit\u00e9s sportives telles que l&#8217;escalade, le trekking, le VTT&#8230;<\/p>\n<p>\nDe plus, ses sommets sont remplis de neige en hiver, offrant un tableau d&#8217;une blancheur \u00e9blouissante. Cette carte montre la r\u00e9gion des Carpates en Roumanie.<\/p>\n<p><a href=\"https:\/\/roadtoromania.com\/wp-content\/uploads\/2022\/10\/mapa_carpatos_rumania.jpg\"><img decoding=\"async\" src=\"https:\/\/roadtoromania.com\/wp-content\/uploads\/2022\/10\/mapa_carpatos_rumania.jpg\" \/><\/a> Carte des montagnes des Carpates en Roumanie<\/p>\n","protected":false},"excerpt":{"rendered":"<p>La cha\u00eene de montagnes des Carpates vue du ciel. Photo du maquereau d&#8217;espe. La cha\u00eene de montagnes des Carpates divise la Roumanie du nord au sud et du centre \u00e0 l&#8217;ouest. Elle forme une sorte d&#8217;arc qui s\u00e9pare la Transylvanie du reste du pays. Ces montagnes poss\u00e8dent une richesse culturelle et naturelle qui en fait &hellip;<\/p>\n<p class=\"read-more\"> <a class=\"\" href=\"https:\/\/roadtoromania.com\/fr\/nature-de-la-roumanie\/les-carpates\/\"> <span class=\"screen-reader-text\">Les Carpates<\/span> Lire la suite \u00bb<\/a><\/p>\n","protected":false},"author":1,"featured_media":2085,"parent":3211,"menu_order":0,"comment_status":"open","ping_status":"open","template":"","meta":{"site-sidebar-layout":"default","site-content-layout":"default","ast-global-header-display":"","ast-main-header-display":"","ast-hfb-above-header-display":"","ast-hfb-below-header-display":"","ast-hfb-mobile-header-display":"","site-post-title":"","ast-breadcrumbs-content":"","ast-featured-img":"","footer-sml-layout":"","theme-transparent-header-meta":"","adv-header-id-meta":"","stick-header-meta":"","header-above-stick-meta":"","header-main-stick-meta":"","header-below-stick-meta":"","footnotes":""},"class_list":["post-3218","page","type-page","status-publish","has-post-thumbnail","hentry"],"yoast_head":"<!-- This site is optimized with the Yoast SEO plugin v19.10 - https:\/\/yoast.com\/wordpress\/plugins\/seo\/ -->\n<title>Les Carpates - Road to Romania<\/title>\n<meta name=\"robots\" content=\"index, follow, max-snippet:-1, max-image-preview:large, max-video-preview:-1\" \/>\n<link rel=\"canonical\" href=\"https:\/\/roadtoromania.com\/fr\/nature-de-la-roumanie\/les-carpates\/\" \/>\n<meta property=\"og:locale\" content=\"fr_FR\" \/>\n<meta property=\"og:type\" content=\"article\" \/>\n<meta property=\"og:title\" content=\"Les Carpates - Road to Romania\" \/>\n<meta property=\"og:description\" content=\"La cha\u00eene de montagnes des Carpates vue du ciel. Photo du maquereau d&#8217;espe. La cha\u00eene de montagnes des Carpates divise la Roumanie du nord au sud et du centre \u00e0 l&#8217;ouest. Elle forme une sorte d&#8217;arc qui s\u00e9pare la Transylvanie du reste du pays. Ces montagnes poss\u00e8dent une richesse culturelle et naturelle qui en fait &hellip; Les Carpates Lire la suite \u00bb\" \/>\n<meta property=\"og:url\" content=\"https:\/\/roadtoromania.com\/fr\/nature-de-la-roumanie\/les-carpates\/\" \/>\n<meta property=\"og:site_name\" content=\"Road to Romania\" \/>\n<meta property=\"article:modified_time\" content=\"2022-10-18T14:52:31+00:00\" \/>\n<meta property=\"og:image\" content=\"https:\/\/roadtoromania.com\/wp-content\/uploads\/2022\/10\/carpatos-rumania-montan\u0303as-2.jpg\" \/>\n\t<meta property=\"og:image:width\" content=\"768\" \/>\n\t<meta property=\"og:image:height\" content=\"547\" \/>\n\t<meta property=\"og:image:type\" content=\"image\/jpeg\" \/>\n<meta name=\"twitter:card\" content=\"summary_large_image\" \/>\n<meta name=\"twitter:label1\" content=\"Dur\u00e9e de lecture estim\u00e9e\" \/>\n\t<meta name=\"twitter:data1\" content=\"1 minute\" \/>\n<script type=\"application\/ld+json\" class=\"yoast-schema-graph\">{\"@context\":\"https:\/\/schema.org\",\"@graph\":[{\"@type\":\"WebPage\",\"@id\":\"https:\/\/roadtoromania.com\/fr\/nature-de-la-roumanie\/les-carpates\/\",\"url\":\"https:\/\/roadtoromania.com\/fr\/nature-de-la-roumanie\/les-carpates\/\",\"name\":\"Les Carpates - Road to Romania\",\"isPartOf\":{\"@id\":\"https:\/\/roadtoromania.com\/fr\/#website\"},\"datePublished\":\"2022-10-15T18:40:18+00:00\",\"dateModified\":\"2022-10-18T14:52:31+00:00\",\"breadcrumb\":{\"@id\":\"https:\/\/roadtoromania.com\/fr\/nature-de-la-roumanie\/les-carpates\/#breadcrumb\"},\"inLanguage\":\"fr-FR\",\"potentialAction\":[{\"@type\":\"ReadAction\",\"target\":[\"https:\/\/roadtoromania.com\/fr\/nature-de-la-roumanie\/les-carpates\/\"]}]},{\"@type\":\"BreadcrumbList\",\"@id\":\"https:\/\/roadtoromania.com\/fr\/nature-de-la-roumanie\/les-carpates\/#breadcrumb\",\"itemListElement\":[{\"@type\":\"ListItem\",\"position\":1,\"name\":\"Home\",\"item\":\"https:\/\/roadtoromania.com\/fr\/\"},{\"@type\":\"ListItem\",\"position\":2,\"name\":\"Nature de la Roumanie\",\"item\":\"https:\/\/roadtoromania.com\/fr\/nature-de-la-roumanie\/\"},{\"@type\":\"ListItem\",\"position\":3,\"name\":\"Les Carpates\"}]},{\"@type\":\"WebSite\",\"@id\":\"https:\/\/roadtoromania.com\/fr\/#website\",\"url\":\"https:\/\/roadtoromania.com\/fr\/\",\"name\":\"Road to Romania\",\"description\":\"Le blog o\u00f9 vous trouverez toutes les informations dont vous avez besoin pour profiter de la Roumanie.\",\"potentialAction\":[{\"@type\":\"SearchAction\",\"target\":{\"@type\":\"EntryPoint\",\"urlTemplate\":\"https:\/\/roadtoromania.com\/fr\/?s={search_term_string}\"},\"query-input\":\"required name=search_term_string\"}],\"inLanguage\":\"fr-FR\"}]}<\/script>\n<!-- \/ Yoast SEO plugin. -->","yoast_head_json":{"title":"Les Carpates - Road to Romania","robots":{"index":"index","follow":"follow","max-snippet":"max-snippet:-1","max-image-preview":"max-image-preview:large","max-video-preview":"max-video-preview:-1"},"canonical":"https:\/\/roadtoromania.com\/fr\/nature-de-la-roumanie\/les-carpates\/","og_locale":"fr_FR","og_type":"article","og_title":"Les Carpates - Road to Romania","og_description":"La cha\u00eene de montagnes des Carpates vue du ciel. Photo du maquereau d&#8217;espe. La cha\u00eene de montagnes des Carpates divise la Roumanie du nord au sud et du centre \u00e0 l&#8217;ouest. Elle forme une sorte d&#8217;arc qui s\u00e9pare la Transylvanie du reste du pays. Ces montagnes poss\u00e8dent une richesse culturelle et naturelle qui en fait &hellip; Les Carpates Lire la suite \u00bb","og_url":"https:\/\/roadtoromania.com\/fr\/nature-de-la-roumanie\/les-carpates\/","og_site_name":"Road to Romania","article_modified_time":"2022-10-18T14:52:31+00:00","og_image":[{"width":768,"height":547,"url":"https:\/\/roadtoromania.com\/wp-content\/uploads\/2022\/10\/carpatos-rumania-montan\u0303as-2.jpg","type":"image\/jpeg"}],"twitter_card":"summary_large_image","twitter_misc":{"Dur\u00e9e de lecture estim\u00e9e":"1 minute"},"schema":{"@context":"https:\/\/schema.org","@graph":[{"@type":"WebPage","@id":"https:\/\/roadtoromania.com\/fr\/nature-de-la-roumanie\/les-carpates\/","url":"https:\/\/roadtoromania.com\/fr\/nature-de-la-roumanie\/les-carpates\/","name":"Les Carpates - Road to Romania","isPartOf":{"@id":"https:\/\/roadtoromania.com\/fr\/#website"},"datePublished":"2022-10-15T18:40:18+00:00","dateModified":"2022-10-18T14:52:31+00:00","breadcrumb":{"@id":"https:\/\/roadtoromania.com\/fr\/nature-de-la-roumanie\/les-carpates\/#breadcrumb"},"inLanguage":"fr-FR","potentialAction":[{"@type":"ReadAction","target":["https:\/\/roadtoromania.com\/fr\/nature-de-la-roumanie\/les-carpates\/"]}]},{"@type":"BreadcrumbList","@id":"https:\/\/roadtoromania.com\/fr\/nature-de-la-roumanie\/les-carpates\/#breadcrumb","itemListElement":[{"@type":"ListItem","position":1,"name":"Home","item":"https:\/\/roadtoromania.com\/fr\/"},{"@type":"ListItem","position":2,"name":"Nature de la Roumanie","item":"https:\/\/roadtoromania.com\/fr\/nature-de-la-roumanie\/"},{"@type":"ListItem","position":3,"name":"Les Carpates"}]},{"@type":"WebSite","@id":"https:\/\/roadtoromania.com\/fr\/#website","url":"https:\/\/roadtoromania.com\/fr\/","name":"Road to Romania","description":"Le blog o\u00f9 vous trouverez toutes les informations dont vous avez besoin pour profiter de la Roumanie.","potentialAction":[{"@type":"SearchAction","target":{"@type":"EntryPoint","urlTemplate":"https:\/\/roadtoromania.com\/fr\/?s={search_term_string}"},"query-input":"required name=search_term_string"}],"inLanguage":"fr-FR"}]}},"_links":{"self":[{"href":"https:\/\/roadtoromania.com\/fr\/wp-json\/wp\/v2\/pages\/3218","targetHints":{"allow":["GET"]}}],"collection":[{"href":"https:\/\/roadtoromania.com\/fr\/wp-json\/wp\/v2\/pages"}],"about":[{"href":"https:\/\/roadtoromania.com\/fr\/wp-json\/wp\/v2\/types\/page"}],"author":[{"embeddable":true,"href":"https:\/\/roadtoromania.com\/fr\/wp-json\/wp\/v2\/users\/1"}],"replies":[{"embeddable":true,"href":"https:\/\/roadtoromania.com\/fr\/wp-json\/wp\/v2\/comments?post=3218"}],"version-history":[{"count":0,"href":"https:\/\/roadtoromania.com\/fr\/wp-json\/wp\/v2\/pages\/3218\/revisions"}],"up":[{"embeddable":true,"href":"https:\/\/roadtoromania.com\/fr\/wp-json\/wp\/v2\/pages\/3211"}],"wp:featuredmedia":[{"embeddable":true,"href":"https:\/\/roadtoromania.com\/fr\/wp-json\/wp\/v2\/media\/2085"}],"wp:attachment":[{"href":"https:\/\/roadtoromania.com\/fr\/wp-json\/wp\/v2\/media?parent=3218"}],"curies":[{"name":"wp","href":"https:\/\/api.w.org\/{rel}","templated":true}]}}