{"id":3220,"date":"2022-10-15T18:40:18","date_gmt":"2022-10-15T18:40:18","guid":{"rendered":"https:\/\/roadtoromania.com\/que-voir-et-faire-en-roumanie\/"},"modified":"2022-10-18T15:18:09","modified_gmt":"2022-10-18T15:18:09","slug":"que-voir-et-faire-en-roumanie","status":"publish","type":"page","link":"https:\/\/roadtoromania.com\/fr\/que-voir-et-faire-en-roumanie\/","title":{"rendered":"Que voir et faire en Roumanie"},"content":{"rendered":"<p><a href=\"https:\/\/roadtoromania.com\/wp-content\/uploads\/2022\/10\/esqui-rumania-poiana.jpg\"><img decoding=\"async\" src=\"https:\/\/roadtoromania.com\/wp-content\/uploads\/2022\/10\/esqui-rumania-poiana.jpg\" \/><\/a> La gare de Poiana Brasov, la plus c\u00e9l\u00e8bre de Roumanie.<\/p>\n<p><strong><a href=\"https:\/\/roadtoromania.com\/fr\/nature-de-la-roumanie\/\">la nature<\/a> <\/strong> est la premi\u00e8re source d&#8217;inspiration et d&#8217;action en Roumanie. Les <strong><a href=\"https:\/\/roadtoromania.com\/fr\/nature-de-la-roumanie\/les-carpates\/\">Carpates<\/a> <\/strong> poss\u00e8dent plusieurs stations de ski o\u00f9 tous les sports de neige peuvent \u00eatre pratiqu\u00e9s.<\/p>\n<div id=\"toc_container\" class=\"no_bullets\"><p class=\"toc_title\">Contents<\/p><ul class=\"toc_list\"><li><a href=\"#Le_ski_en_Roumanie\"><span class=\"toc_number toc_depth_1\">1<\/span> Le ski en Roumanie.<\/a><\/li><li><a href=\"#Relax\"><span class=\"toc_number toc_depth_1\">2<\/span> Relax<\/a><\/li><li><a href=\"#Visites_guidees_et_activites_en_Roumanie\"><span class=\"toc_number toc_depth_1\">3<\/span> Visites guid\u00e9es et activit\u00e9s en Roumanie<\/a><\/li><li><a href=\"#Histoire_et_monuments\"><span class=\"toc_number toc_depth_1\">4<\/span> Histoire et monuments<\/a><\/li><\/ul><\/div>\n<h2><span id=\"Le_ski_en_Roumanie\"><strong>Le ski en Roumanie.<\/strong><\/span><\/h2>\n<p><strong><a href=\"https:\/\/roadtoromania.com\/fr\/nature-de-la-roumanie\/station-de-ski-de-poiana-brasov\/\">Poiana Brasov<\/a> <\/strong> est la station la plus connue des Carpates mais il y en a d&#8217;autres comme Borsa ou Fantanele dans le Maramures, Arieseni dans l&#8217;Apuseni ; Azuga dans la vall\u00e9e de Prahova et Durau dans Calimani\/Harghita. Les stations roumaines ne sont pas tr\u00e8s connues, mais elles b\u00e9n\u00e9ficient d&#8217;un environnement naturel spectaculaire et sont moins fr\u00e9quent\u00e9es que les stations alpines ou pyr\u00e9n\u00e9ennes.<\/p>\n<p><strong>Activit\u00e9s de randonn\u00e9e et de trekking<\/strong><\/p>\n<p>Une fois de plus, la g\u00e9ographie de la Roumanie <a href=\"https:\/\/roadtoromania.com\/fr\/geographie-de-la-roumanie\/\"> , ses vall\u00e9es, ses montagnes et ses plaines permettent toutes sortes de circuits et d&#8217;itin\u00e9raires, la plupart non d\u00e9couverts.<\/a><\/p>\n<p>V\u00e9lo de montagne<\/p>\n<p>Les circuits VTT recherchent l&#8217;originalit\u00e9 et l&#8217;authenticit\u00e9, la Roumanie poss\u00e8de tout cela, c&#8217;est pourquoi de plus en plus de circuits VTT traversent ou passent par la Roumanie.<\/p>\n<h2><span id=\"Relax\"><strong>Relax<\/strong><\/span><\/h2>\n<p>En Roumanie, comme en Hongrie, les stations thermales sont tr\u00e8s populaires, o\u00f9, en plus de se divertir, on peut b\u00e9n\u00e9ficier de th\u00e9rapies et de traitements de bien-\u00eatre pour le corps. La plus importante du pays est celle de <strong>Baile Felix<\/strong> , tr\u00e8s proche de <a href=\"https:\/\/roadtoromania.com\/fr\/villes-et-regions-de-roumanie\/oradea\/\"> <strong>Oradea<\/strong><\/a> , dans l&#8217;ouest du pays. Il existe \u00e9galement des traitements d&#8217;haloth\u00e9rapie dans les <a href=\"https:\/\/roadtoromania.com\/fr\/mine-de-sel-de-turda\/\"> <strong>Turda Salt Pans<\/strong><\/a> , la mine de sel historique de Transylvanie.<\/p>\n<p>Cano\u00eb, kayak, canyoning, rafting, rivi\u00e8res<\/p>\n<p>Le Danube est le grand fleuve mais pas le seul. Le cano\u00eb, le canyoning et les sports d&#8217;aventure sont de plus en plus populaires et certaines entreprises organisent ce type de voyages et de circuits.<\/p>\n<p>Exp\u00e9riences uniques en Roumanie<\/p>\n<p>Aimeriez-vous <strong>survoler en h\u00e9licopt\u00e8re le ch\u00e2teau de Bran<\/strong> (le ch\u00e2teau de Dracula), Brasov ou le palais de Peles ? une croisi\u00e8re le long du delta du Danube, ou la d\u00e9gustation de ses vins exquis&#8230;<\/p>\n<h2><span id=\"Visites_guidees_et_activites_en_Roumanie\"><strong>Visites guid\u00e9es et activit\u00e9s en Roumanie<\/strong><\/span><\/h2>\n<p>Des excursions pour tous les go\u00fbts, avec des d\u00e9parts de Bucarest <strong>pour voir toute la Roumanie, notamment la Transylvanie.<\/strong><\/p>\n<p>Festivals et traditions en Roumanie<\/p>\n<p>La Roumanie est un pays festif et joyeux, o\u00f9 les c\u00e9l\u00e9brations telles que la <a href=\"https:\/\/roadtoromania.com\/fr\/festival-de-martisor\/\"> <strong>f\u00eate du printemps sont v\u00e9cues avec passion : Martisor<\/strong><\/a> , <a href=\"https:\/\/roadtoromania.com\/fr\/carnavals-en-roumanie\/\"> <strong>Carnavals<\/strong><\/a> , <a href=\"https:\/\/roadtoromania.com\/fr\/paques-en-roumanie\/\"> <strong>P\u00e2ques<\/strong><\/a> ou les foires gastronomiques que nous trouverons dans tout le pays.<\/p>\n<h2><span id=\"Histoire_et_monuments\"><strong>Histoire et<\/strong> <b>monuments<\/b><\/span><\/h2>\n<p>Avec un pass\u00e9 si riche en histoires et en mythes, les routes \u00e0 travers les monast\u00e8res de Moldavie et de Bucovine, le circuit des <strong><a href=\"https:\/\/roadtoromania.com\/fr\/monuments-de-la-roumanie-que-voir-en-roumanie\/chateaux-en-roumanie\/\">ch\u00e2teaux<\/a> <\/strong> , ou les \u00e9glises du <strong><a href=\"https:\/\/roadtoromania.com\/fr\/villes-et-regions-de-roumanie\/region-du-maramures\/\">Maramures<\/a> <\/strong> , constituent le compl\u00e9ment parfait de la r\u00e9gion la plus c\u00e9l\u00e8bre de Roumanie, la <strong><a href=\"https:\/\/roadtoromania.com\/fr\/villes-et-regions-de-roumanie\/transylvanie\/\">Transylvanie<\/a> <\/strong> .<\/p>\n<p><a href=\"https:\/\/roadtoromania.com\/wp-content\/uploads\/2022\/10\/comida-rumania-ruta.jpg\"><img decoding=\"async\" src=\"data:image\/gif;base64,R0lGODdhAQABAPAAAMPDwwAAACwAAAAAAQABAAACAkQBADs=\" \/><\/a> Le Bulz, boules de polenta grill\u00e9es. Savoureux !<\/p>\n<p>Une autre activit\u00e9 typique est la croisi\u00e8re fluviale , cette fois principalement le long des c\u00f4tes du Danube et de la mer Noire.<\/p>\n<p>Routes gastronomiques<\/p>\n<p>La richesse de la gastronomie, des vins et des spiritueux de la Roumanie est de plus en plus connue. Ces activit\u00e9s sont de plus en plus populaires et recherch\u00e9es par les touristes. Les voyageurs peuvent enfin go\u00fbter \u00e0 la richesse de l&#8217;artisanat, de la production alimentaire et des boissons typiques. Une activit\u00e9 de plus pour profiter pleinement de la Roumanie.<\/p>\n","protected":false},"excerpt":{"rendered":"<p>La gare de Poiana Brasov, la plus c\u00e9l\u00e8bre de Roumanie. la nature est la premi\u00e8re source d&#8217;inspiration et d&#8217;action en Roumanie. Les Carpates poss\u00e8dent plusieurs stations de ski o\u00f9 tous les sports de neige peuvent \u00eatre pratiqu\u00e9s. Contents1 Le ski en Roumanie.2 Relax3 Visites guid\u00e9es et activit\u00e9s en Roumanie4 Histoire et monuments Le ski en &hellip;<\/p>\n<p class=\"read-more\"> <a class=\"\" href=\"https:\/\/roadtoromania.com\/fr\/que-voir-et-faire-en-roumanie\/\"> <span class=\"screen-reader-text\">Que voir et faire en Roumanie<\/span> Lire la suite \u00bb<\/a><\/p>\n","protected":false},"author":1,"featured_media":1806,"parent":0,"menu_order":0,"comment_status":"open","ping_status":"open","template":"","meta":{"site-sidebar-layout":"default","site-content-layout":"default","ast-global-header-display":"","ast-main-header-display":"","ast-hfb-above-header-display":"","ast-hfb-below-header-display":"","ast-hfb-mobile-header-display":"","site-post-title":"","ast-breadcrumbs-content":"","ast-featured-img":"","footer-sml-layout":"","theme-transparent-header-meta":"default","adv-header-id-meta":"","stick-header-meta":"","header-above-stick-meta":"","header-main-stick-meta":"","header-below-stick-meta":"","footnotes":""},"class_list":["post-3220","page","type-page","status-publish","has-post-thumbnail","hentry"],"yoast_head":"<!-- This site is optimized with the Yoast SEO plugin v19.10 - https:\/\/yoast.com\/wordpress\/plugins\/seo\/ -->\n<title>Que voir et faire en Roumanie - Road to Romania<\/title>\n<meta name=\"robots\" content=\"index, follow, max-snippet:-1, max-image-preview:large, max-video-preview:-1\" \/>\n<link rel=\"canonical\" href=\"https:\/\/roadtoromania.com\/fr\/que-voir-et-faire-en-roumanie\/\" \/>\n<meta property=\"og:locale\" content=\"fr_FR\" \/>\n<meta property=\"og:type\" content=\"article\" \/>\n<meta property=\"og:title\" content=\"Que voir et faire en Roumanie - Road to Romania\" \/>\n<meta property=\"og:description\" content=\"La gare de Poiana Brasov, la plus c\u00e9l\u00e8bre de Roumanie. la nature est la premi\u00e8re source d&#8217;inspiration et d&#8217;action en Roumanie. Les Carpates poss\u00e8dent plusieurs stations de ski o\u00f9 tous les sports de neige peuvent \u00eatre pratiqu\u00e9s. Contents1 Le ski en Roumanie.2 Relax3 Visites guid\u00e9es et activit\u00e9s en Roumanie4 Histoire et monuments Le ski en &hellip; Que voir et faire en Roumanie Lire la suite \u00bb\" \/>\n<meta property=\"og:url\" content=\"https:\/\/roadtoromania.com\/fr\/que-voir-et-faire-en-roumanie\/\" \/>\n<meta property=\"og:site_name\" content=\"Road to Romania\" \/>\n<meta property=\"article:modified_time\" content=\"2022-10-18T15:18:09+00:00\" \/>\n<meta property=\"og:image\" content=\"https:\/\/roadtoromania.com\/wp-content\/uploads\/2022\/10\/esqui-rumania-poiana-1-1.jpg\" \/>\n\t<meta property=\"og:image:width\" content=\"634\" \/>\n\t<meta property=\"og:image:height\" content=\"423\" \/>\n\t<meta property=\"og:image:type\" content=\"image\/jpeg\" \/>\n<meta name=\"twitter:card\" content=\"summary_large_image\" \/>\n<meta name=\"twitter:label1\" content=\"Dur\u00e9e de lecture estim\u00e9e\" \/>\n\t<meta name=\"twitter:data1\" content=\"4 minutes\" \/>\n<script type=\"application\/ld+json\" class=\"yoast-schema-graph\">{\"@context\":\"https:\/\/schema.org\",\"@graph\":[{\"@type\":\"WebPage\",\"@id\":\"https:\/\/roadtoromania.com\/fr\/que-voir-et-faire-en-roumanie\/\",\"url\":\"https:\/\/roadtoromania.com\/fr\/que-voir-et-faire-en-roumanie\/\",\"name\":\"Que voir et faire en Roumanie - Road to Romania\",\"isPartOf\":{\"@id\":\"https:\/\/roadtoromania.com\/fr\/#website\"},\"datePublished\":\"2022-10-15T18:40:18+00:00\",\"dateModified\":\"2022-10-18T15:18:09+00:00\",\"breadcrumb\":{\"@id\":\"https:\/\/roadtoromania.com\/fr\/que-voir-et-faire-en-roumanie\/#breadcrumb\"},\"inLanguage\":\"fr-FR\",\"potentialAction\":[{\"@type\":\"ReadAction\",\"target\":[\"https:\/\/roadtoromania.com\/fr\/que-voir-et-faire-en-roumanie\/\"]}]},{\"@type\":\"BreadcrumbList\",\"@id\":\"https:\/\/roadtoromania.com\/fr\/que-voir-et-faire-en-roumanie\/#breadcrumb\",\"itemListElement\":[{\"@type\":\"ListItem\",\"position\":1,\"name\":\"Home\",\"item\":\"https:\/\/roadtoromania.com\/fr\/\"},{\"@type\":\"ListItem\",\"position\":2,\"name\":\"Que voir et faire en Roumanie\"}]},{\"@type\":\"WebSite\",\"@id\":\"https:\/\/roadtoromania.com\/fr\/#website\",\"url\":\"https:\/\/roadtoromania.com\/fr\/\",\"name\":\"Road to Romania\",\"description\":\"Le blog o\u00f9 vous trouverez toutes les informations dont vous avez besoin pour profiter de la Roumanie.\",\"potentialAction\":[{\"@type\":\"SearchAction\",\"target\":{\"@type\":\"EntryPoint\",\"urlTemplate\":\"https:\/\/roadtoromania.com\/fr\/?s={search_term_string}\"},\"query-input\":\"required name=search_term_string\"}],\"inLanguage\":\"fr-FR\"}]}<\/script>\n<!-- \/ Yoast SEO plugin. -->","yoast_head_json":{"title":"Que voir et faire en Roumanie - Road to Romania","robots":{"index":"index","follow":"follow","max-snippet":"max-snippet:-1","max-image-preview":"max-image-preview:large","max-video-preview":"max-video-preview:-1"},"canonical":"https:\/\/roadtoromania.com\/fr\/que-voir-et-faire-en-roumanie\/","og_locale":"fr_FR","og_type":"article","og_title":"Que voir et faire en Roumanie - Road to Romania","og_description":"La gare de Poiana Brasov, la plus c\u00e9l\u00e8bre de Roumanie. la nature est la premi\u00e8re source d&#8217;inspiration et d&#8217;action en Roumanie. Les Carpates poss\u00e8dent plusieurs stations de ski o\u00f9 tous les sports de neige peuvent \u00eatre pratiqu\u00e9s. Contents1 Le ski en Roumanie.2 Relax3 Visites guid\u00e9es et activit\u00e9s en Roumanie4 Histoire et monuments Le ski en &hellip; Que voir et faire en Roumanie Lire la suite \u00bb","og_url":"https:\/\/roadtoromania.com\/fr\/que-voir-et-faire-en-roumanie\/","og_site_name":"Road to Romania","article_modified_time":"2022-10-18T15:18:09+00:00","og_image":[{"width":634,"height":423,"url":"https:\/\/roadtoromania.com\/wp-content\/uploads\/2022\/10\/esqui-rumania-poiana-1-1.jpg","type":"image\/jpeg"}],"twitter_card":"summary_large_image","twitter_misc":{"Dur\u00e9e de lecture estim\u00e9e":"4 minutes"},"schema":{"@context":"https:\/\/schema.org","@graph":[{"@type":"WebPage","@id":"https:\/\/roadtoromania.com\/fr\/que-voir-et-faire-en-roumanie\/","url":"https:\/\/roadtoromania.com\/fr\/que-voir-et-faire-en-roumanie\/","name":"Que voir et faire en Roumanie - Road to Romania","isPartOf":{"@id":"https:\/\/roadtoromania.com\/fr\/#website"},"datePublished":"2022-10-15T18:40:18+00:00","dateModified":"2022-10-18T15:18:09+00:00","breadcrumb":{"@id":"https:\/\/roadtoromania.com\/fr\/que-voir-et-faire-en-roumanie\/#breadcrumb"},"inLanguage":"fr-FR","potentialAction":[{"@type":"ReadAction","target":["https:\/\/roadtoromania.com\/fr\/que-voir-et-faire-en-roumanie\/"]}]},{"@type":"BreadcrumbList","@id":"https:\/\/roadtoromania.com\/fr\/que-voir-et-faire-en-roumanie\/#breadcrumb","itemListElement":[{"@type":"ListItem","position":1,"name":"Home","item":"https:\/\/roadtoromania.com\/fr\/"},{"@type":"ListItem","position":2,"name":"Que voir et faire en Roumanie"}]},{"@type":"WebSite","@id":"https:\/\/roadtoromania.com\/fr\/#website","url":"https:\/\/roadtoromania.com\/fr\/","name":"Road to Romania","description":"Le blog o\u00f9 vous trouverez toutes les informations dont vous avez besoin pour profiter de la Roumanie.","potentialAction":[{"@type":"SearchAction","target":{"@type":"EntryPoint","urlTemplate":"https:\/\/roadtoromania.com\/fr\/?s={search_term_string}"},"query-input":"required name=search_term_string"}],"inLanguage":"fr-FR"}]}},"_links":{"self":[{"href":"https:\/\/roadtoromania.com\/fr\/wp-json\/wp\/v2\/pages\/3220","targetHints":{"allow":["GET"]}}],"collection":[{"href":"https:\/\/roadtoromania.com\/fr\/wp-json\/wp\/v2\/pages"}],"about":[{"href":"https:\/\/roadtoromania.com\/fr\/wp-json\/wp\/v2\/types\/page"}],"author":[{"embeddable":true,"href":"https:\/\/roadtoromania.com\/fr\/wp-json\/wp\/v2\/users\/1"}],"replies":[{"embeddable":true,"href":"https:\/\/roadtoromania.com\/fr\/wp-json\/wp\/v2\/comments?post=3220"}],"version-history":[{"count":2,"href":"https:\/\/roadtoromania.com\/fr\/wp-json\/wp\/v2\/pages\/3220\/revisions"}],"predecessor-version":[{"id":3235,"href":"https:\/\/roadtoromania.com\/fr\/wp-json\/wp\/v2\/pages\/3220\/revisions\/3235"}],"wp:featuredmedia":[{"embeddable":true,"href":"https:\/\/roadtoromania.com\/fr\/wp-json\/wp\/v2\/media\/1806"}],"wp:attachment":[{"href":"https:\/\/roadtoromania.com\/fr\/wp-json\/wp\/v2\/media?parent=3220"}],"curies":[{"name":"wp","href":"https:\/\/api.w.org\/{rel}","templated":true}]}}