{"id":3221,"date":"2022-10-15T18:40:18","date_gmt":"2022-10-15T18:40:18","guid":{"rendered":"https:\/\/roadtoromania.com\/reclamations-de-vol-vers-la-roumanie\/"},"modified":"2022-10-18T14:52:31","modified_gmt":"2022-10-18T14:52:31","slug":"reclamations-de-vol-vers-la-roumanie","status":"publish","type":"page","link":"https:\/\/roadtoromania.com\/fr\/reclamations-de-vol-vers-la-roumanie\/","title":{"rendered":"R\u00e9clamations de vol vers la Roumanie"},"content":{"rendered":"<p> <strong>La Roumanie<\/strong> fait partie de ces destinations qui finissent par surprendre les voyageurs. Beaucoup reviennent parce qu&#8217;ils se rendent compte de tout ce qu&#8217;il y a \u00e0 voir, et ils n&#8217;ont que de bonnes choses \u00e0 dire sur les gens sympathiques qui nous font nous sentir chez nous.\u00a0 (Il y a tout<\/strong> : des villes monumentales, des ch\u00e2teaux inimaginables, des histoires et des l\u00e9gendes qui ornent de magnifiques villages m\u00e9di\u00e9vaux, une gastronomie succulente bas\u00e9e sur des produits de qualit\u00e9, des possibilit\u00e9s naturelles pour tous, et des paysages intacts qu&#8217;il est de plus en plus difficile de trouver dans la vieille Europe <\/p>\n<p>.<\/p>\n<div id=\"toc_container\" class=\"no_bullets\"><p class=\"toc_title\">Contents<\/p><ul class=\"toc_list\"><li><a href=\"#Comment_se_rendre_en_Roumanie_8211_Aeroports\"><span class=\"toc_number toc_depth_1\">1<\/span> \nComment se rendre en Roumanie &#8211; A\u00e9roports<\/a><\/li><li><a href=\"#Des_problemes_avec_le_vol\"><span class=\"toc_number toc_depth_1\">2<\/span> \nDes probl\u00e8mes avec le vol ?<\/a><\/li><li><a href=\"#Comment_se_plaindre\"><span class=\"toc_number toc_depth_1\">3<\/span> \nComment se plaindre<\/a><\/li><li><a href=\"#La_meilleure_solution_pour_reclamer_un_vol_vers_la_Roumanie\"><span class=\"toc_number toc_depth_1\">4<\/span> \nLa meilleure solution pour r\u00e9clamer un vol vers la Roumanie<\/a><\/li><\/ul><\/div>\n<h2><span id=\"Comment_se_rendre_en_Roumanie_8211_Aeroports\">\nComment se rendre en Roumanie &#8211; A\u00e9roports<\/span><\/h2>\n<p>\nDepuis l&#8217;Espagne, il existe des vols directs <strong>vers la Roumanie<\/strong> via les a\u00e9roports de Bucarest, Cluj-Napoca, Sibiu<br \/&#038;gt ;\nTimi\u015foara, Ia\u015fi, Craiova et Bac\u0103u.\u00a0De et vers Bucarest, par exemple, il existe des liaisons vers Madrid, Barcelone, Castell\u00f3n de la Plana, Valence ou Alicante <\/p>\n<p>.<br \/>\n<img decoding=\"async\" src=\"https:\/\/roadtoromania.com\/wp-content\/uploads\/2022\/10\/vuelo_rumania.jpg\" \/>Voler en Roumanie pour les vacances<br \/>\n Ryanair, Wizz Air, Vueling et Blue Air<\/strong> sont les compagnies a\u00e9riennes \u00e0 bas prix qui ont des vols vers la Roumanie, donc si nous d\u00e9cidons de partir, nous pouvons choisir avec qui voler.<\/p>\n<h2><span id=\"Des_problemes_avec_le_vol\">\nDes probl\u00e8mes avec le vol ?<\/span><\/h2>\n<p>\nParfois les <strong>d\u00e9sagr\u00e9ments<\/strong> arrivent avec le vol pr\u00e9vu pour la Roumanie, face \u00e0 des situations inopportunes telles que <strong>l&#8217;annulation du vol, des retards<\/strong> \u00e0 la limite de l&#8217;insupportable, <strong>la perte<\/strong> de nos affaires et valises ou le redoutable surbooking. Tous ces impr\u00e9vus peuvent perturber votre voyage, au point de g\u00e2cher vos vacances. C&#8217;est pourquoi il est important de conna\u00eetre les droits du passager, ce que des associations comme <strong>AENA ou l&#8217;OCU<\/strong> (Organisation des consommateurs et des usagers) nous rappellent.<\/p>\n<h2><span id=\"Comment_se_plaindre\">\nComment se plaindre<\/span><\/h2>\n<p>\nLa <strong>plainte n&#8217;est presque jamais facile,<\/strong> et ne vient pratiquement jamais des compagnies a\u00e9riennes, donc apr\u00e8s ce malheureux incident, nous devrons \u00eatre ceux qui initient le processus de plainte. Certaines de ces compagnies a\u00e9riennes se livrent \u00e0 un jeu de dupes, et la seule information provient de l&#8217;exp\u00e9rience d&#8217;autres passagers qui ont d\u00e9j\u00e0 v\u00e9cu la m\u00eame \u00e9preuve. L&#8217;information est vitale car la premi\u00e8re question qui se pose est de savoir \u00e0 partir de quel moment ou de quel probl\u00e8me nous avons le droit de nous plaindre. Les courriels ou les appels \u00e0 la compagnie a\u00e9rienne en question ont des filtres pour ralentir nos demandes, et il faut \u00eatre patient car il y a un grand nombre de demandes qui tombent \u00e0 l&#8217;eau \u00e0 cause de l&#8217;\u00e9puisement.<\/p>\n<p>\nEn plus de ces probl\u00e8mes, il arrive que le service client\u00e8le ne soit pas disponible en espagnol, ce qui ajoute une difficult\u00e9 suppl\u00e9mentaire lorsqu&#8217;il s&#8217;agit de communiquer et de traduire notre demande.<\/p>\n<h2><span id=\"La_meilleure_solution_pour_reclamer_un_vol_vers_la_Roumanie\">\nLa meilleure solution pour r\u00e9clamer un vol vers la Roumanie<\/span><\/h2>\n<p>\nLa meilleure solution est toujours la plus satisfaisante, cela ne fait aucun doute. Mais en raison de la nature tr\u00e9pidante de notre travail, de l&#8217;ennui, du manque de connaissances bureaucratiques ou du manque de temps, nous ne sommes pas en mesure d&#8217;entreprendre la plainte. C&#8217;est peut-\u00eatre la raison pour laquelle de nombreux consommateurs qui ont souffert de probl\u00e8mes d&#8217;annulation, de retard et d&#8217;autres d\u00e9sagr\u00e9ments, choisissent des professionnels ayant une exp\u00e9rience dans ce type d&#8217;incidents. <strong>Reclamacion de vuelos<\/strong> s&#8217;est sp\u00e9cialis\u00e9e dans ce travail, obtenant d&#8217;excellents r\u00e9sultats pour les personnes concern\u00e9es. Ils s&#8217;occupent de tout, par le biais de leur site web, il suffit d&#8217;envoyer l&#8217;information de l&#8217;incident avec le vol et ensuite ils vous conseillent sur les droits \u00e0 l&#8217;indemnisation que nous avons. Si nous sommes d&#8217;accord, nous remettons la gestion de la proc\u00e9dure entre leurs mains et d\u00e9l\u00e9guons le processus. La garantie de succ\u00e8s est tr\u00e8s \u00e9lev\u00e9e, puisque 98 % des demandes sont couronn\u00e9es de succ\u00e8s. Ils ne seront pay\u00e9s que si le voyageur re\u00e7oit l&#8217;indemnisation, nous pouvons donc \u00eatre assur\u00e9s qu&#8217;ils agiront comme si nous \u00e9tions nous-m\u00eames. En retour, ils re\u00e7oivent 25% du montant r\u00e9clam\u00e9.<\/p>\n","protected":false},"excerpt":{"rendered":"<p>La Roumanie fait partie de ces destinations qui finissent par surprendre les voyageurs. Beaucoup reviennent parce qu&#8217;ils se rendent compte de tout ce qu&#8217;il y a \u00e0 voir, et ils n&#8217;ont que de bonnes choses \u00e0 dire sur les gens sympathiques qui nous font nous sentir chez nous.\u00a0 (Il y a tout : des villes &hellip;<\/p>\n<p class=\"read-more\"> <a class=\"\" href=\"https:\/\/roadtoromania.com\/fr\/reclamations-de-vol-vers-la-roumanie\/\"> <span class=\"screen-reader-text\">R\u00e9clamations de vol vers la Roumanie<\/span> Lire la suite \u00bb<\/a><\/p>\n","protected":false},"author":1,"featured_media":1814,"parent":0,"menu_order":0,"comment_status":"open","ping_status":"open","template":"","meta":{"site-sidebar-layout":"default","site-content-layout":"default","ast-global-header-display":"","ast-main-header-display":"","ast-hfb-above-header-display":"","ast-hfb-below-header-display":"","ast-hfb-mobile-header-display":"","site-post-title":"","ast-breadcrumbs-content":"","ast-featured-img":"","footer-sml-layout":"","theme-transparent-header-meta":"","adv-header-id-meta":"","stick-header-meta":"","header-above-stick-meta":"","header-main-stick-meta":"","header-below-stick-meta":"","footnotes":""},"class_list":["post-3221","page","type-page","status-publish","has-post-thumbnail","hentry"],"yoast_head":"<!-- This site is optimized with the Yoast SEO plugin v19.10 - https:\/\/yoast.com\/wordpress\/plugins\/seo\/ -->\n<title>R\u00e9clamations de vol vers la Roumanie - Road to Romania<\/title>\n<meta name=\"robots\" content=\"index, follow, max-snippet:-1, max-image-preview:large, max-video-preview:-1\" \/>\n<link rel=\"canonical\" href=\"https:\/\/roadtoromania.com\/fr\/reclamations-de-vol-vers-la-roumanie\/\" \/>\n<meta property=\"og:locale\" content=\"fr_FR\" \/>\n<meta property=\"og:type\" content=\"article\" \/>\n<meta property=\"og:title\" content=\"R\u00e9clamations de vol vers la Roumanie - Road to Romania\" \/>\n<meta property=\"og:description\" content=\"La Roumanie fait partie de ces destinations qui finissent par surprendre les voyageurs. Beaucoup reviennent parce qu&#8217;ils se rendent compte de tout ce qu&#8217;il y a \u00e0 voir, et ils n&#8217;ont que de bonnes choses \u00e0 dire sur les gens sympathiques qui nous font nous sentir chez nous.\u00a0 (Il y a tout : des villes &hellip; R\u00e9clamations de vol vers la Roumanie Lire la suite \u00bb\" \/>\n<meta property=\"og:url\" content=\"https:\/\/roadtoromania.com\/fr\/reclamations-de-vol-vers-la-roumanie\/\" \/>\n<meta property=\"og:site_name\" content=\"Road to Romania\" \/>\n<meta property=\"article:modified_time\" content=\"2022-10-18T14:52:31+00:00\" \/>\n<meta property=\"og:image\" content=\"https:\/\/roadtoromania.com\/wp-content\/uploads\/2022\/10\/vuelo_rumania-1.jpg\" \/>\n\t<meta property=\"og:image:width\" content=\"768\" \/>\n\t<meta property=\"og:image:height\" content=\"432\" \/>\n\t<meta property=\"og:image:type\" content=\"image\/jpeg\" \/>\n<meta name=\"twitter:card\" content=\"summary_large_image\" \/>\n<meta name=\"twitter:label1\" content=\"Dur\u00e9e de lecture estim\u00e9e\" \/>\n\t<meta name=\"twitter:data1\" content=\"1 minute\" \/>\n<script type=\"application\/ld+json\" class=\"yoast-schema-graph\">{\"@context\":\"https:\/\/schema.org\",\"@graph\":[{\"@type\":\"WebPage\",\"@id\":\"https:\/\/roadtoromania.com\/fr\/reclamations-de-vol-vers-la-roumanie\/\",\"url\":\"https:\/\/roadtoromania.com\/fr\/reclamations-de-vol-vers-la-roumanie\/\",\"name\":\"R\u00e9clamations de vol vers la Roumanie - Road to Romania\",\"isPartOf\":{\"@id\":\"https:\/\/roadtoromania.com\/fr\/#website\"},\"datePublished\":\"2022-10-15T18:40:18+00:00\",\"dateModified\":\"2022-10-18T14:52:31+00:00\",\"breadcrumb\":{\"@id\":\"https:\/\/roadtoromania.com\/fr\/reclamations-de-vol-vers-la-roumanie\/#breadcrumb\"},\"inLanguage\":\"fr-FR\",\"potentialAction\":[{\"@type\":\"ReadAction\",\"target\":[\"https:\/\/roadtoromania.com\/fr\/reclamations-de-vol-vers-la-roumanie\/\"]}]},{\"@type\":\"BreadcrumbList\",\"@id\":\"https:\/\/roadtoromania.com\/fr\/reclamations-de-vol-vers-la-roumanie\/#breadcrumb\",\"itemListElement\":[{\"@type\":\"ListItem\",\"position\":1,\"name\":\"Home\",\"item\":\"https:\/\/roadtoromania.com\/fr\/\"},{\"@type\":\"ListItem\",\"position\":2,\"name\":\"R\u00e9clamations de vol vers la Roumanie\"}]},{\"@type\":\"WebSite\",\"@id\":\"https:\/\/roadtoromania.com\/fr\/#website\",\"url\":\"https:\/\/roadtoromania.com\/fr\/\",\"name\":\"Road to Romania\",\"description\":\"Le blog o\u00f9 vous trouverez toutes les informations dont vous avez besoin pour profiter de la Roumanie.\",\"potentialAction\":[{\"@type\":\"SearchAction\",\"target\":{\"@type\":\"EntryPoint\",\"urlTemplate\":\"https:\/\/roadtoromania.com\/fr\/?s={search_term_string}\"},\"query-input\":\"required name=search_term_string\"}],\"inLanguage\":\"fr-FR\"}]}<\/script>\n<!-- \/ Yoast SEO plugin. -->","yoast_head_json":{"title":"R\u00e9clamations de vol vers la Roumanie - Road to Romania","robots":{"index":"index","follow":"follow","max-snippet":"max-snippet:-1","max-image-preview":"max-image-preview:large","max-video-preview":"max-video-preview:-1"},"canonical":"https:\/\/roadtoromania.com\/fr\/reclamations-de-vol-vers-la-roumanie\/","og_locale":"fr_FR","og_type":"article","og_title":"R\u00e9clamations de vol vers la Roumanie - Road to Romania","og_description":"La Roumanie fait partie de ces destinations qui finissent par surprendre les voyageurs. Beaucoup reviennent parce qu&#8217;ils se rendent compte de tout ce qu&#8217;il y a \u00e0 voir, et ils n&#8217;ont que de bonnes choses \u00e0 dire sur les gens sympathiques qui nous font nous sentir chez nous.\u00a0 (Il y a tout : des villes &hellip; R\u00e9clamations de vol vers la Roumanie Lire la suite \u00bb","og_url":"https:\/\/roadtoromania.com\/fr\/reclamations-de-vol-vers-la-roumanie\/","og_site_name":"Road to Romania","article_modified_time":"2022-10-18T14:52:31+00:00","og_image":[{"width":768,"height":432,"url":"https:\/\/roadtoromania.com\/wp-content\/uploads\/2022\/10\/vuelo_rumania-1.jpg","type":"image\/jpeg"}],"twitter_card":"summary_large_image","twitter_misc":{"Dur\u00e9e de lecture estim\u00e9e":"1 minute"},"schema":{"@context":"https:\/\/schema.org","@graph":[{"@type":"WebPage","@id":"https:\/\/roadtoromania.com\/fr\/reclamations-de-vol-vers-la-roumanie\/","url":"https:\/\/roadtoromania.com\/fr\/reclamations-de-vol-vers-la-roumanie\/","name":"R\u00e9clamations de vol vers la Roumanie - Road to Romania","isPartOf":{"@id":"https:\/\/roadtoromania.com\/fr\/#website"},"datePublished":"2022-10-15T18:40:18+00:00","dateModified":"2022-10-18T14:52:31+00:00","breadcrumb":{"@id":"https:\/\/roadtoromania.com\/fr\/reclamations-de-vol-vers-la-roumanie\/#breadcrumb"},"inLanguage":"fr-FR","potentialAction":[{"@type":"ReadAction","target":["https:\/\/roadtoromania.com\/fr\/reclamations-de-vol-vers-la-roumanie\/"]}]},{"@type":"BreadcrumbList","@id":"https:\/\/roadtoromania.com\/fr\/reclamations-de-vol-vers-la-roumanie\/#breadcrumb","itemListElement":[{"@type":"ListItem","position":1,"name":"Home","item":"https:\/\/roadtoromania.com\/fr\/"},{"@type":"ListItem","position":2,"name":"R\u00e9clamations de vol vers la Roumanie"}]},{"@type":"WebSite","@id":"https:\/\/roadtoromania.com\/fr\/#website","url":"https:\/\/roadtoromania.com\/fr\/","name":"Road to Romania","description":"Le blog o\u00f9 vous trouverez toutes les informations dont vous avez besoin pour profiter de la Roumanie.","potentialAction":[{"@type":"SearchAction","target":{"@type":"EntryPoint","urlTemplate":"https:\/\/roadtoromania.com\/fr\/?s={search_term_string}"},"query-input":"required name=search_term_string"}],"inLanguage":"fr-FR"}]}},"_links":{"self":[{"href":"https:\/\/roadtoromania.com\/fr\/wp-json\/wp\/v2\/pages\/3221","targetHints":{"allow":["GET"]}}],"collection":[{"href":"https:\/\/roadtoromania.com\/fr\/wp-json\/wp\/v2\/pages"}],"about":[{"href":"https:\/\/roadtoromania.com\/fr\/wp-json\/wp\/v2\/types\/page"}],"author":[{"embeddable":true,"href":"https:\/\/roadtoromania.com\/fr\/wp-json\/wp\/v2\/users\/1"}],"replies":[{"embeddable":true,"href":"https:\/\/roadtoromania.com\/fr\/wp-json\/wp\/v2\/comments?post=3221"}],"version-history":[{"count":0,"href":"https:\/\/roadtoromania.com\/fr\/wp-json\/wp\/v2\/pages\/3221\/revisions"}],"wp:featuredmedia":[{"embeddable":true,"href":"https:\/\/roadtoromania.com\/fr\/wp-json\/wp\/v2\/media\/1814"}],"wp:attachment":[{"href":"https:\/\/roadtoromania.com\/fr\/wp-json\/wp\/v2\/media?parent=3221"}],"curies":[{"name":"wp","href":"https:\/\/api.w.org\/{rel}","templated":true}]}}