{"id":3222,"date":"2022-10-15T18:40:18","date_gmt":"2022-10-15T18:40:18","guid":{"rendered":"https:\/\/roadtoromania.com\/mine-de-sel-de-turda\/"},"modified":"2022-10-18T14:52:31","modified_gmt":"2022-10-18T14:52:31","slug":"mine-de-sel-de-turda","status":"publish","type":"page","link":"https:\/\/roadtoromania.com\/fr\/mine-de-sel-de-turda\/","title":{"rendered":"Mine de sel de Turda"},"content":{"rendered":"<p>Le silence est l&#8217;une des expressions les plus fr\u00e9quentes lorsque des milliers de touristes sont engloutis par la terre dans la mine de sel de <strong>Turda<\/strong> , attir\u00e9s par les milliers de photos qui circulent sur internet. \u00a0Depuis son ouverture en 1992, plus de deux millions de personnes ont profit\u00e9 d&#8217;un endroit diff\u00e9rent et sp\u00e9cial.<\/p>\n<p><img decoding=\"async\" src=\"https:\/\/roadtoromania.com\/wp-content\/uploads\/2022\/10\/turda_minas.jpg\" \/>Les fascinantes mines de sel de Turda<\/p>\n<p>\nPour les experts, la mine de Turda est le plus bel endroit souterrain du monde et il n&#8217;est pas \u00e9tonnant qu&#8217;elle fasse partie des 25 destinations touristiques les plus populaires au monde.<\/p>\n<p> Histoire de la mine<\/strong> <\/h2>\n<p>\nLa formation de la mine remonte \u00e0 environ 13 millions d&#8217;ann\u00e9es, lorsqu&#8217;un d\u00e9p\u00f4t de sel marin s&#8217;est form\u00e9 et concentr\u00e9 sous l&#8217;effet de conditions climatiques qui l&#8217;ont compact\u00e9 en de grands niveaux.<\/p>\n<p>\nLe sel est extrait \u00e0 Turda depuis l&#8217;Antiquit\u00e9, avec des mentions d\u00e8s 1075, et \u00e9tait pleinement op\u00e9rationnel jusqu&#8217;en 1932, date \u00e0 laquelle l&#8217;extraction a cess\u00e9. Cependant, il existe des preuves que pour les Romains, c&#8217;\u00e9tait l&#8217;une des principales mines de sel de tout l&#8217;Empire.<\/strong> Potaissa<\/strong> , le castrum romain qui s&#8217;est \u00e9lev\u00e9 au-dessus de la colonie dacienne originale s&#8217;est d\u00e9velopp\u00e9 gr\u00e2ce \u00e0 la mine, atteignant le statut de municipium et de colonia.<\/p>\n<p><img decoding=\"async\" src=\"https:\/\/roadtoromania.com\/wp-content\/uploads\/2022\/10\/turda_noria.jpg\" \/>Attraction de la roue \u00e0 eau \u00e0 l&#8217;int\u00e9rieur de la mine<\/p>\n<p>\nAu Moyen \u00c2ge, le contr\u00f4le de la mine \u00e9tait une arme \u00e9conomique puissante pour Turda, qui approvisionnait toute la Transylvanie. En 1840, la production a diminu\u00e9 et la qualit\u00e9 du sel s&#8217;est d\u00e9t\u00e9rior\u00e9e, de sorte qu&#8217;\u00e0 la fin de l&#8217;exploitation du sel en 1932, plus de 3 milliards de tonnes de sel avaient \u00e9t\u00e9 extraites des profondeurs sans utiliser d&#8217;explosifs, cr\u00e9ant ainsi l&#8217;\u00e9cosyst\u00e8me artificiel que nous visitons aujourd&#8217;hui \u00e0 la mine de Turda.<\/p>\n<p>\nPendant la Seconde Guerre mondiale, il a \u00e9t\u00e9 plus qu&#8217;un refuge contre les bombes et a m\u00eame \u00e9t\u00e9 utilis\u00e9 pour faire s\u00e9cher le fromage.<\/p>\n<p><img decoding=\"async\" src=\"https:\/\/roadtoromania.com\/wp-content\/uploads\/2022\/10\/Salina_Turda_045.jpg\" \/>Ascenseur panoramique des mines de Turda<\/p>\n<p>\nLa r\u00e9ouverture de la mine en tant qu&#8217;attraction touristique a entra\u00een\u00e9 un v\u00e9ritable boom touristique, stimul\u00e9 par la r\u00e9novation de 2008, qui a impliqu\u00e9 une symbiose entre l&#8217;architecture futuriste et la grandeur de la mine elle-m\u00eame. \u00c0 la suite de ce lifting, les qualit\u00e9s du sel ont \u00e9t\u00e9 utilis\u00e9es pour cr\u00e9er un centre d&#8217;haloth\u00e9rapie et un spa.<\/p>\n<p>\nComme de nombreux traitements pour les affections respiratoires sont lourds de cons\u00e9quences et n\u00e9cessitent de longues s\u00e9ances sur plusieurs semaines, le centre a \u00e9t\u00e9 \u00e9quip\u00e9 d&#8217;une vari\u00e9t\u00e9 d&#8217;activit\u00e9s allant du ping-pong au bowling en passant par le mini-golf, le football sur le petit terrain en gazon synth\u00e9tique et le badminton. Parmi toutes les activit\u00e9s, la grande roue est g\u00e9n\u00e9ralement la plus populaire.<\/p>\n<p> Visite de la mine<\/strong> <\/h2>\n<p>\nLes syst\u00e8mes d&#8217;exploitation mini\u00e8re ont \u00e9t\u00e9 pr\u00e9serv\u00e9s pour montrer \u00e0 quel point ils \u00e9taient rudimentaires et, pendant la visite, les guides expliqueront quels outils et proc\u00e9dures \u00e9taient utilis\u00e9s.\u00a0La visite des mines commence par la nouvelle entr\u00e9e qui ressemble \u00e0 une soucoupe volante. La descente peut se faire dans l&#8217;ascenseur panoramique ou par les escaliers <\/p>\n<p>.<br \/>\n<img decoding=\"async\" src=\"data:image\/gif;base64,R0lGODdhAQABAPAAAMPDwwAAACwAAAAAAQABAAACAkQBADs=\" \/>Entr\u00e9e des mines<\/p>\n<p>\nLa taille des salles (portant le nom de rois et de reines) rappelle celle des plus grandes cath\u00e9drales, avec des espaces gigantesques comme la salle Rudolf Mine<\/strong> (la plus proche de la surface), qui mesure 42 m\u00e8tres de haut, 80 m\u00e8tres de long et 50 m\u00e8tres de large.<\/p>\n<p><img decoding=\"async\" src=\"data:image\/gif;base64,R0lGODdhAQABAPAAAMPDwwAAACwAAAAAAQABAAACAkQBADs=\" \/>Visite de la visite des mines de Turda<\/p>\n<p>\nParmi les plus belles parties de la visite, citons la galerie <strong>Franz Josef<\/strong> (cr\u00e9\u00e9e au 19e si\u00e8cle), ou les <strong>Crivac<\/strong> , des salles octogonales form\u00e9es par des machines rudimentaires pour remonter les roches salines \u00e0 la surface (les seules qui restent sur leur lieu d&#8217;extraction) ; ou la mine <strong>Terezia<\/strong> (avec sa forme conique caract\u00e9ristique) qui abrite un lac sombre avec une \u00eele de sel au centre.<\/p>\n<p><img decoding=\"async\" src=\"data:image\/gif;base64,R0lGODdhAQABAPAAAMPDwwAAACwAAAAAAQABAAACAkQBADs=\" \/>Les Crivacs, salles octogonales de la mine<\/p>\n<p>\nGrande roue, terrain de football pour les aveugles, petit lac o\u00f9 l&#8217;on peut faire de l&#8217;aviron, mini-golf&#8230;.Et en plus de son histoire, la mine offre de nombreuses possibilit\u00e9s, comme un th\u00e9\u00e2tre qui accueille des concerts <\/p>\n<p>.<\/ul>\n<p> Visites et excursions aux mines de sel de Turda<\/strong> <\/h2>\n<p><img decoding=\"async\" src=\"data:image\/gif;base64,R0lGODdhAQABAPAAAMPDwwAAACwAAAAAAQABAAACAkQBADs=\" \/>Terrain de football \u00e0 l&#8217;int\u00e9rieur de la mine de Turda<\/p>\n<h2>\n <strong>Comment se rendre aux mines de sel de Turda<\/strong> <\/h2>\n<p>\nLa mine de sel de Turda est situ\u00e9e \u00e0 la p\u00e9riph\u00e9rie de la ville du m\u00eame nom, dans la vall\u00e9e de Durg\u0103u-Sarata Turda, \u00e0 seulement 30 km et une demi-heure de <strong>Cluj Napoca<\/strong> , dans la r\u00e9gion de <strong>Transylvanie<\/strong> . On peut y acc\u00e9der en voiture de location ou en taxi depuis Turda, mais il est conseill\u00e9 de demander s&#8217;il y a des bus pendant la p\u00e9riode estivale.<\/p>\n","protected":false},"excerpt":{"rendered":"<p>Le silence est l&#8217;une des expressions les plus fr\u00e9quentes lorsque des milliers de touristes sont engloutis par la terre dans la mine de sel de Turda , attir\u00e9s par les milliers de photos qui circulent sur internet. \u00a0Depuis son ouverture en 1992, plus de deux millions de personnes ont profit\u00e9 d&#8217;un endroit diff\u00e9rent et sp\u00e9cial. &hellip;<\/p>\n<p class=\"read-more\"> <a class=\"\" href=\"https:\/\/roadtoromania.com\/fr\/mine-de-sel-de-turda\/\"> <span class=\"screen-reader-text\">Mine de sel de Turda<\/span> Lire la suite \u00bb<\/a><\/p>\n","protected":false},"author":1,"featured_media":1822,"parent":0,"menu_order":0,"comment_status":"open","ping_status":"open","template":"","meta":{"site-sidebar-layout":"default","site-content-layout":"default","ast-global-header-display":"","ast-main-header-display":"","ast-hfb-above-header-display":"","ast-hfb-below-header-display":"","ast-hfb-mobile-header-display":"","site-post-title":"","ast-breadcrumbs-content":"","ast-featured-img":"","footer-sml-layout":"","theme-transparent-header-meta":"","adv-header-id-meta":"","stick-header-meta":"","header-above-stick-meta":"","header-main-stick-meta":"","header-below-stick-meta":"","footnotes":""},"class_list":["post-3222","page","type-page","status-publish","has-post-thumbnail","hentry"],"yoast_head":"<!-- This site is optimized with the Yoast SEO plugin v19.10 - https:\/\/yoast.com\/wordpress\/plugins\/seo\/ -->\n<title>Mine de sel de Turda - Road to Romania<\/title>\n<meta name=\"robots\" content=\"index, follow, max-snippet:-1, max-image-preview:large, max-video-preview:-1\" \/>\n<link rel=\"canonical\" href=\"https:\/\/roadtoromania.com\/fr\/mine-de-sel-de-turda\/\" \/>\n<meta property=\"og:locale\" content=\"fr_FR\" \/>\n<meta property=\"og:type\" content=\"article\" \/>\n<meta property=\"og:title\" content=\"Mine de sel de Turda - Road to Romania\" \/>\n<meta property=\"og:description\" content=\"Le silence est l&#8217;une des expressions les plus fr\u00e9quentes lorsque des milliers de touristes sont engloutis par la terre dans la mine de sel de Turda , attir\u00e9s par les milliers de photos qui circulent sur internet. \u00a0Depuis son ouverture en 1992, plus de deux millions de personnes ont profit\u00e9 d&#8217;un endroit diff\u00e9rent et sp\u00e9cial. &hellip; Mine de sel de Turda Lire la suite \u00bb\" \/>\n<meta property=\"og:url\" content=\"https:\/\/roadtoromania.com\/fr\/mine-de-sel-de-turda\/\" \/>\n<meta property=\"og:site_name\" content=\"Road to Romania\" \/>\n<meta property=\"article:modified_time\" content=\"2022-10-18T14:52:31+00:00\" \/>\n<meta property=\"og:image\" content=\"https:\/\/roadtoromania.com\/wp-content\/uploads\/2022\/10\/turda_minas-1.jpg\" \/>\n\t<meta property=\"og:image:width\" content=\"768\" \/>\n\t<meta property=\"og:image:height\" content=\"510\" \/>\n\t<meta property=\"og:image:type\" content=\"image\/jpeg\" \/>\n<meta name=\"twitter:card\" content=\"summary_large_image\" \/>\n<meta name=\"twitter:label1\" content=\"Dur\u00e9e de lecture estim\u00e9e\" \/>\n\t<meta name=\"twitter:data1\" content=\"4 minutes\" \/>\n<script type=\"application\/ld+json\" class=\"yoast-schema-graph\">{\"@context\":\"https:\/\/schema.org\",\"@graph\":[{\"@type\":\"WebPage\",\"@id\":\"https:\/\/roadtoromania.com\/fr\/mine-de-sel-de-turda\/\",\"url\":\"https:\/\/roadtoromania.com\/fr\/mine-de-sel-de-turda\/\",\"name\":\"Mine de sel de Turda - Road to Romania\",\"isPartOf\":{\"@id\":\"https:\/\/roadtoromania.com\/fr\/#website\"},\"datePublished\":\"2022-10-15T18:40:18+00:00\",\"dateModified\":\"2022-10-18T14:52:31+00:00\",\"breadcrumb\":{\"@id\":\"https:\/\/roadtoromania.com\/fr\/mine-de-sel-de-turda\/#breadcrumb\"},\"inLanguage\":\"fr-FR\",\"potentialAction\":[{\"@type\":\"ReadAction\",\"target\":[\"https:\/\/roadtoromania.com\/fr\/mine-de-sel-de-turda\/\"]}]},{\"@type\":\"BreadcrumbList\",\"@id\":\"https:\/\/roadtoromania.com\/fr\/mine-de-sel-de-turda\/#breadcrumb\",\"itemListElement\":[{\"@type\":\"ListItem\",\"position\":1,\"name\":\"Home\",\"item\":\"https:\/\/roadtoromania.com\/fr\/\"},{\"@type\":\"ListItem\",\"position\":2,\"name\":\"Mine de sel de Turda\"}]},{\"@type\":\"WebSite\",\"@id\":\"https:\/\/roadtoromania.com\/fr\/#website\",\"url\":\"https:\/\/roadtoromania.com\/fr\/\",\"name\":\"Road to Romania\",\"description\":\"Le blog o\u00f9 vous trouverez toutes les informations dont vous avez besoin pour profiter de la Roumanie.\",\"potentialAction\":[{\"@type\":\"SearchAction\",\"target\":{\"@type\":\"EntryPoint\",\"urlTemplate\":\"https:\/\/roadtoromania.com\/fr\/?s={search_term_string}\"},\"query-input\":\"required name=search_term_string\"}],\"inLanguage\":\"fr-FR\"}]}<\/script>\n<!-- \/ Yoast SEO plugin. -->","yoast_head_json":{"title":"Mine de sel de Turda - Road to Romania","robots":{"index":"index","follow":"follow","max-snippet":"max-snippet:-1","max-image-preview":"max-image-preview:large","max-video-preview":"max-video-preview:-1"},"canonical":"https:\/\/roadtoromania.com\/fr\/mine-de-sel-de-turda\/","og_locale":"fr_FR","og_type":"article","og_title":"Mine de sel de Turda - Road to Romania","og_description":"Le silence est l&#8217;une des expressions les plus fr\u00e9quentes lorsque des milliers de touristes sont engloutis par la terre dans la mine de sel de Turda , attir\u00e9s par les milliers de photos qui circulent sur internet. \u00a0Depuis son ouverture en 1992, plus de deux millions de personnes ont profit\u00e9 d&#8217;un endroit diff\u00e9rent et sp\u00e9cial. &hellip; Mine de sel de Turda Lire la suite \u00bb","og_url":"https:\/\/roadtoromania.com\/fr\/mine-de-sel-de-turda\/","og_site_name":"Road to Romania","article_modified_time":"2022-10-18T14:52:31+00:00","og_image":[{"width":768,"height":510,"url":"https:\/\/roadtoromania.com\/wp-content\/uploads\/2022\/10\/turda_minas-1.jpg","type":"image\/jpeg"}],"twitter_card":"summary_large_image","twitter_misc":{"Dur\u00e9e de lecture estim\u00e9e":"4 minutes"},"schema":{"@context":"https:\/\/schema.org","@graph":[{"@type":"WebPage","@id":"https:\/\/roadtoromania.com\/fr\/mine-de-sel-de-turda\/","url":"https:\/\/roadtoromania.com\/fr\/mine-de-sel-de-turda\/","name":"Mine de sel de Turda - Road to Romania","isPartOf":{"@id":"https:\/\/roadtoromania.com\/fr\/#website"},"datePublished":"2022-10-15T18:40:18+00:00","dateModified":"2022-10-18T14:52:31+00:00","breadcrumb":{"@id":"https:\/\/roadtoromania.com\/fr\/mine-de-sel-de-turda\/#breadcrumb"},"inLanguage":"fr-FR","potentialAction":[{"@type":"ReadAction","target":["https:\/\/roadtoromania.com\/fr\/mine-de-sel-de-turda\/"]}]},{"@type":"BreadcrumbList","@id":"https:\/\/roadtoromania.com\/fr\/mine-de-sel-de-turda\/#breadcrumb","itemListElement":[{"@type":"ListItem","position":1,"name":"Home","item":"https:\/\/roadtoromania.com\/fr\/"},{"@type":"ListItem","position":2,"name":"Mine de sel de Turda"}]},{"@type":"WebSite","@id":"https:\/\/roadtoromania.com\/fr\/#website","url":"https:\/\/roadtoromania.com\/fr\/","name":"Road to Romania","description":"Le blog o\u00f9 vous trouverez toutes les informations dont vous avez besoin pour profiter de la Roumanie.","potentialAction":[{"@type":"SearchAction","target":{"@type":"EntryPoint","urlTemplate":"https:\/\/roadtoromania.com\/fr\/?s={search_term_string}"},"query-input":"required name=search_term_string"}],"inLanguage":"fr-FR"}]}},"_links":{"self":[{"href":"https:\/\/roadtoromania.com\/fr\/wp-json\/wp\/v2\/pages\/3222","targetHints":{"allow":["GET"]}}],"collection":[{"href":"https:\/\/roadtoromania.com\/fr\/wp-json\/wp\/v2\/pages"}],"about":[{"href":"https:\/\/roadtoromania.com\/fr\/wp-json\/wp\/v2\/types\/page"}],"author":[{"embeddable":true,"href":"https:\/\/roadtoromania.com\/fr\/wp-json\/wp\/v2\/users\/1"}],"replies":[{"embeddable":true,"href":"https:\/\/roadtoromania.com\/fr\/wp-json\/wp\/v2\/comments?post=3222"}],"version-history":[{"count":0,"href":"https:\/\/roadtoromania.com\/fr\/wp-json\/wp\/v2\/pages\/3222\/revisions"}],"wp:featuredmedia":[{"embeddable":true,"href":"https:\/\/roadtoromania.com\/fr\/wp-json\/wp\/v2\/media\/1822"}],"wp:attachment":[{"href":"https:\/\/roadtoromania.com\/fr\/wp-json\/wp\/v2\/media?parent=3222"}],"curies":[{"name":"wp","href":"https:\/\/api.w.org\/{rel}","templated":true}]}}