{"id":3225,"date":"2022-10-15T18:40:18","date_gmt":"2022-10-15T18:40:18","guid":{"rendered":"https:\/\/roadtoromania.com\/vols-a-destination-de-bucarest-aeroport-dotopeni\/"},"modified":"2022-10-21T16:42:41","modified_gmt":"2022-10-21T16:42:41","slug":"vols-a-destination-de-bucarest-aeroport-d-otopeni","status":"publish","type":"page","link":"https:\/\/roadtoromania.com\/fr\/vols-a-destination-de-bucarest-aeroport-d-otopeni\/","title":{"rendered":"Vols \u00e0 destination de Bucarest, a\u00e9roport d&#8217;Otopeni"},"content":{"rendered":"<p>Bucarest poss\u00e8de l&#8217;a\u00e9roport le plus important de Roumanie, tant en termes d&#8217;installations que de liaisons. Bien que ce ne soit pas le seul a\u00e9roport international (<a href=\"https:\/\/roadtoromania.com\/fr\/aeroports-de-roumanie\/\">voir notre section sur les a\u00e9roports roumains<\/a> ), c&#8217;est celui qui propose le plus de vols vers le reste de l&#8217;Europe, l&#8217;Asie et l&#8217;Afrique, ainsi que des vols int\u00e9rieurs.<\/p>\n<p>Bien que le nom officiel soit <strong>A\u00e9roport Henri Coanda<\/strong> , un ing\u00e9nieur roumain qui a v\u00e9cu en France et a \u00e9t\u00e9 l&#8217;inventeur de la premi\u00e8re turbine \u00e0 r\u00e9action. Cependant, l&#8217;a\u00e9roport est situ\u00e9 \u00e0 <strong>18 km au nord de Bucarest<\/strong> dans la municipalit\u00e9 de <strong>Otopeni<\/strong> , d&#8217;o\u00f9 son nom.<\/p>\n<p><img decoding=\"async\" src=\"https:\/\/roadtoromania.com\/wp-content\/uploads\/2022\/10\/otopeni-bucarest-aeropuerto.jpg\" \/>L&#8217;a\u00e9roport d&#8217;Otopeni est l&#8217;a\u00e9roport le plus fr\u00e9quent\u00e9 de Roumanie.<\/p>\n<h2><strong>Compagnies a\u00e9riennes et liaisons a\u00e9riennes<\/strong><\/h2>\n<p>Il existe des vols r\u00e9guliers entre l&#8217;Espagne et presque tous les pays europ\u00e9ens. Il est donc aujourd&#8217;hui tr\u00e8s facile de se rendre en Roumanie en utilisant l&#8217;a\u00e9roport d&#8217;Otopeni. Outre les compagnies a\u00e9riennes classiques, plusieurs compagnies \u00e0 bas prix relient les principales villes d&#8217;Europe et du Moyen-Orient \u00e0 Bucarest. Cela a fait de la capitale roumaine l&#8217;une des nouvelles destinations de week-end ( <strong>city break<\/strong> ) ou m\u00eame une destination de tourisme dentaire .<\/p>\n<p>Depuis l&#8217;Espagne, des vols relient <strong>Bucarest-Otopeni<\/strong> aux a\u00e9roports de <strong>Madrid et Barcelone<\/strong> , bien s\u00fbr. Mais vous pouvez \u00e9galement prendre un vol pour la Roumanie depuis <strong>Bilbao, Zaragoza, Valencia, Malaga et Castell\u00f3n<\/strong> . Il existe \u00e9galement des connexions directes depuis Lisbonne, Rome, Nice, Paris, Lyon, Londres, Munich, Milan ou Istanbul, entre autres villes<\/p>\n<p>&#8230;<\/p>\n<p>Vols int\u00e9rieurs<\/p>\n<p>En m\u00eame temps, depuis Bucarest, nous pouvons voyager confortablement dans tout le pays, car il existe des vols r\u00e9guliers vers <strong>Constanta, Timisoara, Cluj-Napoca, Oradea, Iasi ou Suceava<\/strong> .<\/p>\n<p>Transport vers Bucarest.<\/p>\n<p>Comme dans la plupart des a\u00e9roports du monde, il existe des <a href=\"https:\/\/roadtoromania.com\/fr\/comment-se-rendre-a-bucarest-depuis-laeroport-dotopeni\/\"> <strong>services de transport entre Otopeni et le centre de Bucarest<\/strong><\/a> . Vous pouvez prendre un taxi, qui en Roumanie est plus cher et tr\u00e8s rapide<\/p>\n<p>.<\/p>\n<p>Mais <strong>les meilleurs sont les bus publics<\/strong> avec des arr\u00eats devant les portes de la zone d&#8217;entr\u00e9e et de sortie de l&#8217;a\u00e9roport. Il existe deux bus <strong>; le 780<\/strong> qui relie la gare du Nord (Gara de Nord) \u00e0 l&#8217;a\u00e9roport. Et aussi <strong>783<\/strong> qui vous emm\u00e8nera de l&#8217;a\u00e9roport d&#8217;Otopeni au centre de Bucarest. Cette ligne fonctionne toute la journ\u00e9e et toute la nuit. La nuit, cela prend environ 40 minutes.<\/p>\n<p>Le prix par trajet en leis est inf\u00e9rieur \u00e0 un euro.<\/p>\n<p>Transferts de l&#8217;a\u00e9roport d&#8217;Otopeni<\/p>\n<p>Enfin, vous pouvez \u00e9galement louer une voiture \u00e0 l&#8217;a\u00e9roport m\u00eame. Pour ce faire, visitez <a href=\"https:\/\/roadtoromania.com\/fr\/location-de-voitures-en-roumanie\/\">la section location de voitures<\/a> .<\/p>\n<h3><strong>LOCATION DE VOITURES \u00c0 L&#8217;A\u00c9ROPORT DE BUCHAREST OTOPENI<\/strong><\/h3>\n","protected":false},"excerpt":{"rendered":"<p>Bucarest poss\u00e8de l&#8217;a\u00e9roport le plus important de Roumanie, tant en termes d&#8217;installations que de liaisons. Bien que ce ne soit pas le seul a\u00e9roport international (voir notre section sur les a\u00e9roports roumains ), c&#8217;est celui qui propose le plus de vols vers le reste de l&#8217;Europe, l&#8217;Asie et l&#8217;Afrique, ainsi que des vols int\u00e9rieurs. Bien &hellip;<\/p>\n<p class=\"read-more\"> <a class=\"\" href=\"https:\/\/roadtoromania.com\/fr\/vols-a-destination-de-bucarest-aeroport-d-otopeni\/\"> <span class=\"screen-reader-text\">Vols \u00e0 destination de Bucarest, a\u00e9roport d&#8217;Otopeni<\/span> Lire la suite \u00bb<\/a><\/p>\n","protected":false},"author":1,"featured_media":1863,"parent":0,"menu_order":0,"comment_status":"open","ping_status":"open","template":"","meta":{"site-sidebar-layout":"default","site-content-layout":"default","ast-global-header-display":"","ast-main-header-display":"","ast-hfb-above-header-display":"","ast-hfb-below-header-display":"","ast-hfb-mobile-header-display":"","site-post-title":"","ast-breadcrumbs-content":"","ast-featured-img":"","footer-sml-layout":"","theme-transparent-header-meta":"default","adv-header-id-meta":"","stick-header-meta":"","header-above-stick-meta":"","header-main-stick-meta":"","header-below-stick-meta":"","footnotes":""},"class_list":["post-3225","page","type-page","status-publish","has-post-thumbnail","hentry"],"yoast_head":"<!-- This site is optimized with the Yoast SEO plugin v19.10 - https:\/\/yoast.com\/wordpress\/plugins\/seo\/ -->\n<title>Vols \u00e0 destination de Bucarest, a\u00e9roport d&#039;Otopeni - Road to Romania<\/title>\n<meta name=\"robots\" content=\"index, follow, max-snippet:-1, max-image-preview:large, max-video-preview:-1\" \/>\n<link rel=\"canonical\" href=\"https:\/\/roadtoromania.com\/fr\/vols-a-destination-de-bucarest-aeroport-d-otopeni\/\" \/>\n<meta property=\"og:locale\" content=\"fr_FR\" \/>\n<meta property=\"og:type\" content=\"article\" \/>\n<meta property=\"og:title\" content=\"Vols \u00e0 destination de Bucarest, a\u00e9roport d&#039;Otopeni - Road to Romania\" \/>\n<meta property=\"og:description\" content=\"Bucarest poss\u00e8de l&#8217;a\u00e9roport le plus important de Roumanie, tant en termes d&#8217;installations que de liaisons. Bien que ce ne soit pas le seul a\u00e9roport international (voir notre section sur les a\u00e9roports roumains ), c&#8217;est celui qui propose le plus de vols vers le reste de l&#8217;Europe, l&#8217;Asie et l&#8217;Afrique, ainsi que des vols int\u00e9rieurs. Bien &hellip; Vols \u00e0 destination de Bucarest, a\u00e9roport d&#8217;Otopeni Lire la suite \u00bb\" \/>\n<meta property=\"og:url\" content=\"https:\/\/roadtoromania.com\/fr\/vols-a-destination-de-bucarest-aeroport-d-otopeni\/\" \/>\n<meta property=\"og:site_name\" content=\"Road to Romania\" \/>\n<meta property=\"article:modified_time\" content=\"2022-10-21T16:42:41+00:00\" \/>\n<meta property=\"og:image\" content=\"https:\/\/roadtoromania.com\/wp-content\/uploads\/2022\/10\/otopeni-bucarest-aeropuerto-1.jpg\" \/>\n\t<meta property=\"og:image:width\" content=\"600\" \/>\n\t<meta property=\"og:image:height\" content=\"300\" \/>\n\t<meta property=\"og:image:type\" content=\"image\/jpeg\" \/>\n<meta name=\"twitter:card\" content=\"summary_large_image\" \/>\n<meta name=\"twitter:label1\" content=\"Dur\u00e9e de lecture estim\u00e9e\" \/>\n\t<meta name=\"twitter:data1\" content=\"3 minutes\" \/>\n<script type=\"application\/ld+json\" class=\"yoast-schema-graph\">{\"@context\":\"https:\/\/schema.org\",\"@graph\":[{\"@type\":\"WebPage\",\"@id\":\"https:\/\/roadtoromania.com\/fr\/vols-a-destination-de-bucarest-aeroport-d-otopeni\/\",\"url\":\"https:\/\/roadtoromania.com\/fr\/vols-a-destination-de-bucarest-aeroport-d-otopeni\/\",\"name\":\"Vols \u00e0 destination de Bucarest, a\u00e9roport d'Otopeni - Road to Romania\",\"isPartOf\":{\"@id\":\"https:\/\/roadtoromania.com\/fr\/#website\"},\"datePublished\":\"2022-10-15T18:40:18+00:00\",\"dateModified\":\"2022-10-21T16:42:41+00:00\",\"breadcrumb\":{\"@id\":\"https:\/\/roadtoromania.com\/fr\/vols-a-destination-de-bucarest-aeroport-d-otopeni\/#breadcrumb\"},\"inLanguage\":\"fr-FR\",\"potentialAction\":[{\"@type\":\"ReadAction\",\"target\":[\"https:\/\/roadtoromania.com\/fr\/vols-a-destination-de-bucarest-aeroport-d-otopeni\/\"]}]},{\"@type\":\"BreadcrumbList\",\"@id\":\"https:\/\/roadtoromania.com\/fr\/vols-a-destination-de-bucarest-aeroport-d-otopeni\/#breadcrumb\",\"itemListElement\":[{\"@type\":\"ListItem\",\"position\":1,\"name\":\"Home\",\"item\":\"https:\/\/roadtoromania.com\/fr\/\"},{\"@type\":\"ListItem\",\"position\":2,\"name\":\"Vols \u00e0 destination de Bucarest, a\u00e9roport d&#8217;Otopeni\"}]},{\"@type\":\"WebSite\",\"@id\":\"https:\/\/roadtoromania.com\/fr\/#website\",\"url\":\"https:\/\/roadtoromania.com\/fr\/\",\"name\":\"Road to Romania\",\"description\":\"Le blog o\u00f9 vous trouverez toutes les informations dont vous avez besoin pour profiter de la Roumanie.\",\"potentialAction\":[{\"@type\":\"SearchAction\",\"target\":{\"@type\":\"EntryPoint\",\"urlTemplate\":\"https:\/\/roadtoromania.com\/fr\/?s={search_term_string}\"},\"query-input\":\"required name=search_term_string\"}],\"inLanguage\":\"fr-FR\"}]}<\/script>\n<!-- \/ Yoast SEO plugin. -->","yoast_head_json":{"title":"Vols \u00e0 destination de Bucarest, a\u00e9roport d'Otopeni - Road to Romania","robots":{"index":"index","follow":"follow","max-snippet":"max-snippet:-1","max-image-preview":"max-image-preview:large","max-video-preview":"max-video-preview:-1"},"canonical":"https:\/\/roadtoromania.com\/fr\/vols-a-destination-de-bucarest-aeroport-d-otopeni\/","og_locale":"fr_FR","og_type":"article","og_title":"Vols \u00e0 destination de Bucarest, a\u00e9roport d'Otopeni - Road to Romania","og_description":"Bucarest poss\u00e8de l&#8217;a\u00e9roport le plus important de Roumanie, tant en termes d&#8217;installations que de liaisons. Bien que ce ne soit pas le seul a\u00e9roport international (voir notre section sur les a\u00e9roports roumains ), c&#8217;est celui qui propose le plus de vols vers le reste de l&#8217;Europe, l&#8217;Asie et l&#8217;Afrique, ainsi que des vols int\u00e9rieurs. Bien &hellip; Vols \u00e0 destination de Bucarest, a\u00e9roport d&#8217;Otopeni Lire la suite \u00bb","og_url":"https:\/\/roadtoromania.com\/fr\/vols-a-destination-de-bucarest-aeroport-d-otopeni\/","og_site_name":"Road to Romania","article_modified_time":"2022-10-21T16:42:41+00:00","og_image":[{"width":600,"height":300,"url":"https:\/\/roadtoromania.com\/wp-content\/uploads\/2022\/10\/otopeni-bucarest-aeropuerto-1.jpg","type":"image\/jpeg"}],"twitter_card":"summary_large_image","twitter_misc":{"Dur\u00e9e de lecture estim\u00e9e":"3 minutes"},"schema":{"@context":"https:\/\/schema.org","@graph":[{"@type":"WebPage","@id":"https:\/\/roadtoromania.com\/fr\/vols-a-destination-de-bucarest-aeroport-d-otopeni\/","url":"https:\/\/roadtoromania.com\/fr\/vols-a-destination-de-bucarest-aeroport-d-otopeni\/","name":"Vols \u00e0 destination de Bucarest, a\u00e9roport d'Otopeni - Road to Romania","isPartOf":{"@id":"https:\/\/roadtoromania.com\/fr\/#website"},"datePublished":"2022-10-15T18:40:18+00:00","dateModified":"2022-10-21T16:42:41+00:00","breadcrumb":{"@id":"https:\/\/roadtoromania.com\/fr\/vols-a-destination-de-bucarest-aeroport-d-otopeni\/#breadcrumb"},"inLanguage":"fr-FR","potentialAction":[{"@type":"ReadAction","target":["https:\/\/roadtoromania.com\/fr\/vols-a-destination-de-bucarest-aeroport-d-otopeni\/"]}]},{"@type":"BreadcrumbList","@id":"https:\/\/roadtoromania.com\/fr\/vols-a-destination-de-bucarest-aeroport-d-otopeni\/#breadcrumb","itemListElement":[{"@type":"ListItem","position":1,"name":"Home","item":"https:\/\/roadtoromania.com\/fr\/"},{"@type":"ListItem","position":2,"name":"Vols \u00e0 destination de Bucarest, a\u00e9roport d&#8217;Otopeni"}]},{"@type":"WebSite","@id":"https:\/\/roadtoromania.com\/fr\/#website","url":"https:\/\/roadtoromania.com\/fr\/","name":"Road to Romania","description":"Le blog o\u00f9 vous trouverez toutes les informations dont vous avez besoin pour profiter de la Roumanie.","potentialAction":[{"@type":"SearchAction","target":{"@type":"EntryPoint","urlTemplate":"https:\/\/roadtoromania.com\/fr\/?s={search_term_string}"},"query-input":"required name=search_term_string"}],"inLanguage":"fr-FR"}]}},"_links":{"self":[{"href":"https:\/\/roadtoromania.com\/fr\/wp-json\/wp\/v2\/pages\/3225","targetHints":{"allow":["GET"]}}],"collection":[{"href":"https:\/\/roadtoromania.com\/fr\/wp-json\/wp\/v2\/pages"}],"about":[{"href":"https:\/\/roadtoromania.com\/fr\/wp-json\/wp\/v2\/types\/page"}],"author":[{"embeddable":true,"href":"https:\/\/roadtoromania.com\/fr\/wp-json\/wp\/v2\/users\/1"}],"replies":[{"embeddable":true,"href":"https:\/\/roadtoromania.com\/fr\/wp-json\/wp\/v2\/comments?post=3225"}],"version-history":[{"count":2,"href":"https:\/\/roadtoromania.com\/fr\/wp-json\/wp\/v2\/pages\/3225\/revisions"}],"predecessor-version":[{"id":3247,"href":"https:\/\/roadtoromania.com\/fr\/wp-json\/wp\/v2\/pages\/3225\/revisions\/3247"}],"wp:featuredmedia":[{"embeddable":true,"href":"https:\/\/roadtoromania.com\/fr\/wp-json\/wp\/v2\/media\/1863"}],"wp:attachment":[{"href":"https:\/\/roadtoromania.com\/fr\/wp-json\/wp\/v2\/media?parent=3225"}],"curies":[{"name":"wp","href":"https:\/\/api.w.org\/{rel}","templated":true}]}}