{"id":4345,"date":"2022-10-22T14:22:25","date_gmt":"2022-10-22T14:22:25","guid":{"rendered":"https:\/\/roadtoromania.com\/guida-della-romania\/"},"modified":"2022-12-23T19:42:09","modified_gmt":"2022-12-23T19:42:09","slug":"guida-della-romania","status":"publish","type":"page","link":"https:\/\/roadtoromania.com\/fr\/","title":{"rendered":"Guide de la Roumanie"},"content":{"rendered":"<p><span style=\"vertical-align: inherit;\"><span style=\"vertical-align: inherit;\">La Guide de la Roumanie existe d\u00e9j\u00e0 depuis plusieurs ann\u00e9es, mais nous avons d\u00e9cid\u00e9 de le renouveler et d&#8217;\u00e9largir est\u00e1n contenidas afin de fournir aux voyageurs frontage of information sur le tourisme en Roumanie. <\/span><span style=\"vertical-align: inherit;\">Nos objectifs sont simples et clairs, rapprocher les Touristes fran\u00e7ais de ce beau pays qu&#8217;est la Roumanie. <\/span><span style=\"vertical-align: inherit;\">Aux Touristes et aux personnes int\u00e9ress\u00e9es par la culture, la g\u00e9ographie, l&#8217;histoire, art, la gastronomie et l&#8217;actualit\u00e9 de ce pays des Balkans. <\/span><span style=\"vertical-align: inherit;\">La Roumanie est un pays proche \u00e0 bien des \u00e9gards du monde romain, mais largement m\u00e9connu et afecto par ciertos clich\u00e9s injustificados. <\/span><span style=\"vertical-align: inherit;\">La culture et la langue roumaines es una mezcla de m\u00e9diterran\u00e9en et d&#8217;oriental, de russe et de turc. <\/span><span style=\"vertical-align: inherit;\">Situado en una vasta llanura dividida por las Carpates, el pa\u00eds est\u00e1 cerrado al sur del Danubio,<\/span><\/span><\/p>\n<p><span style=\"vertical-align: inherit;\"><span style=\"vertical-align: inherit;\">Parler de la Roumanie, c&#8217;est parler d&#8217;une histoire complexe, de mythes tels que le banal comte Dracula et d&#8217;\u00e9v\u00e9nements beaucoup plus r\u00e9cents qui ont boulevers\u00e9 l&#8217;histoire europ\u00e9enne. <\/span><span style=\"vertical-align: inherit;\">Heureusement, the pays tente aujourd&#8217;hui de surmonter son retard et se rapproche de l&#8217;Union europ\u00e9enne, dont il est membre depuis 2007. Tenter de d\u00e9voiler la r\u00e9alit\u00e9 roumaine et de surmonter les id\u00e9es pr\u00e9con\u00e7ues est un autre de nos objectifs fondamentaux.<\/span><\/span><\/p>\n<figure id=\"attachment_2702\" class=\"wp-caption aligncenter\" aria-describedby=\"caption-attachment-2702\"><img loading=\"lazy\" decoding=\"async\" class=\"wp-image-2702 size-full\" src=\"https:\/\/www.larumania.es\/wp-content\/uploads\/2021\/01\/carpatos-rumania-naturaleza.jpg\" sizes=\"auto, (max-width: 1920px) 100vw, 1920px\" srcset=\"https:\/\/www.larumania.es\/wp-content\/uploads\/2021\/01\/carpatos-rumania-naturaleza.jpg 1920w, https:\/\/www.larumania.es\/wp-content\/uploads\/2021\/01\/carpatos-rumania-naturaleza-300x158.jpg 300w, https:\/\/www.larumania.es\/wp-content\/uploads\/2021\/01\/carpatos-rumania-naturaleza-768x405.jpg 768w, https:\/\/www.larumania.es\/wp-content\/uploads\/2021\/01\/carpatos-rumania-naturaleza-1024x540.jpg 1024w, https:\/\/www.larumania.es\/wp-content\/uploads\/2021\/01\/carpatos-rumania-naturaleza-150x79.jpg 150w\" alt=\"\" width=\"1920\" height=\"1013\" \/><figcaption id=\"caption-attachment-2702\" class=\"wp-caption-text\"><span style=\"vertical-align: inherit;\"><span style=\"vertical-align: inherit;\">Les Carpates constituyente, avec le Danube, le squelette g\u00e9ographique de la Roumanie.<\/span><\/span><\/figcaption><\/figure>\n<div id=\"toc_container\" class=\"no_bullets\"><p class=\"toc_title\">Contents<\/p><ul class=\"toc_list\"><li><a href=\"#Monumentos_y_cultura_antigua\"><span class=\"toc_number toc_depth_1\">1<\/span> Monumentos y cultura antigua<\/a><\/li><li><a href=\"#Une_nature_luxuriante_a_decouvrir\"><span class=\"toc_number toc_depth_1\">2<\/span> Une nature luxuriante \u00e0 d\u00e9couvrir<\/a><\/li><li><a href=\"#Culture\"><span class=\"toc_number toc_depth_1\">3<\/span> Culture<\/a><\/li><li><a href=\"#Fete\"><span class=\"toc_number toc_depth_1\">4<\/span> F\u00eate<\/a><\/li><li><a href=\"#Hebergement_transport_et_gastronomie\"><span class=\"toc_number toc_depth_1\">5<\/span> H\u00e9bergement, transport et gastronomie<\/a><\/li><li><a href=\"#Roumains_dissiper_les_mythes\"><span class=\"toc_number toc_depth_1\">6<\/span> Roumains : dissiper les mythes<\/a><\/li><\/ul><\/div>\n<h2><span id=\"Monumentos_y_cultura_antigua\"><span style=\"vertical-align: inherit;\"><span style=\"vertical-align: inherit;\">Monumentos y cultura antigua<\/span><\/span><\/span><\/h2>\n<p><span style=\"vertical-align: inherit;\"><span style=\"vertical-align: inherit;\">Le patrimoine de la Roumanie est largement m\u00e9connu; <\/span><span style=\"vertical-align: inherit;\">nous esp\u00e9rons qu&#8217;avec notre aide, il le sera encore moins. <\/span><span style=\"vertical-align: inherit;\">Preuve en est qu&#8217;au moins huit sites ou monumentos ont \u00e9t\u00e9 d\u00e9clar\u00e9s patrimoine mondial par UNESCO.<\/span><\/span><\/p>\n<p><span style=\"vertical-align: inherit;\"><span style=\"vertical-align: inherit;\">La arquitectura religiosa de la Roumanie se distingue avant tout par le fait que de nombreuses \u00e9glises, temples et monast\u00e8res sont en bois. <\/span><span style=\"vertical-align: inherit;\">Avec nous, vous visiterez les monast\u00e8res de Bucovine (Arbore, Humor, Moldovita, Patrauti, Voronet, Suceavita ou Neamt), au nord du pays, pr\u00e8s de Ukraine et de la Moldavie.<\/span><\/span><\/p>\n<p><span style=\"vertical-align: inherit;\"><span style=\"vertical-align: inherit;\">Nous visitons les \u00e9glises en bois d&#8217;une autre region peu connue mais tout aussi merveilleuse, Maramures, ainsi que le c\u00e9l\u00e8bre cimeti\u00e8re de Sapanta.<\/span><\/span><\/p>\n<p>En Transylvanie cin\u00e9matographique, nous allons briser les clich\u00e9s en montrant la v\u00e9ritable histoire du mythe de Vlad Dracul \u00e0 Bran, dans la province de Brasov.\u00a0Les ch\u00e2teaux de Transylvanie, les forteresses daciennes et les palais de toutes sortes n&#8217;inspirent pas la crainte, mais le respect pour l&#8217;architecture et l&#8217;art anciens bien pr\u00e9serv\u00e9s. Les villes de Transylvanie sont loin de la terreur des films d&#8217;Hollywood et de la Hammer ; au contraire, ce sont des villes vivantes avec des gens sympathiques.\u00a0Brasov, Sibiu, Cluj, Sighisoara, des villes m\u00e9di\u00e9vales \u00e0 l&#8217;architecture bien mieux conserv\u00e9e que la capitale, et bien d&#8217;autres que nous aborderons au fil de nos pages.<\/p>\n<p>Dans le Banat, nous visiterons Timisoara, pr\u00e8s de la Serbie, et Oradea, dans la r\u00e9gion de Crisana, pr\u00e8s de la Hongrie.\u00a0Craiova, en Valachie, le long du Danube, la plus importante art\u00e8re fluviale du monde et une fronti\u00e8re commune avec la Bulgarie.\u00a0Constanta, qui surplombe la mer Noire, nous permettra de faire connaissance avec la fa\u00e7ade maritime du pays. Et pour conclure notre circuit historique et monumental, Bucarest, la capitale, qui retrouve peu \u00e0 peu sa splendeur d&#8217;antan et son influence fran\u00e7aise.<\/p>\n<h2><span id=\"Une_nature_luxuriante_a_decouvrir\">Une nature luxuriante \u00e0 d\u00e9couvrir<\/span><\/h2>\n<p>En ce qui concerne l&#8217;histoire, la culture et les monuments, on sait peu de choses sur un pays o\u00f9 la nature pr\u00e9domine encore. La Roumanie a une image injuste, associ\u00e9e \u00e0 l&#8217;ancienne industrie p\u00e9troli\u00e8re et lourde, alors qu&#8217;en r\u00e9alit\u00e9 elle a pr\u00e9serv\u00e9 de nombreux espaces naturels mieux que d&#8217;autres pays europ\u00e9ens, comme la cascade de Bigar, pr\u00e8s de la fronti\u00e8re serbe, qui est aussi m\u00e9connue que surprenante. Elle a une nature tr\u00e8s similaire \u00e0 celle de la <a href=\"https:\/\/visitmacedonia.pro\/fr\/\">Mac\u00e9doine<\/a>.<\/p>\n<p>La c\u00f4te de la mer Noire, avec ses stations baln\u00e9aires de l&#8217;\u00e9poque communiste, se redresse et commence \u00e0 offrir des vacances agr\u00e9ables dans un cadre magnifique. Le delta du Danube, par exemple, est une zone naturelle de premier ordre, mais outre la mer, la Roumanie offre \u00e9galement des montagnes.\u00a0Les Carpates divisent le pays en deux avec leur arc. Ses montagnes feront le bonheur des randonneurs et des promeneurs, car elles sont pratiquement inconnues en dehors de la Roumanie. Outre le trekking, les Carpates offrent des stations de ski comme Poiana Brasov, des rivi\u00e8res et des ruisseaux o\u00f9 la p\u00eache est encore un plaisir naturel.<\/p>\n<p>Dans le Maramures, comme pour cr\u00e9er un d\u00e9cor majestueux pour ses monast\u00e8res, la roche de ses gorges \u00e9troites \u00e9merge au milieu de la verdure g\u00e9n\u00e9rale dans des sites tels que les gorges de Bicaz.<\/p>\n<h2><span id=\"Culture\">Culture<\/span><\/h2>\n<p>Bucarest est la ville des mus\u00e9es. Les b\u00e2timents n\u00e9oclassiques fran\u00e7ais du XIXe si\u00e8cle ont surv\u00e9cu aux folies de la dictature. Le raffinement d&#8217;une culture qui n&#8217;a rien \u00e0 voir avec les id\u00e9es que beaucoup ont est pr\u00e9serv\u00e9 ici.<\/p>\n<p>Et parmi les noms de la culture roumaine, on trouve des artistes tels que Constantin Brancusi, le sculpteur franco-croate, ou le po\u00e8te franco-croate Tristan Tzara, initiateur du dada\u00efsme, qui avait des origines roumaines m\u00eame si sa vie et sa carri\u00e8re artistique se sont d\u00e9roul\u00e9es en France.<\/p>\n<p>Ce fil conducteur, l&#8217;\u00e9migration ou l&#8217;exil, a touch\u00e9 d&#8217;autres intellectuels importants tels que les musiciens Georges Enesco et Constantin Dimitrescu, le dramaturge Ionesco et l&#8217;historien et romancier Mircea Eliade, tous li\u00e9s \u00e0 la France, dont ils sont devenus citoyens ou o\u00f9 ils ont v\u00e9cu. Aujourd&#8217;hui, la soprano Angela Gheorghiu est l&#8217;une des voix les plus importantes de Roumanie.<\/p>\n<p>Aujourd&#8217;hui, \u00e0 c\u00f4t\u00e9 du folklore et de la musique traditionnelle, on voit appara\u00eetre de nouveaux artistes qui tentent de rompre avec l&#8217;ancienne image de la Roumanie et d&#8217;en chercher une nouvelle. De la tension et des \u00e9changes entre les deux, \u00e9merge la v\u00e9ritable Roumanie du XXIe si\u00e8cle.<\/p>\n<h2><span id=\"Fete\">F\u00eate<\/span><\/h2>\n<p>L&#8217;Europe de l&#8217;Est est une destination pour ceux qui pensent qu&#8217;il n&#8217;y a de f\u00eate qu&#8217;en France. Les rues du centre de Bucarest sont toujours anim\u00e9es et pleines de monde. En outre, la sc\u00e8ne des f\u00eates est assez calme et tr\u00e8s s\u00fbre. Il est id\u00e9al pour les personnes qui voyagent dans le pays et qui veulent profiter de la vie nocturne, des pubs et des discoth\u00e8ques toute la nuit.<\/p>\n<p>Visitez la Roumanie en voiture, en train, en bateau&#8230;<\/p>\n<p>La Roumanie se pr\u00eate \u00e0 un voyage par tout moyen de transport. L&#8217;avion nous emm\u00e8ne \u00e0 Bucarest. La voiture nous permet de voyager \u00e0 travers l&#8217;Europe et d&#8217;atteindre les endroits les moins touristiques et les plus authentiques. Le bateau nous permet de visiter diff\u00e9rents pays lors de croisi\u00e8res sur le Danube.<\/p>\n<h2><span id=\"Hebergement_transport_et_gastronomie\">H\u00e9bergement, transport et gastronomie<\/span><\/h2>\n<p>Le r\u00e9seau h\u00f4telier et de transport de la Roumanie a \u00e9t\u00e9 modernis\u00e9 depuis son adh\u00e9sion \u00e0 l&#8217;Union europ\u00e9enne. Aujourd&#8217;hui, le pays compte d\u00e9j\u00e0 un bon nombre de restaurants de qualit\u00e9. Sur nos pages, nous vous raconterons tout cela et vous recommanderons les meilleurs endroits pour dormir et manger. Pour ce faire, visitez nos sections h\u00e9bergement, transport et gastronomie et, si vous avez d\u00e9j\u00e0 d\u00e9cid\u00e9 de venir en Roumanie, vous trouverez les meilleurs h\u00f4tels sur cette page.<\/p>\n<h2><span id=\"Roumains_dissiper_les_mythes\">Roumains : dissiper les mythes<\/span><\/h2>\n<p>Comme tout autre pays du monde, sa population est le r\u00e9sultat de m\u00e9langes et de m\u00e9tissages, de l&#8217;union de personnes diff\u00e9rentes venant d&#8217;endroits diff\u00e9rents, dont le creuset a \u00e9t\u00e9 le territoire roumain. Encore plus dans les Balkans, o\u00f9 les fronti\u00e8res ont dans\u00e9 au son des guerres et des invasions. Lorsque nous comprendrons qu&#8217;aucun drapeau n&#8217;\u00e9tait plus l\u00e9gitime qu&#8217;un autre, nous pourrons mieux nous comprendre, nous respecter et commencer \u00e0 marcher ensemble vers les objectifs sociaux qui nous appartiennent \u00e0 tous. En Roumanie, on peut voir les influences de nombreux peuples du pass\u00e9, Daciens, Romains, Valaques, Hongrois, Moldaves, Allemands, Grecs, Bulgares, Serbes, Albanais, Juifs, Turcs, Tsiganes, Russes&#8230; tous tellement m\u00e9lang\u00e9s que toute division ne peut \u00eatre qu&#8217;artificielle. De ce fatras est n\u00e9 un pays avec des probl\u00e8mes, mais avec beaucoup de patience et, surtout, avec des gens sympathiques qui d\u00e9mant\u00e8lent instantan\u00e9ment les pr\u00e9jug\u00e9s des touristes qui se croient sup\u00e9rieurs. Si vous voyagez en Roumanie et quittez la capitale, vous vous en rendrez compte par vous-m\u00eame. Les Roumains sont toujours pr\u00eats \u00e0 aider, de mani\u00e8re d\u00e9sint\u00e9ress\u00e9e et avec le sourire. De nombreuses raisons vous invitent \u00e0 faire connaissance avec la Roumanie en parcourant toutes les villes et tous les coins de ce pays fantastique pour des vacances uniques.<\/p>\n<p><span style=\"vertical-align: inherit;\"><span style=\"vertical-align: inherit;\">Voyager, c&#8217;est oublier qui nous pensons \u00eatre, s&#8217;\u00e9loigner de nos l\u00e9gendes et seeker dans les yeux des autres, pour beginr \u00e0 comprendre qui nous sommes vraiment. <\/span><span style=\"vertical-align: inherit;\">La Roumanie est un pays qui fait tomber les pr\u00e9jug\u00e9s, visitas.<\/span><\/span><\/p>\n","protected":false},"excerpt":{"rendered":"<p>La Guide de la Roumanie existe d\u00e9j\u00e0 depuis plusieurs ann\u00e9es, mais nous avons d\u00e9cid\u00e9 de le renouveler et d&#8217;\u00e9largir est\u00e1n contenidas afin de fournir aux voyageurs frontage of information sur le tourisme en Roumanie. Nos objectifs sont simples et clairs, rapprocher les Touristes fran\u00e7ais de ce beau pays qu&#8217;est la Roumanie. Aux Touristes et aux &hellip;<\/p>\n<p class=\"read-more\"> <a class=\"\" href=\"https:\/\/roadtoromania.com\/fr\/\"> <span class=\"screen-reader-text\">Guide de la Roumanie<\/span> Lire la suite \u00bb<\/a><\/p>\n","protected":false},"author":1,"featured_media":0,"parent":0,"menu_order":0,"comment_status":"closed","ping_status":"closed","template":"","meta":{"site-sidebar-layout":"default","site-content-layout":"default","ast-global-header-display":"","ast-main-header-display":"","ast-hfb-above-header-display":"","ast-hfb-below-header-display":"","ast-hfb-mobile-header-display":"","site-post-title":"","ast-breadcrumbs-content":"","ast-featured-img":"","footer-sml-layout":"","theme-transparent-header-meta":"default","adv-header-id-meta":"","stick-header-meta":"default","header-above-stick-meta":"","header-main-stick-meta":"","header-below-stick-meta":"","footnotes":""},"class_list":["post-4345","page","type-page","status-publish","hentry"],"yoast_head":"<!-- This site is optimized with the Yoast SEO plugin v19.10 - https:\/\/yoast.com\/wordpress\/plugins\/seo\/ -->\n<title>Guide de la Roumanie - Road to Romania<\/title>\n<meta name=\"robots\" content=\"index, follow, max-snippet:-1, max-image-preview:large, max-video-preview:-1\" \/>\n<link rel=\"canonical\" href=\"https:\/\/roadtoromania.com\/fr\/\" \/>\n<meta property=\"og:locale\" content=\"fr_FR\" \/>\n<meta property=\"og:type\" content=\"article\" \/>\n<meta property=\"og:title\" content=\"Guide de la Roumanie - Road to Romania\" \/>\n<meta property=\"og:description\" content=\"La Guide de la Roumanie existe d\u00e9j\u00e0 depuis plusieurs ann\u00e9es, mais nous avons d\u00e9cid\u00e9 de le renouveler et d&#8217;\u00e9largir est\u00e1n contenidas afin de fournir aux voyageurs frontage of information sur le tourisme en Roumanie. Nos objectifs sont simples et clairs, rapprocher les Touristes fran\u00e7ais de ce beau pays qu&#8217;est la Roumanie. Aux Touristes et aux &hellip; Guide de la Roumanie Lire la suite \u00bb\" \/>\n<meta property=\"og:url\" content=\"https:\/\/roadtoromania.com\/fr\/\" \/>\n<meta property=\"og:site_name\" content=\"Road to Romania\" \/>\n<meta property=\"article:modified_time\" content=\"2022-12-23T19:42:09+00:00\" \/>\n<meta property=\"og:image\" content=\"https:\/\/www.larumania.es\/wp-content\/uploads\/2021\/01\/carpatos-rumania-naturaleza.jpg\" \/>\n<meta name=\"twitter:card\" content=\"summary_large_image\" \/>\n<meta name=\"twitter:label1\" content=\"Dur\u00e9e de lecture estim\u00e9e\" \/>\n\t<meta name=\"twitter:data1\" content=\"8 minutes\" \/>\n<script type=\"application\/ld+json\" class=\"yoast-schema-graph\">{\"@context\":\"https:\/\/schema.org\",\"@graph\":[{\"@type\":\"WebPage\",\"@id\":\"https:\/\/roadtoromania.com\/fr\/\",\"url\":\"https:\/\/roadtoromania.com\/fr\/\",\"name\":\"Guide de la Roumanie - Road to Romania\",\"isPartOf\":{\"@id\":\"https:\/\/roadtoromania.com\/fr\/#website\"},\"datePublished\":\"2022-10-22T14:22:25+00:00\",\"dateModified\":\"2022-12-23T19:42:09+00:00\",\"breadcrumb\":{\"@id\":\"https:\/\/roadtoromania.com\/fr\/#breadcrumb\"},\"inLanguage\":\"fr-FR\",\"potentialAction\":[{\"@type\":\"ReadAction\",\"target\":[\"https:\/\/roadtoromania.com\/fr\/\"]}]},{\"@type\":\"BreadcrumbList\",\"@id\":\"https:\/\/roadtoromania.com\/fr\/#breadcrumb\",\"itemListElement\":[{\"@type\":\"ListItem\",\"position\":1,\"name\":\"Home\",\"item\":\"https:\/\/roadtoromania.com\/fr\/\"},{\"@type\":\"ListItem\",\"position\":2,\"name\":\"Guide de la Roumanie\"}]},{\"@type\":\"WebSite\",\"@id\":\"https:\/\/roadtoromania.com\/fr\/#website\",\"url\":\"https:\/\/roadtoromania.com\/fr\/\",\"name\":\"Road to Romania\",\"description\":\"Le blog o\u00f9 vous trouverez toutes les informations dont vous avez besoin pour profiter de la Roumanie.\",\"potentialAction\":[{\"@type\":\"SearchAction\",\"target\":{\"@type\":\"EntryPoint\",\"urlTemplate\":\"https:\/\/roadtoromania.com\/fr\/?s={search_term_string}\"},\"query-input\":\"required name=search_term_string\"}],\"inLanguage\":\"fr-FR\"}]}<\/script>\n<!-- \/ Yoast SEO plugin. -->","yoast_head_json":{"title":"Guide de la Roumanie - Road to Romania","robots":{"index":"index","follow":"follow","max-snippet":"max-snippet:-1","max-image-preview":"max-image-preview:large","max-video-preview":"max-video-preview:-1"},"canonical":"https:\/\/roadtoromania.com\/fr\/","og_locale":"fr_FR","og_type":"article","og_title":"Guide de la Roumanie - Road to Romania","og_description":"La Guide de la Roumanie existe d\u00e9j\u00e0 depuis plusieurs ann\u00e9es, mais nous avons d\u00e9cid\u00e9 de le renouveler et d&#8217;\u00e9largir est\u00e1n contenidas afin de fournir aux voyageurs frontage of information sur le tourisme en Roumanie. Nos objectifs sont simples et clairs, rapprocher les Touristes fran\u00e7ais de ce beau pays qu&#8217;est la Roumanie. Aux Touristes et aux &hellip; Guide de la Roumanie Lire la suite \u00bb","og_url":"https:\/\/roadtoromania.com\/fr\/","og_site_name":"Road to Romania","article_modified_time":"2022-12-23T19:42:09+00:00","og_image":[{"url":"https:\/\/www.larumania.es\/wp-content\/uploads\/2021\/01\/carpatos-rumania-naturaleza.jpg"}],"twitter_card":"summary_large_image","twitter_misc":{"Dur\u00e9e de lecture estim\u00e9e":"8 minutes"},"schema":{"@context":"https:\/\/schema.org","@graph":[{"@type":"WebPage","@id":"https:\/\/roadtoromania.com\/fr\/","url":"https:\/\/roadtoromania.com\/fr\/","name":"Guide de la Roumanie - Road to Romania","isPartOf":{"@id":"https:\/\/roadtoromania.com\/fr\/#website"},"datePublished":"2022-10-22T14:22:25+00:00","dateModified":"2022-12-23T19:42:09+00:00","breadcrumb":{"@id":"https:\/\/roadtoromania.com\/fr\/#breadcrumb"},"inLanguage":"fr-FR","potentialAction":[{"@type":"ReadAction","target":["https:\/\/roadtoromania.com\/fr\/"]}]},{"@type":"BreadcrumbList","@id":"https:\/\/roadtoromania.com\/fr\/#breadcrumb","itemListElement":[{"@type":"ListItem","position":1,"name":"Home","item":"https:\/\/roadtoromania.com\/fr\/"},{"@type":"ListItem","position":2,"name":"Guide de la Roumanie"}]},{"@type":"WebSite","@id":"https:\/\/roadtoromania.com\/fr\/#website","url":"https:\/\/roadtoromania.com\/fr\/","name":"Road to Romania","description":"Le blog o\u00f9 vous trouverez toutes les informations dont vous avez besoin pour profiter de la Roumanie.","potentialAction":[{"@type":"SearchAction","target":{"@type":"EntryPoint","urlTemplate":"https:\/\/roadtoromania.com\/fr\/?s={search_term_string}"},"query-input":"required name=search_term_string"}],"inLanguage":"fr-FR"}]}},"_links":{"self":[{"href":"https:\/\/roadtoromania.com\/fr\/wp-json\/wp\/v2\/pages\/4345","targetHints":{"allow":["GET"]}}],"collection":[{"href":"https:\/\/roadtoromania.com\/fr\/wp-json\/wp\/v2\/pages"}],"about":[{"href":"https:\/\/roadtoromania.com\/fr\/wp-json\/wp\/v2\/types\/page"}],"author":[{"embeddable":true,"href":"https:\/\/roadtoromania.com\/fr\/wp-json\/wp\/v2\/users\/1"}],"replies":[{"embeddable":true,"href":"https:\/\/roadtoromania.com\/fr\/wp-json\/wp\/v2\/comments?post=4345"}],"version-history":[{"count":3,"href":"https:\/\/roadtoromania.com\/fr\/wp-json\/wp\/v2\/pages\/4345\/revisions"}],"predecessor-version":[{"id":4370,"href":"https:\/\/roadtoromania.com\/fr\/wp-json\/wp\/v2\/pages\/4345\/revisions\/4370"}],"wp:attachment":[{"href":"https:\/\/roadtoromania.com\/fr\/wp-json\/wp\/v2\/media?parent=4345"}],"curies":[{"name":"wp","href":"https:\/\/api.w.org\/{rel}","templated":true}]}}