{"id":3772,"date":"2022-10-15T18:40:09","date_gmt":"2022-10-15T18:40:09","guid":{"rendered":"https:\/\/roadtoromania.com\/luchthavens-in-roemenie\/"},"modified":"2022-10-22T12:18:42","modified_gmt":"2022-10-22T12:18:42","slug":"luchthavens-in-roemenie","status":"publish","type":"page","link":"https:\/\/roadtoromania.com\/nl\/luchthavens-in-roemenie\/","title":{"rendered":"Luchthavens in Roemeni\u00eb"},"content":{"rendered":"<p>De laatste jaren <strong>heeft Roemeni\u00eb<\/strong> geprofiteerd van de opkomst van goedkope luchtvaartmaatschappijen die <strong>goedkope vluchten<\/strong> naar de belangrijkste Roemeense steden aanbieden. Terwijl het vroeger alleen mogelijk was rechtstreeks naar Boekarest te vliegen, hebben Vueling, Ryanair, Wizzar en BlueAir nu wekelijkse vluchten naar Roemeni\u00eb.<\/p>\n<p><strong>Otopeni<\/strong> en <strong>B\u0103neasa<\/strong> zijn de twee luchthavens van Boekarest. <strong>Otopeni<\/strong> is de belangrijkste luchthaven, met internationale verbindingen naar heel Europa, en is een van de belangrijkste luchthavens in Oost-Europa. Het verbindt de hoofdstad ook met andere steden zoals Cluj in het noorden, Timisoara of Arad in het westen, of Constanta in het oosten,<img decoding=\"async\" src=\"https:\/\/roadtoromania.com\/wp-content\/uploads\/2022\/10\/aeropuertos_rumania.gif\" \/><\/p>\n<p>Kaart van luchthavens in Roemeni\u00eb<\/p>\n<h2>lijst van alle luchthavens in Roemeni\u00eb<\/h2>\n<p><strong>Arad<\/strong> &#8211; Arad International Airport<\/p>\n<p><strong>Bac\u0103u<\/strong> &#8211; Bac\u0103u International Airport<\/p>\n<p><strong>Baia Mare<\/strong> &#8211; Baia Mare Airport (T\u0103u\u0163ii-M\u0103gher\u0103u\u015f Airport)<\/p>\n<p><strong>Boekarest<\/strong> \/ B\u0103neasa Boekarest &#8220;Aurel Vlaicu&#8221; Internationale Luchthaven<\/p>\n<p><a href=\"https:\/\/roadtoromania.com\/nl\/vluchten-naar-boekarest\/\"> <strong>Boekarest<\/strong> \/ Otopeni Buchares<\/a> t &#8220;Henri Coand\u01ce&#8221; International Airport<\/p>\n<p><strong>Caransebe\u015f \/ Re\u015fi\u0163a<\/strong> -Caransebe\u0219 Airport<\/p>\n<p><a href=\"https:\/\/roadtoromania.com\/nl\/cluj-napoca-luchthaven\/\"> <strong>Cluj-Napoca<\/strong><\/a> &#8211; Cluj-Napoca International Airport<\/p>\n<p><strong>Constanta<\/strong> &#8211; Constan\u0163a &#8220;Mihail Kog\u0103lniceanu&#8221; Internationale Luchthaven<\/p>\n<p><strong>Craiova<\/strong> &#8211; Craiova Airport<\/p>\n<p><strong>Ia\u0219i<\/strong> &#8211; Ia\u0219i International Airport<\/p>\n<p><strong>Oradea<\/strong> &#8211; Oradea International Airport<\/p>\n<p><a href=\"https:\/\/roadtoromania.com\/nl\/steden-en-regio-s-van-roemenie\/satu-mare\/\"> <strong>Satu Mare<\/strong><\/a> &#8211; Satu Mare International Airport<\/p>\n<p><strong>Sibiu<\/strong> &#8211; Sibiu International Airport<\/p>\n<p><strong>Suceava<\/strong> &#8211; Suceava Airport<\/p>\n<p><strong>T\u00e2rgu Mure\u015f<\/strong> &#8211; T\u00e2rgu Mure\u015f International Airport<\/p>\n<p><strong>Timi\u015foara<\/strong> -Timi\u015foara &#8220;Traian Vuia&#8221; International Airport<\/p>\n<p><strong>Tulcea<\/strong> &#8211; &#8220;Delta Dunarii&#8221; Tulcea Airport (Cataloi Airport)<\/p>\n","protected":false},"excerpt":{"rendered":"<p>De laatste jaren heeft Roemeni\u00eb geprofiteerd van de opkomst van goedkope luchtvaartmaatschappijen die goedkope vluchten naar de belangrijkste Roemeense steden aanbieden. Terwijl het vroeger alleen mogelijk was rechtstreeks naar Boekarest te vliegen, hebben Vueling, Ryanair, Wizzar en BlueAir nu wekelijkse vluchten naar Roemeni\u00eb. Otopeni en B\u0103neasa zijn de twee luchthavens van Boekarest. Otopeni is de &hellip;<\/p>\n<p class=\"read-more\"> <a class=\"\" href=\"https:\/\/roadtoromania.com\/nl\/luchthavens-in-roemenie\/\"> <span class=\"screen-reader-text\">Luchthavens in Roemeni\u00eb<\/span> Lees verder \u00bb<\/a><\/p>\n","protected":false},"author":1,"featured_media":964,"parent":0,"menu_order":0,"comment_status":"open","ping_status":"open","template":"","meta":{"site-sidebar-layout":"default","site-content-layout":"default","ast-global-header-display":"","ast-main-header-display":"","ast-hfb-above-header-display":"","ast-hfb-below-header-display":"","ast-hfb-mobile-header-display":"","site-post-title":"","ast-breadcrumbs-content":"","ast-featured-img":"","footer-sml-layout":"","theme-transparent-header-meta":"default","adv-header-id-meta":"","stick-header-meta":"default","header-above-stick-meta":"","header-main-stick-meta":"","header-below-stick-meta":"","footnotes":""},"class_list":["post-3772","page","type-page","status-publish","has-post-thumbnail","hentry"],"yoast_head":"<!-- This site is optimized with the Yoast SEO plugin v19.10 - https:\/\/yoast.com\/wordpress\/plugins\/seo\/ -->\n<title>Luchthavens in Roemeni\u00eb - Road to Romania<\/title>\n<meta name=\"robots\" content=\"index, follow, max-snippet:-1, max-image-preview:large, max-video-preview:-1\" \/>\n<link rel=\"canonical\" href=\"https:\/\/roadtoromania.com\/nl\/luchthavens-in-roemenie\/\" \/>\n<meta property=\"og:locale\" content=\"nl_NL\" \/>\n<meta property=\"og:type\" content=\"article\" \/>\n<meta property=\"og:title\" content=\"Luchthavens in Roemeni\u00eb - Road to Romania\" \/>\n<meta property=\"og:description\" content=\"De laatste jaren heeft Roemeni\u00eb geprofiteerd van de opkomst van goedkope luchtvaartmaatschappijen die goedkope vluchten naar de belangrijkste Roemeense steden aanbieden. Terwijl het vroeger alleen mogelijk was rechtstreeks naar Boekarest te vliegen, hebben Vueling, Ryanair, Wizzar en BlueAir nu wekelijkse vluchten naar Roemeni\u00eb. Otopeni en B\u0103neasa zijn de twee luchthavens van Boekarest. Otopeni is de &hellip; Luchthavens in Roemeni\u00eb Lees verder \u00bb\" \/>\n<meta property=\"og:url\" content=\"https:\/\/roadtoromania.com\/nl\/luchthavens-in-roemenie\/\" \/>\n<meta property=\"og:site_name\" content=\"Road to Romania\" \/>\n<meta property=\"article:modified_time\" content=\"2022-10-22T12:18:42+00:00\" \/>\n<meta property=\"og:image\" content=\"https:\/\/roadtoromania.com\/wp-content\/uploads\/2022\/10\/aeropuertos_rumania-1.gif\" \/>\n\t<meta property=\"og:image:width\" content=\"667\" \/>\n\t<meta property=\"og:image:height\" content=\"490\" \/>\n\t<meta property=\"og:image:type\" content=\"image\/gif\" \/>\n<meta name=\"twitter:card\" content=\"summary_large_image\" \/>\n<meta name=\"twitter:label1\" content=\"Geschatte leestijd\" \/>\n\t<meta name=\"twitter:data1\" content=\"2 minuten\" \/>\n<script type=\"application\/ld+json\" class=\"yoast-schema-graph\">{\"@context\":\"https:\/\/schema.org\",\"@graph\":[{\"@type\":\"WebPage\",\"@id\":\"https:\/\/roadtoromania.com\/nl\/luchthavens-in-roemenie\/\",\"url\":\"https:\/\/roadtoromania.com\/nl\/luchthavens-in-roemenie\/\",\"name\":\"Luchthavens in Roemeni\u00eb - Road to Romania\",\"isPartOf\":{\"@id\":\"https:\/\/roadtoromania.com\/nl\/#website\"},\"datePublished\":\"2022-10-15T18:40:09+00:00\",\"dateModified\":\"2022-10-22T12:18:42+00:00\",\"breadcrumb\":{\"@id\":\"https:\/\/roadtoromania.com\/nl\/luchthavens-in-roemenie\/#breadcrumb\"},\"inLanguage\":\"nl-NL\",\"potentialAction\":[{\"@type\":\"ReadAction\",\"target\":[\"https:\/\/roadtoromania.com\/nl\/luchthavens-in-roemenie\/\"]}]},{\"@type\":\"BreadcrumbList\",\"@id\":\"https:\/\/roadtoromania.com\/nl\/luchthavens-in-roemenie\/#breadcrumb\",\"itemListElement\":[{\"@type\":\"ListItem\",\"position\":1,\"name\":\"Home\",\"item\":\"https:\/\/roadtoromania.com\/nl\/\"},{\"@type\":\"ListItem\",\"position\":2,\"name\":\"Luchthavens in Roemeni\u00eb\"}]},{\"@type\":\"WebSite\",\"@id\":\"https:\/\/roadtoromania.com\/nl\/#website\",\"url\":\"https:\/\/roadtoromania.com\/nl\/\",\"name\":\"Road to Romania\",\"description\":\"De blog waar u alle informatie vindt om van Roemeni\u00eb te genieten.\",\"potentialAction\":[{\"@type\":\"SearchAction\",\"target\":{\"@type\":\"EntryPoint\",\"urlTemplate\":\"https:\/\/roadtoromania.com\/nl\/?s={search_term_string}\"},\"query-input\":\"required name=search_term_string\"}],\"inLanguage\":\"nl-NL\"}]}<\/script>\n<!-- \/ Yoast SEO plugin. -->","yoast_head_json":{"title":"Luchthavens in Roemeni\u00eb - Road to Romania","robots":{"index":"index","follow":"follow","max-snippet":"max-snippet:-1","max-image-preview":"max-image-preview:large","max-video-preview":"max-video-preview:-1"},"canonical":"https:\/\/roadtoromania.com\/nl\/luchthavens-in-roemenie\/","og_locale":"nl_NL","og_type":"article","og_title":"Luchthavens in Roemeni\u00eb - Road to Romania","og_description":"De laatste jaren heeft Roemeni\u00eb geprofiteerd van de opkomst van goedkope luchtvaartmaatschappijen die goedkope vluchten naar de belangrijkste Roemeense steden aanbieden. Terwijl het vroeger alleen mogelijk was rechtstreeks naar Boekarest te vliegen, hebben Vueling, Ryanair, Wizzar en BlueAir nu wekelijkse vluchten naar Roemeni\u00eb. Otopeni en B\u0103neasa zijn de twee luchthavens van Boekarest. Otopeni is de &hellip; Luchthavens in Roemeni\u00eb Lees verder \u00bb","og_url":"https:\/\/roadtoromania.com\/nl\/luchthavens-in-roemenie\/","og_site_name":"Road to Romania","article_modified_time":"2022-10-22T12:18:42+00:00","og_image":[{"width":667,"height":490,"url":"https:\/\/roadtoromania.com\/wp-content\/uploads\/2022\/10\/aeropuertos_rumania-1.gif","type":"image\/gif"}],"twitter_card":"summary_large_image","twitter_misc":{"Geschatte leestijd":"2 minuten"},"schema":{"@context":"https:\/\/schema.org","@graph":[{"@type":"WebPage","@id":"https:\/\/roadtoromania.com\/nl\/luchthavens-in-roemenie\/","url":"https:\/\/roadtoromania.com\/nl\/luchthavens-in-roemenie\/","name":"Luchthavens in Roemeni\u00eb - Road to Romania","isPartOf":{"@id":"https:\/\/roadtoromania.com\/nl\/#website"},"datePublished":"2022-10-15T18:40:09+00:00","dateModified":"2022-10-22T12:18:42+00:00","breadcrumb":{"@id":"https:\/\/roadtoromania.com\/nl\/luchthavens-in-roemenie\/#breadcrumb"},"inLanguage":"nl-NL","potentialAction":[{"@type":"ReadAction","target":["https:\/\/roadtoromania.com\/nl\/luchthavens-in-roemenie\/"]}]},{"@type":"BreadcrumbList","@id":"https:\/\/roadtoromania.com\/nl\/luchthavens-in-roemenie\/#breadcrumb","itemListElement":[{"@type":"ListItem","position":1,"name":"Home","item":"https:\/\/roadtoromania.com\/nl\/"},{"@type":"ListItem","position":2,"name":"Luchthavens in Roemeni\u00eb"}]},{"@type":"WebSite","@id":"https:\/\/roadtoromania.com\/nl\/#website","url":"https:\/\/roadtoromania.com\/nl\/","name":"Road to Romania","description":"De blog waar u alle informatie vindt om van Roemeni\u00eb te genieten.","potentialAction":[{"@type":"SearchAction","target":{"@type":"EntryPoint","urlTemplate":"https:\/\/roadtoromania.com\/nl\/?s={search_term_string}"},"query-input":"required name=search_term_string"}],"inLanguage":"nl-NL"}]}},"_links":{"self":[{"href":"https:\/\/roadtoromania.com\/nl\/wp-json\/wp\/v2\/pages\/3772","targetHints":{"allow":["GET"]}}],"collection":[{"href":"https:\/\/roadtoromania.com\/nl\/wp-json\/wp\/v2\/pages"}],"about":[{"href":"https:\/\/roadtoromania.com\/nl\/wp-json\/wp\/v2\/types\/page"}],"author":[{"embeddable":true,"href":"https:\/\/roadtoromania.com\/nl\/wp-json\/wp\/v2\/users\/1"}],"replies":[{"embeddable":true,"href":"https:\/\/roadtoromania.com\/nl\/wp-json\/wp\/v2\/comments?post=3772"}],"version-history":[{"count":2,"href":"https:\/\/roadtoromania.com\/nl\/wp-json\/wp\/v2\/pages\/3772\/revisions"}],"predecessor-version":[{"id":4251,"href":"https:\/\/roadtoromania.com\/nl\/wp-json\/wp\/v2\/pages\/3772\/revisions\/4251"}],"wp:featuredmedia":[{"embeddable":true,"href":"https:\/\/roadtoromania.com\/nl\/wp-json\/wp\/v2\/media\/964"}],"wp:attachment":[{"href":"https:\/\/roadtoromania.com\/nl\/wp-json\/wp\/v2\/media?parent=3772"}],"curies":[{"name":"wp","href":"https:\/\/api.w.org\/{rel}","templated":true}]}}