{"id":3776,"date":"2022-10-15T18:40:09","date_gmt":"2022-10-15T18:40:09","guid":{"rendered":"https:\/\/roadtoromania.com\/autoverhuur-in-roemenie\/"},"modified":"2022-10-22T09:42:45","modified_gmt":"2022-10-22T09:42:45","slug":"autoverhuur-in-roemenie","status":"publish","type":"page","link":"https:\/\/roadtoromania.com\/nl\/autoverhuur-in-roemenie\/","title":{"rendered":"Autoverhuur in Roemeni\u00eb"},"content":{"rendered":"<p> <strong>Roemeni\u00eb<\/strong> en <strong>RentalCars<\/strong> hebben hun krachten gebundeld om u de beste deal voor autoverhuur over de hele wereld te bieden. Met 4000 afhaallocaties wereldwijd, weten we zeker dat u vindt wat u nodig hebt. Gebruik de zoekmachine om een auto te huren in Roemeni\u00eb.<\/p>\n<p>\nWij brengen geen kosten in rekening voor het maken of wijzigen van uw autohuur reservering, noch rekenen wij extra kosten voor creditcard gebruik of voor het ophalen van uw auto op de luchthaven. U krijgt een uitstekende klantenservice, samen met de beste auto tegen de goedkoopst mogelijke prijs. Op deze manier zal het huren van een auto de goedkoopste en meest economische manier zijn om een auto te huren in Roemeni\u00eb.<\/p>\n<p>\nHet is gebruikelijk om een auto te huren in de belangrijkste luchthavens of steden zoals Boekarest, Constanta, Sibiu, Oradea, Suceava, Cluj Nappca, Iasi, Craiova, Timisoara, T\u00e2rgu Mure\u015f, Bac\u0103u, Suceava of Satu Mare.\u00a0Voor informatie over <a href=\"https:\/\/roadtoromania.com\/nl\/huur-een-auto-in-boekarest\/\"> <strong>autoverhuur in Boekarest<\/strong><\/a> t en op de luchthaven.<\/p>\n<p>\nEen andere optie is <a href=\"https:\/\/roadtoromania.com\/nl\/huur-een-camper-in-roemenie\/\"> <strong>een camper of camper te huren in Roemeni\u00eb<\/strong><\/a> om het land te ontdekken en accommodatie te vergeten.<\/p>\n<p> Rijden in Roemeni\u00eb<\/strong> <\/h3>\n<p>\nIn Roemeni\u00eb zijn veel <strong>snelwegen niet volledig aangelegd en wisselen voltooide delen en delen in aanleg elkaar af, of wegen met slechts \u00e9\u00e9n rijstrook per richting. De <strong>belangrijkste snelwegen in Roemeni\u00eb zijn de A1 (van Boekarest &#8211; Pite\u015fti &#8211; R\u00e2mnicu V\u00e2lcea &#8211; Sibiu &#8211; Deva &#8211; Timi\u015foara &#8211; Arad &#8211; naar N\u0103dlac in Hongarije), de A2 (Boekarest &#8211; Fete\u015fti &#8211; Cernavod\u0103 naar Constan\u0163a), de A3 (Boekarest &#8211; Fete\u015fti &#8211; Cernavod\u0103 naar Constan\u0163a); de A3 die ook van Boekarest naar Ploie\u015fti &#8211; Bra\u015fov &#8211; Sighi\u015foara &#8211; T\u00e2rgu Mure\u015f &#8211; Cluj-Napoca &#8211; Zal\u0103u &#8211; Oradea en Bor\u015f in Hongarije gaat); de A4 die van Ovidiu naar Agigea &#8211; Mangalia en Vama Veche in Bulgarije gaat.<\/p>\n<p>\nOf u nu met uw eigen auto rijdt of met een huurauto, het is sterk aanbevolen om een GPS of een gedetailleerde kaart van de wegen in Roemeni\u00eb bij u te hebben, omdat de aanwijzingen en borden soms verwarrend of niet-bestaand zijn.<\/p>\n<p>\nDe steden in Roemeni\u00eb waar u een auto kunt huren zijn:<\/p>\n<ul>\n<li>\nArad<\/li>\n<li>\nBacau<\/li>\n<li>\nBaia Mare<\/li>\n<li>\n<a href=\"https:\/\/roadtoromania.com\/nl\/steden-en-regio-s-van-roemenie\/brasov\/\">Brasov<\/a> .<\/li>\n<li>\n<a href=\"https:\/\/roadtoromania.com\/nl\/steden-en-regio-s-van-roemenie\/boekarest\/\">Boekarest<\/a> .<\/li>\n<li>.<br \/>\n<a href=\"https:\/\/roadtoromania.com\/nl\/steden-en-regio-s-van-roemenie\/cluj-napoca\/\">Cluj &#8211; Napoca<\/a> .<\/li>\n<li>\n<a href=\"https:\/\/roadtoromania.com\/nl\/steden-en-regio-s-van-roemenie\/constanza\/\">Constanta<\/a> .<\/li>\n<li>.<br \/>\n<a href=\"https:\/\/roadtoromania.com\/nl\/steden-en-regio-s-van-roemenie\/iasi\/\">Iasi<\/a> .<\/li>\n<li>.<br \/>\nOradea<\/li>\n<li>\n<a href=\"https:\/\/roadtoromania.com\/nl\/steden-en-regio-s-van-roemenie\/sibiu\/\">Sibiu<\/a> .<\/li>\n<li>\nSuceava<\/li>\n<li>\n<a href=\"https:\/\/roadtoromania.com\/nl\/steden-en-regio-s-van-roemenie\/timisoara\/\">Timisoara<\/a> .<\/li>\n<\/ul>\n","protected":false},"excerpt":{"rendered":"<p>Roemeni\u00eb en RentalCars hebben hun krachten gebundeld om u de beste deal voor autoverhuur over de hele wereld te bieden. Met 4000 afhaallocaties wereldwijd, weten we zeker dat u vindt wat u nodig hebt. Gebruik de zoekmachine om een auto te huren in Roemeni\u00eb. Wij brengen geen kosten in rekening voor het maken of wijzigen &hellip;<\/p>\n<p class=\"read-more\"> <a class=\"\" href=\"https:\/\/roadtoromania.com\/nl\/autoverhuur-in-roemenie\/\"> <span class=\"screen-reader-text\">Autoverhuur in Roemeni\u00eb<\/span> Lees verder \u00bb<\/a><\/p>\n","protected":false},"author":1,"featured_media":0,"parent":0,"menu_order":0,"comment_status":"open","ping_status":"open","template":"","meta":{"site-sidebar-layout":"default","site-content-layout":"default","ast-global-header-display":"","ast-main-header-display":"","ast-hfb-above-header-display":"","ast-hfb-below-header-display":"","ast-hfb-mobile-header-display":"","site-post-title":"","ast-breadcrumbs-content":"","ast-featured-img":"","footer-sml-layout":"","theme-transparent-header-meta":"","adv-header-id-meta":"","stick-header-meta":"","header-above-stick-meta":"","header-main-stick-meta":"","header-below-stick-meta":"","footnotes":""},"class_list":["post-3776","page","type-page","status-publish","hentry"],"yoast_head":"<!-- This site is optimized with the Yoast SEO plugin v19.10 - https:\/\/yoast.com\/wordpress\/plugins\/seo\/ -->\n<title>Autoverhuur in Roemeni\u00eb - Road to Romania<\/title>\n<meta name=\"robots\" content=\"index, follow, max-snippet:-1, max-image-preview:large, max-video-preview:-1\" \/>\n<link rel=\"canonical\" href=\"https:\/\/roadtoromania.com\/nl\/autoverhuur-in-roemenie\/\" \/>\n<meta property=\"og:locale\" content=\"nl_NL\" \/>\n<meta property=\"og:type\" content=\"article\" \/>\n<meta property=\"og:title\" content=\"Autoverhuur in Roemeni\u00eb - Road to Romania\" \/>\n<meta property=\"og:description\" content=\"Roemeni\u00eb en RentalCars hebben hun krachten gebundeld om u de beste deal voor autoverhuur over de hele wereld te bieden. Met 4000 afhaallocaties wereldwijd, weten we zeker dat u vindt wat u nodig hebt. Gebruik de zoekmachine om een auto te huren in Roemeni\u00eb. Wij brengen geen kosten in rekening voor het maken of wijzigen &hellip; Autoverhuur in Roemeni\u00eb Lees verder \u00bb\" \/>\n<meta property=\"og:url\" content=\"https:\/\/roadtoromania.com\/nl\/autoverhuur-in-roemenie\/\" \/>\n<meta property=\"og:site_name\" content=\"Road to Romania\" \/>\n<meta property=\"article:modified_time\" content=\"2022-10-22T09:42:45+00:00\" \/>\n<meta name=\"twitter:card\" content=\"summary_large_image\" \/>\n<meta name=\"twitter:label1\" content=\"Geschatte leestijd\" \/>\n\t<meta name=\"twitter:data1\" content=\"2 minuten\" \/>\n<script type=\"application\/ld+json\" class=\"yoast-schema-graph\">{\"@context\":\"https:\/\/schema.org\",\"@graph\":[{\"@type\":\"WebPage\",\"@id\":\"https:\/\/roadtoromania.com\/nl\/autoverhuur-in-roemenie\/\",\"url\":\"https:\/\/roadtoromania.com\/nl\/autoverhuur-in-roemenie\/\",\"name\":\"Autoverhuur in Roemeni\u00eb - Road to Romania\",\"isPartOf\":{\"@id\":\"https:\/\/roadtoromania.com\/nl\/#website\"},\"datePublished\":\"2022-10-15T18:40:09+00:00\",\"dateModified\":\"2022-10-22T09:42:45+00:00\",\"breadcrumb\":{\"@id\":\"https:\/\/roadtoromania.com\/nl\/autoverhuur-in-roemenie\/#breadcrumb\"},\"inLanguage\":\"nl-NL\",\"potentialAction\":[{\"@type\":\"ReadAction\",\"target\":[\"https:\/\/roadtoromania.com\/nl\/autoverhuur-in-roemenie\/\"]}]},{\"@type\":\"BreadcrumbList\",\"@id\":\"https:\/\/roadtoromania.com\/nl\/autoverhuur-in-roemenie\/#breadcrumb\",\"itemListElement\":[{\"@type\":\"ListItem\",\"position\":1,\"name\":\"Home\",\"item\":\"https:\/\/roadtoromania.com\/nl\/\"},{\"@type\":\"ListItem\",\"position\":2,\"name\":\"Autoverhuur in Roemeni\u00eb\"}]},{\"@type\":\"WebSite\",\"@id\":\"https:\/\/roadtoromania.com\/nl\/#website\",\"url\":\"https:\/\/roadtoromania.com\/nl\/\",\"name\":\"Road to Romania\",\"description\":\"De blog waar u alle informatie vindt om van Roemeni\u00eb te genieten.\",\"potentialAction\":[{\"@type\":\"SearchAction\",\"target\":{\"@type\":\"EntryPoint\",\"urlTemplate\":\"https:\/\/roadtoromania.com\/nl\/?s={search_term_string}\"},\"query-input\":\"required name=search_term_string\"}],\"inLanguage\":\"nl-NL\"}]}<\/script>\n<!-- \/ Yoast SEO plugin. -->","yoast_head_json":{"title":"Autoverhuur in Roemeni\u00eb - Road to Romania","robots":{"index":"index","follow":"follow","max-snippet":"max-snippet:-1","max-image-preview":"max-image-preview:large","max-video-preview":"max-video-preview:-1"},"canonical":"https:\/\/roadtoromania.com\/nl\/autoverhuur-in-roemenie\/","og_locale":"nl_NL","og_type":"article","og_title":"Autoverhuur in Roemeni\u00eb - Road to Romania","og_description":"Roemeni\u00eb en RentalCars hebben hun krachten gebundeld om u de beste deal voor autoverhuur over de hele wereld te bieden. Met 4000 afhaallocaties wereldwijd, weten we zeker dat u vindt wat u nodig hebt. Gebruik de zoekmachine om een auto te huren in Roemeni\u00eb. Wij brengen geen kosten in rekening voor het maken of wijzigen &hellip; Autoverhuur in Roemeni\u00eb Lees verder \u00bb","og_url":"https:\/\/roadtoromania.com\/nl\/autoverhuur-in-roemenie\/","og_site_name":"Road to Romania","article_modified_time":"2022-10-22T09:42:45+00:00","twitter_card":"summary_large_image","twitter_misc":{"Geschatte leestijd":"2 minuten"},"schema":{"@context":"https:\/\/schema.org","@graph":[{"@type":"WebPage","@id":"https:\/\/roadtoromania.com\/nl\/autoverhuur-in-roemenie\/","url":"https:\/\/roadtoromania.com\/nl\/autoverhuur-in-roemenie\/","name":"Autoverhuur in Roemeni\u00eb - Road to Romania","isPartOf":{"@id":"https:\/\/roadtoromania.com\/nl\/#website"},"datePublished":"2022-10-15T18:40:09+00:00","dateModified":"2022-10-22T09:42:45+00:00","breadcrumb":{"@id":"https:\/\/roadtoromania.com\/nl\/autoverhuur-in-roemenie\/#breadcrumb"},"inLanguage":"nl-NL","potentialAction":[{"@type":"ReadAction","target":["https:\/\/roadtoromania.com\/nl\/autoverhuur-in-roemenie\/"]}]},{"@type":"BreadcrumbList","@id":"https:\/\/roadtoromania.com\/nl\/autoverhuur-in-roemenie\/#breadcrumb","itemListElement":[{"@type":"ListItem","position":1,"name":"Home","item":"https:\/\/roadtoromania.com\/nl\/"},{"@type":"ListItem","position":2,"name":"Autoverhuur in Roemeni\u00eb"}]},{"@type":"WebSite","@id":"https:\/\/roadtoromania.com\/nl\/#website","url":"https:\/\/roadtoromania.com\/nl\/","name":"Road to Romania","description":"De blog waar u alle informatie vindt om van Roemeni\u00eb te genieten.","potentialAction":[{"@type":"SearchAction","target":{"@type":"EntryPoint","urlTemplate":"https:\/\/roadtoromania.com\/nl\/?s={search_term_string}"},"query-input":"required name=search_term_string"}],"inLanguage":"nl-NL"}]}},"_links":{"self":[{"href":"https:\/\/roadtoromania.com\/nl\/wp-json\/wp\/v2\/pages\/3776","targetHints":{"allow":["GET"]}}],"collection":[{"href":"https:\/\/roadtoromania.com\/nl\/wp-json\/wp\/v2\/pages"}],"about":[{"href":"https:\/\/roadtoromania.com\/nl\/wp-json\/wp\/v2\/types\/page"}],"author":[{"embeddable":true,"href":"https:\/\/roadtoromania.com\/nl\/wp-json\/wp\/v2\/users\/1"}],"replies":[{"embeddable":true,"href":"https:\/\/roadtoromania.com\/nl\/wp-json\/wp\/v2\/comments?post=3776"}],"version-history":[{"count":0,"href":"https:\/\/roadtoromania.com\/nl\/wp-json\/wp\/v2\/pages\/3776\/revisions"}],"wp:attachment":[{"href":"https:\/\/roadtoromania.com\/nl\/wp-json\/wp\/v2\/media?parent=3776"}],"curies":[{"name":"wp","href":"https:\/\/api.w.org\/{rel}","templated":true}]}}